{"id":2756,"date":"2024-03-27T05:46:55","date_gmt":"2024-03-27T05:46:55","guid":{"rendered":"https:\/\/www.delcofluid.com\/?post_type=product&#038;p=2756"},"modified":"2025-02-27T06:53:15","modified_gmt":"2025-02-27T06:53:15","slug":"high-temperature-high-pressure-solenoid-valve","status":"publish","type":"product","link":"https:\/\/www.delcofluid.com\/es\/producto\/high-temperature-high-pressure-solenoid-valve\/","title":{"rendered":"V\u00e1lvula solenoide de alta presi\u00f3n y alta temperatura DELCO - DK08"},"content":{"rendered":"<div data-elementor-type=\"product-post\" data-elementor-id=\"2756\" class=\"elementor elementor-2756\" data-elementor-post-type=\"product\">\n\t\t\t\t<div class=\"elementor-element elementor-element-20539a1c e-con-full e-flex e-con e-parent\" data-id=\"20539a1c\" data-element_type=\"container\" data-e-type=\"container\" data-settings=\"{&quot;ekit_has_onepagescroll_dot&quot;:&quot;yes&quot;}\">\n\t\t<div class=\"elementor-element elementor-element-3316fa6 e-con-full e-flex e-con e-child\" data-id=\"3316fa6\" data-element_type=\"container\" data-e-type=\"container\" data-settings=\"{&quot;ekit_has_onepagescroll_dot&quot;:&quot;yes&quot;}\">\n\t\t\t\t<div class=\"elementor-element elementor-element-b8b3abc elementor-widget elementor-widget-heading\" data-id=\"b8b3abc\" data-element_type=\"widget\" data-e-type=\"widget\" data-settings=\"{&quot;ekit_we_effect_on&quot;:&quot;none&quot;}\" data-widget_type=\"heading.default\">\n\t\t\t\t<div class=\"elementor-widget-container\">\n\t\t\t\t\t<h2 class=\"elementor-heading-title elementor-size-default\">Descripci\u00f3n<\/h2>\t\t\t\t<\/div>\n\t\t\t\t<\/div>\n\t\t\t\t<div class=\"elementor-element elementor-element-4b43349d elementor-widget__width-initial elementor-widget elementor-widget-text-editor\" data-id=\"4b43349d\" data-element_type=\"widget\" data-e-type=\"widget\" data-settings=\"{&quot;ekit_we_effect_on&quot;:&quot;none&quot;}\" data-widget_type=\"text-editor.default\">\n\t\t\t\t<div class=\"elementor-widget-container\">\n\t\t\t\t\t\t\t\t\t<p>Con una construcci\u00f3n robusta y tecnolog\u00eda avanzada, nuestras v\u00e1lvulas solenoides ofrecen un funcionamiento sin problemas y una durabilidad excepcional en diversas aplicaciones industriales. Con conexiones de tuber\u00edas de entrada y salida, permiten una gesti\u00f3n eficiente del flujo de fluidos, lo que garantiza un funcionamiento suave y confiable en sus sistemas.<\/p>\t\t\t\t\t\t\t\t<\/div>\n\t\t\t\t<\/div>\n\t\t\t\t<div class=\"elementor-element elementor-element-f24d1e9 elementor-widget__width-initial elementor-widget elementor-widget-text-editor\" data-id=\"f24d1e9\" data-element_type=\"widget\" data-e-type=\"widget\" data-settings=\"{&quot;ekit_we_effect_on&quot;:&quot;none&quot;}\" data-widget_type=\"text-editor.default\">\n\t\t\t\t<div class=\"elementor-widget-container\">\n\t\t\t\t\t\t\t\t\t<p>Elija entre una variedad de configuraciones, que incluyen normalmente abiertas o normalmente cerradas, para satisfacer sus necesidades espec\u00edficas. Ya sea que necesite permitir o cerrar el flujo de fluido, nuestras v\u00e1lvulas solenoides de 2 v\u00edas y 2 posiciones brindan un rendimiento constante y un control preciso, lo que mejora la eficiencia y la productividad de sus operaciones.<\/p>\t\t\t\t\t\t\t\t<\/div>\n\t\t\t\t<\/div>\n\t\t\t\t<\/div>\n\t\t<div class=\"elementor-element elementor-element-e796ac0 e-con-full e-flex e-con e-child\" data-id=\"e796ac0\" data-element_type=\"container\" data-e-type=\"container\" data-settings=\"{&quot;ekit_has_onepagescroll_dot&quot;:&quot;yes&quot;}\">\n\t\t\t\t<div class=\"elementor-element elementor-element-7ddba38 elementor-widget__width-initial elementor-widget elementor-widget-image\" data-id=\"7ddba38\" data-element_type=\"widget\" data-e-type=\"widget\" data-settings=\"{&quot;ekit_we_effect_on&quot;:&quot;none&quot;}\" data-widget_type=\"image.default\">\n\t\t\t\t<div class=\"elementor-widget-container\">\n\t\t\t\t\t\t\t\t\t\t\t\t\t\t\t<img fetchpriority=\"high\" decoding=\"async\" width=\"1024\" height=\"1024\" src=\"https:\/\/www.delcofluid.com\/wp-content\/uploads\/2024\/03\/5-10-1024x1024.jpg\" class=\"attachment-large size-large wp-image-4490\" alt=\"DELCO High Temperature High Pressure Solenoid Valve\" srcset=\"https:\/\/www.delcofluid.com\/wp-content\/uploads\/2024\/03\/5-10-1024x1024.jpg 1024w, https:\/\/www.delcofluid.com\/wp-content\/uploads\/2024\/03\/5-10-300x300.jpg 300w, https:\/\/www.delcofluid.com\/wp-content\/uploads\/2024\/03\/5-10-150x150.jpg 150w, https:\/\/www.delcofluid.com\/wp-content\/uploads\/2024\/03\/5-10-768x768.jpg 768w, https:\/\/www.delcofluid.com\/wp-content\/uploads\/2024\/03\/5-10-1536x1536.jpg 1536w, https:\/\/www.delcofluid.com\/wp-content\/uploads\/2024\/03\/5-10-2048x2048.jpg 2048w, https:\/\/www.delcofluid.com\/wp-content\/uploads\/2024\/03\/5-10-600x600.jpg 600w, https:\/\/www.delcofluid.com\/wp-content\/uploads\/2024\/03\/5-10-100x100.jpg 100w\" sizes=\"(max-width: 1024px) 100vw, 1024px\" \/>\t\t\t\t\t\t\t\t\t\t\t\t\t\t\t<\/div>\n\t\t\t\t<\/div>\n\t\t\t\t<\/div>\n\t\t\t\t<\/div>\n\t\t<div class=\"elementor-element elementor-element-15c4c55 e-con-full e-flex e-con e-parent\" data-id=\"15c4c55\" data-element_type=\"container\" data-e-type=\"container\" data-settings=\"{&quot;background_background&quot;:&quot;classic&quot;,&quot;ekit_has_onepagescroll_dot&quot;:&quot;yes&quot;}\">\n\t\t\t\t<div class=\"elementor-element elementor-element-cf7446a elementor-widget elementor-widget-heading\" data-id=\"cf7446a\" data-element_type=\"widget\" data-e-type=\"widget\" data-settings=\"{&quot;ekit_we_effect_on&quot;:&quot;none&quot;}\" data-widget_type=\"heading.default\">\n\t\t\t\t<div class=\"elementor-widget-container\">\n\t\t\t\t\t<h2 class=\"elementor-heading-title elementor-size-default\">Par\u00e1metros t\u00e9cnicos de las v\u00e1lvulas solenoides de 2 v\u00edas y 2 posiciones<\/h2>\t\t\t\t<\/div>\n\t\t\t\t<\/div>\n\t\t\t\t<\/div>\n\t\t<div class=\"elementor-element elementor-element-e2b9db7 e-con-full e-flex e-con e-parent\" data-id=\"e2b9db7\" data-element_type=\"container\" data-e-type=\"container\" data-settings=\"{&quot;ekit_has_onepagescroll_dot&quot;:&quot;yes&quot;}\">\n\t\t\t\t<div class=\"elementor-element elementor-element-abe663e elementor-widget__width-initial elementor-widget elementor-widget-text-editor\" data-id=\"abe663e\" data-element_type=\"widget\" data-e-type=\"widget\" data-settings=\"{&quot;ekit_we_effect_on&quot;:&quot;none&quot;}\" data-widget_type=\"text-editor.default\">\n\t\t\t\t<div class=\"elementor-widget-container\">\n\t\t\t\t\t\t\t\t\t<table style=\"border-collapse: collapse; width: 930.02pt;\" border=\"0\" width=\"928\" cellspacing=\"0\" cellpadding=\"0\">\n<tbody>\n<tr style=\"height: 15.75pt;\">\n<td class=\"et2\" style=\"height: 15.75pt; width: 143.25pt;\" width=\"191\" height=\"21\">Tama\u00f1o del puerto<\/td>\n<td class=\"et2\" style=\"width: 158.25pt;\" width=\"211\">Hilo de puerto<\/td>\n<td class=\"et2\" style=\"width: 137.25pt;\" width=\"183\">Presi\u00f3n<\/td>\n<td class=\"et2\" style=\"width: 150.75pt;\" width=\"201\">Temperatura del medio<\/td>\n<td class=\"et2\" style=\"width: 106.50pt;\" width=\"142\">Material<\/td>\n<\/tr>\n<tr style=\"height: 30.00pt;\">\n<td class=\"et3\" style=\"height: 30.00pt; width: 143.25pt;\" width=\"191\" height=\"40\">1\/2\u2033, 3\/4\u2033, 1\u2033, 1\u00bc\u201d, 1\u00bd\u201d, 2\u2033<\/td>\n<td class=\"et3\" style=\"width: 158.25pt;\" width=\"211\">BSPP, BSPT, NPT, BRIDA<\/td>\n<td class=\"et3\" style=\"width: 137.25pt;\" width=\"183\">0,03 MPa-1,0 MPa, 0,03 MPa-2,5 MPa<\/td>\n<td class=\"et3\" style=\"width: 150.75pt;\" width=\"201\">-10 ~ 180 \u2103; -10 ~ 220 \u2103<\/td>\n<td class=\"et3\" style=\"width: 106.50pt;\" width=\"142\">Acero inoxidable<\/td>\n<\/tr>\n<tr style=\"height: 15.75pt;\">\n<td class=\"et2\" style=\"height: 15.75pt; width: 143.25pt;\" width=\"191\" height=\"21\">Orificio (mm)<\/td>\n<td class=\"et2\" style=\"width: 158.25pt;\" width=\"211\">Funci\u00f3n<\/td>\n<td class=\"et2\" style=\"width: 137.25pt;\" width=\"183\">Voltaje<\/td>\n<td class=\"et2\" style=\"width: 150.75pt;\" width=\"201\">Medios adecuados<\/td>\n<td class=\"et2\" style=\"width: 106.50pt;\" width=\"142\">Material de sellado<\/td>\n<\/tr>\n<tr style=\"height: 45.00pt;\">\n<td class=\"et3\" style=\"height: 45.00pt; width: 143.25pt;\" width=\"191\" height=\"60\">10,15, 20, 25, 32, 40, 50<\/td>\n<td class=\"et3\" style=\"width: 158.25pt;\" width=\"211\">Normalmente cerrado o abierto<\/td>\n<td class=\"et3\" style=\"width: 137.25pt;\" width=\"183\">CC-12 V, 24 V; CA-24 V, 120 V, 240 V\/60 Hz; 110 V, 220 V\/50 Hz<\/td>\n<td class=\"et3\" style=\"width: 150.75pt;\" width=\"201\">Tallo, agua caliente, gas civil, petr\u00f3leo.<\/td>\n<td class=\"et3\" style=\"width: 106.50pt;\" width=\"142\">PTFE, VIT\u00d3N<\/td>\n<\/tr>\n<\/tbody>\n<\/table>\t\t\t\t\t\t\t\t<\/div>\n\t\t\t\t<\/div>\n\t\t\t\t<\/div>\n\t\t<div class=\"elementor-element elementor-element-0b18e32 e-flex e-con-boxed e-con e-parent\" data-id=\"0b18e32\" data-element_type=\"container\" data-e-type=\"container\" data-settings=\"{&quot;ekit_has_onepagescroll_dot&quot;:&quot;yes&quot;}\">\n\t\t\t\t\t<div class=\"e-con-inner\">\n\t\t\t\t<div class=\"elementor-element elementor-element-c6975fe elementor-widget elementor-widget-heading\" data-id=\"c6975fe\" data-element_type=\"widget\" data-e-type=\"widget\" data-settings=\"{&quot;ekit_we_effect_on&quot;:&quot;none&quot;}\" data-widget_type=\"heading.default\">\n\t\t\t\t<div class=\"elementor-widget-container\">\n\t\t\t\t\t<h2 class=\"elementor-heading-title elementor-size-default\">V\u00e1lvulas solenoides de 2 v\u00edas y 2 posiciones Caracter\u00edsticas del producto:<\/h2>\t\t\t\t<\/div>\n\t\t\t\t<\/div>\n\t\t\t\t<div class=\"elementor-element elementor-element-a2c23a1 elementor-widget elementor-widget-text-editor\" data-id=\"a2c23a1\" data-element_type=\"widget\" data-e-type=\"widget\" data-settings=\"{&quot;ekit_we_effect_on&quot;:&quot;none&quot;}\" data-widget_type=\"text-editor.default\">\n\t\t\t\t<div class=\"elementor-widget-container\">\n\t\t\t\t\t\t\t\t\t<p>Nuestras v\u00e1lvulas solenoides de 2 v\u00edas y 2 posiciones ofrecen una multitud de ventajas y caracter\u00edsticas de alto rendimiento, lo que las convierte en la opci\u00f3n ideal para sus necesidades de control de fluidos:<\/p>\t\t\t\t\t\t\t\t<\/div>\n\t\t\t\t<\/div>\n\t\t\t\t<div class=\"elementor-element elementor-element-fab2721 elementor-widget elementor-widget-text-editor\" data-id=\"fab2721\" data-element_type=\"widget\" data-e-type=\"widget\" data-settings=\"{&quot;ekit_we_effect_on&quot;:&quot;none&quot;}\" data-widget_type=\"text-editor.default\">\n\t\t\t\t<div class=\"elementor-widget-container\">\n\t\t\t\t\t\t\t\t\t<ol><li><p><strong>Control confiable de fluidos<\/strong>Dise\u00f1adas con precisi\u00f3n, nuestras v\u00e1lvulas solenoides garantizan un control confiable del flujo de l\u00edquido o gas, proporcionando un rendimiento constante en diversas aplicaciones industriales.<\/p><\/li><li><p><strong>Construcci\u00f3n duradera<\/strong>Fabricadas con materiales de alta calidad, nuestras v\u00e1lvulas cuentan con una construcci\u00f3n robusta, lo que garantiza una larga duraci\u00f3n y resistencia a la corrosi\u00f3n, el desgaste y el deterioro incluso en entornos exigentes.<\/p><\/li><li><p><strong>Operaci\u00f3n eficiente<\/strong>Equipadas con tecnolog\u00eda avanzada, nuestras v\u00e1lvulas solenoides ofrecen un funcionamiento eficiente, permitiendo tiempos de respuesta r\u00e1pidos y una modulaci\u00f3n precisa de los caudales para cumplir con los requisitos espec\u00edficos del proceso.<\/p><\/li><li><p><strong>Amplia compatibilidad<\/strong>Dise\u00f1adas para adaptarse a una variedad de medios, incluidos agua, aire, gas natural y petr\u00f3leo, nuestras v\u00e1lvulas son vers\u00e1tiles y compatibles con diversos sistemas de manejo de fluidos.<\/p><\/li><li><p><strong>Configuraciones flexibles<\/strong>:Disponibles en configuraciones normalmente abiertas y normalmente cerradas, nuestras v\u00e1lvulas solenoides ofrecen flexibilidad para adaptarse a diferentes necesidades de aplicaci\u00f3n, lo que le permite elegir la configuraci\u00f3n ideal para sus requisitos espec\u00edficos.<\/p><\/li><li><p><strong>F\u00e1cil instalaci\u00f3n y mantenimiento<\/strong>Con dise\u00f1os f\u00e1ciles de usar, nuestras v\u00e1lvulas son f\u00e1ciles de instalar y mantener, lo que minimiza el tiempo de inactividad y garantiza un funcionamiento sin complicaciones durante todo su ciclo de vida.<\/p><\/li><li><p><strong>Marcas l\u00edderes en la industria<\/strong>Al asociarnos con las mejores marcas como ASCO, ofrecemos v\u00e1lvulas solenoides conocidas por su confiabilidad, rendimiento y reputaci\u00f3n en la industria.<\/p><\/li><\/ol>\t\t\t\t\t\t\t\t<\/div>\n\t\t\t\t<\/div>\n\t\t\t\t<div class=\"elementor-element elementor-element-e2e6cf1 elementor-widget elementor-widget-text-editor\" data-id=\"e2e6cf1\" data-element_type=\"widget\" data-e-type=\"widget\" data-settings=\"{&quot;ekit_we_effect_on&quot;:&quot;none&quot;}\" data-widget_type=\"text-editor.default\">\n\t\t\t\t<div class=\"elementor-widget-container\">\n\t\t\t\t\t\t\t\t\t<p>Experimente la calidad, el rendimiento y la confiabilidad superiores de nuestras v\u00e1lvulas solenoides de 2 v\u00edas y 2 posiciones. Cont\u00e1ctenos hoy para descubrir c\u00f3mo nuestras v\u00e1lvulas pueden optimizar sus procesos de control de fluidos y mejorar su eficiencia operativa.<\/p>\t\t\t\t\t\t\t\t<\/div>\n\t\t\t\t<\/div>\n\t\t\t\t\t<\/div>\n\t\t\t\t<\/div>\n\t\t\t\t<\/div>","protected":false},"excerpt":{"rendered":"<p>El texto enumera varias opciones de voltaje disponibles para la v\u00e1lvula solenoide de alta presi\u00f3n y alta temperatura, que incluyen configuraciones de CC y CA. Las opciones de CC son 12 V y 24 V, mientras que las alternativas de CA son amplias e incluyen 24 V, 120 V y 240 V a 60 Hz, junto con 110 V y 220 V a 50 Hz.<br \/>\nEn t\u00e9rminos de compatibilidad con diversos medios, la v\u00e1lvula est\u00e1 dise\u00f1ada para manejar varios tipos, entre ellos vapor, agua caliente, gas civil y petr\u00f3leo. Esta versatilidad garantiza que se pueda utilizar en una variedad de entornos y con m\u00faltiples tipos de fluidos y gases.<\/p>\n<ul>\n<li>Modelo: DK08<\/li>\n<li>Rango de tama\u00f1o: 1\/2\u201d~2\u201d<\/li>\n<li>Rango de presi\u00f3n: 0 bar-25 bar<\/li>\n<li>Material: Acero inoxidable 304\/316<\/li>\n<\/ul>","protected":false},"featured_media":6935,"template":"","meta":{"site-sidebar-layout":"default","site-content-layout":"","ast-site-content-layout":"default","site-content-style":"default","site-sidebar-style":"default","ast-global-header-display":"","ast-banner-title-visibility":"","ast-main-header-display":"","ast-hfb-above-header-display":"","ast-hfb-below-header-display":"","ast-hfb-mobile-header-display":"","site-post-title":"","ast-breadcrumbs-content":"","ast-featured-img":"","footer-sml-layout":"","ast-disable-related-posts":"","theme-transparent-header-meta":"default","adv-header-id-meta":"","stick-header-meta":"","header-above-stick-meta":"","header-main-stick-meta":"","header-below-stick-meta":"","astra-migrate-meta-layouts":"set","ast-page-background-enabled":"default","ast-page-background-meta":{"desktop":{"background-color":"var(--ast-global-color-4)","background-image":"","background-repeat":"repeat","background-position":"center center","background-size":"auto","background-attachment":"scroll","background-type":"","background-media":"","overlay-type":"","overlay-color":"","overlay-opacity":"","overlay-gradient":""},"tablet":{"background-color":"","background-image":"","background-repeat":"repeat","background-position":"center center","background-size":"auto","background-attachment":"scroll","background-type":"","background-media":"","overlay-type":"","overlay-color":"","overlay-opacity":"","overlay-gradient":""},"mobile":{"background-color":"","background-image":"","background-repeat":"repeat","background-position":"center center","background-size":"auto","background-attachment":"scroll","background-type":"","background-media":"","overlay-type":"","overlay-color":"","overlay-opacity":"","overlay-gradient":""}},"ast-content-background-meta":{"desktop":{"background-color":"var(--ast-global-color-5)","background-image":"","background-repeat":"repeat","background-position":"center center","background-size":"auto","background-attachment":"scroll","background-type":"","background-media":"","overlay-type":"","overlay-color":"","overlay-opacity":"","overlay-gradient":""},"tablet":{"background-color":"var(--ast-global-color-5)","background-image":"","background-repeat":"repeat","background-position":"center center","background-size":"auto","background-attachment":"scroll","background-type":"","background-media":"","overlay-type":"","overlay-color":"","overlay-opacity":"","overlay-gradient":""},"mobile":{"background-color":"var(--ast-global-color-5)","background-image":"","background-repeat":"repeat","background-position":"center center","background-size":"auto","background-attachment":"scroll","background-type":"","background-media":"","overlay-type":"","overlay-color":"","overlay-opacity":"","overlay-gradient":""}}},"product_brand":[],"product_cat":[714,33,37],"product_tag":[157,155,158,156,160,159,73,56],"class_list":{"0":"post-2756","1":"product","2":"type-product","3":"status-publish","4":"has-post-thumbnail","6":"product_cat-pilot-operated-solenoid-valve","7":"product_cat-products","8":"product_cat-solenoid-valves","9":"product_tag-2-way-2-position-solenoid-valve","10":"product_tag-2-way-2-position-solenoid-valves","11":"product_tag-solenoid-valve","12":"product_tag-solenoid-valves","13":"product_tag-two-way-solenoid-valve","14":"product_tag-two-way-solenoid-valves","15":"product_tag-valve","16":"product_tag-valves","17":"desktop-align-center","18":"tablet-align-left","19":"mobile-align-left","21":"first","22":"instock","23":"shipping-taxable","24":"product-type-simple"},"_links":{"self":[{"href":"https:\/\/www.delcofluid.com\/es\/wp-json\/wp\/v2\/product\/2756","targetHints":{"allow":["GET"]}}],"collection":[{"href":"https:\/\/www.delcofluid.com\/es\/wp-json\/wp\/v2\/product"}],"about":[{"href":"https:\/\/www.delcofluid.com\/es\/wp-json\/wp\/v2\/types\/product"}],"version-history":[{"count":0,"href":"https:\/\/www.delcofluid.com\/es\/wp-json\/wp\/v2\/product\/2756\/revisions"}],"wp:featuredmedia":[{"embeddable":true,"href":"https:\/\/www.delcofluid.com\/es\/wp-json\/wp\/v2\/media\/6935"}],"wp:attachment":[{"href":"https:\/\/www.delcofluid.com\/es\/wp-json\/wp\/v2\/media?parent=2756"}],"wp:term":[{"taxonomy":"product_brand","embeddable":true,"href":"https:\/\/www.delcofluid.com\/es\/wp-json\/wp\/v2\/product_brand?post=2756"},{"taxonomy":"product_cat","embeddable":true,"href":"https:\/\/www.delcofluid.com\/es\/wp-json\/wp\/v2\/product_cat?post=2756"},{"taxonomy":"product_tag","embeddable":true,"href":"https:\/\/www.delcofluid.com\/es\/wp-json\/wp\/v2\/product_tag?post=2756"}],"curies":[{"name":"wp","href":"https:\/\/api.w.org\/{rel}","templated":true}]}}