{"id":2779,"date":"2024-03-27T06:50:37","date_gmt":"2024-03-27T06:50:37","guid":{"rendered":"https:\/\/www.delcofluid.com\/?post_type=product&#038;p=2779"},"modified":"2024-08-02T04:04:18","modified_gmt":"2024-08-02T03:04:18","slug":"hard-cast-steel-seal-wafer-butterfly-valves","status":"publish","type":"product","link":"https:\/\/www.delcofluid.com\/es\/producto\/hard-cast-steel-seal-wafer-butterfly-valves\/","title":{"rendered":"V\u00e1lvulas de mariposa con sello de fundici\u00f3n dura tipo wafer - DK56-WB-G"},"content":{"rendered":"<div data-elementor-type=\"product-post\" data-elementor-id=\"2779\" class=\"elementor elementor-2779\" data-elementor-post-type=\"product\">\n\t\t\t\t<div class=\"elementor-element elementor-element-20539a1c e-con-full e-flex e-con e-parent\" data-id=\"20539a1c\" data-element_type=\"container\" data-e-type=\"container\" data-settings=\"{&quot;ekit_has_onepagescroll_dot&quot;:&quot;yes&quot;}\">\n\t\t<div class=\"elementor-element elementor-element-3316fa6 e-con-full e-flex e-con e-child\" data-id=\"3316fa6\" data-element_type=\"container\" data-e-type=\"container\" data-settings=\"{&quot;ekit_has_onepagescroll_dot&quot;:&quot;yes&quot;}\">\n\t\t\t\t<div class=\"elementor-element elementor-element-b8b3abc elementor-widget elementor-widget-heading\" data-id=\"b8b3abc\" data-element_type=\"widget\" data-e-type=\"widget\" data-settings=\"{&quot;ekit_we_effect_on&quot;:&quot;none&quot;}\" data-widget_type=\"heading.default\">\n\t\t\t\t<div class=\"elementor-widget-container\">\n\t\t\t\t\t<h2 class=\"elementor-heading-title elementor-size-default\">Descripci\u00f3n<\/h2>\t\t\t\t<\/div>\n\t\t\t\t<\/div>\n\t\t\t\t<div class=\"elementor-element elementor-element-4b43349d elementor-widget__width-initial elementor-widget elementor-widget-text-editor\" data-id=\"4b43349d\" data-element_type=\"widget\" data-e-type=\"widget\" data-settings=\"{&quot;ekit_we_effect_on&quot;:&quot;none&quot;}\" data-widget_type=\"text-editor.default\">\n\t\t\t\t<div class=\"elementor-widget-container\">\n\t\t\t\t\t\t\t\t\t<p>La v\u00e1lvula de mariposa tipo wafer est\u00e1 formada por muchas piezas adicionales. Estas son el cuerpo, el sello, la empaquetadura, el v\u00e1stago, el actuador y el asiento el\u00e1stico. Para crear el sello ideal, el asiento el\u00e1stico se coloca en el cuerpo de la v\u00e1lvula. En caso de que el asiento el\u00e1stico se da\u00f1e, la empaquetadura ofrece un sello adicional.<\/p>\t\t\t\t\t\t\t\t<\/div>\n\t\t\t\t<\/div>\n\t\t\t\t<div class=\"elementor-element elementor-element-f24d1e9 elementor-widget__width-initial elementor-widget elementor-widget-text-editor\" data-id=\"f24d1e9\" data-element_type=\"widget\" data-e-type=\"widget\" data-settings=\"{&quot;ekit_we_effect_on&quot;:&quot;none&quot;}\" data-widget_type=\"text-editor.default\">\n\t\t\t\t<div class=\"elementor-widget-container\">\n\t\t\t\t\t\t\t\t\t<p>Existen varias configuraciones para las v\u00e1lvulas de mariposa industriales. Seg\u00fan el m\u00e9todo, algunas funcionan manualmente mientras que otras lo hacen electr\u00f3nicamente. Tambi\u00e9n vienen en varios estilos, que se pueden adquirir a trav\u00e9s de un proveedor de v\u00e1lvulas industriales. Hay algunas que ofrecen un rendimiento excelente en succiones frontales y l\u00edneas de bombas de gran tama\u00f1o.<\/p>\t\t\t\t\t\t\t\t<\/div>\n\t\t\t\t<\/div>\n\t\t\t\t<\/div>\n\t\t<div class=\"elementor-element elementor-element-e796ac0 e-con-full e-flex e-con e-child\" data-id=\"e796ac0\" data-element_type=\"container\" data-e-type=\"container\" data-settings=\"{&quot;ekit_has_onepagescroll_dot&quot;:&quot;yes&quot;}\">\n\t\t\t\t<div class=\"elementor-element elementor-element-7ddba38 elementor-widget__width-initial elementor-widget elementor-widget-image\" data-id=\"7ddba38\" data-element_type=\"widget\" data-e-type=\"widget\" data-settings=\"{&quot;ekit_we_effect_on&quot;:&quot;none&quot;}\" data-widget_type=\"image.default\">\n\t\t\t\t<div class=\"elementor-widget-container\">\n\t\t\t\t\t\t\t\t\t\t\t\t\t\t\t<img fetchpriority=\"high\" decoding=\"async\" width=\"1024\" height=\"549\" src=\"https:\/\/www.delcofluid.com\/wp-content\/uploads\/2024\/03\/z4-8-1024x549.jpg\" class=\"attachment-large size-large wp-image-2857\" alt=\"Butterfly Valves\" srcset=\"https:\/\/www.delcofluid.com\/wp-content\/uploads\/2024\/03\/z4-8-1024x549.jpg 1024w, https:\/\/www.delcofluid.com\/wp-content\/uploads\/2024\/03\/z4-8-600x321.jpg 600w, https:\/\/www.delcofluid.com\/wp-content\/uploads\/2024\/03\/z4-8-300x161.jpg 300w, https:\/\/www.delcofluid.com\/wp-content\/uploads\/2024\/03\/z4-8-768x412.jpg 768w, https:\/\/www.delcofluid.com\/wp-content\/uploads\/2024\/03\/z4-8.jpg 1284w\" sizes=\"(max-width: 1024px) 100vw, 1024px\" \/>\t\t\t\t\t\t\t\t\t\t\t\t\t\t\t<\/div>\n\t\t\t\t<\/div>\n\t\t\t\t<\/div>\n\t\t\t\t<\/div>\n\t\t<div class=\"elementor-element elementor-element-15c4c55 e-con-full e-flex e-con e-parent\" data-id=\"15c4c55\" data-element_type=\"container\" data-e-type=\"container\" data-settings=\"{&quot;background_background&quot;:&quot;classic&quot;,&quot;ekit_has_onepagescroll_dot&quot;:&quot;yes&quot;}\">\n\t\t\t\t<div class=\"elementor-element elementor-element-cf7446a elementor-widget elementor-widget-heading\" data-id=\"cf7446a\" data-element_type=\"widget\" data-e-type=\"widget\" data-settings=\"{&quot;ekit_we_effect_on&quot;:&quot;none&quot;}\" data-widget_type=\"heading.default\">\n\t\t\t\t<div class=\"elementor-widget-container\">\n\t\t\t\t\t<h2 class=\"elementor-heading-title elementor-size-default\">Par\u00e1metros t\u00e9cnicos de las v\u00e1lvulas de mariposa con sello de fundici\u00f3n dura<\/h2>\t\t\t\t<\/div>\n\t\t\t\t<\/div>\n\t\t\t\t<\/div>\n\t\t<div class=\"elementor-element elementor-element-e2b9db7 e-con-full e-flex e-con e-parent\" data-id=\"e2b9db7\" data-element_type=\"container\" data-e-type=\"container\" data-settings=\"{&quot;ekit_has_onepagescroll_dot&quot;:&quot;yes&quot;}\">\n\t\t\t\t<div class=\"elementor-element elementor-element-abe663e elementor-widget__width-initial elementor-widget elementor-widget-text-editor\" data-id=\"abe663e\" data-element_type=\"widget\" data-e-type=\"widget\" data-settings=\"{&quot;ekit_we_effect_on&quot;:&quot;none&quot;}\" data-widget_type=\"text-editor.default\">\n\t\t\t\t<div class=\"elementor-widget-container\">\n\t\t\t\t\t\t\t\t\t<table border=\"0\" width=\"288\" cellspacing=\"0\" cellpadding=\"0\"><tbody><tr><td class=\"et2\" colspan=\"2\" width=\"144\" height=\"22\">Cuerpo<\/td><td class=\"et2\" colspan=\"2\" width=\"144\">Componentes de la v\u00e1lvula<\/td><\/tr><tr><td class=\"et3\" width=\"72\" height=\"32\">Rango de tallas<\/td><td class=\"et4\" width=\"72\">DN50 ~ DN400<\/td><td class=\"et3\" width=\"72\">Material de sellado<\/td><td class=\"et4\" width=\"72\">Tefl\u00f3n<\/td><\/tr><tr><td class=\"et3\" width=\"72\" height=\"32\">Material del cuerpo<\/td><td class=\"et4\" width=\"72\">Hierro fundido, acero inoxidable, WCB<\/td><td class=\"et3\" width=\"72\">Material del n\u00facleo<\/td><td class=\"et4\" width=\"72\">Acero inoxidable<\/td><\/tr><tr><td class=\"et3\" width=\"72\" height=\"22\">Finalizar conexi\u00f3n<\/td><td class=\"et4\" width=\"72\">Oblea, brida<\/td><td class=\"et3\" width=\"72\">Material del tallo<\/td><td class=\"et4\" width=\"72\">Acero inoxidable<\/td><\/tr><tr><td class=\"et3\" width=\"72\" height=\"30\">Presi\u00f3n de funcionamiento<\/td><td class=\"et4\" width=\"72\">1,0, 2,5 MPa<\/td><td class=\"et5\" rowspan=\"2\" width=\"72\">Medios aplicables<\/td><td class=\"et4\" rowspan=\"2\" width=\"72\">Agua, aceite, gas, l\u00edquido, vapor, polvo, base anticorrosiva.<\/td><\/tr><\/tbody><\/table>\t\t\t\t\t\t\t\t<\/div>\n\t\t\t\t<\/div>\n\t\t\t\t<\/div>\n\t\t<div class=\"elementor-element elementor-element-0b18e32 e-flex e-con-boxed e-con e-parent\" data-id=\"0b18e32\" data-element_type=\"container\" data-e-type=\"container\" data-settings=\"{&quot;ekit_has_onepagescroll_dot&quot;:&quot;yes&quot;}\">\n\t\t\t\t\t<div class=\"e-con-inner\">\n\t\t\t\t<div class=\"elementor-element elementor-element-c6975fe elementor-widget elementor-widget-heading\" data-id=\"c6975fe\" data-element_type=\"widget\" data-e-type=\"widget\" data-settings=\"{&quot;ekit_we_effect_on&quot;:&quot;none&quot;}\" data-widget_type=\"heading.default\">\n\t\t\t\t<div class=\"elementor-widget-container\">\n\t\t\t\t\t<h2 class=\"elementor-heading-title elementor-size-default\">Ventajas de las v\u00e1lvulas de mariposa tipo wafer<\/h2>\t\t\t\t<\/div>\n\t\t\t\t<\/div>\n\t\t\t\t<div class=\"elementor-element elementor-element-a2c23a1 elementor-widget elementor-widget-text-editor\" data-id=\"a2c23a1\" data-element_type=\"widget\" data-e-type=\"widget\" data-settings=\"{&quot;ekit_we_effect_on&quot;:&quot;none&quot;}\" data-widget_type=\"text-editor.default\">\n\t\t\t\t<div class=\"elementor-widget-container\">\n\t\t\t\t\t\t\t\t\t<p>Estas son las principales ventajas de las v\u00e1lvulas de mariposa:<\/p>\t\t\t\t\t\t\t\t<\/div>\n\t\t\t\t<\/div>\n\t\t\t\t<div class=\"elementor-element elementor-element-fab2721 elementor-widget elementor-widget-text-editor\" data-id=\"fab2721\" data-element_type=\"widget\" data-e-type=\"widget\" data-settings=\"{&quot;ekit_we_effect_on&quot;:&quot;none&quot;}\" data-widget_type=\"text-editor.default\">\n\t\t\t\t<div class=\"elementor-widget-container\">\n\t\t\t\t\t\t\t\t\t<p>El medio que fluye puede viajar a trav\u00e9s de un disco de mariposa aerodin\u00e1mico sin experimentar una reducci\u00f3n significativa de presi\u00f3n o restricci\u00f3n de flujo.<\/p><p>Las v\u00e1lvulas de mariposa son de acci\u00f3n r\u00e1pida; para cambiar la v\u00e1lvula de la posici\u00f3n completamente abierta a la posici\u00f3n completamente cerrada, solo es necesario mover el v\u00e1stago 90 grados (1\/4 de vuelta).<\/p><p>El dise\u00f1o de la v\u00e1lvula de mariposa est\u00e1 bien adaptado para la regulaci\u00f3n del flujo y no produce mucho flujo turbulento cuando est\u00e1 ligeramente abierta o cerrada.<\/p><p>Las v\u00e1lvulas de mariposa son m\u00e1s apropiadas para aplicaciones m\u00e1s grandes, ya que suelen ser menos costosas y no m\u00e1s pesadas.<\/p>\t\t\t\t\t\t\t\t<\/div>\n\t\t\t\t<\/div>\n\t\t\t\t\t<\/div>\n\t\t\t\t<\/div>\n\t\t<div class=\"elementor-element elementor-element-44f21df6 e-con-full e-flex e-con e-parent\" data-id=\"44f21df6\" data-element_type=\"container\" data-e-type=\"container\" data-settings=\"{&quot;background_background&quot;:&quot;classic&quot;,&quot;ekit_has_onepagescroll_dot&quot;:&quot;yes&quot;}\">\n\t\t\t\t<div class=\"elementor-element elementor-element-661968e2 elementor-widget elementor-widget-heading\" data-id=\"661968e2\" data-element_type=\"widget\" data-e-type=\"widget\" data-settings=\"{&quot;ekit_we_effect_on&quot;:&quot;none&quot;}\" data-widget_type=\"heading.default\">\n\t\t\t\t<div class=\"elementor-widget-container\">\n\t\t\t\t\t<h2 class=\"elementor-heading-title elementor-size-default\">Actuador el\u00e9ctrico:<\/h2>\t\t\t\t<\/div>\n\t\t\t\t<\/div>\n\t\t\t\t<\/div>\n\t\t<div class=\"elementor-element elementor-element-29c98da8 e-flex e-con-boxed e-con e-parent\" data-id=\"29c98da8\" data-element_type=\"container\" data-e-type=\"container\" data-settings=\"{&quot;ekit_has_onepagescroll_dot&quot;:&quot;yes&quot;}\">\n\t\t\t\t\t<div class=\"e-con-inner\">\n\t\t<div class=\"elementor-element elementor-element-24d0d7fe e-flex e-con-boxed e-con e-child\" data-id=\"24d0d7fe\" data-element_type=\"container\" data-e-type=\"container\" data-settings=\"{&quot;ekit_has_onepagescroll_dot&quot;:&quot;yes&quot;}\">\n\t\t\t\t\t<div class=\"e-con-inner\">\n\t\t<div class=\"elementor-element elementor-element-6a991f18 e-con-full e-flex e-con e-child\" data-id=\"6a991f18\" data-element_type=\"container\" data-e-type=\"container\" data-settings=\"{&quot;ekit_has_onepagescroll_dot&quot;:&quot;yes&quot;}\">\n\t\t\t\t<div class=\"elementor-element elementor-element-1c5ff5fb elementor-widget elementor-widget-image\" data-id=\"1c5ff5fb\" data-element_type=\"widget\" data-e-type=\"widget\" data-settings=\"{&quot;ekit_we_effect_on&quot;:&quot;none&quot;}\" data-widget_type=\"image.default\">\n\t\t\t\t<div class=\"elementor-widget-container\">\n\t\t\t\t\t\t\t\t\t\t\t\t\t\t\t<img decoding=\"async\" width=\"1024\" height=\"563\" src=\"https:\/\/www.delcofluid.com\/wp-content\/uploads\/2024\/03\/Plastic-Butterfly-Valve.jpg\" class=\"attachment-large size-large wp-image-3768\" alt=\"Plastic Butterfly Valve\" srcset=\"https:\/\/www.delcofluid.com\/wp-content\/uploads\/2024\/03\/Plastic-Butterfly-Valve.jpg 1024w, https:\/\/www.delcofluid.com\/wp-content\/uploads\/2024\/03\/Plastic-Butterfly-Valve-300x165.jpg 300w, https:\/\/www.delcofluid.com\/wp-content\/uploads\/2024\/03\/Plastic-Butterfly-Valve-768x422.jpg 768w, https:\/\/www.delcofluid.com\/wp-content\/uploads\/2024\/03\/Plastic-Butterfly-Valve-600x330.jpg 600w\" sizes=\"(max-width: 1024px) 100vw, 1024px\" \/>\t\t\t\t\t\t\t\t\t\t\t\t\t\t\t<\/div>\n\t\t\t\t<\/div>\n\t\t\t\t<\/div>\n\t\t<div class=\"elementor-element elementor-element-392374be e-con-full e-flex e-con e-child\" data-id=\"392374be\" data-element_type=\"container\" data-e-type=\"container\" data-settings=\"{&quot;ekit_has_onepagescroll_dot&quot;:&quot;yes&quot;}\">\n\t\t\t\t<div class=\"elementor-element elementor-element-7e6944f3 elementor-widget elementor-widget-image\" data-id=\"7e6944f3\" data-element_type=\"widget\" data-e-type=\"widget\" data-settings=\"{&quot;ekit_we_effect_on&quot;:&quot;none&quot;}\" data-widget_type=\"image.default\">\n\t\t\t\t<div class=\"elementor-widget-container\">\n\t\t\t\t\t\t\t\t\t\t\t\t\t\t\t<img decoding=\"async\" width=\"1024\" height=\"563\" src=\"https:\/\/www.delcofluid.com\/wp-content\/uploads\/2024\/03\/Electric-Actuator06-1024x563.jpg\" class=\"attachment-large size-large wp-image-2608\" alt=\"Electric Actuator\" srcset=\"https:\/\/www.delcofluid.com\/wp-content\/uploads\/2024\/03\/Electric-Actuator06-1024x563.jpg 1024w, https:\/\/www.delcofluid.com\/wp-content\/uploads\/2024\/03\/Electric-Actuator06-600x330.jpg 600w, https:\/\/www.delcofluid.com\/wp-content\/uploads\/2024\/03\/Electric-Actuator06-300x165.jpg 300w, https:\/\/www.delcofluid.com\/wp-content\/uploads\/2024\/03\/Electric-Actuator06-768x422.jpg 768w, https:\/\/www.delcofluid.com\/wp-content\/uploads\/2024\/03\/Electric-Actuator06.jpg 1500w\" sizes=\"(max-width: 1024px) 100vw, 1024px\" \/>\t\t\t\t\t\t\t\t\t\t\t\t\t\t\t<\/div>\n\t\t\t\t<\/div>\n\t\t\t\t<\/div>\n\t\t\t\t\t<\/div>\n\t\t\t\t<\/div>\n\t\t\t\t\t<\/div>\n\t\t\t\t<\/div>\n\t\t<div class=\"elementor-element elementor-element-12df9766 e-flex e-con-boxed e-con e-parent\" data-id=\"12df9766\" data-element_type=\"container\" data-e-type=\"container\" data-settings=\"{&quot;ekit_has_onepagescroll_dot&quot;:&quot;yes&quot;}\">\n\t\t\t\t\t<div class=\"e-con-inner\">\n\t\t\t\t<div class=\"elementor-element elementor-element-165f8b8b elementor-widget elementor-widget-text-editor\" data-id=\"165f8b8b\" data-element_type=\"widget\" data-e-type=\"widget\" data-settings=\"{&quot;ekit_we_effect_on&quot;:&quot;none&quot;}\" data-widget_type=\"text-editor.default\">\n\t\t\t\t<div class=\"elementor-widget-container\">\n\t\t\t\t\t\t\t\t\t<p><span style=\"color: #000000\"><strong>Actuador el\u00e9ctrico tipo ON\/OFF:<\/strong><\/span> Este actuador, que cuenta con una rotaci\u00f3n de 90 grados, ofrece alimentaci\u00f3n de CA\/CC, control de se\u00f1ales y funciones de anulaci\u00f3n manual. Con un alto par de hasta 4000 Nm, garantiza un rendimiento confiable en entornos exigentes.<\/p>\t\t\t\t\t\t\t\t<\/div>\n\t\t\t\t<\/div>\n\t\t\t\t<div class=\"elementor-element elementor-element-9449d32 elementor-widget elementor-widget-text-editor\" data-id=\"9449d32\" data-element_type=\"widget\" data-e-type=\"widget\" data-settings=\"{&quot;ekit_we_effect_on&quot;:&quot;none&quot;}\" data-widget_type=\"text-editor.default\">\n\t\t\t\t<div class=\"elementor-widget-container\">\n\t\t\t\t\t\t\t\t\t<p><strong><span style=\"color: #000000\">Actuador el\u00e9ctrico de tipo modulador:<\/span><\/strong> Ajuste el \u00e1ngulo de apertura\/cierre suavemente de 0 a 90 grados con este actuador. Equipado con fuente de alimentaci\u00f3n de CA\/CC, control de se\u00f1al y anulaci\u00f3n manual, ofrece un control preciso y un alto par de hasta 4000 Nm.<\/p>\t\t\t\t\t\t\t\t<\/div>\n\t\t\t\t<\/div>\n\t\t\t\t<div class=\"elementor-element elementor-element-5741774c elementor-widget elementor-widget-text-editor\" data-id=\"5741774c\" data-element_type=\"widget\" data-e-type=\"widget\" data-settings=\"{&quot;ekit_we_effect_on&quot;:&quot;none&quot;}\" data-widget_type=\"text-editor.default\">\n\t\t\t\t<div class=\"elementor-widget-container\">\n\t\t\t\t\t\t\t\t\t<p><strong><span style=\"color: #000000\">Actuador el\u00e9ctrico de tipo inteligente:<\/span><\/strong> Tome el control con facilidad utilizando el actuador inteligente, que le permite ajustar el \u00e1ngulo de apertura\/cierre con precisi\u00f3n. Con una pantalla LED para un control conveniente, ofrece suministro de energ\u00eda CA\/CC, control de se\u00f1al, anulaci\u00f3n manual y alto torque de hasta 4000 Nm.<\/p>\t\t\t\t\t\t\t\t<\/div>\n\t\t\t\t<\/div>\n\t\t\t\t\t<\/div>\n\t\t\t\t<\/div>\n\t\t<div class=\"elementor-element elementor-element-347eac96 e-flex e-con-boxed e-con e-parent\" data-id=\"347eac96\" data-element_type=\"container\" data-e-type=\"container\" data-settings=\"{&quot;ekit_has_onepagescroll_dot&quot;:&quot;yes&quot;}\">\n\t\t\t\t\t<div class=\"e-con-inner\">\n\t\t\t\t<div class=\"elementor-element elementor-element-54899551 elementor-widget elementor-widget-text-editor\" data-id=\"54899551\" data-element_type=\"widget\" data-e-type=\"widget\" data-settings=\"{&quot;ekit_we_effect_on&quot;:&quot;none&quot;}\" data-widget_type=\"text-editor.default\">\n\t\t\t\t<div class=\"elementor-widget-container\">\n\t\t\t\t\t\t\t\t\t<table width=\"1240\">\n<tbody>\n<tr>\n<td width=\"182\">Modelo del producto:<\/td>\n<td width=\"418\">DK56-WB-G<\/td>\n<td width=\"204\">Material de la carcasa:<\/td>\n<td width=\"436\">Aleaci\u00f3n de aluminio<\/td>\n<\/tr>\n<tr>\n<td width=\"182\">Nivel de impermeabilidad:<\/td>\n<td width=\"418\">IP67<\/td>\n<td width=\"204\">Alimentaci\u00f3n del motor:<\/td>\n<td width=\"436\">24\/110\/220\/380 V CA \u00b1 10 %; 24\/110\/220 V CC 50\/60 Hz \u00b1 10 %<\/td>\n<\/tr>\n<tr>\n<td width=\"182\">Motor:<\/td>\n<td width=\"418\">Motor as\u00edncrono de jaula de ardilla<\/td>\n<td width=\"204\">Itinerario:<\/td>\n<td width=\"436\">90\u00b0-270\u00b110\u00b0 (por encima de 90\u00b0 de antelaci\u00f3n)<\/td>\n<\/tr>\n<tr>\n<td width=\"182\">A prueba de fallos:<\/td>\n<td width=\"418\">Protecci\u00f3n t\u00e9rmica incorporada: 120 \u00b0C \u00b1 5 \u00b0C<\/td>\n<td width=\"204\">Temperatura de funcionamiento:<\/td>\n<td width=\"436\">97 \u2103 \u00b1 15 \u2103<\/td>\n<\/tr>\n<tr>\n<td width=\"182\">Indicador:<\/td>\n<td width=\"418\">Indicaci\u00f3n de posici\u00f3n continua<\/td>\n<td width=\"204\">Operaci\u00f3n manual:<\/td>\n<td width=\"436\">Manijas mec\u00e1nicas<\/td>\n<\/tr>\n<tr>\n<td width=\"182\">Dispositivo de autobloqueo:<\/td>\n<td width=\"418\">El mecanismo de turbina y sinf\u00edn proporciona autobloqueo.<\/td>\n<td width=\"204\">L\u00edmite mec\u00e1nico:<\/td>\n<td width=\"436\">2 ajustes externos<\/td>\n<\/tr>\n<tr>\n<td width=\"182\">Orificios terminales:<\/td>\n<td width=\"418\">M18<\/td>\n<td width=\"204\">Temperatura ambiente:<\/td>\n<td width=\"436\">-20\u2103-70\u2103<\/td>\n<\/tr>\n<tr>\n<td width=\"182\">Lubricaci\u00f3n:<\/td>\n<td width=\"418\">Grasa a base de aluminio tipo EP<\/td>\n<td width=\"204\">Material:<\/td>\n<td width=\"436\">Acero, aleaci\u00f3n de aluminio, bronce de aluminio, policarbonato.<\/td>\n<\/tr>\n<tr>\n<td width=\"182\">Humedad ambiente:<\/td>\n<td width=\"418\">Hasta 90%<\/td>\n<td width=\"204\">Protecci\u00f3n de entrada:<\/td>\n<td width=\"436\">IP65; IP67; IP68<\/td>\n<\/tr>\n<tr>\n<td width=\"182\">Grado a prueba de explosiones:<\/td>\n<td width=\"418\">Exd II BT4; Exd II CT6<\/td>\n<td width=\"204\">Temperatura ambiente:<\/td>\n<td width=\"436\">-25\u2103-55\u2103<\/td>\n<\/tr>\n<tr>\n<td width=\"182\">Humedad ambiente:<\/td>\n<td width=\"418\">10~90%RH<\/td>\n<td width=\"204\">Rendimiento s\u00edsmico:<\/td>\n<td width=\"436\">XYZ 10 gramos, 0,2-34 HZ 30 minutos<\/td>\n<\/tr>\n<tr>\n<td width=\"182\">Revestimiento:<\/td>\n<td width=\"418\">Polvo seco, poli\u00e9ster epoxi<\/td>\n<td width=\"204\">Normas de fabricaci\u00f3n:<\/td>\n<td width=\"436\">GB\/JB\/HG\/HG\/ANSI\/API\/JIS\/DIN\/OTRAS NORMAS PERSONALIZADAS<\/td>\n<\/tr>\n<\/tbody>\n<\/table>\t\t\t\t\t\t\t\t<\/div>\n\t\t\t\t<\/div>\n\t\t\t\t\t<\/div>\n\t\t\t\t<\/div>\n\t\t\t\t<\/div>","protected":false},"excerpt":{"rendered":"<p>Las v\u00e1lvulas de mariposa tipo wafer suelen tener solo dos o cuatro orificios sin rosca para mantenerlas en su lugar y alinearlas con dos bridas acopladas. Cuando se utiliza una v\u00e1lvula tipo wafer, se utiliza un perno largo o una varilla roscada que atraviesa las dos bridas de la v\u00e1lvula. Al juntar las bridas, las v\u00e1lvulas se mantienen en su lugar. El prop\u00f3sito de una v\u00e1lvula de mariposa tipo wafer es mantener un sello para proteger contra la presi\u00f3n diferencial bidireccional en el flujo de l\u00edquido.<br \/>\nLas v\u00e1lvulas de mariposa se utilizan en tuber\u00edas dom\u00e9sticas, equipos contra incendios y barcos. Estas v\u00e1lvulas se emplean com\u00fanmente en el sistema de agua de refrigeraci\u00f3n de las centrales t\u00e9rmicas, adem\u00e1s de otras industrias generales, como la del petr\u00f3leo, la qu\u00edmica, el gas y el tratamiento del agua. Las v\u00e1lvulas de mariposa tambi\u00e9n son adecuadas para aplicaciones presurizadas que involucran aire o gas.<\/p>\n<ul>\n<li>Modelo: V\u00e1lvula de mariposa<\/li>\n<li>Rango de tama\u00f1o: 2\u201d~16\u201d<\/li>\n<li>Rango de presi\u00f3n: 1,0 MPa a 2,5 MPa<\/li>\n<li>Material: Hierro fundido, acero inoxidable 304\/316<\/li>\n<\/ul>","protected":false},"featured_media":7207,"template":"","meta":{"site-sidebar-layout":"default","site-content-layout":"","ast-site-content-layout":"default","site-content-style":"default","site-sidebar-style":"default","ast-global-header-display":"","ast-banner-title-visibility":"","ast-main-header-display":"","ast-hfb-above-header-display":"","ast-hfb-below-header-display":"","ast-hfb-mobile-header-display":"","site-post-title":"","ast-breadcrumbs-content":"","ast-featured-img":"","footer-sml-layout":"","ast-disable-related-posts":"","theme-transparent-header-meta":"default","adv-header-id-meta":"","stick-header-meta":"","header-above-stick-meta":"","header-main-stick-meta":"","header-below-stick-meta":"","astra-migrate-meta-layouts":"set","ast-page-background-enabled":"default","ast-page-background-meta":{"desktop":{"background-color":"var(--ast-global-color-4)","background-image":"","background-repeat":"repeat","background-position":"center center","background-size":"auto","background-attachment":"scroll","background-type":"","background-media":"","overlay-type":"","overlay-color":"","overlay-opacity":"","overlay-gradient":""},"tablet":{"background-color":"","background-image":"","background-repeat":"repeat","background-position":"center center","background-size":"auto","background-attachment":"scroll","background-type":"","background-media":"","overlay-type":"","overlay-color":"","overlay-opacity":"","overlay-gradient":""},"mobile":{"background-color":"","background-image":"","background-repeat":"repeat","background-position":"center center","background-size":"auto","background-attachment":"scroll","background-type":"","background-media":"","overlay-type":"","overlay-color":"","overlay-opacity":"","overlay-gradient":""}},"ast-content-background-meta":{"desktop":{"background-color":"var(--ast-global-color-5)","background-image":"","background-repeat":"repeat","background-position":"center center","background-size":"auto","background-attachment":"scroll","background-type":"","background-media":"","overlay-type":"","overlay-color":"","overlay-opacity":"","overlay-gradient":""},"tablet":{"background-color":"var(--ast-global-color-5)","background-image":"","background-repeat":"repeat","background-position":"center center","background-size":"auto","background-attachment":"scroll","background-type":"","background-media":"","overlay-type":"","overlay-color":"","overlay-opacity":"","overlay-gradient":""},"mobile":{"background-color":"var(--ast-global-color-5)","background-image":"","background-repeat":"repeat","background-position":"center center","background-size":"auto","background-attachment":"scroll","background-type":"","background-media":"","overlay-type":"","overlay-color":"","overlay-opacity":"","overlay-gradient":""}}},"product_brand":[],"product_cat":[260,34,33],"product_tag":[168,167,73,56,139,138],"class_list":{"0":"post-2779","1":"product","2":"type-product","3":"status-publish","4":"has-post-thumbnail","6":"product_cat-electric-butterfly-valves","7":"product_cat-electric-valves","8":"product_cat-products","9":"product_tag-hard-cast-steel-seal-wafer-butterfly-valve","10":"product_tag-hard-cast-steel-seal-wafer-butterfly-valves","11":"product_tag-valve","12":"product_tag-valves","13":"product_tag-wafer-butterfly-valve","14":"product_tag-wafer-butterfly-valves","15":"desktop-align-center","16":"tablet-align-left","17":"mobile-align-left","19":"first","20":"instock","21":"shipping-taxable","22":"product-type-simple"},"_links":{"self":[{"href":"https:\/\/www.delcofluid.com\/es\/wp-json\/wp\/v2\/product\/2779","targetHints":{"allow":["GET"]}}],"collection":[{"href":"https:\/\/www.delcofluid.com\/es\/wp-json\/wp\/v2\/product"}],"about":[{"href":"https:\/\/www.delcofluid.com\/es\/wp-json\/wp\/v2\/types\/product"}],"version-history":[{"count":0,"href":"https:\/\/www.delcofluid.com\/es\/wp-json\/wp\/v2\/product\/2779\/revisions"}],"wp:featuredmedia":[{"embeddable":true,"href":"https:\/\/www.delcofluid.com\/es\/wp-json\/wp\/v2\/media\/7207"}],"wp:attachment":[{"href":"https:\/\/www.delcofluid.com\/es\/wp-json\/wp\/v2\/media?parent=2779"}],"wp:term":[{"taxonomy":"product_brand","embeddable":true,"href":"https:\/\/www.delcofluid.com\/es\/wp-json\/wp\/v2\/product_brand?post=2779"},{"taxonomy":"product_cat","embeddable":true,"href":"https:\/\/www.delcofluid.com\/es\/wp-json\/wp\/v2\/product_cat?post=2779"},{"taxonomy":"product_tag","embeddable":true,"href":"https:\/\/www.delcofluid.com\/es\/wp-json\/wp\/v2\/product_tag?post=2779"}],"curies":[{"name":"wp","href":"https:\/\/api.w.org\/{rel}","templated":true}]}}