{"id":3040,"date":"2024-03-29T07:03:39","date_gmt":"2024-03-29T07:03:39","guid":{"rendered":"https:\/\/www.delcofluid.com\/?post_type=product&#038;p=3040"},"modified":"2024-12-04T09:45:08","modified_gmt":"2024-12-04T09:45:08","slug":"directly-operated-high-pressure-solenoid-valves","status":"publish","type":"product","link":"https:\/\/www.delcofluid.com\/es\/producto\/directly-operated-high-pressure-solenoid-valves\/","title":{"rendered":"V\u00e1lvulas solenoides de alta presi\u00f3n de acci\u00f3n directa DELCO - DKBB"},"content":{"rendered":"<div data-elementor-type=\"product-post\" data-elementor-id=\"3040\" class=\"elementor elementor-3040\" data-elementor-post-type=\"product\">\n\t\t\t\t<div class=\"elementor-element elementor-element-d687e8c e-con-full e-flex e-con e-parent\" data-id=\"d687e8c\" data-element_type=\"container\" data-e-type=\"container\" data-settings=\"{&quot;ekit_has_onepagescroll_dot&quot;:&quot;yes&quot;}\">\n\t\t<div class=\"elementor-element elementor-element-af28963 e-con-full e-flex e-con e-child\" data-id=\"af28963\" data-element_type=\"container\" data-e-type=\"container\" data-settings=\"{&quot;ekit_has_onepagescroll_dot&quot;:&quot;yes&quot;}\">\n\t\t\t\t<div class=\"elementor-element elementor-element-d09385f elementor-widget elementor-widget-heading\" data-id=\"d09385f\" data-element_type=\"widget\" data-e-type=\"widget\" data-settings=\"{&quot;ekit_we_effect_on&quot;:&quot;none&quot;}\" data-widget_type=\"heading.default\">\n\t\t\t\t<div class=\"elementor-widget-container\">\n\t\t\t\t\t<h2 class=\"elementor-heading-title elementor-size-default\">V\u00e1lvulas solenoides de alta presi\u00f3n<\/h2>\t\t\t\t<\/div>\n\t\t\t\t<\/div>\n\t\t\t\t<div class=\"elementor-element elementor-element-62fbce2 elementor-widget elementor-widget-text-editor\" data-id=\"62fbce2\" data-element_type=\"widget\" data-e-type=\"widget\" data-settings=\"{&quot;ekit_we_effect_on&quot;:&quot;none&quot;}\" data-widget_type=\"text-editor.default\">\n\t\t\t\t<div class=\"elementor-widget-container\">\n\t\t\t\t\t\t\t\t\t<p>Material y construcci\u00f3n: La v\u00e1lvula est\u00e1 construida completamente de acero inoxidable de alta calidad, lo que garantiza durabilidad y resistencia a la corrosi\u00f3n.<br \/>Especificaciones de dise\u00f1o: Est\u00e1 dise\u00f1ada como una v\u00e1lvula de 2\/2 v\u00edas, lo que significa que tiene dos puertos y dos posiciones: abierta y cerrada.<br \/>Mecanismo de funcionamiento: Funciona seg\u00fan un principio normalmente cerrado donde la v\u00e1lvula est\u00e1 cerrada por defecto y se abre cuando se energiza.<br \/>Compatibilidad de tama\u00f1o y presi\u00f3n: Los tama\u00f1os disponibles var\u00edan de 1\/4\u201d a 1\/2\u201d, con una capacidad de manejo de presi\u00f3n entre 0,5 MPa y 25 MPa, adapt\u00e1ndose a una amplia gama de requisitos operativos.<br \/>Soporte de voltaje: esta v\u00e1lvula admite entradas de voltaje de CC de 12\/24 V, lo que la hace vers\u00e1til para diferentes configuraciones el\u00e9ctricas.<br \/>Tipo de conexi\u00f3n: Cuenta con una conexi\u00f3n roscada para una instalaci\u00f3n segura y f\u00e1cil.<br \/>Funcionalidad: Su ciclo de trabajo continuo asegura que la v\u00e1lvula pueda funcionar sin interrupciones.<br \/>Versatilidad: Si bien es ideal para aplicaciones de agua y aire, est\u00e1 dise\u00f1ado espec\u00edficamente para una alta eficiencia en tareas de dispensaci\u00f3n de GNC.<\/p>\t\t\t\t\t\t\t\t<\/div>\n\t\t\t\t<\/div>\n\t\t\t\t<\/div>\n\t\t<div class=\"elementor-element elementor-element-3ba88f2 e-con-full e-flex e-con e-child\" data-id=\"3ba88f2\" data-element_type=\"container\" data-e-type=\"container\" data-settings=\"{&quot;ekit_has_onepagescroll_dot&quot;:&quot;yes&quot;}\">\n\t\t\t\t<div class=\"elementor-element elementor-element-a34c371 elementor-widget__width-initial elementor-widget elementor-widget-image\" data-id=\"a34c371\" data-element_type=\"widget\" data-e-type=\"widget\" data-settings=\"{&quot;ekit_we_effect_on&quot;:&quot;none&quot;}\" data-widget_type=\"image.default\">\n\t\t\t\t<div class=\"elementor-widget-container\">\n\t\t\t\t\t\t\t\t\t\t\t\t\t\t\t<img fetchpriority=\"high\" decoding=\"async\" width=\"1024\" height=\"1024\" src=\"https:\/\/www.delcofluid.com\/wp-content\/uploads\/2024\/03\/13-1-1024x1024.jpg\" class=\"attachment-large size-large wp-image-3046\" alt=\"Solenoid Valves-2\" srcset=\"https:\/\/www.delcofluid.com\/wp-content\/uploads\/2024\/03\/13-1-1024x1024.jpg 1024w, https:\/\/www.delcofluid.com\/wp-content\/uploads\/2024\/03\/13-1-300x300.jpg 300w, https:\/\/www.delcofluid.com\/wp-content\/uploads\/2024\/03\/13-1-100x100.jpg 100w, https:\/\/www.delcofluid.com\/wp-content\/uploads\/2024\/03\/13-1-600x600.jpg 600w, https:\/\/www.delcofluid.com\/wp-content\/uploads\/2024\/03\/13-1-150x150.jpg 150w, https:\/\/www.delcofluid.com\/wp-content\/uploads\/2024\/03\/13-1-768x768.jpg 768w, https:\/\/www.delcofluid.com\/wp-content\/uploads\/2024\/03\/13-1.jpg 1500w\" sizes=\"(max-width: 1024px) 100vw, 1024px\" \/>\t\t\t\t\t\t\t\t\t\t\t\t\t\t\t<\/div>\n\t\t\t\t<\/div>\n\t\t\t\t<\/div>\n\t\t\t\t<\/div>\n\t\t<div class=\"elementor-element elementor-element-15c4c55 e-con-full e-flex e-con e-parent\" data-id=\"15c4c55\" data-element_type=\"container\" data-e-type=\"container\" data-settings=\"{&quot;background_background&quot;:&quot;classic&quot;,&quot;ekit_has_onepagescroll_dot&quot;:&quot;yes&quot;}\">\n\t\t\t\t<div class=\"elementor-element elementor-element-cf7446a elementor-widget elementor-widget-heading\" data-id=\"cf7446a\" data-element_type=\"widget\" data-e-type=\"widget\" data-settings=\"{&quot;ekit_we_effect_on&quot;:&quot;none&quot;}\" data-widget_type=\"heading.default\">\n\t\t\t\t<div class=\"elementor-widget-container\">\n\t\t\t\t\t<h2 class=\"elementor-heading-title elementor-size-default\">Par\u00e1metros t\u00e9cnicos de las v\u00e1lvulas solenoides de alta presi\u00f3n:<\/h2>\t\t\t\t<\/div>\n\t\t\t\t<\/div>\n\t\t\t\t<\/div>\n\t\t<div class=\"elementor-element elementor-element-0b18e32 e-flex e-con-boxed e-con e-parent\" data-id=\"0b18e32\" data-element_type=\"container\" data-e-type=\"container\" data-settings=\"{&quot;ekit_has_onepagescroll_dot&quot;:&quot;yes&quot;}\">\n\t\t\t\t\t<div class=\"e-con-inner\">\n\t\t\t\t<div class=\"elementor-element elementor-element-ffd4484 elementor-widget elementor-widget-text-editor\" data-id=\"ffd4484\" data-element_type=\"widget\" data-e-type=\"widget\" data-settings=\"{&quot;ekit_we_effect_on&quot;:&quot;none&quot;}\" data-widget_type=\"text-editor.default\">\n\t\t\t\t<div class=\"elementor-widget-container\">\n\t\t\t\t\t\t\t\t\t<table width=\"288\"><tbody><tr><td width=\"72\">Tipo<\/td><td width=\"72\">V\u00e1lvula solenoide\u00a0<\/td><td width=\"72\">Tama\u00f1o del puerto<\/td><td width=\"72\">1\/4\u201d, 3\/8\u201d, 1\/2\u2033<\/td><\/tr><tr><td width=\"72\">Material<\/td><td width=\"72\">Acero inoxidable\u00a0 \u00a0 \u00a0\u00a0<\/td><td width=\"72\">Material de sellado<\/td><td width=\"72\">Tefl\u00f3n<\/td><\/tr><tr><td width=\"72\">Presi\u00f3n<\/td><td width=\"72\">0 MPa-25 MPa<\/td><td width=\"72\">Funci\u00f3n<\/td><td width=\"72\">Normalmente cerrado\u00a0<\/td><\/tr><tr><td width=\"72\">Garant\u00eda<\/td><td width=\"72\">\u00a012 polillas<\/td><td width=\"72\">Orificio (mm)<\/td><td width=\"72\">\u20135,0, 6,0, 7,0<\/td><\/tr><tr><td width=\"72\">Funci\u00f3n<\/td><td width=\"72\">Normalmente cerrado o abierto<\/td><td width=\"72\">Modelo<\/td><td width=\"72\">DKKB<\/td><\/tr><\/tbody><\/table><p>\u00a0<\/p>\t\t\t\t\t\t\t\t<\/div>\n\t\t\t\t<\/div>\n\t\t\t\t<div class=\"elementor-element elementor-element-088f1a6 elementor-widget elementor-widget-heading\" data-id=\"088f1a6\" data-element_type=\"widget\" data-e-type=\"widget\" data-settings=\"{&quot;ekit_we_effect_on&quot;:&quot;none&quot;}\" data-widget_type=\"heading.default\">\n\t\t\t\t<div class=\"elementor-widget-container\">\n\t\t\t\t\t<h2 class=\"elementor-heading-title elementor-size-default\">Aplicaciones de v\u00e1lvulas solenoides de alta presi\u00f3n:<\/h2>\t\t\t\t<\/div>\n\t\t\t\t<\/div>\n\t\t\t\t<div class=\"elementor-element elementor-element-6591800 elementor-widget elementor-widget-text-editor\" data-id=\"6591800\" data-element_type=\"widget\" data-e-type=\"widget\" data-settings=\"{&quot;ekit_we_effect_on&quot;:&quot;none&quot;}\" data-widget_type=\"text-editor.default\">\n\t\t\t\t<div class=\"elementor-widget-container\">\n\t\t\t\t\t\t\t\t\t<p>Estas v\u00e1lvulas se utilizan ampliamente en industrias donde el control preciso de fluidos es fundamental, como la industria del petr\u00f3leo y el gas, la petroqu\u00edmica, el procesamiento qu\u00edmico y la aeroespacial. Se utilizan en aplicaciones que incluyen sistemas hidr\u00e1ulicos, sistemas neum\u00e1ticos, automatizaci\u00f3n de procesos y manejo de fluidos a alta presi\u00f3n. Ya sea para controlar el flujo de fluido hidr\u00e1ulico en maquinaria pesada o regular la presi\u00f3n de gases en aplicaciones aeroespaciales, estas v\u00e1lvulas se destacan en escenarios diversos y exigentes.<\/p>\t\t\t\t\t\t\t\t<\/div>\n\t\t\t\t<\/div>\n\t\t\t\t<div class=\"elementor-element elementor-element-c6975fe elementor-widget elementor-widget-heading\" data-id=\"c6975fe\" data-element_type=\"widget\" data-e-type=\"widget\" data-settings=\"{&quot;ekit_we_effect_on&quot;:&quot;none&quot;}\" data-widget_type=\"heading.default\">\n\t\t\t\t<div class=\"elementor-widget-container\">\n\t\t\t\t\t<h2 class=\"elementor-heading-title elementor-size-default\">Beneficios de las v\u00e1lvulas solenoides de alta presi\u00f3n:<\/h2>\t\t\t\t<\/div>\n\t\t\t\t<\/div>\n\t\t\t\t<div class=\"elementor-element elementor-element-fab2721 elementor-widget elementor-widget-text-editor\" data-id=\"fab2721\" data-element_type=\"widget\" data-e-type=\"widget\" data-settings=\"{&quot;ekit_we_effect_on&quot;:&quot;none&quot;}\" data-widget_type=\"text-editor.default\">\n\t\t\t\t<div class=\"elementor-widget-container\">\n\t\t\t\t\t\t\t\t\t<p>Las v\u00e1lvulas solenoides de alta presi\u00f3n de accionamiento directo ofrecen m\u00faltiples ventajas. Su capacidad de control preciso garantiza un rendimiento y una eficiencia \u00f3ptimos en los sistemas de manipulaci\u00f3n de fluidos. Adem\u00e1s, su construcci\u00f3n robusta y su funcionamiento fiable contribuyen a reducir los tiempos de inactividad y los costes de mantenimiento. Adem\u00e1s, estas v\u00e1lvulas ofrecen compatibilidad con una amplia gama de fluidos y gases, lo que las convierte en soluciones vers\u00e1tiles para diversas aplicaciones industriales.<\/p>\t\t\t\t\t\t\t\t<\/div>\n\t\t\t\t<\/div>\n\t\t\t\t<div class=\"elementor-element elementor-element-fe1154f elementor-widget elementor-widget-heading\" data-id=\"fe1154f\" data-element_type=\"widget\" data-e-type=\"widget\" data-settings=\"{&quot;ekit_we_effect_on&quot;:&quot;none&quot;}\" data-widget_type=\"heading.default\">\n\t\t\t\t<div class=\"elementor-widget-container\">\n\t\t\t\t\t<h2 class=\"elementor-heading-title elementor-size-default\">Conclusi\u00f3n:<\/h2>\t\t\t\t<\/div>\n\t\t\t\t<\/div>\n\t\t\t\t<div class=\"elementor-element elementor-element-472bfac elementor-widget elementor-widget-text-editor\" data-id=\"472bfac\" data-element_type=\"widget\" data-e-type=\"widget\" data-settings=\"{&quot;ekit_we_effect_on&quot;:&quot;none&quot;}\" data-widget_type=\"text-editor.default\">\n\t\t\t\t<div class=\"elementor-widget-container\">\n\t\t\t\t\t\t\t\t\t<p>En conclusi\u00f3n, las v\u00e1lvulas solenoides de alta presi\u00f3n operadas directamente desempe\u00f1an un papel crucial para garantizar un control de fluidos eficiente y confiable en entornos exigentes. Con sus caracter\u00edsticas avanzadas, operaci\u00f3n precisa y amplia aplicabilidad, estas v\u00e1lvulas son componentes indispensables en una variedad de industrias. A medida que la tecnolog\u00eda contin\u00faa avanzando, estas v\u00e1lvulas seguir\u00e1n estando a la vanguardia de las soluciones de control de fluidos, impulsando la innovaci\u00f3n y mejorando el rendimiento en sistemas cr\u00edticos.<\/p>\t\t\t\t\t\t\t\t<\/div>\n\t\t\t\t<\/div>\n\t\t\t\t\t<\/div>\n\t\t\t\t<\/div>\n\t\t\t\t<\/div>","protected":false},"excerpt":{"rendered":"<p><span style=\"color: #333300\">La v\u00e1lvula solenoide de acero inoxidable de alta presi\u00f3n de la serie DKKB de DELCO cuenta con un s\u00f3lido conjunto de caracter\u00edsticas que la convierten en una opci\u00f3n destacada para diversas aplicaciones, particularmente en la dispensaci\u00f3n de gas natural comprimido (GNC).\u00a0<\/span><\/p>\n<p><span style=\"color: #333300\">Cada caracter\u00edstica de la v\u00e1lvula solenoide de la serie DKKB de DELCO resalta su utilidad en entornos industriales que requieren un control preciso sobre gases y l\u00edquidos de alta presi\u00f3n.<\/span><\/p>\n<div class=\"elementor-element elementor-element-62fbce2 elementor-widget elementor-widget-text-editor\" data-id=\"62fbce2\" data-element_type=\"widget\" data-settings=\"{&quot;ekit_we_effect_on&quot;:&quot;none&quot;}\" data-widget_type=\"text-editor.default\">\n<div class=\"elementor-widget-container\">\n<ul>\n<li><span style=\"color: #333300\">Modelo: V\u00e1lvula solenoide de alta presi\u00f3n<\/span><\/li>\n<li><span style=\"color: #333300\">Rango de tama\u00f1o: 3\/8\u201d~2\u201d<\/span><\/li>\n<li><span style=\"color: #333300\">Rango de presi\u00f3n: 0 MPa ~ 25 MPa<\/span><\/li>\n<li><span style=\"color: #333300\">Material: Acero inoxidable 304\/316<\/span><\/li>\n<\/ul>\n<\/div>\n<\/div>","protected":false},"featured_media":6805,"template":"","meta":{"site-sidebar-layout":"default","site-content-layout":"","ast-site-content-layout":"default","site-content-style":"default","site-sidebar-style":"default","ast-global-header-display":"","ast-banner-title-visibility":"","ast-main-header-display":"","ast-hfb-above-header-display":"","ast-hfb-below-header-display":"","ast-hfb-mobile-header-display":"","site-post-title":"","ast-breadcrumbs-content":"","ast-featured-img":"","footer-sml-layout":"","ast-disable-related-posts":"","theme-transparent-header-meta":"default","adv-header-id-meta":"","stick-header-meta":"","header-above-stick-meta":"","header-main-stick-meta":"","header-below-stick-meta":"","astra-migrate-meta-layouts":"set","ast-page-background-enabled":"default","ast-page-background-meta":{"desktop":{"background-color":"var(--ast-global-color-4)","background-image":"","background-repeat":"repeat","background-position":"center center","background-size":"auto","background-attachment":"scroll","background-type":"","background-media":"","overlay-type":"","overlay-color":"","overlay-opacity":"","overlay-gradient":""},"tablet":{"background-color":"","background-image":"","background-repeat":"repeat","background-position":"center center","background-size":"auto","background-attachment":"scroll","background-type":"","background-media":"","overlay-type":"","overlay-color":"","overlay-opacity":"","overlay-gradient":""},"mobile":{"background-color":"","background-image":"","background-repeat":"repeat","background-position":"center center","background-size":"auto","background-attachment":"scroll","background-type":"","background-media":"","overlay-type":"","overlay-color":"","overlay-opacity":"","overlay-gradient":""}},"ast-content-background-meta":{"desktop":{"background-color":"var(--ast-global-color-5)","background-image":"","background-repeat":"repeat","background-position":"center center","background-size":"auto","background-attachment":"scroll","background-type":"","background-media":"","overlay-type":"","overlay-color":"","overlay-opacity":"","overlay-gradient":""},"tablet":{"background-color":"var(--ast-global-color-5)","background-image":"","background-repeat":"repeat","background-position":"center center","background-size":"auto","background-attachment":"scroll","background-type":"","background-media":"","overlay-type":"","overlay-color":"","overlay-opacity":"","overlay-gradient":""},"mobile":{"background-color":"var(--ast-global-color-5)","background-image":"","background-repeat":"repeat","background-position":"center center","background-size":"auto","background-attachment":"scroll","background-type":"","background-media":"","overlay-type":"","overlay-color":"","overlay-opacity":"","overlay-gradient":""}}},"product_brand":[],"product_cat":[712,33,37],"product_tag":[203,202,205,204,158,156,73,56],"class_list":{"0":"post-3040","1":"product","2":"type-product","3":"status-publish","4":"has-post-thumbnail","6":"product_cat-high-pressure-solenoid-valve","7":"product_cat-products","8":"product_cat-solenoid-valves","9":"product_tag-directly-operated-high-pressure-solenoid-valve","10":"product_tag-directly-operated-high-pressure-solenoid-valves","11":"product_tag-high-pressure-solenoid-valve","12":"product_tag-high-pressure-solenoid-valves","13":"product_tag-solenoid-valve","14":"product_tag-solenoid-valves","15":"product_tag-valve","16":"product_tag-valves","17":"desktop-align-center","18":"tablet-align-left","19":"mobile-align-left","21":"first","22":"instock","23":"shipping-taxable","24":"product-type-simple"},"_links":{"self":[{"href":"https:\/\/www.delcofluid.com\/es\/wp-json\/wp\/v2\/product\/3040","targetHints":{"allow":["GET"]}}],"collection":[{"href":"https:\/\/www.delcofluid.com\/es\/wp-json\/wp\/v2\/product"}],"about":[{"href":"https:\/\/www.delcofluid.com\/es\/wp-json\/wp\/v2\/types\/product"}],"version-history":[{"count":0,"href":"https:\/\/www.delcofluid.com\/es\/wp-json\/wp\/v2\/product\/3040\/revisions"}],"wp:featuredmedia":[{"embeddable":true,"href":"https:\/\/www.delcofluid.com\/es\/wp-json\/wp\/v2\/media\/6805"}],"wp:attachment":[{"href":"https:\/\/www.delcofluid.com\/es\/wp-json\/wp\/v2\/media?parent=3040"}],"wp:term":[{"taxonomy":"product_brand","embeddable":true,"href":"https:\/\/www.delcofluid.com\/es\/wp-json\/wp\/v2\/product_brand?post=3040"},{"taxonomy":"product_cat","embeddable":true,"href":"https:\/\/www.delcofluid.com\/es\/wp-json\/wp\/v2\/product_cat?post=3040"},{"taxonomy":"product_tag","embeddable":true,"href":"https:\/\/www.delcofluid.com\/es\/wp-json\/wp\/v2\/product_tag?post=3040"}],"curies":[{"name":"wp","href":"https:\/\/api.w.org\/{rel}","templated":true}]}}