{"id":4756,"date":"2024-04-18T10:30:14","date_gmt":"2024-04-18T09:30:14","guid":{"rendered":"https:\/\/www.delcofluid.com\/?post_type=product&#038;p=4756"},"modified":"2024-08-01T07:21:55","modified_gmt":"2024-08-01T06:21:55","slug":"delco-female-thread-motorized-actuator-ball-valves","status":"publish","type":"product","link":"https:\/\/www.delcofluid.com\/es\/producto\/delco-female-thread-motorized-actuator-ball-valves\/","title":{"rendered":"V\u00e1lvulas de bola con actuador motorizado de rosca hembra DELCO - DK55-2PS"},"content":{"rendered":"<div data-elementor-type=\"product-post\" data-elementor-id=\"4756\" class=\"elementor elementor-4756\" data-elementor-post-type=\"product\">\n\t\t\t\t<div class=\"elementor-element elementor-element-20539a1c e-con-full e-flex e-con e-parent\" data-id=\"20539a1c\" data-element_type=\"container\" data-e-type=\"container\" data-settings=\"{&quot;ekit_has_onepagescroll_dot&quot;:&quot;yes&quot;}\">\n\t\t<div class=\"elementor-element elementor-element-3316fa6 e-con-full e-flex e-con e-child\" data-id=\"3316fa6\" data-element_type=\"container\" data-e-type=\"container\" data-settings=\"{&quot;ekit_has_onepagescroll_dot&quot;:&quot;yes&quot;}\">\n\t\t\t\t<div class=\"elementor-element elementor-element-b8b3abc elementor-widget elementor-widget-heading\" data-id=\"b8b3abc\" data-element_type=\"widget\" data-e-type=\"widget\" data-settings=\"{&quot;ekit_we_effect_on&quot;:&quot;none&quot;}\" data-widget_type=\"heading.default\">\n\t\t\t\t<div class=\"elementor-widget-container\">\n\t\t\t\t\t<h2 class=\"elementor-heading-title elementor-size-default\">\u00bfQu\u00e9 es la v\u00e1lvula de bola con actuador motorizado con rosca hembra?<\/h2>\t\t\t\t<\/div>\n\t\t\t\t<\/div>\n\t\t\t\t<div class=\"elementor-element elementor-element-4b43349d elementor-widget__width-initial elementor-widget elementor-widget-text-editor\" data-id=\"4b43349d\" data-element_type=\"widget\" data-e-type=\"widget\" data-settings=\"{&quot;ekit_we_effect_on&quot;:&quot;none&quot;}\" data-widget_type=\"text-editor.default\">\n\t\t\t\t<div class=\"elementor-widget-container\">\n\t\t\t\t\t\t\t\t\t<p>Las v\u00e1lvulas de bola con actuador motorizado con rosca hembra son v\u00e1lvulas especializadas dise\u00f1adas para un control preciso de fluidos en diversas aplicaciones. Estas v\u00e1lvulas cuentan con una conexi\u00f3n con rosca hembra, lo que permite una f\u00e1cil instalaci\u00f3n en sistemas de tuber\u00edas existentes sin la necesidad de adaptadores o accesorios adicionales. Equipadas con un actuador motorizado, ofrecen un funcionamiento automatizado, lo que las hace ideales para situaciones en las que se requiere control remoto o autom\u00e1tico.<\/p>\t\t\t\t\t\t\t\t<\/div>\n\t\t\t\t<\/div>\n\t\t\t\t<div class=\"elementor-element elementor-element-f24d1e9 elementor-widget__width-initial elementor-widget elementor-widget-text-editor\" data-id=\"f24d1e9\" data-element_type=\"widget\" data-e-type=\"widget\" data-settings=\"{&quot;ekit_we_effect_on&quot;:&quot;none&quot;}\" data-widget_type=\"text-editor.default\">\n\t\t\t\t<div class=\"elementor-widget-container\">\n\t\t\t\t\t\t\t\t\t<p>El actuador motorizado permite un funcionamiento suave y confiable de la v\u00e1lvula, con opciones de accionamiento de un cuarto de vuelta o de varias vueltas seg\u00fan los requisitos espec\u00edficos de la aplicaci\u00f3n. Estas v\u00e1lvulas se utilizan com\u00fanmente en industrias como HVAC, tratamiento de agua y automatizaci\u00f3n industrial, donde el control preciso del flujo de fluido es esencial para un rendimiento \u00f3ptimo.<\/p>\t\t\t\t\t\t\t\t<\/div>\n\t\t\t\t<\/div>\n\t\t\t\t<\/div>\n\t\t<div class=\"elementor-element elementor-element-e796ac0 e-con-full e-flex e-con e-child\" data-id=\"e796ac0\" data-element_type=\"container\" data-e-type=\"container\" data-settings=\"{&quot;ekit_has_onepagescroll_dot&quot;:&quot;yes&quot;}\">\n\t\t\t\t<div class=\"elementor-element elementor-element-7ddba38 elementor-widget__width-initial elementor-widget elementor-widget-image\" data-id=\"7ddba38\" data-element_type=\"widget\" data-e-type=\"widget\" data-settings=\"{&quot;ekit_we_effect_on&quot;:&quot;none&quot;}\" data-widget_type=\"image.default\">\n\t\t\t\t<div class=\"elementor-widget-container\">\n\t\t\t\t\t\t\t\t\t\t\t\t\t\t\t<img fetchpriority=\"high\" decoding=\"async\" width=\"1024\" height=\"686\" src=\"https:\/\/www.delcofluid.com\/wp-content\/uploads\/2024\/04\/754.jpg\" class=\"attachment-large size-large wp-image-4762\" alt=\"Ball Valves\" srcset=\"https:\/\/www.delcofluid.com\/wp-content\/uploads\/2024\/04\/754.jpg 1024w, https:\/\/www.delcofluid.com\/wp-content\/uploads\/2024\/04\/754-300x201.jpg 300w, https:\/\/www.delcofluid.com\/wp-content\/uploads\/2024\/04\/754-768x515.jpg 768w, https:\/\/www.delcofluid.com\/wp-content\/uploads\/2024\/04\/754-600x402.jpg 600w\" sizes=\"(max-width: 1024px) 100vw, 1024px\" \/>\t\t\t\t\t\t\t\t\t\t\t\t\t\t\t<\/div>\n\t\t\t\t<\/div>\n\t\t\t\t<\/div>\n\t\t\t\t<\/div>\n\t\t<div class=\"elementor-element elementor-element-15c4c55 e-con-full e-flex e-con e-parent\" data-id=\"15c4c55\" data-element_type=\"container\" data-e-type=\"container\" data-settings=\"{&quot;background_background&quot;:&quot;classic&quot;,&quot;ekit_has_onepagescroll_dot&quot;:&quot;yes&quot;}\">\n\t\t\t\t<div class=\"elementor-element elementor-element-cf7446a elementor-widget elementor-widget-heading\" data-id=\"cf7446a\" data-element_type=\"widget\" data-e-type=\"widget\" data-settings=\"{&quot;ekit_we_effect_on&quot;:&quot;none&quot;}\" data-widget_type=\"heading.default\">\n\t\t\t\t<div class=\"elementor-widget-container\">\n\t\t\t\t\t<h2 class=\"elementor-heading-title elementor-size-default\">Hoja de datos de la v\u00e1lvula:<\/h2>\t\t\t\t<\/div>\n\t\t\t\t<\/div>\n\t\t\t\t<\/div>\n\t\t<div class=\"elementor-element elementor-element-e2b9db7 e-con-full e-flex e-con e-parent\" data-id=\"e2b9db7\" data-element_type=\"container\" data-e-type=\"container\" data-settings=\"{&quot;ekit_has_onepagescroll_dot&quot;:&quot;yes&quot;}\">\n\t\t<div class=\"elementor-element elementor-element-8ef2840 e-con-full e-flex e-con e-child\" data-id=\"8ef2840\" data-element_type=\"container\" data-e-type=\"container\" data-settings=\"{&quot;ekit_has_onepagescroll_dot&quot;:&quot;yes&quot;}\">\n\t\t\t\t<div class=\"elementor-element elementor-element-e8fd89b elementor-widget elementor-widget-text-editor\" data-id=\"e8fd89b\" data-element_type=\"widget\" data-e-type=\"widget\" data-settings=\"{&quot;ekit_we_effect_on&quot;:&quot;none&quot;}\" data-widget_type=\"text-editor.default\">\n\t\t\t\t<div class=\"elementor-widget-container\">\n\t\t\t\t\t\t\t\t\t<table style=\"border-collapse: collapse;width: 918.52pt\" border=\"0\" width=\"390\" cellspacing=\"0\" cellpadding=\"0\"><tbody><tr style=\"height: 15.00pt\"><td class=\"et2\" style=\"height: 30.00pt;width: 12.75pt\" rowspan=\"2\" width=\"17\" height=\"40\">Rango de tallas<\/td><td class=\"et2\" style=\"width: 72.75pt\" rowspan=\"2\" width=\"97\">DN15-DN100<\/td><td class=\"et2\" style=\"width: 11.25pt\" rowspan=\"2\" width=\"15\">Material del asiento<\/td><td class=\"et2\" style=\"width: 195.75pt\" width=\"261\">PTFE: -20 \u2103 ~ 180 \u2103<\/td><\/tr><tr style=\"height: 15.00pt\"><td class=\"et2\" style=\"width: 195.75pt\" width=\"261\">Personas: -20\u2103~150\u2103<\/td><\/tr><tr style=\"height: 15.00pt\"><td class=\"et2\" style=\"height: 15.00pt;width: 12.75pt\" width=\"17\" height=\"20\">Material del cuerpo<\/td><td class=\"et2\" style=\"width: 72.75pt\" width=\"97\">Acero inoxidable 304, acero inoxidable 316 y acero inoxidable 316L<\/td><td class=\"et2\" style=\"width: 11.25pt\" width=\"15\">Material b\u00e1sico<\/td><td class=\"et2\" style=\"width: 195.75pt\" width=\"261\">Acero inoxidable<\/td><\/tr><tr style=\"height: 15.00pt\"><td class=\"et2\" style=\"height: 15.00pt;width: 12.75pt\" width=\"17\" height=\"20\">Conexi\u00f3n final<\/td><td class=\"et2\" style=\"width: 72.75pt\" width=\"97\">Rosca hembra<\/td><td class=\"et2\" style=\"width: 11.25pt\" width=\"15\">Material del tallo<\/td><td class=\"et2\" style=\"width: 195.75pt\" width=\"261\">Acero inoxidable<\/td><\/tr><tr style=\"height: 15.00pt\"><td class=\"et2\" style=\"height: 15.00pt;width: 12.75pt\" width=\"17\" height=\"20\">Presi\u00f3n de funcionamiento<\/td><td class=\"et2\" style=\"width: 72.75pt\" width=\"97\">PN1MPa a PN1.6MPa<\/td><td class=\"et2\" style=\"width: 11.25pt\" rowspan=\"2\" width=\"15\">Medios aplicables<\/td><td class=\"et2\" style=\"width: 195.75pt\" rowspan=\"2\" width=\"261\">Control de agua, aire, gas, petr\u00f3leo, l\u00edquido, vapor<\/td><\/tr><tr style=\"height: 15.00pt\"><td class=\"et2\" style=\"height: 15.00pt;width: 12.75pt\" width=\"17\" height=\"20\">Estructura<\/td><td class=\"et2\" style=\"width: 72.75pt\" width=\"97\">N\u00facleo de bola flotante<\/td><\/tr><\/tbody><\/table>\t\t\t\t\t\t\t\t<\/div>\n\t\t\t\t<\/div>\n\t\t\t\t<\/div>\n\t\t\t\t<\/div>\n\t\t<div class=\"elementor-element elementor-element-0b18e32 e-flex e-con-boxed e-con e-parent\" data-id=\"0b18e32\" data-element_type=\"container\" data-e-type=\"container\" data-settings=\"{&quot;ekit_has_onepagescroll_dot&quot;:&quot;yes&quot;}\">\n\t\t\t\t\t<div class=\"e-con-inner\">\n\t\t\t\t<div class=\"elementor-element elementor-element-c6975fe elementor-widget elementor-widget-heading\" data-id=\"c6975fe\" data-element_type=\"widget\" data-e-type=\"widget\" data-settings=\"{&quot;ekit_we_effect_on&quot;:&quot;none&quot;}\" data-widget_type=\"heading.default\">\n\t\t\t\t<div class=\"elementor-widget-container\">\n\t\t\t\t\t<h2 class=\"elementor-heading-title elementor-size-default\">V\u00e1lvula motorizada de acero inoxidable de presi\u00f3n media para agua Caracter\u00edsticas:<\/h2>\t\t\t\t<\/div>\n\t\t\t\t<\/div>\n\t\t\t\t<div class=\"elementor-element elementor-element-fab2721 elementor-widget elementor-widget-text-editor\" data-id=\"fab2721\" data-element_type=\"widget\" data-e-type=\"widget\" data-settings=\"{&quot;ekit_we_effect_on&quot;:&quot;none&quot;}\" data-widget_type=\"text-editor.default\">\n\t\t\t\t<div class=\"elementor-widget-container\">\n\t\t\t\t\t\t\t\t\t<ul><li>El tama\u00f1o de bola de 2 piezas, di\u00e1metro grande, cambio f\u00e1cil y conveniente.<\/li><li>Calidad constante del producto y reducci\u00f3n de la tasa de defectos<\/li><li>Mantenimiento confiable, superficie de sellado y esfera a menudo en estado cerrado, no es f\u00e1cil que se erosione el medio.<\/li><li>Reducci\u00f3n significativa de costes frente a la competencia<\/li><li>Excelente resistencia y tenacidad, f\u00e1cil instalaci\u00f3n.<\/li><li>Se puede aplicar a agua, gas, vapor, aceite, \u00e1cido n\u00edtrico, \u00e1cido ac\u00e9tico y otros medios.<\/li><li>V\u00e1lvula actuadora m\u00e1s econ\u00f3mica y rentable para su negocio.<\/li><\/ul>\t\t\t\t\t\t\t\t<\/div>\n\t\t\t\t<\/div>\n\t\t\t\t\t<\/div>\n\t\t\t\t<\/div>\n\t\t<div class=\"elementor-element elementor-element-44f21df6 e-con-full e-flex e-con e-parent\" data-id=\"44f21df6\" data-element_type=\"container\" data-e-type=\"container\" data-settings=\"{&quot;background_background&quot;:&quot;classic&quot;,&quot;ekit_has_onepagescroll_dot&quot;:&quot;yes&quot;}\">\n\t\t\t\t<div class=\"elementor-element elementor-element-661968e2 elementor-widget elementor-widget-heading\" data-id=\"661968e2\" data-element_type=\"widget\" data-e-type=\"widget\" data-settings=\"{&quot;ekit_we_effect_on&quot;:&quot;none&quot;}\" data-widget_type=\"heading.default\">\n\t\t\t\t<div class=\"elementor-widget-container\">\n\t\t\t\t\t<h2 class=\"elementor-heading-title elementor-size-default\">Actuador el\u00e9ctrico:<\/h2>\t\t\t\t<\/div>\n\t\t\t\t<\/div>\n\t\t\t\t<\/div>\n\t\t<div class=\"elementor-element elementor-element-29c98da8 e-flex e-con-boxed e-con e-parent\" data-id=\"29c98da8\" data-element_type=\"container\" data-e-type=\"container\" data-settings=\"{&quot;ekit_has_onepagescroll_dot&quot;:&quot;yes&quot;}\">\n\t\t\t\t\t<div class=\"e-con-inner\">\n\t\t<div class=\"elementor-element elementor-element-24d0d7fe e-flex e-con-boxed e-con e-child\" data-id=\"24d0d7fe\" data-element_type=\"container\" data-e-type=\"container\" data-settings=\"{&quot;ekit_has_onepagescroll_dot&quot;:&quot;yes&quot;}\">\n\t\t\t\t\t<div class=\"e-con-inner\">\n\t\t<div class=\"elementor-element elementor-element-6a991f18 e-con-full e-flex e-con e-child\" data-id=\"6a991f18\" data-element_type=\"container\" data-e-type=\"container\" data-settings=\"{&quot;ekit_has_onepagescroll_dot&quot;:&quot;yes&quot;}\">\n\t\t\t\t<div class=\"elementor-element elementor-element-1c5ff5fb elementor-widget elementor-widget-image\" data-id=\"1c5ff5fb\" data-element_type=\"widget\" data-e-type=\"widget\" data-settings=\"{&quot;ekit_we_effect_on&quot;:&quot;none&quot;}\" data-widget_type=\"image.default\">\n\t\t\t\t<div class=\"elementor-widget-container\">\n\t\t\t\t\t\t\t\t\t\t\t\t\t\t\t<img decoding=\"async\" width=\"1024\" height=\"563\" src=\"https:\/\/www.delcofluid.com\/wp-content\/uploads\/2024\/03\/Plastic-Butterfly-Valve.jpg\" class=\"attachment-large size-large wp-image-3768\" alt=\"Plastic Butterfly Valve\" srcset=\"https:\/\/www.delcofluid.com\/wp-content\/uploads\/2024\/03\/Plastic-Butterfly-Valve.jpg 1024w, https:\/\/www.delcofluid.com\/wp-content\/uploads\/2024\/03\/Plastic-Butterfly-Valve-300x165.jpg 300w, https:\/\/www.delcofluid.com\/wp-content\/uploads\/2024\/03\/Plastic-Butterfly-Valve-768x422.jpg 768w, https:\/\/www.delcofluid.com\/wp-content\/uploads\/2024\/03\/Plastic-Butterfly-Valve-600x330.jpg 600w\" sizes=\"(max-width: 1024px) 100vw, 1024px\" \/>\t\t\t\t\t\t\t\t\t\t\t\t\t\t\t<\/div>\n\t\t\t\t<\/div>\n\t\t\t\t<\/div>\n\t\t<div class=\"elementor-element elementor-element-392374be e-con-full e-flex e-con e-child\" data-id=\"392374be\" data-element_type=\"container\" data-e-type=\"container\" data-settings=\"{&quot;ekit_has_onepagescroll_dot&quot;:&quot;yes&quot;}\">\n\t\t\t\t<div class=\"elementor-element elementor-element-7e6944f3 elementor-widget elementor-widget-image\" data-id=\"7e6944f3\" data-element_type=\"widget\" data-e-type=\"widget\" data-settings=\"{&quot;ekit_we_effect_on&quot;:&quot;none&quot;}\" data-widget_type=\"image.default\">\n\t\t\t\t<div class=\"elementor-widget-container\">\n\t\t\t\t\t\t\t\t\t\t\t\t\t\t\t<img decoding=\"async\" width=\"1024\" height=\"563\" src=\"https:\/\/www.delcofluid.com\/wp-content\/uploads\/2024\/03\/Electric-Actuator06-1024x563.jpg\" class=\"attachment-large size-large wp-image-2608\" alt=\"Electric Actuator\" srcset=\"https:\/\/www.delcofluid.com\/wp-content\/uploads\/2024\/03\/Electric-Actuator06-1024x563.jpg 1024w, https:\/\/www.delcofluid.com\/wp-content\/uploads\/2024\/03\/Electric-Actuator06-600x330.jpg 600w, https:\/\/www.delcofluid.com\/wp-content\/uploads\/2024\/03\/Electric-Actuator06-300x165.jpg 300w, https:\/\/www.delcofluid.com\/wp-content\/uploads\/2024\/03\/Electric-Actuator06-768x422.jpg 768w, https:\/\/www.delcofluid.com\/wp-content\/uploads\/2024\/03\/Electric-Actuator06.jpg 1500w\" sizes=\"(max-width: 1024px) 100vw, 1024px\" \/>\t\t\t\t\t\t\t\t\t\t\t\t\t\t\t<\/div>\n\t\t\t\t<\/div>\n\t\t\t\t<\/div>\n\t\t\t\t\t<\/div>\n\t\t\t\t<\/div>\n\t\t\t\t\t<\/div>\n\t\t\t\t<\/div>\n\t\t<div class=\"elementor-element elementor-element-8d1ed05 e-flex e-con-boxed e-con e-parent\" data-id=\"8d1ed05\" data-element_type=\"container\" data-e-type=\"container\" data-settings=\"{&quot;ekit_has_onepagescroll_dot&quot;:&quot;yes&quot;}\">\n\t\t\t\t\t<div class=\"e-con-inner\">\n\t\t\t\t<div class=\"elementor-element elementor-element-7150acec elementor-widget elementor-widget-text-editor\" data-id=\"7150acec\" data-element_type=\"widget\" data-e-type=\"widget\" data-settings=\"{&quot;ekit_we_effect_on&quot;:&quot;none&quot;}\" data-widget_type=\"text-editor.default\">\n\t\t\t\t<div class=\"elementor-widget-container\">\n\t\t\t\t\t\t\t\t\t<p><span style=\"color: #000000\"><strong>Actuador el\u00e9ctrico tipo ON\/OFF:<\/strong><\/span> Este actuador, que cuenta con una rotaci\u00f3n de 90 grados, ofrece alimentaci\u00f3n de CA\/CC, control de se\u00f1ales y funciones de anulaci\u00f3n manual. Con un alto par de hasta 4000 Nm, garantiza un rendimiento confiable en entornos exigentes.<\/p>\t\t\t\t\t\t\t\t<\/div>\n\t\t\t\t<\/div>\n\t\t\t\t<div class=\"elementor-element elementor-element-3dc1587e elementor-widget elementor-widget-text-editor\" data-id=\"3dc1587e\" data-element_type=\"widget\" data-e-type=\"widget\" data-settings=\"{&quot;ekit_we_effect_on&quot;:&quot;none&quot;}\" data-widget_type=\"text-editor.default\">\n\t\t\t\t<div class=\"elementor-widget-container\">\n\t\t\t\t\t\t\t\t\t<p><strong><span style=\"color: #000000\">Actuador el\u00e9ctrico de tipo modulador:<\/span><\/strong> Ajuste el \u00e1ngulo de apertura\/cierre suavemente de 0 a 90 grados con este actuador. Equipado con fuente de alimentaci\u00f3n de CA\/CC, control de se\u00f1al y anulaci\u00f3n manual, ofrece un control preciso y un alto par de hasta 4000 Nm.<\/p>\t\t\t\t\t\t\t\t<\/div>\n\t\t\t\t<\/div>\n\t\t\t\t<div class=\"elementor-element elementor-element-229f8d8a elementor-widget elementor-widget-text-editor\" data-id=\"229f8d8a\" data-element_type=\"widget\" data-e-type=\"widget\" data-settings=\"{&quot;ekit_we_effect_on&quot;:&quot;none&quot;}\" data-widget_type=\"text-editor.default\">\n\t\t\t\t<div class=\"elementor-widget-container\">\n\t\t\t\t\t\t\t\t\t<p><strong><span style=\"color: #000000\">Actuador el\u00e9ctrico de tipo inteligente:<\/span><\/strong> Tome el control con facilidad utilizando el actuador inteligente, que le permite ajustar el \u00e1ngulo de apertura\/cierre con precisi\u00f3n. Con una pantalla LED para un control conveniente, ofrece suministro de energ\u00eda CA\/CC, control de se\u00f1al, anulaci\u00f3n manual y alto torque de hasta 4000 Nm.<\/p>\t\t\t\t\t\t\t\t<\/div>\n\t\t\t\t<\/div>\n\t\t\t\t\t<\/div>\n\t\t\t\t<\/div>\n\t\t<div class=\"elementor-element elementor-element-347eac96 e-flex e-con-boxed e-con e-parent\" data-id=\"347eac96\" data-element_type=\"container\" data-e-type=\"container\" data-settings=\"{&quot;ekit_has_onepagescroll_dot&quot;:&quot;yes&quot;}\">\n\t\t\t\t\t<div class=\"e-con-inner\">\n\t\t\t\t<div class=\"elementor-element elementor-element-54899551 elementor-widget elementor-widget-text-editor\" data-id=\"54899551\" data-element_type=\"widget\" data-e-type=\"widget\" data-settings=\"{&quot;ekit_we_effect_on&quot;:&quot;none&quot;}\" data-widget_type=\"text-editor.default\">\n\t\t\t\t<div class=\"elementor-widget-container\">\n\t\t\t\t\t\t\t\t\t<table width=\"1240\">\n<tbody>\n<tr>\n<td width=\"182\">Modelo del producto:<\/td>\n<td width=\"418\">&nbsp;DK55-2PS<\/td>\n<td width=\"204\">Material de la carcasa:<\/td>\n<td width=\"436\">Aleaci\u00f3n de aluminio<\/td>\n<\/tr>\n<tr>\n<td width=\"182\">Nivel de impermeabilidad:<\/td>\n<td width=\"418\">IP67<\/td>\n<td width=\"204\">Alimentaci\u00f3n del motor:<\/td>\n<td width=\"436\">24\/110\/220\/380 V CA \u00b1 10 %; 24\/110\/220 V CC 50\/60 Hz \u00b1 10 %<\/td>\n<\/tr>\n<tr>\n<td width=\"182\">Motor:<\/td>\n<td width=\"418\">Motor as\u00edncrono de jaula de ardilla<\/td>\n<td width=\"204\">Itinerario:<\/td>\n<td width=\"436\">90\u00b0-270\u00b110\u00b0 (por encima de 90\u00b0 de antelaci\u00f3n)<\/td>\n<\/tr>\n<tr>\n<td width=\"182\">A prueba de fallos:<\/td>\n<td width=\"418\">Protecci\u00f3n t\u00e9rmica incorporada: 120 \u00b0C \u00b1 5 \u00b0C<\/td>\n<td width=\"204\">Temperatura de funcionamiento:<\/td>\n<td width=\"436\">97 \u2103 \u00b1 15 \u2103<\/td>\n<\/tr>\n<tr>\n<td width=\"182\">Indicador:<\/td>\n<td width=\"418\">Indicaci\u00f3n de posici\u00f3n continua<\/td>\n<td width=\"204\">Operaci\u00f3n manual:<\/td>\n<td width=\"436\">Manijas mec\u00e1nicas<\/td>\n<\/tr>\n<tr>\n<td width=\"182\">Dispositivo de autobloqueo:<\/td>\n<td width=\"418\">El mecanismo de turbina y sinf\u00edn proporciona autobloqueo.<\/td>\n<td width=\"204\">L\u00edmite mec\u00e1nico:<\/td>\n<td width=\"436\">2 ajustes externos<\/td>\n<\/tr>\n<tr>\n<td width=\"182\">Orificios terminales:<\/td>\n<td width=\"418\">M18<\/td>\n<td width=\"204\">Temperatura ambiente:<\/td>\n<td width=\"436\">-20\u2103-70\u2103<\/td>\n<\/tr>\n<tr>\n<td width=\"182\">Lubricaci\u00f3n:<\/td>\n<td width=\"418\">Grasa a base de aluminio tipo EP<\/td>\n<td width=\"204\">Material:<\/td>\n<td width=\"436\">Acero, aleaci\u00f3n de aluminio, bronce de aluminio, policarbonato.<\/td>\n<\/tr>\n<tr>\n<td width=\"182\">Humedad ambiente:<\/td>\n<td width=\"418\">Hasta 90%<\/td>\n<td width=\"204\">Protecci\u00f3n de entrada:<\/td>\n<td width=\"436\">IP65; IP67; IP68<\/td>\n<\/tr>\n<tr>\n<td width=\"182\">Grado a prueba de explosiones:<\/td>\n<td width=\"418\">Exd II BT4; Exd II CT6<\/td>\n<td width=\"204\">Temperatura ambiente:<\/td>\n<td width=\"436\">-25\u2103-55\u2103<\/td>\n<\/tr>\n<tr>\n<td width=\"182\">Humedad ambiente:<\/td>\n<td width=\"418\">10~90%RH<\/td>\n<td width=\"204\">Rendimiento s\u00edsmico:<\/td>\n<td width=\"436\">XYZ 10 gramos, 0,2-34 HZ 30 minutos<\/td>\n<\/tr>\n<tr>\n<td width=\"182\">Revestimiento:<\/td>\n<td width=\"418\">Polvo seco, poli\u00e9ster epoxi<\/td>\n<td width=\"204\">Normas de fabricaci\u00f3n:<\/td>\n<td width=\"436\">GB\/JB\/HG\/HG\/ANSI\/API\/JIS\/DIN\/OTRAS NORMAS PERSONALIZADAS<\/td>\n<\/tr>\n<\/tbody>\n<\/table>\t\t\t\t\t\t\t\t<\/div>\n\t\t\t\t<\/div>\n\t\t\t\t\t<\/div>\n\t\t\t\t<\/div>\n\t\t\t\t<\/div>","protected":false},"excerpt":{"rendered":"<p>DELCO ofrece una gama de v\u00e1lvulas de bola motorizadas dise\u00f1adas para un control preciso de fluidos en diversas aplicaciones. Nuestras v\u00e1lvulas de dos piezas y dos v\u00edas est\u00e1n fabricadas seg\u00fan las normas GB y cuentan con accionamiento el\u00e9ctrico para un funcionamiento sin problemas. Fabricadas en acero inoxidable 316 duradero, estas v\u00e1lvulas est\u00e1n equipadas con un actuador el\u00e9ctrico de 90 grados de un cuarto de vuelta, que ofrece rangos de torsi\u00f3n de 50 Nm a 160 Nm.<\/p>\n<p>Con tama\u00f1os opcionales que van desde 1\/2 pulgada hasta 2 pulgadas, y disponibles en CC-12 V, 24 V; CA 110 V, 220 V, 380 V 50\/60 Hz, nuestras v\u00e1lvulas brindan flexibilidad para adaptarse a diferentes necesidades. Ampliamente utilizadas en el tratamiento del agua y otras industrias, DELCO ha sido un fabricante de v\u00e1lvulas el\u00e9ctricas de confianza durante m\u00e1s de 20 a\u00f1os, ofreciendo una variedad de tipos de v\u00e1lvulas, incluidas v\u00e1lvulas de mariposa el\u00e9ctricas y v\u00e1lvulas accionadas neum\u00e1ticamente.<\/p>\n<p><strong>Modelo: <\/strong>DK55-2PS<\/p>\n<p><strong>Rango de tallas:\u00a0<\/strong>1\/4\u201d a 4\u201d<\/p>\n<p><strong>Rango de presi\u00f3n:<\/strong> 1 a 1,6 MPa<\/p>\n<p><strong>Material:\u00a0<\/strong>Acero inoxidable 304\/316<\/p>","protected":false},"featured_media":7065,"template":"","meta":{"site-sidebar-layout":"default","site-content-layout":"","ast-site-content-layout":"default","site-content-style":"default","site-sidebar-style":"default","ast-global-header-display":"","ast-banner-title-visibility":"","ast-main-header-display":"","ast-hfb-above-header-display":"","ast-hfb-below-header-display":"","ast-hfb-mobile-header-display":"","site-post-title":"","ast-breadcrumbs-content":"","ast-featured-img":"","footer-sml-layout":"","ast-disable-related-posts":"","theme-transparent-header-meta":"default","adv-header-id-meta":"","stick-header-meta":"","header-above-stick-meta":"","header-main-stick-meta":"","header-below-stick-meta":"","astra-migrate-meta-layouts":"set","ast-page-background-enabled":"default","ast-page-background-meta":{"desktop":{"background-color":"var(--ast-global-color-4)","background-image":"","background-repeat":"repeat","background-position":"center center","background-size":"auto","background-attachment":"scroll","background-type":"","background-media":"","overlay-type":"","overlay-color":"","overlay-opacity":"","overlay-gradient":""},"tablet":{"background-color":"","background-image":"","background-repeat":"repeat","background-position":"center center","background-size":"auto","background-attachment":"scroll","background-type":"","background-media":"","overlay-type":"","overlay-color":"","overlay-opacity":"","overlay-gradient":""},"mobile":{"background-color":"","background-image":"","background-repeat":"repeat","background-position":"center center","background-size":"auto","background-attachment":"scroll","background-type":"","background-media":"","overlay-type":"","overlay-color":"","overlay-opacity":"","overlay-gradient":""}},"ast-content-background-meta":{"desktop":{"background-color":"var(--ast-global-color-5)","background-image":"","background-repeat":"repeat","background-position":"center center","background-size":"auto","background-attachment":"scroll","background-type":"","background-media":"","overlay-type":"","overlay-color":"","overlay-opacity":"","overlay-gradient":""},"tablet":{"background-color":"var(--ast-global-color-5)","background-image":"","background-repeat":"repeat","background-position":"center center","background-size":"auto","background-attachment":"scroll","background-type":"","background-media":"","overlay-type":"","overlay-color":"","overlay-opacity":"","overlay-gradient":""},"mobile":{"background-color":"var(--ast-global-color-5)","background-image":"","background-repeat":"repeat","background-position":"center center","background-size":"auto","background-attachment":"scroll","background-type":"","background-media":"","overlay-type":"","overlay-color":"","overlay-opacity":"","overlay-gradient":""}}},"product_brand":[],"product_cat":[259,34,33],"product_tag":[489,488,491,490,492,115,214,213,494,493,496,495,497,163,73,56],"class_list":{"0":"post-4756","1":"product","2":"type-product","3":"status-publish","4":"has-post-thumbnail","6":"product_cat-electric-ball-valves","7":"product_cat-electric-valves","8":"product_cat-products","9":"product_tag-electric-actuated-ball-valve","10":"product_tag-electric-actuated-ball-valves","11":"product_tag-electric-ball-valve","12":"product_tag-electric-ball-valves","13":"product_tag-electric-valve","14":"product_tag-electric-valves","15":"product_tag-flange-ball-valve","16":"product_tag-flange-ball-valves","17":"product_tag-motorized-actuator-ball-valve","18":"product_tag-motorized-actuator-ball-valves","19":"product_tag-motorized-ball-valve","20":"product_tag-motorized-ball-valves","21":"product_tag-motorized-valve","22":"product_tag-motorized-valves","23":"product_tag-valve","24":"product_tag-valves","25":"desktop-align-center","26":"tablet-align-left","27":"mobile-align-left","29":"first","30":"instock","31":"shipping-taxable","32":"product-type-simple"},"_links":{"self":[{"href":"https:\/\/www.delcofluid.com\/es\/wp-json\/wp\/v2\/product\/4756","targetHints":{"allow":["GET"]}}],"collection":[{"href":"https:\/\/www.delcofluid.com\/es\/wp-json\/wp\/v2\/product"}],"about":[{"href":"https:\/\/www.delcofluid.com\/es\/wp-json\/wp\/v2\/types\/product"}],"version-history":[{"count":0,"href":"https:\/\/www.delcofluid.com\/es\/wp-json\/wp\/v2\/product\/4756\/revisions"}],"wp:featuredmedia":[{"embeddable":true,"href":"https:\/\/www.delcofluid.com\/es\/wp-json\/wp\/v2\/media\/7065"}],"wp:attachment":[{"href":"https:\/\/www.delcofluid.com\/es\/wp-json\/wp\/v2\/media?parent=4756"}],"wp:term":[{"taxonomy":"product_brand","embeddable":true,"href":"https:\/\/www.delcofluid.com\/es\/wp-json\/wp\/v2\/product_brand?post=4756"},{"taxonomy":"product_cat","embeddable":true,"href":"https:\/\/www.delcofluid.com\/es\/wp-json\/wp\/v2\/product_cat?post=4756"},{"taxonomy":"product_tag","embeddable":true,"href":"https:\/\/www.delcofluid.com\/es\/wp-json\/wp\/v2\/product_tag?post=4756"}],"curies":[{"name":"wp","href":"https:\/\/api.w.org\/{rel}","templated":true}]}}