{"id":5420,"date":"2024-05-13T07:11:26","date_gmt":"2024-05-13T06:11:26","guid":{"rendered":"https:\/\/www.delcofluid.com\/?post_type=product&#038;p=5420"},"modified":"2024-07-30T10:05:38","modified_gmt":"2024-07-30T09:05:38","slug":"stainless-steel-multi-turn-electric-globe-valves-2","status":"publish","type":"product","link":"https:\/\/www.delcofluid.com\/es\/producto\/stainless-steel-multi-turn-electric-globe-valves-2\/","title":{"rendered":"V\u00e1lvulas de globo el\u00e9ctricas multivueltas de acero inoxidable DELCO Valve"},"content":{"rendered":"<div data-elementor-type=\"product-post\" data-elementor-id=\"5420\" class=\"elementor elementor-5420\" data-elementor-post-type=\"product\">\n\t\t\t\t<div class=\"elementor-element elementor-element-20539a1c e-con-full e-flex e-con e-parent\" data-id=\"20539a1c\" data-element_type=\"container\" data-e-type=\"container\" data-settings=\"{&quot;ekit_has_onepagescroll_dot&quot;:&quot;yes&quot;}\">\n\t\t<div class=\"elementor-element elementor-element-3316fa6 e-con-full e-flex e-con e-child\" data-id=\"3316fa6\" data-element_type=\"container\" data-e-type=\"container\" data-settings=\"{&quot;ekit_has_onepagescroll_dot&quot;:&quot;yes&quot;}\">\n\t\t\t\t<div class=\"elementor-element elementor-element-b8b3abc elementor-widget elementor-widget-heading\" data-id=\"b8b3abc\" data-element_type=\"widget\" data-e-type=\"widget\" data-settings=\"{&quot;ekit_we_effect_on&quot;:&quot;none&quot;}\" data-widget_type=\"heading.default\">\n\t\t\t\t<div class=\"elementor-widget-container\">\n\t\t\t\t\t<h2 class=\"elementor-heading-title elementor-size-default\">\u00bfQu\u00e9 son las v\u00e1lvulas de globo el\u00e9ctricas multivueltas?<\/h2>\t\t\t\t<\/div>\n\t\t\t\t<\/div>\n\t\t\t\t<div class=\"elementor-element elementor-element-4b43349d elementor-widget__width-initial elementor-widget elementor-widget-text-editor\" data-id=\"4b43349d\" data-element_type=\"widget\" data-e-type=\"widget\" data-settings=\"{&quot;ekit_we_effect_on&quot;:&quot;none&quot;}\" data-widget_type=\"text-editor.default\">\n\t\t\t\t<div class=\"elementor-widget-container\">\n\t\t\t\t\t\t\t\t\t<p>Las v\u00e1lvulas de globo el\u00e9ctricas multivueltas son v\u00e1lvulas de control avanzadas que se utilizan en diversas aplicaciones industriales para la regulaci\u00f3n precisa del caudal. A diferencia de las v\u00e1lvulas de globo manuales que requieren un funcionamiento manual, las v\u00e1lvulas de globo el\u00e9ctricas multivueltas se accionan mediante un motor el\u00e9ctrico que hace girar el v\u00e1stago de la v\u00e1lvula para abrirla o cerrarla. Este accionamiento el\u00e9ctrico permite el funcionamiento y la automatizaci\u00f3n a distancia, lo que las hace ideales para su uso en sistemas en los que se necesitan ajustes frecuentes o un control preciso del caudal.<\/p>\t\t\t\t\t\t\t\t<\/div>\n\t\t\t\t<\/div>\n\t\t\t\t<div class=\"elementor-element elementor-element-f24d1e9 elementor-widget__width-initial elementor-widget elementor-widget-text-editor\" data-id=\"f24d1e9\" data-element_type=\"widget\" data-e-type=\"widget\" data-settings=\"{&quot;ekit_we_effect_on&quot;:&quot;none&quot;}\" data-widget_type=\"text-editor.default\">\n\t\t\t\t<div class=\"elementor-widget-container\">\n\t\t\t\t\t\t\t\t\t<p>Estas v\u00e1lvulas est\u00e1n equipadas con un actuador el\u00e9ctrico multivueltas, que permite un posicionamiento preciso del disco o tap\u00f3n de la v\u00e1lvula dentro del cuerpo de la misma. Al controlar la rotaci\u00f3n del motor el\u00e9ctrico, los operadores pueden modular el caudal a trav\u00e9s de la v\u00e1lvula, lo que proporciona un control preciso y repetible del caudal de fluido. Las v\u00e1lvulas de globo el\u00e9ctricas multivueltas se utilizan com\u00fanmente en industrias como el tratamiento de agua, los sistemas de calefacci\u00f3n, ventilaci\u00f3n y aire acondicionado (HVAC), la generaci\u00f3n de energ\u00eda y el procesamiento qu\u00edmico, donde un control de caudal confiable y eficiente es esencial para la eficiencia y la seguridad operativas.<\/p>\t\t\t\t\t\t\t\t<\/div>\n\t\t\t\t<\/div>\n\t\t\t\t<\/div>\n\t\t<div class=\"elementor-element elementor-element-e796ac0 e-con-full e-flex e-con e-child\" data-id=\"e796ac0\" data-element_type=\"container\" data-e-type=\"container\" data-settings=\"{&quot;ekit_has_onepagescroll_dot&quot;:&quot;yes&quot;}\">\n\t\t\t\t<div class=\"elementor-element elementor-element-7ddba38 elementor-widget__width-initial elementor-widget elementor-widget-image\" data-id=\"7ddba38\" data-element_type=\"widget\" data-e-type=\"widget\" data-settings=\"{&quot;ekit_we_effect_on&quot;:&quot;none&quot;}\" data-widget_type=\"image.default\">\n\t\t\t\t<div class=\"elementor-widget-container\">\n\t\t\t\t\t\t\t\t\t\t\t\t\t\t\t<img fetchpriority=\"high\" decoding=\"async\" width=\"1024\" height=\"754\" src=\"https:\/\/www.delcofluid.com\/wp-content\/uploads\/2024\/05\/Electric-Globe-Valves-1024x754.jpg\" class=\"attachment-large size-large wp-image-5423\" alt=\"Electric Globe Valves\" srcset=\"https:\/\/www.delcofluid.com\/wp-content\/uploads\/2024\/05\/Electric-Globe-Valves-1024x754.jpg 1024w, https:\/\/www.delcofluid.com\/wp-content\/uploads\/2024\/05\/Electric-Globe-Valves-300x221.jpg 300w, https:\/\/www.delcofluid.com\/wp-content\/uploads\/2024\/05\/Electric-Globe-Valves-768x565.jpg 768w, https:\/\/www.delcofluid.com\/wp-content\/uploads\/2024\/05\/Electric-Globe-Valves-1536x1131.jpg 1536w, https:\/\/www.delcofluid.com\/wp-content\/uploads\/2024\/05\/Electric-Globe-Valves-2048x1508.jpg 2048w, https:\/\/www.delcofluid.com\/wp-content\/uploads\/2024\/05\/Electric-Globe-Valves-600x442.jpg 600w\" sizes=\"(max-width: 1024px) 100vw, 1024px\" \/>\t\t\t\t\t\t\t\t\t\t\t\t\t\t\t<\/div>\n\t\t\t\t<\/div>\n\t\t\t\t<\/div>\n\t\t\t\t<\/div>\n\t\t<div class=\"elementor-element elementor-element-15c4c55 e-con-full e-flex e-con e-parent\" data-id=\"15c4c55\" data-element_type=\"container\" data-e-type=\"container\" data-settings=\"{&quot;background_background&quot;:&quot;classic&quot;,&quot;ekit_has_onepagescroll_dot&quot;:&quot;yes&quot;}\">\n\t\t\t\t<div class=\"elementor-element elementor-element-cf7446a elementor-widget elementor-widget-heading\" data-id=\"cf7446a\" data-element_type=\"widget\" data-e-type=\"widget\" data-settings=\"{&quot;ekit_we_effect_on&quot;:&quot;none&quot;}\" data-widget_type=\"heading.default\">\n\t\t\t\t<div class=\"elementor-widget-container\">\n\t\t\t\t\t<h2 class=\"elementor-heading-title elementor-size-default\">Par\u00e1metros t\u00e9cnicos del actuador de v\u00e1lvula<\/h2>\t\t\t\t<\/div>\n\t\t\t\t<\/div>\n\t\t\t\t<\/div>\n\t\t<div class=\"elementor-element elementor-element-e2b9db7 e-con-full e-flex e-con e-parent\" data-id=\"e2b9db7\" data-element_type=\"container\" data-e-type=\"container\" data-settings=\"{&quot;ekit_has_onepagescroll_dot&quot;:&quot;yes&quot;}\">\n\t\t<div class=\"elementor-element elementor-element-8ef2840 e-con-full e-flex e-con e-child\" data-id=\"8ef2840\" data-element_type=\"container\" data-e-type=\"container\" data-settings=\"{&quot;ekit_has_onepagescroll_dot&quot;:&quot;yes&quot;}\">\n\t\t\t\t<div class=\"elementor-element elementor-element-e800039 elementor-widget elementor-widget-text-editor\" data-id=\"e800039\" data-element_type=\"widget\" data-e-type=\"widget\" data-settings=\"{&quot;ekit_we_effect_on&quot;:&quot;none&quot;}\" data-widget_type=\"text-editor.default\">\n\t\t\t\t<div class=\"elementor-widget-container\">\n\t\t\t\t\t\t\t\t\t<table><tbody><tr><td rowspan=\"2\">Fuente de alimentaci\u00f3n<\/td><td>Convencional: monof\u00e1sica 220v, trif\u00e1sica 380v<\/td><\/tr><tr><td>Especial: trif\u00e1sica 400v, 415v, 660v (50Hz, 60Hz)<\/td><\/tr><tr><td rowspan=\"2\">Entorno de trabajo<\/td><td>Temperatura ambiente: -20 ~ + 60 \u2103 (se puede personalizar el entorno de temperatura especial)<\/td><\/tr><tr><td>Humedad relativa: 95% (a 25\u00b0C)<\/td><\/tr><tr><td>Nivel de protecci\u00f3n<\/td><td>El tipo para exterior y el tipo a prueba de explosiones son IP55 (se pueden proporcionar IP65, IP67, IP68 bajo pedido especial)<\/td><\/tr><tr><td>Sistema de trabajo<\/td><td>Tiempo corto 10 minutos (15-60 minutos para pedidos especiales)<\/td><\/tr><\/tbody><\/table><p>\u00a0<\/p>\t\t\t\t\t\t\t\t<\/div>\n\t\t\t\t<\/div>\n\t\t\t\t<\/div>\n\t\t\t\t<\/div>\n\t\t<div class=\"elementor-element elementor-element-0b18e32 e-flex e-con-boxed e-con e-parent\" data-id=\"0b18e32\" data-element_type=\"container\" data-e-type=\"container\" data-settings=\"{&quot;ekit_has_onepagescroll_dot&quot;:&quot;yes&quot;}\">\n\t\t\t\t\t<div class=\"e-con-inner\">\n\t\t\t\t<div class=\"elementor-element elementor-element-c6975fe elementor-widget elementor-widget-heading\" data-id=\"c6975fe\" data-element_type=\"widget\" data-e-type=\"widget\" data-settings=\"{&quot;ekit_we_effect_on&quot;:&quot;none&quot;}\" data-widget_type=\"heading.default\">\n\t\t\t\t<div class=\"elementor-widget-container\">\n\t\t\t\t\t<h2 class=\"elementor-heading-title elementor-size-default\">V\u00e1lvula de globo con brida y actuador motorizado SS316<\/h2>\t\t\t\t<\/div>\n\t\t\t\t<\/div>\n\t\t\t\t<div class=\"elementor-element elementor-element-fab2721 elementor-widget elementor-widget-text-editor\" data-id=\"fab2721\" data-element_type=\"widget\" data-e-type=\"widget\" data-settings=\"{&quot;ekit_we_effect_on&quot;:&quot;none&quot;}\" data-widget_type=\"text-editor.default\">\n\t\t\t\t<div class=\"elementor-widget-container\">\n\t\t\t\t\t\t\t\t\t<ol><li>Exquisito y peque\u00f1o, hermoso y generoso, dise\u00f1o interno \u00fanico, resistente y resistente al desgaste, no es f\u00e1cil de da\u00f1ar.<\/li><li>Aspecto elegante: carcasa de aleaci\u00f3n de aluminio fundido a presi\u00f3n, apariencia fina y suave, y puede reducir el electromagn\u00e9tico<\/li><li>Funci\u00f3n generosa: tipo de interruptor, tipo de contacto pasivo, tipo de proporci\u00f3n, tipo de ajuste inteligente<\/li><li>Resistencia precisa al desgaste: combinaci\u00f3n perfecta de rueda helicoidal y sinf\u00edn, enlace armonioso<\/li><li>La integraci\u00f3n de la salida del engranaje helicoidal reduce eficazmente el espacio de conexi\u00f3n y mejora en gran medida la precisi\u00f3n de la transmisi\u00f3n.<\/li><li>Garant\u00eda de seguridad: a trav\u00e9s de una prueba de resistencia de voltaje de CA 1500 V, motor altamente aislado de clase H, garantiza la seguridad del cuerpo de la m\u00e1quina y la producci\u00f3n.<\/li><li>Adaptaci\u00f3n sencilla: monof\u00e1sica, trif\u00e1sica, fuente de alimentaci\u00f3n de CC, l\u00ednea externa simple<\/li><\/ol>\t\t\t\t\t\t\t\t<\/div>\n\t\t\t\t<\/div>\n\t\t\t\t\t<\/div>\n\t\t\t\t<\/div>\n\t\t<div class=\"elementor-element elementor-element-44f21df6 e-con-full e-flex e-con e-parent\" data-id=\"44f21df6\" data-element_type=\"container\" data-e-type=\"container\" data-settings=\"{&quot;background_background&quot;:&quot;classic&quot;,&quot;ekit_has_onepagescroll_dot&quot;:&quot;yes&quot;}\">\n\t\t\t\t<div class=\"elementor-element elementor-element-661968e2 elementor-widget elementor-widget-heading\" data-id=\"661968e2\" data-element_type=\"widget\" data-e-type=\"widget\" data-settings=\"{&quot;ekit_we_effect_on&quot;:&quot;none&quot;}\" data-widget_type=\"heading.default\">\n\t\t\t\t<div class=\"elementor-widget-container\">\n\t\t\t\t\t<h2 class=\"elementor-heading-title elementor-size-default\">Actuador el\u00e9ctrico:<\/h2>\t\t\t\t<\/div>\n\t\t\t\t<\/div>\n\t\t\t\t<\/div>\n\t\t<div class=\"elementor-element elementor-element-29c98da8 e-flex e-con-boxed e-con e-parent\" data-id=\"29c98da8\" data-element_type=\"container\" data-e-type=\"container\" data-settings=\"{&quot;ekit_has_onepagescroll_dot&quot;:&quot;yes&quot;}\">\n\t\t\t\t\t<div class=\"e-con-inner\">\n\t\t<div class=\"elementor-element elementor-element-24d0d7fe e-flex e-con-boxed e-con e-child\" data-id=\"24d0d7fe\" data-element_type=\"container\" data-e-type=\"container\" data-settings=\"{&quot;ekit_has_onepagescroll_dot&quot;:&quot;yes&quot;}\">\n\t\t\t\t\t<div class=\"e-con-inner\">\n\t\t<div class=\"elementor-element elementor-element-6a991f18 e-con-full e-flex e-con e-child\" data-id=\"6a991f18\" data-element_type=\"container\" data-e-type=\"container\" data-settings=\"{&quot;ekit_has_onepagescroll_dot&quot;:&quot;yes&quot;}\">\n\t\t\t\t<div class=\"elementor-element elementor-element-1c5ff5fb elementor-widget elementor-widget-image\" data-id=\"1c5ff5fb\" data-element_type=\"widget\" data-e-type=\"widget\" data-settings=\"{&quot;ekit_we_effect_on&quot;:&quot;none&quot;}\" data-widget_type=\"image.default\">\n\t\t\t\t<div class=\"elementor-widget-container\">\n\t\t\t\t\t\t\t\t\t\t\t\t\t\t\t<img decoding=\"async\" width=\"1024\" height=\"602\" src=\"https:\/\/www.delcofluid.com\/wp-content\/uploads\/2024\/05\/Electric-Globe-Valves2-1024x602.jpg\" class=\"attachment-large size-large wp-image-5424\" alt=\"Electric Globe Valve\" srcset=\"https:\/\/www.delcofluid.com\/wp-content\/uploads\/2024\/05\/Electric-Globe-Valves2-1024x602.jpg 1024w, https:\/\/www.delcofluid.com\/wp-content\/uploads\/2024\/05\/Electric-Globe-Valves2-300x176.jpg 300w, https:\/\/www.delcofluid.com\/wp-content\/uploads\/2024\/05\/Electric-Globe-Valves2-768x451.jpg 768w, https:\/\/www.delcofluid.com\/wp-content\/uploads\/2024\/05\/Electric-Globe-Valves2-1536x903.jpg 1536w, https:\/\/www.delcofluid.com\/wp-content\/uploads\/2024\/05\/Electric-Globe-Valves2-2048x1203.jpg 2048w, https:\/\/www.delcofluid.com\/wp-content\/uploads\/2024\/05\/Electric-Globe-Valves2-600x353.jpg 600w\" sizes=\"(max-width: 1024px) 100vw, 1024px\" \/>\t\t\t\t\t\t\t\t\t\t\t\t\t\t\t<\/div>\n\t\t\t\t<\/div>\n\t\t\t\t<\/div>\n\t\t<div class=\"elementor-element elementor-element-392374be e-con-full e-flex e-con e-child\" data-id=\"392374be\" data-element_type=\"container\" data-e-type=\"container\" data-settings=\"{&quot;ekit_has_onepagescroll_dot&quot;:&quot;yes&quot;}\">\n\t\t\t\t<div class=\"elementor-element elementor-element-7e6944f3 elementor-widget elementor-widget-image\" data-id=\"7e6944f3\" data-element_type=\"widget\" data-e-type=\"widget\" data-settings=\"{&quot;ekit_we_effect_on&quot;:&quot;none&quot;}\" data-widget_type=\"image.default\">\n\t\t\t\t<div class=\"elementor-widget-container\">\n\t\t\t\t\t\t\t\t\t\t\t\t\t\t\t<img decoding=\"async\" width=\"1024\" height=\"602\" src=\"https:\/\/www.delcofluid.com\/wp-content\/uploads\/2024\/05\/Electric-Globe-Valves6-1024x602.jpg\" class=\"attachment-large size-large wp-image-5426\" alt=\"Electric Globe Valves\" srcset=\"https:\/\/www.delcofluid.com\/wp-content\/uploads\/2024\/05\/Electric-Globe-Valves6-1024x602.jpg 1024w, https:\/\/www.delcofluid.com\/wp-content\/uploads\/2024\/05\/Electric-Globe-Valves6-300x176.jpg 300w, https:\/\/www.delcofluid.com\/wp-content\/uploads\/2024\/05\/Electric-Globe-Valves6-768x451.jpg 768w, https:\/\/www.delcofluid.com\/wp-content\/uploads\/2024\/05\/Electric-Globe-Valves6-1536x903.jpg 1536w, https:\/\/www.delcofluid.com\/wp-content\/uploads\/2024\/05\/Electric-Globe-Valves6-2048x1203.jpg 2048w, https:\/\/www.delcofluid.com\/wp-content\/uploads\/2024\/05\/Electric-Globe-Valves6-600x353.jpg 600w\" sizes=\"(max-width: 1024px) 100vw, 1024px\" \/>\t\t\t\t\t\t\t\t\t\t\t\t\t\t\t<\/div>\n\t\t\t\t<\/div>\n\t\t\t\t<\/div>\n\t\t\t\t\t<\/div>\n\t\t\t\t<\/div>\n\t\t\t\t\t<\/div>\n\t\t\t\t<\/div>\n\t\t<div class=\"elementor-element elementor-element-8d1ed05 e-flex e-con-boxed e-con e-parent\" data-id=\"8d1ed05\" data-element_type=\"container\" data-e-type=\"container\" data-settings=\"{&quot;ekit_has_onepagescroll_dot&quot;:&quot;yes&quot;}\">\n\t\t\t\t\t<div class=\"e-con-inner\">\n\t\t\t\t<div class=\"elementor-element elementor-element-7150acec elementor-widget elementor-widget-text-editor\" data-id=\"7150acec\" data-element_type=\"widget\" data-e-type=\"widget\" data-settings=\"{&quot;ekit_we_effect_on&quot;:&quot;none&quot;}\" data-widget_type=\"text-editor.default\">\n\t\t\t\t<div class=\"elementor-widget-container\">\n\t\t\t\t\t\t\t\t\t<p><span style=\"color: #000000\"><strong>Actuador el\u00e9ctrico tipo ON\/OFF:<\/strong><\/span> Este actuador, que cuenta con una rotaci\u00f3n de 90 grados, ofrece alimentaci\u00f3n de CA\/CC, control de se\u00f1ales y funciones de anulaci\u00f3n manual. Con un alto par de hasta 4000 Nm, garantiza un rendimiento confiable en entornos exigentes.<\/p>\t\t\t\t\t\t\t\t<\/div>\n\t\t\t\t<\/div>\n\t\t\t\t<div class=\"elementor-element elementor-element-3dc1587e elementor-widget elementor-widget-text-editor\" data-id=\"3dc1587e\" data-element_type=\"widget\" data-e-type=\"widget\" data-settings=\"{&quot;ekit_we_effect_on&quot;:&quot;none&quot;}\" data-widget_type=\"text-editor.default\">\n\t\t\t\t<div class=\"elementor-widget-container\">\n\t\t\t\t\t\t\t\t\t<p><strong><span style=\"color: #000000\">Actuador el\u00e9ctrico de tipo modulador:<\/span><\/strong> Ajuste el \u00e1ngulo de apertura\/cierre suavemente de 0 a 90 grados con este actuador. Equipado con fuente de alimentaci\u00f3n de CA\/CC, control de se\u00f1al y anulaci\u00f3n manual, ofrece un control preciso y un alto par de hasta 4000 Nm.<\/p>\t\t\t\t\t\t\t\t<\/div>\n\t\t\t\t<\/div>\n\t\t\t\t<div class=\"elementor-element elementor-element-229f8d8a elementor-widget elementor-widget-text-editor\" data-id=\"229f8d8a\" data-element_type=\"widget\" data-e-type=\"widget\" data-settings=\"{&quot;ekit_we_effect_on&quot;:&quot;none&quot;}\" data-widget_type=\"text-editor.default\">\n\t\t\t\t<div class=\"elementor-widget-container\">\n\t\t\t\t\t\t\t\t\t<p><strong><span style=\"color: #000000\">Actuador el\u00e9ctrico de tipo inteligente:<\/span><\/strong> Tome el control con facilidad utilizando el actuador inteligente, que le permite ajustar el \u00e1ngulo de apertura\/cierre con precisi\u00f3n. Con una pantalla LED para un control conveniente, ofrece suministro de energ\u00eda CA\/CC, control de se\u00f1al, anulaci\u00f3n manual y alto torque de hasta 4000 Nm.<\/p>\t\t\t\t\t\t\t\t<\/div>\n\t\t\t\t<\/div>\n\t\t\t\t\t<\/div>\n\t\t\t\t<\/div>\n\t\t\t\t<\/div>","protected":false},"excerpt":{"rendered":"<div class=\"flex-1 overflow-hidden\">\n<div class=\"react-scroll-to-bottom--css-ymjnl-79elbk h-full\">\n<div class=\"react-scroll-to-bottom--css-ymjnl-1n7m0yu\">\n<div class=\"flex flex-col text-sm\">\n<div class=\"w-full text-token-text-primary\" dir=\"auto\" data-testid=\"conversation-turn-31\">\n<div class=\"px-4 py-2 justify-center text-base md:gap-6 m-auto\">\n<div class=\"flex flex-1 text-base mx-auto gap-3 juice:gap-4 juice:md:gap-6 md:px-5 lg:px-1 xl:px-5 md:max-w-3xl lg:max-w-[40rem] xl:max-w-[48rem]\">\n<div class=\"relative flex w-full flex-col agent-turn\">\n<div class=\"flex-col gap-1 md:gap-3\">\n<div class=\"flex flex-grow flex-col max-w-full\">\n<div class=\"min-h-[20px] text-message flex flex-col items-start gap-3 whitespace-pre-wrap break-words [.text-message+&amp;]:mt-5 overflow-x-auto\" dir=\"auto\" data-message-author-role=\"assistant\" data-message-id=\"4a6d6b9a-2028-48e5-bb27-c229b9ba8f05\">\n<div class=\"markdown prose w-full break-words dark:prose-invert light\">\n<div class=\"flex-1 overflow-hidden\">\n<div class=\"react-scroll-to-bottom--css-vzdre-79elbk h-full\">\n<div class=\"react-scroll-to-bottom--css-vzdre-1n7m0yu\">\n<div class=\"flex flex-col text-sm pb-9\">\n<div class=\"w-full text-token-text-primary\" dir=\"auto\" data-testid=\"conversation-turn-25\">\n<div class=\"px-4 py-2 justify-center text-base md:gap-6 m-auto\">\n<div class=\"flex flex-1 text-base mx-auto gap-3 juice:gap-4 juice:md:gap-6 md:px-5 lg:px-1 xl:px-5 md:max-w-3xl lg:max-w-[40rem] xl:max-w-[48rem]\">\n<div class=\"relative flex w-full flex-col agent-turn\">\n<div class=\"flex-col gap-1 md:gap-3\">\n<div class=\"flex flex-grow flex-col max-w-full\">\n<div class=\"min-h-[20px] text-message flex flex-col items-start gap-3 whitespace-pre-wrap break-words [.text-message+&amp;]:mt-5 overflow-x-auto\" dir=\"auto\" data-message-author-role=\"assistant\" data-message-id=\"34f913f5-8067-415d-9532-3b67bc792208\">\n<div class=\"markdown prose w-full break-words dark:prose-invert light\">\n<p>Stainless steel 316 globe valves excel in regulating flow, particularly in applications requiring precise and consistent control. Designed with a bolted bonnet and non-rising stem, these valves ensure secure sealing and minimal risk of leakage. With flanged connections on both ends, they seamlessly integrate into pipelines or water plumbing systems, facilitating easy installation and maintenance.<\/p>\n<p>The valve body&#8217;s stainless steel 316 construction enhances durability and offers superior resistance against corrosion, ensuring reliable performance even in demanding environments. Moreover, the stem\/wedge connection meets the rigorous API 600 Pull test standards, underscoring its robust design and adherence to quality protocols.<\/p>\n<p><strong>Model: <\/strong>Multi-turn Electric Globe Valves<\/p>\n<p><strong>Size Range:\u00a0<\/strong>2&#8221; to 40&#8221;<\/p>\n<p><strong>Pressure Range:<\/strong> 1.6MPa~6.4MPa<\/p>\n<p><strong>Material:<\/strong> Stainless Steel 304\/316 or Cast Iron<\/p>\n<\/div>\n<\/div>\n<\/div>\n<\/div>\n<\/div>\n<\/div>\n<\/div>\n<\/div>\n<\/div>\n<\/div>\n<\/div>\n<\/div>\n<\/div>\n<\/div>\n<\/div>\n<\/div>\n<\/div>\n<\/div>\n<\/div>\n<\/div>\n<\/div>\n<\/div>\n<\/div>\n<\/div>\n","protected":false},"featured_media":7053,"template":"","meta":{"site-sidebar-layout":"default","site-content-layout":"","ast-site-content-layout":"default","site-content-style":"default","site-sidebar-style":"default","ast-global-header-display":"","ast-banner-title-visibility":"","ast-main-header-display":"","ast-hfb-above-header-display":"","ast-hfb-below-header-display":"","ast-hfb-mobile-header-display":"","site-post-title":"","ast-breadcrumbs-content":"","ast-featured-img":"","footer-sml-layout":"","ast-disable-related-posts":"","theme-transparent-header-meta":"default","adv-header-id-meta":"","stick-header-meta":"","header-above-stick-meta":"","header-main-stick-meta":"","header-below-stick-meta":"","astra-migrate-meta-layouts":"set","ast-page-background-enabled":"default","ast-page-background-meta":{"desktop":{"background-color":"var(--ast-global-color-4)","background-image":"","background-repeat":"repeat","background-position":"center center","background-size":"auto","background-attachment":"scroll","background-type":"","background-media":"","overlay-type":"","overlay-color":"","overlay-opacity":"","overlay-gradient":""},"tablet":{"background-color":"","background-image":"","background-repeat":"repeat","background-position":"center center","background-size":"auto","background-attachment":"scroll","background-type":"","background-media":"","overlay-type":"","overlay-color":"","overlay-opacity":"","overlay-gradient":""},"mobile":{"background-color":"","background-image":"","background-repeat":"repeat","background-position":"center center","background-size":"auto","background-attachment":"scroll","background-type":"","background-media":"","overlay-type":"","overlay-color":"","overlay-opacity":"","overlay-gradient":""}},"ast-content-background-meta":{"desktop":{"background-color":"var(--ast-global-color-5)","background-image":"","background-repeat":"repeat","background-position":"center center","background-size":"auto","background-attachment":"scroll","background-type":"","background-media":"","overlay-type":"","overlay-color":"","overlay-opacity":"","overlay-gradient":""},"tablet":{"background-color":"var(--ast-global-color-5)","background-image":"","background-repeat":"repeat","background-position":"center center","background-size":"auto","background-attachment":"scroll","background-type":"","background-media":"","overlay-type":"","overlay-color":"","overlay-opacity":"","overlay-gradient":""},"mobile":{"background-color":"var(--ast-global-color-5)","background-image":"","background-repeat":"repeat","background-position":"center center","background-size":"auto","background-attachment":"scroll","background-type":"","background-media":"","overlay-type":"","overlay-color":"","overlay-opacity":"","overlay-gradient":""}}},"product_brand":[],"product_cat":[568,34,559,567,33],"product_tag":[556,549,550,558,552,551],"class_list":{"0":"post-5420","1":"product","2":"type-product","3":"status-publish","4":"has-post-thumbnail","6":"product_cat-electric-globe-valve","7":"product_cat-electric-valves","8":"product_cat-globe-valve","9":"product_cat-multi-turn-electric-valves","10":"product_cat-products","11":"product_tag-electric-globe-valves","12":"product_tag-globe-control-valve","13":"product_tag-globe-control-valves","14":"product_tag-lectric-globe-valve","15":"product_tag-multi-turn-actuator-globe-control-valve","16":"product_tag-multi-turn-actuator-globe-control-valves","17":"desktop-align-center","18":"tablet-align-left","19":"mobile-align-left","21":"first","22":"instock","23":"shipping-taxable","24":"product-type-simple"},"_links":{"self":[{"href":"https:\/\/www.delcofluid.com\/es\/wp-json\/wp\/v2\/product\/5420","targetHints":{"allow":["GET"]}}],"collection":[{"href":"https:\/\/www.delcofluid.com\/es\/wp-json\/wp\/v2\/product"}],"about":[{"href":"https:\/\/www.delcofluid.com\/es\/wp-json\/wp\/v2\/types\/product"}],"version-history":[{"count":0,"href":"https:\/\/www.delcofluid.com\/es\/wp-json\/wp\/v2\/product\/5420\/revisions"}],"wp:featuredmedia":[{"embeddable":true,"href":"https:\/\/www.delcofluid.com\/es\/wp-json\/wp\/v2\/media\/7053"}],"wp:attachment":[{"href":"https:\/\/www.delcofluid.com\/es\/wp-json\/wp\/v2\/media?parent=5420"}],"wp:term":[{"taxonomy":"product_brand","embeddable":true,"href":"https:\/\/www.delcofluid.com\/es\/wp-json\/wp\/v2\/product_brand?post=5420"},{"taxonomy":"product_cat","embeddable":true,"href":"https:\/\/www.delcofluid.com\/es\/wp-json\/wp\/v2\/product_cat?post=5420"},{"taxonomy":"product_tag","embeddable":true,"href":"https:\/\/www.delcofluid.com\/es\/wp-json\/wp\/v2\/product_tag?post=5420"}],"curies":[{"name":"wp","href":"https:\/\/api.w.org\/{rel}","templated":true}]}}