{"id":6165,"date":"2024-06-25T10:43:46","date_gmt":"2024-06-25T09:43:46","guid":{"rendered":"https:\/\/www.delcofluid.com\/?post_type=product&#038;p=6165"},"modified":"2024-12-04T09:44:51","modified_gmt":"2024-12-04T09:44:51","slug":"direct-acting-explosion-proof-diaphragm-solenoid-valve-ex2w","status":"publish","type":"product","link":"https:\/\/www.delcofluid.com\/es\/producto\/direct-acting-explosion-proof-diaphragm-solenoid-valve-ex2w\/","title":{"rendered":"V\u00e1lvula solenoide de diafragma a prueba de explosiones de acci\u00f3n directa DELCO - EX2W"},"content":{"rendered":"<div data-elementor-type=\"product-post\" data-elementor-id=\"6165\" class=\"elementor elementor-6165\" data-elementor-post-type=\"product\">\n\t\t\t\t<div class=\"elementor-element elementor-element-20539a1c e-con-full e-flex e-con e-parent\" data-id=\"20539a1c\" data-element_type=\"container\" data-e-type=\"container\" data-settings=\"{&quot;ekit_has_onepagescroll_dot&quot;:&quot;yes&quot;}\">\n\t\t<div class=\"elementor-element elementor-element-3316fa6 e-con-full e-flex e-con e-child\" data-id=\"3316fa6\" data-element_type=\"container\" data-e-type=\"container\" data-settings=\"{&quot;ekit_has_onepagescroll_dot&quot;:&quot;yes&quot;}\">\n\t\t\t\t<div class=\"elementor-element elementor-element-b8b3abc elementor-widget elementor-widget-heading\" data-id=\"b8b3abc\" data-element_type=\"widget\" data-e-type=\"widget\" data-settings=\"{&quot;ekit_we_effect_on&quot;:&quot;none&quot;}\" data-widget_type=\"heading.default\">\n\t\t\t\t<div class=\"elementor-widget-container\">\n\t\t\t\t\t<h2 class=\"elementor-heading-title elementor-size-default\">Caracter\u00edsticas<\/h2>\t\t\t\t<\/div>\n\t\t\t\t<\/div>\n\t\t\t\t<div class=\"elementor-element elementor-element-4b43349d elementor-widget__width-initial elementor-widget elementor-widget-text-editor\" data-id=\"4b43349d\" data-element_type=\"widget\" data-e-type=\"widget\" data-settings=\"{&quot;ekit_we_effect_on&quot;:&quot;none&quot;}\" data-widget_type=\"text-editor.default\">\n\t\t\t\t<div class=\"elementor-widget-container\">\n\t\t\t\t\t\t\t\t\t<ul><li><p><span style=\"text-align: var(--text-align)\"><b>Dispositivo de automatizaci\u00f3n a prueba de explosiones<\/b>:<\/span><span style=\"text-align: var(--text-align)\">Dise\u00f1ado para medios inflamables y explosivos y lugares con riesgo de explosi\u00f3n, para lograr la conmutaci\u00f3n autom\u00e1tica de medios y el funcionamiento seguro de equipos de automatizaci\u00f3n.<\/span><\/p><\/li><li><p><span style=\"text-align: var(--text-align)\"><b>Amplio rango de di\u00e1metros y presiones<\/b><\/span><b>:<\/b> La electrov\u00e1lvula ofrece di\u00e1metros de 5 mm a 200 mm, adecuados para diferentes tuber\u00edas. La presi\u00f3n est\u00e1ndar es de 0,03 a 0,8 Mpa, otros modelos alcanzan de 0 a 1,6 Mpa.<\/p><\/li><li><p><span style=\"text-align: var(--text-align)\"><b>Compatibilidad vers\u00e1til con medios<\/b><\/span><b>: <\/b>\u00a0Adecuado para aire, agua, l\u00edquidos de baja viscosidad, aceite y medios inflamables. Otros modelos admiten vapor. Rango de temperatura de 0 \u2103 a 135 \u2103.<\/p><\/li><li><p><span style=\"text-align: var(--text-align)\"><b>Alta eficiencia y seguridad<\/b><\/span><b>:\u00a0<\/b> Cuenta con un dise\u00f1o de bobina de alta frecuencia, potencia de 12 VA, 15 VA y 25 VA. El excelente sellado evita que la bobina se queme, lo que garantiza un uso seguro, ideal para las industrias del gas.<\/p><\/li><li><p>\u00a0<b>Diafragma de elevaci\u00f3n directa:<\/b>\u00a0<span style=\"text-align: var(--text-align)\">Apertura desde 0 bar, adecuada para sistemas de baja presi\u00f3n. Proporciona un caudal elevado, lo que garantiza un funcionamiento eficiente.<\/span><\/p><\/li><\/ul>\t\t\t\t\t\t\t\t<\/div>\n\t\t\t\t<\/div>\n\t\t\t\t<\/div>\n\t\t<div class=\"elementor-element elementor-element-e796ac0 e-con-full e-flex e-con e-child\" data-id=\"e796ac0\" data-element_type=\"container\" data-e-type=\"container\" data-settings=\"{&quot;ekit_has_onepagescroll_dot&quot;:&quot;yes&quot;}\">\n\t\t\t\t<div class=\"elementor-element elementor-element-7ddba38 elementor-widget__width-initial elementor-widget elementor-widget-image\" data-id=\"7ddba38\" data-element_type=\"widget\" data-e-type=\"widget\" data-settings=\"{&quot;ekit_we_effect_on&quot;:&quot;none&quot;}\" data-widget_type=\"image.default\">\n\t\t\t\t<div class=\"elementor-widget-container\">\n\t\t\t\t\t\t\t\t\t\t\t\t\t\t\t<img fetchpriority=\"high\" decoding=\"async\" width=\"768\" height=\"759\" src=\"https:\/\/www.delcofluid.com\/wp-content\/uploads\/2024\/03\/product-finder-graphic-3-x900.jpg\" class=\"attachment-large size-large wp-image-2576\" alt=\"Solenoid Valves\" srcset=\"https:\/\/www.delcofluid.com\/wp-content\/uploads\/2024\/03\/product-finder-graphic-3-x900.jpg 768w, https:\/\/www.delcofluid.com\/wp-content\/uploads\/2024\/03\/product-finder-graphic-3-x900-100x100.jpg 100w, https:\/\/www.delcofluid.com\/wp-content\/uploads\/2024\/03\/product-finder-graphic-3-x900-600x593.jpg 600w, https:\/\/www.delcofluid.com\/wp-content\/uploads\/2024\/03\/product-finder-graphic-3-x900-300x296.jpg 300w\" sizes=\"(max-width: 768px) 100vw, 768px\" \/>\t\t\t\t\t\t\t\t\t\t\t\t\t\t\t<\/div>\n\t\t\t\t<\/div>\n\t\t\t\t<\/div>\n\t\t\t\t<\/div>\n\t\t<div class=\"elementor-element elementor-element-4e8d114 e-flex e-con-boxed e-con e-parent\" data-id=\"4e8d114\" data-element_type=\"container\" data-e-type=\"container\" data-settings=\"{&quot;ekit_has_onepagescroll_dot&quot;:&quot;yes&quot;}\">\n\t\t\t\t\t<div class=\"e-con-inner\">\n\t\t\t\t<div class=\"elementor-element elementor-element-4afd6ea elementor-widget elementor-widget-heading\" data-id=\"4afd6ea\" data-element_type=\"widget\" data-e-type=\"widget\" data-settings=\"{&quot;ekit_we_effect_on&quot;:&quot;none&quot;}\" data-widget_type=\"heading.default\">\n\t\t\t\t<div class=\"elementor-widget-container\">\n\t\t\t\t\t<h2 class=\"elementor-heading-title elementor-size-default\">El principio de funcionamiento de la v\u00e1lvula solenoide a prueba de explosiones de acci\u00f3n directa:<\/h2>\t\t\t\t<\/div>\n\t\t\t\t<\/div>\n\t\t\t\t<div class=\"elementor-element elementor-element-ffd4484 elementor-widget elementor-widget-text-editor\" data-id=\"ffd4484\" data-element_type=\"widget\" data-e-type=\"widget\" data-settings=\"{&quot;ekit_we_effect_on&quot;:&quot;none&quot;}\" data-widget_type=\"text-editor.default\">\n\t\t\t\t<div class=\"elementor-widget-container\">\n\t\t\t\t\t\t\t\t\t<p>Tipo normalmente cerrado: cuando se activa, la bobina del solenoide genera suficiente fuerza electromagn\u00e9tica para levantar las partes m\u00f3viles (como el n\u00facleo, el v\u00e1stago, el pist\u00f3n\/sello, etc.) del asiento de la v\u00e1lvula para abrir la v\u00e1lvula solenoide; cuando se activa, la fuerza del resorte presiona las partes m\u00f3viles sobre el asiento de la v\u00e1lvula para cerrar la v\u00e1lvula solenoide.<\/p><p>Tipo normalmente abierto: el principio de funcionamiento es opuesto al tipo normalmente cerrado, las partes m\u00f3viles se presionan sobre el asiento de la v\u00e1lvula para cerrar la v\u00e1lvula solenoide cuando se aplica el voltaje de suministro, y la fuerza electromagn\u00e9tica levanta las partes m\u00f3viles para abrir la v\u00e1lvula solenoide cuando se elimina el voltaje de suministro.<\/p>\t\t\t\t\t\t\t\t<\/div>\n\t\t\t\t<\/div>\n\t\t\t\t\t<\/div>\n\t\t\t\t<\/div>\n\t\t<div class=\"elementor-element elementor-element-15c4c55 e-con-full e-flex e-con e-parent\" data-id=\"15c4c55\" data-element_type=\"container\" data-e-type=\"container\" data-settings=\"{&quot;background_background&quot;:&quot;classic&quot;,&quot;ekit_has_onepagescroll_dot&quot;:&quot;yes&quot;}\">\n\t\t\t\t<div class=\"elementor-element elementor-element-cf7446a elementor-widget elementor-widget-heading\" data-id=\"cf7446a\" data-element_type=\"widget\" data-e-type=\"widget\" data-settings=\"{&quot;ekit_we_effect_on&quot;:&quot;none&quot;}\" data-widget_type=\"heading.default\">\n\t\t\t\t<div class=\"elementor-widget-container\">\n\t\t\t\t\t<h2 class=\"elementor-heading-title elementor-size-default\">Par\u00e1metros t\u00e9cnicos de las v\u00e1lvulas solenoides de diafragma de acci\u00f3n directa<\/h2>\t\t\t\t<\/div>\n\t\t\t\t<\/div>\n\t\t\t\t<\/div>\n\t\t<div class=\"elementor-element elementor-element-66467903 e-con-full e-flex e-con e-parent\" data-id=\"66467903\" data-element_type=\"container\" data-e-type=\"container\" data-settings=\"{&quot;ekit_has_onepagescroll_dot&quot;:&quot;yes&quot;}\">\n\t\t\t\t<div class=\"elementor-element elementor-element-94a1071 elementor-widget__width-initial elementor-widget elementor-widget-text-editor\" data-id=\"94a1071\" data-element_type=\"widget\" data-e-type=\"widget\" data-settings=\"{&quot;ekit_we_effect_on&quot;:&quot;none&quot;}\" data-widget_type=\"text-editor.default\">\n\t\t\t\t<div class=\"elementor-widget-container\">\n\t\t\t\t\t\t\t\t\t<table width=\"763\"><tbody><tr><td width=\"47\"><span style=\"vertical-align: inherit\"><span style=\"vertical-align: inherit\">Presi\u00f3n:<\/span><\/span><\/td><td width=\"112\">0-1,0 MPa (10 bares) \u00a0<\/td><td width=\"94\">Orificio (mm):<\/td><td width=\"258\">10, 15, 20, 25, 32, 40, 50<\/td><\/tr><tr><td width=\"47\">Garant\u00eda:<\/td><td width=\"112\">12 polillas<\/td><td width=\"94\">Voltaje:<\/td><td width=\"258\">CC-12 V, 24 V; CA-24 V, 120 V, 240 V\/60 Hz; 110 V, 220 V\/50 Hz<\/td><\/tr><tr><td width=\"47\">Rango de tallas<\/td><td width=\"112\">3\/8&#8221;~2&#8221;<\/td><td width=\"94\">\u00a0Funci\u00f3n:<\/td><td width=\"258\"><span style=\"vertical-align: inherit\"><span style=\"vertical-align: inherit\"> Normalmente cerrado \/ Normalmente abierto<\/span><\/span><\/td><\/tr><tr><td width=\"47\">Material:<\/td><td width=\"112\">Lat\u00f3n<\/td><td width=\"94\">Medios adecuados:<\/td><td width=\"258\">Agua, Aire, Petr\u00f3leo, Gas, etc.<\/td><\/tr><\/tbody><\/table>\t\t\t\t\t\t\t\t<\/div>\n\t\t\t\t<\/div>\n\t\t\t\t<\/div>\n\t\t<div class=\"elementor-element elementor-element-0b18e32 e-flex e-con-boxed e-con e-parent\" data-id=\"0b18e32\" data-element_type=\"container\" data-e-type=\"container\" data-settings=\"{&quot;ekit_has_onepagescroll_dot&quot;:&quot;yes&quot;}\">\n\t\t\t\t\t<div class=\"e-con-inner\">\n\t\t\t\t<div class=\"elementor-element elementor-element-c6975fe elementor-widget elementor-widget-heading\" data-id=\"c6975fe\" data-element_type=\"widget\" data-e-type=\"widget\" data-settings=\"{&quot;ekit_we_effect_on&quot;:&quot;none&quot;}\" data-widget_type=\"heading.default\">\n\t\t\t\t<div class=\"elementor-widget-container\">\n\t\t\t\t\t<h2 class=\"elementor-heading-title elementor-size-default\">Aplicaciones:<\/h2>\t\t\t\t<\/div>\n\t\t\t\t<\/div>\n\t\t\t\t<div class=\"elementor-element elementor-element-fab2721 elementor-widget elementor-widget-text-editor\" data-id=\"fab2721\" data-element_type=\"widget\" data-e-type=\"widget\" data-settings=\"{&quot;ekit_we_effect_on&quot;:&quot;none&quot;}\" data-widget_type=\"text-editor.default\">\n\t\t\t\t<div class=\"elementor-widget-container\">\n\t\t\t\t\t\t\t\t\t<ul><li><p><span style=\"text-align: var(--text-align)\"><b>Tratamiento de agua y aguas residuales<\/b><\/span><b>:<\/b> En las instalaciones de tratamiento de agua, las v\u00e1lvulas solenoides a prueba de explosiones controlan el flujo de agua, productos qu\u00edmicos y otras sustancias. Gestionan el proceso de tratamiento de agua para purificarla y tratar de forma segura las aguas residuales industriales de conformidad con las normas ambientales.<\/p><\/li><li><p><span style=\"text-align: var(--text-align)\"><b>Industria textil:<\/b><\/span><span style=\"text-align: var(--text-align)\">En la fabricaci\u00f3n de textiles, las v\u00e1lvulas solenoides a prueba de explosiones controlan los medios l\u00edquidos durante los procesos de te\u00f1ido y tratamiento qu\u00edmico. Garantizan la dosificaci\u00f3n y mezcla precisa de colorantes y productos qu\u00edmicos, asegurando as\u00ed la consistencia y calidad del color en los textiles.<\/span><\/p><\/li><li><p><strong>La industria qu\u00edmica:\u00a0<\/strong>La industria qu\u00edmica manipula y produce sustancias qu\u00edmicas. Las v\u00e1lvulas solenoides a prueba de explosiones controlan el flujo de l\u00edquidos. Est\u00e1n hechas de materiales que no se oxidan y mantienen las plantas qu\u00edmicas seguras y eficientes.<\/p><\/li><li><p><span style=\"text-align: var(--text-align)\"><b>Comida y bebida<\/b><\/span><b>:<\/b> \u00a0Las v\u00e1lvulas solenoides a prueba de explosiones controlan medios l\u00edquidos (por ejemplo, agua, jarabes, jugos) en l\u00edneas de producci\u00f3n de alimentos y bebidas. Estas v\u00e1lvulas controlan el flujo de l\u00edquido durante la producci\u00f3n de alimentos.<\/p><\/li><li><p><span style=\"text-align: var(--text-align)\"><b>Industrias farmac\u00e9utica y de pulpa y papel:\u00a0<\/b><\/span>Estas industrias utilizan v\u00e1lvulas solenoides a prueba de explosiones para controlar medios l\u00edquidos en procesos qu\u00edmicos.<\/p><\/li><\/ul>\t\t\t\t\t\t\t\t<\/div>\n\t\t\t\t<\/div>\n\t\t\t\t<div class=\"elementor-element elementor-element-472bfac elementor-widget elementor-widget-text-editor\" data-id=\"472bfac\" data-element_type=\"widget\" data-e-type=\"widget\" data-settings=\"{&quot;ekit_we_effect_on&quot;:&quot;none&quot;}\" data-widget_type=\"text-editor.default\">\n\t\t\t\t<div class=\"elementor-widget-container\">\n\t\t\t\t\t\t\t\t\t<p>Las electrov\u00e1lvulas a prueba de explosiones son componentes esenciales dise\u00f1ados para regular de forma segura el flujo de l\u00edquidos o gases en entornos con materiales inflamables, evitando as\u00ed posibles explosiones o accidentes. El impacto de las electrov\u00e1lvulas a prueba de explosiones se siente en diversos sectores industriales, incluidos el procesamiento de alimentos, el tratamiento del agua, los productos qu\u00edmicos y los productos farmac\u00e9uticos. En estos campos, desempe\u00f1an un papel esencial a la hora de garantizar la seguridad operativa y el cumplimiento de rigurosas normas de seguridad, contribuyendo as\u00ed a la seguridad y la eficiencia generales del lugar de trabajo moderno.<\/p>\t\t\t\t\t\t\t\t<\/div>\n\t\t\t\t<\/div>\n\t\t\t\t\t<\/div>\n\t\t\t\t<\/div>\n\t\t\t\t<\/div>","protected":false},"excerpt":{"rendered":"<p>La v\u00e1lvula solenoide a prueba de explosiones es un tipo de equipo de automatizaci\u00f3n especialmente dise\u00f1ado para medios inflamables y explosivos y lugares con riesgo de explosi\u00f3n, adecuado para la conmutaci\u00f3n autom\u00e1tica de medios de tuber\u00edas en estos lugares. Puede ser nivel de medios de agua, l\u00edquidos o gaseosos, concentraci\u00f3n, flujo, medici\u00f3n o ciclo de descarga para control autom\u00e1tico, para lograr una conmutaci\u00f3n de dos posiciones, para garantizar el funcionamiento seguro del sistema.<\/p>\n<p>La v\u00e1lvula solenoide a prueba de explosiones es adecuada para temperaturas de medios inferiores a 80 \u00b0 C, acero inoxidable, materiales de sellado para NBR, EPDM, FKM (VITON) y PTFE, rango de presi\u00f3n de 0 a 1.0 MPa (0 a 150 PSI), bobina de lat\u00f3n de 12 V, estructura tipo diafragma y soporte OEM personalizado. El tama\u00f1o de la interfaz es de 2 pulgadas y la garant\u00eda es de 1 a\u00f1o. Ampliamente utilizado en alimentos y bebidas, tratamiento de agua y aguas residuales, agua ultrapura, desalinizaci\u00f3n, industrias qu\u00edmicas, textiles, farmac\u00e9uticas, de pulpa y papel, miner\u00eda, calderas y energ\u00eda.<\/p>\n<ul>\n<li>Modelo: EX2W<\/li>\n<li>Rango de tama\u00f1o: 3\/8\u201d~2\u201d<\/li>\n<li>Rango de presi\u00f3n: 0-1,0 MPa<\/li>\n<li>Material: Lat\u00f3n o acero inoxidable 304\/316<\/li>\n<\/ul>","protected":false},"featured_media":6960,"template":"","meta":{"site-sidebar-layout":"default","site-content-layout":"","ast-site-content-layout":"default","site-content-style":"default","site-sidebar-style":"default","ast-global-header-display":"","ast-banner-title-visibility":"","ast-main-header-display":"","ast-hfb-above-header-display":"","ast-hfb-below-header-display":"","ast-hfb-mobile-header-display":"","site-post-title":"","ast-breadcrumbs-content":"","ast-featured-img":"","footer-sml-layout":"","ast-disable-related-posts":"","theme-transparent-header-meta":"default","adv-header-id-meta":"","stick-header-meta":"","header-above-stick-meta":"","header-main-stick-meta":"","header-below-stick-meta":"","astra-migrate-meta-layouts":"set","ast-page-background-enabled":"default","ast-page-background-meta":{"desktop":{"background-color":"var(--ast-global-color-4)","background-image":"","background-repeat":"repeat","background-position":"center center","background-size":"auto","background-attachment":"scroll","background-type":"","background-media":"","overlay-type":"","overlay-color":"","overlay-opacity":"","overlay-gradient":""},"tablet":{"background-color":"","background-image":"","background-repeat":"repeat","background-position":"center center","background-size":"auto","background-attachment":"scroll","background-type":"","background-media":"","overlay-type":"","overlay-color":"","overlay-opacity":"","overlay-gradient":""},"mobile":{"background-color":"","background-image":"","background-repeat":"repeat","background-position":"center center","background-size":"auto","background-attachment":"scroll","background-type":"","background-media":"","overlay-type":"","overlay-color":"","overlay-opacity":"","overlay-gradient":""}},"ast-content-background-meta":{"desktop":{"background-color":"var(--ast-global-color-5)","background-image":"","background-repeat":"repeat","background-position":"center center","background-size":"auto","background-attachment":"scroll","background-type":"","background-media":"","overlay-type":"","overlay-color":"","overlay-opacity":"","overlay-gradient":""},"tablet":{"background-color":"var(--ast-global-color-5)","background-image":"","background-repeat":"repeat","background-position":"center center","background-size":"auto","background-attachment":"scroll","background-type":"","background-media":"","overlay-type":"","overlay-color":"","overlay-opacity":"","overlay-gradient":""},"mobile":{"background-color":"var(--ast-global-color-5)","background-image":"","background-repeat":"repeat","background-position":"center center","background-size":"auto","background-attachment":"scroll","background-type":"","background-media":"","overlay-type":"","overlay-color":"","overlay-opacity":"","overlay-gradient":""}}},"product_brand":[],"product_cat":[713,33,37],"product_tag":[209,635,636,158,156,73,56],"class_list":{"0":"post-6165","1":"product","2":"type-product","3":"status-publish","4":"has-post-thumbnail","6":"product_cat-direct-acting-solenoid-valve","7":"product_cat-products","8":"product_cat-solenoid-valves","9":"product_tag-direct-acting-diaphragm-type-solenoid-valve","10":"product_tag-explosion-proof-diaphragm-solenoid-valve","11":"product_tag-explosion-proof-solenoid-valve","12":"product_tag-solenoid-valve","13":"product_tag-solenoid-valves","14":"product_tag-valve","15":"product_tag-valves","16":"desktop-align-center","17":"tablet-align-left","18":"mobile-align-left","20":"first","21":"instock","22":"shipping-taxable","23":"product-type-simple"},"_links":{"self":[{"href":"https:\/\/www.delcofluid.com\/es\/wp-json\/wp\/v2\/product\/6165","targetHints":{"allow":["GET"]}}],"collection":[{"href":"https:\/\/www.delcofluid.com\/es\/wp-json\/wp\/v2\/product"}],"about":[{"href":"https:\/\/www.delcofluid.com\/es\/wp-json\/wp\/v2\/types\/product"}],"version-history":[{"count":0,"href":"https:\/\/www.delcofluid.com\/es\/wp-json\/wp\/v2\/product\/6165\/revisions"}],"wp:featuredmedia":[{"embeddable":true,"href":"https:\/\/www.delcofluid.com\/es\/wp-json\/wp\/v2\/media\/6960"}],"wp:attachment":[{"href":"https:\/\/www.delcofluid.com\/es\/wp-json\/wp\/v2\/media?parent=6165"}],"wp:term":[{"taxonomy":"product_brand","embeddable":true,"href":"https:\/\/www.delcofluid.com\/es\/wp-json\/wp\/v2\/product_brand?post=6165"},{"taxonomy":"product_cat","embeddable":true,"href":"https:\/\/www.delcofluid.com\/es\/wp-json\/wp\/v2\/product_cat?post=6165"},{"taxonomy":"product_tag","embeddable":true,"href":"https:\/\/www.delcofluid.com\/es\/wp-json\/wp\/v2\/product_tag?post=6165"}],"curies":[{"name":"wp","href":"https:\/\/api.w.org\/{rel}","templated":true}]}}