{"id":6180,"date":"2024-06-26T04:22:24","date_gmt":"2024-06-26T03:22:24","guid":{"rendered":"https:\/\/www.delcofluid.com\/?post_type=product&#038;p=6180"},"modified":"2024-12-04T09:44:48","modified_gmt":"2024-12-04T09:44:48","slug":"direct-pull-diaphragm-flange-solenoid-valve-low-temperature-low-pressure","status":"publish","type":"product","link":"https:\/\/www.delcofluid.com\/es\/producto\/direct-pull-diaphragm-flange-solenoid-valve-low-temperature-low-pressure\/","title":{"rendered":"V\u00e1lvula solenoide de brida de diafragma de tiro directo DELCO para baja temperatura y baja presi\u00f3n"},"content":{"rendered":"<div data-elementor-type=\"product-post\" data-elementor-id=\"6180\" class=\"elementor elementor-6180\" data-elementor-post-type=\"product\">\n\t\t\t\t<div class=\"elementor-element elementor-element-20539a1c e-con-full e-flex e-con e-parent\" data-id=\"20539a1c\" data-element_type=\"container\" data-e-type=\"container\" data-settings=\"{&quot;ekit_has_onepagescroll_dot&quot;:&quot;yes&quot;}\">\n\t\t<div class=\"elementor-element elementor-element-3316fa6 e-con-full e-flex e-con e-child\" data-id=\"3316fa6\" data-element_type=\"container\" data-e-type=\"container\" data-settings=\"{&quot;ekit_has_onepagescroll_dot&quot;:&quot;yes&quot;}\">\n\t\t\t\t<div class=\"elementor-element elementor-element-b8b3abc elementor-widget elementor-widget-heading\" data-id=\"b8b3abc\" data-element_type=\"widget\" data-e-type=\"widget\" data-settings=\"{&quot;ekit_we_effect_on&quot;:&quot;none&quot;}\" data-widget_type=\"heading.default\">\n\t\t\t\t<div class=\"elementor-widget-container\">\n\t\t\t\t\t<h2 class=\"elementor-heading-title elementor-size-default\">Caracter\u00edsticas<\/h2>\t\t\t\t<\/div>\n\t\t\t\t<\/div>\n\t\t\t\t<div class=\"elementor-element elementor-element-4b43349d elementor-widget__width-initial elementor-widget elementor-widget-text-editor\" data-id=\"4b43349d\" data-element_type=\"widget\" data-e-type=\"widget\" data-settings=\"{&quot;ekit_we_effect_on&quot;:&quot;none&quot;}\" data-widget_type=\"text-editor.default\">\n\t\t\t\t<div class=\"elementor-widget-container\">\n\t\t\t\t\t\t\t\t\t<ul><li><p><strong>Conexi\u00f3n de brida<\/strong>:Conexi\u00f3n de brida, f\u00e1cil de instalar, adecuada para sistemas de tuber\u00edas de gran calibre, para garantizar la estabilidad y confiabilidad de la conexi\u00f3n.<\/p><\/li><li><p><strong>Estructura de sellado especial:<\/strong> Equipado con una estructura de sellado especial, utilizando juntas de caucho sint\u00e9tico importadas de alta calidad, con excelente resistencia a la abrasi\u00f3n y a la corrosi\u00f3n, para garantizar un funcionamiento sin fugas a largo plazo.<\/p><\/li><li><p><strong> Alto rendimiento de flujo<\/strong>:El caudal es 10% mayor que el de las v\u00e1lvulas tradicionales, lo que mejora el rendimiento general del sistema.<\/p><\/li><li><p><strong>Estructura del diafragma<\/strong>:Al adoptar una estructura de diafragma, tiene bajos requisitos de pureza del medio y es aplicable a una amplia gama de medios, incluidos aire, agua y aceite.<\/p><\/li><li><p>\u00a0<strong>Dise\u00f1o de bajo ruido<\/strong>:bajo ruido en el proceso de trabajo, sin fen\u00f3meno de golpe de ariete en el impacto de la v\u00e1lvula, el l\u00edquido sin el sonido del balde, gas, se puede mezclar para mejorar a\u00fan m\u00e1s la aplicaci\u00f3n de la v\u00e1lvula solenoide.<br \/><br \/><\/p><\/li><\/ul>\t\t\t\t\t\t\t\t<\/div>\n\t\t\t\t<\/div>\n\t\t\t\t<\/div>\n\t\t<div class=\"elementor-element elementor-element-e796ac0 e-con-full e-flex e-con e-child\" data-id=\"e796ac0\" data-element_type=\"container\" data-e-type=\"container\" data-settings=\"{&quot;ekit_has_onepagescroll_dot&quot;:&quot;yes&quot;}\">\n\t\t\t\t<div class=\"elementor-element elementor-element-7ddba38 elementor-widget__width-initial elementor-widget elementor-widget-image\" data-id=\"7ddba38\" data-element_type=\"widget\" data-e-type=\"widget\" data-settings=\"{&quot;ekit_we_effect_on&quot;:&quot;none&quot;}\" data-widget_type=\"image.default\">\n\t\t\t\t<div class=\"elementor-widget-container\">\n\t\t\t\t\t\t\t\t\t\t\t\t\t\t\t<img fetchpriority=\"high\" decoding=\"async\" width=\"768\" height=\"759\" src=\"https:\/\/www.delcofluid.com\/wp-content\/uploads\/2024\/03\/product-finder-graphic-3-x900.jpg\" class=\"attachment-large size-large wp-image-2576\" alt=\"Solenoid Valves\" srcset=\"https:\/\/www.delcofluid.com\/wp-content\/uploads\/2024\/03\/product-finder-graphic-3-x900.jpg 768w, https:\/\/www.delcofluid.com\/wp-content\/uploads\/2024\/03\/product-finder-graphic-3-x900-100x100.jpg 100w, https:\/\/www.delcofluid.com\/wp-content\/uploads\/2024\/03\/product-finder-graphic-3-x900-600x593.jpg 600w, https:\/\/www.delcofluid.com\/wp-content\/uploads\/2024\/03\/product-finder-graphic-3-x900-300x296.jpg 300w\" sizes=\"(max-width: 768px) 100vw, 768px\" \/>\t\t\t\t\t\t\t\t\t\t\t\t\t\t\t<\/div>\n\t\t\t\t<\/div>\n\t\t\t\t<\/div>\n\t\t\t\t<\/div>\n\t\t<div class=\"elementor-element elementor-element-4e8d114 e-flex e-con-boxed e-con e-parent\" data-id=\"4e8d114\" data-element_type=\"container\" data-e-type=\"container\" data-settings=\"{&quot;ekit_has_onepagescroll_dot&quot;:&quot;yes&quot;}\">\n\t\t\t\t\t<div class=\"e-con-inner\">\n\t\t\t\t<div class=\"elementor-element elementor-element-4afd6ea elementor-widget elementor-widget-heading\" data-id=\"4afd6ea\" data-element_type=\"widget\" data-e-type=\"widget\" data-settings=\"{&quot;ekit_we_effect_on&quot;:&quot;none&quot;}\" data-widget_type=\"heading.default\">\n\t\t\t\t<div class=\"elementor-widget-container\">\n\t\t\t\t\t<h2 class=\"elementor-heading-title elementor-size-default\">Principios de funcionamiento:<\/h2>\t\t\t\t<\/div>\n\t\t\t\t<\/div>\n\t\t\t\t<div class=\"elementor-element elementor-element-ffd4484 elementor-widget elementor-widget-text-editor\" data-id=\"ffd4484\" data-element_type=\"widget\" data-e-type=\"widget\" data-settings=\"{&quot;ekit_we_effect_on&quot;:&quot;none&quot;}\" data-widget_type=\"text-editor.default\">\n\t\t\t\t<div class=\"elementor-widget-container\">\n\t\t\t\t\t\t\t\t\t<p>A baja presi\u00f3n o presi\u00f3n nula, la electrov\u00e1lvula se abre levantando el diafragma del asiento mediante la fuerza electromagn\u00e9tica generada por la bobina del solenoide. Cuando el solenoide se desactiva, la fuerza de retorno del resorte empuja el diafragma hacia el asiento y cierra la v\u00e1lvula. Este principio de funcionamiento proporciona un funcionamiento de encendido y apagado fiable en entornos sin presi\u00f3n o de baja presi\u00f3n.<\/p>\t\t\t\t\t\t\t\t<\/div>\n\t\t\t\t<\/div>\n\t\t\t\t\t<\/div>\n\t\t\t\t<\/div>\n\t\t<div class=\"elementor-element elementor-element-15c4c55 e-con-full e-flex e-con e-parent\" data-id=\"15c4c55\" data-element_type=\"container\" data-e-type=\"container\" data-settings=\"{&quot;background_background&quot;:&quot;classic&quot;,&quot;ekit_has_onepagescroll_dot&quot;:&quot;yes&quot;}\">\n\t\t\t\t<div class=\"elementor-element elementor-element-cf7446a elementor-widget elementor-widget-heading\" data-id=\"cf7446a\" data-element_type=\"widget\" data-e-type=\"widget\" data-settings=\"{&quot;ekit_we_effect_on&quot;:&quot;none&quot;}\" data-widget_type=\"heading.default\">\n\t\t\t\t<div class=\"elementor-widget-container\">\n\t\t\t\t\t<h2 class=\"elementor-heading-title elementor-size-default\">Par\u00e1metros t\u00e9cnicos de las v\u00e1lvulas solenoides de diafragma de acci\u00f3n directa<\/h2>\t\t\t\t<\/div>\n\t\t\t\t<\/div>\n\t\t\t\t<\/div>\n\t\t<div class=\"elementor-element elementor-element-66467903 e-con-full e-flex e-con e-parent\" data-id=\"66467903\" data-element_type=\"container\" data-e-type=\"container\" data-settings=\"{&quot;ekit_has_onepagescroll_dot&quot;:&quot;yes&quot;}\">\n\t\t\t\t<div class=\"elementor-element elementor-element-94a1071 elementor-widget__width-initial elementor-widget elementor-widget-text-editor\" data-id=\"94a1071\" data-element_type=\"widget\" data-e-type=\"widget\" data-settings=\"{&quot;ekit_we_effect_on&quot;:&quot;none&quot;}\" data-widget_type=\"text-editor.default\">\n\t\t\t\t<div class=\"elementor-widget-container\">\n\t\t\t\t\t\t\t\t\t<table width=\"855\"><tbody><tr><td width=\"159\">Tama\u00f1o del puerto:<\/td><td width=\"205\">1\/2\u2033 ~ 4\u2033\u00a0<\/td><td width=\"146\">Material:<\/td><td width=\"345\">Acero inoxidable o lat\u00f3n<\/td><\/tr><tr><td width=\"159\">Presi\u00f3n:<\/td><td>0-1,0 MPa (10 bares)<\/td><td width=\"146\">Orificio (mm):\u00a0<\/td><td width=\"345\">15, 20, 25, 32, 40, 50<\/td><\/tr><tr><td width=\"159\">Conexi\u00f3n del puerto:<\/td><td width=\"205\">BSPP, BSPT, NPT, Brida<\/td><td width=\"146\">Funci\u00f3n:<\/td><td width=\"345\">Normalmente cerrado o abierto<\/td><\/tr><tr><td width=\"159\">Material de sellado:<\/td><td width=\"205\">EPDM, VITON, NBR, PTFE<\/td><td width=\"146\">Medios adecuados<\/td><td width=\"345\">Tallo, agua caliente, gas civil, aceite de aire<\/td><\/tr><tr><td width=\"159\">Temperatura del medio:<\/td><td width=\"205\">Sello NBR: 0 ~ 80 \u2103 <br \/>Junta de EPDM: 5 ~ 190 \u2103\u00a0<\/td><td width=\"146\">Voltaje:<\/td><td width=\"345\">CC: 12 V, 24 V, 36 V; CA: 24 V, 120 V, 240 V\/60 Hz; 110 V, 220 V\/50 Hz<\/td><\/tr><\/tbody><\/table><p>\u00a0<\/p>\t\t\t\t\t\t\t\t<\/div>\n\t\t\t\t<\/div>\n\t\t\t\t<\/div>\n\t\t<div class=\"elementor-element elementor-element-0b18e32 e-flex e-con-boxed e-con e-parent\" data-id=\"0b18e32\" data-element_type=\"container\" data-e-type=\"container\" data-settings=\"{&quot;ekit_has_onepagescroll_dot&quot;:&quot;yes&quot;}\">\n\t\t\t\t\t<div class=\"e-con-inner\">\n\t\t\t\t<div class=\"elementor-element elementor-element-c6975fe elementor-widget elementor-widget-heading\" data-id=\"c6975fe\" data-element_type=\"widget\" data-e-type=\"widget\" data-settings=\"{&quot;ekit_we_effect_on&quot;:&quot;none&quot;}\" data-widget_type=\"heading.default\">\n\t\t\t\t<div class=\"elementor-widget-container\">\n\t\t\t\t\t<h2 class=\"elementor-heading-title elementor-size-default\">Aplicaciones:<\/h2>\t\t\t\t<\/div>\n\t\t\t\t<\/div>\n\t\t\t\t<div class=\"elementor-element elementor-element-eb6e9f8 elementor-widget elementor-widget-text-editor\" data-id=\"eb6e9f8\" data-element_type=\"widget\" data-e-type=\"widget\" data-settings=\"{&quot;ekit_we_effect_on&quot;:&quot;none&quot;}\" data-widget_type=\"text-editor.default\">\n\t\t\t\t<div class=\"elementor-widget-container\">\n\t\t\t\t\t\t\t\t\t<p><span style=\"color: var( --e-global-color-text );font-family: var( --e-global-typography-text-font-family ), Sans-serif;font-weight: var( --e-global-typography-text-font-weight );text-align: var(--text-align)\">Electrov\u00e1lvulas de brida de diafragma de tiro recto<\/span>&nbsp;Se utilizan ampliamente en una variedad de industrias, entre ellas:<\/p>\n<ul>\n<li><strong>Sistemas de tuber\u00edas<\/strong>:Controla diversos fluidos en tuber\u00edas, garantizando una transmisi\u00f3n estable.<\/li>\n<li><strong>Industria petrolera<\/strong>:Controla el flujo de aceite, agua y otros medios en la extracci\u00f3n y procesamiento de petr\u00f3leo.<\/li>\n<li><strong>Industria electr\u00f3nica<\/strong>:Se utiliza para controlar el agua ultrapura y otros medios en la fabricaci\u00f3n de productos electr\u00f3nicos.<\/li>\n<li><strong>Transporte de gas natural<\/strong>:Garantiza el flujo seguro de gas en los sistemas de transporte de gas natural y de regulaci\u00f3n de presi\u00f3n.<\/li>\n<li><b>Industrias de procesamiento de pulpa y alimentos:<\/b> Controla la pulpa y los productos qu\u00edmicos en el proceso de fabricaci\u00f3n de papel y los l\u00edquidos y gases en el procesamiento de alimentos.<\/li>\n<li><strong>Qu\u00edmica y Petroqu\u00edmica<\/strong>:Adecuado para controlar \u00e1cidos, disolventes y otros medios qu\u00edmicos en plantas qu\u00edmicas e instalaciones petroqu\u00edmicas.<\/li>\n<\/ul>\t\t\t\t\t\t\t\t<\/div>\n\t\t\t\t<\/div>\n\t\t\t\t<div class=\"elementor-element elementor-element-fe1154f elementor-widget elementor-widget-heading\" data-id=\"fe1154f\" data-element_type=\"widget\" data-e-type=\"widget\" data-settings=\"{&quot;ekit_we_effect_on&quot;:&quot;none&quot;}\" data-widget_type=\"heading.default\">\n\t\t\t\t<div class=\"elementor-widget-container\">\n\t\t\t\t\t<h2 class=\"elementor-heading-title elementor-size-default\">Conclusi\u00f3n:<\/h2>\t\t\t\t<\/div>\n\t\t\t\t<\/div>\n\t\t\t\t<div class=\"elementor-element elementor-element-fab2721 elementor-widget elementor-widget-text-editor\" data-id=\"fab2721\" data-element_type=\"widget\" data-e-type=\"widget\" data-settings=\"{&quot;ekit_we_effect_on&quot;:&quot;none&quot;}\" data-widget_type=\"text-editor.default\">\n\t\t\t\t<div class=\"elementor-widget-container\">\n\t\t\t\t\t\t\t\t\t<p>Las v\u00e1lvulas solenoides de brida de diafragma de tiro recto se destacan por su funcionamiento estable, excelente rendimiento de sellado y alto coeficiente de flujo, lo que demuestra la importancia y el rendimiento superior en aplicaciones industriales, y son ampliamente utilizadas para el control de fluidos en diversas industrias, lo que las convierte en una opci\u00f3n ideal.<\/p>\t\t\t\t\t\t\t\t<\/div>\n\t\t\t\t<\/div>\n\t\t\t\t\t<\/div>\n\t\t\t\t<\/div>\n\t\t\t\t<\/div>","protected":false},"excerpt":{"rendered":"<p>La v\u00e1lvula solenoide de diafragma de brida de tracci\u00f3n recta es un tipo de v\u00e1lvula solenoide que realiza la operaci\u00f3n de conmutaci\u00f3n levantando el diafragma a trav\u00e9s de succi\u00f3n electromagn\u00e9tica, que es especialmente adecuada para entornos de baja presi\u00f3n o sin presi\u00f3n. La v\u00e1lvula solenoide adopta una estructura de diafragma, que requiere menos limpieza del medio, y su coeficiente de flujo es 10% m\u00e1s alto que el de las v\u00e1lvulas comunes, lo que mejora la eficiencia del sistema. A trav\u00e9s de una estructura de sellado especial y sellos de caucho sint\u00e9tico importados de alta calidad, la v\u00e1lvula puede funcionar de manera estable durante mucho tiempo sin fugas y con poco ruido. No hay fen\u00f3meno de golpe de ariete cuando el medio impacta, no hay sonido de barril para l\u00edquidos y se pueden mezclar gases. Debido a estas caracter\u00edsticas, las v\u00e1lvulas solenoides de diafragma de brida recta se utilizan ampliamente en sistemas de tuber\u00edas, instalaciones de tratamiento de agua, transmisi\u00f3n de gas natural, equipos de energ\u00eda el\u00e9ctrica, plantas qu\u00edmicas, plantas petroqu\u00edmicas, industria petrolera, industria papelera, producci\u00f3n minera, procesamiento de alimentos, ingenier\u00eda municipal, maquinaria y equipo, industria electr\u00f3nica e infraestructura urbana y otros campos.<\/p>\n<ul>\n<li>Modelo: V\u00e1lvulas solenoides de brida - 2W-F<\/li>\n<li>Rango de tama\u00f1o: 1\/2\u201d ~ 4\u201d<\/li>\n<li>Rango de presi\u00f3n: 0-1,0 MPa<\/li>\n<li>Material: Acero inoxidable 304\/316 o lat\u00f3n<\/li>\n<\/ul>","protected":false},"featured_media":6938,"template":"","meta":{"site-sidebar-layout":"default","site-content-layout":"","ast-site-content-layout":"default","site-content-style":"default","site-sidebar-style":"default","ast-global-header-display":"","ast-banner-title-visibility":"","ast-main-header-display":"","ast-hfb-above-header-display":"","ast-hfb-below-header-display":"","ast-hfb-mobile-header-display":"","site-post-title":"","ast-breadcrumbs-content":"","ast-featured-img":"","footer-sml-layout":"","ast-disable-related-posts":"","theme-transparent-header-meta":"default","adv-header-id-meta":"","stick-header-meta":"","header-above-stick-meta":"","header-main-stick-meta":"","header-below-stick-meta":"","astra-migrate-meta-layouts":"set","ast-page-background-enabled":"default","ast-page-background-meta":{"desktop":{"background-color":"var(--ast-global-color-4)","background-image":"","background-repeat":"repeat","background-position":"center center","background-size":"auto","background-attachment":"scroll","background-type":"","background-media":"","overlay-type":"","overlay-color":"","overlay-opacity":"","overlay-gradient":""},"tablet":{"background-color":"","background-image":"","background-repeat":"repeat","background-position":"center center","background-size":"auto","background-attachment":"scroll","background-type":"","background-media":"","overlay-type":"","overlay-color":"","overlay-opacity":"","overlay-gradient":""},"mobile":{"background-color":"","background-image":"","background-repeat":"repeat","background-position":"center center","background-size":"auto","background-attachment":"scroll","background-type":"","background-media":"","overlay-type":"","overlay-color":"","overlay-opacity":"","overlay-gradient":""}},"ast-content-background-meta":{"desktop":{"background-color":"var(--ast-global-color-5)","background-image":"","background-repeat":"repeat","background-position":"center center","background-size":"auto","background-attachment":"scroll","background-type":"","background-media":"","overlay-type":"","overlay-color":"","overlay-opacity":"","overlay-gradient":""},"tablet":{"background-color":"var(--ast-global-color-5)","background-image":"","background-repeat":"repeat","background-position":"center center","background-size":"auto","background-attachment":"scroll","background-type":"","background-media":"","overlay-type":"","overlay-color":"","overlay-opacity":"","overlay-gradient":""},"mobile":{"background-color":"var(--ast-global-color-5)","background-image":"","background-repeat":"repeat","background-position":"center center","background-size":"auto","background-attachment":"scroll","background-type":"","background-media":"","overlay-type":"","overlay-color":"","overlay-opacity":"","overlay-gradient":""}}},"product_brand":[],"product_cat":[713,33,37],"product_tag":[209,637,639,158,638,156,73],"class_list":{"0":"post-6180","1":"product","2":"type-product","3":"status-publish","4":"has-post-thumbnail","6":"product_cat-direct-acting-solenoid-valve","7":"product_cat-products","8":"product_cat-solenoid-valves","9":"product_tag-direct-acting-diaphragm-type-solenoid-valve","10":"product_tag-direct-pull-diaphragm-flange-solenoid-valve","11":"product_tag-flange-solenoid-valve","12":"product_tag-solenoid-valve","13":"product_tag-solenoid-valve-low-temperature-low-pressure","14":"product_tag-solenoid-valves","15":"product_tag-valve","16":"desktop-align-center","17":"tablet-align-left","18":"mobile-align-left","20":"first","21":"instock","22":"shipping-taxable","23":"product-type-simple"},"_links":{"self":[{"href":"https:\/\/www.delcofluid.com\/es\/wp-json\/wp\/v2\/product\/6180","targetHints":{"allow":["GET"]}}],"collection":[{"href":"https:\/\/www.delcofluid.com\/es\/wp-json\/wp\/v2\/product"}],"about":[{"href":"https:\/\/www.delcofluid.com\/es\/wp-json\/wp\/v2\/types\/product"}],"version-history":[{"count":0,"href":"https:\/\/www.delcofluid.com\/es\/wp-json\/wp\/v2\/product\/6180\/revisions"}],"wp:featuredmedia":[{"embeddable":true,"href":"https:\/\/www.delcofluid.com\/es\/wp-json\/wp\/v2\/media\/6938"}],"wp:attachment":[{"href":"https:\/\/www.delcofluid.com\/es\/wp-json\/wp\/v2\/media?parent=6180"}],"wp:term":[{"taxonomy":"product_brand","embeddable":true,"href":"https:\/\/www.delcofluid.com\/es\/wp-json\/wp\/v2\/product_brand?post=6180"},{"taxonomy":"product_cat","embeddable":true,"href":"https:\/\/www.delcofluid.com\/es\/wp-json\/wp\/v2\/product_cat?post=6180"},{"taxonomy":"product_tag","embeddable":true,"href":"https:\/\/www.delcofluid.com\/es\/wp-json\/wp\/v2\/product_tag?post=6180"}],"curies":[{"name":"wp","href":"https:\/\/api.w.org\/{rel}","templated":true}]}}