{"id":6196,"date":"2024-06-27T04:29:52","date_gmt":"2024-06-27T03:29:52","guid":{"rendered":"https:\/\/www.delcofluid.com\/?post_type=product&#038;p=6196"},"modified":"2024-08-12T04:29:38","modified_gmt":"2024-08-12T03:29:38","slug":"manual-cast-steel-eccentric-half-ball-valve","status":"publish","type":"product","link":"https:\/\/www.delcofluid.com\/es\/producto\/manual-cast-steel-eccentric-half-ball-valve\/","title":{"rendered":"V\u00e1lvula de bola semiesf\u00e9rica exc\u00e9ntrica montada en mu\u00f1\u00f3n DELCO"},"content":{"rendered":"<div data-elementor-type=\"product-post\" data-elementor-id=\"6196\" class=\"elementor elementor-6196\" data-elementor-post-type=\"product\">\n\t\t\t\t<div class=\"elementor-element elementor-element-6fb59a60 e-flex e-con-boxed e-con e-parent\" data-id=\"6fb59a60\" data-element_type=\"container\" data-e-type=\"container\" data-settings=\"{&quot;ekit_has_onepagescroll_dot&quot;:&quot;yes&quot;}\">\n\t\t\t\t\t<div class=\"e-con-inner\">\n\t\t<div class=\"elementor-element elementor-element-b2e102c e-con-full e-flex e-con e-child\" data-id=\"b2e102c\" data-element_type=\"container\" data-e-type=\"container\" data-settings=\"{&quot;ekit_has_onepagescroll_dot&quot;:&quot;yes&quot;}\">\n\t\t\t\t<div class=\"elementor-element elementor-element-4c3cf80 elementor-widget elementor-widget-heading\" data-id=\"4c3cf80\" data-element_type=\"widget\" data-e-type=\"widget\" data-settings=\"{&quot;ekit_we_effect_on&quot;:&quot;none&quot;}\" data-widget_type=\"heading.default\">\n\t\t\t\t<div class=\"elementor-widget-container\">\n\t\t\t\t\t<h2 class=\"elementor-heading-title elementor-size-default\">Caracter\u00edsticas<\/h2>\t\t\t\t<\/div>\n\t\t\t\t<\/div>\n\t\t\t\t<div class=\"elementor-element elementor-element-1af4cc68 elementor-widget__width-initial elementor-widget elementor-widget-text-editor\" data-id=\"1af4cc68\" data-element_type=\"widget\" data-e-type=\"widget\" data-settings=\"{&quot;ekit_we_effect_on&quot;:&quot;none&quot;}\" data-widget_type=\"text-editor.default\">\n\t\t\t\t<div class=\"elementor-widget-container\">\n\t\t\t\t\t\t\t\t\t<ul><li>Operaci\u00f3n flexible: el dispositivo de operaci\u00f3n manual permite que la v\u00e1lvula responda y se ajuste r\u00e1pidamente para satisfacer las necesidades reales.<\/li><li>Fuerte adaptabilidad: el material de aleaci\u00f3n le permite hacer frente a las necesidades de control de fluidos de diversos medios y condiciones de trabajo.<\/li><li>Resistente al desgaste y anticorrosi\u00f3n: aleaci\u00f3n de superficie y tratamiento especial, la superficie de sellado con caracter\u00edsticas anticorrosi\u00f3n, resistente al desgaste y a altas temperaturas, adecuada para diferentes aplicaciones.<\/li><li>F\u00e1cil mantenimiento: estructura simple, despu\u00e9s de despresurizar el sistema, se puede inspeccionar y reparar en l\u00ednea abriendo el cap\u00f3 para levantar la corona de bola y el cuerpo de soporte sin desmontar toda la v\u00e1lvula.<\/li><li>Reduce la fricci\u00f3n y el desgaste: el dise\u00f1o exc\u00e9ntrico reduce el \u00e1rea de contacto entre la bola y el asiento de la v\u00e1lvula, lo que reduce la fricci\u00f3n durante la apertura y el cierre, y el asiento y la corona est\u00e1n dise\u00f1ados con una cantidad de compensaci\u00f3n, de modo que una ligera rotaci\u00f3n puede mantener un sello confiable despu\u00e9s del desgaste, prolongando la vida \u00fatil de la v\u00e1lvula.<\/li><\/ul>\t\t\t\t\t\t\t\t<\/div>\n\t\t\t\t<\/div>\n\t\t\t\t<\/div>\n\t\t\t\t<div class=\"elementor-element elementor-element-8e57110 elementor-widget elementor-widget-image\" data-id=\"8e57110\" data-element_type=\"widget\" data-e-type=\"widget\" data-settings=\"{&quot;ekit_we_effect_on&quot;:&quot;none&quot;}\" data-widget_type=\"image.default\">\n\t\t\t\t<div class=\"elementor-widget-container\">\n\t\t\t\t\t\t\t\t\t\t\t\t\t\t\t<img fetchpriority=\"high\" decoding=\"async\" width=\"768\" height=\"759\" src=\"https:\/\/www.delcofluid.com\/wp-content\/uploads\/2024\/03\/product-finder-graphic-3-x900.jpg\" class=\"attachment-large size-large wp-image-2576\" alt=\"Solenoid Valves\" srcset=\"https:\/\/www.delcofluid.com\/wp-content\/uploads\/2024\/03\/product-finder-graphic-3-x900.jpg 768w, https:\/\/www.delcofluid.com\/wp-content\/uploads\/2024\/03\/product-finder-graphic-3-x900-100x100.jpg 100w, https:\/\/www.delcofluid.com\/wp-content\/uploads\/2024\/03\/product-finder-graphic-3-x900-600x593.jpg 600w, https:\/\/www.delcofluid.com\/wp-content\/uploads\/2024\/03\/product-finder-graphic-3-x900-300x296.jpg 300w\" sizes=\"(max-width: 768px) 100vw, 768px\" \/>\t\t\t\t\t\t\t\t\t\t\t\t\t\t\t<\/div>\n\t\t\t\t<\/div>\n\t\t\t\t\t<\/div>\n\t\t\t\t<\/div>\n\t\t<div class=\"elementor-element elementor-element-a55eeda e-flex e-con-boxed e-con e-parent\" data-id=\"a55eeda\" data-element_type=\"container\" data-e-type=\"container\" data-settings=\"{&quot;background_background&quot;:&quot;classic&quot;,&quot;ekit_has_onepagescroll_dot&quot;:&quot;yes&quot;}\">\n\t\t\t\t\t<div class=\"e-con-inner\">\n\t\t\t\t<div class=\"elementor-element elementor-element-585e9d9 elementor-widget elementor-widget-heading\" data-id=\"585e9d9\" data-element_type=\"widget\" data-e-type=\"widget\" data-settings=\"{&quot;ekit_we_effect_on&quot;:&quot;none&quot;}\" data-widget_type=\"heading.default\">\n\t\t\t\t<div class=\"elementor-widget-container\">\n\t\t\t\t\t<h2 class=\"elementor-heading-title elementor-size-default\">Par\u00e1metros t\u00e9cnicos<\/h2>\t\t\t\t<\/div>\n\t\t\t\t<\/div>\n\t\t\t\t\t<\/div>\n\t\t\t\t<\/div>\n\t\t<div class=\"elementor-element elementor-element-3414eb9 e-con-full e-flex e-con e-parent\" data-id=\"3414eb9\" data-element_type=\"container\" data-e-type=\"container\" data-settings=\"{&quot;background_background&quot;:&quot;classic&quot;,&quot;ekit_has_onepagescroll_dot&quot;:&quot;yes&quot;}\">\n\t\t\t\t<div class=\"elementor-element elementor-element-13df62f elementor-widget__width-initial elementor-widget elementor-widget-text-editor\" data-id=\"13df62f\" data-element_type=\"widget\" data-e-type=\"widget\" data-settings=\"{&quot;ekit_we_effect_on&quot;:&quot;none&quot;}\" data-widget_type=\"text-editor.default\">\n\t\t\t\t<div class=\"elementor-widget-container\">\n\t\t\t\t\t\t\t\t\t<table width=\"855\"><tbody><tr><td width=\"159\">Tama\u00f1o del puerto:<\/td><td width=\"205\">2\u2033~24\u2033(DN50~DN600)<\/td><td width=\"146\">Material:<\/td><td width=\"345\">Acero al carbono, acero inoxidable, acero aleado.<\/td><\/tr><tr><td width=\"159\">Presi\u00f3n:<\/td><td>CLASE ASME 150~600 (PN16~PN100)<\/td><td width=\"146\">Caracter\u00edstica de flujo:\u00a0<\/td><td width=\"345\">Funci\u00f3n de apertura r\u00e1pida<\/td><\/tr><tr><td width=\"159\">Garant\u00eda:<\/td><td width=\"205\">12 polillas<\/td><td width=\"146\">Funci\u00f3n:<\/td><td width=\"345\">Manual<\/td><\/tr><tr><td width=\"159\">Temperatura adecuada:<\/td><td width=\"205\">PTFE\u2264150\u2103 RTFE\u2264180\u2103 PPL\u2264300\u2103<br \/>Sellado duro \u2264450 \u2103<\/td><td width=\"146\">Medios adecuados<\/td><td width=\"345\">Agua, gas, vapor, petr\u00f3leo, medio corrosivo, etc.<\/td><\/tr><\/tbody><\/table>\t\t\t\t\t\t\t\t<\/div>\n\t\t\t\t<\/div>\n\t\t\t\t<\/div>\n\t\t<div class=\"elementor-element elementor-element-daef6c8 e-flex e-con-boxed e-con e-parent\" data-id=\"daef6c8\" data-element_type=\"container\" data-e-type=\"container\" data-settings=\"{&quot;ekit_has_onepagescroll_dot&quot;:&quot;yes&quot;}\">\n\t\t\t\t\t<div class=\"e-con-inner\">\n\t\t\t\t<div class=\"elementor-element elementor-element-52ddb61 elementor-widget elementor-widget-heading\" data-id=\"52ddb61\" data-element_type=\"widget\" data-e-type=\"widget\" data-settings=\"{&quot;ekit_we_effect_on&quot;:&quot;none&quot;}\" data-widget_type=\"heading.default\">\n\t\t\t\t<div class=\"elementor-widget-container\">\n\t\t\t\t\t<h2 class=\"elementor-heading-title elementor-size-default\">Solicitud<\/h2>\t\t\t\t<\/div>\n\t\t\t\t<\/div>\n\t\t\t\t<div class=\"elementor-element elementor-element-ac1034b elementor-widget elementor-widget-text-editor\" data-id=\"ac1034b\" data-element_type=\"widget\" data-e-type=\"widget\" data-settings=\"{&quot;ekit_we_effect_on&quot;:&quot;none&quot;}\" data-widget_type=\"text-editor.default\">\n\t\t\t\t<div class=\"elementor-widget-container\">\n\t\t\t\t\t\t\t\t\t<p>1. Tratamiento de aguas residuales:<br \/>Las v\u00e1lvulas de bola hemisf\u00e9ricas exc\u00e9ntricas demuestran un rendimiento antiobstrucci\u00f3n superior y caracter\u00edsticas de resistencia al desgaste en el manejo de medios con part\u00edculas s\u00f3lidas y lodos durante el tratamiento de aguas residuales. Regulan eficazmente el flujo de aguas residuales, reducen los requisitos de mantenimiento y prolongan la vida \u00fatil del equipo.<\/p><p>2. Industria papelera:<br \/>En la industria papelera, las v\u00e1lvulas hemisf\u00e9ricas exc\u00e9ntricas controlan el flujo de pulpa y productos qu\u00edmicos. Su dise\u00f1o exc\u00e9ntrico y su robusta estructura de sellado evitan la formaci\u00f3n de incrustaciones y el desgaste, lo que garantiza un proceso de producci\u00f3n eficiente y estable que puede manejar medios de alta viscosidad y alto contenido de s\u00f3lidos.<\/p><p>3. Procesamiento qu\u00edmico:<br \/>La industria qu\u00edmica requiere el manejo de medios corrosivos, altas temperaturas y entornos de alta presi\u00f3n. La resistencia a la corrosi\u00f3n, la resistencia al desgaste y la capacidad de soportar altas temperaturas de las v\u00e1lvulas de media bola exc\u00e9ntricas las hacen ideales para controlar \u00e1cidos, \u00e1lcalis, solventes y otros fluidos qu\u00edmicos, lo que garantiza la seguridad y confiabilidad del sistema.<\/p><p>4. Oleoductos y gasoductos:<br \/>Las v\u00e1lvulas de la industria del petr\u00f3leo y el gas deben funcionar de manera confiable en condiciones de alta presi\u00f3n, alta temperatura y corrosi\u00f3n. Las v\u00e1lvulas semiesf\u00e9ricas exc\u00e9ntricas controlan eficazmente el flujo de petr\u00f3leo y gas, lo que garantiza la seguridad, la eficiencia y la reducci\u00f3n del mantenimiento de los sistemas de tuber\u00edas.<\/p><p>5. Industria de generaci\u00f3n de energ\u00eda:<br \/>Las v\u00e1lvulas de media bola exc\u00e9ntricas en las centrales el\u00e9ctricas regulan el flujo de agua de refrigeraci\u00f3n, vapor y combustible. Su alta resistencia a la abrasi\u00f3n y su excelente rendimiento de sellado permiten un funcionamiento estable en entornos de alta temperatura y alta presi\u00f3n, lo que reduce las fallas de las v\u00e1lvulas y mejora la eficiencia y la seguridad de los equipos de generaci\u00f3n de energ\u00eda.<\/p><p>6. Desescoriaci\u00f3n hidr\u00e1ulica:<br \/>En los sistemas de desescoriado hidr\u00e1ulico, las v\u00e1lvulas de bola hemisf\u00e9ricas exc\u00e9ntricas manejan fluidos que contienen part\u00edculas s\u00f3lidas y sustancias corrosivas. Su dise\u00f1o evita eficazmente el desgaste y las obstrucciones, asegurando un funcionamiento continuo y eficiente del proceso de desescoriado.<\/p>\t\t\t\t\t\t\t\t<\/div>\n\t\t\t\t<\/div>\n\t\t\t\t\t<\/div>\n\t\t\t\t<\/div>\n\t\t\t\t<\/div>","protected":false},"excerpt":{"rendered":"<p>La v\u00e1lvula de media bola exc\u00e9ntrica (v\u00e1lvula de media bola exc\u00e9ntrica) es un tipo de v\u00e1lvula industrial que se desarrolla con \u00e9xito absorbiendo e integrando la tecnolog\u00eda avanzada nacional e internacional. Su caracter\u00edstica de dise\u00f1o es que la bola no est\u00e1 ubicada en el centro de la v\u00e1lvula, sino que est\u00e1 instalada de forma exc\u00e9ntrica. La corona de la bola de metal est\u00e1 fijada en la esfera exc\u00e9ntrica y la v\u00e1lvula se abre y se cierra girando el cig\u00fce\u00f1al exc\u00e9ntrico 90 grados. Este dise\u00f1o reduce eficazmente la fricci\u00f3n y el desgaste de la bola durante el funcionamiento y es especialmente adecuado para el transporte de medios que se incrustan f\u00e1cilmente. La parte hemisf\u00e9rica de la v\u00e1lvula fija la corona de metal en la esfera exc\u00e9ntrica y ensambla diferentes coronas de aleaci\u00f3n en la esfera, y el asiento de la v\u00e1lvula tambi\u00e9n superpone la aleaci\u00f3n en consecuencia, y despu\u00e9s de un tratamiento especial, la superficie de sellado est\u00e1 equipada con anticorrosi\u00f3n, resistente a la abrasi\u00f3n y resistente a altas temperaturas y otras caracter\u00edsticas, que pueden satisfacer las necesidades de diferentes condiciones de trabajo. El asiento de la v\u00e1lvula y la corona de la bola est\u00e1n dise\u00f1ados con una cierta cantidad de compensaci\u00f3n, de modo que cuando el asiento de la v\u00e1lvula se desgasta, una ligera rotaci\u00f3n al cerrar a\u00fan puede mantener un sello confiable, extendiendo as\u00ed la vida \u00fatil de la v\u00e1lvula y mejorando la eficiencia operativa. Las v\u00e1lvulas de media bola exc\u00e9ntricas se utilizan ampliamente en campos industriales que requieren un funcionamiento frecuente y un control estricto del flujo, como f\u00e1bricas de papel, tratamiento de aguas residuales y petroqu\u00edmicos y otros sistemas de control de fluidos.<\/p>\n<p>Modelo: V\u00e1lvula de bola exc\u00e9ntrica<br \/>\nRango de tama\u00f1o: 2\u2033~24\u2033(DN50~DN600)<br \/>\nRango de presi\u00f3n: ASME CLASE 150~600 (PN16~PN100)<br \/>\nMaterial: acero al carbono, acero inoxidable, acero aleado.<\/p>","protected":false},"featured_media":7368,"template":"","meta":{"site-sidebar-layout":"default","site-content-layout":"","ast-site-content-layout":"default","site-content-style":"default","site-sidebar-style":"default","ast-global-header-display":"","ast-banner-title-visibility":"","ast-main-header-display":"","ast-hfb-above-header-display":"","ast-hfb-below-header-display":"","ast-hfb-mobile-header-display":"","site-post-title":"","ast-breadcrumbs-content":"","ast-featured-img":"","footer-sml-layout":"","ast-disable-related-posts":"","theme-transparent-header-meta":"default","adv-header-id-meta":"","stick-header-meta":"","header-above-stick-meta":"","header-main-stick-meta":"","header-below-stick-meta":"","astra-migrate-meta-layouts":"set","ast-page-background-enabled":"default","ast-page-background-meta":{"desktop":{"background-color":"var(--ast-global-color-4)","background-image":"","background-repeat":"repeat","background-position":"center center","background-size":"auto","background-attachment":"scroll","background-type":"","background-media":"","overlay-type":"","overlay-color":"","overlay-opacity":"","overlay-gradient":""},"tablet":{"background-color":"","background-image":"","background-repeat":"repeat","background-position":"center center","background-size":"auto","background-attachment":"scroll","background-type":"","background-media":"","overlay-type":"","overlay-color":"","overlay-opacity":"","overlay-gradient":""},"mobile":{"background-color":"","background-image":"","background-repeat":"repeat","background-position":"center center","background-size":"auto","background-attachment":"scroll","background-type":"","background-media":"","overlay-type":"","overlay-color":"","overlay-opacity":"","overlay-gradient":""}},"ast-content-background-meta":{"desktop":{"background-color":"var(--ast-global-color-5)","background-image":"","background-repeat":"repeat","background-position":"center center","background-size":"auto","background-attachment":"scroll","background-type":"","background-media":"","overlay-type":"","overlay-color":"","overlay-opacity":"","overlay-gradient":""},"tablet":{"background-color":"var(--ast-global-color-5)","background-image":"","background-repeat":"repeat","background-position":"center center","background-size":"auto","background-attachment":"scroll","background-type":"","background-media":"","overlay-type":"","overlay-color":"","overlay-opacity":"","overlay-gradient":""},"mobile":{"background-color":"var(--ast-global-color-5)","background-image":"","background-repeat":"repeat","background-position":"center center","background-size":"auto","background-attachment":"scroll","background-type":"","background-media":"","overlay-type":"","overlay-color":"","overlay-opacity":"","overlay-gradient":""}}},"product_brand":[],"product_cat":[705,116,33],"product_tag":[642,641,640,261,102,73,56],"class_list":{"0":"post-6196","1":"product","2":"type-product","3":"status-publish","4":"has-post-thumbnail","6":"product_cat-manual-ball-valve","7":"product_cat-manual-valves","8":"product_cat-products","9":"product_tag-cast-steel-eccentric-half-ball-valve","10":"product_tag-eccentric-half-ball-valve","11":"product_tag-eccentric-half-flange-ball-valve","12":"product_tag-manual-valve","13":"product_tag-manual-valves","14":"product_tag-valve","15":"product_tag-valves","16":"desktop-align-center","17":"tablet-align-left","18":"mobile-align-left","20":"first","21":"instock","22":"shipping-taxable","23":"product-type-simple"},"_links":{"self":[{"href":"https:\/\/www.delcofluid.com\/es\/wp-json\/wp\/v2\/product\/6196","targetHints":{"allow":["GET"]}}],"collection":[{"href":"https:\/\/www.delcofluid.com\/es\/wp-json\/wp\/v2\/product"}],"about":[{"href":"https:\/\/www.delcofluid.com\/es\/wp-json\/wp\/v2\/types\/product"}],"version-history":[{"count":0,"href":"https:\/\/www.delcofluid.com\/es\/wp-json\/wp\/v2\/product\/6196\/revisions"}],"wp:featuredmedia":[{"embeddable":true,"href":"https:\/\/www.delcofluid.com\/es\/wp-json\/wp\/v2\/media\/7368"}],"wp:attachment":[{"href":"https:\/\/www.delcofluid.com\/es\/wp-json\/wp\/v2\/media?parent=6196"}],"wp:term":[{"taxonomy":"product_brand","embeddable":true,"href":"https:\/\/www.delcofluid.com\/es\/wp-json\/wp\/v2\/product_brand?post=6196"},{"taxonomy":"product_cat","embeddable":true,"href":"https:\/\/www.delcofluid.com\/es\/wp-json\/wp\/v2\/product_cat?post=6196"},{"taxonomy":"product_tag","embeddable":true,"href":"https:\/\/www.delcofluid.com\/es\/wp-json\/wp\/v2\/product_tag?post=6196"}],"curies":[{"name":"wp","href":"https:\/\/api.w.org\/{rel}","templated":true}]}}