{"id":6213,"date":"2024-06-27T09:08:42","date_gmt":"2024-06-27T08:08:42","guid":{"rendered":"https:\/\/www.delcofluid.com\/?post_type=product&#038;p=6213"},"modified":"2024-07-17T07:14:38","modified_gmt":"2024-07-17T06:14:38","slug":"manual-flange-wafer-type-thin-ball-valve-with-handle","status":"publish","type":"product","link":"https:\/\/www.delcofluid.com\/es\/producto\/manual-flange-wafer-type-thin-ball-valve-with-handle\/","title":{"rendered":"V\u00e1lvula de bola fina tipo wafer con brida manual y manija"},"content":{"rendered":"<div data-elementor-type=\"product-post\" data-elementor-id=\"6213\" class=\"elementor elementor-6213\" data-elementor-post-type=\"product\">\n\t\t\t\t<div class=\"elementor-element elementor-element-6fb59a60 e-con-full e-flex e-con e-parent\" data-id=\"6fb59a60\" data-element_type=\"container\" data-e-type=\"container\" data-settings=\"{&quot;ekit_has_onepagescroll_dot&quot;:&quot;yes&quot;}\">\n\t\t<div class=\"elementor-element elementor-element-b2e102c e-con-full e-flex e-con e-child\" data-id=\"b2e102c\" data-element_type=\"container\" data-e-type=\"container\" data-settings=\"{&quot;ekit_has_onepagescroll_dot&quot;:&quot;yes&quot;}\">\n\t\t\t\t<div class=\"elementor-element elementor-element-4c3cf80 elementor-widget elementor-widget-heading\" data-id=\"4c3cf80\" data-element_type=\"widget\" data-e-type=\"widget\" data-settings=\"{&quot;ekit_we_effect_on&quot;:&quot;none&quot;}\" data-widget_type=\"heading.default\">\n\t\t\t\t<div class=\"elementor-widget-container\">\n\t\t\t\t\t<h2 class=\"elementor-heading-title elementor-size-default\">Caracter\u00edsticas<\/h2>\t\t\t\t<\/div>\n\t\t\t\t<\/div>\n\t\t\t\t<div class=\"elementor-element elementor-element-1af4cc68 elementor-widget__width-initial elementor-widget elementor-widget-text-editor\" data-id=\"1af4cc68\" data-element_type=\"widget\" data-e-type=\"widget\" data-settings=\"{&quot;ekit_we_effect_on&quot;:&quot;none&quot;}\" data-widget_type=\"text-editor.default\">\n\t\t\t\t<div class=\"elementor-widget-container\">\n\t\t\t\t\t\t\t\t\t<p><strong>Tama\u00f1o compacto<\/strong><br \/>Dise\u00f1o compacto, ocupa menos espacio, adecuado para entornos de instalaci\u00f3n estrechos.<br \/><strong>Dise\u00f1o innovador<\/strong><br \/>Adoptando conceptos de dise\u00f1o avanzados, estructura compacta y eficiente, satisfaciendo necesidades diversificadas.<br \/><strong>Instalaci\u00f3n conveniente<\/strong><br \/>Compacto y ligero, f\u00e1cil de instalar, ahorrando tiempo y costes de mano de obra.<br \/><strong>F\u00e1cil de operar<\/strong><br \/>Funcionamiento suave, f\u00e1cil de abrir y cerrar, mejorando la comodidad y la seguridad.<br \/><strong>Rendimiento estable<\/strong><br \/>Fabricado con materiales de alta calidad, rendimiento estable y confiable, adapt\u00e1ndose a diversos entornos de trabajo.<br \/><strong>Estructura resistente al fuego<\/strong><br \/>Al adoptar materiales resistentes al fuego, puede proteger los componentes internos en condiciones extremas y garantizar un funcionamiento continuo.<br \/><strong>Mantenimiento sencillo<\/strong><br \/>La estructura simple facilita el mantenimiento y conservaci\u00f3n, reduciendo los costes y el tiempo de mantenimiento.<br \/><strong>Resistente a alta presi\u00f3n<\/strong><br \/>Dise\u00f1ado para soportar altas presiones de trabajo, adecuado para necesidades de control de fluidos de alta presi\u00f3n.<\/p>\t\t\t\t\t\t\t\t<\/div>\n\t\t\t\t<\/div>\n\t\t\t\t<\/div>\n\t\t\t\t<div class=\"elementor-element elementor-element-8e57110 elementor-widget elementor-widget-image\" data-id=\"8e57110\" data-element_type=\"widget\" data-e-type=\"widget\" data-settings=\"{&quot;ekit_we_effect_on&quot;:&quot;none&quot;}\" data-widget_type=\"image.default\">\n\t\t\t\t<div class=\"elementor-widget-container\">\n\t\t\t\t\t\t\t\t\t\t\t\t\t\t\t<img fetchpriority=\"high\" decoding=\"async\" width=\"1024\" height=\"1024\" src=\"https:\/\/www.delcofluid.com\/wp-content\/uploads\/2024\/06\/\u53c2\u6570-1024x1024.jpg\" class=\"attachment-large size-large wp-image-6252\" alt=\"Manual Flange Wafer Type Thin Ball Valve With Handle\" srcset=\"https:\/\/www.delcofluid.com\/wp-content\/uploads\/2024\/06\/\u53c2\u6570-1024x1024.jpg 1024w, https:\/\/www.delcofluid.com\/wp-content\/uploads\/2024\/06\/\u53c2\u6570-300x300.jpg 300w, https:\/\/www.delcofluid.com\/wp-content\/uploads\/2024\/06\/\u53c2\u6570-150x150.jpg 150w, https:\/\/www.delcofluid.com\/wp-content\/uploads\/2024\/06\/\u53c2\u6570-768x768.jpg 768w, https:\/\/www.delcofluid.com\/wp-content\/uploads\/2024\/06\/\u53c2\u6570-1536x1536.jpg 1536w, https:\/\/www.delcofluid.com\/wp-content\/uploads\/2024\/06\/\u53c2\u6570-2048x2048.jpg 2048w, https:\/\/www.delcofluid.com\/wp-content\/uploads\/2024\/06\/\u53c2\u6570-600x600.jpg 600w, https:\/\/www.delcofluid.com\/wp-content\/uploads\/2024\/06\/\u53c2\u6570-100x100.jpg 100w\" sizes=\"(max-width: 1024px) 100vw, 1024px\" \/>\t\t\t\t\t\t\t\t\t\t\t\t\t\t\t<\/div>\n\t\t\t\t<\/div>\n\t\t\t\t<\/div>\n\t\t<div class=\"elementor-element elementor-element-a55eeda e-flex e-con-boxed e-con e-parent\" data-id=\"a55eeda\" data-element_type=\"container\" data-e-type=\"container\" data-settings=\"{&quot;background_background&quot;:&quot;classic&quot;,&quot;ekit_has_onepagescroll_dot&quot;:&quot;yes&quot;}\">\n\t\t\t\t\t<div class=\"e-con-inner\">\n\t\t\t\t<div class=\"elementor-element elementor-element-585e9d9 elementor-widget elementor-widget-heading\" data-id=\"585e9d9\" data-element_type=\"widget\" data-e-type=\"widget\" data-settings=\"{&quot;ekit_we_effect_on&quot;:&quot;none&quot;}\" data-widget_type=\"heading.default\">\n\t\t\t\t<div class=\"elementor-widget-container\">\n\t\t\t\t\t<h2 class=\"elementor-heading-title elementor-size-default\">Par\u00e1metros t\u00e9cnicos<\/h2>\t\t\t\t<\/div>\n\t\t\t\t<\/div>\n\t\t\t\t\t<\/div>\n\t\t\t\t<\/div>\n\t\t<div class=\"elementor-element elementor-element-3414eb9 e-con-full e-flex e-con e-parent\" data-id=\"3414eb9\" data-element_type=\"container\" data-e-type=\"container\" data-settings=\"{&quot;background_background&quot;:&quot;classic&quot;,&quot;ekit_has_onepagescroll_dot&quot;:&quot;yes&quot;}\">\n\t\t\t\t<div class=\"elementor-element elementor-element-13df62f elementor-widget__width-initial elementor-widget elementor-widget-text-editor\" data-id=\"13df62f\" data-element_type=\"widget\" data-e-type=\"widget\" data-settings=\"{&quot;ekit_we_effect_on&quot;:&quot;none&quot;}\" data-widget_type=\"text-editor.default\">\n\t\t\t\t<div class=\"elementor-widget-container\">\n\t\t\t\t\t\t\t\t\t<table width=\"855\"><tbody><tr><td width=\"159\">Tama\u00f1o del puerto:<\/td><td width=\"205\">1\/2\u2033 ~ 16\u2033\u00a0<\/td><td width=\"146\">Material:<\/td><td width=\"345\">Acero inoxidable 304 o acero inoxidable 316<\/td><\/tr><tr><td width=\"159\">Presi\u00f3n:<\/td><td>PN1,6, 2,5, 4,0, 6,4 MPa<\/td><td width=\"146\">Caracter\u00edstica de flujo:\u00a0<\/td><td width=\"345\">Funci\u00f3n de apertura r\u00e1pida<\/td><\/tr><tr><td width=\"159\">Garant\u00eda:<\/td><td width=\"205\">12 polillas<\/td><td width=\"146\">Funci\u00f3n:<\/td><td width=\"345\">Manual<\/td><\/tr><tr><td width=\"159\">Est\u00e1ndar de brida:\u00a0<\/td><td width=\"205\">Normativa ASME B16.34<\/td><td width=\"146\">Medios adecuados<\/td><td width=\"345\">Petr\u00f3leo, agua, gas, petr\u00f3leo, productos qu\u00edmicos, etc.<\/td><\/tr><\/tbody><\/table>\t\t\t\t\t\t\t\t<\/div>\n\t\t\t\t<\/div>\n\t\t\t\t<\/div>\n\t\t<div class=\"elementor-element elementor-element-daef6c8 e-flex e-con-boxed e-con e-parent\" data-id=\"daef6c8\" data-element_type=\"container\" data-e-type=\"container\" data-settings=\"{&quot;ekit_has_onepagescroll_dot&quot;:&quot;yes&quot;}\">\n\t\t\t\t\t<div class=\"e-con-inner\">\n\t\t\t\t<div class=\"elementor-element elementor-element-52ddb61 elementor-widget elementor-widget-heading\" data-id=\"52ddb61\" data-element_type=\"widget\" data-e-type=\"widget\" data-settings=\"{&quot;ekit_we_effect_on&quot;:&quot;none&quot;}\" data-widget_type=\"heading.default\">\n\t\t\t\t<div class=\"elementor-widget-container\">\n\t\t\t\t\t<h2 class=\"elementor-heading-title elementor-size-default\">Solicitud<\/h2>\t\t\t\t<\/div>\n\t\t\t\t<\/div>\n\t\t\t\t<div class=\"elementor-element elementor-element-ac1034b elementor-widget elementor-widget-text-editor\" data-id=\"ac1034b\" data-element_type=\"widget\" data-e-type=\"widget\" data-settings=\"{&quot;ekit_we_effect_on&quot;:&quot;none&quot;}\" data-widget_type=\"text-editor.default\">\n\t\t\t\t<div class=\"elementor-widget-container\">\n\t\t\t\t\t\t\t\t\t<ul><li><strong>Industria petrolera<\/strong><br \/>Se utiliza en procesos de miner\u00eda, transporte y refinaci\u00f3n de yacimientos petrol\u00edferos para regular el flujo y realizar el control de cierre del petr\u00f3leo crudo, el gas natural y otros fluidos, garantizando el manejo y transporte seguros de productos derivados del petr\u00f3leo.<\/li><li><strong>Industria qu\u00edmica<\/strong><br \/>Ideal para reacciones qu\u00edmicas, mezcla de solventes y distribuci\u00f3n de l\u00edquidos \u00e1cidos y alcalinos, permitiendo una regulaci\u00f3n precisa del flujo para mantener la seguridad y la eficiencia en la producci\u00f3n qu\u00edmica.<\/li><li><strong>Industria metal\u00fargica<\/strong><br \/>Se aplica en fundici\u00f3n, procesamiento de minerales y producci\u00f3n de metales para gestionar el flujo de metales fundidos a alta temperatura y fluidos de enfriamiento, apoyando operaciones metal\u00fargicas estables.<\/li><li><strong>Industria energ\u00e9tica<\/strong><br \/>Se utiliza en plantas de energ\u00eda para controlar el flujo de vapor, agua de enfriamiento y otros medios de energ\u00eda, lo que ayuda a mantener el funcionamiento eficiente de los equipos y optimizar la generaci\u00f3n de energ\u00eda.<\/li><li><strong>Industria ligera<\/strong><br \/>Facilita el transporte de fluidos, la mezcla y el control de v\u00e1lvulas en el procesamiento de alimentos, la producci\u00f3n de bebidas y la fabricaci\u00f3n farmac\u00e9utica, mejorando la eficiencia y la seguridad de la producci\u00f3n.<\/li><li><strong>Industria de la pulpa<\/strong><br \/>Regula el flujo de pulpa y fluidos fibrosos en la industria de pulpa y papel para garantizar procesos de producci\u00f3n fluidos y efectivos.<\/li><\/ul>\t\t\t\t\t\t\t\t<\/div>\n\t\t\t\t<\/div>\n\t\t\t\t\t<\/div>\n\t\t\t\t<\/div>\n\t\t\t\t<\/div>","protected":false},"excerpt":{"rendered":"<p><strong>V\u00e1lvula de bola fina tipo wafer con brida manual<\/strong>\u00a0Es una v\u00e1lvula de dise\u00f1o innovador fabricada en acero inoxidable 304 o 306 que ofrece ventajas significativas como tama\u00f1o peque\u00f1o, peso ligero y f\u00e1cil instalaci\u00f3n. En comparaci\u00f3n con las v\u00e1lvulas de bola tradicionales, esta v\u00e1lvula de bola es m\u00e1s liviana y f\u00e1cil de operar, manteniendo su forma compacta y un excelente rendimiento.<\/p>\n<p>Adem\u00e1s, el asiento de la v\u00e1lvula de bola utiliza una estructura de sellado resistente para garantizar un sellado confiable y una apertura y cierre f\u00e1ciles. Su rendimiento de sellado profesional y su sensaci\u00f3n de funcionamiento suave hacen que la v\u00e1lvula de bola sea m\u00e1s f\u00e1cil de instalar y operar, lo que reduce significativamente el tiempo y el esfuerzo del usuario.<\/p>\n<p>El uso de materiales resistentes al fuego en el dise\u00f1o de este dispositivo protege eficazmente los componentes internos incluso en condiciones extremas (como el fuego), lo que garantiza que el dispositivo pueda seguir funcionando de manera confiable. En general, no solo brindan un excelente rendimiento, sino que tambi\u00e9n se destacan por su ligereza y facilidad de uso, lo que satisface en gran medida una amplia gama de necesidades de los usuarios.<\/p>\n<p>Modelo: V\u00e1lvula de bola fina manual<br \/>\nRango de tama\u00f1o: 1\/2\u2033 a 16\u2033<br \/>\nRango de presi\u00f3n: PN1.6, 2.5, 4.0, 6.4 MPa<br \/>\nMaterial: acero inoxidable 304 o acero inoxidable 316<\/p>","protected":false},"featured_media":7335,"template":"","meta":{"site-sidebar-layout":"default","site-content-layout":"","ast-site-content-layout":"default","site-content-style":"default","site-sidebar-style":"default","ast-global-header-display":"","ast-banner-title-visibility":"","ast-main-header-display":"","ast-hfb-above-header-display":"","ast-hfb-below-header-display":"","ast-hfb-mobile-header-display":"","site-post-title":"","ast-breadcrumbs-content":"","ast-featured-img":"","footer-sml-layout":"","ast-disable-related-posts":"","theme-transparent-header-meta":"default","adv-header-id-meta":"","stick-header-meta":"","header-above-stick-meta":"","header-main-stick-meta":"","header-below-stick-meta":"","astra-migrate-meta-layouts":"set","ast-page-background-enabled":"default","ast-page-background-meta":{"desktop":{"background-color":"var(--ast-global-color-4)","background-image":"","background-repeat":"repeat","background-position":"center center","background-size":"auto","background-attachment":"scroll","background-type":"","background-media":"","overlay-type":"","overlay-color":"","overlay-opacity":"","overlay-gradient":""},"tablet":{"background-color":"","background-image":"","background-repeat":"repeat","background-position":"center center","background-size":"auto","background-attachment":"scroll","background-type":"","background-media":"","overlay-type":"","overlay-color":"","overlay-opacity":"","overlay-gradient":""},"mobile":{"background-color":"","background-image":"","background-repeat":"repeat","background-position":"center center","background-size":"auto","background-attachment":"scroll","background-type":"","background-media":"","overlay-type":"","overlay-color":"","overlay-opacity":"","overlay-gradient":""}},"ast-content-background-meta":{"desktop":{"background-color":"var(--ast-global-color-5)","background-image":"","background-repeat":"repeat","background-position":"center center","background-size":"auto","background-attachment":"scroll","background-type":"","background-media":"","overlay-type":"","overlay-color":"","overlay-opacity":"","overlay-gradient":""},"tablet":{"background-color":"var(--ast-global-color-5)","background-image":"","background-repeat":"repeat","background-position":"center center","background-size":"auto","background-attachment":"scroll","background-type":"","background-media":"","overlay-type":"","overlay-color":"","overlay-opacity":"","overlay-gradient":""},"mobile":{"background-color":"var(--ast-global-color-5)","background-image":"","background-repeat":"repeat","background-position":"center center","background-size":"auto","background-attachment":"scroll","background-type":"","background-media":"","overlay-type":"","overlay-color":"","overlay-opacity":"","overlay-gradient":""}}},"product_brand":[],"product_cat":[705,116,33],"product_tag":[647,646,261,102,73,56,645],"class_list":{"0":"post-6213","1":"product","2":"type-product","3":"status-publish","4":"has-post-thumbnail","6":"product_cat-manual-ball-valve","7":"product_cat-manual-valves","8":"product_cat-products","9":"product_tag-ball-valve-with-handle","10":"product_tag-manual-flange-wafer-type-valve","11":"product_tag-manual-valve","12":"product_tag-manual-valves","13":"product_tag-valve","14":"product_tag-valves","15":"product_tag-wafer-type-thin-ball-valve","16":"desktop-align-center","17":"tablet-align-left","18":"mobile-align-left","20":"first","21":"instock","22":"shipping-taxable","23":"product-type-simple"},"_links":{"self":[{"href":"https:\/\/www.delcofluid.com\/es\/wp-json\/wp\/v2\/product\/6213","targetHints":{"allow":["GET"]}}],"collection":[{"href":"https:\/\/www.delcofluid.com\/es\/wp-json\/wp\/v2\/product"}],"about":[{"href":"https:\/\/www.delcofluid.com\/es\/wp-json\/wp\/v2\/types\/product"}],"version-history":[{"count":0,"href":"https:\/\/www.delcofluid.com\/es\/wp-json\/wp\/v2\/product\/6213\/revisions"}],"wp:featuredmedia":[{"embeddable":true,"href":"https:\/\/www.delcofluid.com\/es\/wp-json\/wp\/v2\/media\/7335"}],"wp:attachment":[{"href":"https:\/\/www.delcofluid.com\/es\/wp-json\/wp\/v2\/media?parent=6213"}],"wp:term":[{"taxonomy":"product_brand","embeddable":true,"href":"https:\/\/www.delcofluid.com\/es\/wp-json\/wp\/v2\/product_brand?post=6213"},{"taxonomy":"product_cat","embeddable":true,"href":"https:\/\/www.delcofluid.com\/es\/wp-json\/wp\/v2\/product_cat?post=6213"},{"taxonomy":"product_tag","embeddable":true,"href":"https:\/\/www.delcofluid.com\/es\/wp-json\/wp\/v2\/product_tag?post=6213"}],"curies":[{"name":"wp","href":"https:\/\/api.w.org\/{rel}","templated":true}]}}