{"id":6271,"date":"2024-07-01T07:07:03","date_gmt":"2024-07-01T06:07:03","guid":{"rendered":"https:\/\/www.delcofluid.com\/?post_type=product&#038;p=6271"},"modified":"2024-07-17T07:14:21","modified_gmt":"2024-07-17T06:14:21","slug":"manual-lug-type-butterfly-valve-with-handle","status":"publish","type":"product","link":"https:\/\/www.delcofluid.com\/es\/producto\/manual-lug-type-butterfly-valve-with-handle\/","title":{"rendered":"V\u00e1lvula de mariposa manual de hierro fundido con volante y tipo lug"},"content":{"rendered":"<div data-elementor-type=\"product-post\" data-elementor-id=\"6271\" class=\"elementor elementor-6271\" data-elementor-post-type=\"product\">\n\t\t\t\t<div class=\"elementor-element elementor-element-6fb59a60 e-flex e-con-boxed e-con e-parent\" data-id=\"6fb59a60\" data-element_type=\"container\" data-e-type=\"container\" data-settings=\"{&quot;ekit_has_onepagescroll_dot&quot;:&quot;yes&quot;}\">\n\t\t\t\t\t<div class=\"e-con-inner\">\n\t\t<div class=\"elementor-element elementor-element-b2e102c e-con-full e-flex e-con e-child\" data-id=\"b2e102c\" data-element_type=\"container\" data-e-type=\"container\" data-settings=\"{&quot;ekit_has_onepagescroll_dot&quot;:&quot;yes&quot;}\">\n\t\t\t\t<div class=\"elementor-element elementor-element-4c3cf80 elementor-widget elementor-widget-heading\" data-id=\"4c3cf80\" data-element_type=\"widget\" data-e-type=\"widget\" data-settings=\"{&quot;ekit_we_effect_on&quot;:&quot;none&quot;}\" data-widget_type=\"heading.default\">\n\t\t\t\t<div class=\"elementor-widget-container\">\n\t\t\t\t\t<h2 class=\"elementor-heading-title elementor-size-default\">Caracter\u00edsticas<\/h2>\t\t\t\t<\/div>\n\t\t\t\t<\/div>\n\t\t\t\t<div class=\"elementor-element elementor-element-1af4cc68 elementor-widget__width-initial elementor-widget elementor-widget-text-editor\" data-id=\"1af4cc68\" data-element_type=\"widget\" data-e-type=\"widget\" data-settings=\"{&quot;ekit_we_effect_on&quot;:&quot;none&quot;}\" data-widget_type=\"text-editor.default\">\n\t\t\t\t<div class=\"elementor-widget-container\">\n\t\t\t\t\t\t\t\t\t<ul><li><strong>Prolongar la vida \u00fatil del sello<\/strong>:Cuando se instala la v\u00e1lvula de mariposa con orejeta, ambas bridas se fijan independientemente con pernos, lo que evita la extrusi\u00f3n de pernos en el cuerpo de la v\u00e1lvula y la superficie de sellado y prolonga la vida \u00fatil de los sellos.<\/li><li><strong>Adecuado para posici\u00f3n de descarga.<\/strong>:El dise\u00f1o de orejeta facilita la instalaci\u00f3n en la posici\u00f3n de descarga, permite un r\u00e1pido desmontaje e instalaci\u00f3n y mejora la eficiencia de operaci\u00f3n y mantenimiento.<\/li><li><strong>\u00a0Rendimiento de sellado mejorado<\/strong>\uff1aLas v\u00e1lvulas de mariposa con orejetas utilizan pernos m\u00e1s cortos que las conexiones de abrazadera, lo que reduce el riesgo de fugas debido al deslizamiento de los pernos y mejora el rendimiento del sellado.<\/li><li>\u00a0<strong>Excelente control de fluidos<\/strong>:Cuando la v\u00e1lvula de mariposa est\u00e1 completamente abierta, el espesor de la placa de la mariposa es la \u00fanica resistencia al flujo del medio a trav\u00e9s del cuerpo de la v\u00e1lvula, por lo que hay poca ca\u00edda de presi\u00f3n y el rendimiento del control de flujo es excelente, lo que es adecuado para un ajuste preciso del flujo.<\/li><li><strong>M\u00faltiples tipos de sellado<\/strong>:Proporciona dos opciones de sello el\u00e1stico y sello de metal, el sello el\u00e1stico se puede incrustar en el cuerpo de la v\u00e1lvula o fijar a la periferia de la placa de mariposa, lo que es adecuado para altos requisitos de sellado; el sello de metal es adecuado para condiciones de trabajo de alta temperatura y alta presi\u00f3n.<\/li><\/ul>\t\t\t\t\t\t\t\t<\/div>\n\t\t\t\t<\/div>\n\t\t\t\t<\/div>\n\t\t\t\t<div class=\"elementor-element elementor-element-8e57110 elementor-widget elementor-widget-image\" data-id=\"8e57110\" data-element_type=\"widget\" data-e-type=\"widget\" data-settings=\"{&quot;ekit_we_effect_on&quot;:&quot;none&quot;}\" data-widget_type=\"image.default\">\n\t\t\t\t<div class=\"elementor-widget-container\">\n\t\t\t\t\t\t\t\t\t\t\t\t\t\t\t<img fetchpriority=\"high\" decoding=\"async\" width=\"1024\" height=\"1024\" src=\"https:\/\/www.delcofluid.com\/wp-content\/uploads\/2024\/07\/\u53c2\u6570-1024x1024.jpg\" class=\"attachment-large size-large wp-image-6277\" alt=\"Manual Butterfly Valve\" srcset=\"https:\/\/www.delcofluid.com\/wp-content\/uploads\/2024\/07\/\u53c2\u6570-1024x1024.jpg 1024w, https:\/\/www.delcofluid.com\/wp-content\/uploads\/2024\/07\/\u53c2\u6570-300x300.jpg 300w, https:\/\/www.delcofluid.com\/wp-content\/uploads\/2024\/07\/\u53c2\u6570-150x150.jpg 150w, https:\/\/www.delcofluid.com\/wp-content\/uploads\/2024\/07\/\u53c2\u6570-768x768.jpg 768w, https:\/\/www.delcofluid.com\/wp-content\/uploads\/2024\/07\/\u53c2\u6570-1536x1536.jpg 1536w, https:\/\/www.delcofluid.com\/wp-content\/uploads\/2024\/07\/\u53c2\u6570-2048x2048.jpg 2048w, https:\/\/www.delcofluid.com\/wp-content\/uploads\/2024\/07\/\u53c2\u6570-600x600.jpg 600w, https:\/\/www.delcofluid.com\/wp-content\/uploads\/2024\/07\/\u53c2\u6570-100x100.jpg 100w\" sizes=\"(max-width: 1024px) 100vw, 1024px\" \/>\t\t\t\t\t\t\t\t\t\t\t\t\t\t\t<\/div>\n\t\t\t\t<\/div>\n\t\t\t\t\t<\/div>\n\t\t\t\t<\/div>\n\t\t<div class=\"elementor-element elementor-element-a55eeda e-flex e-con-boxed e-con e-parent\" data-id=\"a55eeda\" data-element_type=\"container\" data-e-type=\"container\" data-settings=\"{&quot;background_background&quot;:&quot;classic&quot;,&quot;ekit_has_onepagescroll_dot&quot;:&quot;yes&quot;}\">\n\t\t\t\t\t<div class=\"e-con-inner\">\n\t\t\t\t<div class=\"elementor-element elementor-element-585e9d9 elementor-widget elementor-widget-heading\" data-id=\"585e9d9\" data-element_type=\"widget\" data-e-type=\"widget\" data-settings=\"{&quot;ekit_we_effect_on&quot;:&quot;none&quot;}\" data-widget_type=\"heading.default\">\n\t\t\t\t<div class=\"elementor-widget-container\">\n\t\t\t\t\t<h2 class=\"elementor-heading-title elementor-size-default\">Par\u00e1metros t\u00e9cnicos<\/h2>\t\t\t\t<\/div>\n\t\t\t\t<\/div>\n\t\t\t\t\t<\/div>\n\t\t\t\t<\/div>\n\t\t<div class=\"elementor-element elementor-element-3414eb9 e-con-full e-flex e-con e-parent\" data-id=\"3414eb9\" data-element_type=\"container\" data-e-type=\"container\" data-settings=\"{&quot;background_background&quot;:&quot;classic&quot;,&quot;ekit_has_onepagescroll_dot&quot;:&quot;yes&quot;}\">\n\t\t\t\t<div class=\"elementor-element elementor-element-13df62f elementor-widget__width-initial elementor-widget elementor-widget-text-editor\" data-id=\"13df62f\" data-element_type=\"widget\" data-e-type=\"widget\" data-settings=\"{&quot;ekit_we_effect_on&quot;:&quot;none&quot;}\" data-widget_type=\"text-editor.default\">\n\t\t\t\t<div class=\"elementor-widget-container\">\n\t\t\t\t\t\t\t\t\t<table width=\"855\"><tbody><tr><td width=\"159\">Tama\u00f1o del puerto:<\/td><td width=\"205\">De 2\u2033 a 16\u2033<\/td><td width=\"146\">Material:<\/td><td width=\"345\">Hierro fundido, acero fundido, hierro d\u00factil, acero inoxidable<\/td><\/tr><tr><td width=\"159\">Presi\u00f3n:<\/td><td>\u00a01,0 a 1,6 MPa<\/td><td width=\"146\">Lugar de env\u00edo:\u00a0<\/td><td width=\"345\">\u00a0Guangdong, China<\/td><\/tr><tr><td width=\"159\">Garant\u00eda:<\/td><td width=\"205\">12 polillas<\/td><td width=\"146\">Funci\u00f3n:<\/td><td width=\"345\">Manual \/ Engranaje helicoidal<\/td><\/tr><tr><td width=\"159\">Plato de mariposa:<\/td><td width=\"205\">Acero fundido, acero inoxidable y materiales especiales<\/td><td width=\"146\">Medios adecuados<\/td><td width=\"345\">\u00a0Aceite, agua, salmuera, lej\u00eda, agua de mar, \u00e1cido n\u00edtrico, \u00e1cido sulf\u00farico, etc.<\/td><\/tr><\/tbody><\/table>\t\t\t\t\t\t\t\t<\/div>\n\t\t\t\t<\/div>\n\t\t\t\t<\/div>\n\t\t<div class=\"elementor-element elementor-element-daef6c8 e-flex e-con-boxed e-con e-parent\" data-id=\"daef6c8\" data-element_type=\"container\" data-e-type=\"container\" data-settings=\"{&quot;ekit_has_onepagescroll_dot&quot;:&quot;yes&quot;}\">\n\t\t\t\t\t<div class=\"e-con-inner\">\n\t\t\t\t<div class=\"elementor-element elementor-element-52ddb61 elementor-widget elementor-widget-heading\" data-id=\"52ddb61\" data-element_type=\"widget\" data-e-type=\"widget\" data-settings=\"{&quot;ekit_we_effect_on&quot;:&quot;none&quot;}\" data-widget_type=\"heading.default\">\n\t\t\t\t<div class=\"elementor-widget-container\">\n\t\t\t\t\t<h2 class=\"elementor-heading-title elementor-size-default\">Solicitud<\/h2>\t\t\t\t<\/div>\n\t\t\t\t<\/div>\n\t\t\t\t<div class=\"elementor-element elementor-element-ac1034b elementor-widget elementor-widget-text-editor\" data-id=\"ac1034b\" data-element_type=\"widget\" data-e-type=\"widget\" data-settings=\"{&quot;ekit_we_effect_on&quot;:&quot;none&quot;}\" data-widget_type=\"text-editor.default\">\n\t\t\t\t<div class=\"elementor-widget-container\">\n\t\t\t\t\t\t\t\t\t<p>1. Industria qu\u00edmica<br \/>En el proceso de producci\u00f3n qu\u00edmica, las v\u00e1lvulas de mariposa se utilizan para regular e interceptar el flujo de diversos medios corrosivos como \u00e1cido n\u00edtrico, \u00e1cido clorh\u00eddrico, \u00e1cido sulf\u00farico y lej\u00eda, para garantizar la seguridad y la eficiencia del proceso de producci\u00f3n.<\/p><p>2. Industria petroqu\u00edmica<br \/>Las v\u00e1lvulas de mariposa Lug se utilizan en la refinaci\u00f3n y procesamiento de petr\u00f3leo y gas natural, regulando e interceptando el flujo de petr\u00f3leo, vapor, aire y gas para mejorar la eficiencia y seguridad de la producci\u00f3n.<\/p><p>3. Fundici\u00f3n<br \/>Las v\u00e1lvulas de mariposa Lug se utilizan en la fundici\u00f3n de metales para regular e interceptar vapor de alta temperatura, SO2 y otros gases para garantizar el funcionamiento estable del proceso de fundici\u00f3n.<\/p><p>4. Industria farmac\u00e9utica<br \/>Las v\u00e1lvulas de mariposa Lug se utilizan para regular e interceptar el flujo de agua pura, agua salada, agua de mar y otros medios en el proceso farmac\u00e9utico para garantizar la pureza y la estabilidad de la producci\u00f3n de medicamentos.<\/p><p>5. Industria alimentaria<br \/>En el procesamiento de alimentos, las v\u00e1lvulas de mariposa se utilizan para regular e interceptar el flujo de agua, aire, CO2 y otros medios para garantizar la seguridad e higiene del equipo de producci\u00f3n de alimentos.<\/p>\t\t\t\t\t\t\t\t<\/div>\n\t\t\t\t<\/div>\n\t\t\t\t\t<\/div>\n\t\t\t\t<\/div>\n\t\t\t\t<\/div>","protected":false},"excerpt":{"rendered":"<p>La v\u00e1lvula de mariposa de tipo lug manual utiliza pernos de doble cabeza para conectar la v\u00e1lvula entre dos bridas de tuber\u00eda, y posee las ventajas significativas de una estructura simple, tama\u00f1o compacto y peso ligero, y el conjunto consta de unos pocos componentes clave. La v\u00e1lvula de mariposa adopta un dise\u00f1o de l\u00ednea central y admite una variedad de m\u00e9todos de montaje, como sujeci\u00f3n, escalonado y con orejetas, lo que es ideal para usar al final de la tuber\u00eda, una ubicaci\u00f3n que generalmente carece de una segunda brida para asegurar los pernos. Durante la instalaci\u00f3n, las bridas de ambos lados de la v\u00e1lvula se fijan por separado mediante pernos, lo que evita la acci\u00f3n directa de los pernos sobre el cuerpo de la v\u00e1lvula y las superficies de sellado, y ayuda a prolongar la vida \u00fatil de los sellos.<br \/>\nNuestros productos de v\u00e1lvulas no solo tienen una excelente intercambiabilidad y adaptabilidad, lo que puede brindar soluciones rentables en una variedad de condiciones de trabajo, sino que tambi\u00e9n cada v\u00e1lvula de mariposa se puede utilizar junto con actuadores el\u00e9ctricos o neum\u00e1ticos, lo que satisface de manera flexible diferentes necesidades de conducci\u00f3n.<\/p>\n<p><strong>Modelo<\/strong>:V\u00e1lvula de mariposa manual tipo orejeta LTD71X<br \/>\n<strong>Rango de tallas<\/strong>:2\u2033 a 16\u2033<br \/>\n<strong>Rango de presi\u00f3n<\/strong>: 1,0 a 1,6 MPa<br \/>\n<strong>Material<\/strong>: Hierro fundido, Acero fundido, Hierro d\u00factil, Acero inoxidable<\/p>","protected":false},"featured_media":7333,"template":"","meta":{"site-sidebar-layout":"default","site-content-layout":"","ast-site-content-layout":"default","site-content-style":"default","site-sidebar-style":"default","ast-global-header-display":"","ast-banner-title-visibility":"","ast-main-header-display":"","ast-hfb-above-header-display":"","ast-hfb-below-header-display":"","ast-hfb-mobile-header-display":"","site-post-title":"","ast-breadcrumbs-content":"","ast-featured-img":"","footer-sml-layout":"","ast-disable-related-posts":"","theme-transparent-header-meta":"default","adv-header-id-meta":"","stick-header-meta":"","header-above-stick-meta":"","header-main-stick-meta":"","header-below-stick-meta":"","astra-migrate-meta-layouts":"set","ast-page-background-enabled":"default","ast-page-background-meta":{"desktop":{"background-color":"var(--ast-global-color-4)","background-image":"","background-repeat":"repeat","background-position":"center center","background-size":"auto","background-attachment":"scroll","background-type":"","background-media":"","overlay-type":"","overlay-color":"","overlay-opacity":"","overlay-gradient":""},"tablet":{"background-color":"","background-image":"","background-repeat":"repeat","background-position":"center center","background-size":"auto","background-attachment":"scroll","background-type":"","background-media":"","overlay-type":"","overlay-color":"","overlay-opacity":"","overlay-gradient":""},"mobile":{"background-color":"","background-image":"","background-repeat":"repeat","background-position":"center center","background-size":"auto","background-attachment":"scroll","background-type":"","background-media":"","overlay-type":"","overlay-color":"","overlay-opacity":"","overlay-gradient":""}},"ast-content-background-meta":{"desktop":{"background-color":"var(--ast-global-color-5)","background-image":"","background-repeat":"repeat","background-position":"center center","background-size":"auto","background-attachment":"scroll","background-type":"","background-media":"","overlay-type":"","overlay-color":"","overlay-opacity":"","overlay-gradient":""},"tablet":{"background-color":"var(--ast-global-color-5)","background-image":"","background-repeat":"repeat","background-position":"center center","background-size":"auto","background-attachment":"scroll","background-type":"","background-media":"","overlay-type":"","overlay-color":"","overlay-opacity":"","overlay-gradient":""},"mobile":{"background-color":"var(--ast-global-color-5)","background-image":"","background-repeat":"repeat","background-position":"center center","background-size":"auto","background-attachment":"scroll","background-type":"","background-media":"","overlay-type":"","overlay-color":"","overlay-opacity":"","overlay-gradient":""}}},"product_brand":[],"product_cat":[706,116,33],"product_tag":[649,262,648,261,102,73,56],"class_list":{"0":"post-6271","1":"product","2":"type-product","3":"status-publish","4":"has-post-thumbnail","6":"product_cat-manual-butterfly-valve","7":"product_cat-manual-valves","8":"product_cat-products","9":"product_tag-butterfly-valve-with-handle","10":"product_tag-lug-type-butterfly-valve","11":"product_tag-manual-lug-type-butterfly-valve","12":"product_tag-manual-valve","13":"product_tag-manual-valves","14":"product_tag-valve","15":"product_tag-valves","16":"desktop-align-center","17":"tablet-align-left","18":"mobile-align-left","20":"first","21":"instock","22":"shipping-taxable","23":"product-type-simple"},"_links":{"self":[{"href":"https:\/\/www.delcofluid.com\/es\/wp-json\/wp\/v2\/product\/6271","targetHints":{"allow":["GET"]}}],"collection":[{"href":"https:\/\/www.delcofluid.com\/es\/wp-json\/wp\/v2\/product"}],"about":[{"href":"https:\/\/www.delcofluid.com\/es\/wp-json\/wp\/v2\/types\/product"}],"version-history":[{"count":0,"href":"https:\/\/www.delcofluid.com\/es\/wp-json\/wp\/v2\/product\/6271\/revisions"}],"wp:featuredmedia":[{"embeddable":true,"href":"https:\/\/www.delcofluid.com\/es\/wp-json\/wp\/v2\/media\/7333"}],"wp:attachment":[{"href":"https:\/\/www.delcofluid.com\/es\/wp-json\/wp\/v2\/media?parent=6271"}],"wp:term":[{"taxonomy":"product_brand","embeddable":true,"href":"https:\/\/www.delcofluid.com\/es\/wp-json\/wp\/v2\/product_brand?post=6271"},{"taxonomy":"product_cat","embeddable":true,"href":"https:\/\/www.delcofluid.com\/es\/wp-json\/wp\/v2\/product_cat?post=6271"},{"taxonomy":"product_tag","embeddable":true,"href":"https:\/\/www.delcofluid.com\/es\/wp-json\/wp\/v2\/product_tag?post=6271"}],"curies":[{"name":"wp","href":"https:\/\/api.w.org\/{rel}","templated":true}]}}