{"id":6288,"date":"2024-07-01T09:23:01","date_gmt":"2024-07-01T08:23:01","guid":{"rendered":"https:\/\/www.delcofluid.com\/?post_type=product&#038;p=6288"},"modified":"2024-07-17T07:14:14","modified_gmt":"2024-07-17T06:14:14","slug":"manual-corrosion-resistant-plastic-upvc-butterfly-valve","status":"publish","type":"product","link":"https:\/\/www.delcofluid.com\/es\/producto\/manual-corrosion-resistant-plastic-upvc-butterfly-valve\/","title":{"rendered":"V\u00e1lvula de mariposa manual de UPVC de pl\u00e1stico resistente a la corrosi\u00f3n"},"content":{"rendered":"<div data-elementor-type=\"product-post\" data-elementor-id=\"6288\" class=\"elementor elementor-6288\" data-elementor-post-type=\"product\">\n\t\t\t\t<div class=\"elementor-element elementor-element-6fb59a60 e-con-full e-flex e-con e-parent\" data-id=\"6fb59a60\" data-element_type=\"container\" data-e-type=\"container\" data-settings=\"{&quot;ekit_has_onepagescroll_dot&quot;:&quot;yes&quot;}\">\n\t\t<div class=\"elementor-element elementor-element-b2e102c e-con-full e-flex e-con e-child\" data-id=\"b2e102c\" data-element_type=\"container\" data-e-type=\"container\" data-settings=\"{&quot;ekit_has_onepagescroll_dot&quot;:&quot;yes&quot;}\">\n\t\t\t\t<div class=\"elementor-element elementor-element-4c3cf80 elementor-widget elementor-widget-heading\" data-id=\"4c3cf80\" data-element_type=\"widget\" data-e-type=\"widget\" data-settings=\"{&quot;ekit_we_effect_on&quot;:&quot;none&quot;}\" data-widget_type=\"heading.default\">\n\t\t\t\t<div class=\"elementor-widget-container\">\n\t\t\t\t\t<h2 class=\"elementor-heading-title elementor-size-default\">Caracter\u00edsticas<\/h2>\t\t\t\t<\/div>\n\t\t\t\t<\/div>\n\t\t\t\t<div class=\"elementor-element elementor-element-1af4cc68 elementor-widget__width-initial elementor-widget elementor-widget-text-editor\" data-id=\"1af4cc68\" data-element_type=\"widget\" data-e-type=\"widget\" data-settings=\"{&quot;ekit_we_effect_on&quot;:&quot;none&quot;}\" data-widget_type=\"text-editor.default\">\n\t\t\t\t<div class=\"elementor-widget-container\">\n\t\t\t\t\t\t\t\t\t<ul><li><strong>Peso ligero y resistencia a la corrosi\u00f3n.<\/strong>\uff1aLa v\u00e1lvula de mariposa manual de UPVC est\u00e1 hecha de pl\u00e1stico, es liviana, tiene una excelente resistencia a la corrosi\u00f3n y es adecuada para una variedad de medios corrosivos.<\/li><li><strong>Estructura compacta<\/strong>\uff1aDise\u00f1o compacto y hermoso, ocupa poco espacio, la instalaci\u00f3n y el mantenimiento son muy convenientes.<\/li><li><strong>F\u00e1cil operaci\u00f3n:<\/strong>La placa de mariposa gira con la varilla y se puede abrir y cerrar gir\u00e1ndola 90 grados, lo que es f\u00e1cil y eficiente de operar.<\/li><li><strong>Par peque\u00f1o<\/strong>:La placa de mariposa en ambos lados del eje est\u00e1 sujeta a una fuerza uniforme y un torque opuesto, por lo que el torque de apertura y cierre es peque\u00f1o, lo que hace que la operaci\u00f3n sea m\u00e1s f\u00e1cil.<\/li><li><strong> Amplia aplicaci\u00f3n:<\/strong>Aplicable a campos qu\u00edmicos, petroqu\u00edmicos, de fundici\u00f3n, farmac\u00e9uticos, alimentarios y otros, se puede utilizar en un entorno higi\u00e9nico y no t\u00f3xico, resistente al desgaste, f\u00e1cil de desmontar, f\u00e1cil mantenimiento.<\/li><li><strong>Excelente control de fluidos:<\/strong>El espesor de la placa de mariposa es la \u00fanica resistencia cuando el medio fluye a trav\u00e9s del cuerpo de la v\u00e1lvula, peque\u00f1a ca\u00edda de presi\u00f3n, excelente rendimiento de control de flujo, adecuado para aplicaciones de control de flujo preciso.<\/li><li><strong>Material respetuoso con el medio ambiente<\/strong>\uff1aEl material UPVC es respetuoso con el medio ambiente y no t\u00f3xico, cumple con los est\u00e1ndares de higiene y satisface los estrictos requisitos de las industrias alimentaria y farmac\u00e9utica.<\/li><\/ul>\t\t\t\t\t\t\t\t<\/div>\n\t\t\t\t<\/div>\n\t\t\t\t<\/div>\n\t\t\t\t<div class=\"elementor-element elementor-element-8e57110 elementor-widget elementor-widget-image\" data-id=\"8e57110\" data-element_type=\"widget\" data-e-type=\"widget\" data-settings=\"{&quot;ekit_we_effect_on&quot;:&quot;none&quot;}\" data-widget_type=\"image.default\">\n\t\t\t\t<div class=\"elementor-widget-container\">\n\t\t\t\t\t\t\t\t\t\t\t\t\t\t\t<img fetchpriority=\"high\" decoding=\"async\" width=\"768\" height=\"759\" src=\"https:\/\/www.delcofluid.com\/wp-content\/uploads\/2024\/03\/product-finder-graphic-3-x900.jpg\" class=\"attachment-large size-large wp-image-2576\" alt=\"Solenoid Valves\" srcset=\"https:\/\/www.delcofluid.com\/wp-content\/uploads\/2024\/03\/product-finder-graphic-3-x900.jpg 768w, https:\/\/www.delcofluid.com\/wp-content\/uploads\/2024\/03\/product-finder-graphic-3-x900-100x100.jpg 100w, https:\/\/www.delcofluid.com\/wp-content\/uploads\/2024\/03\/product-finder-graphic-3-x900-600x593.jpg 600w, https:\/\/www.delcofluid.com\/wp-content\/uploads\/2024\/03\/product-finder-graphic-3-x900-300x296.jpg 300w\" sizes=\"(max-width: 768px) 100vw, 768px\" \/>\t\t\t\t\t\t\t\t\t\t\t\t\t\t\t<\/div>\n\t\t\t\t<\/div>\n\t\t\t\t<\/div>\n\t\t<div class=\"elementor-element elementor-element-a55eeda e-flex e-con-boxed e-con e-parent\" data-id=\"a55eeda\" data-element_type=\"container\" data-e-type=\"container\" data-settings=\"{&quot;background_background&quot;:&quot;classic&quot;,&quot;ekit_has_onepagescroll_dot&quot;:&quot;yes&quot;}\">\n\t\t\t\t\t<div class=\"e-con-inner\">\n\t\t\t\t<div class=\"elementor-element elementor-element-585e9d9 elementor-widget elementor-widget-heading\" data-id=\"585e9d9\" data-element_type=\"widget\" data-e-type=\"widget\" data-settings=\"{&quot;ekit_we_effect_on&quot;:&quot;none&quot;}\" data-widget_type=\"heading.default\">\n\t\t\t\t<div class=\"elementor-widget-container\">\n\t\t\t\t\t<h2 class=\"elementor-heading-title elementor-size-default\">Par\u00e1metros t\u00e9cnicos<\/h2>\t\t\t\t<\/div>\n\t\t\t\t<\/div>\n\t\t\t\t\t<\/div>\n\t\t\t\t<\/div>\n\t\t<div class=\"elementor-element elementor-element-3414eb9 e-con-full e-flex e-con e-parent\" data-id=\"3414eb9\" data-element_type=\"container\" data-e-type=\"container\" data-settings=\"{&quot;background_background&quot;:&quot;classic&quot;,&quot;ekit_has_onepagescroll_dot&quot;:&quot;yes&quot;}\">\n\t\t\t\t<div class=\"elementor-element elementor-element-13df62f elementor-widget__width-initial elementor-widget elementor-widget-text-editor\" data-id=\"13df62f\" data-element_type=\"widget\" data-e-type=\"widget\" data-settings=\"{&quot;ekit_we_effect_on&quot;:&quot;none&quot;}\" data-widget_type=\"text-editor.default\">\n\t\t\t\t<div class=\"elementor-widget-container\">\n\t\t\t\t\t\t\t\t\t<table width=\"855\"><tbody><tr><td width=\"159\">Tama\u00f1o del puerto:<\/td><td width=\"205\">De 2\u2033 a 8\u2033<\/td><td width=\"146\">Material:<\/td><td width=\"345\">\u00a0PVC, PVC<\/td><\/tr><tr><td width=\"159\">Presi\u00f3n:<\/td><td>1,0 MPa-1,6 MPa<\/td><td width=\"146\">Estructura del sello:<\/td><td width=\"345\">Sello blando<\/td><\/tr><tr><td width=\"159\">Garant\u00eda:<\/td><td width=\"205\">12 polillas<\/td><td width=\"146\">Funci\u00f3n:<\/td><td width=\"345\">Manual<\/td><\/tr><tr><td width=\"159\">Lugar de env\u00edo:<\/td><td width=\"205\">Guangdong, China<\/td><td width=\"146\">Medios adecuados<\/td><td width=\"345\">agua, gas, vapor, aceite, medio corrosivo, etc.<\/td><\/tr><\/tbody><\/table>\t\t\t\t\t\t\t\t<\/div>\n\t\t\t\t<\/div>\n\t\t\t\t<\/div>\n\t\t<div class=\"elementor-element elementor-element-daef6c8 e-con-full e-flex e-con e-parent\" data-id=\"daef6c8\" data-element_type=\"container\" data-e-type=\"container\" data-settings=\"{&quot;ekit_has_onepagescroll_dot&quot;:&quot;yes&quot;}\">\n\t\t\t\t<div class=\"elementor-element elementor-element-52ddb61 elementor-widget elementor-widget-heading\" data-id=\"52ddb61\" data-element_type=\"widget\" data-e-type=\"widget\" data-settings=\"{&quot;ekit_we_effect_on&quot;:&quot;none&quot;}\" data-widget_type=\"heading.default\">\n\t\t\t\t<div class=\"elementor-widget-container\">\n\t\t\t\t\t<h2 class=\"elementor-heading-title elementor-size-default\">Solicitud<\/h2>\t\t\t\t<\/div>\n\t\t\t\t<\/div>\n\t\t\t\t<div class=\"elementor-element elementor-element-ac1034b elementor-widget elementor-widget-text-editor\" data-id=\"ac1034b\" data-element_type=\"widget\" data-e-type=\"widget\" data-settings=\"{&quot;ekit_we_effect_on&quot;:&quot;none&quot;}\" data-widget_type=\"text-editor.default\">\n\t\t\t\t<div class=\"elementor-widget-container\">\n\t\t\t\t\t\t\t\t\t<p>\u00a0<\/p><p>\u00a0<\/p><ul><li><strong>Aire comprimido<\/strong><br \/>Utilizadas en sistemas de aire comprimido, las v\u00e1lvulas de mariposa de UPVC controlan el flujo de aire para garantizar el funcionamiento estable del equipo y reducir el consumo de energ\u00eda.<\/li><li><strong>\u00a0Petr\u00f3leos y gases<\/strong><br \/>Las v\u00e1lvulas de mariposa de UPVC se utilizan para controlar el flujo y la presi\u00f3n en el transporte y manipulaci\u00f3n de aceites y gases, y su resistencia a la corrosi\u00f3n garantiza confiabilidad y seguridad en una variedad de condiciones de operaci\u00f3n.<\/li><li><strong>HVAC (calefacci\u00f3n y aire acondicionado)<\/strong><br \/>Las v\u00e1lvulas de mariposa manuales de UPVC se utilizan en sistemas HVAC para regular y controlar el flujo de agua fr\u00eda y caliente y aire para garantizar el funcionamiento eficiente del sistema y el confort ambiental.<\/li><li><strong>Distribuci\u00f3n y tratamiento de agua<\/strong><br \/>En los sistemas de tratamiento y distribuci\u00f3n de agua, las v\u00e1lvulas de mariposa de UPVC se utilizan para controlar el flujo de agua limpia y aguas residuales, con excelente resistencia a la corrosi\u00f3n y rendimiento de sellado, para garantizar la seguridad de la calidad del agua y el funcionamiento confiable del sistema.<\/li><li><strong style=\"font-style: inherit;color: var( --e-global-color-text );font-family: var( --e-global-typography-text-font-family ), Sans-serif;text-align: var(--text-align)\">Agr\u00edcola\u00a0 \u00a0 \u00a0 \u00a0 \u00a0 \u00a0 \u00a0 \u00a0 \u00a0 \u00a0 \u00a0 \u00a0 \u00a0 \u00a0 \u00a0 \u00a0 \u00a0 \u00a0 \u00a0 \u00a0 \u00a0 \u00a0 \u00a0 \u00a0 \u00a0 \u00a0 \u00a0 \u00a0 \u00a0 \u00a0 \u00a0 \u00a0 \u00a0 \u00a0 \u00a0 \u00a0 \u00a0 \u00a0 \u00a0 \u00a0 \u00a0 \u00a0 \u00a0 \u00a0 \u00a0 \u00a0 \u00a0 \u00a0 \u00a0 \u00a0 \u00a0 \u00a0 \u00a0 \u00a0 \u00a0 \u00a0 \u00a0 \u00a0 \u00a0 \u00a0 \u00a0 \u00a0 \u00a0 \u00a0 \u00a0 \u00a0 \u00a0 \u00a0 \u00a0 \u00a0 \u00a0 \u00a0 \u00a0 \u00a0 \u00a0 \u00a0 \u00a0 \u00a0 \u00a0 \u00a0 \u00a0 \u00a0 \u00a0 \u00a0 \u00a0 \u00a0 \u00a0 \u00a0 \u00a0 \u00a0 \u00a0 \u00a0 \u00a0 \u00a0 \u00a0 \u00a0 \u00a0 \u00a0 \u00a0 \u00a0 \u00a0 \u00a0 \u00a0 \u00a0 \u00a0 \u00a0 \u00a0 \u00a0 \u00a0 \u00a0 \u00a0 \u00a0 \u00a0 \u00a0 \u00a0 \u00a0 \u00a0 \u00a0 \u00a0 \u00a0 \u00a0 \u00a0 \u00a0 \u00a0 \u00a0 \u00a0 \u00a0 \u00a0 \u00a0 \u00a0 \u00a0 \u00a0 \u00a0 \u00a0 \u00a0 \u00a0 \u00a0 \u00a0 \u00a0 \u00a0 \u00a0<\/strong> Las v\u00e1lvulas de mariposa manuales de UPVC se utilizan para regular y controlar el flujo de agua en los sistemas de riego agr\u00edcola, lo que ayuda a lograr un riego uniforme de las tierras de cultivo y mejorar el rendimiento y la calidad de los cultivos.\u00a0 \u00a0 \u00a0 \u00a0<\/li><\/ul>\t\t\t\t\t\t\t\t<\/div>\n\t\t\t\t<\/div>\n\t\t\t\t<\/div>\n\t\t\t\t<\/div>","protected":false},"excerpt":{"rendered":"<p>La v\u00e1lvula de mariposa UPVC resistente a la corrosi\u00f3n manual est\u00e1 dise\u00f1ada para satisfacer las necesidades de varios fluidos de tuber\u00eda corrosivos, utilizando la placa de mariposa que gira con la varilla como piezas de apertura y cierre. La v\u00e1lvula debido a su material pl\u00e1stico tiene la v\u00e1lvula de mariposa no solo tama\u00f1o peque\u00f1o, estructura simple, peso ligero, resistencia a la corrosi\u00f3n y otras ventajas, estructura compacta y hermosa, instalaci\u00f3n conveniente. Es ampliamente utilizado en muchas industrias, adecuado para condiciones sanitarias no t\u00f3xicas, con resistencia al desgaste, f\u00e1cil de desmontar y el mantenimiento es simple, etc., para lograr la apertura y el cierre de la v\u00e1lvula y el ajuste. En comparaci\u00f3n con la v\u00e1lvula de compuerta con los mismos par\u00e1metros, el peso de la v\u00e1lvula de mariposa UPVC se redujo en 30% a 50%, y la placa de mariposa se puede girar 90 grados para completar el proceso de apertura y cierre. Debido al eje giratorio en ambos lados de la placa de mariposa, la fuerza del medio es aproximadamente igual y el par opuesto, el par de apertura y cierre es peque\u00f1o.<br \/>\nEl cuerpo de la v\u00e1lvula de mariposa de UPVC est\u00e1 hecho de PVC, CPVC, UPVC y otros materiales, que tienen una excelente resistencia a la corrosi\u00f3n qu\u00edmica. El asiento de sellado est\u00e1 hecho de EPDM (EPDM) o FPM (fluoroelast\u00f3mero), que proporciona un buen rendimiento de sellado y es resistente al aceite, el calor, las llamas, la luz solar, el ozono, los \u00e1cidos, los \u00e1lcalis y los reactivos qu\u00edmicos. Con una apariencia hermosa y una f\u00e1cil instalaci\u00f3n, la v\u00e1lvula es un dispositivo de control de fluidos ideal para todo tipo de sistemas de tuber\u00edas.<\/p>\n<p>Modelo: V\u00e1lvula de mariposa de UPVC<br \/>\nRango de tama\u00f1o: 2\u2033 a 8\u2033<br \/>\nRango de presi\u00f3n: 1,0 MPa-1,6 MPa<br \/>\nMaterial: PVC, PVC<\/p>","protected":false},"featured_media":7324,"template":"","meta":{"site-sidebar-layout":"default","site-content-layout":"","ast-site-content-layout":"default","site-content-style":"default","site-sidebar-style":"default","ast-global-header-display":"","ast-banner-title-visibility":"","ast-main-header-display":"","ast-hfb-above-header-display":"","ast-hfb-below-header-display":"","ast-hfb-mobile-header-display":"","site-post-title":"","ast-breadcrumbs-content":"","ast-featured-img":"","footer-sml-layout":"","ast-disable-related-posts":"","theme-transparent-header-meta":"default","adv-header-id-meta":"","stick-header-meta":"","header-above-stick-meta":"","header-main-stick-meta":"","header-below-stick-meta":"","astra-migrate-meta-layouts":"set","ast-page-background-enabled":"default","ast-page-background-meta":{"desktop":{"background-color":"var(--ast-global-color-4)","background-image":"","background-repeat":"repeat","background-position":"center center","background-size":"auto","background-attachment":"scroll","background-type":"","background-media":"","overlay-type":"","overlay-color":"","overlay-opacity":"","overlay-gradient":""},"tablet":{"background-color":"","background-image":"","background-repeat":"repeat","background-position":"center center","background-size":"auto","background-attachment":"scroll","background-type":"","background-media":"","overlay-type":"","overlay-color":"","overlay-opacity":"","overlay-gradient":""},"mobile":{"background-color":"","background-image":"","background-repeat":"repeat","background-position":"center center","background-size":"auto","background-attachment":"scroll","background-type":"","background-media":"","overlay-type":"","overlay-color":"","overlay-opacity":"","overlay-gradient":""}},"ast-content-background-meta":{"desktop":{"background-color":"var(--ast-global-color-5)","background-image":"","background-repeat":"repeat","background-position":"center center","background-size":"auto","background-attachment":"scroll","background-type":"","background-media":"","overlay-type":"","overlay-color":"","overlay-opacity":"","overlay-gradient":""},"tablet":{"background-color":"var(--ast-global-color-5)","background-image":"","background-repeat":"repeat","background-position":"center center","background-size":"auto","background-attachment":"scroll","background-type":"","background-media":"","overlay-type":"","overlay-color":"","overlay-opacity":"","overlay-gradient":""},"mobile":{"background-color":"var(--ast-global-color-5)","background-image":"","background-repeat":"repeat","background-position":"center center","background-size":"auto","background-attachment":"scroll","background-type":"","background-media":"","overlay-type":"","overlay-color":"","overlay-opacity":"","overlay-gradient":""}}},"product_brand":[],"product_cat":[706,116,33],"product_tag":[652,261,102,651,650,653,73,56],"class_list":{"0":"post-6288","1":"product","2":"type-product","3":"status-publish","4":"has-post-thumbnail","6":"product_cat-manual-butterfly-valve","7":"product_cat-manual-valves","8":"product_cat-products","9":"product_tag-corrosion-resistant-upvc-butterfly-valve","10":"product_tag-manual-valve","11":"product_tag-manual-valves","12":"product_tag-plastic-upvc-butterfly-valve","13":"product_tag-upvc-butterfly-valve","14":"product_tag-upvc-butterfly-valves","15":"product_tag-valve","16":"product_tag-valves","17":"desktop-align-center","18":"tablet-align-left","19":"mobile-align-left","21":"first","22":"instock","23":"shipping-taxable","24":"product-type-simple"},"_links":{"self":[{"href":"https:\/\/www.delcofluid.com\/es\/wp-json\/wp\/v2\/product\/6288","targetHints":{"allow":["GET"]}}],"collection":[{"href":"https:\/\/www.delcofluid.com\/es\/wp-json\/wp\/v2\/product"}],"about":[{"href":"https:\/\/www.delcofluid.com\/es\/wp-json\/wp\/v2\/types\/product"}],"version-history":[{"count":0,"href":"https:\/\/www.delcofluid.com\/es\/wp-json\/wp\/v2\/product\/6288\/revisions"}],"wp:featuredmedia":[{"embeddable":true,"href":"https:\/\/www.delcofluid.com\/es\/wp-json\/wp\/v2\/media\/7324"}],"wp:attachment":[{"href":"https:\/\/www.delcofluid.com\/es\/wp-json\/wp\/v2\/media?parent=6288"}],"wp:term":[{"taxonomy":"product_brand","embeddable":true,"href":"https:\/\/www.delcofluid.com\/es\/wp-json\/wp\/v2\/product_brand?post=6288"},{"taxonomy":"product_cat","embeddable":true,"href":"https:\/\/www.delcofluid.com\/es\/wp-json\/wp\/v2\/product_cat?post=6288"},{"taxonomy":"product_tag","embeddable":true,"href":"https:\/\/www.delcofluid.com\/es\/wp-json\/wp\/v2\/product_tag?post=6288"}],"curies":[{"name":"wp","href":"https:\/\/api.w.org\/{rel}","templated":true}]}}