{"id":6337,"date":"2024-07-02T02:06:51","date_gmt":"2024-07-02T01:06:51","guid":{"rendered":"https:\/\/www.delcofluid.com\/?post_type=product&#038;p=6337"},"modified":"2024-07-17T07:14:02","modified_gmt":"2024-07-17T06:14:02","slug":"manual-wafer-type-cast-iron-butterfly-valve-with-handle","status":"publish","type":"product","link":"https:\/\/www.delcofluid.com\/es\/producto\/manual-wafer-type-cast-iron-butterfly-valve-with-handle\/","title":{"rendered":"V\u00e1lvula de mariposa manual de hierro fundido tipo wafer con manija"},"content":{"rendered":"<div data-elementor-type=\"product-post\" data-elementor-id=\"6337\" class=\"elementor elementor-6337\" data-elementor-post-type=\"product\">\n\t\t\t\t<div class=\"elementor-element elementor-element-6fb59a60 e-flex e-con-boxed e-con e-parent\" data-id=\"6fb59a60\" data-element_type=\"container\" data-e-type=\"container\" data-settings=\"{&quot;ekit_has_onepagescroll_dot&quot;:&quot;yes&quot;}\">\n\t\t\t\t\t<div class=\"e-con-inner\">\n\t\t<div class=\"elementor-element elementor-element-b2e102c e-con-full e-flex e-con e-child\" data-id=\"b2e102c\" data-element_type=\"container\" data-e-type=\"container\" data-settings=\"{&quot;ekit_has_onepagescroll_dot&quot;:&quot;yes&quot;}\">\n\t\t\t\t<div class=\"elementor-element elementor-element-4c3cf80 elementor-widget elementor-widget-heading\" data-id=\"4c3cf80\" data-element_type=\"widget\" data-e-type=\"widget\" data-settings=\"{&quot;ekit_we_effect_on&quot;:&quot;none&quot;}\" data-widget_type=\"heading.default\">\n\t\t\t\t<div class=\"elementor-widget-container\">\n\t\t\t\t\t<h2 class=\"elementor-heading-title elementor-size-default\">Caracter\u00edsticas<\/h2>\t\t\t\t<\/div>\n\t\t\t\t<\/div>\n\t\t\t\t<div class=\"elementor-element elementor-element-1af4cc68 elementor-widget__width-initial elementor-widget elementor-widget-text-editor\" data-id=\"1af4cc68\" data-element_type=\"widget\" data-e-type=\"widget\" data-settings=\"{&quot;ekit_we_effect_on&quot;:&quot;none&quot;}\" data-widget_type=\"text-editor.default\">\n\t\t\t\t<div class=\"elementor-widget-container\">\n\t\t\t\t\t\t\t\t\t<ul><li>Estructura razonable: Adecuado para piezas de proceso que no requieren alta frecuencia de conmutaci\u00f3n, grado sanitario y precisi\u00f3n de control, es una soluci\u00f3n econ\u00f3mica de control de fluidos.<\/li><li>Calidad alimentaria: La placa de v\u00e1lvula de compuerta de acero inoxidable pulido es adecuada para la industria alimentaria o farmac\u00e9utica.<\/li><li>Sellado bidireccional: debido a la funci\u00f3n de sellado bidireccional, la instalaci\u00f3n no est\u00e1 restringida por la direcci\u00f3n del flujo de fluido y la ubicaci\u00f3n del espacio, y se puede instalar en cualquier direcci\u00f3n.<\/li><li>Durable: El material de sellado es resistente al envejecimiento y a la baja resistencia a la corrosi\u00f3n, lo que prolonga la vida \u00fatil de la v\u00e1lvula y reduce la frecuencia de reemplazo.<\/li><li>F\u00e1cil de instalar: Su dise\u00f1o permite su instalaci\u00f3n en cualquier posici\u00f3n, y su mantenimiento y servicio pueden adaptarse f\u00e1cilmente a diferentes entornos de instalaci\u00f3n.<\/li><li>Vida \u00fatil prolongada: el dise\u00f1o resuelve el problema de la fricci\u00f3n de contacto deslizante de la superficie de sellado del deflector exc\u00e9ntrico tradicional en la apertura y cierre de 0\u00b0 ~ 10\u00b0, y logra la separaci\u00f3n de la superficie de sellado cuando el deflector est\u00e1 abierto y el sellado cuando est\u00e1 cerrado, lo que extiende la vida \u00fatil y optimiza el rendimiento del sellado.<\/li><\/ul>\t\t\t\t\t\t\t\t<\/div>\n\t\t\t\t<\/div>\n\t\t\t\t<\/div>\n\t\t\t\t<div class=\"elementor-element elementor-element-8e57110 elementor-widget elementor-widget-image\" data-id=\"8e57110\" data-element_type=\"widget\" data-e-type=\"widget\" data-settings=\"{&quot;ekit_we_effect_on&quot;:&quot;none&quot;}\" data-widget_type=\"image.default\">\n\t\t\t\t<div class=\"elementor-widget-container\">\n\t\t\t\t\t\t\t\t\t\t\t\t\t\t\t<img fetchpriority=\"high\" decoding=\"async\" width=\"768\" height=\"759\" src=\"https:\/\/www.delcofluid.com\/wp-content\/uploads\/2024\/03\/product-finder-graphic-3-x900.jpg\" class=\"attachment-large size-large wp-image-2576\" alt=\"Solenoid Valves\" srcset=\"https:\/\/www.delcofluid.com\/wp-content\/uploads\/2024\/03\/product-finder-graphic-3-x900.jpg 768w, https:\/\/www.delcofluid.com\/wp-content\/uploads\/2024\/03\/product-finder-graphic-3-x900-100x100.jpg 100w, https:\/\/www.delcofluid.com\/wp-content\/uploads\/2024\/03\/product-finder-graphic-3-x900-600x593.jpg 600w, https:\/\/www.delcofluid.com\/wp-content\/uploads\/2024\/03\/product-finder-graphic-3-x900-300x296.jpg 300w\" sizes=\"(max-width: 768px) 100vw, 768px\" \/>\t\t\t\t\t\t\t\t\t\t\t\t\t\t\t<\/div>\n\t\t\t\t<\/div>\n\t\t\t\t\t<\/div>\n\t\t\t\t<\/div>\n\t\t<div class=\"elementor-element elementor-element-a55eeda e-flex e-con-boxed e-con e-parent\" data-id=\"a55eeda\" data-element_type=\"container\" data-e-type=\"container\" data-settings=\"{&quot;background_background&quot;:&quot;classic&quot;,&quot;ekit_has_onepagescroll_dot&quot;:&quot;yes&quot;}\">\n\t\t\t\t\t<div class=\"e-con-inner\">\n\t\t\t\t<div class=\"elementor-element elementor-element-585e9d9 elementor-widget elementor-widget-heading\" data-id=\"585e9d9\" data-element_type=\"widget\" data-e-type=\"widget\" data-settings=\"{&quot;ekit_we_effect_on&quot;:&quot;none&quot;}\" data-widget_type=\"heading.default\">\n\t\t\t\t<div class=\"elementor-widget-container\">\n\t\t\t\t\t<h2 class=\"elementor-heading-title elementor-size-default\">Par\u00e1metros t\u00e9cnicos<\/h2>\t\t\t\t<\/div>\n\t\t\t\t<\/div>\n\t\t\t\t\t<\/div>\n\t\t\t\t<\/div>\n\t\t<div class=\"elementor-element elementor-element-3414eb9 e-con-full e-flex e-con e-parent\" data-id=\"3414eb9\" data-element_type=\"container\" data-e-type=\"container\" data-settings=\"{&quot;background_background&quot;:&quot;classic&quot;,&quot;ekit_has_onepagescroll_dot&quot;:&quot;yes&quot;}\">\n\t\t\t\t<div class=\"elementor-element elementor-element-13df62f elementor-widget__width-initial elementor-widget elementor-widget-text-editor\" data-id=\"13df62f\" data-element_type=\"widget\" data-e-type=\"widget\" data-settings=\"{&quot;ekit_we_effect_on&quot;:&quot;none&quot;}\" data-widget_type=\"text-editor.default\">\n\t\t\t\t<div class=\"elementor-widget-container\">\n\t\t\t\t\t\t\t\t\t<table width=\"855\">\n<tbody>\n<tr>\n<td width=\"159\">Tama\u00f1o del puerto:<\/td>\n<td width=\"205\">&nbsp;De 2\u2033 a 16\u2033<\/td>\n<td width=\"146\">Material del disco:<\/td>\n<td width=\"345\">Acero inoxidable<\/td>\n<\/tr>\n<tr>\n<td width=\"159\">Presi\u00f3n:<\/td>\n<td>1,0 a 1,6 MPa<\/td>\n<td width=\"146\">Caracter\u00edstica de flujo:&nbsp;<\/td>\n<td width=\"345\">Funci\u00f3n de apertura r\u00e1pida<\/td>\n<\/tr>\n<tr>\n<td width=\"159\">Garant\u00eda:<\/td>\n<td width=\"205\">12 polillas<\/td>\n<td width=\"146\">Funci\u00f3n:<\/td>\n<td width=\"345\">Manual<\/td>\n<\/tr>\n<tr>\n<td width=\"159\">Material del cuerpo del Vale:<\/td>\n<td width=\"205\">Hierro fundido<\/td>\n<td width=\"146\">Medios adecuados<\/td>\n<td width=\"345\">Agua, l\u00edquido, gas, aceite, polvo, vapor y otros medios.<\/td>\n<\/tr>\n<\/tbody>\n<\/table>\t\t\t\t\t\t\t\t<\/div>\n\t\t\t\t<\/div>\n\t\t\t\t<\/div>\n\t\t<div class=\"elementor-element elementor-element-daef6c8 e-con-full e-flex e-con e-parent\" data-id=\"daef6c8\" data-element_type=\"container\" data-e-type=\"container\" data-settings=\"{&quot;ekit_has_onepagescroll_dot&quot;:&quot;yes&quot;}\">\n\t\t\t\t<div class=\"elementor-element elementor-element-52ddb61 elementor-widget elementor-widget-heading\" data-id=\"52ddb61\" data-element_type=\"widget\" data-e-type=\"widget\" data-settings=\"{&quot;ekit_we_effect_on&quot;:&quot;none&quot;}\" data-widget_type=\"heading.default\">\n\t\t\t\t<div class=\"elementor-widget-container\">\n\t\t\t\t\t<h2 class=\"elementor-heading-title elementor-size-default\">Solicitud<\/h2>\t\t\t\t<\/div>\n\t\t\t\t<\/div>\n\t\t\t\t<div class=\"elementor-element elementor-element-ac1034b elementor-widget elementor-widget-text-editor\" data-id=\"ac1034b\" data-element_type=\"widget\" data-e-type=\"widget\" data-settings=\"{&quot;ekit_we_effect_on&quot;:&quot;none&quot;}\" data-widget_type=\"text-editor.default\">\n\t\t\t\t<div class=\"elementor-widget-container\">\n\t\t\t\t\t\t\t\t\t<p>1. Producci\u00f3n de alimentos:<br \/>En la producci\u00f3n de alimentos, las v\u00e1lvulas de mariposa manuales se utilizan para la adici\u00f3n de l\u00edquidos, la regulaci\u00f3n del caudal y la descarga de desechos. Ayudan a gestionar los fluidos y a mejorar la eficiencia de producci\u00f3n en las l\u00edneas de producci\u00f3n de alimentos.<\/p><p>2. Abastecimiento de agua a la ciudad:<br \/>Las v\u00e1lvulas de mariposa manuales se utilizan para el control de flujo y la gesti\u00f3n de medios en las redes de suministro de agua municipales para garantizar el funcionamiento estable del sistema de suministro de agua y satisfacer las necesidades de suministro de agua de la ciudad.<\/p><p>3. Sistemas de riego agr\u00edcola:<br \/>En el riego agr\u00edcola, las v\u00e1lvulas de mariposa manuales se utilizan para gestionar el flujo de agua para optimizar el efecto de riego y mejorar las condiciones de crecimiento de los cultivos.<\/p><p>4. Transporte de petr\u00f3leo y gas por oleoductos:<br \/>En los sistemas de oleoductos y gasoductos, se utilizan v\u00e1lvulas de mariposa manuales para controlar el flujo de fluidos y gestionar las tuber\u00edas para garantizar un transporte eficiente y seguro de petr\u00f3leo y gas.<\/p><p>5. Gesti\u00f3n del flujo de aire comprimido:<br \/>En los sistemas de aire comprimido industriales, se utilizan v\u00e1lvulas de mariposa manuales para gestionar los requisitos de flujo de aire y garantizar la estabilidad y la eficiencia del suministro de gas.<\/p><p>6. Regulaci\u00f3n del agua caliente sanitaria:<br \/>En los sistemas de calefacci\u00f3n, se utilizan v\u00e1lvulas de mariposa manuales para regular el flujo de agua caliente para controlar la temperatura interior y proporcionar un ambiente interior confortable.<\/p>\t\t\t\t\t\t\t\t<\/div>\n\t\t\t\t<\/div>\n\t\t\t\t<\/div>\n\t\t\t\t<\/div>","protected":false},"excerpt":{"rendered":"<p>El producto tiene un dise\u00f1o estructural razonable, peso ligero, velocidad de apertura y cierre r\u00e1pida y operaci\u00f3n que ahorra mano de obra. La aleta de la v\u00e1lvula adopta una estructura de marco con alta resistencia, gran \u00e1rea de flujo y peque\u00f1a resistencia al flujo. Su estructura incluye asiento de v\u00e1lvula de anillo, revestimiento el\u00e1stico y placa de mariposa, el eje de la v\u00e1lvula gira 90 \u00b0 para lograr la regulaci\u00f3n del flujo y el corte del medio. El asiento de la v\u00e1lvula adopta un dise\u00f1o de sellado el\u00e1stico para garantizar un sellado confiable. El v\u00e1stago de la v\u00e1lvula est\u00e1 dise\u00f1ado como una estructura de cojinete de sellado invertido, incluso si la cavidad de la v\u00e1lvula est\u00e1 presurizada anormalmente, el v\u00e1stago de la v\u00e1lvula no se lavar\u00e1.<br \/>\nLa v\u00e1lvula adopta una estructura de doble exc\u00e9ntrica, un rendimiento de sellado confiable, cuanto m\u00e1s cerrada, m\u00e1s herm\u00e9tica. El tratamiento general de pintura al horno puede prevenir eficazmente el \u00f3xido y la corrosi\u00f3n, el reemplazo de materiales de sellado se puede aplicar a diferentes medios. La v\u00e1lvula tiene una funci\u00f3n de sellado bidireccional, la instalaci\u00f3n no se ve afectada por la direcci\u00f3n del flujo del medio y la ubicaci\u00f3n del espacio, se puede instalar en cualquier direcci\u00f3n.<br \/>\nEl dise\u00f1o resuelve el problema de la fricci\u00f3n de contacto deslizante de la superficie de sellado de la v\u00e1lvula de mariposa exc\u00e9ntrica tradicional en el momento de apertura y cierre a 0\u00b0~10\u00b0, y realiza la separaci\u00f3n de la superficie de sellado cuando se abre la placa de la mariposa y el sellado cuando est\u00e1 cerrada, prolongando as\u00ed la vida \u00fatil y optimizando el rendimiento del sellado.<\/p>\n<p><strong>Modelo<\/strong>: V\u00e1lvula de mariposa tipo wafer manual D71X<br \/>\n<strong>Rango de tallas<\/strong>: 2\u2033 a 16\u2033<br \/>\n<strong>Rango de presi\u00f3n:<\/strong> 1,0 a 1,6 MPa<br \/>\n<strong>Material<\/strong>:Hierro fundido, acero fundido, hierro d\u00factil, acero inoxidable<\/p>","protected":false},"featured_media":7320,"template":"","meta":{"site-sidebar-layout":"default","site-content-layout":"","ast-site-content-layout":"default","site-content-style":"default","site-sidebar-style":"default","ast-global-header-display":"","ast-banner-title-visibility":"","ast-main-header-display":"","ast-hfb-above-header-display":"","ast-hfb-below-header-display":"","ast-hfb-mobile-header-display":"","site-post-title":"","ast-breadcrumbs-content":"","ast-featured-img":"","footer-sml-layout":"","ast-disable-related-posts":"","theme-transparent-header-meta":"default","adv-header-id-meta":"","stick-header-meta":"","header-above-stick-meta":"","header-main-stick-meta":"","header-below-stick-meta":"","astra-migrate-meta-layouts":"set","ast-page-background-enabled":"default","ast-page-background-meta":{"desktop":{"background-color":"var(--ast-global-color-4)","background-image":"","background-repeat":"repeat","background-position":"center center","background-size":"auto","background-attachment":"scroll","background-type":"","background-media":"","overlay-type":"","overlay-color":"","overlay-opacity":"","overlay-gradient":""},"tablet":{"background-color":"","background-image":"","background-repeat":"repeat","background-position":"center center","background-size":"auto","background-attachment":"scroll","background-type":"","background-media":"","overlay-type":"","overlay-color":"","overlay-opacity":"","overlay-gradient":""},"mobile":{"background-color":"","background-image":"","background-repeat":"repeat","background-position":"center center","background-size":"auto","background-attachment":"scroll","background-type":"","background-media":"","overlay-type":"","overlay-color":"","overlay-opacity":"","overlay-gradient":""}},"ast-content-background-meta":{"desktop":{"background-color":"var(--ast-global-color-5)","background-image":"","background-repeat":"repeat","background-position":"center center","background-size":"auto","background-attachment":"scroll","background-type":"","background-media":"","overlay-type":"","overlay-color":"","overlay-opacity":"","overlay-gradient":""},"tablet":{"background-color":"var(--ast-global-color-5)","background-image":"","background-repeat":"repeat","background-position":"center center","background-size":"auto","background-attachment":"scroll","background-type":"","background-media":"","overlay-type":"","overlay-color":"","overlay-opacity":"","overlay-gradient":""},"mobile":{"background-color":"var(--ast-global-color-5)","background-image":"","background-repeat":"repeat","background-position":"center center","background-size":"auto","background-attachment":"scroll","background-type":"","background-media":"","overlay-type":"","overlay-color":"","overlay-opacity":"","overlay-gradient":""}}},"product_brand":[],"product_cat":[706,116,33],"product_tag":[649,111,261,102,655,654,73,56],"class_list":{"0":"post-6337","1":"product","2":"type-product","3":"status-publish","4":"has-post-thumbnail","6":"product_cat-manual-butterfly-valve","7":"product_cat-manual-valves","8":"product_cat-products","9":"product_tag-butterfly-valve-with-handle","10":"product_tag-cast-iron-butterfly-valve","11":"product_tag-manual-valve","12":"product_tag-manual-valves","13":"product_tag-manual-wafer-cast-iron-butterfly-valve","14":"product_tag-manual-wafer-type-butterfly-valve","15":"product_tag-valve","16":"product_tag-valves","17":"desktop-align-center","18":"tablet-align-left","19":"mobile-align-left","21":"first","22":"instock","23":"shipping-taxable","24":"product-type-simple"},"_links":{"self":[{"href":"https:\/\/www.delcofluid.com\/es\/wp-json\/wp\/v2\/product\/6337","targetHints":{"allow":["GET"]}}],"collection":[{"href":"https:\/\/www.delcofluid.com\/es\/wp-json\/wp\/v2\/product"}],"about":[{"href":"https:\/\/www.delcofluid.com\/es\/wp-json\/wp\/v2\/types\/product"}],"version-history":[{"count":0,"href":"https:\/\/www.delcofluid.com\/es\/wp-json\/wp\/v2\/product\/6337\/revisions"}],"wp:featuredmedia":[{"embeddable":true,"href":"https:\/\/www.delcofluid.com\/es\/wp-json\/wp\/v2\/media\/7320"}],"wp:attachment":[{"href":"https:\/\/www.delcofluid.com\/es\/wp-json\/wp\/v2\/media?parent=6337"}],"wp:term":[{"taxonomy":"product_brand","embeddable":true,"href":"https:\/\/www.delcofluid.com\/es\/wp-json\/wp\/v2\/product_brand?post=6337"},{"taxonomy":"product_cat","embeddable":true,"href":"https:\/\/www.delcofluid.com\/es\/wp-json\/wp\/v2\/product_cat?post=6337"},{"taxonomy":"product_tag","embeddable":true,"href":"https:\/\/www.delcofluid.com\/es\/wp-json\/wp\/v2\/product_tag?post=6337"}],"curies":[{"name":"wp","href":"https:\/\/api.w.org\/{rel}","templated":true}]}}