{"id":6366,"date":"2024-07-02T09:13:18","date_gmt":"2024-07-02T08:13:18","guid":{"rendered":"https:\/\/www.delcofluid.com\/?post_type=product&#038;p=6366"},"modified":"2024-08-09T10:56:01","modified_gmt":"2024-08-09T09:56:01","slug":"manual-fluorine-lined-ball-valve-with-flange","status":"publish","type":"product","link":"https:\/\/www.delcofluid.com\/es\/producto\/manual-fluorine-lined-ball-valve-with-flange\/","title":{"rendered":"V\u00e1lvula de bola con brida y manija revestida con fl\u00faor manual"},"content":{"rendered":"<div data-elementor-type=\"product-post\" data-elementor-id=\"6366\" class=\"elementor elementor-6366\" data-elementor-post-type=\"product\">\n\t\t\t\t<div class=\"elementor-element elementor-element-6fb59a60 e-flex e-con-boxed e-con e-parent\" data-id=\"6fb59a60\" data-element_type=\"container\" data-e-type=\"container\" data-settings=\"{&quot;ekit_has_onepagescroll_dot&quot;:&quot;yes&quot;}\">\n\t\t\t\t\t<div class=\"e-con-inner\">\n\t\t<div class=\"elementor-element elementor-element-b2e102c e-con-full e-flex e-con e-child\" data-id=\"b2e102c\" data-element_type=\"container\" data-e-type=\"container\" data-settings=\"{&quot;ekit_has_onepagescroll_dot&quot;:&quot;yes&quot;}\">\n\t\t\t\t<div class=\"elementor-element elementor-element-4c3cf80 elementor-widget elementor-widget-heading\" data-id=\"4c3cf80\" data-element_type=\"widget\" data-e-type=\"widget\" data-settings=\"{&quot;ekit_we_effect_on&quot;:&quot;none&quot;}\" data-widget_type=\"heading.default\">\n\t\t\t\t<div class=\"elementor-widget-container\">\n\t\t\t\t\t<h2 class=\"elementor-heading-title elementor-size-default\">Caracter\u00edsticas<\/h2>\t\t\t\t<\/div>\n\t\t\t\t<\/div>\n\t\t\t\t<div class=\"elementor-element elementor-element-1af4cc68 elementor-widget__width-initial elementor-widget elementor-widget-text-editor\" data-id=\"1af4cc68\" data-element_type=\"widget\" data-e-type=\"widget\" data-settings=\"{&quot;ekit_we_effect_on&quot;:&quot;none&quot;}\" data-widget_type=\"text-editor.default\">\n\t\t\t\t<div class=\"elementor-widget-container\">\n\t\t\t\t\t\t\t\t\t<ul><li>Dise\u00f1o compacto: El dise\u00f1o compacto y eficiente minimiza la retenci\u00f3n del medio dentro de la cavidad del cuerpo de la v\u00e1lvula.<\/li><li>Asiento de v\u00e1lvula duradero: el asiento de v\u00e1lvula de PTFE duradero y resistente a la corrosi\u00f3n est\u00e1 dise\u00f1ado para cero fugas y aislamiento de bajo torque.<\/li><li>Excelente resistencia a la corrosi\u00f3n: la v\u00e1lvula mantiene un rendimiento estable en medios altamente corrosivos como \u00e1cidos, \u00e1lcalis y sales.<\/li><li>Estructura de bola flotante: La v\u00e1lvula presenta una estructura de bola flotante que logra un cierre sin fugas en todo el rango de presi\u00f3n, lo que facilita la limpieza y el mantenimiento de la tuber\u00eda.<\/li><li>Tecnolog\u00eda de sellado: un proceso de moldeado especial garantiza una superficie de sellado herm\u00e9tica. Combinado con un empaque de PTFE, la v\u00e1lvula logra cero fugas.<\/li><li>Mayor durabilidad: el dise\u00f1o compacto y eficiente, combinado con tecnolog\u00eda de sellado avanzada, reduce la retenci\u00f3n del medio y mejora la durabilidad y la confiabilidad.<\/li><\/ul>\t\t\t\t\t\t\t\t<\/div>\n\t\t\t\t<\/div>\n\t\t\t\t<\/div>\n\t\t\t\t<div class=\"elementor-element elementor-element-8e57110 elementor-widget elementor-widget-image\" data-id=\"8e57110\" data-element_type=\"widget\" data-e-type=\"widget\" data-settings=\"{&quot;ekit_we_effect_on&quot;:&quot;none&quot;}\" data-widget_type=\"image.default\">\n\t\t\t\t<div class=\"elementor-widget-container\">\n\t\t\t\t\t\t\t\t\t\t\t\t\t\t\t<img fetchpriority=\"high\" decoding=\"async\" width=\"768\" height=\"759\" src=\"https:\/\/www.delcofluid.com\/wp-content\/uploads\/2024\/03\/product-finder-graphic-3-x900.jpg\" class=\"attachment-large size-large wp-image-2576\" alt=\"Solenoid Valves\" srcset=\"https:\/\/www.delcofluid.com\/wp-content\/uploads\/2024\/03\/product-finder-graphic-3-x900.jpg 768w, https:\/\/www.delcofluid.com\/wp-content\/uploads\/2024\/03\/product-finder-graphic-3-x900-100x100.jpg 100w, https:\/\/www.delcofluid.com\/wp-content\/uploads\/2024\/03\/product-finder-graphic-3-x900-600x593.jpg 600w, https:\/\/www.delcofluid.com\/wp-content\/uploads\/2024\/03\/product-finder-graphic-3-x900-300x296.jpg 300w\" sizes=\"(max-width: 768px) 100vw, 768px\" \/>\t\t\t\t\t\t\t\t\t\t\t\t\t\t\t<\/div>\n\t\t\t\t<\/div>\n\t\t\t\t\t<\/div>\n\t\t\t\t<\/div>\n\t\t<div class=\"elementor-element elementor-element-a55eeda e-flex e-con-boxed e-con e-parent\" data-id=\"a55eeda\" data-element_type=\"container\" data-e-type=\"container\" data-settings=\"{&quot;background_background&quot;:&quot;classic&quot;,&quot;ekit_has_onepagescroll_dot&quot;:&quot;yes&quot;}\">\n\t\t\t\t\t<div class=\"e-con-inner\">\n\t\t\t\t<div class=\"elementor-element elementor-element-585e9d9 elementor-widget elementor-widget-heading\" data-id=\"585e9d9\" data-element_type=\"widget\" data-e-type=\"widget\" data-settings=\"{&quot;ekit_we_effect_on&quot;:&quot;none&quot;}\" data-widget_type=\"heading.default\">\n\t\t\t\t<div class=\"elementor-widget-container\">\n\t\t\t\t\t<h2 class=\"elementor-heading-title elementor-size-default\">Par\u00e1metros t\u00e9cnicos<\/h2>\t\t\t\t<\/div>\n\t\t\t\t<\/div>\n\t\t\t\t\t<\/div>\n\t\t\t\t<\/div>\n\t\t<div class=\"elementor-element elementor-element-3414eb9 e-con-full e-flex e-con e-parent\" data-id=\"3414eb9\" data-element_type=\"container\" data-e-type=\"container\" data-settings=\"{&quot;background_background&quot;:&quot;classic&quot;,&quot;ekit_has_onepagescroll_dot&quot;:&quot;yes&quot;}\">\n\t\t\t\t<div class=\"elementor-element elementor-element-13df62f elementor-widget__width-initial elementor-widget elementor-widget-text-editor\" data-id=\"13df62f\" data-element_type=\"widget\" data-e-type=\"widget\" data-settings=\"{&quot;ekit_we_effect_on&quot;:&quot;none&quot;}\" data-widget_type=\"text-editor.default\">\n\t\t\t\t<div class=\"elementor-widget-container\">\n\t\t\t\t\t\t\t\t\t<table width=\"855\">\n<tbody>\n<tr>\n<td width=\"159\">Tama\u00f1o del puerto:<\/td>\n<td width=\"205\">&nbsp;1\/2\u2033 a 16\u2033<\/td>\n<td width=\"146\">Material:<\/td>\n<td width=\"345\">Hierro fundido, acero fundido, WCB o acero inoxidable<\/td>\n<\/tr>\n<tr>\n<td width=\"159\">Presi\u00f3n:<\/td>\n<td>1,6 a 6,4 MPa<\/td>\n<td width=\"146\">Conexi\u00f3n final:&nbsp;<\/td>\n<td width=\"345\">Brida<\/td>\n<\/tr>\n<tr>\n<td width=\"159\">Garant\u00eda:<\/td>\n<td width=\"205\">12 polillas<\/td>\n<td width=\"146\">Temperatura de trabajo:<\/td>\n<td width=\"345\">PTFE\u2264180 \u00b0C, asiento de metal\u2264350 \u00b0C<\/td>\n<\/tr>\n<tr>\n<td width=\"159\">Clasificaci\u00f3n de presi\u00f3n:<\/td>\n<td width=\"205\">300LB (150LB y 600LB son opcionales)<\/td>\n<td width=\"146\">Medios adecuados<\/td>\n<td width=\"345\">Aire, gas inerte, petr\u00f3leo, agua de mar, agua y otros medios.<\/td>\n<\/tr>\n<\/tbody>\n<\/table>\t\t\t\t\t\t\t\t<\/div>\n\t\t\t\t<\/div>\n\t\t\t\t<\/div>\n\t\t<div class=\"elementor-element elementor-element-daef6c8 e-con-full e-flex e-con e-parent\" data-id=\"daef6c8\" data-element_type=\"container\" data-e-type=\"container\" data-settings=\"{&quot;ekit_has_onepagescroll_dot&quot;:&quot;yes&quot;}\">\n\t\t\t\t<div class=\"elementor-element elementor-element-52ddb61 elementor-widget elementor-widget-heading\" data-id=\"52ddb61\" data-element_type=\"widget\" data-e-type=\"widget\" data-settings=\"{&quot;ekit_we_effect_on&quot;:&quot;none&quot;}\" data-widget_type=\"heading.default\">\n\t\t\t\t<div class=\"elementor-widget-container\">\n\t\t\t\t\t<h2 class=\"elementor-heading-title elementor-size-default\">Solicitud<\/h2>\t\t\t\t<\/div>\n\t\t\t\t<\/div>\n\t\t\t\t<div class=\"elementor-element elementor-element-ac1034b elementor-widget elementor-widget-text-editor\" data-id=\"ac1034b\" data-element_type=\"widget\" data-e-type=\"widget\" data-settings=\"{&quot;ekit_we_effect_on&quot;:&quot;none&quot;}\" data-widget_type=\"text-editor.default\">\n\t\t\t\t<div class=\"elementor-widget-container\">\n\t\t\t\t\t\t\t\t\t<p>1. Industria qu\u00edmica<br \/>En la industria qu\u00edmica, estas v\u00e1lvulas se utilizan para manipular productos qu\u00edmicos corrosivos y garantizar la fiabilidad de las operaciones de las tuber\u00edas. Desempe\u00f1an un papel fundamental en el transporte, la mezcla y la reacci\u00f3n de los productos qu\u00edmicos, y est\u00e1n dise\u00f1adas para resistir entornos hostiles, como \u00e1cidos, \u00e1lcalis y sales.<br \/>2. Industria farmac\u00e9utica<br \/>En la industria farmac\u00e9utica, estas v\u00e1lvulas son ideales para aplicaciones que requieren alta pureza y un aislamiento confiable. Se utilizan en el proceso de producci\u00f3n de medicamentos para garantizar la esterilidad, la pureza y el control preciso de las condiciones para evitar la contaminaci\u00f3n.<br \/>3. Industria de procesamiento de alimentos<br \/>En la industria alimentaria, las v\u00e1lvulas de bola con bridas revestidas de fl\u00faor se utilizan para manipular productos alimenticios y bebidas. Son adecuadas para entornos que exigen condiciones higi\u00e9nicas y resistencia a agentes de limpieza agresivos.<br \/>4. Industria de protecci\u00f3n del medio ambiente<br \/>En la industria de protecci\u00f3n ambiental, estas v\u00e1lvulas se utilizan para la gesti\u00f3n de aguas residuales, el tratamiento de contaminantes y para garantizar el cumplimiento de las normas ambientales. Son esenciales para el control eficaz de la contaminaci\u00f3n y las medidas de protecci\u00f3n ambiental.<\/p>\t\t\t\t\t\t\t\t<\/div>\n\t\t\t\t<\/div>\n\t\t\t\t<\/div>\n\t\t\t\t<\/div>","protected":false},"excerpt":{"rendered":"<p>La v\u00e1lvula de bola revestida de fl\u00faor cuenta con una estabilidad qu\u00edmica excepcional y una estructura compacta y bien dise\u00f1ada. Con un dise\u00f1o de bola flotante de paso completo, la v\u00e1lvula minimiza el espacio de la cavidad interna, lo que reduce la retenci\u00f3n del medio y maximiza el flujo. Esto facilita la limpieza, el mantenimiento y el raspado del sistema de tuber\u00edas. El proceso de moldeado especializado garantiza una superficie de sellado densa y confiable, mejorada a\u00fan m\u00e1s por el empaque de PTFE en forma de chevron, que logra cero fugas. El v\u00e1stago robusto y de alta resistencia a prueba de explosiones limita los fen\u00f3menos de retardo, lo que garantiza un funcionamiento confiable.<\/p>\n<p>El asiento de v\u00e1lvula de PTFE, duradero y resistente a la corrosi\u00f3n, est\u00e1 dise\u00f1ado para evitar fugas y proporcionar un aislamiento de bajo par. Las juntas de metal con metal protegen el revestimiento bloqueado contra da\u00f1os externos y el dispositivo de conexi\u00f3n a tierra antiest\u00e1tico evita la acumulaci\u00f3n de electricidad est\u00e1tica. La v\u00e1lvula de bola manual revestida de fl\u00faor es adecuada para transportar l\u00edquidos y gases (incluido vapor) en diversas tuber\u00edas industriales y funciona bien en medios altamente corrosivos, como \u00e1cidos y sales.<\/p>\n<p>Modelo: V\u00e1lvula de bola con brida revestida de fl\u00faor<br \/>\nRango de tama\u00f1o: 1\/2\u2033 a 16\u2033<br \/>\nRango de presi\u00f3n: PN1.6, 2.5, 4.0, 6.4 MPa<br \/>\nMaterial: acero fundido<\/p>","protected":false},"featured_media":7314,"template":"","meta":{"site-sidebar-layout":"default","site-content-layout":"","ast-site-content-layout":"default","site-content-style":"default","site-sidebar-style":"default","ast-global-header-display":"","ast-banner-title-visibility":"","ast-main-header-display":"","ast-hfb-above-header-display":"","ast-hfb-below-header-display":"","ast-hfb-mobile-header-display":"","site-post-title":"","ast-breadcrumbs-content":"","ast-featured-img":"","footer-sml-layout":"","ast-disable-related-posts":"","theme-transparent-header-meta":"default","adv-header-id-meta":"","stick-header-meta":"","header-above-stick-meta":"","header-main-stick-meta":"","header-below-stick-meta":"","astra-migrate-meta-layouts":"set","ast-page-background-enabled":"default","ast-page-background-meta":{"desktop":{"background-color":"var(--ast-global-color-4)","background-image":"","background-repeat":"repeat","background-position":"center center","background-size":"auto","background-attachment":"scroll","background-type":"","background-media":"","overlay-type":"","overlay-color":"","overlay-opacity":"","overlay-gradient":""},"tablet":{"background-color":"","background-image":"","background-repeat":"repeat","background-position":"center center","background-size":"auto","background-attachment":"scroll","background-type":"","background-media":"","overlay-type":"","overlay-color":"","overlay-opacity":"","overlay-gradient":""},"mobile":{"background-color":"","background-image":"","background-repeat":"repeat","background-position":"center center","background-size":"auto","background-attachment":"scroll","background-type":"","background-media":"","overlay-type":"","overlay-color":"","overlay-opacity":"","overlay-gradient":""}},"ast-content-background-meta":{"desktop":{"background-color":"var(--ast-global-color-5)","background-image":"","background-repeat":"repeat","background-position":"center center","background-size":"auto","background-attachment":"scroll","background-type":"","background-media":"","overlay-type":"","overlay-color":"","overlay-opacity":"","overlay-gradient":""},"tablet":{"background-color":"var(--ast-global-color-5)","background-image":"","background-repeat":"repeat","background-position":"center center","background-size":"auto","background-attachment":"scroll","background-type":"","background-media":"","overlay-type":"","overlay-color":"","overlay-opacity":"","overlay-gradient":""},"mobile":{"background-color":"var(--ast-global-color-5)","background-image":"","background-repeat":"repeat","background-position":"center center","background-size":"auto","background-attachment":"scroll","background-type":"","background-media":"","overlay-type":"","overlay-color":"","overlay-opacity":"","overlay-gradient":""}}},"product_brand":[],"product_cat":[705,116,33],"product_tag":[658,659,656,660,261,73,56],"class_list":{"0":"post-6366","1":"product","2":"type-product","3":"status-publish","4":"has-post-thumbnail","6":"product_cat-manual-ball-valve","7":"product_cat-manual-valves","8":"product_cat-products","9":"product_tag-fluorine-lined-ball-valve","10":"product_tag-fluorine-lined-ball-valve-with-flange","11":"product_tag-manual-flange-butterfly-valve","12":"product_tag-manual-fluorine-lined-ball-valve","13":"product_tag-manual-valve","14":"product_tag-valve","15":"product_tag-valves","16":"desktop-align-center","17":"tablet-align-left","18":"mobile-align-left","20":"first","21":"instock","22":"shipping-taxable","23":"product-type-simple"},"_links":{"self":[{"href":"https:\/\/www.delcofluid.com\/es\/wp-json\/wp\/v2\/product\/6366","targetHints":{"allow":["GET"]}}],"collection":[{"href":"https:\/\/www.delcofluid.com\/es\/wp-json\/wp\/v2\/product"}],"about":[{"href":"https:\/\/www.delcofluid.com\/es\/wp-json\/wp\/v2\/types\/product"}],"version-history":[{"count":0,"href":"https:\/\/www.delcofluid.com\/es\/wp-json\/wp\/v2\/product\/6366\/revisions"}],"wp:featuredmedia":[{"embeddable":true,"href":"https:\/\/www.delcofluid.com\/es\/wp-json\/wp\/v2\/media\/7314"}],"wp:attachment":[{"href":"https:\/\/www.delcofluid.com\/es\/wp-json\/wp\/v2\/media?parent=6366"}],"wp:term":[{"taxonomy":"product_brand","embeddable":true,"href":"https:\/\/www.delcofluid.com\/es\/wp-json\/wp\/v2\/product_brand?post=6366"},{"taxonomy":"product_cat","embeddable":true,"href":"https:\/\/www.delcofluid.com\/es\/wp-json\/wp\/v2\/product_cat?post=6366"},{"taxonomy":"product_tag","embeddable":true,"href":"https:\/\/www.delcofluid.com\/es\/wp-json\/wp\/v2\/product_tag?post=6366"}],"curies":[{"name":"wp","href":"https:\/\/api.w.org\/{rel}","templated":true}]}}