{"id":6400,"date":"2024-07-03T07:54:35","date_gmt":"2024-07-03T06:54:35","guid":{"rendered":"https:\/\/www.delcofluid.com\/?post_type=product&#038;p=6400"},"modified":"2024-08-09T10:46:50","modified_gmt":"2024-08-09T09:46:50","slug":"manual-stainless-steel-4-way-flange-ball-valve","status":"publish","type":"product","link":"https:\/\/www.delcofluid.com\/es\/producto\/manual-stainless-steel-4-way-flange-ball-valve\/","title":{"rendered":"V\u00e1lvula de bola con brida de 4 v\u00edas de acero inoxidable manual"},"content":{"rendered":"<div data-elementor-type=\"product-post\" data-elementor-id=\"6400\" class=\"elementor elementor-6400\" data-elementor-post-type=\"product\">\n\t\t\t\t<div class=\"elementor-element elementor-element-6fb59a60 e-flex e-con-boxed e-con e-parent\" data-id=\"6fb59a60\" data-element_type=\"container\" data-e-type=\"container\" data-settings=\"{&quot;ekit_has_onepagescroll_dot&quot;:&quot;yes&quot;}\">\n\t\t\t\t\t<div class=\"e-con-inner\">\n\t\t<div class=\"elementor-element elementor-element-b2e102c e-con-full e-flex e-con e-child\" data-id=\"b2e102c\" data-element_type=\"container\" data-e-type=\"container\" data-settings=\"{&quot;ekit_has_onepagescroll_dot&quot;:&quot;yes&quot;}\">\n\t\t\t\t<div class=\"elementor-element elementor-element-4c3cf80 elementor-widget elementor-widget-heading\" data-id=\"4c3cf80\" data-element_type=\"widget\" data-e-type=\"widget\" data-settings=\"{&quot;ekit_we_effect_on&quot;:&quot;none&quot;}\" data-widget_type=\"heading.default\">\n\t\t\t\t<div class=\"elementor-widget-container\">\n\t\t\t\t\t<h2 class=\"elementor-heading-title elementor-size-default\">Caracter\u00edsticas<\/h2>\t\t\t\t<\/div>\n\t\t\t\t<\/div>\n\t\t\t\t<div class=\"elementor-element elementor-element-1af4cc68 elementor-widget__width-initial elementor-widget elementor-widget-text-editor\" data-id=\"1af4cc68\" data-element_type=\"widget\" data-e-type=\"widget\" data-settings=\"{&quot;ekit_we_effect_on&quot;:&quot;none&quot;}\" data-widget_type=\"text-editor.default\">\n\t\t\t\t<div class=\"elementor-widget-container\">\n\t\t\t\t\t\t\t\t\t<ul><li>Cambio eficiente de la direcci\u00f3n del flujo: las v\u00e1lvulas de bola de brida manuales de 4 v\u00edas pueden cambiar r\u00e1pidamente la direcci\u00f3n del flujo de dos medios a trav\u00e9s de una simple operaci\u00f3n de rotaci\u00f3n de 90\u00b0, lo que proporciona una soluci\u00f3n de control eficiente y conveniente para aplicaciones que requieren un ajuste de la direcci\u00f3n del flujo.<\/li><li>Alta estabilidad y durabilidad: el cuerpo de la v\u00e1lvula est\u00e1 fabricado mediante un proceso de fundici\u00f3n de precisi\u00f3n y est\u00e1 equipado con una estructura de brida de gran tama\u00f1o. Este dise\u00f1o mejora significativamente la estabilidad y durabilidad de la v\u00e1lvula, que puede mantener un rendimiento excelente en diversos entornos industriales.<\/li><li>Adaptable a Condiciones Extremas de Temperatura: El dise\u00f1o encamisado permite que vapor o aceite a alta temperatura fluya a trav\u00e9s del cuerpo de la v\u00e1lvula, manteniendo el medio en estado l\u00edquido, satisfaciendo as\u00ed las demandas de producci\u00f3n en condiciones extremas de temperatura, especialmente adecuado para procesos como el manejo de bet\u00fan y azufre l\u00edquido.<\/li><li>Opciones de sellado flexibles: el cuerpo de la v\u00e1lvula admite soluciones de sellado suave y sellado duro bidireccional, que se pueden adaptar a una amplia gama de aplicaciones industriales, desde temperatura ambiente hasta alta temperatura y presi\u00f3n, proporcionando soluciones de sellado flexibles.<\/li><li>Capacidad de expansi\u00f3n vers\u00e1til: la v\u00e1lvula se puede derivar de la v\u00e1lvula de bola de brida de cuatro v\u00edas para desarrollar v\u00e1lvulas de bola verticales de tres y cinco v\u00edas, lo que admite un dise\u00f1o de trayectoria de fluido complejo, adecuado para desviaci\u00f3n, fusi\u00f3n y otros escenarios de aplicaci\u00f3n industrial.<\/li><\/ul>\t\t\t\t\t\t\t\t<\/div>\n\t\t\t\t<\/div>\n\t\t\t\t<\/div>\n\t\t\t\t<div class=\"elementor-element elementor-element-8e57110 elementor-widget elementor-widget-image\" data-id=\"8e57110\" data-element_type=\"widget\" data-e-type=\"widget\" data-settings=\"{&quot;ekit_we_effect_on&quot;:&quot;none&quot;}\" data-widget_type=\"image.default\">\n\t\t\t\t<div class=\"elementor-widget-container\">\n\t\t\t\t\t\t\t\t\t\t\t\t\t\t\t<img fetchpriority=\"high\" decoding=\"async\" width=\"768\" height=\"759\" src=\"https:\/\/www.delcofluid.com\/wp-content\/uploads\/2024\/03\/product-finder-graphic-3-x900.jpg\" class=\"attachment-large size-large wp-image-2576\" alt=\"Solenoid Valves\" srcset=\"https:\/\/www.delcofluid.com\/wp-content\/uploads\/2024\/03\/product-finder-graphic-3-x900.jpg 768w, https:\/\/www.delcofluid.com\/wp-content\/uploads\/2024\/03\/product-finder-graphic-3-x900-100x100.jpg 100w, https:\/\/www.delcofluid.com\/wp-content\/uploads\/2024\/03\/product-finder-graphic-3-x900-600x593.jpg 600w, https:\/\/www.delcofluid.com\/wp-content\/uploads\/2024\/03\/product-finder-graphic-3-x900-300x296.jpg 300w\" sizes=\"(max-width: 768px) 100vw, 768px\" \/>\t\t\t\t\t\t\t\t\t\t\t\t\t\t\t<\/div>\n\t\t\t\t<\/div>\n\t\t\t\t\t<\/div>\n\t\t\t\t<\/div>\n\t\t<div class=\"elementor-element elementor-element-a55eeda e-flex e-con-boxed e-con e-parent\" data-id=\"a55eeda\" data-element_type=\"container\" data-e-type=\"container\" data-settings=\"{&quot;background_background&quot;:&quot;classic&quot;,&quot;ekit_has_onepagescroll_dot&quot;:&quot;yes&quot;}\">\n\t\t\t\t\t<div class=\"e-con-inner\">\n\t\t\t\t<div class=\"elementor-element elementor-element-585e9d9 elementor-widget elementor-widget-heading\" data-id=\"585e9d9\" data-element_type=\"widget\" data-e-type=\"widget\" data-settings=\"{&quot;ekit_we_effect_on&quot;:&quot;none&quot;}\" data-widget_type=\"heading.default\">\n\t\t\t\t<div class=\"elementor-widget-container\">\n\t\t\t\t\t<h2 class=\"elementor-heading-title elementor-size-default\">Par\u00e1metros t\u00e9cnicos<\/h2>\t\t\t\t<\/div>\n\t\t\t\t<\/div>\n\t\t\t\t\t<\/div>\n\t\t\t\t<\/div>\n\t\t<div class=\"elementor-element elementor-element-3414eb9 e-con-full e-flex e-con e-parent\" data-id=\"3414eb9\" data-element_type=\"container\" data-e-type=\"container\" data-settings=\"{&quot;background_background&quot;:&quot;classic&quot;,&quot;ekit_has_onepagescroll_dot&quot;:&quot;yes&quot;}\">\n\t\t\t\t<div class=\"elementor-element elementor-element-13df62f elementor-widget__width-initial elementor-widget elementor-widget-text-editor\" data-id=\"13df62f\" data-element_type=\"widget\" data-e-type=\"widget\" data-settings=\"{&quot;ekit_we_effect_on&quot;:&quot;none&quot;}\" data-widget_type=\"text-editor.default\">\n\t\t\t\t<div class=\"elementor-widget-container\">\n\t\t\t\t\t\t\t\t\t<table width=\"855\">\n<tbody>\n<tr>\n<td width=\"159\">Tama\u00f1o del puerto:<\/td>\n<td width=\"205\">&nbsp;1\/2\u2033 a 8\u2033<\/td>\n<td width=\"146\">Materiales del cuerpo:<\/td>\n<td width=\"345\">Acero inoxidable<\/td>\n<\/tr>\n<tr>\n<td width=\"159\">Presi\u00f3n:<\/td>\n<td>&nbsp;PN1,6, 2,5, 4,0, 6,4 MPa<\/td>\n<td width=\"146\">Conexi\u00f3n final:&nbsp;<\/td>\n<td width=\"345\">Brida<\/td>\n<\/tr>\n<tr>\n<td width=\"159\">Garant\u00eda:<\/td>\n<td width=\"205\">12 polillas<\/td>\n<td width=\"146\">Temperatura de trabajo:<\/td>\n<td width=\"345\">PTFE\u2264180 \u00b0C, asiento de metal\u2264350 \u00b0C<\/td>\n<\/tr>\n<tr>\n<td width=\"159\">Clasificaci\u00f3n de presi\u00f3n:<\/td>\n<td width=\"205\">300LB (150LB y 600LB son opcionales)<\/td>\n<td width=\"146\">Medios adecuados<\/td>\n<td width=\"345\">Agua, petr\u00f3leo, gas, aire, etc.<\/td>\n<\/tr>\n<\/tbody>\n<\/table>\t\t\t\t\t\t\t\t<\/div>\n\t\t\t\t<\/div>\n\t\t\t\t<\/div>\n\t\t<div class=\"elementor-element elementor-element-daef6c8 e-con-full e-flex e-con e-parent\" data-id=\"daef6c8\" data-element_type=\"container\" data-e-type=\"container\" data-settings=\"{&quot;ekit_has_onepagescroll_dot&quot;:&quot;yes&quot;}\">\n\t\t\t\t<div class=\"elementor-element elementor-element-52ddb61 elementor-widget elementor-widget-heading\" data-id=\"52ddb61\" data-element_type=\"widget\" data-e-type=\"widget\" data-settings=\"{&quot;ekit_we_effect_on&quot;:&quot;none&quot;}\" data-widget_type=\"heading.default\">\n\t\t\t\t<div class=\"elementor-widget-container\">\n\t\t\t\t\t<h2 class=\"elementor-heading-title elementor-size-default\">Solicitud<\/h2>\t\t\t\t<\/div>\n\t\t\t\t<\/div>\n\t\t\t\t<div class=\"elementor-element elementor-element-ac1034b elementor-widget elementor-widget-text-editor\" data-id=\"ac1034b\" data-element_type=\"widget\" data-e-type=\"widget\" data-settings=\"{&quot;ekit_we_effect_on&quot;:&quot;none&quot;}\" data-widget_type=\"text-editor.default\">\n\t\t\t\t<div class=\"elementor-widget-container\">\n\t\t\t\t\t\t\t\t\t<p>1. Industria qu\u00edmica<br \/>La v\u00e1lvula de bola de brida manual de cuatro v\u00edas se utiliza en la industria qu\u00edmica para dirigir el flujo de medios qu\u00edmicos, respaldar el cambio de fluidos para reactores, tanques de mezcla y recipientes de almacenamiento, y funcionar bien en diversas condiciones de temperatura y presi\u00f3n.<br \/>2. Sistemas de protecci\u00f3n contra incendios<br \/>En los sistemas de protecci\u00f3n contra incendios, la v\u00e1lvula de bola con brida manual de cuatro v\u00edas regula el caudal de agua para satisfacer diversas necesidades de extinci\u00f3n de incendios. Es ideal para controlar el caudal y conmutar tuber\u00edas en redes de agua contra incendios, lo que garantiza la flexibilidad y la eficacia del sistema.<br \/>3. Industria de pulpa y papel<br \/>En la industria de la pulpa y el papel, esta v\u00e1lvula gestiona el procesamiento de pulpa, el control de producci\u00f3n y el mantenimiento de equipos. Es adecuada para su uso en l\u00edneas de producci\u00f3n y sistemas de tuber\u00edas de pulpa para ajustar el flujo de fluido durante todo el proceso de producci\u00f3n.<br \/>4. Env\u00edo y manipulaci\u00f3n<br \/>En el transporte y la manipulaci\u00f3n, la v\u00e1lvula de bola de brida manual de cuatro v\u00edas controla el flujo de fluido durante la carga y descarga de mercanc\u00edas. Es adecuada para la carga, descarga y gesti\u00f3n de carga de barcos, optimizando los procesos de transporte y manipulaci\u00f3n.<\/p>\t\t\t\t\t\t\t\t<\/div>\n\t\t\t\t<\/div>\n\t\t\t\t<\/div>\n\t\t\t\t<\/div>","protected":false},"excerpt":{"rendered":"<p>La v\u00e1lvula de bola manual de cuatro v\u00edas con brida ofrece un control excepcional del fluido. Una simple rotaci\u00f3n de 90\u00b0 permite cambiar r\u00e1pidamente entre dos direcciones de flujo de medios para aplicaciones vers\u00e1tiles. Este dise\u00f1o optimiza la operaci\u00f3n y se destaca en situaciones que requieren un ajuste del flujo. El cuerpo de la v\u00e1lvula, fabricado con precisi\u00f3n, cuenta con una brida de gran tama\u00f1o que mejora significativamente la estabilidad y la durabilidad.<\/p>\n<p>Para evitar la cristalizaci\u00f3n o el bloqueo de los medios, la v\u00e1lvula incorpora una estructura encamisada que permite que el vapor o el aceite a alta temperatura fluyan sobre el cuerpo de la v\u00e1lvula, manteniendo los medios en estado l\u00edquido y haci\u00e9ndola ideal para procesos que involucran asfalto o azufre l\u00edquido. Este dise\u00f1o garantiza un funcionamiento estable y eficiente en temperaturas extremas.<\/p>\n<p>Adem\u00e1s, la v\u00e1lvula ofrece varias opciones de configuraci\u00f3n, incluidas bolas tipo T, bolas flotantes o fijas, dise\u00f1o a prueba de fuego y dispositivos antiest\u00e1ticos. Las manijas bloqueables opcionales y una plataforma alta que cumple con la norma ISO 5211 facilitan la instalaci\u00f3n del actuador, lo que hace de esta v\u00e1lvula una opci\u00f3n vers\u00e1til para las industrias qu\u00edmica, de petr\u00f3leo y gas y de protecci\u00f3n ambiental.<\/p>\n<p>Modelo: V\u00e1lvula de bola con brida manual<br \/>\nRango de tama\u00f1o: 1\/2\u2033 a 8\u2033<br \/>\nRango de presi\u00f3n: PN1.6, 2.5, 4.0, 6.4 MPa<br \/>\nMaterial: acero inoxidable 304 o acero inoxidable 316<\/p>\n<p>&nbsp;<\/p>","protected":false},"featured_media":7309,"template":"","meta":{"site-sidebar-layout":"default","site-content-layout":"","ast-site-content-layout":"default","site-content-style":"default","site-sidebar-style":"default","ast-global-header-display":"","ast-banner-title-visibility":"","ast-main-header-display":"","ast-hfb-above-header-display":"","ast-hfb-below-header-display":"","ast-hfb-mobile-header-display":"","site-post-title":"","ast-breadcrumbs-content":"","ast-featured-img":"","footer-sml-layout":"","ast-disable-related-posts":"","theme-transparent-header-meta":"default","adv-header-id-meta":"","stick-header-meta":"","header-above-stick-meta":"","header-main-stick-meta":"","header-below-stick-meta":"","astra-migrate-meta-layouts":"set","ast-page-background-enabled":"default","ast-page-background-meta":{"desktop":{"background-color":"var(--ast-global-color-4)","background-image":"","background-repeat":"repeat","background-position":"center center","background-size":"auto","background-attachment":"scroll","background-type":"","background-media":"","overlay-type":"","overlay-color":"","overlay-opacity":"","overlay-gradient":""},"tablet":{"background-color":"","background-image":"","background-repeat":"repeat","background-position":"center center","background-size":"auto","background-attachment":"scroll","background-type":"","background-media":"","overlay-type":"","overlay-color":"","overlay-opacity":"","overlay-gradient":""},"mobile":{"background-color":"","background-image":"","background-repeat":"repeat","background-position":"center center","background-size":"auto","background-attachment":"scroll","background-type":"","background-media":"","overlay-type":"","overlay-color":"","overlay-opacity":"","overlay-gradient":""}},"ast-content-background-meta":{"desktop":{"background-color":"var(--ast-global-color-5)","background-image":"","background-repeat":"repeat","background-position":"center center","background-size":"auto","background-attachment":"scroll","background-type":"","background-media":"","overlay-type":"","overlay-color":"","overlay-opacity":"","overlay-gradient":""},"tablet":{"background-color":"var(--ast-global-color-5)","background-image":"","background-repeat":"repeat","background-position":"center center","background-size":"auto","background-attachment":"scroll","background-type":"","background-media":"","overlay-type":"","overlay-color":"","overlay-opacity":"","overlay-gradient":""},"mobile":{"background-color":"var(--ast-global-color-5)","background-image":"","background-repeat":"repeat","background-position":"center center","background-size":"auto","background-attachment":"scroll","background-type":"","background-media":"","overlay-type":"","overlay-color":"","overlay-opacity":"","overlay-gradient":""}}},"product_brand":[],"product_cat":[705,116,33],"product_tag":[245,214,261,662,661,73,56],"class_list":{"0":"post-6400","1":"product","2":"type-product","3":"status-publish","4":"has-post-thumbnail","6":"product_cat-manual-ball-valve","7":"product_cat-manual-valves","8":"product_cat-products","9":"product_tag-4-way-ball-valve","10":"product_tag-flange-ball-valve","11":"product_tag-manual-valve","12":"product_tag-stainless-steel-4-way-flange-ball-valve","13":"product_tag-stainless-steel-flange-ball-valve","14":"product_tag-valve","15":"product_tag-valves","16":"desktop-align-center","17":"tablet-align-left","18":"mobile-align-left","20":"first","21":"instock","22":"shipping-taxable","23":"product-type-simple"},"_links":{"self":[{"href":"https:\/\/www.delcofluid.com\/es\/wp-json\/wp\/v2\/product\/6400","targetHints":{"allow":["GET"]}}],"collection":[{"href":"https:\/\/www.delcofluid.com\/es\/wp-json\/wp\/v2\/product"}],"about":[{"href":"https:\/\/www.delcofluid.com\/es\/wp-json\/wp\/v2\/types\/product"}],"version-history":[{"count":0,"href":"https:\/\/www.delcofluid.com\/es\/wp-json\/wp\/v2\/product\/6400\/revisions"}],"wp:featuredmedia":[{"embeddable":true,"href":"https:\/\/www.delcofluid.com\/es\/wp-json\/wp\/v2\/media\/7309"}],"wp:attachment":[{"href":"https:\/\/www.delcofluid.com\/es\/wp-json\/wp\/v2\/media?parent=6400"}],"wp:term":[{"taxonomy":"product_brand","embeddable":true,"href":"https:\/\/www.delcofluid.com\/es\/wp-json\/wp\/v2\/product_brand?post=6400"},{"taxonomy":"product_cat","embeddable":true,"href":"https:\/\/www.delcofluid.com\/es\/wp-json\/wp\/v2\/product_cat?post=6400"},{"taxonomy":"product_tag","embeddable":true,"href":"https:\/\/www.delcofluid.com\/es\/wp-json\/wp\/v2\/product_tag?post=6400"}],"curies":[{"name":"wp","href":"https:\/\/api.w.org\/{rel}","templated":true}]}}