{"id":6422,"date":"2024-07-04T02:14:51","date_gmt":"2024-07-04T01:14:51","guid":{"rendered":"https:\/\/www.delcofluid.com\/?post_type=product&#038;p=6422"},"modified":"2024-08-09T10:42:09","modified_gmt":"2024-08-09T09:42:09","slug":"manual-stainless-steel-3pc-flange-ball-valve","status":"publish","type":"product","link":"https:\/\/www.delcofluid.com\/es\/producto\/manual-stainless-steel-3pc-flange-ball-valve\/","title":{"rendered":"V\u00e1lvula de bola con brida de acero inoxidable manual de 3 piezas con manija"},"content":{"rendered":"<div data-elementor-type=\"product-post\" data-elementor-id=\"6422\" class=\"elementor elementor-6422\" data-elementor-post-type=\"product\">\n\t\t\t\t<div class=\"elementor-element elementor-element-6fb59a60 e-flex e-con-boxed e-con e-parent\" data-id=\"6fb59a60\" data-element_type=\"container\" data-e-type=\"container\" data-settings=\"{&quot;ekit_has_onepagescroll_dot&quot;:&quot;yes&quot;}\">\n\t\t\t\t\t<div class=\"e-con-inner\">\n\t\t<div class=\"elementor-element elementor-element-b2e102c e-con-full e-flex e-con e-child\" data-id=\"b2e102c\" data-element_type=\"container\" data-e-type=\"container\" data-settings=\"{&quot;ekit_has_onepagescroll_dot&quot;:&quot;yes&quot;}\">\n\t\t\t\t<div class=\"elementor-element elementor-element-4c3cf80 elementor-widget elementor-widget-heading\" data-id=\"4c3cf80\" data-element_type=\"widget\" data-e-type=\"widget\" data-settings=\"{&quot;ekit_we_effect_on&quot;:&quot;none&quot;}\" data-widget_type=\"heading.default\">\n\t\t\t\t<div class=\"elementor-widget-container\">\n\t\t\t\t\t<h2 class=\"elementor-heading-title elementor-size-default\">Caracter\u00edsticas<\/h2>\t\t\t\t<\/div>\n\t\t\t\t<\/div>\n\t\t\t\t<div class=\"elementor-element elementor-element-1af4cc68 elementor-widget__width-initial elementor-widget elementor-widget-text-editor\" data-id=\"1af4cc68\" data-element_type=\"widget\" data-e-type=\"widget\" data-settings=\"{&quot;ekit_we_effect_on&quot;:&quot;none&quot;}\" data-widget_type=\"text-editor.default\">\n\t\t\t\t<div class=\"elementor-widget-container\">\n\t\t\t\t\t\t\t\t\t<ul><li>Dise\u00f1o compacto: El dise\u00f1o compacto permite un funcionamiento eficiente en espacios reducidos, mientras que su apariencia elegante mejora la est\u00e9tica y simplifica la instalaci\u00f3n y el mantenimiento.<\/li><li>\u00a0Aspecto elegante: la v\u00e1lvula no solo se destaca por su funcionalidad, sino que tambi\u00e9n presenta un dise\u00f1o elegante que agrega un toque moderno a cualquier sistema de tuber\u00edas. Su superficie lisa y su excelente artesan\u00eda realzan el atractivo visual general y, al mismo tiempo, mantienen la funcionalidad pr\u00e1ctica.<\/li><li>\u00a0Alta capacidad de flujo: el dise\u00f1o de paso completo alinea el paso de bola, el paso del cuerpo de la v\u00e1lvula y el di\u00e1metro de la tuber\u00eda para crear una ruta de flujo sin obstrucciones, lo que aumenta significativamente la capacidad de flujo de fluido.<\/li><li>Baja resistencia al flujo: el dise\u00f1o de paso completo minimiza la resistencia al flujo, lo que garantiza un flujo de fluido eficiente y lo hace ideal para aplicaciones que requieren baja resistencia al flujo.<\/li><li>\u00a0F\u00e1cil mantenimiento: el dise\u00f1o modular hace que el mantenimiento y el reemplazo de piezas sean sencillos, lo que permite un servicio r\u00e1pido y eficiente sin la necesidad de desmontar toda la tuber\u00eda.<\/li><li>F\u00e1cil de usar: Su estructura liviana y dise\u00f1o f\u00e1cil de usar hacen que la instalaci\u00f3n sea sencilla y el mantenimiento r\u00e1pido, mejorando la facilidad de uso general.<\/li><\/ul>\t\t\t\t\t\t\t\t<\/div>\n\t\t\t\t<\/div>\n\t\t\t\t<\/div>\n\t\t\t\t<div class=\"elementor-element elementor-element-8e57110 elementor-widget elementor-widget-image\" data-id=\"8e57110\" data-element_type=\"widget\" data-e-type=\"widget\" data-settings=\"{&quot;ekit_we_effect_on&quot;:&quot;none&quot;}\" data-widget_type=\"image.default\">\n\t\t\t\t<div class=\"elementor-widget-container\">\n\t\t\t\t\t\t\t\t\t\t\t\t\t\t\t<img fetchpriority=\"high\" decoding=\"async\" width=\"768\" height=\"759\" src=\"https:\/\/www.delcofluid.com\/wp-content\/uploads\/2024\/03\/product-finder-graphic-3-x900.jpg\" class=\"attachment-large size-large wp-image-2576\" alt=\"Solenoid Valves\" srcset=\"https:\/\/www.delcofluid.com\/wp-content\/uploads\/2024\/03\/product-finder-graphic-3-x900.jpg 768w, https:\/\/www.delcofluid.com\/wp-content\/uploads\/2024\/03\/product-finder-graphic-3-x900-100x100.jpg 100w, https:\/\/www.delcofluid.com\/wp-content\/uploads\/2024\/03\/product-finder-graphic-3-x900-600x593.jpg 600w, https:\/\/www.delcofluid.com\/wp-content\/uploads\/2024\/03\/product-finder-graphic-3-x900-300x296.jpg 300w\" sizes=\"(max-width: 768px) 100vw, 768px\" \/>\t\t\t\t\t\t\t\t\t\t\t\t\t\t\t<\/div>\n\t\t\t\t<\/div>\n\t\t\t\t\t<\/div>\n\t\t\t\t<\/div>\n\t\t<div class=\"elementor-element elementor-element-a55eeda e-flex e-con-boxed e-con e-parent\" data-id=\"a55eeda\" data-element_type=\"container\" data-e-type=\"container\" data-settings=\"{&quot;background_background&quot;:&quot;classic&quot;,&quot;ekit_has_onepagescroll_dot&quot;:&quot;yes&quot;}\">\n\t\t\t\t\t<div class=\"e-con-inner\">\n\t\t\t\t<div class=\"elementor-element elementor-element-585e9d9 elementor-widget elementor-widget-heading\" data-id=\"585e9d9\" data-element_type=\"widget\" data-e-type=\"widget\" data-settings=\"{&quot;ekit_we_effect_on&quot;:&quot;none&quot;}\" data-widget_type=\"heading.default\">\n\t\t\t\t<div class=\"elementor-widget-container\">\n\t\t\t\t\t<h2 class=\"elementor-heading-title elementor-size-default\">Par\u00e1metros t\u00e9cnicos<\/h2>\t\t\t\t<\/div>\n\t\t\t\t<\/div>\n\t\t\t\t\t<\/div>\n\t\t\t\t<\/div>\n\t\t<div class=\"elementor-element elementor-element-3414eb9 e-con-full e-flex e-con e-parent\" data-id=\"3414eb9\" data-element_type=\"container\" data-e-type=\"container\" data-settings=\"{&quot;background_background&quot;:&quot;classic&quot;,&quot;ekit_has_onepagescroll_dot&quot;:&quot;yes&quot;}\">\n\t\t\t\t<div class=\"elementor-element elementor-element-13df62f elementor-widget__width-initial elementor-widget elementor-widget-text-editor\" data-id=\"13df62f\" data-element_type=\"widget\" data-e-type=\"widget\" data-settings=\"{&quot;ekit_we_effect_on&quot;:&quot;none&quot;}\" data-widget_type=\"text-editor.default\">\n\t\t\t\t<div class=\"elementor-widget-container\">\n\t\t\t\t\t\t\t\t\t<table width=\"855\">\n<tbody>\n<tr>\n<td width=\"159\">Tama\u00f1o del puerto:<\/td>\n<td width=\"205\">&nbsp;1\/2\u2033 a 12\u2033<\/td>\n<td width=\"146\">Materiales del cuerpo:<\/td>\n<td width=\"345\">Acero inoxidable<\/td>\n<\/tr>\n<tr>\n<td width=\"159\">Presi\u00f3n:<\/td>\n<td>1,6 MPa a 6,4 MPa<br><\/td>\n<td width=\"146\">Conexi\u00f3n final:&nbsp;<\/td>\n<td width=\"345\">Brida<\/td>\n<\/tr>\n<tr>\n<td width=\"159\">Garant\u00eda:<\/td>\n<td width=\"205\">12 polillas<\/td>\n<td width=\"146\">Temperatura de trabajo:<\/td>\n<td width=\"345\">PTFE\u2264180 \u00b0C, asiento de metal\u2264350 \u00b0C<\/td>\n<\/tr>\n<tr>\n<td width=\"159\">Clasificaci\u00f3n de presi\u00f3n:<\/td>\n<td width=\"205\">300LB (150LB y 600LB son opcionales)<\/td>\n<td width=\"146\">Accionamiento opcional<\/td>\n<td width=\"345\">Accionamiento neum\u00e1tico o accionamiento el\u00e9ctrico<\/td>\n<\/tr>\n<\/tbody>\n<\/table>\t\t\t\t\t\t\t\t<\/div>\n\t\t\t\t<\/div>\n\t\t\t\t<\/div>\n\t\t<div class=\"elementor-element elementor-element-daef6c8 e-con-full e-flex e-con e-parent\" data-id=\"daef6c8\" data-element_type=\"container\" data-e-type=\"container\" data-settings=\"{&quot;ekit_has_onepagescroll_dot&quot;:&quot;yes&quot;}\">\n\t\t\t\t<div class=\"elementor-element elementor-element-52ddb61 elementor-widget elementor-widget-heading\" data-id=\"52ddb61\" data-element_type=\"widget\" data-e-type=\"widget\" data-settings=\"{&quot;ekit_we_effect_on&quot;:&quot;none&quot;}\" data-widget_type=\"heading.default\">\n\t\t\t\t<div class=\"elementor-widget-container\">\n\t\t\t\t\t<h2 class=\"elementor-heading-title elementor-size-default\">Solicitud<\/h2>\t\t\t\t<\/div>\n\t\t\t\t<\/div>\n\t\t\t\t<div class=\"elementor-element elementor-element-ac1034b elementor-widget elementor-widget-text-editor\" data-id=\"ac1034b\" data-element_type=\"widget\" data-e-type=\"widget\" data-settings=\"{&quot;ekit_we_effect_on&quot;:&quot;none&quot;}\" data-widget_type=\"text-editor.default\">\n\t\t\t\t<div class=\"elementor-widget-container\">\n\t\t\t\t\t\t\t\t\t<p>1. Industria de tratamiento de agua<br \/>Adecuado para suministro de agua municipal, sistemas de enfriamiento de agua industrial y l\u00edneas de suministro de agua de edificios para garantizar un flujo de agua estable y controlable.<br \/>2. Industria energ\u00e9tica y petroqu\u00edmica<br \/>Ideal para transportar vapor y petr\u00f3leo, dise\u00f1ado para condiciones de alta temperatura y alta presi\u00f3n, y capaz de manejar una variedad de medios.<br \/>3. Industria qu\u00edmica<br \/>Ideal para manipular medios qu\u00edmicos como \u00e1cido n\u00edtrico y ac\u00e9tico, ofreciendo una excelente resistencia a la corrosi\u00f3n.<br \/>4. Industria alimentaria<br \/>Perfecto para la producci\u00f3n de alimentos y el procesamiento de bebidas, cumpliendo estrictos est\u00e1ndares de higiene para garantizar la seguridad y pureza de los fluidos.<br \/>5. Industria farmac\u00e9utica<br \/>Dise\u00f1ado para procesos de fabricaci\u00f3n farmac\u00e9utica, garantizando condiciones higi\u00e9nicas y manteniendo una alta calidad del fluido.<br \/>6. Sistemas de alta presi\u00f3n<br \/>Adecuado para tuber\u00edas y equipos de alta presi\u00f3n, dise\u00f1ado para satisfacer las demandas de transporte de fluidos a alta presi\u00f3n.<br \/>7. Mantenimiento y limpieza<br \/>Cuenta con un dise\u00f1o que permite un f\u00e1cil desmontaje, mantenimiento y limpieza, ideal para entornos que requieren un mantenimiento frecuente.<\/p>\t\t\t\t\t\t\t\t<\/div>\n\t\t\t\t<\/div>\n\t\t\t\t<\/div>\n\t\t\t\t<\/div>","protected":false},"excerpt":{"rendered":"<p>La v\u00e1lvula de bola manual con brida de 3 piezas consta de tres componentes principales: un cuerpo de v\u00e1lvula y dos tapas de extremo. Su dise\u00f1o compacto, apariencia atractiva y baja resistencia al flujo la hacen muy favorecida. La v\u00e1lvula presenta una estructura de bola perforada que permite la regulaci\u00f3n del fluido con una simple rotaci\u00f3n de 90\u00b0 del v\u00e1stago de la v\u00e1lvula, lo que garantiza un control eficiente.<\/p>\n<p>Este tipo de v\u00e1lvula ofrece una resistencia m\u00ednima al flujo, especialmente con un dise\u00f1o de paso completo. Cuando est\u00e1 completamente abierta, los di\u00e1metros del paso de la bola, el paso del cuerpo de la v\u00e1lvula y el tubo de conexi\u00f3n se alinean para formar un canal sin obstrucciones, lo que permite un flujo eficiente.<\/p>\n<p>Gracias a su accionamiento r\u00e1pido, la v\u00e1lvula de bola con brida de 3 piezas es compacta y ligera, lo que facilita su instalaci\u00f3n y mantenimiento. Es adecuada para diversos medios, incluidos agua, vapor, aceite, \u00e1cido n\u00edtrico y \u00e1cido ac\u00e9tico. La v\u00e1lvula es especialmente adecuada para sistemas de alta presi\u00f3n o aplicaciones que requieren un mantenimiento y una limpieza frecuentes. Su facilidad de mantenimiento y limpieza la hace ideal para condiciones complejas y entornos de alto nivel, especialmente en industrias con estrictos requisitos de higiene, como el procesamiento de alimentos y los productos farmac\u00e9uticos.<\/p>\n<p>Modelo: V\u00e1lvula de bola con brida manual<br \/>\nRango de tama\u00f1o: 1\/2\u2033 a 12\u2033<br \/>\nRango de presi\u00f3n: PN1.6, 2.5, 4.0, 6.4 MPa<br \/>\nMaterial: acero inoxidable 304 o acero inoxidable 316<\/p>\n<p>&nbsp;<\/p>","protected":false},"featured_media":7304,"template":"","meta":{"site-sidebar-layout":"default","site-content-layout":"","ast-site-content-layout":"default","site-content-style":"default","site-sidebar-style":"default","ast-global-header-display":"","ast-banner-title-visibility":"","ast-main-header-display":"","ast-hfb-above-header-display":"","ast-hfb-below-header-display":"","ast-hfb-mobile-header-display":"","site-post-title":"","ast-breadcrumbs-content":"","ast-featured-img":"","footer-sml-layout":"","ast-disable-related-posts":"","theme-transparent-header-meta":"default","adv-header-id-meta":"","stick-header-meta":"","header-above-stick-meta":"","header-main-stick-meta":"","header-below-stick-meta":"","astra-migrate-meta-layouts":"set","ast-page-background-enabled":"default","ast-page-background-meta":{"desktop":{"background-color":"var(--ast-global-color-4)","background-image":"","background-repeat":"repeat","background-position":"center center","background-size":"auto","background-attachment":"scroll","background-type":"","background-media":"","overlay-type":"","overlay-color":"","overlay-opacity":"","overlay-gradient":""},"tablet":{"background-color":"","background-image":"","background-repeat":"repeat","background-position":"center center","background-size":"auto","background-attachment":"scroll","background-type":"","background-media":"","overlay-type":"","overlay-color":"","overlay-opacity":"","overlay-gradient":""},"mobile":{"background-color":"","background-image":"","background-repeat":"repeat","background-position":"center center","background-size":"auto","background-attachment":"scroll","background-type":"","background-media":"","overlay-type":"","overlay-color":"","overlay-opacity":"","overlay-gradient":""}},"ast-content-background-meta":{"desktop":{"background-color":"var(--ast-global-color-5)","background-image":"","background-repeat":"repeat","background-position":"center center","background-size":"auto","background-attachment":"scroll","background-type":"","background-media":"","overlay-type":"","overlay-color":"","overlay-opacity":"","overlay-gradient":""},"tablet":{"background-color":"var(--ast-global-color-5)","background-image":"","background-repeat":"repeat","background-position":"center center","background-size":"auto","background-attachment":"scroll","background-type":"","background-media":"","overlay-type":"","overlay-color":"","overlay-opacity":"","overlay-gradient":""},"mobile":{"background-color":"var(--ast-global-color-5)","background-image":"","background-repeat":"repeat","background-position":"center center","background-size":"auto","background-attachment":"scroll","background-type":"","background-media":"","overlay-type":"","overlay-color":"","overlay-opacity":"","overlay-gradient":""}}},"product_brand":[],"product_cat":[705,116,33],"product_tag":[663,214,656,261,661,73,56],"class_list":{"0":"post-6422","1":"product","2":"type-product","3":"status-publish","4":"has-post-thumbnail","6":"product_cat-manual-ball-valve","7":"product_cat-manual-valves","8":"product_cat-products","9":"product_tag-3pc-flange-ball-valve","10":"product_tag-flange-ball-valve","11":"product_tag-manual-flange-butterfly-valve","12":"product_tag-manual-valve","13":"product_tag-stainless-steel-flange-ball-valve","14":"product_tag-valve","15":"product_tag-valves","16":"desktop-align-center","17":"tablet-align-left","18":"mobile-align-left","20":"first","21":"instock","22":"shipping-taxable","23":"product-type-simple"},"_links":{"self":[{"href":"https:\/\/www.delcofluid.com\/es\/wp-json\/wp\/v2\/product\/6422","targetHints":{"allow":["GET"]}}],"collection":[{"href":"https:\/\/www.delcofluid.com\/es\/wp-json\/wp\/v2\/product"}],"about":[{"href":"https:\/\/www.delcofluid.com\/es\/wp-json\/wp\/v2\/types\/product"}],"version-history":[{"count":0,"href":"https:\/\/www.delcofluid.com\/es\/wp-json\/wp\/v2\/product\/6422\/revisions"}],"wp:featuredmedia":[{"embeddable":true,"href":"https:\/\/www.delcofluid.com\/es\/wp-json\/wp\/v2\/media\/7304"}],"wp:attachment":[{"href":"https:\/\/www.delcofluid.com\/es\/wp-json\/wp\/v2\/media?parent=6422"}],"wp:term":[{"taxonomy":"product_brand","embeddable":true,"href":"https:\/\/www.delcofluid.com\/es\/wp-json\/wp\/v2\/product_brand?post=6422"},{"taxonomy":"product_cat","embeddable":true,"href":"https:\/\/www.delcofluid.com\/es\/wp-json\/wp\/v2\/product_cat?post=6422"},{"taxonomy":"product_tag","embeddable":true,"href":"https:\/\/www.delcofluid.com\/es\/wp-json\/wp\/v2\/product_tag?post=6422"}],"curies":[{"name":"wp","href":"https:\/\/api.w.org\/{rel}","templated":true}]}}