{"id":6438,"date":"2024-07-04T04:24:05","date_gmt":"2024-07-04T03:24:05","guid":{"rendered":"https:\/\/www.delcofluid.com\/?post_type=product&#038;p=6438"},"modified":"2024-07-17T07:12:37","modified_gmt":"2024-07-17T06:12:37","slug":"manual-stainless-steel-3-way-full-bore-flange-ball-valve","status":"publish","type":"product","link":"https:\/\/www.delcofluid.com\/es\/producto\/manual-stainless-steel-3-way-full-bore-flange-ball-valve\/","title":{"rendered":"V\u00e1lvula de bola con brida de paso total de 3 v\u00edas de acero inoxidable manual"},"content":{"rendered":"<div data-elementor-type=\"product-post\" data-elementor-id=\"6438\" class=\"elementor elementor-6438\" data-elementor-post-type=\"product\">\n\t\t\t\t<div class=\"elementor-element elementor-element-6fb59a60 e-con-full e-flex e-con e-parent\" data-id=\"6fb59a60\" data-element_type=\"container\" data-e-type=\"container\" data-settings=\"{&quot;ekit_has_onepagescroll_dot&quot;:&quot;yes&quot;}\">\n\t\t<div class=\"elementor-element elementor-element-b2e102c e-con-full e-flex e-con e-child\" data-id=\"b2e102c\" data-element_type=\"container\" data-e-type=\"container\" data-settings=\"{&quot;ekit_has_onepagescroll_dot&quot;:&quot;yes&quot;}\">\n\t\t\t\t<div class=\"elementor-element elementor-element-4c3cf80 elementor-widget elementor-widget-heading\" data-id=\"4c3cf80\" data-element_type=\"widget\" data-e-type=\"widget\" data-settings=\"{&quot;ekit_we_effect_on&quot;:&quot;none&quot;}\" data-widget_type=\"heading.default\">\n\t\t\t\t<div class=\"elementor-widget-container\">\n\t\t\t\t\t<h2 class=\"elementor-heading-title elementor-size-default\">Caracter\u00edsticas<\/h2>\t\t\t\t<\/div>\n\t\t\t\t<\/div>\n\t\t\t\t<div class=\"elementor-element elementor-element-1af4cc68 elementor-widget__width-initial elementor-widget elementor-widget-text-editor\" data-id=\"1af4cc68\" data-element_type=\"widget\" data-e-type=\"widget\" data-settings=\"{&quot;ekit_we_effect_on&quot;:&quot;none&quot;}\" data-widget_type=\"text-editor.default\">\n\t\t\t\t<div class=\"elementor-widget-container\">\n\t\t\t\t\t\t\t\t\t<ul><li>Estructura compacta: esta v\u00e1lvula presenta un dise\u00f1o compacto que funciona de manera eficiente en espacios reducidos. Su apariencia elegante y moderna mejora tanto la est\u00e9tica como la funcionalidad.<\/li><li>Excelente rendimiento de sellado: equipada con sellos de PTFE duraderos, esta v\u00e1lvula garantiza un funcionamiento a prueba de fugas a largo plazo en condiciones de alta presi\u00f3n y alta temperatura.<\/li><li>Alta capacidad de flujo: el dise\u00f1o de paso completo minimiza la resistencia al flujo, lo que permite una transferencia de fluido eficiente e ininterrumpida.<\/li><li>Baja resistencia al flujo: la construcci\u00f3n aerodin\u00e1mica de la v\u00e1lvula mantiene una alta eficiencia de flujo con una obstrucci\u00f3n m\u00ednima.<\/li><li>F\u00e1cil mantenimiento: Su dise\u00f1o modular facilita el desmontaje y mantenimiento sencillo, evitando la necesidad de retirar toda la tuber\u00eda.<\/li><li>Control de fluidos vers\u00e1til: las v\u00e1lvulas de bola de brida manuales de 3 v\u00edas ofrecen soluciones flexibles para cambiar, desviar y combinar flujo, lo que las hace ideales para aplicaciones industriales complejas.<\/li><\/ul>\t\t\t\t\t\t\t\t<\/div>\n\t\t\t\t<\/div>\n\t\t\t\t<\/div>\n\t\t\t\t<div class=\"elementor-element elementor-element-8e57110 elementor-widget elementor-widget-image\" data-id=\"8e57110\" data-element_type=\"widget\" data-e-type=\"widget\" data-settings=\"{&quot;ekit_we_effect_on&quot;:&quot;none&quot;}\" data-widget_type=\"image.default\">\n\t\t\t\t<div class=\"elementor-widget-container\">\n\t\t\t\t\t\t\t\t\t\t\t\t\t\t\t<img fetchpriority=\"high\" decoding=\"async\" width=\"768\" height=\"759\" src=\"https:\/\/www.delcofluid.com\/wp-content\/uploads\/2024\/03\/product-finder-graphic-3-x900.jpg\" class=\"attachment-large size-large wp-image-2576\" alt=\"Solenoid Valves\" srcset=\"https:\/\/www.delcofluid.com\/wp-content\/uploads\/2024\/03\/product-finder-graphic-3-x900.jpg 768w, https:\/\/www.delcofluid.com\/wp-content\/uploads\/2024\/03\/product-finder-graphic-3-x900-100x100.jpg 100w, https:\/\/www.delcofluid.com\/wp-content\/uploads\/2024\/03\/product-finder-graphic-3-x900-600x593.jpg 600w, https:\/\/www.delcofluid.com\/wp-content\/uploads\/2024\/03\/product-finder-graphic-3-x900-300x296.jpg 300w\" sizes=\"(max-width: 768px) 100vw, 768px\" \/>\t\t\t\t\t\t\t\t\t\t\t\t\t\t\t<\/div>\n\t\t\t\t<\/div>\n\t\t\t\t<\/div>\n\t\t<div class=\"elementor-element elementor-element-a55eeda e-flex e-con-boxed e-con e-parent\" data-id=\"a55eeda\" data-element_type=\"container\" data-e-type=\"container\" data-settings=\"{&quot;background_background&quot;:&quot;classic&quot;,&quot;ekit_has_onepagescroll_dot&quot;:&quot;yes&quot;}\">\n\t\t\t\t\t<div class=\"e-con-inner\">\n\t\t\t\t<div class=\"elementor-element elementor-element-585e9d9 elementor-widget elementor-widget-heading\" data-id=\"585e9d9\" data-element_type=\"widget\" data-e-type=\"widget\" data-settings=\"{&quot;ekit_we_effect_on&quot;:&quot;none&quot;}\" data-widget_type=\"heading.default\">\n\t\t\t\t<div class=\"elementor-widget-container\">\n\t\t\t\t\t<h2 class=\"elementor-heading-title elementor-size-default\">Par\u00e1metros t\u00e9cnicos<\/h2>\t\t\t\t<\/div>\n\t\t\t\t<\/div>\n\t\t\t\t\t<\/div>\n\t\t\t\t<\/div>\n\t\t<div class=\"elementor-element elementor-element-3414eb9 e-con-full e-flex e-con e-parent\" data-id=\"3414eb9\" data-element_type=\"container\" data-e-type=\"container\" data-settings=\"{&quot;background_background&quot;:&quot;classic&quot;,&quot;ekit_has_onepagescroll_dot&quot;:&quot;yes&quot;}\">\n\t\t\t\t<div class=\"elementor-element elementor-element-13df62f elementor-widget__width-initial elementor-widget elementor-widget-text-editor\" data-id=\"13df62f\" data-element_type=\"widget\" data-e-type=\"widget\" data-settings=\"{&quot;ekit_we_effect_on&quot;:&quot;none&quot;}\" data-widget_type=\"text-editor.default\">\n\t\t\t\t<div class=\"elementor-widget-container\">\n\t\t\t\t\t\t\t\t\t<table width=\"855\"><tbody><tr><td width=\"159\">Tama\u00f1o del puerto:<\/td><td width=\"205\">\u00a01\/2\u2033 a 16\u2033<\/td><td width=\"146\">Materiales del cuerpo:<\/td><td width=\"345\">Acero inoxidable<\/td><\/tr><tr><td width=\"159\">Presi\u00f3n:<\/td><td>\u00a0PN1,6, 2,5, 4,0, 6,4 MPa<\/td><td width=\"146\">Conexi\u00f3n final:\u00a0<\/td><td width=\"345\">Brida<\/td><\/tr><tr><td width=\"159\">Garant\u00eda:<\/td><td width=\"205\">12 polillas<\/td><td width=\"146\">Temperatura de trabajo:<\/td><td width=\"345\">PTFE\u2264180 \u00b0C, asiento de metal\u2264350 \u00b0C<\/td><\/tr><tr><td width=\"159\">Clasificaci\u00f3n de presi\u00f3n:<\/td><td width=\"205\">150LB (300LB y 600LB son opcionales)<\/td><td width=\"146\">Medios adecuados<\/td><td width=\"345\">Agua, petr\u00f3leo, gas, aire, etc.<\/td><\/tr><\/tbody><\/table>\t\t\t\t\t\t\t\t<\/div>\n\t\t\t\t<\/div>\n\t\t\t\t<\/div>\n\t\t<div class=\"elementor-element elementor-element-daef6c8 e-con-full e-flex e-con e-parent\" data-id=\"daef6c8\" data-element_type=\"container\" data-e-type=\"container\" data-settings=\"{&quot;ekit_has_onepagescroll_dot&quot;:&quot;yes&quot;}\">\n\t\t\t\t<div class=\"elementor-element elementor-element-52ddb61 elementor-widget elementor-widget-heading\" data-id=\"52ddb61\" data-element_type=\"widget\" data-e-type=\"widget\" data-settings=\"{&quot;ekit_we_effect_on&quot;:&quot;none&quot;}\" data-widget_type=\"heading.default\">\n\t\t\t\t<div class=\"elementor-widget-container\">\n\t\t\t\t\t<h2 class=\"elementor-heading-title elementor-size-default\">Solicitud<\/h2>\t\t\t\t<\/div>\n\t\t\t\t<\/div>\n\t\t\t\t<div class=\"elementor-element elementor-element-ac1034b elementor-widget elementor-widget-text-editor\" data-id=\"ac1034b\" data-element_type=\"widget\" data-e-type=\"widget\" data-settings=\"{&quot;ekit_we_effect_on&quot;:&quot;none&quot;}\" data-widget_type=\"text-editor.default\">\n\t\t\t\t<div class=\"elementor-widget-container\">\n\t\t\t\t\t\t\t\t\t<p>1. Industria de tratamiento de agua<br \/>Se utiliza en sistemas de suministro de agua municipal, procesos de enfriamiento industrial y tuber\u00edas de construcci\u00f3n para garantizar un flujo de agua estable y controlable.<br \/>2. Industria energ\u00e9tica y petroqu\u00edmica<br \/>Ideal para transportar vapor, petr\u00f3leo y gas. Dise\u00f1ado para soportar altas temperaturas y presiones, lo que lo hace adecuado para diversos medios.<br \/>3. Industria qu\u00edmica<br \/>Perfecto para productos qu\u00edmicos corrosivos como \u00e1cido n\u00edtrico y \u00e1cido ac\u00e9tico, proporcionando una excelente resistencia a la corrosi\u00f3n.<br \/>4. Industria alimentaria<br \/>Esencial en la producci\u00f3n de alimentos y el procesamiento de bebidas, cumpliendo estrictos est\u00e1ndares de higiene para garantizar la seguridad y pureza del fluido.<br \/>5. Industria farmac\u00e9utica<br \/>Aplicable en la fabricaci\u00f3n de productos farmac\u00e9uticos, manteniendo las condiciones sanitarias y garantizando la calidad del fluido.<br \/>6. Sistemas de alta presi\u00f3n<br \/>Construido para tuber\u00edas y equipos de alta presi\u00f3n, satisfaciendo las demandas del transporte de fluidos a alta presi\u00f3n.<\/p>\t\t\t\t\t\t\t\t<\/div>\n\t\t\t\t<\/div>\n\t\t\t\t<\/div>\n\t\t\t\t<\/div>","protected":false},"excerpt":{"rendered":"<p>La v\u00e1lvula de bola con brida manual de 3 v\u00edas es una v\u00e1lvula industrial vers\u00e1til dise\u00f1ada para cambiar, desviar y fusionar el flujo de fluidos. Sus componentes principales incluyen un cuerpo de acero inoxidable o acero fundido de alta resistencia, una bola resistente al desgaste y un sello de PTFE resistente a la corrosi\u00f3n, lo que permite un control eficiente del fluido entre dos entradas y una salida mediante una operaci\u00f3n manual simple.<\/p>\n<p>Esta v\u00e1lvula viene en dos tipos: de canal en L (Q41F-L) y de canal en T (Q41F-T). Las v\u00e1lvulas de tipo L conectan dos canales verticales, ideales para la conversi\u00f3n de la trayectoria del fluido y el ajuste del flujo, mientras que las v\u00e1lvulas de tipo T facilitan la desviaci\u00f3n, la fusi\u00f3n y el control complejo del flujo entre tres canales. Ambos tipos est\u00e1n dise\u00f1ados para facilitar su operaci\u00f3n y mantenimiento, y cuentan con una estructura modular para un desmontaje y una limpieza eficientes y una durabilidad a largo plazo.<\/p>\n<p>Esta v\u00e1lvula satisface diversas necesidades de control de fluidos, desde operaciones rutinarias hasta tareas de ingenier\u00eda complejas. Las aplicaciones incluyen tratamiento de agua, industrias energ\u00e9ticas y petroqu\u00edmicas, procesamiento qu\u00edmico, producci\u00f3n de alimentos, fabricaci\u00f3n farmac\u00e9utica y sistemas de alta presi\u00f3n.<\/p>\n<p>Modelo: V\u00e1lvula de bola con brida manual<br \/>\nRango de tama\u00f1o: 1\/2\u2033 a 16\u2033<br \/>\nRango de presi\u00f3n: PN1.6, 2.5, 4.0, 6.4 MPa<br \/>\nMaterial: acero inoxidable 304 o acero inoxidable 316<\/p>\n<p>&nbsp;<\/p>","protected":false},"featured_media":7303,"template":"","meta":{"site-sidebar-layout":"default","site-content-layout":"","ast-site-content-layout":"default","site-content-style":"default","site-sidebar-style":"default","ast-global-header-display":"","ast-banner-title-visibility":"","ast-main-header-display":"","ast-hfb-above-header-display":"","ast-hfb-below-header-display":"","ast-hfb-mobile-header-display":"","site-post-title":"","ast-breadcrumbs-content":"","ast-featured-img":"","footer-sml-layout":"","ast-disable-related-posts":"","theme-transparent-header-meta":"default","adv-header-id-meta":"","stick-header-meta":"","header-above-stick-meta":"","header-main-stick-meta":"","header-below-stick-meta":"","astra-migrate-meta-layouts":"set","ast-page-background-enabled":"default","ast-page-background-meta":{"desktop":{"background-color":"var(--ast-global-color-4)","background-image":"","background-repeat":"repeat","background-position":"center center","background-size":"auto","background-attachment":"scroll","background-type":"","background-media":"","overlay-type":"","overlay-color":"","overlay-opacity":"","overlay-gradient":""},"tablet":{"background-color":"","background-image":"","background-repeat":"repeat","background-position":"center center","background-size":"auto","background-attachment":"scroll","background-type":"","background-media":"","overlay-type":"","overlay-color":"","overlay-opacity":"","overlay-gradient":""},"mobile":{"background-color":"","background-image":"","background-repeat":"repeat","background-position":"center center","background-size":"auto","background-attachment":"scroll","background-type":"","background-media":"","overlay-type":"","overlay-color":"","overlay-opacity":"","overlay-gradient":""}},"ast-content-background-meta":{"desktop":{"background-color":"var(--ast-global-color-5)","background-image":"","background-repeat":"repeat","background-position":"center center","background-size":"auto","background-attachment":"scroll","background-type":"","background-media":"","overlay-type":"","overlay-color":"","overlay-opacity":"","overlay-gradient":""},"tablet":{"background-color":"var(--ast-global-color-5)","background-image":"","background-repeat":"repeat","background-position":"center center","background-size":"auto","background-attachment":"scroll","background-type":"","background-media":"","overlay-type":"","overlay-color":"","overlay-opacity":"","overlay-gradient":""},"mobile":{"background-color":"var(--ast-global-color-5)","background-image":"","background-repeat":"repeat","background-position":"center center","background-size":"auto","background-attachment":"scroll","background-type":"","background-media":"","overlay-type":"","overlay-color":"","overlay-opacity":"","overlay-gradient":""}}},"product_brand":[],"product_cat":[705,116,33],"product_tag":[241,214,664,261,661,73,56],"class_list":{"0":"post-6438","1":"product","2":"type-product","3":"status-publish","4":"has-post-thumbnail","6":"product_cat-manual-ball-valve","7":"product_cat-manual-valves","8":"product_cat-products","9":"product_tag-3-way-ball-valve","10":"product_tag-flange-ball-valve","11":"product_tag-full-bore-flange-ball-valve","12":"product_tag-manual-valve","13":"product_tag-stainless-steel-flange-ball-valve","14":"product_tag-valve","15":"product_tag-valves","16":"desktop-align-center","17":"tablet-align-left","18":"mobile-align-left","20":"first","21":"instock","22":"shipping-taxable","23":"product-type-simple"},"_links":{"self":[{"href":"https:\/\/www.delcofluid.com\/es\/wp-json\/wp\/v2\/product\/6438","targetHints":{"allow":["GET"]}}],"collection":[{"href":"https:\/\/www.delcofluid.com\/es\/wp-json\/wp\/v2\/product"}],"about":[{"href":"https:\/\/www.delcofluid.com\/es\/wp-json\/wp\/v2\/types\/product"}],"version-history":[{"count":0,"href":"https:\/\/www.delcofluid.com\/es\/wp-json\/wp\/v2\/product\/6438\/revisions"}],"wp:featuredmedia":[{"embeddable":true,"href":"https:\/\/www.delcofluid.com\/es\/wp-json\/wp\/v2\/media\/7303"}],"wp:attachment":[{"href":"https:\/\/www.delcofluid.com\/es\/wp-json\/wp\/v2\/media?parent=6438"}],"wp:term":[{"taxonomy":"product_brand","embeddable":true,"href":"https:\/\/www.delcofluid.com\/es\/wp-json\/wp\/v2\/product_brand?post=6438"},{"taxonomy":"product_cat","embeddable":true,"href":"https:\/\/www.delcofluid.com\/es\/wp-json\/wp\/v2\/product_cat?post=6438"},{"taxonomy":"product_tag","embeddable":true,"href":"https:\/\/www.delcofluid.com\/es\/wp-json\/wp\/v2\/product_tag?post=6438"}],"curies":[{"name":"wp","href":"https:\/\/api.w.org\/{rel}","templated":true}]}}