{"id":6453,"date":"2024-07-04T08:03:04","date_gmt":"2024-07-04T07:03:04","guid":{"rendered":"https:\/\/www.delcofluid.com\/?post_type=product&#038;p=6453"},"modified":"2024-08-09T08:21:34","modified_gmt":"2024-08-09T07:21:34","slug":"manual-stainless-steel-3-way-female-thread-ball-valve","status":"publish","type":"product","link":"https:\/\/www.delcofluid.com\/es\/producto\/manual-stainless-steel-3-way-female-thread-ball-valve\/","title":{"rendered":"V\u00e1lvula de bola manual de acero inoxidable con rosca hembra de 3 v\u00edas"},"content":{"rendered":"<div data-elementor-type=\"product-post\" data-elementor-id=\"6453\" class=\"elementor elementor-6453\" data-elementor-post-type=\"product\">\n\t\t\t\t<div class=\"elementor-element elementor-element-6fb59a60 e-con-full e-flex e-con e-parent\" data-id=\"6fb59a60\" data-element_type=\"container\" data-e-type=\"container\" data-settings=\"{&quot;ekit_has_onepagescroll_dot&quot;:&quot;yes&quot;}\">\n\t\t<div class=\"elementor-element elementor-element-b2e102c e-con-full e-flex e-con e-child\" data-id=\"b2e102c\" data-element_type=\"container\" data-e-type=\"container\" data-settings=\"{&quot;ekit_has_onepagescroll_dot&quot;:&quot;yes&quot;}\">\n\t\t\t\t<div class=\"elementor-element elementor-element-4c3cf80 elementor-widget elementor-widget-heading\" data-id=\"4c3cf80\" data-element_type=\"widget\" data-e-type=\"widget\" data-settings=\"{&quot;ekit_we_effect_on&quot;:&quot;none&quot;}\" data-widget_type=\"heading.default\">\n\t\t\t\t<div class=\"elementor-widget-container\">\n\t\t\t\t\t<h2 class=\"elementor-heading-title elementor-size-default\">Caracter\u00edsticas<\/h2>\t\t\t\t<\/div>\n\t\t\t\t<\/div>\n\t\t\t\t<div class=\"elementor-element elementor-element-1af4cc68 elementor-widget__width-initial elementor-widget elementor-widget-text-editor\" data-id=\"1af4cc68\" data-element_type=\"widget\" data-e-type=\"widget\" data-settings=\"{&quot;ekit_we_effect_on&quot;:&quot;none&quot;}\" data-widget_type=\"text-editor.default\">\n\t\t\t\t<div class=\"elementor-widget-container\">\n\t\t\t\t\t\t\t\t\t<ul><li>Estructura compacta: El dise\u00f1o altamente eficiente ahorra espacio y es adecuado para una amplia gama de aplicaciones industriales.<\/li><li>Excelente rendimiento de sellado: garantiza un sello intacto, evita fugas y mantiene la integridad de la presi\u00f3n de la tuber\u00eda.<\/li><li>Funci\u00f3n de cambio de direcci\u00f3n de flujo: admite un ajuste flexible de la direcci\u00f3n del flujo de fluido, lo que permite el cambio o aislamiento de la direcci\u00f3n del flujo.<\/li><li>Configuraci\u00f3n del puerto: proporciona opciones de puerto tipo L o tipo T para satisfacer diferentes necesidades de tuber\u00edas.<\/li><li>Alta durabilidad: Su dise\u00f1o modular facilita un sencillo desmontaje y mantenimiento, evitando la necesidad de retirar toda la tuber\u00eda.<\/li><li>Alta calidad: hecho de acero inoxidable para soportar presiones de trabajo de hasta 1000 PSI.<\/li><\/ul>\t\t\t\t\t\t\t\t<\/div>\n\t\t\t\t<\/div>\n\t\t\t\t<\/div>\n\t\t\t\t<div class=\"elementor-element elementor-element-8e57110 elementor-widget elementor-widget-image\" data-id=\"8e57110\" data-element_type=\"widget\" data-e-type=\"widget\" data-settings=\"{&quot;ekit_we_effect_on&quot;:&quot;none&quot;}\" data-widget_type=\"image.default\">\n\t\t\t\t<div class=\"elementor-widget-container\">\n\t\t\t\t\t\t\t\t\t\t\t\t\t\t\t<img fetchpriority=\"high\" decoding=\"async\" width=\"768\" height=\"759\" src=\"https:\/\/www.delcofluid.com\/wp-content\/uploads\/2024\/03\/product-finder-graphic-3-x900.jpg\" class=\"attachment-large size-large wp-image-2576\" alt=\"Solenoid Valves\" srcset=\"https:\/\/www.delcofluid.com\/wp-content\/uploads\/2024\/03\/product-finder-graphic-3-x900.jpg 768w, https:\/\/www.delcofluid.com\/wp-content\/uploads\/2024\/03\/product-finder-graphic-3-x900-100x100.jpg 100w, https:\/\/www.delcofluid.com\/wp-content\/uploads\/2024\/03\/product-finder-graphic-3-x900-600x593.jpg 600w, https:\/\/www.delcofluid.com\/wp-content\/uploads\/2024\/03\/product-finder-graphic-3-x900-300x296.jpg 300w\" sizes=\"(max-width: 768px) 100vw, 768px\" \/>\t\t\t\t\t\t\t\t\t\t\t\t\t\t\t<\/div>\n\t\t\t\t<\/div>\n\t\t\t\t<\/div>\n\t\t<div class=\"elementor-element elementor-element-a55eeda e-flex e-con-boxed e-con e-parent\" data-id=\"a55eeda\" data-element_type=\"container\" data-e-type=\"container\" data-settings=\"{&quot;background_background&quot;:&quot;classic&quot;,&quot;ekit_has_onepagescroll_dot&quot;:&quot;yes&quot;}\">\n\t\t\t\t\t<div class=\"e-con-inner\">\n\t\t\t\t<div class=\"elementor-element elementor-element-585e9d9 elementor-widget elementor-widget-heading\" data-id=\"585e9d9\" data-element_type=\"widget\" data-e-type=\"widget\" data-settings=\"{&quot;ekit_we_effect_on&quot;:&quot;none&quot;}\" data-widget_type=\"heading.default\">\n\t\t\t\t<div class=\"elementor-widget-container\">\n\t\t\t\t\t<h2 class=\"elementor-heading-title elementor-size-default\">Par\u00e1metros t\u00e9cnicos<\/h2>\t\t\t\t<\/div>\n\t\t\t\t<\/div>\n\t\t\t\t\t<\/div>\n\t\t\t\t<\/div>\n\t\t<div class=\"elementor-element elementor-element-3414eb9 e-con-full e-flex e-con e-parent\" data-id=\"3414eb9\" data-element_type=\"container\" data-e-type=\"container\" data-settings=\"{&quot;background_background&quot;:&quot;classic&quot;,&quot;ekit_has_onepagescroll_dot&quot;:&quot;yes&quot;}\">\n\t\t\t\t<div class=\"elementor-element elementor-element-13df62f elementor-widget__width-initial elementor-widget elementor-widget-text-editor\" data-id=\"13df62f\" data-element_type=\"widget\" data-e-type=\"widget\" data-settings=\"{&quot;ekit_we_effect_on&quot;:&quot;none&quot;}\" data-widget_type=\"text-editor.default\">\n\t\t\t\t<div class=\"elementor-widget-container\">\n\t\t\t\t\t\t\t\t\t<table width=\"855\"><tbody><tr><td width=\"159\">Tama\u00f1o del puerto:<\/td><td width=\"205\">\u00a01\/4\u2033 a 4\u2033<\/td><td width=\"146\">Material:<\/td><td width=\"345\">Acero inoxidable 304 o acero inoxidable 316<\/td><\/tr><tr><td width=\"159\">Presi\u00f3n:<\/td><td>\u00a0PN1,6, 2,5, 4,0, 6,4 MPa<\/td><td width=\"146\">Presi\u00f3n de trabajo:\u00a0<\/td><td width=\"345\">1000 PSI<\/td><\/tr><tr><td width=\"159\">Garant\u00eda:<\/td><td width=\"205\">12 polillas<\/td><td width=\"146\">Rango de temperatura:<\/td><td width=\"345\">-29\u00b0C a 150\u00b0C<\/td><\/tr><tr><td width=\"159\">Clasificaci\u00f3n de presi\u00f3n:<\/td><td width=\"205\">1000 WOG<\/td><td width=\"146\">Medios adecuados<\/td><td width=\"345\">Aplicaciones generales de agua, petr\u00f3leo, gas, etc.<\/td><\/tr><\/tbody><\/table>\t\t\t\t\t\t\t\t<\/div>\n\t\t\t\t<\/div>\n\t\t\t\t<\/div>\n\t\t<div class=\"elementor-element elementor-element-daef6c8 e-con-full e-flex e-con e-parent\" data-id=\"daef6c8\" data-element_type=\"container\" data-e-type=\"container\" data-settings=\"{&quot;ekit_has_onepagescroll_dot&quot;:&quot;yes&quot;}\">\n\t\t\t\t<div class=\"elementor-element elementor-element-52ddb61 elementor-widget elementor-widget-heading\" data-id=\"52ddb61\" data-element_type=\"widget\" data-e-type=\"widget\" data-settings=\"{&quot;ekit_we_effect_on&quot;:&quot;none&quot;}\" data-widget_type=\"heading.default\">\n\t\t\t\t<div class=\"elementor-widget-container\">\n\t\t\t\t\t<h2 class=\"elementor-heading-title elementor-size-default\">Solicitud<\/h2>\t\t\t\t<\/div>\n\t\t\t\t<\/div>\n\t\t\t\t<div class=\"elementor-element elementor-element-ac1034b elementor-widget elementor-widget-text-editor\" data-id=\"ac1034b\" data-element_type=\"widget\" data-e-type=\"widget\" data-settings=\"{&quot;ekit_we_effect_on&quot;:&quot;none&quot;}\" data-widget_type=\"text-editor.default\">\n\t\t\t\t<div class=\"elementor-widget-container\">\n\t\t\t\t\t\t\t\t\t<p>1. Industria alimentaria<br \/>Regula el flujo de ingredientes en las l\u00edneas de producci\u00f3n y facilita el cambio entre los pasos de procesamiento, mejorando la eficiencia y la seguridad de la producci\u00f3n.<br \/>2. Aplicaciones del petr\u00f3leo<br \/>En los oleoductos, gestiona el flujo para un transporte seguro y eficiente. Durante la refinaci\u00f3n de petr\u00f3leo, supervisa el flujo y la presi\u00f3n para mantener las condiciones del proceso. En la extracci\u00f3n y el almacenamiento, garantiza la seguridad y la eficiencia en la gesti\u00f3n del flujo de petr\u00f3leo y las operaciones de almacenamiento.<br \/>3. Aplicaciones de gas<br \/>En la distribuci\u00f3n de gas natural, controla la direcci\u00f3n y la presi\u00f3n para una entrega segura. En el procesamiento de gas, gestiona el flujo de gas a trav\u00e9s de varias etapas de tratamiento para lograr eficiencia operativa. En el almacenamiento de gas, facilita el almacenamiento y la transferencia de gas seguros y eficientes para necesidades de gran volumen.<br \/>4. Aplicaciones de agua<br \/>En plomer\u00eda residencial, se utiliza para controlar el flujo y cerrar el suministro de agua en accesorios como grifos e inodoros. En sistemas comerciales, regula el flujo de agua para satisfacer los requisitos de alto flujo y alta presi\u00f3n. En redes municipales, gestiona el flujo y la presi\u00f3n del agua desde las plantas de tratamiento hasta los usuarios urbanos, lo que respalda la gesti\u00f3n del agua a gran escala.<\/p>\t\t\t\t\t\t\t\t<\/div>\n\t\t\t\t<\/div>\n\t\t\t\t<\/div>\n\t\t\t\t<\/div>","protected":false},"excerpt":{"rendered":"<p>La v\u00e1lvula de bola roscada de 3 v\u00edas se caracteriza por su estructura compacta, apariencia atractiva y excelente rendimiento de sellado. Puede cambiar la direcci\u00f3n del flujo del medio de la tuber\u00eda y conectar o cerrar dos canales perpendiculares.<\/p>\n<p>Las v\u00e1lvulas de bola roscadas de tres v\u00edas se dividen en tipo L y tipo T. El tipo L es adecuado para cambiar la direcci\u00f3n del flujo del medio, lo que permite la conexi\u00f3n de dos canales perpendiculares. El tipo T es adecuado para desviar, converger o cambiar la direcci\u00f3n del flujo del medio. Esta v\u00e1lvula de bola es duradera, capaz de funcionar de manera confiable incluso despu\u00e9s de m\u00faltiples ciclos y puede cerrarse de manera segura incluso despu\u00e9s de per\u00edodos prolongados de inactividad.<\/p>\n<p>Se utiliza com\u00fanmente en industrias como la qu\u00edmica, petrolera, textil, de energ\u00eda el\u00e9ctrica, alimentaria y farmac\u00e9utica, de refrigeraci\u00f3n y de fabricaci\u00f3n de papel.<\/p>\n<p>Modelo: V\u00e1lvula de bola con brida manual<br \/>\nRango de tama\u00f1o: 1\/4\u2033 a 4\u2033<br \/>\nRango de presi\u00f3n: 1000 WOG<br \/>\nMaterial: acero inoxidable 304 o acero inoxidable 316<\/p>\n<p>&nbsp;<\/p>","protected":false},"featured_media":7301,"template":"","meta":{"site-sidebar-layout":"default","site-content-layout":"","ast-site-content-layout":"default","site-content-style":"default","site-sidebar-style":"default","ast-global-header-display":"","ast-banner-title-visibility":"","ast-main-header-display":"","ast-hfb-above-header-display":"","ast-hfb-below-header-display":"","ast-hfb-mobile-header-display":"","site-post-title":"","ast-breadcrumbs-content":"","ast-featured-img":"","footer-sml-layout":"","ast-disable-related-posts":"","theme-transparent-header-meta":"default","adv-header-id-meta":"","stick-header-meta":"","header-above-stick-meta":"","header-main-stick-meta":"","header-below-stick-meta":"","astra-migrate-meta-layouts":"set","ast-page-background-enabled":"default","ast-page-background-meta":{"desktop":{"background-color":"var(--ast-global-color-4)","background-image":"","background-repeat":"repeat","background-position":"center center","background-size":"auto","background-attachment":"scroll","background-type":"","background-media":"","overlay-type":"","overlay-color":"","overlay-opacity":"","overlay-gradient":""},"tablet":{"background-color":"","background-image":"","background-repeat":"repeat","background-position":"center center","background-size":"auto","background-attachment":"scroll","background-type":"","background-media":"","overlay-type":"","overlay-color":"","overlay-opacity":"","overlay-gradient":""},"mobile":{"background-color":"","background-image":"","background-repeat":"repeat","background-position":"center center","background-size":"auto","background-attachment":"scroll","background-type":"","background-media":"","overlay-type":"","overlay-color":"","overlay-opacity":"","overlay-gradient":""}},"ast-content-background-meta":{"desktop":{"background-color":"var(--ast-global-color-5)","background-image":"","background-repeat":"repeat","background-position":"center center","background-size":"auto","background-attachment":"scroll","background-type":"","background-media":"","overlay-type":"","overlay-color":"","overlay-opacity":"","overlay-gradient":""},"tablet":{"background-color":"var(--ast-global-color-5)","background-image":"","background-repeat":"repeat","background-position":"center center","background-size":"auto","background-attachment":"scroll","background-type":"","background-media":"","overlay-type":"","overlay-color":"","overlay-opacity":"","overlay-gradient":""},"mobile":{"background-color":"var(--ast-global-color-5)","background-image":"","background-repeat":"repeat","background-position":"center center","background-size":"auto","background-attachment":"scroll","background-type":"","background-media":"","overlay-type":"","overlay-color":"","overlay-opacity":"","overlay-gradient":""}}},"product_brand":[],"product_cat":[705,116,33],"product_tag":[241,666,98,665,667,261,235,73,56],"class_list":{"0":"post-6453","1":"product","2":"type-product","3":"status-publish","4":"has-post-thumbnail","6":"product_cat-manual-ball-valve","7":"product_cat-manual-valves","8":"product_cat-products","9":"product_tag-3-way-ball-valve","10":"product_tag-3-way-female-ball-valve","11":"product_tag-ball-valve","12":"product_tag-female-thread-ball-valve","13":"product_tag-manual-thread-ball-valve","14":"product_tag-manual-valve","15":"product_tag-thread-ball-valve","16":"product_tag-valve","17":"product_tag-valves","18":"desktop-align-center","19":"tablet-align-left","20":"mobile-align-left","22":"first","23":"instock","24":"shipping-taxable","25":"product-type-simple"},"_links":{"self":[{"href":"https:\/\/www.delcofluid.com\/es\/wp-json\/wp\/v2\/product\/6453","targetHints":{"allow":["GET"]}}],"collection":[{"href":"https:\/\/www.delcofluid.com\/es\/wp-json\/wp\/v2\/product"}],"about":[{"href":"https:\/\/www.delcofluid.com\/es\/wp-json\/wp\/v2\/types\/product"}],"version-history":[{"count":0,"href":"https:\/\/www.delcofluid.com\/es\/wp-json\/wp\/v2\/product\/6453\/revisions"}],"wp:featuredmedia":[{"embeddable":true,"href":"https:\/\/www.delcofluid.com\/es\/wp-json\/wp\/v2\/media\/7301"}],"wp:attachment":[{"href":"https:\/\/www.delcofluid.com\/es\/wp-json\/wp\/v2\/media?parent=6453"}],"wp:term":[{"taxonomy":"product_brand","embeddable":true,"href":"https:\/\/www.delcofluid.com\/es\/wp-json\/wp\/v2\/product_brand?post=6453"},{"taxonomy":"product_cat","embeddable":true,"href":"https:\/\/www.delcofluid.com\/es\/wp-json\/wp\/v2\/product_cat?post=6453"},{"taxonomy":"product_tag","embeddable":true,"href":"https:\/\/www.delcofluid.com\/es\/wp-json\/wp\/v2\/product_tag?post=6453"}],"curies":[{"name":"wp","href":"https:\/\/api.w.org\/{rel}","templated":true}]}}