{"id":6507,"date":"2024-07-05T07:54:49","date_gmt":"2024-07-05T06:54:49","guid":{"rendered":"https:\/\/www.delcofluid.com\/?post_type=product&#038;p=6507"},"modified":"2024-08-09T08:12:00","modified_gmt":"2024-08-09T07:12:00","slug":"manual-stainless-steel-3pc-full-port-female-thread-ball-valve","status":"publish","type":"product","link":"https:\/\/www.delcofluid.com\/es\/producto\/manual-stainless-steel-3pc-full-port-female-thread-ball-valve\/","title":{"rendered":"V\u00e1lvula de bola de acero inoxidable manual de 3 piezas con rosca hembra y puerto completo"},"content":{"rendered":"<div data-elementor-type=\"product-post\" data-elementor-id=\"6507\" class=\"elementor elementor-6507\" data-elementor-post-type=\"product\">\n\t\t\t\t<div class=\"elementor-element elementor-element-6fb59a60 e-con-full e-flex e-con e-parent\" data-id=\"6fb59a60\" data-element_type=\"container\" data-e-type=\"container\" data-settings=\"{&quot;ekit_has_onepagescroll_dot&quot;:&quot;yes&quot;}\">\n\t\t<div class=\"elementor-element elementor-element-b2e102c e-con-full e-flex e-con e-child\" data-id=\"b2e102c\" data-element_type=\"container\" data-e-type=\"container\" data-settings=\"{&quot;ekit_has_onepagescroll_dot&quot;:&quot;yes&quot;}\">\n\t\t\t\t<div class=\"elementor-element elementor-element-4c3cf80 elementor-widget elementor-widget-heading\" data-id=\"4c3cf80\" data-element_type=\"widget\" data-e-type=\"widget\" data-settings=\"{&quot;ekit_we_effect_on&quot;:&quot;none&quot;}\" data-widget_type=\"heading.default\">\n\t\t\t\t<div class=\"elementor-widget-container\">\n\t\t\t\t\t<h2 class=\"elementor-heading-title elementor-size-default\">Caracter\u00edsticas<\/h2>\t\t\t\t<\/div>\n\t\t\t\t<\/div>\n\t\t\t\t<div class=\"elementor-element elementor-element-1af4cc68 elementor-widget__width-initial elementor-widget elementor-widget-text-editor\" data-id=\"1af4cc68\" data-element_type=\"widget\" data-e-type=\"widget\" data-settings=\"{&quot;ekit_we_effect_on&quot;:&quot;none&quot;}\" data-widget_type=\"text-editor.default\">\n\t\t\t\t<div class=\"elementor-widget-container\">\n\t\t\t\t\t\t\t\t\t<ul><li>Estructura compacta: La estructura consta de un cuerpo de v\u00e1lvula principal y dos subcuerpos, que se atornillan entre s\u00ed para formar una sola unidad, lo que facilita su instalaci\u00f3n, desmontaje y mantenimiento, y se adapta a una amplia gama de limitaciones de espacio y entornos complejos.<\/li><li>Dise\u00f1o de paso total: el dise\u00f1o de la v\u00e1lvula de bola de paso total garantiza un flujo de fluido sin obstrucciones, lo que reduce la resistencia del fluido y aumenta la eficiencia del sistema para una amplia gama de sistemas de tuber\u00edas.<\/li><li>F\u00e1cil de operar: la operaci\u00f3n de un cuarto de vuelta se puede lograr con un giro de 90 grados, y la apertura y el cierre desde completamente abierto hasta completamente cerrado es extremadamente r\u00e1pido, lo que hace que sea f\u00e1cil de controlar y operar de forma remota.<\/li><li>Resistencia a la corrosi\u00f3n: adopta acero inoxidable de alta calidad y sellos de PTFE con excelente resistencia a la corrosi\u00f3n y sellado herm\u00e9tico. Adecuado para una amplia gama de medios, como agua, aceite, gas\/aire, \u00e1lcalis ligeros, \u00e1cidos, biodiesel, combustibles y alcoholes.<\/li><li>\u00a0Aplicaciones m\u00faltiples: Proporciona un control de fluidos confiable y un rendimiento de sellado en una amplia gama de aplicaciones que incluyen tratamiento de agua, alimentos y bebidas, construcci\u00f3n naval, sistemas de calderas, petr\u00f3leo y gas, industria del gas y sistemas de vac\u00edo.<\/li><\/ul>\t\t\t\t\t\t\t\t<\/div>\n\t\t\t\t<\/div>\n\t\t\t\t<\/div>\n\t\t\t\t<div class=\"elementor-element elementor-element-8e57110 elementor-widget elementor-widget-image\" data-id=\"8e57110\" data-element_type=\"widget\" data-e-type=\"widget\" data-settings=\"{&quot;ekit_we_effect_on&quot;:&quot;none&quot;}\" data-widget_type=\"image.default\">\n\t\t\t\t<div class=\"elementor-widget-container\">\n\t\t\t\t\t\t\t\t\t\t\t\t\t\t\t<img fetchpriority=\"high\" decoding=\"async\" width=\"768\" height=\"759\" src=\"https:\/\/www.delcofluid.com\/wp-content\/uploads\/2024\/03\/product-finder-graphic-3-x900.jpg\" class=\"attachment-large size-large wp-image-2576\" alt=\"Solenoid Valves\" srcset=\"https:\/\/www.delcofluid.com\/wp-content\/uploads\/2024\/03\/product-finder-graphic-3-x900.jpg 768w, https:\/\/www.delcofluid.com\/wp-content\/uploads\/2024\/03\/product-finder-graphic-3-x900-100x100.jpg 100w, https:\/\/www.delcofluid.com\/wp-content\/uploads\/2024\/03\/product-finder-graphic-3-x900-600x593.jpg 600w, https:\/\/www.delcofluid.com\/wp-content\/uploads\/2024\/03\/product-finder-graphic-3-x900-300x296.jpg 300w\" sizes=\"(max-width: 768px) 100vw, 768px\" \/>\t\t\t\t\t\t\t\t\t\t\t\t\t\t\t<\/div>\n\t\t\t\t<\/div>\n\t\t\t\t<\/div>\n\t\t<div class=\"elementor-element elementor-element-a55eeda e-flex e-con-boxed e-con e-parent\" data-id=\"a55eeda\" data-element_type=\"container\" data-e-type=\"container\" data-settings=\"{&quot;background_background&quot;:&quot;classic&quot;,&quot;ekit_has_onepagescroll_dot&quot;:&quot;yes&quot;}\">\n\t\t\t\t\t<div class=\"e-con-inner\">\n\t\t\t\t<div class=\"elementor-element elementor-element-585e9d9 elementor-widget elementor-widget-heading\" data-id=\"585e9d9\" data-element_type=\"widget\" data-e-type=\"widget\" data-settings=\"{&quot;ekit_we_effect_on&quot;:&quot;none&quot;}\" data-widget_type=\"heading.default\">\n\t\t\t\t<div class=\"elementor-widget-container\">\n\t\t\t\t\t<h2 class=\"elementor-heading-title elementor-size-default\">Par\u00e1metros t\u00e9cnicos<\/h2>\t\t\t\t<\/div>\n\t\t\t\t<\/div>\n\t\t\t\t\t<\/div>\n\t\t\t\t<\/div>\n\t\t<div class=\"elementor-element elementor-element-3414eb9 e-con-full e-flex e-con e-parent\" data-id=\"3414eb9\" data-element_type=\"container\" data-e-type=\"container\" data-settings=\"{&quot;background_background&quot;:&quot;classic&quot;,&quot;ekit_has_onepagescroll_dot&quot;:&quot;yes&quot;}\">\n\t\t\t\t<div class=\"elementor-element elementor-element-13df62f elementor-widget__width-initial elementor-widget elementor-widget-text-editor\" data-id=\"13df62f\" data-element_type=\"widget\" data-e-type=\"widget\" data-settings=\"{&quot;ekit_we_effect_on&quot;:&quot;none&quot;}\" data-widget_type=\"text-editor.default\">\n\t\t\t\t<div class=\"elementor-widget-container\">\n\t\t\t\t\t\t\t\t\t<table width=\"855\">\n<tbody>\n<tr>\n<td width=\"159\">Tama\u00f1o del puerto:<\/td>\n<td width=\"205\">&nbsp;1\/4\u2033 a 4\u2033<\/td>\n<td width=\"146\">Material:<\/td>\n<td width=\"345\">Acero inoxidable 304 o acero inoxidable 316<\/td>\n<\/tr>\n<tr>\n<td width=\"159\">Rango de presi\u00f3n:<\/td>\n<td>10 bares, 16 bares<\/td>\n<td width=\"146\">Fuerza:<\/td>\n<td width=\"345\">Manejar<\/td>\n<\/tr>\n<tr>\n<td width=\"159\">Garant\u00eda:<\/td>\n<td width=\"205\">12 polillas<\/td>\n<td width=\"146\">Rango de temperatura:<\/td>\n<td width=\"345\">-29 ~ 180 \u2103<\/td>\n<\/tr>\n<tr>\n<td width=\"159\">Conexi\u00f3n:<\/td>\n<td width=\"205\">Rosca hembra<\/td>\n<td width=\"146\">Medios adecuados<\/td>\n<td width=\"345\">Agua, petr\u00f3leo, gas, \u00e1cido n\u00edtrico, \u00e1cido ac\u00e9tico, etc.<\/td>\n<\/tr>\n<\/tbody>\n<\/table>\t\t\t\t\t\t\t\t<\/div>\n\t\t\t\t<\/div>\n\t\t\t\t<\/div>\n\t\t<div class=\"elementor-element elementor-element-daef6c8 e-con-full e-flex e-con e-parent\" data-id=\"daef6c8\" data-element_type=\"container\" data-e-type=\"container\" data-settings=\"{&quot;ekit_has_onepagescroll_dot&quot;:&quot;yes&quot;}\">\n\t\t\t\t<div class=\"elementor-element elementor-element-52ddb61 elementor-widget elementor-widget-heading\" data-id=\"52ddb61\" data-element_type=\"widget\" data-e-type=\"widget\" data-settings=\"{&quot;ekit_we_effect_on&quot;:&quot;none&quot;}\" data-widget_type=\"heading.default\">\n\t\t\t\t<div class=\"elementor-widget-container\">\n\t\t\t\t\t<h2 class=\"elementor-heading-title elementor-size-default\">Solicitud<\/h2>\t\t\t\t<\/div>\n\t\t\t\t<\/div>\n\t\t\t\t<div class=\"elementor-element elementor-element-ac1034b elementor-widget elementor-widget-text-editor\" data-id=\"ac1034b\" data-element_type=\"widget\" data-e-type=\"widget\" data-settings=\"{&quot;ekit_we_effect_on&quot;:&quot;none&quot;}\" data-widget_type=\"text-editor.default\">\n\t\t\t\t<div class=\"elementor-widget-container\">\n\t\t\t\t\t\t\t\t\t<p>Tratamiento de agua<br \/>La v\u00e1lvula de bola roscada manual de acero inoxidable de 3 piezas es esencial en los sistemas de tratamiento de agua. Su resistencia a la corrosi\u00f3n y su sellado herm\u00e9tico garantizan un funcionamiento eficiente y confiable. El dise\u00f1o de paso completo permite un paso suave del fluido, lo que reduce la resistencia y mejora la eficiencia del sistema.<br \/>Alimentos y bebidas<br \/>En la industria de alimentos y bebidas, esta v\u00e1lvula ofrece una excelente protecci\u00f3n contra la corrosi\u00f3n y seguridad gracias a su construcci\u00f3n en acero inoxidable y sellos de PTFE. Cumple con altos est\u00e1ndares de higiene, lo que garantiza la calidad y seguridad del producto.<br \/>Sistemas de calderas<br \/>Utilizadas para el control de fluidos en sistemas de calderas, estas v\u00e1lvulas son capaces de soportar altas temperaturas y presiones, garantizando el funcionamiento seguro del sistema y evitando fugas y accidentes.<br \/>Petr\u00f3leo y gas<br \/>Esta v\u00e1lvula cumple un papel importante en la extracci\u00f3n, procesamiento y transmisi\u00f3n de petr\u00f3leo y gas. Puede soportar entornos de alta presi\u00f3n y proporcionar un sellado confiable para evitar fugas y garantizar un funcionamiento seguro.<br \/>Industria del gas<br \/>En el proceso de transmisi\u00f3n de gas, la v\u00e1lvula proporciona un sellado confiable y control de flujo debido a su estructura compacta y f\u00e1cil operaci\u00f3n, y puede adaptarse a diversas condiciones de presi\u00f3n y temperatura de trabajo para garantizar el funcionamiento estable del sistema.<br \/>Sistema de vac\u00edo<br \/>La v\u00e1lvula de bola roscada manual de acero inoxidable de 3 piezas tambi\u00e9n es adecuada para sistemas de vac\u00edo, proporcionando un buen rendimiento de sellado para garantizar el nivel de vac\u00edo del sistema y mejorar la eficiencia de trabajo.<\/p>\t\t\t\t\t\t\t\t<\/div>\n\t\t\t\t<\/div>\n\t\t\t\t<\/div>\n\t\t\t\t<\/div>","protected":false},"excerpt":{"rendered":"<p>La v\u00e1lvula de bola de paso completo de acero inoxidable de 3 piezas con rosca hembra manual presenta un dise\u00f1o simple, compacto y confiable. Consta de un cuerpo de v\u00e1lvula principal y dos subcuerpos que se atornillan entre s\u00ed para formar una sola unidad. Esta configuraci\u00f3n permite un f\u00e1cil montaje y desmontaje para un mantenimiento conveniente. El dise\u00f1o de paso completo garantiza una resistencia m\u00ednima al fluido, comparable a una tuber\u00eda de la misma longitud, y evita la corrosi\u00f3n de la superficie de sellado de la v\u00e1lvula. Equipada con asientos y sellos de PTFE, puede soportar presiones de trabajo de hasta 1000 PSI.<\/p>\n<p>Estas v\u00e1lvulas con extremo roscado cumplen con las normas internacionales y son adecuadas para sistemas de tuber\u00edas de baja presi\u00f3n, ya que proporcionan sellos herm\u00e9ticos y un rendimiento confiable durante muchos a\u00f1os de uso intensivo. Su excelente resistencia a la corrosi\u00f3n las hace adecuadas para una amplia gama de aplicaciones, incluidas agua, petr\u00f3leo, gas, \u00e1lcalis y \u00e1cidos ligeros, biodi\u00e9sel, combustible y alcohol.<\/p>\n<p>Modelo: V\u00e1lvula de bola de rosca manual<br \/>\nRango de tama\u00f1o: 1\/4\u2033 a 4\u2033<br \/>\nRango de presi\u00f3n: 10 bar, 16 bar<br \/>\nMaterial: acero inoxidable 304 o acero inoxidable 316<\/p>\n<p>&nbsp;<\/p>","protected":false},"featured_media":7172,"template":"","meta":{"site-sidebar-layout":"default","site-content-layout":"","ast-site-content-layout":"default","site-content-style":"default","site-sidebar-style":"default","ast-global-header-display":"","ast-banner-title-visibility":"","ast-main-header-display":"","ast-hfb-above-header-display":"","ast-hfb-below-header-display":"","ast-hfb-mobile-header-display":"","site-post-title":"","ast-breadcrumbs-content":"","ast-featured-img":"","footer-sml-layout":"","ast-disable-related-posts":"","theme-transparent-header-meta":"default","adv-header-id-meta":"","stick-header-meta":"","header-above-stick-meta":"","header-main-stick-meta":"","header-below-stick-meta":"","astra-migrate-meta-layouts":"set","ast-page-background-enabled":"default","ast-page-background-meta":{"desktop":{"background-color":"var(--ast-global-color-4)","background-image":"","background-repeat":"repeat","background-position":"center center","background-size":"auto","background-attachment":"scroll","background-type":"","background-media":"","overlay-type":"","overlay-color":"","overlay-opacity":"","overlay-gradient":""},"tablet":{"background-color":"","background-image":"","background-repeat":"repeat","background-position":"center center","background-size":"auto","background-attachment":"scroll","background-type":"","background-media":"","overlay-type":"","overlay-color":"","overlay-opacity":"","overlay-gradient":""},"mobile":{"background-color":"","background-image":"","background-repeat":"repeat","background-position":"center center","background-size":"auto","background-attachment":"scroll","background-type":"","background-media":"","overlay-type":"","overlay-color":"","overlay-opacity":"","overlay-gradient":""}},"ast-content-background-meta":{"desktop":{"background-color":"var(--ast-global-color-5)","background-image":"","background-repeat":"repeat","background-position":"center center","background-size":"auto","background-attachment":"scroll","background-type":"","background-media":"","overlay-type":"","overlay-color":"","overlay-opacity":"","overlay-gradient":""},"tablet":{"background-color":"var(--ast-global-color-5)","background-image":"","background-repeat":"repeat","background-position":"center center","background-size":"auto","background-attachment":"scroll","background-type":"","background-media":"","overlay-type":"","overlay-color":"","overlay-opacity":"","overlay-gradient":""},"mobile":{"background-color":"var(--ast-global-color-5)","background-image":"","background-repeat":"repeat","background-position":"center center","background-size":"auto","background-attachment":"scroll","background-type":"","background-media":"","overlay-type":"","overlay-color":"","overlay-opacity":"","overlay-gradient":""}}},"product_brand":[],"product_cat":[705,116,33],"product_tag":[669,668,98,217,665,673,703,667,261,670,73,56],"class_list":{"0":"post-6507","1":"product","2":"type-product","3":"status-publish","4":"has-post-thumbnail","6":"product_cat-manual-ball-valve","7":"product_cat-manual-valves","8":"product_cat-products","9":"product_tag-2-way-ball-valve","10":"product_tag-2-way-female-thread-ball-valve","11":"product_tag-ball-valve","12":"product_tag-ball-valves","13":"product_tag-female-thread-ball-valve","14":"product_tag-full-port-thread-ball-valve","15":"product_tag-manual-ball-valve","16":"product_tag-manual-thread-ball-valve","17":"product_tag-manual-valve","18":"product_tag-stainless-steel-thread-ball-valve","19":"product_tag-valve","20":"product_tag-valves","21":"desktop-align-center","22":"tablet-align-left","23":"mobile-align-left","25":"first","26":"instock","27":"shipping-taxable","28":"product-type-simple"},"_links":{"self":[{"href":"https:\/\/www.delcofluid.com\/es\/wp-json\/wp\/v2\/product\/6507","targetHints":{"allow":["GET"]}}],"collection":[{"href":"https:\/\/www.delcofluid.com\/es\/wp-json\/wp\/v2\/product"}],"about":[{"href":"https:\/\/www.delcofluid.com\/es\/wp-json\/wp\/v2\/types\/product"}],"version-history":[{"count":0,"href":"https:\/\/www.delcofluid.com\/es\/wp-json\/wp\/v2\/product\/6507\/revisions"}],"wp:featuredmedia":[{"embeddable":true,"href":"https:\/\/www.delcofluid.com\/es\/wp-json\/wp\/v2\/media\/7172"}],"wp:attachment":[{"href":"https:\/\/www.delcofluid.com\/es\/wp-json\/wp\/v2\/media?parent=6507"}],"wp:term":[{"taxonomy":"product_brand","embeddable":true,"href":"https:\/\/www.delcofluid.com\/es\/wp-json\/wp\/v2\/product_brand?post=6507"},{"taxonomy":"product_cat","embeddable":true,"href":"https:\/\/www.delcofluid.com\/es\/wp-json\/wp\/v2\/product_cat?post=6507"},{"taxonomy":"product_tag","embeddable":true,"href":"https:\/\/www.delcofluid.com\/es\/wp-json\/wp\/v2\/product_tag?post=6507"}],"curies":[{"name":"wp","href":"https:\/\/api.w.org\/{rel}","templated":true}]}}