{"id":6592,"date":"2024-07-08T09:54:11","date_gmt":"2024-07-08T08:54:11","guid":{"rendered":"https:\/\/www.delcofluid.com\/?post_type=product&#038;p=6592"},"modified":"2024-08-12T05:00:45","modified_gmt":"2024-08-12T04:00:45","slug":"stainless-steel-spring-loaded-closed-flange-safety-valve","status":"publish","type":"product","link":"https:\/\/www.delcofluid.com\/es\/producto\/stainless-steel-spring-loaded-closed-flange-safety-valve\/","title":{"rendered":"V\u00e1lvula de seguridad con brida cerrada y resorte de acero inoxidable"},"content":{"rendered":"<div data-elementor-type=\"product-post\" data-elementor-id=\"6592\" class=\"elementor elementor-6592\" data-elementor-post-type=\"product\">\n\t\t\t\t<div class=\"elementor-element elementor-element-6fb59a60 e-con-full e-flex e-con e-parent\" data-id=\"6fb59a60\" data-element_type=\"container\" data-e-type=\"container\" data-settings=\"{&quot;ekit_has_onepagescroll_dot&quot;:&quot;yes&quot;}\">\n\t\t<div class=\"elementor-element elementor-element-b2e102c e-con-full e-flex e-con e-child\" data-id=\"b2e102c\" data-element_type=\"container\" data-e-type=\"container\" data-settings=\"{&quot;ekit_has_onepagescroll_dot&quot;:&quot;yes&quot;}\">\n\t\t\t\t<div class=\"elementor-element elementor-element-4c3cf80 elementor-widget elementor-widget-heading\" data-id=\"4c3cf80\" data-element_type=\"widget\" data-e-type=\"widget\" data-settings=\"{&quot;ekit_we_effect_on&quot;:&quot;none&quot;}\" data-widget_type=\"heading.default\">\n\t\t\t\t<div class=\"elementor-widget-container\">\n\t\t\t\t\t<h2 class=\"elementor-heading-title elementor-size-default\">Caracter\u00edsticas<\/h2>\t\t\t\t<\/div>\n\t\t\t\t<\/div>\n\t\t\t\t<div class=\"elementor-element elementor-element-1af4cc68 elementor-widget__width-initial elementor-widget elementor-widget-text-editor\" data-id=\"1af4cc68\" data-element_type=\"widget\" data-e-type=\"widget\" data-settings=\"{&quot;ekit_we_effect_on&quot;:&quot;none&quot;}\" data-widget_type=\"text-editor.default\">\n\t\t\t\t<div class=\"elementor-widget-container\">\n\t\t\t\t\t\t\t\t\t<ul><li>Presi\u00f3n del sistema estabilizador: La v\u00e1lvula de seguridad se abre autom\u00e1ticamente para liberar el exceso de presi\u00f3n cuando excede el valor establecido y se cierra una vez que se restablece la presi\u00f3n normal, lo que garantiza un funcionamiento estable.<\/li><li>Resistencia superior a la corrosi\u00f3n: Fabricada con acero inoxidable de alta calidad, esta v\u00e1lvula de seguridad de brida cuenta con una resistencia a la corrosi\u00f3n excepcional, lo que garantiza un funcionamiento estable en una variedad de entornos hostiles durante per\u00edodos prolongados.<\/li><li>Rendimiento a altas temperaturas: Dise\u00f1ada teniendo en cuenta aplicaciones de alta temperatura, esta v\u00e1lvula libera eficazmente la presi\u00f3n bajo calor extremo, lo que protege el funcionamiento seguro de equipos y sistemas.<\/li><li>Dise\u00f1o Compacto: Su estructura compacta facilita la instalaci\u00f3n y mantenimiento en espacios reducidos, optimizando la disposici\u00f3n y accesibilidad del equipo.<\/li><li>Compatibilidad vers\u00e1til con fluidos: capaz de manejar una amplia gama de gases y l\u00edquidos, esta v\u00e1lvula es ideal para diversas industrias, incluidas la qu\u00edmica, la petroqu\u00edmica, la miner\u00eda de carb\u00f3n y la energ\u00eda el\u00e9ctrica, y ofrece una amplia versatilidad de aplicaciones.<\/li><li>Regulaci\u00f3n de presi\u00f3n eficiente: como dispositivo de liberaci\u00f3n autom\u00e1tica de presi\u00f3n, la v\u00e1lvula se abre cuando la presi\u00f3n excede el umbral est\u00e1ndar, lo que evita la acumulaci\u00f3n excesiva de presi\u00f3n. Se cierra autom\u00e1ticamente cuando la presi\u00f3n se normaliza, lo que garantiza el funcionamiento estable del sistema. \u00a0 \u00a0\u00a0<\/li><\/ul>\t\t\t\t\t\t\t\t<\/div>\n\t\t\t\t<\/div>\n\t\t\t\t<\/div>\n\t\t\t\t<div class=\"elementor-element elementor-element-8e57110 elementor-widget elementor-widget-image\" data-id=\"8e57110\" data-element_type=\"widget\" data-e-type=\"widget\" data-settings=\"{&quot;ekit_we_effect_on&quot;:&quot;none&quot;}\" data-widget_type=\"image.default\">\n\t\t\t\t<div class=\"elementor-widget-container\">\n\t\t\t\t\t\t\t\t\t\t\t\t\t\t\t<img fetchpriority=\"high\" decoding=\"async\" width=\"768\" height=\"759\" src=\"https:\/\/www.delcofluid.com\/wp-content\/uploads\/2024\/03\/product-finder-graphic-3-x900.jpg\" class=\"attachment-large size-large wp-image-2576\" alt=\"Solenoid Valves\" srcset=\"https:\/\/www.delcofluid.com\/wp-content\/uploads\/2024\/03\/product-finder-graphic-3-x900.jpg 768w, https:\/\/www.delcofluid.com\/wp-content\/uploads\/2024\/03\/product-finder-graphic-3-x900-100x100.jpg 100w, https:\/\/www.delcofluid.com\/wp-content\/uploads\/2024\/03\/product-finder-graphic-3-x900-600x593.jpg 600w, https:\/\/www.delcofluid.com\/wp-content\/uploads\/2024\/03\/product-finder-graphic-3-x900-300x296.jpg 300w\" sizes=\"(max-width: 768px) 100vw, 768px\" \/>\t\t\t\t\t\t\t\t\t\t\t\t\t\t\t<\/div>\n\t\t\t\t<\/div>\n\t\t\t\t<\/div>\n\t\t<div class=\"elementor-element elementor-element-a55eeda e-flex e-con-boxed e-con e-parent\" data-id=\"a55eeda\" data-element_type=\"container\" data-e-type=\"container\" data-settings=\"{&quot;background_background&quot;:&quot;classic&quot;,&quot;ekit_has_onepagescroll_dot&quot;:&quot;yes&quot;}\">\n\t\t\t\t\t<div class=\"e-con-inner\">\n\t\t\t\t<div class=\"elementor-element elementor-element-585e9d9 elementor-widget elementor-widget-heading\" data-id=\"585e9d9\" data-element_type=\"widget\" data-e-type=\"widget\" data-settings=\"{&quot;ekit_we_effect_on&quot;:&quot;none&quot;}\" data-widget_type=\"heading.default\">\n\t\t\t\t<div class=\"elementor-widget-container\">\n\t\t\t\t\t<h2 class=\"elementor-heading-title elementor-size-default\">Par\u00e1metros t\u00e9cnicos<\/h2>\t\t\t\t<\/div>\n\t\t\t\t<\/div>\n\t\t\t\t\t<\/div>\n\t\t\t\t<\/div>\n\t\t<div class=\"elementor-element elementor-element-3414eb9 e-con-full e-flex e-con e-parent\" data-id=\"3414eb9\" data-element_type=\"container\" data-e-type=\"container\" data-settings=\"{&quot;background_background&quot;:&quot;classic&quot;,&quot;ekit_has_onepagescroll_dot&quot;:&quot;yes&quot;}\">\n\t\t\t\t<div class=\"elementor-element elementor-element-13df62f elementor-widget__width-initial elementor-widget elementor-widget-text-editor\" data-id=\"13df62f\" data-element_type=\"widget\" data-e-type=\"widget\" data-settings=\"{&quot;ekit_we_effect_on&quot;:&quot;none&quot;}\" data-widget_type=\"text-editor.default\">\n\t\t\t\t<div class=\"elementor-widget-container\">\n\t\t\t\t\t\t\t\t\t<table width=\"855\">\n<tbody>\n<tr>\n<td width=\"159\">Rango de tallas:<\/td>\n<td width=\"205\">3\/4\u2033 a 16\u2033<\/td>\n<td width=\"146\">Material:<\/td>\n<td width=\"345\">Acero inoxidable 304\/316, WCB<\/td>\n<\/tr>\n<tr>\n<td width=\"159\">Rango de presi\u00f3n:<\/td>\n<td>&nbsp;1,6 MPa a 4 MPa<br><\/td>\n<td width=\"146\">Fuerza:<\/td>\n<td width=\"345\">Manejar<\/td>\n<\/tr>\n<tr>\n<td width=\"159\">Garant\u00eda:<\/td>\n<td width=\"205\">12 polillas<\/td>\n<td width=\"146\">Cuerpo:<\/td>\n<td width=\"345\">Comit\u00e9 de Servicios Financieros<\/td>\n<\/tr>\n<tr>\n<td width=\"159\">La superficie de sellado del material:<\/td>\n<td width=\"205\">Dep\u00f3sito de estelita<\/td>\n<td width=\"146\">Nozzio<\/td>\n<td width=\"345\">2Cr13<\/td>\n<\/tr>\n<\/tbody>\n<\/table>\t\t\t\t\t\t\t\t<\/div>\n\t\t\t\t<\/div>\n\t\t\t\t<\/div>\n\t\t<div class=\"elementor-element elementor-element-daef6c8 e-con-full e-flex e-con e-parent\" data-id=\"daef6c8\" data-element_type=\"container\" data-e-type=\"container\" data-settings=\"{&quot;ekit_has_onepagescroll_dot&quot;:&quot;yes&quot;}\">\n\t\t\t\t<div class=\"elementor-element elementor-element-52ddb61 elementor-widget elementor-widget-heading\" data-id=\"52ddb61\" data-element_type=\"widget\" data-e-type=\"widget\" data-settings=\"{&quot;ekit_we_effect_on&quot;:&quot;none&quot;}\" data-widget_type=\"heading.default\">\n\t\t\t\t<div class=\"elementor-widget-container\">\n\t\t\t\t\t<h2 class=\"elementor-heading-title elementor-size-default\">Solicitud<\/h2>\t\t\t\t<\/div>\n\t\t\t\t<\/div>\n\t\t\t\t<div class=\"elementor-element elementor-element-ac1034b elementor-widget elementor-widget-text-editor\" data-id=\"ac1034b\" data-element_type=\"widget\" data-e-type=\"widget\" data-settings=\"{&quot;ekit_we_effect_on&quot;:&quot;none&quot;}\" data-widget_type=\"text-editor.default\">\n\t\t\t\t<div class=\"elementor-widget-container\">\n\t\t\t\t\t\t\t\t\t<p>Industria qu\u00edmica: Las v\u00e1lvulas de seguridad con brida de acero inoxidable se emplean en reactores, tanques de almacenamiento y tuber\u00edas para evitar la sobrepresi\u00f3n y garantizar operaciones seguras.<br \/>Industria petroqu\u00edmica: Las v\u00e1lvulas de seguridad son cruciales en los procesos de refinaci\u00f3n, tratamiento y almacenamiento de gas para salvaguardar los equipos y evitar incidentes de sobrepresi\u00f3n.<br \/>Industria de la miner\u00eda del carb\u00f3n: Las v\u00e1lvulas de seguridad gestionan la ventilaci\u00f3n, el drenaje y la presi\u00f3n del equipo para garantizar operaciones seguras y la estabilidad del equipo.<br \/>Industria de generaci\u00f3n de energ\u00eda: Las v\u00e1lvulas de seguridad regulan la presi\u00f3n en sistemas de calderas, instalaciones de enfriamiento y equipos de energ\u00eda para mantener operaciones seguras y estables.<br \/><br \/><\/p>\t\t\t\t\t\t\t\t<\/div>\n\t\t\t\t<\/div>\n\t\t\t\t<\/div>\n\t\t\t\t<\/div>","protected":false},"excerpt":{"rendered":"<p>Una v\u00e1lvula de seguridad es un dispositivo autom\u00e1tico de alivio de presi\u00f3n que se instala en equipos, recipientes o tuber\u00edas presurizados. Cuando la presi\u00f3n interna del sistema supera el valor de seguridad establecido, la v\u00e1lvula se abrir\u00e1 autom\u00e1ticamente para liberar parte del exceso de medio y evitar que la presi\u00f3n aumente a\u00fan m\u00e1s. Cuando la presi\u00f3n del sistema desciende al valor especificado, la v\u00e1lvula se cerrar\u00e1 autom\u00e1ticamente para garantizar que el sistema vuelva a funcionar con normalidad.<\/p>\n<p>Las v\u00e1lvulas de seguridad de acero inoxidable tienen una excelente resistencia a la corrosi\u00f3n y son adecuadas para una variedad de entornos hostiles. La v\u00e1lvula puede funcionar de manera estable en condiciones de alta temperatura, lo que salvaguarda la seguridad de los equipos y sistemas. Su dise\u00f1o compacto facilita su instalaci\u00f3n y operaci\u00f3n en espacios limitados. La v\u00e1lvula de seguridad de acero inoxidable puede manejar una amplia gama de fluidos y brindar alivio de presi\u00f3n confiable y protecci\u00f3n del sistema. Por lo tanto, se usa ampliamente en los campos qu\u00edmico, petroqu\u00edmico, de minas de carb\u00f3n, de energ\u00eda el\u00e9ctrica y otros para el manejo de la presi\u00f3n de gases y l\u00edquidos.<\/p>\n<p>Modelo: V\u00e1lvula de seguridad<br \/>\nRango de tama\u00f1o: 3\/4\u2033 a 16\u2033<br \/>\nRango de presi\u00f3n: 1,6 MPa a 4 MPa<br \/>\nMaterial: Acero inoxidable 304\/316 o WCB<\/p>\n<p>&nbsp;<\/p>","protected":false},"featured_media":7167,"template":"","meta":{"site-sidebar-layout":"default","site-content-layout":"","ast-site-content-layout":"default","site-content-style":"default","site-sidebar-style":"default","ast-global-header-display":"","ast-banner-title-visibility":"","ast-main-header-display":"","ast-hfb-above-header-display":"","ast-hfb-below-header-display":"","ast-hfb-mobile-header-display":"","site-post-title":"","ast-breadcrumbs-content":"","ast-featured-img":"","footer-sml-layout":"","ast-disable-related-posts":"","theme-transparent-header-meta":"default","adv-header-id-meta":"","stick-header-meta":"","header-above-stick-meta":"","header-main-stick-meta":"","header-below-stick-meta":"","astra-migrate-meta-layouts":"set","ast-page-background-enabled":"default","ast-page-background-meta":{"desktop":{"background-color":"var(--ast-global-color-4)","background-image":"","background-repeat":"repeat","background-position":"center center","background-size":"auto","background-attachment":"scroll","background-type":"","background-media":"","overlay-type":"","overlay-color":"","overlay-opacity":"","overlay-gradient":""},"tablet":{"background-color":"","background-image":"","background-repeat":"repeat","background-position":"center center","background-size":"auto","background-attachment":"scroll","background-type":"","background-media":"","overlay-type":"","overlay-color":"","overlay-opacity":"","overlay-gradient":""},"mobile":{"background-color":"","background-image":"","background-repeat":"repeat","background-position":"center center","background-size":"auto","background-attachment":"scroll","background-type":"","background-media":"","overlay-type":"","overlay-color":"","overlay-opacity":"","overlay-gradient":""}},"ast-content-background-meta":{"desktop":{"background-color":"var(--ast-global-color-5)","background-image":"","background-repeat":"repeat","background-position":"center center","background-size":"auto","background-attachment":"scroll","background-type":"","background-media":"","overlay-type":"","overlay-color":"","overlay-opacity":"","overlay-gradient":""},"tablet":{"background-color":"var(--ast-global-color-5)","background-image":"","background-repeat":"repeat","background-position":"center center","background-size":"auto","background-attachment":"scroll","background-type":"","background-media":"","overlay-type":"","overlay-color":"","overlay-opacity":"","overlay-gradient":""},"mobile":{"background-color":"var(--ast-global-color-5)","background-image":"","background-repeat":"repeat","background-position":"center center","background-size":"auto","background-attachment":"scroll","background-type":"","background-media":"","overlay-type":"","overlay-color":"","overlay-opacity":"","overlay-gradient":""}}},"product_brand":[],"product_cat":[33,709],"product_tag":[685,684,686,687,73,56],"class_list":{"0":"post-6592","1":"product","2":"type-product","3":"status-publish","4":"has-post-thumbnail","6":"product_cat-products","7":"product_cat-safety-valve","8":"product_tag-flange-safety-valve","9":"product_tag-safety-valve","10":"product_tag-spring-loaded-closed-valve","11":"product_tag-stainless-steel-safety-valve","12":"product_tag-valve","13":"product_tag-valves","14":"desktop-align-center","15":"tablet-align-left","16":"mobile-align-left","18":"first","19":"instock","20":"shipping-taxable","21":"product-type-simple"},"_links":{"self":[{"href":"https:\/\/www.delcofluid.com\/es\/wp-json\/wp\/v2\/product\/6592","targetHints":{"allow":["GET"]}}],"collection":[{"href":"https:\/\/www.delcofluid.com\/es\/wp-json\/wp\/v2\/product"}],"about":[{"href":"https:\/\/www.delcofluid.com\/es\/wp-json\/wp\/v2\/types\/product"}],"version-history":[{"count":0,"href":"https:\/\/www.delcofluid.com\/es\/wp-json\/wp\/v2\/product\/6592\/revisions"}],"wp:featuredmedia":[{"embeddable":true,"href":"https:\/\/www.delcofluid.com\/es\/wp-json\/wp\/v2\/media\/7167"}],"wp:attachment":[{"href":"https:\/\/www.delcofluid.com\/es\/wp-json\/wp\/v2\/media?parent=6592"}],"wp:term":[{"taxonomy":"product_brand","embeddable":true,"href":"https:\/\/www.delcofluid.com\/es\/wp-json\/wp\/v2\/product_brand?post=6592"},{"taxonomy":"product_cat","embeddable":true,"href":"https:\/\/www.delcofluid.com\/es\/wp-json\/wp\/v2\/product_cat?post=6592"},{"taxonomy":"product_tag","embeddable":true,"href":"https:\/\/www.delcofluid.com\/es\/wp-json\/wp\/v2\/product_tag?post=6592"}],"curies":[{"name":"wp","href":"https:\/\/api.w.org\/{rel}","templated":true}]}}