{"id":6646,"date":"2024-07-09T03:33:29","date_gmt":"2024-07-09T02:33:29","guid":{"rendered":"https:\/\/www.delcofluid.com\/?post_type=product&#038;p=6646"},"modified":"2025-02-20T09:50:46","modified_gmt":"2025-02-20T09:50:46","slug":"cast-iron-full-lift-spring-loaded-male-threaded-safety-valve","status":"publish","type":"product","link":"https:\/\/www.delcofluid.com\/es\/producto\/cast-iron-full-lift-spring-loaded-male-threaded-safety-valve\/","title":{"rendered":"V\u00e1lvula de seguridad con brida y resorte de elevaci\u00f3n completa de hierro fundido"},"content":{"rendered":"<div data-elementor-type=\"product-post\" data-elementor-id=\"6646\" class=\"elementor elementor-6646\" data-elementor-post-type=\"product\">\n\t\t\t\t<div class=\"elementor-element elementor-element-6fb59a60 e-con-full e-flex e-con e-parent\" data-id=\"6fb59a60\" data-element_type=\"container\" data-e-type=\"container\" data-settings=\"{&quot;ekit_has_onepagescroll_dot&quot;:&quot;yes&quot;}\">\n\t\t<div class=\"elementor-element elementor-element-b2e102c e-con-full e-flex e-con e-child\" data-id=\"b2e102c\" data-element_type=\"container\" data-e-type=\"container\" data-settings=\"{&quot;ekit_has_onepagescroll_dot&quot;:&quot;yes&quot;}\">\n\t\t\t\t<div class=\"elementor-element elementor-element-4c3cf80 elementor-widget elementor-widget-heading\" data-id=\"4c3cf80\" data-element_type=\"widget\" data-e-type=\"widget\" data-settings=\"{&quot;ekit_we_effect_on&quot;:&quot;none&quot;}\" data-widget_type=\"heading.default\">\n\t\t\t\t<div class=\"elementor-widget-container\">\n\t\t\t\t\t<h2 class=\"elementor-heading-title elementor-size-default\">Caracter\u00edsticas<\/h2>\t\t\t\t<\/div>\n\t\t\t\t<\/div>\n\t\t\t\t<div class=\"elementor-element elementor-element-1af4cc68 elementor-widget__width-initial elementor-widget elementor-widget-text-editor\" data-id=\"1af4cc68\" data-element_type=\"widget\" data-e-type=\"widget\" data-settings=\"{&quot;ekit_we_effect_on&quot;:&quot;none&quot;}\" data-widget_type=\"text-editor.default\">\n\t\t\t\t<div class=\"elementor-widget-container\">\n\t\t\t\t\t\t\t\t\t<ul><li>Protecci\u00f3n confiable contra sobrepresi\u00f3n: gestiona el exceso de presi\u00f3n autom\u00e1ticamente para proteger el equipo y garantizar un funcionamiento estable.<\/li><li>Rendimiento a altas temperaturas: dise\u00f1ado para entornos de hasta 350 \u00b0C, lo que lo hace perfecto para aplicaciones de vapor y gas.<\/li><li>Sellado y longevidad superiores: incorpora un solo v\u00e1stago con gu\u00edas dobles y una bola central para un sellado excelente y una mayor durabilidad.<\/li><li>Aplicaciones vers\u00e1tiles: eficaz en diversos sectores, incluidos productos qu\u00edmicos, petroqu\u00edmicos, miner\u00eda de carb\u00f3n y generaci\u00f3n de energ\u00eda.<\/li><li>Ajuste y mantenimiento eficientes: presenta un amplio rango de ajuste de resorte y un dise\u00f1o que minimiza las necesidades de mantenimiento.<\/li><li>Opciones de materiales duraderos: Disponible en materiales robustos como acero fundido, acero inoxidable y acero de aleaci\u00f3n para diversas aplicaciones industriales.\u00a0\u00a0<\/li><\/ul>\t\t\t\t\t\t\t\t<\/div>\n\t\t\t\t<\/div>\n\t\t\t\t<\/div>\n\t\t\t\t<div class=\"elementor-element elementor-element-8e57110 elementor-widget elementor-widget-image\" data-id=\"8e57110\" data-element_type=\"widget\" data-e-type=\"widget\" data-settings=\"{&quot;ekit_we_effect_on&quot;:&quot;none&quot;}\" data-widget_type=\"image.default\">\n\t\t\t\t<div class=\"elementor-widget-container\">\n\t\t\t\t\t\t\t\t\t\t\t\t\t\t\t<img fetchpriority=\"high\" decoding=\"async\" width=\"1024\" height=\"1024\" src=\"https:\/\/www.delcofluid.com\/wp-content\/uploads\/2024\/07\/5-4-1024x1024.jpg\" class=\"attachment-large size-large wp-image-6656\" alt=\"Safety Valve\" srcset=\"https:\/\/www.delcofluid.com\/wp-content\/uploads\/2024\/07\/5-4-1024x1024.jpg 1024w, https:\/\/www.delcofluid.com\/wp-content\/uploads\/2024\/07\/5-4-300x300.jpg 300w, https:\/\/www.delcofluid.com\/wp-content\/uploads\/2024\/07\/5-4-150x150.jpg 150w, https:\/\/www.delcofluid.com\/wp-content\/uploads\/2024\/07\/5-4-768x768.jpg 768w, https:\/\/www.delcofluid.com\/wp-content\/uploads\/2024\/07\/5-4-1536x1536.jpg 1536w, https:\/\/www.delcofluid.com\/wp-content\/uploads\/2024\/07\/5-4-2048x2048.jpg 2048w, https:\/\/www.delcofluid.com\/wp-content\/uploads\/2024\/07\/5-4-600x600.jpg 600w, https:\/\/www.delcofluid.com\/wp-content\/uploads\/2024\/07\/5-4-100x100.jpg 100w\" sizes=\"(max-width: 1024px) 100vw, 1024px\" \/>\t\t\t\t\t\t\t\t\t\t\t\t\t\t\t<\/div>\n\t\t\t\t<\/div>\n\t\t\t\t<\/div>\n\t\t<div class=\"elementor-element elementor-element-a55eeda e-flex e-con-boxed e-con e-parent\" data-id=\"a55eeda\" data-element_type=\"container\" data-e-type=\"container\" data-settings=\"{&quot;background_background&quot;:&quot;classic&quot;,&quot;ekit_has_onepagescroll_dot&quot;:&quot;yes&quot;}\">\n\t\t\t\t\t<div class=\"e-con-inner\">\n\t\t\t\t<div class=\"elementor-element elementor-element-585e9d9 elementor-widget elementor-widget-heading\" data-id=\"585e9d9\" data-element_type=\"widget\" data-e-type=\"widget\" data-settings=\"{&quot;ekit_we_effect_on&quot;:&quot;none&quot;}\" data-widget_type=\"heading.default\">\n\t\t\t\t<div class=\"elementor-widget-container\">\n\t\t\t\t\t<h2 class=\"elementor-heading-title elementor-size-default\">Par\u00e1metros t\u00e9cnicos<\/h2>\t\t\t\t<\/div>\n\t\t\t\t<\/div>\n\t\t\t\t\t<\/div>\n\t\t\t\t<\/div>\n\t\t<div class=\"elementor-element elementor-element-3414eb9 e-con-full e-flex e-con e-parent\" data-id=\"3414eb9\" data-element_type=\"container\" data-e-type=\"container\" data-settings=\"{&quot;background_background&quot;:&quot;classic&quot;,&quot;ekit_has_onepagescroll_dot&quot;:&quot;yes&quot;}\">\n\t\t\t\t<div class=\"elementor-element elementor-element-13df62f elementor-widget__width-initial elementor-widget elementor-widget-text-editor\" data-id=\"13df62f\" data-element_type=\"widget\" data-e-type=\"widget\" data-settings=\"{&quot;ekit_we_effect_on&quot;:&quot;none&quot;}\" data-widget_type=\"text-editor.default\">\n\t\t\t\t<div class=\"elementor-widget-container\">\n\t\t\t\t\t\t\t\t\t<table width=\"855\">\n<tbody>\n<tr>\n<td width=\"159\">Rango de tallas:<\/td>\n<td width=\"205\">3\/4\u201d a 16\u2033<\/td>\n<td width=\"146\">Material:<\/td>\n<td width=\"345\">WCB-CF8M<\/td>\n<\/tr>\n<tr>\n<td width=\"159\">Rango de presi\u00f3n:<\/td>\n<td>&nbsp;1,6 MPa a 4 MPa<br><\/td>\n<td width=\"146\">Asiento de v\u00e1lvula:<\/td>\n<td width=\"345\">ZG2Cr13<\/td>\n<\/tr>\n<tr>\n<td width=\"159\">Garant\u00eda:<\/td>\n<td width=\"205\">12 polillas<\/td>\n<td width=\"146\">&nbsp;Disco de v\u00e1lvula:<\/td>\n<td width=\"345\">2Cr13<\/td>\n<\/tr>\n<tr>\n<td width=\"159\">Cuerpo de la v\u00e1lvula:<\/td>\n<td width=\"205\">Comit\u00e9 de Servicios Financieros<\/td>\n<td width=\"146\">Primavera<\/td>\n<td width=\"345\">50CrVA<\/td>\n<\/tr>\n<\/tbody>\n<\/table>\t\t\t\t\t\t\t\t<\/div>\n\t\t\t\t<\/div>\n\t\t\t\t<\/div>\n\t\t<div class=\"elementor-element elementor-element-daef6c8 e-con-full e-flex e-con e-parent\" data-id=\"daef6c8\" data-element_type=\"container\" data-e-type=\"container\" data-settings=\"{&quot;ekit_has_onepagescroll_dot&quot;:&quot;yes&quot;}\">\n\t\t\t\t<div class=\"elementor-element elementor-element-52ddb61 elementor-widget elementor-widget-heading\" data-id=\"52ddb61\" data-element_type=\"widget\" data-e-type=\"widget\" data-settings=\"{&quot;ekit_we_effect_on&quot;:&quot;none&quot;}\" data-widget_type=\"heading.default\">\n\t\t\t\t<div class=\"elementor-widget-container\">\n\t\t\t\t\t<h2 class=\"elementor-heading-title elementor-size-default\">Solicitud<\/h2>\t\t\t\t<\/div>\n\t\t\t\t<\/div>\n\t\t\t\t<div class=\"elementor-element elementor-element-ac1034b elementor-widget elementor-widget-text-editor\" data-id=\"ac1034b\" data-element_type=\"widget\" data-e-type=\"widget\" data-settings=\"{&quot;ekit_we_effect_on&quot;:&quot;none&quot;}\" data-widget_type=\"text-editor.default\">\n\t\t\t\t<div class=\"elementor-widget-container\">\n\t\t\t\t\t\t\t\t\t<p>\u00a0Industria qu\u00edmica: En la industria qu\u00edmica, las v\u00e1lvulas de seguridad son esenciales para controlar el exceso de presi\u00f3n en los sistemas de procesamiento, salvaguardar las reacciones, el almacenamiento y el transporte.<br \/>Industria petroqu\u00edmica: En las operaciones petroqu\u00edmicas, estas v\u00e1lvulas protegen los equipos involucrados en la extracci\u00f3n, refinaci\u00f3n y procesamiento de productos derivados del petr\u00f3leo mediante el manejo de presiones y temperaturas extremas.<br \/>Industria de la miner\u00eda del carb\u00f3n: Para la miner\u00eda del carb\u00f3n, las v\u00e1lvulas de seguridad son fundamentales para mantener la seguridad en los sistemas de ventilaci\u00f3n, procesamiento y transporte al regular eficazmente la presi\u00f3n.<br \/>Industria de generaci\u00f3n de energ\u00eda: en la generaci\u00f3n de energ\u00eda, las v\u00e1lvulas de seguridad garantizan el funcionamiento seguro de calderas de vapor, turbinas y otros componentes de alta presi\u00f3n mediante la gesti\u00f3n de la presi\u00f3n del sistema.<\/p>\t\t\t\t\t\t\t\t<\/div>\n\t\t\t\t<\/div>\n\t\t\t\t<\/div>\n\t\t\t\t<\/div>","protected":false},"excerpt":{"rendered":"<p>Una v\u00e1lvula de seguridad es una v\u00e1lvula autom\u00e1tica dise\u00f1ada para regular y liberar el exceso de presi\u00f3n en un sistema, lo que la hace crucial para manejar varios tipos de gases y l\u00edquidos en condiciones de alta presi\u00f3n y alta temperatura. Inicialmente desarrolladas durante la Revoluci\u00f3n Industrial para abordar las fallas explosivas de las calderas de vapor debido a la falta de mecanismos de seguridad, las v\u00e1lvulas de seguridad se han vuelto esenciales para proteger los recipientes a presi\u00f3n (tanto los que se queman como los que no) y los intercambiadores de calor. Hoy en d\u00eda, las v\u00e1lvulas de seguridad se utilizan principalmente en aplicaciones como calderas, recipientes a presi\u00f3n y sistemas de tuber\u00edas para salvaguardar la seguridad personal y garantizar el funcionamiento estable de los equipos.<\/p>\n<p>La v\u00e1lvula de seguridad con resorte de hierro fundido es un tipo com\u00fan de v\u00e1lvula de seguridad, conocida por su construcci\u00f3n duradera de hierro fundido y su dise\u00f1o eficaz con resorte. Este tipo de v\u00e1lvula de seguridad se utiliza ampliamente en diversas aplicaciones industriales debido a su robustez y eficiencia en el manejo de situaciones de sobrepresi\u00f3n, lo que evita posibles riesgos de seguridad y garantiza el rendimiento confiable de los sistemas industriales.<\/p>\n<p>Modelo: V\u00e1lvula de seguridad<br \/>\nRango de tama\u00f1o: 3\/4\u201d a 16\u201d<br \/>\nRango de presi\u00f3n: 1,6 MPa a 4 MPa<br \/>\nMaterial: WCB, CF8M<\/p>\n<p>&nbsp;<\/p>\n<p>&nbsp;<\/p>","protected":false},"featured_media":7162,"template":"","meta":{"site-sidebar-layout":"default","site-content-layout":"","ast-site-content-layout":"default","site-content-style":"default","site-sidebar-style":"default","ast-global-header-display":"","ast-banner-title-visibility":"","ast-main-header-display":"","ast-hfb-above-header-display":"","ast-hfb-below-header-display":"","ast-hfb-mobile-header-display":"","site-post-title":"","ast-breadcrumbs-content":"","ast-featured-img":"","footer-sml-layout":"","ast-disable-related-posts":"","theme-transparent-header-meta":"default","adv-header-id-meta":"","stick-header-meta":"","header-above-stick-meta":"","header-main-stick-meta":"","header-below-stick-meta":"","astra-migrate-meta-layouts":"set","ast-page-background-enabled":"default","ast-page-background-meta":{"desktop":{"background-color":"var(--ast-global-color-4)","background-image":"","background-repeat":"repeat","background-position":"center center","background-size":"auto","background-attachment":"scroll","background-type":"","background-media":"","overlay-type":"","overlay-color":"","overlay-opacity":"","overlay-gradient":""},"tablet":{"background-color":"","background-image":"","background-repeat":"repeat","background-position":"center center","background-size":"auto","background-attachment":"scroll","background-type":"","background-media":"","overlay-type":"","overlay-color":"","overlay-opacity":"","overlay-gradient":""},"mobile":{"background-color":"","background-image":"","background-repeat":"repeat","background-position":"center center","background-size":"auto","background-attachment":"scroll","background-type":"","background-media":"","overlay-type":"","overlay-color":"","overlay-opacity":"","overlay-gradient":""}},"ast-content-background-meta":{"desktop":{"background-color":"var(--ast-global-color-5)","background-image":"","background-repeat":"repeat","background-position":"center center","background-size":"auto","background-attachment":"scroll","background-type":"","background-media":"","overlay-type":"","overlay-color":"","overlay-opacity":"","overlay-gradient":""},"tablet":{"background-color":"var(--ast-global-color-5)","background-image":"","background-repeat":"repeat","background-position":"center center","background-size":"auto","background-attachment":"scroll","background-type":"","background-media":"","overlay-type":"","overlay-color":"","overlay-opacity":"","overlay-gradient":""},"mobile":{"background-color":"var(--ast-global-color-5)","background-image":"","background-repeat":"repeat","background-position":"center center","background-size":"auto","background-attachment":"scroll","background-type":"","background-media":"","overlay-type":"","overlay-color":"","overlay-opacity":"","overlay-gradient":""}}},"product_brand":[],"product_cat":[33,709],"product_tag":[689,690,688,684,691,56],"class_list":{"0":"post-6646","1":"product","2":"type-product","3":"status-publish","4":"has-post-thumbnail","6":"product_cat-products","7":"product_cat-safety-valve","8":"product_tag-cast-iron-safety-valve","9":"product_tag-full-lift-valve","10":"product_tag-male-threaded-safety-valve","11":"product_tag-safety-valve","12":"product_tag-threaded-safety-valve","13":"product_tag-valves","14":"desktop-align-center","15":"tablet-align-left","16":"mobile-align-left","18":"first","19":"instock","20":"shipping-taxable","21":"product-type-simple"},"_links":{"self":[{"href":"https:\/\/www.delcofluid.com\/es\/wp-json\/wp\/v2\/product\/6646","targetHints":{"allow":["GET"]}}],"collection":[{"href":"https:\/\/www.delcofluid.com\/es\/wp-json\/wp\/v2\/product"}],"about":[{"href":"https:\/\/www.delcofluid.com\/es\/wp-json\/wp\/v2\/types\/product"}],"version-history":[{"count":0,"href":"https:\/\/www.delcofluid.com\/es\/wp-json\/wp\/v2\/product\/6646\/revisions"}],"wp:featuredmedia":[{"embeddable":true,"href":"https:\/\/www.delcofluid.com\/es\/wp-json\/wp\/v2\/media\/7162"}],"wp:attachment":[{"href":"https:\/\/www.delcofluid.com\/es\/wp-json\/wp\/v2\/media?parent=6646"}],"wp:term":[{"taxonomy":"product_brand","embeddable":true,"href":"https:\/\/www.delcofluid.com\/es\/wp-json\/wp\/v2\/product_brand?post=6646"},{"taxonomy":"product_cat","embeddable":true,"href":"https:\/\/www.delcofluid.com\/es\/wp-json\/wp\/v2\/product_cat?post=6646"},{"taxonomy":"product_tag","embeddable":true,"href":"https:\/\/www.delcofluid.com\/es\/wp-json\/wp\/v2\/product_tag?post=6646"}],"curies":[{"name":"wp","href":"https:\/\/api.w.org\/{rel}","templated":true}]}}