{"id":6674,"date":"2024-07-09T07:36:38","date_gmt":"2024-07-09T06:36:38","guid":{"rendered":"https:\/\/www.delcofluid.com\/?post_type=product&#038;p=6674"},"modified":"2024-08-12T07:26:00","modified_gmt":"2024-08-12T06:26:00","slug":"stainless-steel-flange-pressure-reducing-valve","status":"publish","type":"product","link":"https:\/\/www.delcofluid.com\/es\/producto\/stainless-steel-flange-pressure-reducing-valve\/","title":{"rendered":"V\u00e1lvula reductora de presi\u00f3n con brida de acero inoxidable"},"content":{"rendered":"<div data-elementor-type=\"product-post\" data-elementor-id=\"6674\" class=\"elementor elementor-6674\" data-elementor-post-type=\"product\">\n\t\t\t\t<div class=\"elementor-element elementor-element-6fb59a60 e-con-full e-flex e-con e-parent\" data-id=\"6fb59a60\" data-element_type=\"container\" data-e-type=\"container\" data-settings=\"{&quot;ekit_has_onepagescroll_dot&quot;:&quot;yes&quot;}\">\n\t\t<div class=\"elementor-element elementor-element-b2e102c e-con-full e-flex e-con e-child\" data-id=\"b2e102c\" data-element_type=\"container\" data-e-type=\"container\" data-settings=\"{&quot;ekit_has_onepagescroll_dot&quot;:&quot;yes&quot;}\">\n\t\t\t\t<div class=\"elementor-element elementor-element-4c3cf80 elementor-widget elementor-widget-heading\" data-id=\"4c3cf80\" data-element_type=\"widget\" data-e-type=\"widget\" data-settings=\"{&quot;ekit_we_effect_on&quot;:&quot;none&quot;}\" data-widget_type=\"heading.default\">\n\t\t\t\t<div class=\"elementor-widget-container\">\n\t\t\t\t\t<h2 class=\"elementor-heading-title elementor-size-default\">Caracter\u00edsticas<\/h2>\t\t\t\t<\/div>\n\t\t\t\t<\/div>\n\t\t\t\t<div class=\"elementor-element elementor-element-1af4cc68 elementor-widget__width-initial elementor-widget elementor-widget-text-editor\" data-id=\"1af4cc68\" data-element_type=\"widget\" data-e-type=\"widget\" data-settings=\"{&quot;ekit_we_effect_on&quot;:&quot;none&quot;}\" data-widget_type=\"text-editor.default\">\n\t\t\t\t<div class=\"elementor-widget-container\">\n\t\t\t\t\t\t\t\t\t<ul><li><span style=\"color: #000000\">Regulaci\u00f3n de presi\u00f3n: Las v\u00e1lvulas de bola de brida reductoras de presi\u00f3n de acero inoxidable reducen la alta presi\u00f3n de entrada a una presi\u00f3n de salida estable al regular la presi\u00f3n de flujo del medio para garantizar el funcionamiento estable del sistema dentro del rango de seguridad.<\/span><\/li><li><span style=\"color: #000000\">Amplia gama de medios: Adecuado para agua, aire comprimido, gases neutros y l\u00edquidos no viscosos hasta 95 \u00b0C. Especialmente adecuado para el manejo de l\u00edneas de vapor con grandes variaciones de caudal y presi\u00f3n.<\/span><\/li><li><span style=\"color: #000000\">Conexiones de brida est\u00e1ndar: El dise\u00f1o del extremo de la brida de acuerdo con EN 1092-2 facilita la instalaci\u00f3n y el desmontaje.<\/span><\/li><li><span style=\"color: #000000\">Dise\u00f1o y control optimizados: el dise\u00f1o de v\u00e1lvula de paso directo est\u00e1 equipado con controles personalizados. El dise\u00f1o de pist\u00f3n de v\u00e1lvula con presi\u00f3n equilibrada proporciona un par de arranque bajo y garantiza una regulaci\u00f3n de presi\u00f3n estable.<\/span><\/li><li><span style=\"color: #000000\">Alto sellado y durabilidad: Los sellos resilientes brindan alta durabilidad en \u00e1reas sin flujo; las gu\u00edas del pist\u00f3n del cuerpo est\u00e1n hechas de bronce micromaquinado resistente a la abrasi\u00f3n y la corrosi\u00f3n, sobresoldado para resistir la penetraci\u00f3n.<\/span><\/li><li><span style=\"color: #000000\">Capacidad de autorregulaci\u00f3n del medio: La regulaci\u00f3n de presi\u00f3n controlada por el propio medio, con un m\u00ednimo de presi\u00f3n diferencial de 2 bar para generar el torque requerido para el funcionamiento, mantiene una presi\u00f3n de salida estable, independientemente de la presi\u00f3n de entrada y las fluctuaciones del flujo.<\/span><\/li><\/ul>\t\t\t\t\t\t\t\t<\/div>\n\t\t\t\t<\/div>\n\t\t\t\t<\/div>\n\t\t\t\t<div class=\"elementor-element elementor-element-8e57110 elementor-widget elementor-widget-image\" data-id=\"8e57110\" data-element_type=\"widget\" data-e-type=\"widget\" data-settings=\"{&quot;ekit_we_effect_on&quot;:&quot;none&quot;}\" data-widget_type=\"image.default\">\n\t\t\t\t<div class=\"elementor-widget-container\">\n\t\t\t\t\t\t\t\t\t\t\t\t\t\t\t<img fetchpriority=\"high\" decoding=\"async\" width=\"768\" height=\"759\" src=\"https:\/\/www.delcofluid.com\/wp-content\/uploads\/2024\/03\/product-finder-graphic-3-x900.jpg\" class=\"attachment-large size-large wp-image-2576\" alt=\"Solenoid Valves\" srcset=\"https:\/\/www.delcofluid.com\/wp-content\/uploads\/2024\/03\/product-finder-graphic-3-x900.jpg 768w, https:\/\/www.delcofluid.com\/wp-content\/uploads\/2024\/03\/product-finder-graphic-3-x900-100x100.jpg 100w, https:\/\/www.delcofluid.com\/wp-content\/uploads\/2024\/03\/product-finder-graphic-3-x900-600x593.jpg 600w, https:\/\/www.delcofluid.com\/wp-content\/uploads\/2024\/03\/product-finder-graphic-3-x900-300x296.jpg 300w\" sizes=\"(max-width: 768px) 100vw, 768px\" \/>\t\t\t\t\t\t\t\t\t\t\t\t\t\t\t<\/div>\n\t\t\t\t<\/div>\n\t\t\t\t<\/div>\n\t\t<div class=\"elementor-element elementor-element-a55eeda e-flex e-con-boxed e-con e-parent\" data-id=\"a55eeda\" data-element_type=\"container\" data-e-type=\"container\" data-settings=\"{&quot;background_background&quot;:&quot;classic&quot;,&quot;ekit_has_onepagescroll_dot&quot;:&quot;yes&quot;}\">\n\t\t\t\t\t<div class=\"e-con-inner\">\n\t\t\t\t<div class=\"elementor-element elementor-element-585e9d9 elementor-widget elementor-widget-heading\" data-id=\"585e9d9\" data-element_type=\"widget\" data-e-type=\"widget\" data-settings=\"{&quot;ekit_we_effect_on&quot;:&quot;none&quot;}\" data-widget_type=\"heading.default\">\n\t\t\t\t<div class=\"elementor-widget-container\">\n\t\t\t\t\t<h2 class=\"elementor-heading-title elementor-size-default\">Par\u00e1metros t\u00e9cnicos<\/h2>\t\t\t\t<\/div>\n\t\t\t\t<\/div>\n\t\t\t\t\t<\/div>\n\t\t\t\t<\/div>\n\t\t<div class=\"elementor-element elementor-element-3414eb9 e-con-full e-flex e-con e-parent\" data-id=\"3414eb9\" data-element_type=\"container\" data-e-type=\"container\" data-settings=\"{&quot;background_background&quot;:&quot;classic&quot;,&quot;ekit_has_onepagescroll_dot&quot;:&quot;yes&quot;}\">\n\t\t\t\t<div class=\"elementor-element elementor-element-13df62f elementor-widget__width-initial elementor-widget elementor-widget-text-editor\" data-id=\"13df62f\" data-element_type=\"widget\" data-e-type=\"widget\" data-settings=\"{&quot;ekit_we_effect_on&quot;:&quot;none&quot;}\" data-widget_type=\"text-editor.default\">\n\t\t\t\t<div class=\"elementor-widget-container\">\n\t\t\t\t\t\t\t\t\t<table width=\"855\">\n<tbody>\n<tr>\n<td width=\"159\"><span style=\"color: #000000\">Art\u00edculo:<\/span><\/td>\n<td width=\"205\"><span style=\"color: #000000\">&nbsp;V\u00e1lvula reductora de presi\u00f3n<\/span><\/td>\n<td width=\"146\"><span style=\"color: #000000\">Material:<\/span><\/td>\n<td width=\"345\"><span style=\"color: #000000\">Acero inoxidable,&nbsp;<\/span><span style=\"color: #000000\">Acero al carbono, hierro fundido<\/span><\/td>\n<\/tr>\n<tr>\n<td width=\"159\"><span style=\"color: #000000\">Rango de presi\u00f3n:<\/span><\/td>\n<td><span style=\"color: #000000\">1,6\uff5e6,4 MPa<\/span><\/td>\n<td width=\"146\"><span style=\"color: #000000\">Asiento de v\u00e1lvula:<\/span><\/td>\n<td width=\"345\"><span style=\"color: #000000\">2Cr13<\/span><\/td>\n<\/tr>\n<tr>\n<td width=\"159\"><span style=\"color: #000000\">Garant\u00eda:<\/span><\/td>\n<td width=\"205\"><span style=\"color: #000000\">12 polillas<\/span><\/td>\n<td width=\"146\"><span style=\"color: #000000\">&nbsp;Disco de v\u00e1lvula:<\/span><\/td>\n<td width=\"345\"><span style=\"color: #000000\">2Cr13<\/span><\/td>\n<\/tr>\n<tr>\n<td width=\"159\"><span style=\"color: #000000\">Cuerpo de la v\u00e1lvula:<\/span><\/td>\n<td width=\"205\"><font color=\"#000000\">Acero inoxidable<\/font><\/td>\n<td width=\"146\"><span style=\"color: #000000\">Conexi\u00f3n:<\/span><\/td>\n<td width=\"345\"><span style=\"color: #000000\">Brida<\/span><\/td>\n<\/tr>\n<\/tbody>\n<\/table>\t\t\t\t\t\t\t\t<\/div>\n\t\t\t\t<\/div>\n\t\t\t\t<\/div>\n\t\t<div class=\"elementor-element elementor-element-daef6c8 e-con-full e-flex e-con e-parent\" data-id=\"daef6c8\" data-element_type=\"container\" data-e-type=\"container\" data-settings=\"{&quot;ekit_has_onepagescroll_dot&quot;:&quot;yes&quot;}\">\n\t\t\t\t<div class=\"elementor-element elementor-element-52ddb61 elementor-widget elementor-widget-heading\" data-id=\"52ddb61\" data-element_type=\"widget\" data-e-type=\"widget\" data-settings=\"{&quot;ekit_we_effect_on&quot;:&quot;none&quot;}\" data-widget_type=\"heading.default\">\n\t\t\t\t<div class=\"elementor-widget-container\">\n\t\t\t\t\t<h2 class=\"elementor-heading-title elementor-size-default\">Solicitud<\/h2>\t\t\t\t<\/div>\n\t\t\t\t<\/div>\n\t\t\t\t<div class=\"elementor-element elementor-element-ac1034b elementor-widget elementor-widget-text-editor\" data-id=\"ac1034b\" data-element_type=\"widget\" data-e-type=\"widget\" data-settings=\"{&quot;ekit_we_effect_on&quot;:&quot;none&quot;}\" data-widget_type=\"text-editor.default\">\n\t\t\t\t<div class=\"elementor-widget-container\">\n\t\t\t\t\t\t\t\t\t<p><span style=\"color: #000000\">Regulaci\u00f3n de presi\u00f3n de tuber\u00edas:<\/span><br \/><span style=\"color: #000000\">Regula la presi\u00f3n en los sistemas de tuber\u00edas de vapor y gas, as\u00ed como ajusta la presi\u00f3n del agua en los sistemas de suministro para garantizar un funcionamiento seguro, estable y eficiente.<\/span><br \/><span style=\"color: #000000\">Equipos industriales:<\/span><br \/><span style=\"color: #000000\">Proporcionar una presi\u00f3n media estable para todo tipo de equipos industriales para garantizar el proceso de producci\u00f3n normal.<\/span><br \/><span style=\"color: #000000\">Industria qu\u00edmica:<\/span><br \/><span style=\"color: #000000\">Regula la presi\u00f3n en reactores qu\u00edmicos y tanques de almacenamiento para garantizar procesos de producci\u00f3n seguros y estables.<\/span><br \/><span style=\"color: #000000\">Industria petroqu\u00edmica:<\/span><br \/><span style=\"color: #000000\">Maneja presiones y temperaturas extremas durante el refinado y procesamiento de petr\u00f3leo para proteger los equipos y los sistemas de almacenamiento.<\/span><br \/><span style=\"color: #000000\">Industria minera del carb\u00f3n:<\/span><br \/><span style=\"color: #000000\">Mantiene niveles de presi\u00f3n seguros en los sistemas de ventilaci\u00f3n, procesamiento y transporte dentro del sector de la miner\u00eda del carb\u00f3n.<\/span><br \/><span style=\"color: #000000\">Industria de generaci\u00f3n de energ\u00eda:<\/span><br \/><span style=\"color: #000000\">Ajusta y estabiliza el vapor de alta presi\u00f3n en calderas y turbinas para garantizar el funcionamiento seguro de las instalaciones de generaci\u00f3n de energ\u00eda.<\/span><br \/><span style=\"color: #000000\">Industria farmac\u00e9utica:<\/span><br \/><span style=\"color: #000000\">Regula la presi\u00f3n en los equipos de producci\u00f3n para garantizar la estabilidad y la seguridad durante todo el proceso de fabricaci\u00f3n farmac\u00e9utica.<\/span><br \/><span style=\"color: #000000\">Industria de alimentos y bebidas:<\/span><br \/><span style=\"color: #000000\">Gestiona la presi\u00f3n en los procesos de producci\u00f3n de alimentos y bebidas para respaldar la eficiencia operativa y garantizar la calidad del producto.<\/span><\/p>\t\t\t\t\t\t\t\t<\/div>\n\t\t\t\t<\/div>\n\t\t\t\t<\/div>\n\t\t\t\t<\/div>","protected":false},"excerpt":{"rendered":"<p><span style=\"color: #000000\">La v\u00e1lvula reductora de presi\u00f3n con brida de acero inoxidable es un dispositivo de control de pist\u00f3n operado por piloto que se utiliza para reducir y estabilizar la presi\u00f3n en un sistema para garantizar el funcionamiento seguro de los equipos y sistemas. Est\u00e1 dise\u00f1ada para agua, aire comprimido, gases neutros y l\u00edquidos no viscosos hasta 95 \u00b0C. La v\u00e1lvula se utiliza principalmente en l\u00edneas de vapor y es particularmente adecuada para entornos con caudales altos y que cambian con frecuencia y fluctuaciones significativas en la presi\u00f3n de entrada.<\/span><\/p>\n<p><span style=\"color: #000000\">Esta v\u00e1lvula reductora de presi\u00f3n tiene un dise\u00f1o de pist\u00f3n con equilibrio de presi\u00f3n y un par de arranque bajo, lo que permite un funcionamiento estable bajo presiones de entrada y caudales fluctuantes, y regula una presi\u00f3n de entrada m\u00e1s alta a una presi\u00f3n de salida m\u00e1s baja constante. Su dise\u00f1o de gu\u00eda sim\u00e9trico rotacionalmente y su secci\u00f3n transversal anular garantizan un excelente rendimiento operativo. El cuerpo de la v\u00e1lvula est\u00e1 hecho de una capa de bronce micromaquinada, que es resistente al desgaste, resistente a la corrosi\u00f3n e impermeable. El funcionamiento controlado se logra mediante la presi\u00f3n diferencial del propio medio, lo que proporciona el par de funcionamiento requerido. Equipado con una palanca de peso de doble cojinete para evitar la transferencia de fuerzas del martillo de ca\u00edda a los cojinetes de la v\u00e1lvula. El dise\u00f1o modular del martillo de ca\u00edda se puede personalizar y ajustar para adaptarse a las condiciones de funcionamiento, lo que lo hace adecuado para una amplia gama de escenarios, como tuber\u00edas de gas, tuber\u00edas de vapor y tuber\u00edas de suministro de agua.<\/span><\/p>\n<p><span style=\"color: #000000\">Modelo: V\u00e1lvula reductora de presi\u00f3n<\/span><br \/>\n<span style=\"color: #000000\">Rango de presi\u00f3n: 1,6\uff5e6,4 MPa<\/span><br \/>\n<span style=\"color: #000000\">Material: Acero inoxidable 304\/316<\/span><\/p>\n<p>&nbsp;<\/p>\n<p>&nbsp;<\/p>","protected":false},"featured_media":7157,"template":"","meta":{"site-sidebar-layout":"default","site-content-layout":"","ast-site-content-layout":"default","site-content-style":"default","site-sidebar-style":"default","ast-global-header-display":"","ast-banner-title-visibility":"","ast-main-header-display":"","ast-hfb-above-header-display":"","ast-hfb-below-header-display":"","ast-hfb-mobile-header-display":"","site-post-title":"","ast-breadcrumbs-content":"","ast-featured-img":"","footer-sml-layout":"","ast-disable-related-posts":"","theme-transparent-header-meta":"default","adv-header-id-meta":"","stick-header-meta":"","header-above-stick-meta":"","header-main-stick-meta":"","header-below-stick-meta":"","astra-migrate-meta-layouts":"set","ast-page-background-enabled":"default","ast-page-background-meta":{"desktop":{"background-color":"var(--ast-global-color-4)","background-image":"","background-repeat":"repeat","background-position":"center center","background-size":"auto","background-attachment":"scroll","background-type":"","background-media":"","overlay-type":"","overlay-color":"","overlay-opacity":"","overlay-gradient":""},"tablet":{"background-color":"","background-image":"","background-repeat":"repeat","background-position":"center center","background-size":"auto","background-attachment":"scroll","background-type":"","background-media":"","overlay-type":"","overlay-color":"","overlay-opacity":"","overlay-gradient":""},"mobile":{"background-color":"","background-image":"","background-repeat":"repeat","background-position":"center center","background-size":"auto","background-attachment":"scroll","background-type":"","background-media":"","overlay-type":"","overlay-color":"","overlay-opacity":"","overlay-gradient":""}},"ast-content-background-meta":{"desktop":{"background-color":"var(--ast-global-color-5)","background-image":"","background-repeat":"repeat","background-position":"center center","background-size":"auto","background-attachment":"scroll","background-type":"","background-media":"","overlay-type":"","overlay-color":"","overlay-opacity":"","overlay-gradient":""},"tablet":{"background-color":"var(--ast-global-color-5)","background-image":"","background-repeat":"repeat","background-position":"center center","background-size":"auto","background-attachment":"scroll","background-type":"","background-media":"","overlay-type":"","overlay-color":"","overlay-opacity":"","overlay-gradient":""},"mobile":{"background-color":"var(--ast-global-color-5)","background-image":"","background-repeat":"repeat","background-position":"center center","background-size":"auto","background-attachment":"scroll","background-type":"","background-media":"","overlay-type":"","overlay-color":"","overlay-opacity":"","overlay-gradient":""}}},"product_brand":[],"product_cat":[710,33],"product_tag":[693,695,694,692,468,73,56],"class_list":{"0":"post-6674","1":"product","2":"type-product","3":"status-publish","4":"has-post-thumbnail","6":"product_cat-pressure-reducing-valve","7":"product_cat-products","8":"product_tag-flange-pressure-reducing-valve","9":"product_tag-flange-pressure-reducing-valves","10":"product_tag-flange-valve","11":"product_tag-pressure-reducing-valve","12":"product_tag-stainless-steel-valve","13":"product_tag-valve","14":"product_tag-valves","15":"desktop-align-center","16":"tablet-align-left","17":"mobile-align-left","19":"first","20":"instock","21":"shipping-taxable","22":"product-type-simple"},"_links":{"self":[{"href":"https:\/\/www.delcofluid.com\/es\/wp-json\/wp\/v2\/product\/6674","targetHints":{"allow":["GET"]}}],"collection":[{"href":"https:\/\/www.delcofluid.com\/es\/wp-json\/wp\/v2\/product"}],"about":[{"href":"https:\/\/www.delcofluid.com\/es\/wp-json\/wp\/v2\/types\/product"}],"version-history":[{"count":0,"href":"https:\/\/www.delcofluid.com\/es\/wp-json\/wp\/v2\/product\/6674\/revisions"}],"wp:featuredmedia":[{"embeddable":true,"href":"https:\/\/www.delcofluid.com\/es\/wp-json\/wp\/v2\/media\/7157"}],"wp:attachment":[{"href":"https:\/\/www.delcofluid.com\/es\/wp-json\/wp\/v2\/media?parent=6674"}],"wp:term":[{"taxonomy":"product_brand","embeddable":true,"href":"https:\/\/www.delcofluid.com\/es\/wp-json\/wp\/v2\/product_brand?post=6674"},{"taxonomy":"product_cat","embeddable":true,"href":"https:\/\/www.delcofluid.com\/es\/wp-json\/wp\/v2\/product_cat?post=6674"},{"taxonomy":"product_tag","embeddable":true,"href":"https:\/\/www.delcofluid.com\/es\/wp-json\/wp\/v2\/product_tag?post=6674"}],"curies":[{"name":"wp","href":"https:\/\/api.w.org\/{rel}","templated":true}]}}