{"id":6709,"date":"2024-07-10T04:25:41","date_gmt":"2024-07-10T03:25:41","guid":{"rendered":"https:\/\/www.delcofluid.com\/?post_type=product&#038;p=6709"},"modified":"2024-07-17T07:10:39","modified_gmt":"2024-07-17T06:10:39","slug":"manual-stainless-steel-flange-globe-valve","status":"publish","type":"product","link":"https:\/\/www.delcofluid.com\/es\/producto\/manual-stainless-steel-flange-globe-valve\/","title":{"rendered":"V\u00e1lvula de globo con brida de acero inoxidable manual"},"content":{"rendered":"<div data-elementor-type=\"product-post\" data-elementor-id=\"6709\" class=\"elementor elementor-6709\" data-elementor-post-type=\"product\">\n\t\t\t\t<div class=\"elementor-element elementor-element-6fb59a60 e-con-full e-flex e-con e-parent\" data-id=\"6fb59a60\" data-element_type=\"container\" data-e-type=\"container\" data-settings=\"{&quot;ekit_has_onepagescroll_dot&quot;:&quot;yes&quot;}\">\n\t\t<div class=\"elementor-element elementor-element-b2e102c e-con-full e-flex e-con e-child\" data-id=\"b2e102c\" data-element_type=\"container\" data-e-type=\"container\" data-settings=\"{&quot;ekit_has_onepagescroll_dot&quot;:&quot;yes&quot;}\">\n\t\t\t\t<div class=\"elementor-element elementor-element-4c3cf80 elementor-widget elementor-widget-heading\" data-id=\"4c3cf80\" data-element_type=\"widget\" data-e-type=\"widget\" data-settings=\"{&quot;ekit_we_effect_on&quot;:&quot;none&quot;}\" data-widget_type=\"heading.default\">\n\t\t\t\t<div class=\"elementor-widget-container\">\n\t\t\t\t\t<h2 class=\"elementor-heading-title elementor-size-default\">Caracter\u00edsticas<\/h2>\t\t\t\t<\/div>\n\t\t\t\t<\/div>\n\t\t\t\t<div class=\"elementor-element elementor-element-1af4cc68 elementor-widget__width-initial elementor-widget elementor-widget-text-editor\" data-id=\"1af4cc68\" data-element_type=\"widget\" data-e-type=\"widget\" data-settings=\"{&quot;ekit_we_effect_on&quot;:&quot;none&quot;}\" data-widget_type=\"text-editor.default\">\n\t\t\t\t<div class=\"elementor-widget-container\">\n\t\t\t\t\t\t\t\t\t<ul><li><span style=\"color: #000000\">Estructura simple: El cuerpo de la v\u00e1lvula presenta una forma de barril o aerodin\u00e1mica, lo que garantiza un buen rendimiento de sellado y un f\u00e1cil mantenimiento.<\/span><\/li><li><span style=\"color: #000000\">Buen rendimiento de sellado: La superficie de sellado no es f\u00e1cil de desgastar ni abrasar, la v\u00e1lvula de apertura y cierre y la superficie de sellado del cuerpo de la v\u00e1lvula sin deslizamiento relativo, por lo que hay menos desgaste y abrasi\u00f3n, larga vida \u00fatil.<\/span><\/li><li><span style=\"color: #000000\">Rendimiento a altas temperaturas: adecuado para plantas de energ\u00eda t\u00e9rmica, plantas de energ\u00eda nuclear, sistemas petroqu\u00edmicos y otras tuber\u00edas de alta temperatura y alta presi\u00f3n.<\/span><\/li><li><span style=\"color: #000000\">Varios m\u00e9todos de conducci\u00f3n: Proporciona m\u00e9todos de conducci\u00f3n manuales, con transmisi\u00f3n por engranajes, el\u00e9ctricos, neum\u00e1ticos y otros.<\/span><\/li><li><span style=\"color: #000000\">Apertura y cierre r\u00e1pidos: el recorrido de la v\u00e1lvula es peque\u00f1o, el tiempo de apertura y cierre es corto.<\/span><\/li><li><span style=\"color: #000000\">Diversidad de medios aplicables: Adecuado para agua, vapor, aceite y otros medios.<\/span><\/li><li><span style=\"color: #000000\">Amplia aplicaci\u00f3n: ampliamente utilizado en petr\u00f3leo, productos qu\u00edmicos, farmac\u00e9uticos, energ\u00eda el\u00e9ctrica y otras industrias en tuber\u00edas, se utiliza para cortar o conectar el flujo del medio.<\/span><\/li><\/ul>\t\t\t\t\t\t\t\t<\/div>\n\t\t\t\t<\/div>\n\t\t\t\t<\/div>\n\t\t\t\t<div class=\"elementor-element elementor-element-8e57110 elementor-widget elementor-widget-image\" data-id=\"8e57110\" data-element_type=\"widget\" data-e-type=\"widget\" data-settings=\"{&quot;ekit_we_effect_on&quot;:&quot;none&quot;}\" data-widget_type=\"image.default\">\n\t\t\t\t<div class=\"elementor-widget-container\">\n\t\t\t\t\t\t\t\t\t\t\t\t\t\t\t<img fetchpriority=\"high\" decoding=\"async\" width=\"1024\" height=\"1024\" src=\"https:\/\/www.delcofluid.com\/wp-content\/uploads\/2024\/07\/4-3-1024x1024.jpg\" class=\"attachment-large size-large wp-image-6715\" alt=\"Flange Globe Valve\" srcset=\"https:\/\/www.delcofluid.com\/wp-content\/uploads\/2024\/07\/4-3-1024x1024.jpg 1024w, https:\/\/www.delcofluid.com\/wp-content\/uploads\/2024\/07\/4-3-300x300.jpg 300w, https:\/\/www.delcofluid.com\/wp-content\/uploads\/2024\/07\/4-3-150x150.jpg 150w, https:\/\/www.delcofluid.com\/wp-content\/uploads\/2024\/07\/4-3-768x768.jpg 768w, https:\/\/www.delcofluid.com\/wp-content\/uploads\/2024\/07\/4-3-1536x1536.jpg 1536w, https:\/\/www.delcofluid.com\/wp-content\/uploads\/2024\/07\/4-3-2048x2048.jpg 2048w, https:\/\/www.delcofluid.com\/wp-content\/uploads\/2024\/07\/4-3-600x600.jpg 600w, https:\/\/www.delcofluid.com\/wp-content\/uploads\/2024\/07\/4-3-100x100.jpg 100w\" sizes=\"(max-width: 1024px) 100vw, 1024px\" \/>\t\t\t\t\t\t\t\t\t\t\t\t\t\t\t<\/div>\n\t\t\t\t<\/div>\n\t\t\t\t<\/div>\n\t\t<div class=\"elementor-element elementor-element-a55eeda e-flex e-con-boxed e-con e-parent\" data-id=\"a55eeda\" data-element_type=\"container\" data-e-type=\"container\" data-settings=\"{&quot;background_background&quot;:&quot;classic&quot;,&quot;ekit_has_onepagescroll_dot&quot;:&quot;yes&quot;}\">\n\t\t\t\t\t<div class=\"e-con-inner\">\n\t\t\t\t<div class=\"elementor-element elementor-element-585e9d9 elementor-widget elementor-widget-heading\" data-id=\"585e9d9\" data-element_type=\"widget\" data-e-type=\"widget\" data-settings=\"{&quot;ekit_we_effect_on&quot;:&quot;none&quot;}\" data-widget_type=\"heading.default\">\n\t\t\t\t<div class=\"elementor-widget-container\">\n\t\t\t\t\t<h2 class=\"elementor-heading-title elementor-size-default\">Par\u00e1metros t\u00e9cnicos<\/h2>\t\t\t\t<\/div>\n\t\t\t\t<\/div>\n\t\t\t\t\t<\/div>\n\t\t\t\t<\/div>\n\t\t<div class=\"elementor-element elementor-element-3414eb9 e-con-full e-flex e-con e-parent\" data-id=\"3414eb9\" data-element_type=\"container\" data-e-type=\"container\" data-settings=\"{&quot;background_background&quot;:&quot;classic&quot;,&quot;ekit_has_onepagescroll_dot&quot;:&quot;yes&quot;}\">\n\t\t\t\t<div class=\"elementor-element elementor-element-13df62f elementor-widget__width-initial elementor-widget elementor-widget-text-editor\" data-id=\"13df62f\" data-element_type=\"widget\" data-e-type=\"widget\" data-settings=\"{&quot;ekit_we_effect_on&quot;:&quot;none&quot;}\" data-widget_type=\"text-editor.default\">\n\t\t\t\t<div class=\"elementor-widget-container\">\n\t\t\t\t\t\t\t\t\t<p>\u00a0<\/p><table width=\"855\"><tbody><tr><td width=\"159\">Rango de tallas:<\/td><td width=\"205\">1\/2\u2033 a 8\u2033<\/td><td width=\"146\">Material:<\/td><td width=\"345\">WCB, acero inoxidable<\/td><\/tr><tr><td width=\"159\">Rango de presi\u00f3n:<\/td><td>\u00a01,6 MPa<\/td><td width=\"146\">Fuerza:<\/td><td width=\"345\">Manejar<\/td><\/tr><tr><td width=\"159\">Garant\u00eda:<\/td><td width=\"205\">12 polillas<\/td><td width=\"146\">Cuerpo:<\/td><td width=\"345\">Acero inoxidable<\/td><\/tr><tr><td width=\"159\">Est\u00e1ndar de fabricaci\u00f3n y dise\u00f1o:<\/td><td width=\"205\">GB, DIN, ANSI, etc.<\/td><td width=\"146\">Medios aplicables:<\/td><td width=\"345\">Agua, vapor, aceite, etc.<\/td><\/tr><\/tbody><\/table>\t\t\t\t\t\t\t\t<\/div>\n\t\t\t\t<\/div>\n\t\t\t\t<\/div>\n\t\t<div class=\"elementor-element elementor-element-daef6c8 e-con-full e-flex e-con e-parent\" data-id=\"daef6c8\" data-element_type=\"container\" data-e-type=\"container\" data-settings=\"{&quot;ekit_has_onepagescroll_dot&quot;:&quot;yes&quot;}\">\n\t\t\t\t<div class=\"elementor-element elementor-element-52ddb61 elementor-widget elementor-widget-heading\" data-id=\"52ddb61\" data-element_type=\"widget\" data-e-type=\"widget\" data-settings=\"{&quot;ekit_we_effect_on&quot;:&quot;none&quot;}\" data-widget_type=\"heading.default\">\n\t\t\t\t<div class=\"elementor-widget-container\">\n\t\t\t\t\t<h2 class=\"elementor-heading-title elementor-size-default\">Solicitud<\/h2>\t\t\t\t<\/div>\n\t\t\t\t<\/div>\n\t\t\t\t<div class=\"elementor-element elementor-element-ac1034b elementor-widget elementor-widget-text-editor\" data-id=\"ac1034b\" data-element_type=\"widget\" data-e-type=\"widget\" data-settings=\"{&quot;ekit_we_effect_on&quot;:&quot;none&quot;}\" data-widget_type=\"text-editor.default\">\n\t\t\t\t<div class=\"elementor-widget-container\">\n\t\t\t\t\t\t\t\t\t<p><strong>Agua<\/strong><b> Distribuci\u00f3n:<\/b><br \/>Sistemas generales de suministro de agua: garantizan una distribuci\u00f3n confiable de agua municipal y rural; Sistemas de riego: gestionan el flujo de agua eficiente para el riego agr\u00edcola.<br \/><strong>Procesamiento qu\u00edmico Fabricaci\u00f3n de productos qu\u00edmicos<\/strong>: <br \/>Gestiona el flujo de productos qu\u00edmicos durante la producci\u00f3n; Almacenamiento y transferencia de productos qu\u00edmicos: garantiza la transferencia y el almacenamiento seguros de productos qu\u00edmicos.<br \/><b>Regulaci\u00f3n del vapor<\/b><br \/>Calderas industriales: controlan el flujo de vapor para optimizar el rendimiento de la caldera; Sistemas HVAC: regulan el vapor para calefacci\u00f3n y refrigeraci\u00f3n en varios edificios.<br \/><b>Refinaci\u00f3n de petr\u00f3leo <\/b><br \/>Procesos de refinaci\u00f3n de petr\u00f3leo: supervisa el flujo de petr\u00f3leo crudo y productos refinados en el proceso de refinaci\u00f3n; Operaciones petroqu\u00edmicas: gestiona el flujo para una producci\u00f3n petroqu\u00edmica eficiente.<br \/><b>Producci\u00f3n farmac\u00e9utica <\/b><br \/>Formulaci\u00f3n y fabricaci\u00f3n de medicamentos: mantiene altos est\u00e1ndares de higiene e integridad de fluidos; Procesos de control de calidad: gestiona el flujo de fluidos para realizar pruebas farmac\u00e9uticas precisas.<br \/><b>Generaci\u00f3n de energ\u00eda <\/b><br \/>Centrales el\u00e9ctricas de carb\u00f3n: regulan el flujo de vapor para una generaci\u00f3n de energ\u00eda eficaz; Centrales nucleares: gestionan el flujo de vapor y refrigerante para garantizar la seguridad del reactor.<\/p>\t\t\t\t\t\t\t\t<\/div>\n\t\t\t\t<\/div>\n\t\t\t\t<\/div>\n\t\t\t\t<\/div>","protected":false},"excerpt":{"rendered":"<p><span style=\"color: #000000\">La v\u00e1lvula de globo con brida manual tiene una estructura simple y es f\u00e1cil de mantener. Tiene una carrera corta y una apertura y cierre r\u00e1pidos, con un excelente rendimiento de sellado y baja fricci\u00f3n entre las superficies de sellado, lo que garantiza una larga vida \u00fatil. El cuerpo de la v\u00e1lvula tiene una forma de barril o aerodin\u00e1mica, con un dise\u00f1o de flujo recto que ofrece una baja resistencia al fluido.<\/span><br \/>\n<span style=\"color: #000000\">El disco de la v\u00e1lvula de globo manual se mueve a lo largo de la l\u00ednea central del asiento de la v\u00e1lvula. El cambio en la apertura del asiento de la v\u00e1lvula es proporcional a la carrera del disco de la v\u00e1lvula. El v\u00e1stago de la v\u00e1lvula tiene una carrera relativamente corta para abrir o cerrar, lo que proporciona una funci\u00f3n de cierre confiable. Es muy adecuada para la regulaci\u00f3n del flujo. Esta v\u00e1lvula se usa ampliamente en sistemas que requieren control de flujo y alto rendimiento de sellado, como ventilaci\u00f3n en puntos altos y drenaje en puntos bajos.<\/span><br \/>\n<span style=\"color: #000000\">La v\u00e1lvula es adecuada para el suministro de agua, productos qu\u00edmicos, aire, aceite lubricante y otros servicios donde la ca\u00edda de presi\u00f3n no es un problema. Su gran di\u00e1metro y sus superficies de sellado duraderas garantizan un desgaste m\u00ednimo, sin deslizamiento relativo durante la apertura y el cierre, lo que da como resultado una larga vida \u00fatil. Es ideal para entornos con altos requisitos de higiene y resistencia a la corrosi\u00f3n.<\/span><\/p>\n<p><span style=\"color: #000000\">Modelo: V\u00e1lvula de globo<\/span><br \/>\n<span style=\"color: #000000\">Rango de tama\u00f1o: 1\/2\u2033 a 8\u2033<\/span><br \/>\n<span style=\"color: #000000\">Rango de presi\u00f3n: 1,6 MPa<\/span><br \/>\n<span style=\"color: #000000\">Material: WCB, acero inoxidable<\/span><\/p>\n<p>&nbsp;<\/p>","protected":false},"featured_media":7154,"template":"","meta":{"site-sidebar-layout":"default","site-content-layout":"","ast-site-content-layout":"default","site-content-style":"default","site-sidebar-style":"default","ast-global-header-display":"","ast-banner-title-visibility":"","ast-main-header-display":"","ast-hfb-above-header-display":"","ast-hfb-below-header-display":"","ast-hfb-mobile-header-display":"","site-post-title":"","ast-breadcrumbs-content":"","ast-featured-img":"","footer-sml-layout":"","ast-disable-related-posts":"","theme-transparent-header-meta":"default","adv-header-id-meta":"","stick-header-meta":"","header-above-stick-meta":"","header-main-stick-meta":"","header-below-stick-meta":"","astra-migrate-meta-layouts":"set","ast-page-background-enabled":"default","ast-page-background-meta":{"desktop":{"background-color":"var(--ast-global-color-4)","background-image":"","background-repeat":"repeat","background-position":"center center","background-size":"auto","background-attachment":"scroll","background-type":"","background-media":"","overlay-type":"","overlay-color":"","overlay-opacity":"","overlay-gradient":""},"tablet":{"background-color":"","background-image":"","background-repeat":"repeat","background-position":"center center","background-size":"auto","background-attachment":"scroll","background-type":"","background-media":"","overlay-type":"","overlay-color":"","overlay-opacity":"","overlay-gradient":""},"mobile":{"background-color":"","background-image":"","background-repeat":"repeat","background-position":"center center","background-size":"auto","background-attachment":"scroll","background-type":"","background-media":"","overlay-type":"","overlay-color":"","overlay-opacity":"","overlay-gradient":""}},"ast-content-background-meta":{"desktop":{"background-color":"var(--ast-global-color-5)","background-image":"","background-repeat":"repeat","background-position":"center center","background-size":"auto","background-attachment":"scroll","background-type":"","background-media":"","overlay-type":"","overlay-color":"","overlay-opacity":"","overlay-gradient":""},"tablet":{"background-color":"var(--ast-global-color-5)","background-image":"","background-repeat":"repeat","background-position":"center center","background-size":"auto","background-attachment":"scroll","background-type":"","background-media":"","overlay-type":"","overlay-color":"","overlay-opacity":"","overlay-gradient":""},"mobile":{"background-color":"var(--ast-global-color-5)","background-image":"","background-repeat":"repeat","background-position":"center center","background-size":"auto","background-attachment":"scroll","background-type":"","background-media":"","overlay-type":"","overlay-color":"","overlay-opacity":"","overlay-gradient":""}}},"product_brand":[],"product_cat":[707,116,33],"product_tag":[696,698,555,621,697,699,73,56],"class_list":{"0":"post-6709","1":"product","2":"type-product","3":"status-publish","4":"has-post-thumbnail","6":"product_cat-manual-globe-valve","7":"product_cat-manual-valves","8":"product_cat-products","9":"product_tag-flange-globe-valve","10":"product_tag-flange-globe-valves","11":"product_tag-globe-valve","12":"product_tag-manual-globe-valve","13":"product_tag-stainless-steel-flange-globe-valve","14":"product_tag-stainless-steel-flange-globe-valves","15":"product_tag-valve","16":"product_tag-valves","17":"desktop-align-center","18":"tablet-align-left","19":"mobile-align-left","21":"first","22":"instock","23":"shipping-taxable","24":"product-type-simple"},"_links":{"self":[{"href":"https:\/\/www.delcofluid.com\/es\/wp-json\/wp\/v2\/product\/6709","targetHints":{"allow":["GET"]}}],"collection":[{"href":"https:\/\/www.delcofluid.com\/es\/wp-json\/wp\/v2\/product"}],"about":[{"href":"https:\/\/www.delcofluid.com\/es\/wp-json\/wp\/v2\/types\/product"}],"version-history":[{"count":0,"href":"https:\/\/www.delcofluid.com\/es\/wp-json\/wp\/v2\/product\/6709\/revisions"}],"wp:featuredmedia":[{"embeddable":true,"href":"https:\/\/www.delcofluid.com\/es\/wp-json\/wp\/v2\/media\/7154"}],"wp:attachment":[{"href":"https:\/\/www.delcofluid.com\/es\/wp-json\/wp\/v2\/media?parent=6709"}],"wp:term":[{"taxonomy":"product_brand","embeddable":true,"href":"https:\/\/www.delcofluid.com\/es\/wp-json\/wp\/v2\/product_brand?post=6709"},{"taxonomy":"product_cat","embeddable":true,"href":"https:\/\/www.delcofluid.com\/es\/wp-json\/wp\/v2\/product_cat?post=6709"},{"taxonomy":"product_tag","embeddable":true,"href":"https:\/\/www.delcofluid.com\/es\/wp-json\/wp\/v2\/product_tag?post=6709"}],"curies":[{"name":"wp","href":"https:\/\/api.w.org\/{rel}","templated":true}]}}