{"id":6732,"date":"2024-07-10T08:29:30","date_gmt":"2024-07-10T07:29:30","guid":{"rendered":"https:\/\/www.delcofluid.com\/?post_type=product&#038;p=6732"},"modified":"2025-02-28T01:05:29","modified_gmt":"2025-02-28T01:05:29","slug":"manual-stainless-steel-flange-gate-valve-with-handwheel","status":"publish","type":"product","link":"https:\/\/www.delcofluid.com\/es\/producto\/manual-stainless-steel-flange-gate-valve-with-handwheel\/","title":{"rendered":"V\u00e1lvula de compuerta manual con brida de acero inoxidable y volante"},"content":{"rendered":"<div data-elementor-type=\"product-post\" data-elementor-id=\"6732\" class=\"elementor elementor-6732\" data-elementor-post-type=\"product\">\n\t\t\t\t<div class=\"elementor-element elementor-element-6fb59a60 e-con-full e-flex e-con e-parent\" data-id=\"6fb59a60\" data-element_type=\"container\" data-e-type=\"container\" data-settings=\"{&quot;ekit_has_onepagescroll_dot&quot;:&quot;yes&quot;}\">\n\t\t<div class=\"elementor-element elementor-element-b2e102c e-con-full e-flex e-con e-child\" data-id=\"b2e102c\" data-element_type=\"container\" data-e-type=\"container\" data-settings=\"{&quot;ekit_has_onepagescroll_dot&quot;:&quot;yes&quot;}\">\n\t\t\t\t<div class=\"elementor-element elementor-element-4c3cf80 elementor-widget elementor-widget-heading\" data-id=\"4c3cf80\" data-element_type=\"widget\" data-e-type=\"widget\" data-settings=\"{&quot;ekit_we_effect_on&quot;:&quot;none&quot;}\" data-widget_type=\"heading.default\">\n\t\t\t\t<div class=\"elementor-widget-container\">\n\t\t\t\t\t<h2 class=\"elementor-heading-title elementor-size-default\">Caracter\u00edsticas<\/h2>\t\t\t\t<\/div>\n\t\t\t\t<\/div>\n\t\t\t\t<div class=\"elementor-element elementor-element-1af4cc68 elementor-widget__width-initial elementor-widget elementor-widget-text-editor\" data-id=\"1af4cc68\" data-element_type=\"widget\" data-e-type=\"widget\" data-settings=\"{&quot;ekit_we_effect_on&quot;:&quot;none&quot;}\" data-widget_type=\"text-editor.default\">\n\t\t\t\t<div class=\"elementor-widget-container\">\n\t\t\t\t\t\t\t\t\t<ul><li><span style=\"color: #000000\">Rendimiento de sellado excepcional: logra casi cero fugas cuando est\u00e1 completamente cerrado, lo que garantiza la confiabilidad del control del fluido.<\/span><\/li><li><span style=\"color: #000000\">Alta capacidad de flujo: cuando est\u00e1 completamente abierta, la v\u00e1lvula ofrece una resistencia m\u00ednima al flujo de fluido, lo que mejora la eficiencia general del sistema.<\/span><\/li><li><span style=\"color: #000000\">Presi\u00f3n m\u00ednima: el dise\u00f1o garantiza una ca\u00edda de presi\u00f3n m\u00ednima durante el funcionamiento, lo que es crucial para mantener la eficiencia del sistema.<\/span><\/li><li><span style=\"color: #000000\">Capacidad de flujo bidireccional: la mayor\u00eda de las v\u00e1lvulas de compuerta se pueden usar en cualquier direcci\u00f3n, lo que proporciona flexibilidad para diversas configuraciones de tuber\u00edas.<\/span><\/li><li><span style=\"color: #000000\">Adecuaci\u00f3n a altas presiones y altas temperaturas: dise\u00f1ado espec\u00edficamente para soportar condiciones de alta presi\u00f3n y alta temperatura, lo que garantiza un rendimiento confiable en entornos extremos.<\/span><\/li><li><span style=\"color: #000000\">Bajos requisitos de mantenimiento: el dise\u00f1o reduce el desgaste y el potencial de fallas, lo que genera menores necesidades de mantenimiento y ahorros de costos a largo plazo.<\/span><\/li><li><span style=\"color: #000000\">Mecanismo de movimiento lineal: utiliza un mecanismo de movimiento lineal para lograr la apertura o el cierre completo del flujo de fluido, con una resistencia m\u00ednima cuando la v\u00e1lvula est\u00e1 completamente abierta.<\/span><\/li><\/ul>\t\t\t\t\t\t\t\t<\/div>\n\t\t\t\t<\/div>\n\t\t\t\t<\/div>\n\t\t\t\t<div class=\"elementor-element elementor-element-8e57110 elementor-widget elementor-widget-image\" data-id=\"8e57110\" data-element_type=\"widget\" data-e-type=\"widget\" data-settings=\"{&quot;ekit_we_effect_on&quot;:&quot;none&quot;}\" data-widget_type=\"image.default\">\n\t\t\t\t<div class=\"elementor-widget-container\">\n\t\t\t\t\t\t\t\t\t\t\t\t\t\t\t<img fetchpriority=\"high\" decoding=\"async\" width=\"1024\" height=\"1024\" src=\"https:\/\/www.delcofluid.com\/wp-content\/uploads\/2024\/07\/z4-1024x1024.jpg\" class=\"attachment-large size-large wp-image-6746\" alt=\"Gate Valve\" srcset=\"https:\/\/www.delcofluid.com\/wp-content\/uploads\/2024\/07\/z4-1024x1024.jpg 1024w, https:\/\/www.delcofluid.com\/wp-content\/uploads\/2024\/07\/z4-300x300.jpg 300w, https:\/\/www.delcofluid.com\/wp-content\/uploads\/2024\/07\/z4-150x150.jpg 150w, https:\/\/www.delcofluid.com\/wp-content\/uploads\/2024\/07\/z4-768x768.jpg 768w, https:\/\/www.delcofluid.com\/wp-content\/uploads\/2024\/07\/z4-1536x1536.jpg 1536w, https:\/\/www.delcofluid.com\/wp-content\/uploads\/2024\/07\/z4-2048x2048.jpg 2048w, https:\/\/www.delcofluid.com\/wp-content\/uploads\/2024\/07\/z4-600x600.jpg 600w, https:\/\/www.delcofluid.com\/wp-content\/uploads\/2024\/07\/z4-100x100.jpg 100w\" sizes=\"(max-width: 1024px) 100vw, 1024px\" \/>\t\t\t\t\t\t\t\t\t\t\t\t\t\t\t<\/div>\n\t\t\t\t<\/div>\n\t\t\t\t<\/div>\n\t\t<div class=\"elementor-element elementor-element-a55eeda e-flex e-con-boxed e-con e-parent\" data-id=\"a55eeda\" data-element_type=\"container\" data-e-type=\"container\" data-settings=\"{&quot;background_background&quot;:&quot;classic&quot;,&quot;ekit_has_onepagescroll_dot&quot;:&quot;yes&quot;}\">\n\t\t\t\t\t<div class=\"e-con-inner\">\n\t\t\t\t<div class=\"elementor-element elementor-element-585e9d9 elementor-widget elementor-widget-heading\" data-id=\"585e9d9\" data-element_type=\"widget\" data-e-type=\"widget\" data-settings=\"{&quot;ekit_we_effect_on&quot;:&quot;none&quot;}\" data-widget_type=\"heading.default\">\n\t\t\t\t<div class=\"elementor-widget-container\">\n\t\t\t\t\t<h2 class=\"elementor-heading-title elementor-size-default\">Par\u00e1metros t\u00e9cnicos<\/h2>\t\t\t\t<\/div>\n\t\t\t\t<\/div>\n\t\t\t\t\t<\/div>\n\t\t\t\t<\/div>\n\t\t<div class=\"elementor-element elementor-element-3414eb9 e-con-full e-flex e-con e-parent\" data-id=\"3414eb9\" data-element_type=\"container\" data-e-type=\"container\" data-settings=\"{&quot;background_background&quot;:&quot;classic&quot;,&quot;ekit_has_onepagescroll_dot&quot;:&quot;yes&quot;}\">\n\t\t\t\t<div class=\"elementor-element elementor-element-13df62f elementor-widget__width-initial elementor-widget elementor-widget-text-editor\" data-id=\"13df62f\" data-element_type=\"widget\" data-e-type=\"widget\" data-settings=\"{&quot;ekit_we_effect_on&quot;:&quot;none&quot;}\" data-widget_type=\"text-editor.default\">\n\t\t\t\t<div class=\"elementor-widget-container\">\n\t\t\t\t\t\t\t\t\t<table width=\"855\">\n<tbody>\n<tr>\n<td width=\"159\"><span style=\"color: #000000\">Rango de tallas:<\/span><\/td>\n<td width=\"205\"><span style=\"color: #000000\">1&#8243; ~ 24&#8243;<\/span><\/td>\n<td width=\"146\"><span style=\"color: #000000\">Material:<\/span><\/td>\n<td width=\"345\"><span style=\"color: #000000\">Acero inoxidable 316<\/span><\/td>\n<\/tr>\n<tr>\n<td width=\"159\"><span style=\"color: #000000\">Rango de presi\u00f3n:<\/span><\/td>\n<td><span style=\"color: #000000\">&nbsp;1,6 a 10 MPa<\/span><\/td>\n<td width=\"146\"><span style=\"color: #000000\">Fuerza:<\/span><\/td>\n<td width=\"345\"><span style=\"color: #000000\">Manejar<\/span><\/td>\n<\/tr>\n<tr>\n<td width=\"159\"><span style=\"color: #000000\">Garant\u00eda:<\/span><\/td>\n<td width=\"205\"><span style=\"color: #000000\">12 polillas<\/span><\/td>\n<td width=\"146\"><span style=\"color: #000000\">Cuerpo:<\/span><\/td>\n<td width=\"345\"><span style=\"color: #000000\">Acero inoxidable<\/span><\/td>\n<\/tr>\n<tr>\n<td width=\"159\"><span style=\"color: #000000\">Cu\u00f1a:<\/span><\/td>\n<td width=\"205\"><span style=\"color: #000000\">Acero inoxidable<\/span><\/td>\n<td width=\"146\"><span style=\"color: #000000\">Medios aplicables:<\/span><\/td>\n<td width=\"345\"><span style=\"color: #000000\">Agua, vapor, aceite, etc.<\/span><\/td>\n<\/tr>\n<\/tbody>\n<\/table>\t\t\t\t\t\t\t\t<\/div>\n\t\t\t\t<\/div>\n\t\t\t\t<\/div>\n\t\t<div class=\"elementor-element elementor-element-daef6c8 e-con-full e-flex e-con e-parent\" data-id=\"daef6c8\" data-element_type=\"container\" data-e-type=\"container\" data-settings=\"{&quot;ekit_has_onepagescroll_dot&quot;:&quot;yes&quot;}\">\n\t\t\t\t<div class=\"elementor-element elementor-element-52ddb61 elementor-widget elementor-widget-heading\" data-id=\"52ddb61\" data-element_type=\"widget\" data-e-type=\"widget\" data-settings=\"{&quot;ekit_we_effect_on&quot;:&quot;none&quot;}\" data-widget_type=\"heading.default\">\n\t\t\t\t<div class=\"elementor-widget-container\">\n\t\t\t\t\t<h2 class=\"elementor-heading-title elementor-size-default\">Solicitud<\/h2>\t\t\t\t<\/div>\n\t\t\t\t<\/div>\n\t\t\t\t<div class=\"elementor-element elementor-element-ac1034b elementor-widget elementor-widget-text-editor\" data-id=\"ac1034b\" data-element_type=\"widget\" data-e-type=\"widget\" data-settings=\"{&quot;ekit_we_effect_on&quot;:&quot;none&quot;}\" data-widget_type=\"text-editor.default\">\n\t\t\t\t<div class=\"elementor-widget-container\">\n\t\t\t\t\t\t\t\t\t<p><span style=\"color: #000000\">Petr\u00f3leo y gas:<\/span><br \/><span style=\"color: #000000\">Adecuado para controlar el flujo de petr\u00f3leo en oleoductos y utilizado en refiner\u00edas y plantas de procesamiento de petr\u00f3leo.<\/span><br \/><span style=\"color: #000000\">Industria qu\u00edmica: <\/span><br \/><span style=\"color: #000000\">Se aplica en plantas de procesamiento qu\u00edmico para controlar diversos flujos de fluidos, garantizando un manejo seguro y eficiente de productos qu\u00edmicos.<\/span><br \/><span style=\"color: #000000\">Centrales t\u00e9rmicas:<\/span><br \/><span style=\"color: #000000\">Se utiliza en tuber\u00edas de vapor para un control de flujo eficiente, garantizando un funcionamiento confiable bajo alta presi\u00f3n y alta temperatura.<\/span><br \/><span style=\"color: #000000\">Tratamiento de agua: <\/span><br \/><span style=\"color: #000000\">Se utiliza en sistemas de suministro de agua para controlar el flujo de agua, ideal tanto para procesos de tratamiento de agua limpia como de aguas residuales.<\/span><\/p>\t\t\t\t\t\t\t\t<\/div>\n\t\t\t\t<\/div>\n\t\t\t\t<\/div>\n\t\t\t\t<\/div>","protected":false},"excerpt":{"rendered":"<p><span style=\"color: #000000\">Las v\u00e1lvulas de compuerta, tambi\u00e9n conocidas como v\u00e1lvulas de compuerta o v\u00e1lvulas de compuerta, son compactas y bien dise\u00f1adas con un dise\u00f1o de sello de asiento resistente. El v\u00e1stago de la v\u00e1lvula est\u00e1 templado y la superficie nitrurada para una excelente resistencia a la corrosi\u00f3n, la abrasi\u00f3n y el desgaste.<\/span><\/p>\n<p><span style=\"color: #000000\">Adoptando una estructura de compuerta resiliente de tipo cu\u00f1a, es adecuada para v\u00e1lvulas de calibre mediano y grande, y est\u00e1 equipada con cojinete de empuje, que tiene baja fricci\u00f3n, y est\u00e1 equipada con volante de impacto, lo que facilita su apertura y cierre. La v\u00e1lvula tiene buena rigidez, paso suave, bajo coeficiente de resistencia al flujo, sellado confiable y operaci\u00f3n flexible. La apertura y el cierre se controlan levantando y bajando la compuerta, que es perpendicular a la direcci\u00f3n del fluido, y el tama\u00f1o del canal se cambia ajustando la posici\u00f3n relativa entre la compuerta y el asiento de la v\u00e1lvula. La ca\u00edda de presi\u00f3n durante el funcionamiento es muy peque\u00f1a, adecuada para aplicaciones de alta presi\u00f3n y alta temperatura, larga vida \u00fatil, bajos requisitos de mantenimiento, ampliamente utilizada en petr\u00f3leo, qu\u00edmica, plantas de energ\u00eda t\u00e9rmica y otras industrias.<\/span><\/p>\n<p><span style=\"color: #000000\">Modelo: V\u00e1lvula de compuerta manual<\/span><br \/>\n<span style=\"color: #000000\">Rango de tama\u00f1o: 1\u2033 ~ 40\u2033<\/span><br \/>\n<span style=\"color: #000000\">Rango de presi\u00f3n: 1,6 MPa a 10 MPa<\/span><br \/>\n<span style=\"color: #000000\">Material: Acero inoxidable 304\/316<\/span><\/p>\n<p>&nbsp;<\/p>","protected":false},"featured_media":7145,"template":"","meta":{"site-sidebar-layout":"default","site-content-layout":"","ast-site-content-layout":"default","site-content-style":"default","site-sidebar-style":"default","ast-global-header-display":"","ast-banner-title-visibility":"","ast-main-header-display":"","ast-hfb-above-header-display":"","ast-hfb-below-header-display":"","ast-hfb-mobile-header-display":"","site-post-title":"","ast-breadcrumbs-content":"","ast-featured-img":"","footer-sml-layout":"","ast-disable-related-posts":"","theme-transparent-header-meta":"default","adv-header-id-meta":"","stick-header-meta":"","header-above-stick-meta":"","header-main-stick-meta":"","header-below-stick-meta":"","astra-migrate-meta-layouts":"set","ast-page-background-enabled":"default","ast-page-background-meta":{"desktop":{"background-color":"var(--ast-global-color-4)","background-image":"","background-repeat":"repeat","background-position":"center center","background-size":"auto","background-attachment":"scroll","background-type":"","background-media":"","overlay-type":"","overlay-color":"","overlay-opacity":"","overlay-gradient":""},"tablet":{"background-color":"","background-image":"","background-repeat":"repeat","background-position":"center center","background-size":"auto","background-attachment":"scroll","background-type":"","background-media":"","overlay-type":"","overlay-color":"","overlay-opacity":"","overlay-gradient":""},"mobile":{"background-color":"","background-image":"","background-repeat":"repeat","background-position":"center center","background-size":"auto","background-attachment":"scroll","background-type":"","background-media":"","overlay-type":"","overlay-color":"","overlay-opacity":"","overlay-gradient":""}},"ast-content-background-meta":{"desktop":{"background-color":"var(--ast-global-color-5)","background-image":"","background-repeat":"repeat","background-position":"center center","background-size":"auto","background-attachment":"scroll","background-type":"","background-media":"","overlay-type":"","overlay-color":"","overlay-opacity":"","overlay-gradient":""},"tablet":{"background-color":"var(--ast-global-color-5)","background-image":"","background-repeat":"repeat","background-position":"center center","background-size":"auto","background-attachment":"scroll","background-type":"","background-media":"","overlay-type":"","overlay-color":"","overlay-opacity":"","overlay-gradient":""},"mobile":{"background-color":"var(--ast-global-color-5)","background-image":"","background-repeat":"repeat","background-position":"center center","background-size":"auto","background-attachment":"scroll","background-type":"","background-media":"","overlay-type":"","overlay-color":"","overlay-opacity":"","overlay-gradient":""}}},"product_brand":[],"product_cat":[731,116,33],"product_tag":[561,700,560,702,701,73,56],"class_list":{"0":"post-6732","1":"product","2":"type-product","3":"status-publish","4":"has-post-thumbnail","6":"product_cat-manual-gate-valve","7":"product_cat-manual-valves","8":"product_cat-products","9":"product_tag-gate-valve","10":"product_tag-gate-valve-with-handwheel","11":"product_tag-gate-valves","12":"product_tag-manual-flange-gate-valve","13":"product_tag-stainless-steel-flange-gate-valve","14":"product_tag-valve","15":"product_tag-valves","16":"desktop-align-center","17":"tablet-align-left","18":"mobile-align-left","20":"first","21":"instock","22":"shipping-taxable","23":"product-type-simple"},"_links":{"self":[{"href":"https:\/\/www.delcofluid.com\/es\/wp-json\/wp\/v2\/product\/6732","targetHints":{"allow":["GET"]}}],"collection":[{"href":"https:\/\/www.delcofluid.com\/es\/wp-json\/wp\/v2\/product"}],"about":[{"href":"https:\/\/www.delcofluid.com\/es\/wp-json\/wp\/v2\/types\/product"}],"version-history":[{"count":0,"href":"https:\/\/www.delcofluid.com\/es\/wp-json\/wp\/v2\/product\/6732\/revisions"}],"wp:featuredmedia":[{"embeddable":true,"href":"https:\/\/www.delcofluid.com\/es\/wp-json\/wp\/v2\/media\/7145"}],"wp:attachment":[{"href":"https:\/\/www.delcofluid.com\/es\/wp-json\/wp\/v2\/media?parent=6732"}],"wp:term":[{"taxonomy":"product_brand","embeddable":true,"href":"https:\/\/www.delcofluid.com\/es\/wp-json\/wp\/v2\/product_brand?post=6732"},{"taxonomy":"product_cat","embeddable":true,"href":"https:\/\/www.delcofluid.com\/es\/wp-json\/wp\/v2\/product_cat?post=6732"},{"taxonomy":"product_tag","embeddable":true,"href":"https:\/\/www.delcofluid.com\/es\/wp-json\/wp\/v2\/product_tag?post=6732"}],"curies":[{"name":"wp","href":"https:\/\/api.w.org\/{rel}","templated":true}]}}