{"id":6945,"date":"2024-07-15T03:00:38","date_gmt":"2024-07-15T02:00:38","guid":{"rendered":"https:\/\/www.delcofluid.com\/?post_type=product&#038;p=6945"},"modified":"2024-12-04T09:44:44","modified_gmt":"2024-12-04T09:44:44","slug":"stainless-steel-sanitary-silicone-diaphragm-solenoid-valves-2w-10b","status":"publish","type":"product","link":"https:\/\/www.delcofluid.com\/es\/producto\/stainless-steel-sanitary-silicone-diaphragm-solenoid-valves-2w-10b\/","title":{"rendered":"V\u00e1lvulas solenoides de diafragma de silicona sanitaria de acero inoxidable DELCO - 2W-10B"},"content":{"rendered":"<div data-elementor-type=\"product-post\" data-elementor-id=\"6945\" class=\"elementor elementor-6945\" data-elementor-post-type=\"product\">\n\t\t\t\t<div class=\"elementor-element elementor-element-d687e8c e-con-full e-flex e-con e-parent\" data-id=\"d687e8c\" data-element_type=\"container\" data-e-type=\"container\" data-settings=\"{&quot;ekit_has_onepagescroll_dot&quot;:&quot;yes&quot;}\">\n\t\t<div class=\"elementor-element elementor-element-af28963 e-con-full e-flex e-con e-child\" data-id=\"af28963\" data-element_type=\"container\" data-e-type=\"container\" data-settings=\"{&quot;ekit_has_onepagescroll_dot&quot;:&quot;yes&quot;}\">\n\t\t\t\t<div class=\"elementor-element elementor-element-d09385f elementor-widget elementor-widget-heading\" data-id=\"d09385f\" data-element_type=\"widget\" data-e-type=\"widget\" data-settings=\"{&quot;ekit_we_effect_on&quot;:&quot;none&quot;}\" data-widget_type=\"heading.default\">\n\t\t\t\t<div class=\"elementor-widget-container\">\n\t\t\t\t\t<h2 class=\"elementor-heading-title elementor-size-default\">Aplicaciones de las v\u00e1lvulas solenoides sanitarias:<\/h2>\t\t\t\t<\/div>\n\t\t\t\t<\/div>\n\t\t\t\t<div class=\"elementor-element elementor-element-12e21a0 elementor-widget__width-initial elementor-widget elementor-widget-text-editor\" data-id=\"12e21a0\" data-element_type=\"widget\" data-e-type=\"widget\" data-settings=\"{&quot;ekit_we_effect_on&quot;:&quot;none&quot;}\" data-widget_type=\"text-editor.default\">\n\t\t\t\t<div class=\"elementor-widget-container\">\n\t\t\t\t\t\t\t\t\t<p>Las v\u00e1lvulas solenoides sanitarias se utilizan ampliamente en industrias donde la higiene es fundamental, como la de alimentos y bebidas, productos farmac\u00e9uticos, biotecnolog\u00eda y cosm\u00e9ticos. Se emplean en la dosificaci\u00f3n de ingredientes, el llenado de productos, los sistemas CIP (limpieza in situ) y el control de biorreactores. Estas v\u00e1lvulas son esenciales para mantener la integridad de los procesos sanitarios y garantizar el cumplimiento de las estrictas normas regulatorias.<\/p>\t\t\t\t\t\t\t\t<\/div>\n\t\t\t\t<\/div>\n\t\t\t\t<div class=\"elementor-element elementor-element-088f1a6 elementor-widget elementor-widget-heading\" data-id=\"088f1a6\" data-element_type=\"widget\" data-e-type=\"widget\" data-settings=\"{&quot;ekit_we_effect_on&quot;:&quot;none&quot;}\" data-widget_type=\"heading.default\">\n\t\t\t\t<div class=\"elementor-widget-container\">\n\t\t\t\t\t<h2 class=\"elementor-heading-title elementor-size-default\">Ventajas:<\/h2>\t\t\t\t<\/div>\n\t\t\t\t<\/div>\n\t\t\t\t<div class=\"elementor-element elementor-element-d3e9cb5 elementor-widget__width-initial elementor-widget elementor-widget-text-editor\" data-id=\"d3e9cb5\" data-element_type=\"widget\" data-e-type=\"widget\" data-settings=\"{&quot;ekit_we_effect_on&quot;:&quot;none&quot;}\" data-widget_type=\"text-editor.default\">\n\t\t\t\t<div class=\"elementor-widget-container\">\n\t\t\t\t\t\t\t\t\t<p>Las v\u00e1lvulas solenoides sanitarias tienen m\u00faltiples ventajas. Su dise\u00f1o higi\u00e9nico minimiza el riesgo de contaminaci\u00f3n del producto, lo que salvaguarda la calidad y la seguridad de los productos sensibles. Adem\u00e1s, sus capacidades de control precisas optimizan la eficiencia del proceso y reducen el desperdicio de producto. Adem\u00e1s, estas v\u00e1lvulas ofrecen una f\u00e1cil integraci\u00f3n en los sistemas existentes y requieren un mantenimiento m\u00ednimo, lo que contribuye a la confiabilidad operativa general y la rentabilidad.<\/p>\t\t\t\t\t\t\t\t<\/div>\n\t\t\t\t<\/div>\n\t\t\t\t<\/div>\n\t\t<div class=\"elementor-element elementor-element-3ba88f2 e-con-full e-flex e-con e-child\" data-id=\"3ba88f2\" data-element_type=\"container\" data-e-type=\"container\" data-settings=\"{&quot;ekit_has_onepagescroll_dot&quot;:&quot;yes&quot;}\">\n\t\t\t\t<div class=\"elementor-element elementor-element-a34c371 elementor-widget__width-initial elementor-widget elementor-widget-image\" data-id=\"a34c371\" data-element_type=\"widget\" data-e-type=\"widget\" data-settings=\"{&quot;ekit_we_effect_on&quot;:&quot;none&quot;}\" data-widget_type=\"image.default\">\n\t\t\t\t<div class=\"elementor-widget-container\">\n\t\t\t\t\t\t\t\t\t\t\t\t\t\t\t<img fetchpriority=\"high\" decoding=\"async\" width=\"1024\" height=\"1024\" src=\"https:\/\/www.delcofluid.com\/wp-content\/uploads\/2024\/03\/z4-6-1024x1024.jpg\" class=\"attachment-large size-large wp-image-3062\" alt=\"sanitary solenoid valve\" srcset=\"https:\/\/www.delcofluid.com\/wp-content\/uploads\/2024\/03\/z4-6-1024x1024.jpg 1024w, https:\/\/www.delcofluid.com\/wp-content\/uploads\/2024\/03\/z4-6-300x300.jpg 300w, https:\/\/www.delcofluid.com\/wp-content\/uploads\/2024\/03\/z4-6-100x100.jpg 100w, https:\/\/www.delcofluid.com\/wp-content\/uploads\/2024\/03\/z4-6-600x600.jpg 600w, https:\/\/www.delcofluid.com\/wp-content\/uploads\/2024\/03\/z4-6-150x150.jpg 150w, https:\/\/www.delcofluid.com\/wp-content\/uploads\/2024\/03\/z4-6-768x768.jpg 768w, https:\/\/www.delcofluid.com\/wp-content\/uploads\/2024\/03\/z4-6.jpg 1500w\" sizes=\"(max-width: 1024px) 100vw, 1024px\" \/>\t\t\t\t\t\t\t\t\t\t\t\t\t\t\t<\/div>\n\t\t\t\t<\/div>\n\t\t\t\t<\/div>\n\t\t\t\t<\/div>\n\t\t<div class=\"elementor-element elementor-element-15c4c55 e-con-full e-flex e-con e-parent\" data-id=\"15c4c55\" data-element_type=\"container\" data-e-type=\"container\" data-settings=\"{&quot;background_background&quot;:&quot;classic&quot;,&quot;ekit_has_onepagescroll_dot&quot;:&quot;yes&quot;}\">\n\t\t\t\t<div class=\"elementor-element elementor-element-cf7446a elementor-widget elementor-widget-heading\" data-id=\"cf7446a\" data-element_type=\"widget\" data-e-type=\"widget\" data-settings=\"{&quot;ekit_we_effect_on&quot;:&quot;none&quot;}\" data-widget_type=\"heading.default\">\n\t\t\t\t<div class=\"elementor-widget-container\">\n\t\t\t\t\t<h2 class=\"elementor-heading-title elementor-size-default\">Par\u00e1metros t\u00e9cnicos de las v\u00e1lvulas solenoides sanitarias:<\/h2>\t\t\t\t<\/div>\n\t\t\t\t<\/div>\n\t\t\t\t<\/div>\n\t\t<div class=\"elementor-element elementor-element-0b18e32 e-flex e-con-boxed e-con e-parent\" data-id=\"0b18e32\" data-element_type=\"container\" data-e-type=\"container\" data-settings=\"{&quot;ekit_has_onepagescroll_dot&quot;:&quot;yes&quot;}\">\n\t\t\t\t\t<div class=\"e-con-inner\">\n\t\t\t\t<div class=\"elementor-element elementor-element-ffd4484 elementor-widget elementor-widget-text-editor\" data-id=\"ffd4484\" data-element_type=\"widget\" data-e-type=\"widget\" data-settings=\"{&quot;ekit_we_effect_on&quot;:&quot;none&quot;}\" data-widget_type=\"text-editor.default\">\n\t\t\t\t<div class=\"elementor-widget-container\">\n\t\t\t\t\t\t\t\t\t<table style=\"border-collapse: collapse;width: 930.77pt\" border=\"0\" width=\"629\" cellspacing=\"0\" cellpadding=\"0\"><tbody><tr style=\"height: 35.00pt\"><td class=\"et2\" style=\"height: 35.00pt;width: 158.25pt\" width=\"211\" height=\"46\">Rango de tallas<\/td><td class=\"et2\" style=\"width: 313.50pt\" width=\"418\">DN10~DN50 (3\/8\u2033~2\u2033)<\/td><\/tr><tr style=\"height: 35.00pt\"><td class=\"et2\" style=\"height: 35.00pt;width: 158.25pt\" width=\"211\" height=\"46\">Presi\u00f3n nominal<\/td><td class=\"et2\" style=\"width: 313.50pt\" width=\"418\">0 ~ 1,6 MPa<\/td><\/tr><tr style=\"height: 35.00pt\"><td class=\"et2\" style=\"height: 35.00pt;width: 158.25pt\" width=\"211\" height=\"46\">Modo de conmutaci\u00f3n<\/td><td class=\"et2\" style=\"width: 313.50pt\" width=\"418\">Normalmente cerrado, normalmente abierto<\/td><\/tr><tr style=\"height: 35.00pt\"><td class=\"et2\" style=\"height: 35.00pt;width: 158.25pt\" width=\"211\" height=\"46\">Conexi\u00f3n<\/td><td class=\"et2\" style=\"width: 313.50pt\" width=\"418\">Abrazaderas<\/td><\/tr><tr style=\"height: 35.00pt\"><td class=\"et2\" style=\"height: 35.00pt;width: 158.25pt\" width=\"211\" height=\"46\">Material del cuerpo<\/td><td class=\"et2\" style=\"width: 313.50pt\" width=\"418\">Acero inoxidable<\/td><\/tr><tr style=\"height: 35.00pt\"><td class=\"et2\" style=\"height: 35.00pt;width: 158.25pt\" width=\"211\" height=\"46\">Material de sellado<\/td><td class=\"et2\" style=\"width: 313.50pt\" width=\"418\">PTFE, fluoroelast\u00f3mero<\/td><\/tr><tr style=\"height: 35.00pt\"><td class=\"et2\" style=\"height: 35.00pt;width: 158.25pt\" width=\"211\" height=\"46\">Voltaje de la bobina<\/td><td class=\"et2\" style=\"width: 313.50pt\" width=\"418\">CA 110 V\/220 V, CC 12 V\/24 V<\/td><\/tr><tr style=\"height: 35.00pt\"><td class=\"et2\" style=\"height: 35.00pt;width: 158.25pt\" width=\"211\" height=\"46\">Medios aplicables<\/td><td class=\"et2\" style=\"width: 313.50pt\" width=\"418\">Vapor, l\u00edquido, aceite de transferencia de calor (viscosidad \u2264 20 cst)<\/td><\/tr><\/tbody><\/table><p>\u00a0<\/p>\t\t\t\t\t\t\t\t<\/div>\n\t\t\t\t<\/div>\n\t\t\t\t<div class=\"elementor-element elementor-element-fe1154f elementor-widget elementor-widget-heading\" data-id=\"fe1154f\" data-element_type=\"widget\" data-e-type=\"widget\" data-settings=\"{&quot;ekit_we_effect_on&quot;:&quot;none&quot;}\" data-widget_type=\"heading.default\">\n\t\t\t\t<div class=\"elementor-widget-container\">\n\t\t\t\t\t<h2 class=\"elementor-heading-title elementor-size-default\">Conclusi\u00f3n:<\/h2>\t\t\t\t<\/div>\n\t\t\t\t<\/div>\n\t\t\t\t<div class=\"elementor-element elementor-element-472bfac elementor-widget elementor-widget-text-editor\" data-id=\"472bfac\" data-element_type=\"widget\" data-e-type=\"widget\" data-settings=\"{&quot;ekit_we_effect_on&quot;:&quot;none&quot;}\" data-widget_type=\"text-editor.default\">\n\t\t\t\t<div class=\"elementor-widget-container\">\n\t\t\t\t\t\t\t\t\t<p>En conclusi\u00f3n, las v\u00e1lvulas solenoides sanitarias desempe\u00f1an un papel crucial en el mantenimiento de la higiene y la integridad del producto en aplicaciones de manipulaci\u00f3n de fluidos sensibles. Con su dise\u00f1o sanitario, su funcionamiento preciso y su amplia aplicabilidad, estas v\u00e1lvulas son componentes indispensables en industrias donde la pureza del producto es primordial. A medida que los fabricantes sigan priorizando la calidad y el cumplimiento normativo, la demanda de v\u00e1lvulas solenoides sanitarias seguir\u00e1 siendo fuerte, impulsando la innovaci\u00f3n y el avance en la tecnolog\u00eda de control higi\u00e9nico de fluidos.<\/p>\t\t\t\t\t\t\t\t<\/div>\n\t\t\t\t<\/div>\n\t\t\t\t\t<\/div>\n\t\t\t\t<\/div>\n\t\t\t\t<\/div>","protected":false},"excerpt":{"rendered":"<p>Las v\u00e1lvulas solenoides sanitarias son componentes especializados dise\u00f1ados para mantener las condiciones higi\u00e9nicas en los sistemas de manipulaci\u00f3n de fluidos. Dise\u00f1adas para aplicaciones donde la limpieza y la pureza son primordiales, estas v\u00e1lvulas ofrecen un control preciso del flujo de l\u00edquido y gas, al tiempo que minimizan el riesgo de contaminaci\u00f3n. En esta gu\u00eda completa, exploramos las caracter\u00edsticas, los principios operativos, las aplicaciones y las ventajas de las v\u00e1lvulas solenoides sanitarias.<\/p>\n<p>Las v\u00e1lvulas solenoides sanitarias cuentan con un dise\u00f1o sanitario con superficies lisas y espacios muertos m\u00ednimos para evitar la acumulaci\u00f3n de bacterias y facilitar la limpieza. Utilizan tecnolog\u00eda solenoide avanzada para regular el flujo de fluidos, lo que garantiza un procesamiento preciso e higi\u00e9nico en entornos sensibles. Con materiales como acero inoxidable y elast\u00f3meros aprobados por la FDA, estas v\u00e1lvulas ofrecen una excelente resistencia a la corrosi\u00f3n y la exposici\u00f3n a sustancias qu\u00edmicas.<\/p>\n<p><strong>Modelo:<\/strong>\u00a02W10B<br \/>\n<strong>Rango de tallas: <\/strong>3\/8\u201d~2\u201d<br \/>\n<strong>Rango de presi\u00f3n:<\/strong>\u00a00,0 MPa-1,6 MPa<br \/>\n<strong>Material:<\/strong>\u00a0Acero inoxidable 304\/316<\/p>","protected":false},"featured_media":6925,"template":"","meta":{"site-sidebar-layout":"default","site-content-layout":"","ast-site-content-layout":"default","site-content-style":"default","site-sidebar-style":"default","ast-global-header-display":"","ast-banner-title-visibility":"","ast-main-header-display":"","ast-hfb-above-header-display":"","ast-hfb-below-header-display":"","ast-hfb-mobile-header-display":"","site-post-title":"","ast-breadcrumbs-content":"","ast-featured-img":"","footer-sml-layout":"","ast-disable-related-posts":"","theme-transparent-header-meta":"default","adv-header-id-meta":"","stick-header-meta":"","header-above-stick-meta":"","header-main-stick-meta":"","header-below-stick-meta":"","astra-migrate-meta-layouts":"set","ast-page-background-enabled":"default","ast-page-background-meta":{"desktop":{"background-color":"var(--ast-global-color-4)","background-image":"","background-repeat":"repeat","background-position":"center center","background-size":"auto","background-attachment":"scroll","background-type":"","background-media":"","overlay-type":"","overlay-color":"","overlay-opacity":"","overlay-gradient":""},"tablet":{"background-color":"","background-image":"","background-repeat":"repeat","background-position":"center center","background-size":"auto","background-attachment":"scroll","background-type":"","background-media":"","overlay-type":"","overlay-color":"","overlay-opacity":"","overlay-gradient":""},"mobile":{"background-color":"","background-image":"","background-repeat":"repeat","background-position":"center center","background-size":"auto","background-attachment":"scroll","background-type":"","background-media":"","overlay-type":"","overlay-color":"","overlay-opacity":"","overlay-gradient":""}},"ast-content-background-meta":{"desktop":{"background-color":"var(--ast-global-color-5)","background-image":"","background-repeat":"repeat","background-position":"center center","background-size":"auto","background-attachment":"scroll","background-type":"","background-media":"","overlay-type":"","overlay-color":"","overlay-opacity":"","overlay-gradient":""},"tablet":{"background-color":"var(--ast-global-color-5)","background-image":"","background-repeat":"repeat","background-position":"center center","background-size":"auto","background-attachment":"scroll","background-type":"","background-media":"","overlay-type":"","overlay-color":"","overlay-opacity":"","overlay-gradient":""},"mobile":{"background-color":"var(--ast-global-color-5)","background-image":"","background-repeat":"repeat","background-position":"center center","background-size":"auto","background-attachment":"scroll","background-type":"","background-media":"","overlay-type":"","overlay-color":"","overlay-opacity":"","overlay-gradient":""}}},"product_brand":[],"product_cat":[33,711,37],"product_tag":[206,207,158,156,73,56],"class_list":{"0":"post-6945","1":"product","2":"type-product","3":"status-publish","4":"has-post-thumbnail","6":"product_cat-products","7":"product_cat-sanitary-solenoid-valve","8":"product_cat-solenoid-valves","9":"product_tag-sanitary-solenoid-valve","10":"product_tag-sanitary-solenoid-valves","11":"product_tag-solenoid-valve","12":"product_tag-solenoid-valves","13":"product_tag-valve","14":"product_tag-valves","15":"desktop-align-center","16":"tablet-align-left","17":"mobile-align-left","19":"first","20":"instock","21":"shipping-taxable","22":"product-type-simple"},"_links":{"self":[{"href":"https:\/\/www.delcofluid.com\/es\/wp-json\/wp\/v2\/product\/6945","targetHints":{"allow":["GET"]}}],"collection":[{"href":"https:\/\/www.delcofluid.com\/es\/wp-json\/wp\/v2\/product"}],"about":[{"href":"https:\/\/www.delcofluid.com\/es\/wp-json\/wp\/v2\/types\/product"}],"version-history":[{"count":0,"href":"https:\/\/www.delcofluid.com\/es\/wp-json\/wp\/v2\/product\/6945\/revisions"}],"wp:featuredmedia":[{"embeddable":true,"href":"https:\/\/www.delcofluid.com\/es\/wp-json\/wp\/v2\/media\/6925"}],"wp:attachment":[{"href":"https:\/\/www.delcofluid.com\/es\/wp-json\/wp\/v2\/media?parent=6945"}],"wp:term":[{"taxonomy":"product_brand","embeddable":true,"href":"https:\/\/www.delcofluid.com\/es\/wp-json\/wp\/v2\/product_brand?post=6945"},{"taxonomy":"product_cat","embeddable":true,"href":"https:\/\/www.delcofluid.com\/es\/wp-json\/wp\/v2\/product_cat?post=6945"},{"taxonomy":"product_tag","embeddable":true,"href":"https:\/\/www.delcofluid.com\/es\/wp-json\/wp\/v2\/product_tag?post=6945"}],"curies":[{"name":"wp","href":"https:\/\/api.w.org\/{rel}","templated":true}]}}