{"id":8289,"date":"2024-08-12T09:22:45","date_gmt":"2024-08-12T08:22:45","guid":{"rendered":"https:\/\/www.delcofluid.com\/?post_type=product&#038;p=8289"},"modified":"2024-08-15T03:16:50","modified_gmt":"2024-08-15T02:16:50","slug":"delco-manual-pvc-cpvc-plastic-ball-valve","status":"publish","type":"product","link":"https:\/\/www.delcofluid.com\/es\/producto\/delco-manual-pvc-cpvc-plastic-ball-valve\/","title":{"rendered":"V\u00e1lvula de bola pl\u00e1stica de PVC\/CPVC manual DELCO"},"content":{"rendered":"<div data-elementor-type=\"product-post\" data-elementor-id=\"8289\" class=\"elementor elementor-8289\" data-elementor-post-type=\"product\">\n\t\t\t\t<div class=\"elementor-element elementor-element-6fb59a60 e-con-full e-flex e-con e-parent\" data-id=\"6fb59a60\" data-element_type=\"container\" data-e-type=\"container\" data-settings=\"{&quot;ekit_has_onepagescroll_dot&quot;:&quot;yes&quot;}\">\n\t\t<div class=\"elementor-element elementor-element-b2e102c e-con-full e-flex e-con e-child\" data-id=\"b2e102c\" data-element_type=\"container\" data-e-type=\"container\" data-settings=\"{&quot;ekit_has_onepagescroll_dot&quot;:&quot;yes&quot;}\">\n\t\t\t\t<div class=\"elementor-element elementor-element-4c3cf80 elementor-widget elementor-widget-heading\" data-id=\"4c3cf80\" data-element_type=\"widget\" data-e-type=\"widget\" data-settings=\"{&quot;ekit_we_effect_on&quot;:&quot;none&quot;}\" data-widget_type=\"heading.default\">\n\t\t\t\t<div class=\"elementor-widget-container\">\n\t\t\t\t\t<h2 class=\"elementor-heading-title elementor-size-default\">Caracter\u00edsticas<\/h2>\t\t\t\t<\/div>\n\t\t\t\t<\/div>\n\t\t\t\t<div class=\"elementor-element elementor-element-1af4cc68 elementor-widget__width-initial elementor-widget elementor-widget-text-editor\" data-id=\"1af4cc68\" data-element_type=\"widget\" data-e-type=\"widget\" data-settings=\"{&quot;ekit_we_effect_on&quot;:&quot;none&quot;}\" data-widget_type=\"text-editor.default\">\n\t\t\t\t<div class=\"elementor-widget-container\">\n\t\t\t\t\t\t\t\t\t<ul><li>Ligero y compacto: el cuerpo de la v\u00e1lvula es liviano y de tama\u00f1o peque\u00f1o, lo que es f\u00e1cil de instalar y mantener.<\/li><li>Fuerte resistencia a la corrosi\u00f3n: adecuado para diversos medios, especialmente productos qu\u00edmicos corrosivos, ampliamente utilizado en la industria alimentaria, tratamiento de agua, riego y otros campos.<\/li><li>Materiales seguros y no t\u00f3xicos: fabricados con materiales sanitarios, de acuerdo con los est\u00e1ndares de calidad alimentaria, para garantizar la seguridad del medio.<\/li><li>F\u00e1cil de desmontar y mantener: la estructura est\u00e1 dise\u00f1ada para facilitar el r\u00e1pido desmontaje y sustituci\u00f3n de piezas, reduciendo la dificultad y el tiempo de mantenimiento.<\/li><li>M\u00faltiples m\u00e9todos de conexi\u00f3n: brida de soporte, rosca, por pedido y otras formas de conexi\u00f3n para satisfacer las necesidades de diferentes sistemas de tuber\u00edas.<\/li><li>F\u00e1cil operaci\u00f3n: a trav\u00e9s de la operaci\u00f3n manual, la v\u00e1lvula puede lograr una rotaci\u00f3n de 90 grados, controlando f\u00e1cilmente el flujo del medio y el bloqueo.<\/li><li>Amplia gama de aplicaciones: se puede utilizar en agua pura, l\u00edquidos medicinales de alta y baja temperatura, alimentos, agua termal y sistemas de transmisi\u00f3n de agua caliente civil.<\/li><\/ul>\t\t\t\t\t\t\t\t<\/div>\n\t\t\t\t<\/div>\n\t\t\t\t<\/div>\n\t\t\t\t<div class=\"elementor-element elementor-element-8e57110 elementor-widget elementor-widget-image\" data-id=\"8e57110\" data-element_type=\"widget\" data-e-type=\"widget\" data-settings=\"{&quot;ekit_we_effect_on&quot;:&quot;none&quot;}\" data-widget_type=\"image.default\">\n\t\t\t\t<div class=\"elementor-widget-container\">\n\t\t\t\t\t\t\t\t\t\t\t\t\t\t\t<img fetchpriority=\"high\" decoding=\"async\" width=\"974\" height=\"1024\" src=\"https:\/\/www.delcofluid.com\/wp-content\/uploads\/2024\/08\/PVC\u7403\u9600-2-974x1024.png\" class=\"attachment-large size-large wp-image-8300\" alt=\"PVC ball valve\" srcset=\"https:\/\/www.delcofluid.com\/wp-content\/uploads\/2024\/08\/PVC\u7403\u9600-2-974x1024.png 974w, https:\/\/www.delcofluid.com\/wp-content\/uploads\/2024\/08\/PVC\u7403\u9600-2-285x300.png 285w, https:\/\/www.delcofluid.com\/wp-content\/uploads\/2024\/08\/PVC\u7403\u9600-2-768x807.png 768w, https:\/\/www.delcofluid.com\/wp-content\/uploads\/2024\/08\/PVC\u7403\u9600-2-1462x1536.png 1462w, https:\/\/www.delcofluid.com\/wp-content\/uploads\/2024\/08\/PVC\u7403\u9600-2-1949x2048.png 1949w, https:\/\/www.delcofluid.com\/wp-content\/uploads\/2024\/08\/PVC\u7403\u9600-2-600x631.png 600w\" sizes=\"(max-width: 974px) 100vw, 974px\" \/>\t\t\t\t\t\t\t\t\t\t\t\t\t\t\t<\/div>\n\t\t\t\t<\/div>\n\t\t\t\t<\/div>\n\t\t<div class=\"elementor-element elementor-element-a55eeda e-flex e-con-boxed e-con e-parent\" data-id=\"a55eeda\" data-element_type=\"container\" data-e-type=\"container\" data-settings=\"{&quot;background_background&quot;:&quot;classic&quot;,&quot;ekit_has_onepagescroll_dot&quot;:&quot;yes&quot;}\">\n\t\t\t\t\t<div class=\"e-con-inner\">\n\t\t\t\t<div class=\"elementor-element elementor-element-585e9d9 elementor-widget elementor-widget-heading\" data-id=\"585e9d9\" data-element_type=\"widget\" data-e-type=\"widget\" data-settings=\"{&quot;ekit_we_effect_on&quot;:&quot;none&quot;}\" data-widget_type=\"heading.default\">\n\t\t\t\t<div class=\"elementor-widget-container\">\n\t\t\t\t\t<h2 class=\"elementor-heading-title elementor-size-default\">Par\u00e1metros t\u00e9cnicos<\/h2>\t\t\t\t<\/div>\n\t\t\t\t<\/div>\n\t\t\t\t\t<\/div>\n\t\t\t\t<\/div>\n\t\t<div class=\"elementor-element elementor-element-3414eb9 e-con-full e-flex e-con e-parent\" data-id=\"3414eb9\" data-element_type=\"container\" data-e-type=\"container\" data-settings=\"{&quot;background_background&quot;:&quot;classic&quot;,&quot;ekit_has_onepagescroll_dot&quot;:&quot;yes&quot;}\">\n\t\t\t\t<div class=\"elementor-element elementor-element-13df62f elementor-widget__width-initial elementor-widget elementor-widget-text-editor\" data-id=\"13df62f\" data-element_type=\"widget\" data-e-type=\"widget\" data-settings=\"{&quot;ekit_we_effect_on&quot;:&quot;none&quot;}\" data-widget_type=\"text-editor.default\">\n\t\t\t\t<div class=\"elementor-widget-container\">\n\t\t\t\t\t\t\t\t\t<p>\u00a0<\/p><table width=\"855\"><tbody><tr><td width=\"159\">Rango de tallas:<\/td><td width=\"205\">1\/2\u2033 a 4\u2033<\/td><td width=\"146\">Material:<\/td><td width=\"345\">cloruro de polivinilo<\/td><\/tr><tr><td width=\"159\">Rango de presi\u00f3n:<\/td><td>0 ~ 1,6 MPa<\/td><td width=\"146\">Fuerza:<\/td><td width=\"345\">Manejar<\/td><\/tr><tr><td width=\"159\">Garant\u00eda:<\/td><td width=\"205\">12 polillas<\/td><td width=\"146\">Cuerpo:<\/td><td width=\"345\">Acero inoxidable<\/td><\/tr><tr><td width=\"159\">Est\u00e1ndar de fabricaci\u00f3n y dise\u00f1o:<\/td><td width=\"205\">GB, DIN, ANSI, etc.<\/td><td width=\"146\">Medios aplicables:<\/td><td width=\"345\">Agua, vapor, aceite, etc.<\/td><\/tr><\/tbody><\/table>\t\t\t\t\t\t\t\t<\/div>\n\t\t\t\t<\/div>\n\t\t\t\t<\/div>\n\t\t<div class=\"elementor-element elementor-element-daef6c8 e-con-full e-flex e-con e-parent\" data-id=\"daef6c8\" data-element_type=\"container\" data-e-type=\"container\" data-settings=\"{&quot;ekit_has_onepagescroll_dot&quot;:&quot;yes&quot;}\">\n\t\t\t\t<div class=\"elementor-element elementor-element-52ddb61 elementor-widget elementor-widget-heading\" data-id=\"52ddb61\" data-element_type=\"widget\" data-e-type=\"widget\" data-settings=\"{&quot;ekit_we_effect_on&quot;:&quot;none&quot;}\" data-widget_type=\"heading.default\">\n\t\t\t\t<div class=\"elementor-widget-container\">\n\t\t\t\t\t<h2 class=\"elementor-heading-title elementor-size-default\">Solicitud<\/h2>\t\t\t\t<\/div>\n\t\t\t\t<\/div>\n\t\t\t\t<div class=\"elementor-element elementor-element-ac1034b elementor-widget elementor-widget-text-editor\" data-id=\"ac1034b\" data-element_type=\"widget\" data-e-type=\"widget\" data-settings=\"{&quot;ekit_we_effect_on&quot;:&quot;none&quot;}\" data-widget_type=\"text-editor.default\">\n\t\t\t\t<div class=\"elementor-widget-container\">\n\t\t\t\t\t\t\t\t\t<p><strong>Sistemas de tratamiento de agua<\/strong>:Se utiliza para controlar el flujo de agua pura, agua de spa y agua potable para garantizar una calidad del agua segura.<\/p><p><strong>Industria de alimentos y bebidas<\/strong>:Ampliamente utilizado en la producci\u00f3n de alimentos y bebidas debido a su material higi\u00e9nico y no t\u00f3xico, lo que garantiza que el proceso de producci\u00f3n cumpla con los est\u00e1ndares de higiene.<\/p><p><strong>Manipulaci\u00f3n de productos qu\u00edmicos<\/strong>:Adecuado para la manipulaci\u00f3n de disolventes qu\u00edmicos compatibles con PVC, especialmente para el control seguro de productos qu\u00edmicos en la industria alimentaria.<\/p><p><strong>Sistemas HVAC<\/strong>:regula el flujo de agua fr\u00eda y caliente para garantizar el funcionamiento eficiente del sistema.<\/p><p><strong>Sistemas de riego<\/strong>:Se utiliza en riego agr\u00edcola para controlar el flujo de agua y garantizar un riego eficaz de los cultivos.<\/p><p><strong>Aplicaciones marinas y offshore<\/strong>:Resistente a la corrosi\u00f3n y adecuado para el control de fluidos marinos, especialmente para entornos marinos.<\/p><p>Estos escenarios aprovechan al m\u00e1ximo las caracter\u00edsticas livianas, resistentes a la corrosi\u00f3n, f\u00e1ciles de mantener y desmontar de las v\u00e1lvulas de bola manuales de PVC, que son adecuadas para una amplia gama de sistemas de agua industriales y de subsistencia.<\/p>\t\t\t\t\t\t\t\t<\/div>\n\t\t\t\t<\/div>\n\t\t\t\t<\/div>\n\t\t\t\t<\/div>","protected":false},"excerpt":{"rendered":"<p>La v\u00e1lvula de bola de PVC es liviana, compacta y muy resistente a la corrosi\u00f3n, lo que la hace ideal para su uso en tratamiento de agua, HVAC y otras aplicaciones. Su estructura simple, compuesta por un cuerpo de v\u00e1lvula y extremos conectados, permite un f\u00e1cil desmontaje y mantenimiento. El material es higi\u00e9nico y no t\u00f3xico, adecuado para solventes qu\u00edmicos en la industria alimentaria y se usa com\u00fanmente en la construcci\u00f3n naval, el tratamiento de agua, el riego y las industrias de alimentos y bebidas.<\/p>\n<p><span style=\"color: #000000\">Modelo: V\u00e1lvula manual de PVC<\/span><br \/>\n<span style=\"color: #000000\">Rango de tama\u00f1o: 1\/2\u2033 a 4\u2033<\/span><br \/>\n<span style=\"color: #000000\">Rango de presi\u00f3n: 1,0 MPa<\/span><br \/>\n<span style=\"color: #000000\">Material: PVC<\/span><\/p>\n<p>&nbsp;<\/p>","protected":false},"featured_media":8293,"template":"","meta":{"site-sidebar-layout":"default","site-content-layout":"","ast-site-content-layout":"default","site-content-style":"default","site-sidebar-style":"default","ast-global-header-display":"","ast-banner-title-visibility":"","ast-main-header-display":"","ast-hfb-above-header-display":"","ast-hfb-below-header-display":"","ast-hfb-mobile-header-display":"","site-post-title":"","ast-breadcrumbs-content":"","ast-featured-img":"","footer-sml-layout":"","ast-disable-related-posts":"","theme-transparent-header-meta":"default","adv-header-id-meta":"","stick-header-meta":"","header-above-stick-meta":"","header-main-stick-meta":"","header-below-stick-meta":"","astra-migrate-meta-layouts":"set","ast-page-background-enabled":"default","ast-page-background-meta":{"desktop":{"background-color":"var(--ast-global-color-4)","background-image":"","background-repeat":"repeat","background-position":"center center","background-size":"auto","background-attachment":"scroll","background-type":"","background-media":"","overlay-type":"","overlay-color":"","overlay-opacity":"","overlay-gradient":""},"tablet":{"background-color":"","background-image":"","background-repeat":"repeat","background-position":"center center","background-size":"auto","background-attachment":"scroll","background-type":"","background-media":"","overlay-type":"","overlay-color":"","overlay-opacity":"","overlay-gradient":""},"mobile":{"background-color":"","background-image":"","background-repeat":"repeat","background-position":"center center","background-size":"auto","background-attachment":"scroll","background-type":"","background-media":"","overlay-type":"","overlay-color":"","overlay-opacity":"","overlay-gradient":""}},"ast-content-background-meta":{"desktop":{"background-color":"var(--ast-global-color-5)","background-image":"","background-repeat":"repeat","background-position":"center center","background-size":"auto","background-attachment":"scroll","background-type":"","background-media":"","overlay-type":"","overlay-color":"","overlay-opacity":"","overlay-gradient":""},"tablet":{"background-color":"var(--ast-global-color-5)","background-image":"","background-repeat":"repeat","background-position":"center center","background-size":"auto","background-attachment":"scroll","background-type":"","background-media":"","overlay-type":"","overlay-color":"","overlay-opacity":"","overlay-gradient":""},"mobile":{"background-color":"var(--ast-global-color-5)","background-image":"","background-repeat":"repeat","background-position":"center center","background-size":"auto","background-attachment":"scroll","background-type":"","background-media":"","overlay-type":"","overlay-color":"","overlay-opacity":"","overlay-gradient":""}}},"product_brand":[],"product_cat":[705,116,33],"product_tag":[750,749,751,752,475,73,56],"class_list":{"0":"post-8289","1":"product","2":"type-product","3":"status-publish","4":"has-post-thumbnail","6":"product_cat-manual-ball-valve","7":"product_cat-manual-valves","8":"product_cat-products","9":"product_tag-2-way-pvc-valve","10":"product_tag-cpvc-valve","11":"product_tag-manual-pvc-valve","12":"product_tag-manual-pvc-valves","13":"product_tag-pvc-valves","14":"product_tag-valve","15":"product_tag-valves","16":"desktop-align-center","17":"tablet-align-left","18":"mobile-align-left","20":"first","21":"instock","22":"shipping-taxable","23":"product-type-simple"},"_links":{"self":[{"href":"https:\/\/www.delcofluid.com\/es\/wp-json\/wp\/v2\/product\/8289","targetHints":{"allow":["GET"]}}],"collection":[{"href":"https:\/\/www.delcofluid.com\/es\/wp-json\/wp\/v2\/product"}],"about":[{"href":"https:\/\/www.delcofluid.com\/es\/wp-json\/wp\/v2\/types\/product"}],"version-history":[{"count":0,"href":"https:\/\/www.delcofluid.com\/es\/wp-json\/wp\/v2\/product\/8289\/revisions"}],"wp:featuredmedia":[{"embeddable":true,"href":"https:\/\/www.delcofluid.com\/es\/wp-json\/wp\/v2\/media\/8293"}],"wp:attachment":[{"href":"https:\/\/www.delcofluid.com\/es\/wp-json\/wp\/v2\/media?parent=8289"}],"wp:term":[{"taxonomy":"product_brand","embeddable":true,"href":"https:\/\/www.delcofluid.com\/es\/wp-json\/wp\/v2\/product_brand?post=8289"},{"taxonomy":"product_cat","embeddable":true,"href":"https:\/\/www.delcofluid.com\/es\/wp-json\/wp\/v2\/product_cat?post=8289"},{"taxonomy":"product_tag","embeddable":true,"href":"https:\/\/www.delcofluid.com\/es\/wp-json\/wp\/v2\/product_tag?post=8289"}],"curies":[{"name":"wp","href":"https:\/\/api.w.org\/{rel}","templated":true}]}}