{"id":1178,"date":"2024-03-08T08:46:04","date_gmt":"2024-03-08T08:46:04","guid":{"rendered":"https:\/\/www.delcofluid.com\/?post_type=product&#038;p=1178"},"modified":"2024-07-30T09:11:58","modified_gmt":"2024-07-30T08:11:58","slug":"pneumatic-control-valves","status":"publish","type":"product","link":"https:\/\/www.delcofluid.com\/vi\/san-pham\/pneumatic-control-valves\/","title":{"rendered":"Van \u0111i\u1ec1u khi\u1ec3n kh\u00ed n\u00e9n DELCO-ZJHP\/ZJHM"},"content":{"rendered":"<div data-elementor-type=\"product-post\" data-elementor-id=\"1178\" class=\"elementor elementor-1178\" data-elementor-post-type=\"product\">\n\t\t\t\t<div class=\"elementor-element elementor-element-6f615b3 e-flex e-con-boxed e-con e-parent\" data-id=\"6f615b3\" data-element_type=\"container\" data-e-type=\"container\" data-settings=\"{&quot;ekit_has_onepagescroll_dot&quot;:&quot;yes&quot;}\">\n\t\t\t\t\t<div class=\"e-con-inner\">\n\t\t<div class=\"elementor-element elementor-element-ee97c29 e-flex e-con-boxed e-con e-child\" data-id=\"ee97c29\" data-element_type=\"container\" data-e-type=\"container\" data-settings=\"{&quot;ekit_has_onepagescroll_dot&quot;:&quot;yes&quot;}\">\n\t\t\t\t\t<div class=\"e-con-inner\">\n\t\t\t\t<div class=\"elementor-element elementor-element-c8926d1 elementor-widget elementor-widget-image\" data-id=\"c8926d1\" data-element_type=\"widget\" data-e-type=\"widget\" data-settings=\"{&quot;ekit_we_effect_on&quot;:&quot;none&quot;}\" data-widget_type=\"image.default\">\n\t\t\t\t<div class=\"elementor-widget-container\">\n\t\t\t\t\t\t\t\t\t\t\t\t\t\t\t<img fetchpriority=\"high\" decoding=\"async\" width=\"1024\" height=\"1024\" src=\"https:\/\/www.delcofluid.com\/wp-content\/uploads\/2024\/03\/258-1024x1024.jpg\" class=\"attachment-large size-large wp-image-1819\" alt=\"Control valves\" srcset=\"https:\/\/www.delcofluid.com\/wp-content\/uploads\/2024\/03\/258-1024x1024.jpg 1024w, https:\/\/www.delcofluid.com\/wp-content\/uploads\/2024\/03\/258-300x300.jpg 300w, https:\/\/www.delcofluid.com\/wp-content\/uploads\/2024\/03\/258-scaled-100x100.jpg 100w, https:\/\/www.delcofluid.com\/wp-content\/uploads\/2024\/03\/258-scaled-600x600.jpg 600w, https:\/\/www.delcofluid.com\/wp-content\/uploads\/2024\/03\/258-150x150.jpg 150w, https:\/\/www.delcofluid.com\/wp-content\/uploads\/2024\/03\/258-768x768.jpg 768w, https:\/\/www.delcofluid.com\/wp-content\/uploads\/2024\/03\/258-1536x1536.jpg 1536w, https:\/\/www.delcofluid.com\/wp-content\/uploads\/2024\/03\/258-2048x2048.jpg 2048w\" sizes=\"(max-width: 1024px) 100vw, 1024px\" \/>\t\t\t\t\t\t\t\t\t\t\t\t\t\t\t<\/div>\n\t\t\t\t<\/div>\n\t\t\t\t\t<\/div>\n\t\t\t\t<\/div>\n\t\t<div class=\"elementor-element elementor-element-03d5528 e-con-full e-flex e-con e-child\" data-id=\"03d5528\" data-element_type=\"container\" data-e-type=\"container\" data-settings=\"{&quot;ekit_has_onepagescroll_dot&quot;:&quot;yes&quot;}\">\n\t\t\t\t<div class=\"elementor-element elementor-element-528aa53 elementor-widget elementor-widget-heading\" data-id=\"528aa53\" data-element_type=\"widget\" data-e-type=\"widget\" data-settings=\"{&quot;ekit_we_effect_on&quot;:&quot;none&quot;}\" data-widget_type=\"heading.default\">\n\t\t\t\t<div class=\"elementor-widget-container\">\n\t\t\t\t\t<h2 class=\"elementor-heading-title elementor-size-default\">S\u1ef1 mi\u00eau t\u1ea3<\/h2>\t\t\t\t<\/div>\n\t\t\t\t<\/div>\n\t\t\t\t<div class=\"elementor-element elementor-element-206a84f elementor-widget-divider--view-line elementor-widget elementor-widget-divider\" data-id=\"206a84f\" data-element_type=\"widget\" data-e-type=\"widget\" data-settings=\"{&quot;ekit_we_effect_on&quot;:&quot;none&quot;}\" data-widget_type=\"divider.default\">\n\t\t\t\t<div class=\"elementor-widget-container\">\n\t\t\t\t\t\t\t<div class=\"elementor-divider\">\n\t\t\t<span class=\"elementor-divider-separator\">\n\t\t\t\t\t\t<\/span>\n\t\t<\/div>\n\t\t\t\t\t\t<\/div>\n\t\t\t\t<\/div>\n\t\t\t\t<div class=\"elementor-element elementor-element-5f5b360d elementor-widget__width-initial elementor-widget elementor-widget-text-editor\" data-id=\"5f5b360d\" data-element_type=\"widget\" data-e-type=\"widget\" data-settings=\"{&quot;ekit_we_effect_on&quot;:&quot;none&quot;}\" data-widget_type=\"text-editor.default\">\n\t\t\t\t<div class=\"elementor-widget-container\">\n\t\t\t\t\t\t\t\t\t<p>Van \u0111i\u1ec1u khi\u1ec3n kh\u00ed n\u00e9n l\u00e0 lo\u1ea1i van s\u1eed d\u1ee5ng c\u00e1c nguy\u00ean l\u00fd kh\u00ed n\u00e9n \u0111\u1ec3 \u0111i\u1ec1u ch\u1ec9nh l\u01b0u l\u01b0\u1ee3ng ch\u1ea5t l\u1ecfng. Van n\u00e0y th\u01b0\u1eddng \u0111\u01b0\u1ee3c \u0111i\u1ec1u khi\u1ec3n b\u1eb1ng b\u1ed9 truy\u1ec1n \u0111\u1ed9ng kh\u00ed n\u00e9n, \u0111\u01b0\u1ee3c cung c\u1ea5p n\u0103ng l\u01b0\u1ee3ng b\u1eb1ng kh\u00ed n\u00e9n ho\u1eb7c c\u00e1c lo\u1ea1i kh\u00ed kh\u00e1c. Van \u0111i\u1ec1u khi\u1ec3n kh\u00ed n\u00e9n \u0111\u01b0\u1ee3c \u1ee9ng d\u1ee5ng r\u1ed9ng r\u00e3i trong c\u00e1c h\u1ec7 th\u1ed1ng t\u1ef1 \u0111\u1ed9ng h\u00f3a c\u00f4ng nghi\u1ec7p, n\u01a1i ch\u00fang \u0111\u01b0\u1ee3c s\u1eed d\u1ee5ng \u0111\u1ec3 \u0111i\u1ec1u ch\u1ec9nh c\u00e1c th\u00f4ng s\u1ed1 nh\u01b0 \u00e1p su\u1ea5t, l\u01b0u l\u01b0\u1ee3ng v\u00e0 nhi\u1ec7t \u0111\u1ed9 c\u1ee7a m\u00f4i tr\u01b0\u1eddng ch\u1ea5t l\u1ecfng \u0111\u1ec3 \u0111\u00e1p \u1ee9ng c\u00e1c y\u00eau c\u1ea7u c\u1ee7a quy tr\u00ecnh.<\/p><p>Nguy\u00ean l\u00fd ho\u1ea1t \u0111\u1ed9ng li\u00ean quan \u0111\u1ebfn vi\u1ec7c thay \u0111\u1ed5i \u0111\u1ed9 m\u1edf c\u1ee7a van b\u1eb1ng c\u00e1ch \u0111i\u1ec1u ch\u1ec9nh v\u1ecb tr\u00ed c\u1ee7a b\u1ed9 truy\u1ec1n \u0111\u1ed9ng kh\u00ed n\u00e9n. Lo\u1ea1i van n\u00e0y \u0111\u01b0\u1ee3c bi\u1ebft \u0111\u1ebfn v\u1edbi kh\u1ea3 n\u0103ng ph\u1ea3n \u1ee9ng nhanh, ki\u1ec3m so\u00e1t ch\u00ednh x\u00e1c v\u00e0 hi\u1ec7u su\u1ea5t \u0111\u00e1ng tin c\u1eady, ph\u00f9 h\u1ee3p v\u1edbi nhi\u1ec1u ng\u00e0nh c\u00f4ng nghi\u1ec7p kh\u00e1c nhau, bao g\u1ed3m h\u00f3a ch\u1ea5t, d\u1ea7u kh\u00ed, d\u01b0\u1ee3c ph\u1ea9m v\u00e0 s\u1ea3n xu\u1ea5t.<\/p>\t\t\t\t\t\t\t\t<\/div>\n\t\t\t\t<\/div>\n\t\t\t\t<\/div>\n\t\t\t\t\t<\/div>\n\t\t\t\t<\/div>\n\t\t<div class=\"elementor-element elementor-element-906b3f4 e-flex e-con-boxed e-con e-parent\" data-id=\"906b3f4\" data-element_type=\"container\" data-e-type=\"container\" data-settings=\"{&quot;background_background&quot;:&quot;classic&quot;,&quot;ekit_has_onepagescroll_dot&quot;:&quot;yes&quot;}\">\n\t\t\t\t\t<div class=\"e-con-inner\">\n\t\t\t\t<div class=\"elementor-element elementor-element-1c8b5ce elementor-widget elementor-widget-heading\" data-id=\"1c8b5ce\" data-element_type=\"widget\" data-e-type=\"widget\" data-settings=\"{&quot;ekit_we_effect_on&quot;:&quot;none&quot;}\" data-widget_type=\"heading.default\">\n\t\t\t\t<div class=\"elementor-widget-container\">\n\t\t\t\t\t<h2 class=\"elementor-heading-title elementor-size-default\">Th\u00f4ng s\u1ed1 k\u1ef9 thu\u1eadt c\u1ee7a van \u0111i\u1ec1u khi\u1ec3n kh\u00ed n\u00e9n:<\/h2>\t\t\t\t<\/div>\n\t\t\t\t<\/div>\n\t\t\t\t\t<\/div>\n\t\t\t\t<\/div>\n\t\t<div class=\"elementor-element elementor-element-419df0c e-flex e-con-boxed e-con e-parent\" data-id=\"419df0c\" data-element_type=\"container\" data-e-type=\"container\" data-settings=\"{&quot;ekit_has_onepagescroll_dot&quot;:&quot;yes&quot;}\">\n\t\t\t\t\t<div class=\"e-con-inner\">\n\t\t\t\t<div class=\"elementor-element elementor-element-8e45e57 elementor-widget__width-initial elementor-widget elementor-widget-text-editor\" data-id=\"8e45e57\" data-element_type=\"widget\" data-e-type=\"widget\" data-settings=\"{&quot;ekit_we_effect_on&quot;:&quot;none&quot;}\" data-widget_type=\"text-editor.default\">\n\t\t\t\t<div class=\"elementor-widget-container\">\n\t\t\t\t\t\t\t\t\t<table width=\"1025\">\n<tbody>\n<tr>\n<td width=\"205\">Ki\u1ec3u<\/td>\n<td width=\"205\">\u00c1p su\u1ea5t danh ngh\u0129a<\/td>\n<td width=\"205\">K\u1ebft c\u1ea5u<\/td>\n<td width=\"205\">Lo\u1ea1i l\u00e0m m\u00e1t<\/td>\n<td width=\"205\">\u0110\u00f3ng g\u00f3i<\/td>\n<\/tr>\n<tr>\n<td width=\"205\">M\u1ed9t ch\u1ed7 ng\u1ed3i, hai ch\u1ed7 ng\u1ed3i, tay \u00e1o<\/td>\n<td width=\"205\">PN16, PN25, PN40, PN63<\/td>\n<td width=\"205\">Lo\u1ea1i ti\u00eau chu\u1ea9n <br>(-20\u2103 ~+200\u2103)<\/td>\n<td width=\"205\">&nbsp;(-40~450\u2103)<\/td>\n<td width=\"205\">PTFE lo\u1ea1i V, <br>than ch\u00ec m\u1ec1m d\u1ebbo<\/td>\n<\/tr>\n<tr>\n<td width=\"205\">\u0110\u01b0\u1eddng k\u00ednh danh ngh\u0129a<\/td>\n<td width=\"205\">S\u1ef1 li\u00ean quan<\/td>\n<td width=\"205\">V\u1eadt li\u1ec7u<\/td>\n<td width=\"205\">Lo\u1ea1i nhi\u1ec7t \u0111\u1ed9 th\u1ea5p<\/td>\n<td width=\"205\">Ph\u1ea1m vi \u0111i\u1ec1u ch\u1ec9nh<\/td>\n<\/tr>\n<tr>\n<td width=\"205\">DN15-DN300<\/td>\n<td width=\"205\">M\u1eb7t b\u00edch, ren, m\u1ed1i h\u00e0n <br>(Ho\u1eb7c kh\u00e1ch h\u00e0ng kh\u00e1c ch\u1ec9 \u0111\u1ecbnh)<\/td>\n<td width=\"205\">Th\u00e9p kh\u00f4ng g\u1ec9 ho\u1eb7c WCB<\/td>\n<td width=\"205\">(-60\u2103 ~-196\u2103)<\/td>\n<td width=\"205\">50:1<\/td>\n<\/tr>\n<tr>\n<td width=\"205\">B\u1ec1 m\u1eb7t ni\u00eam phong<\/td>\n<td width=\"205\">L\u1ed7i c\u01a1 b\u1ea3n<\/td>\n<td width=\"205\">Ph\u1ee5 ki\u1ec7n<\/td>\n<td colspan=\"2\" width=\"410\">L\u1edbp r\u00f2 r\u1ec9<\/td>\n<\/tr>\n<tr>\n<td width=\"205\">M\u1eb7t l\u1ed3i PN16, PN40, PN63<\/td>\n<td width=\"205\">H\u00e0nh tr\u00ecnh nh\u1ecf h\u01a1n +-1% (C\u00f3 b\u1ed9 \u0111\u1ecbnh v\u1ecb) Nh\u1ecf h\u01a1n h\u00e0nh tr\u00ecnh l\u1edbn h\u01a1n<\/td>\n<td width=\"205\">b\u1ed9 \u0111\u1ecbnh v\u1ecb, van gi\u1ea3m \u00e1p b\u1ed9 l\u1ecdc kh\u00ed, thi\u1ebft b\u1ecb quay tay, c\u00f4ng t\u1eafc gi\u1edbi h\u1ea1n, van \u0111i\u1ec7n t\u1eeb, van kh\u00f3a v\u00e0 nhi\u1ec1u thi\u1ebft b\u1ecb kh\u00e1c.<\/td>\n<td width=\"205\">Ph\u1edbt kim lo\u1ea1i: Nh\u1ecf h\u01a1n 0,01 (ANSI B16.104-1976IV)<\/td>\n<td width=\"205\">\u0110\u1ed9 k\u00edn m\u1ec1m: Nh\u1ecf h\u01a1n 0,00001%<\/td>\n<\/tr>\n<\/tbody>\n<\/table>\t\t\t\t\t\t\t\t<\/div>\n\t\t\t\t<\/div>\n\t\t\t\t\t<\/div>\n\t\t\t\t<\/div>\n\t\t<div class=\"elementor-element elementor-element-9724999 e-flex e-con-boxed e-con e-parent\" data-id=\"9724999\" data-element_type=\"container\" data-e-type=\"container\" data-settings=\"{&quot;ekit_has_onepagescroll_dot&quot;:&quot;yes&quot;}\">\n\t\t\t\t\t<div class=\"e-con-inner\">\n\t\t\t\t<div class=\"elementor-element elementor-element-e78f3c2 elementor-widget elementor-widget-text-editor\" data-id=\"e78f3c2\" data-element_type=\"widget\" data-e-type=\"widget\" data-settings=\"{&quot;ekit_we_effect_on&quot;:&quot;none&quot;}\" data-widget_type=\"text-editor.default\">\n\t\t\t\t<div class=\"elementor-widget-container\">\n\t\t\t\t\t\t\t\t\t<p><strong><span style=\"color: #000000\">C\u00e1c th\u00e0nh ph\u1ea7n c\u1ee7a van:<\/span> <\/strong>L\u00f5i pitt\u00f4ng m\u1ed9t ch\u1ed7 ng\u1ed3i, l\u00f5i gh\u1ebf SLT 304, 316+ c\u00f3 t\u1ef7 l\u1ec7 b\u1eb1ng nhau, tuy\u1ebfn t\u00ednh, \u0111\u1eb7c t\u00ednh m\u1edf nhanh.<br \/><strong><span style=\"color: #000000\">B\u1ed9 truy\u1ec1n \u0111\u1ed9ng van:<\/span><\/strong> B\u1ed9 truy\u1ec1n \u0111\u1ed9ng m\u00e0ng l\u00f2 xo \u0111a t\u00e1c \u0111\u1ed9ng tr\u1ef1c ti\u1ebfp v\u00e0 t\u00e1c \u0111\u1ed9ng ng\u01b0\u1ee3c. V\u1eadt li\u1ec7u m\u00e0ng v\u1ea3i polyester gia c\u1ed1 cao su NBR. Ph\u1ea1m vi l\u00f2 xo 20~100KPa,40~200KPa,80-240KPa. \u00c1p su\u1ea5t cung c\u1ea5p t\u1eeb 0,4MPa \u0111\u1ebfn 0,5MPa<br \/><strong><span style=\"color: #000000\">Lo\u1ea1i h\u00e0nh \u0111\u1ed9ng:<\/span> <\/strong>Kh\u00f4ng kh\u00ed \u0111\u1ec3 \u0111\u00f3ng FO (v\u1edbi b\u1ed9 truy\u1ec1n \u0111\u1ed9ng t\u00e1c \u0111\u1ed9ng tr\u1ef1c ti\u1ebfp), khi ngu\u1ed3n cung c\u1ea5p kh\u00f4ng kh\u00ed b\u1ecb h\u1ecfng, l\u00f2 xo b\u1ed9 truy\u1ec1n \u0111\u1ed9ng s\u1ebd m\u1edf van; Kh\u00f4ng kh\u00ed \u0111\u1ec3 m\u1edf FC (V\u1edbi b\u1ed9 truy\u1ec1n \u0111\u1ed9ng t\u00e1c \u0111\u1ed9ng ng\u01b0\u1ee3c) Khi ngu\u1ed3n cung c\u1ea5p kh\u00f4ng kh\u00ed b\u1ecb h\u1ecfng, l\u00f2 xo b\u1ed9 truy\u1ec1n \u0111\u1ed9ng s\u1ebd \u0111\u00f3ng van. Tuy\u1ebfn t\u00ednh, t\u1ef7 l\u1ec7 ph\u1ea7n tr\u0103m b\u1eb1ng nhau, m\u1edf nhanh.<\/p>\t\t\t\t\t\t\t\t<\/div>\n\t\t\t\t<\/div>\n\t\t\t\t\t<\/div>\n\t\t\t\t<\/div>\n\t\t<div class=\"elementor-element elementor-element-5f97730 e-flex e-con-boxed e-con e-parent\" data-id=\"5f97730\" data-element_type=\"container\" data-e-type=\"container\" data-settings=\"{&quot;ekit_has_onepagescroll_dot&quot;:&quot;yes&quot;}\">\n\t\t\t\t\t<div class=\"e-con-inner\">\n\t\t\t\t<div class=\"elementor-element elementor-element-06cbc42 elementor-widget elementor-widget-heading\" data-id=\"06cbc42\" data-element_type=\"widget\" data-e-type=\"widget\" data-settings=\"{&quot;ekit_we_effect_on&quot;:&quot;none&quot;}\" data-widget_type=\"heading.default\">\n\t\t\t\t<div class=\"elementor-widget-container\">\n\t\t\t\t\t<h2 class=\"elementor-heading-title elementor-size-default\">L\u1ef1a ch\u1ecdn van \u0111i\u1ec1u khi\u1ec3n ph\u00f9 h\u1ee3p<\/h2>\t\t\t\t<\/div>\n\t\t\t\t<\/div>\n\t\t\t\t<div class=\"elementor-element elementor-element-ee01192 elementor-widget elementor-widget-text-editor\" data-id=\"ee01192\" data-element_type=\"widget\" data-e-type=\"widget\" data-settings=\"{&quot;ekit_we_effect_on&quot;:&quot;none&quot;}\" data-widget_type=\"text-editor.default\">\n\t\t\t\t<div class=\"elementor-widget-container\">\n\t\t\t\t\t\t\t\t\t<p>Khi l\u1ef1a ch\u1ecdn van \u0111i\u1ec1u khi\u1ec3n, h\u00e3y c\u00e2n nh\u1eafc c\u00e1c y\u1ebfu t\u1ed1 sau:<\/p>\t\t\t\t\t\t\t\t<\/div>\n\t\t\t\t<\/div>\n\t\t\t\t<div class=\"elementor-element elementor-element-3f366c3 elementor-widget elementor-widget-text-editor\" data-id=\"3f366c3\" data-element_type=\"widget\" data-e-type=\"widget\" data-settings=\"{&quot;ekit_we_effect_on&quot;:&quot;none&quot;}\" data-widget_type=\"text-editor.default\">\n\t\t\t\t<div class=\"elementor-widget-container\">\n\t\t\t\t\t\t\t\t\t<p><span style=\"color: #1b6dc1\"><strong>Y\u00eau c\u1ea7u v\u1ec1 l\u01b0u l\u01b0\u1ee3ng:<\/strong><\/span> \u0110\u00e1nh gi\u00e1 c\u00e1c \u0111\u1eb7c t\u00ednh d\u00f2ng ch\u1ea3y c\u1ea7n thi\u1ebft cho \u1ee9ng d\u1ee5ng c\u1ee5 th\u1ec3.<br \/>\u0110\u1eb7c t\u00ednh d\u00f2ng ch\u1ea3y: Xem x\u00e9t c\u00e1c \u0111\u1eb7c t\u00ednh c\u1ee7a ch\u1ea5t l\u1ecfng, ch\u1eb3ng h\u1ea1n nh\u01b0 \u0111\u1ed9 nh\u1edbt, \u00e1p su\u1ea5t v\u00e0 nhi\u1ec7t \u0111\u1ed9, \u0111\u1ec3 ch\u1ecdn van c\u00f3 th\u1ec3 x\u1eed l\u00fd c\u00e1c \u0111i\u1ec1u ki\u1ec7n c\u1ee5 th\u1ec3.<br \/><strong><span style=\"color: #1b6dc1\">K\u00edch th\u01b0\u1edbc van:<\/span><\/strong> Ch\u1ecdn k\u00edch th\u01b0\u1edbc van ph\u00f9 h\u1ee3p v\u1edbi k\u00edch th\u01b0\u1edbc \u0111\u01b0\u1eddng \u1ed1ng v\u00e0 \u0111\u00e1p \u1ee9ng \u0111\u01b0\u1ee3c l\u01b0u l\u01b0\u1ee3ng y\u00eau c\u1ea7u.<br \/><strong><span style=\"color: #1b6dc1\">Ki\u1ec3u b\u1ed9 truy\u1ec1n \u0111\u1ed9ng:<\/span><\/strong> Quy\u1ebft \u0111\u1ecbnh gi\u1eefa truy\u1ec1n \u0111\u1ed9ng th\u1ee7 c\u00f4ng, \u0111i\u1ec7n, kh\u00ed n\u00e9n ho\u1eb7c th\u1ee7y l\u1ef1c d\u1ef1a tr\u00ean y\u00eau c\u1ea7u c\u1ee7a h\u1ec7 th\u1ed1ng v\u00e0 ngu\u1ed3n l\u1ef1c s\u1eb5n c\u00f3. Ch\u1ecdn b\u1ed9 truy\u1ec1n \u0111\u1ed9ng cung c\u1ea5p l\u1ef1c \u0111\u1ee7 m\u1ea1nh v\u00e0 \u0111\u00e1p \u1ee9ng c\u00e1c y\u00eau c\u1ea7u \u0111i\u1ec1u khi\u1ec3n mong mu\u1ed1n.<br \/><strong><span style=\"color: #1b6dc1\">Kh\u1ea3 n\u0103ng t\u01b0\u01a1ng th\u00edch c\u1ee7a v\u1eadt li\u1ec7u:<\/span><\/strong> \u0110\u1ea3m b\u1ea3o v\u1eadt li\u1ec7u van t\u01b0\u01a1ng th\u00edch v\u1edbi ch\u1ea5t l\u1ecfng \u0111ang \u0111\u01b0\u1ee3c x\u1eed l\u00fd \u0111\u1ec3 tr\u00e1nh \u0103n m\u00f2n ho\u1eb7c h\u01b0 h\u1ecfng kh\u00e1c.<br \/><strong><span style=\"color: #1b6dc1\">Y\u00eau c\u1ea7u v\u1ec1 quy \u0111\u1ecbnh:<\/span><\/strong> Tu\u00e2n th\u1ee7 c\u00e1c quy \u0111\u1ecbnh v\u00e0 ti\u00eau chu\u1ea9n ri\u00eang c\u1ee7a ng\u00e0nh \u0111\u1ec3 \u0111\u1ea3m b\u1ea3o ho\u1ea1t \u0111\u1ed9ng an to\u00e0n v\u00e0 hi\u1ec7u qu\u1ea3.<br \/><strong><span style=\"color: #1b6dc1\">Ti\u1ebfng \u1ed3n v\u00e0 \u0111\u1ed9 rung:<\/span> <\/strong>T\u00f9y ch\u1ecdn thi\u1ebft k\u1ebf van gi\u00fap gi\u1ea3m thi\u1ec3u ti\u1ebfng \u1ed3n v\u00e0 \u0111\u1ed9 rung \u0111\u1ec3 v\u1eadn h\u00e0nh an to\u00e0n v\u00e0 \u0111\u00e1ng tin c\u1eady h\u01a1n.<\/p>\t\t\t\t\t\t\t\t<\/div>\n\t\t\t\t<\/div>\n\t\t\t\t\t<\/div>\n\t\t\t\t<\/div>\n\t\t\t\t<\/div>","protected":false},"excerpt":{"rendered":"<p>Van \u0111i\u1ec1u khi\u1ec3n kh\u00ed n\u00e9n l\u00e0 th\u00e0nh ph\u1ea7n thi\u1ebft y\u1ebfu trong t\u1ef1 \u0111\u1ed9ng h\u00f3a c\u00f4ng nghi\u1ec7p, \u0111i\u1ec1u ch\u1ec9nh l\u01b0u l\u01b0\u1ee3ng ch\u1ea5t l\u1ecfng b\u1eb1ng b\u1ed9 truy\u1ec1n \u0111\u1ed9ng kh\u00ed n\u00e9n.<\/p>\n<p>\u01afu \u0111i\u1ec3m ch\u00ednh c\u1ee7a van \u0111i\u1ec1u khi\u1ec3n kh\u00ed n\u00e9n l\u00e0 t\u1ed1c \u0111\u1ed9 \u0111\u00f3ng m\u1edf c\u1ee7a van \u0111i\u1ec1u khi\u1ec3n kh\u00ed n\u00e9n d\u1ec5 \u0111i\u1ec1u ch\u1ec9nh, c\u1ea5u tr\u00fac \u0111\u01a1n gi\u1ea3n, d\u1ec5 b\u1ea3o tr\u00ec. Do \u0111\u1eb7c t\u00ednh \u0111\u1ec7m c\u1ee7a kh\u00ed trong qu\u00e1 tr\u00ecnh v\u1eadn h\u00e0nh n\u00ean kh\u00f4ng d\u1ec5 b\u1ecb h\u1ecfng do k\u1eb9t. Trong m\u1ed9t s\u1ed1 t\u00ecnh hu\u1ed1ng ch\u1ed1ng ch\u00e1y n\u1ed5, van \u0111i\u1ec7n c\u00f3 \u0111\u1ed9 tin c\u1eady cao h\u01a1n van \u0111i\u1ec7n.<\/p>\n<p>Model: Van \u0111i\u1ec1u khi\u1ec3n kh\u00ed n\u00e9n<br \/>\nPh\u1ea1m vi k\u00edch th\u01b0\u1edbc: 1\/2\u201d~12\u2032<br \/>\nPh\u1ea1m vi \u00e1p su\u1ea5t: 1.6~6.4Mpa<br \/>\nCh\u1ea5t li\u1ec7u: Th\u00e9p kh\u00f4ng g\u1ec9 304, 316, 316L ho\u1eb7c WCB<\/p>","protected":false},"featured_media":6967,"template":"","meta":{"site-sidebar-layout":"default","site-content-layout":"","ast-site-content-layout":"default","site-content-style":"default","site-sidebar-style":"default","ast-global-header-display":"","ast-banner-title-visibility":"","ast-main-header-display":"","ast-hfb-above-header-display":"","ast-hfb-below-header-display":"","ast-hfb-mobile-header-display":"","site-post-title":"","ast-breadcrumbs-content":"","ast-featured-img":"","footer-sml-layout":"","ast-disable-related-posts":"","theme-transparent-header-meta":"default","adv-header-id-meta":"","stick-header-meta":"","header-above-stick-meta":"","header-main-stick-meta":"","header-below-stick-meta":"","astra-migrate-meta-layouts":"set","ast-page-background-enabled":"default","ast-page-background-meta":{"desktop":{"background-color":"var(--ast-global-color-4)","background-image":"","background-repeat":"repeat","background-position":"center center","background-size":"auto","background-attachment":"scroll","background-type":"","background-media":"","overlay-type":"","overlay-color":"","overlay-opacity":"","overlay-gradient":""},"tablet":{"background-color":"","background-image":"","background-repeat":"repeat","background-position":"center center","background-size":"auto","background-attachment":"scroll","background-type":"","background-media":"","overlay-type":"","overlay-color":"","overlay-opacity":"","overlay-gradient":""},"mobile":{"background-color":"","background-image":"","background-repeat":"repeat","background-position":"center center","background-size":"auto","background-attachment":"scroll","background-type":"","background-media":"","overlay-type":"","overlay-color":"","overlay-opacity":"","overlay-gradient":""}},"ast-content-background-meta":{"desktop":{"background-color":"var(--ast-global-color-5)","background-image":"","background-repeat":"repeat","background-position":"center center","background-size":"auto","background-attachment":"scroll","background-type":"","background-media":"","overlay-type":"","overlay-color":"","overlay-opacity":"","overlay-gradient":""},"tablet":{"background-color":"var(--ast-global-color-5)","background-image":"","background-repeat":"repeat","background-position":"center center","background-size":"auto","background-attachment":"scroll","background-type":"","background-media":"","overlay-type":"","overlay-color":"","overlay-opacity":"","overlay-gradient":""},"mobile":{"background-color":"var(--ast-global-color-5)","background-image":"","background-repeat":"repeat","background-position":"center center","background-size":"auto","background-attachment":"scroll","background-type":"","background-media":"","overlay-type":"","overlay-color":"","overlay-opacity":"","overlay-gradient":""}}},"product_brand":[],"product_cat":[36,255,33],"product_tag":[55,59,54,87,56],"class_list":{"0":"post-1178","1":"product","2":"type-product","3":"status-publish","4":"has-post-thumbnail","6":"product_cat-control-valves","7":"product_cat-pneumatic-control-valve","8":"product_cat-products","9":"product_tag-control-valve","10":"product_tag-control-valves","11":"product_tag-pneumatic-control-valve","12":"product_tag-pneumatic-control-valves","13":"product_tag-valves","14":"desktop-align-center","15":"tablet-align-left","16":"mobile-align-left","18":"first","19":"instock","20":"shipping-taxable","21":"product-type-simple"},"_links":{"self":[{"href":"https:\/\/www.delcofluid.com\/vi\/wp-json\/wp\/v2\/product\/1178","targetHints":{"allow":["GET"]}}],"collection":[{"href":"https:\/\/www.delcofluid.com\/vi\/wp-json\/wp\/v2\/product"}],"about":[{"href":"https:\/\/www.delcofluid.com\/vi\/wp-json\/wp\/v2\/types\/product"}],"version-history":[{"count":0,"href":"https:\/\/www.delcofluid.com\/vi\/wp-json\/wp\/v2\/product\/1178\/revisions"}],"wp:featuredmedia":[{"embeddable":true,"href":"https:\/\/www.delcofluid.com\/vi\/wp-json\/wp\/v2\/media\/6967"}],"wp:attachment":[{"href":"https:\/\/www.delcofluid.com\/vi\/wp-json\/wp\/v2\/media?parent=1178"}],"wp:term":[{"taxonomy":"product_brand","embeddable":true,"href":"https:\/\/www.delcofluid.com\/vi\/wp-json\/wp\/v2\/product_brand?post=1178"},{"taxonomy":"product_cat","embeddable":true,"href":"https:\/\/www.delcofluid.com\/vi\/wp-json\/wp\/v2\/product_cat?post=1178"},{"taxonomy":"product_tag","embeddable":true,"href":"https:\/\/www.delcofluid.com\/vi\/wp-json\/wp\/v2\/product_tag?post=1178"}],"curies":[{"name":"wp","href":"https:\/\/api.w.org\/{rel}","templated":true}]}}