{"id":12994,"date":"2025-02-20T07:41:16","date_gmt":"2025-02-20T07:41:16","guid":{"rendered":"https:\/\/www.delcofluid.com\/?post_type=product&#038;p=12994"},"modified":"2025-02-20T08:15:29","modified_gmt":"2025-02-20T08:15:29","slug":"delco-wcb-flange-type-linear-pneumatic-actuator-gate-valve","status":"publish","type":"product","link":"https:\/\/www.delcofluid.com\/vi\/san-pham\/delco-wcb-flange-type-linear-pneumatic-actuator-gate-valve\/","title":{"rendered":"Van c\u1ed5ng kh\u00ed n\u00e9n tuy\u1ebfn t\u00ednh lo\u1ea1i b\u00edch WCB DELCO"},"content":{"rendered":"<div data-elementor-type=\"product-post\" data-elementor-id=\"12994\" class=\"elementor elementor-12994\" data-elementor-post-type=\"product\">\n\t\t\t\t<div class=\"elementor-element elementor-element-20539a1c e-con-full e-flex e-con e-parent\" data-id=\"20539a1c\" data-element_type=\"container\" data-e-type=\"container\" data-settings=\"{&quot;ekit_has_onepagescroll_dot&quot;:&quot;yes&quot;}\">\n\t\t<div class=\"elementor-element elementor-element-3316fa6 e-con-full e-flex e-con e-child\" data-id=\"3316fa6\" data-element_type=\"container\" data-e-type=\"container\" data-settings=\"{&quot;ekit_has_onepagescroll_dot&quot;:&quot;yes&quot;}\">\n\t\t\t\t<div class=\"elementor-element elementor-element-b8b3abc elementor-widget elementor-widget-heading\" data-id=\"b8b3abc\" data-element_type=\"widget\" data-e-type=\"widget\" data-settings=\"{&quot;ekit_we_effect_on&quot;:&quot;none&quot;}\" data-widget_type=\"heading.default\">\n\t\t\t\t<div class=\"elementor-widget-container\">\n\t\t\t\t\t<h2 class=\"elementor-heading-title elementor-size-default\">L\u1ee3i \u00edch c\u1ee7a van c\u1ed5ng kh\u00ed n\u00e9n:<\/h2>\t\t\t\t<\/div>\n\t\t\t\t<\/div>\n\t\t\t\t<div class=\"elementor-element elementor-element-4b43349d elementor-widget__width-initial elementor-widget elementor-widget-text-editor\" data-id=\"4b43349d\" data-element_type=\"widget\" data-e-type=\"widget\" data-settings=\"{&quot;ekit_we_effect_on&quot;:&quot;none&quot;}\" data-widget_type=\"text-editor.default\">\n\t\t\t\t<div class=\"elementor-widget-container\">\n\t\t\t\t\t\t\t\t\t<p>Van c\u1ed5ng kh\u00ed n\u00e9n DELCO c\u00f3 c\u1ea3 lo\u1ea1i ph\u1edbt m\u1ec1m v\u00e0 ph\u1edbt c\u1ee9ng \u0111\u1ec3 \u0111\u00e1p \u1ee9ng nhi\u1ec1u nhu c\u1ea7u c\u00f4ng nghi\u1ec7p kh\u00e1c nhau. C\u00e1c van n\u00e0y \u0111\u01b0\u1ee3c trang b\u1ecb b\u1ed9 truy\u1ec1n \u0111\u1ed9ng kh\u00ed n\u00e9n piston v\u1edbi ph\u1ea1m vi m\u00f4-men xo\u1eafn l\u1edbn h\u01a1n \u0111\u1ec3 v\u1eadn h\u00e0nh \u0111\u00f3ng\/m\u1edf tr\u01a1n tru v\u00e0 ho\u00e0n thi\u1ec7n h\u01a1n.<\/p>\t\t\t\t\t\t\t\t<\/div>\n\t\t\t\t<\/div>\n\t\t\t\t<div class=\"elementor-element elementor-element-f24d1e9 elementor-widget__width-initial elementor-widget elementor-widget-text-editor\" data-id=\"f24d1e9\" data-element_type=\"widget\" data-e-type=\"widget\" data-settings=\"{&quot;ekit_we_effect_on&quot;:&quot;none&quot;}\" data-widget_type=\"text-editor.default\">\n\t\t\t\t<div class=\"elementor-widget-container\">\n\t\t\t\t\t\t\t\t\t<ul><li>\u0110i\u1ec3m d\u1eebng h\u00e0nh tr\u00ecnh c\u00f3 th\u1ec3 \u0111i\u1ec1u ch\u1ec9nh cho v\u1ecb tr\u00ed thu thanh, piston ch\u1ea1m \u0111\u00e1y cho v\u1ecb tr\u00ed k\u00e9o d\u00e0i thanh. C\u00f3 s\u1eb5n c\u00e1c \u1ee9ng d\u1ee5ng h\u00e0nh tr\u00ecnh c\u1ee5 th\u1ec3, h\u00e3y tham kh\u1ea3o nh\u00e0 m\u00e1y.<\/li><li>\u0110ai \u1ed1c thanh l\u00f2 xo \u0111\u01b0\u1ee3c kh\u00f3a ch\u1eb7t \u0111\u1ec3 ng\u0103n ch\u1eb7n vi\u1ec7c th\u00e1o r\u1eddi h\u1ed9p l\u00f2 xo tr\u00e1i ph\u00e9p<\/li><li>V\u1eadt li\u1ec7u xi lanh kh\u00ed n\u00e9n l\u00e0 nh\u00f4m c\u1ee9ng \u0111\u01b0\u1ee3c anot h\u00f3a.<\/li><li>V\u1eadt li\u1ec7u thanh truy\u1ec1n \u0111\u1ed9ng l\u00e0 th\u00e9p cacbon m\u1ea1 cr\u00f4m. C\u00f3 t\u00f9y ch\u1ecdn th\u00e9p kh\u00f4ng g\u1ec9<\/li><li>C\u00e1c m\u00e0u s\u1eafc\/l\u1edbp ph\u1ee7 kh\u00e1c c\u00f3 s\u1eb5n theo y\u00eau c\u1ea7u<\/li><li>Tham kh\u1ea3o nh\u00e0 m\u00e1y \u0111\u1ec3 bi\u1ebft y\u00eau c\u1ea7u v\u1ec1 l\u1ef1c \u0111\u1ea9y, h\u00e0nh tr\u00ecnh v\u00e0 \u00e1p su\u1ea5t t\u00f9y ch\u1ec9nh.<\/li><\/ul>\t\t\t\t\t\t\t\t<\/div>\n\t\t\t\t<\/div>\n\t\t\t\t<\/div>\n\t\t<div class=\"elementor-element elementor-element-e796ac0 e-con-full e-flex e-con e-child\" data-id=\"e796ac0\" data-element_type=\"container\" data-e-type=\"container\" data-settings=\"{&quot;ekit_has_onepagescroll_dot&quot;:&quot;yes&quot;}\">\n\t\t\t\t<div class=\"elementor-element elementor-element-7ddba38 elementor-widget__width-initial elementor-widget elementor-widget-image\" data-id=\"7ddba38\" data-element_type=\"widget\" data-e-type=\"widget\" data-settings=\"{&quot;ekit_we_effect_on&quot;:&quot;none&quot;}\" data-widget_type=\"image.default\">\n\t\t\t\t<div class=\"elementor-widget-container\">\n\t\t\t\t\t\t\t\t\t\t\t\t\t\t\t<img fetchpriority=\"high\" decoding=\"async\" width=\"1024\" height=\"767\" src=\"https:\/\/www.delcofluid.com\/wp-content\/uploads\/2025\/02\/\u672a\u6807\u9898-5.png\" class=\"attachment-large size-large wp-image-13002\" alt=\"WCB Flange Type Linear Pneumatic Actuator Gate Valve220\" srcset=\"https:\/\/www.delcofluid.com\/wp-content\/uploads\/2025\/02\/\u672a\u6807\u9898-5.png 1024w, https:\/\/www.delcofluid.com\/wp-content\/uploads\/2025\/02\/\u672a\u6807\u9898-5-300x225.png 300w, https:\/\/www.delcofluid.com\/wp-content\/uploads\/2025\/02\/\u672a\u6807\u9898-5-768x575.png 768w, https:\/\/www.delcofluid.com\/wp-content\/uploads\/2025\/02\/\u672a\u6807\u9898-5-16x12.png 16w, https:\/\/www.delcofluid.com\/wp-content\/uploads\/2025\/02\/\u672a\u6807\u9898-5-600x449.png 600w\" sizes=\"(max-width: 1024px) 100vw, 1024px\" \/>\t\t\t\t\t\t\t\t\t\t\t\t\t\t\t<\/div>\n\t\t\t\t<\/div>\n\t\t\t\t<\/div>\n\t\t\t\t<\/div>\n\t\t<div class=\"elementor-element elementor-element-15c4c55 e-con-full e-flex e-con e-parent\" data-id=\"15c4c55\" data-element_type=\"container\" data-e-type=\"container\" data-settings=\"{&quot;background_background&quot;:&quot;classic&quot;,&quot;ekit_has_onepagescroll_dot&quot;:&quot;yes&quot;}\">\n\t\t\t\t<div class=\"elementor-element elementor-element-cf7446a elementor-widget elementor-widget-heading\" data-id=\"cf7446a\" data-element_type=\"widget\" data-e-type=\"widget\" data-settings=\"{&quot;ekit_we_effect_on&quot;:&quot;none&quot;}\" data-widget_type=\"heading.default\">\n\t\t\t\t<div class=\"elementor-widget-container\">\n\t\t\t\t\t<h2 class=\"elementor-heading-title elementor-size-default\">B\u1ea3ng d\u1eef li\u1ec7u c\u1ee7a van:<\/h2>\t\t\t\t<\/div>\n\t\t\t\t<\/div>\n\t\t\t\t<\/div>\n\t\t<div class=\"elementor-element elementor-element-e2b9db7 e-con-full e-flex e-con e-parent\" data-id=\"e2b9db7\" data-element_type=\"container\" data-e-type=\"container\" data-settings=\"{&quot;ekit_has_onepagescroll_dot&quot;:&quot;yes&quot;}\">\n\t\t\t\t<div class=\"elementor-element elementor-element-4cf356d elementor-widget__width-initial elementor-widget elementor-widget-text-editor\" data-id=\"4cf356d\" data-element_type=\"widget\" data-e-type=\"widget\" data-settings=\"{&quot;ekit_we_effect_on&quot;:&quot;none&quot;}\" data-widget_type=\"text-editor.default\">\n\t\t\t\t<div class=\"elementor-widget-container\">\n\t\t\t\t\t\t\t\t\t<table><tbody><tr><td><p>Lo\u1ea1i b\u1ed9 truy\u1ec1n \u0111\u1ed9ng<\/p><\/td><td><p>M\u00f9a xu\u00e2n tr\u1edf l\u1ea1i \/ Di\u1ec5n xu\u1ea5t k\u00e9p<\/p><\/td><td><p>Ph\u1ea1m vi k\u00edch th\u01b0\u1edbc<\/p><\/td><td><p>DN15 \u0111\u1ebfn DN150<\/p><\/td><\/tr><tr><td><p>S\u1ef1 li\u00ean quan<\/p><\/td><td><p>M\u1eb7t b\u00edch<\/p><\/td><td><p>V\u1eadt li\u1ec7u ni\u00eam phong<\/p><\/td><td><p>EPDM \/ Kim lo\u1ea1i<\/p><\/td><\/tr><tr><td><p>Trung b\u00ecnh<\/p><\/td><td><p>Kh\u00f4ng kh\u00ed, n\u01b0\u1edbc, n\u01b0\u1edbc th\u1ea3i, d\u1ea7u, b\u00f9n, v.v.<\/p><\/td><td><p>\u00c1p su\u1ea5t l\u00e0m vi\u1ec7c<\/p><\/td><td><p>PN16<\/p><\/td><\/tr><tr><td><p>V\u1eadt li\u1ec7u th\u00e2n m\u00e1y<\/p><\/td><td><p>Th\u00e9p Carbon ho\u1eb7c Th\u00e9p Kh\u00f4ng G\u1ec9 304\/316\/316L<\/p><\/td><td><p>Nhi\u1ec7t \u0111\u1ed9 c\u1ee7a ph\u01b0\u01a1ng ti\u1ec7n truy\u1ec1n th\u00f4ng<\/p><\/td><td><p>-10 \u0111\u1ebfn 400oC (14\u2109 \u0111\u1ebfn 752\u2109)<\/p><\/td><\/tr><\/tbody><\/table>\t\t\t\t\t\t\t\t<\/div>\n\t\t\t\t<\/div>\n\t\t\t\t<\/div>\n\t\t<div class=\"elementor-element elementor-element-0b18e32 e-flex e-con-boxed e-con e-parent\" data-id=\"0b18e32\" data-element_type=\"container\" data-e-type=\"container\" data-settings=\"{&quot;ekit_has_onepagescroll_dot&quot;:&quot;yes&quot;}\">\n\t\t\t\t\t<div class=\"e-con-inner\">\n\t\t\t\t<div class=\"elementor-element elementor-element-c6975fe elementor-widget elementor-widget-heading\" data-id=\"c6975fe\" data-element_type=\"widget\" data-e-type=\"widget\" data-settings=\"{&quot;ekit_we_effect_on&quot;:&quot;none&quot;}\" data-widget_type=\"heading.default\">\n\t\t\t\t<div class=\"elementor-widget-container\">\n\t\t\t\t\t<h2 class=\"elementor-heading-title elementor-size-default\">Van c\u1ed5ng kh\u00ed n\u00e9n tuy\u1ebfn t\u00ednh lo\u1ea1i b\u00edch WCB DELCO<\/h2>\t\t\t\t<\/div>\n\t\t\t\t<\/div>\n\t\t\t\t<div class=\"elementor-element elementor-element-7c2794f elementor-widget elementor-widget-image\" data-id=\"7c2794f\" data-element_type=\"widget\" data-e-type=\"widget\" data-settings=\"{&quot;ekit_we_effect_on&quot;:&quot;none&quot;}\" data-widget_type=\"image.default\">\n\t\t\t\t<div class=\"elementor-widget-container\">\n\t\t\t\t\t\t\t\t\t\t\t\t\t\t\t<img decoding=\"async\" width=\"1024\" height=\"354\" src=\"https:\/\/www.delcofluid.com\/wp-content\/uploads\/2025\/02\/\u672a\u6807\u9898-6-1024x354.png\" class=\"attachment-large size-large wp-image-13004\" alt=\"WCB Flange Type Linear Pneumatic Actuator Gate Valve2201609\" srcset=\"https:\/\/www.delcofluid.com\/wp-content\/uploads\/2025\/02\/\u672a\u6807\u9898-6-1024x354.png 1024w, https:\/\/www.delcofluid.com\/wp-content\/uploads\/2025\/02\/\u672a\u6807\u9898-6-300x104.png 300w, https:\/\/www.delcofluid.com\/wp-content\/uploads\/2025\/02\/\u672a\u6807\u9898-6-768x265.png 768w, https:\/\/www.delcofluid.com\/wp-content\/uploads\/2025\/02\/\u672a\u6807\u9898-6-1536x531.png 1536w, https:\/\/www.delcofluid.com\/wp-content\/uploads\/2025\/02\/\u672a\u6807\u9898-6-18x6.png 18w, https:\/\/www.delcofluid.com\/wp-content\/uploads\/2025\/02\/\u672a\u6807\u9898-6-600x207.png 600w, https:\/\/www.delcofluid.com\/wp-content\/uploads\/2025\/02\/\u672a\u6807\u9898-6.png 1881w\" sizes=\"(max-width: 1024px) 100vw, 1024px\" \/>\t\t\t\t\t\t\t\t\t\t\t\t\t\t\t<\/div>\n\t\t\t\t<\/div>\n\t\t\t\t\t<\/div>\n\t\t\t\t<\/div>\n\t\t<div class=\"elementor-element elementor-element-44f21df6 e-con-full e-flex e-con e-parent\" data-id=\"44f21df6\" data-element_type=\"container\" data-e-type=\"container\" data-settings=\"{&quot;background_background&quot;:&quot;classic&quot;,&quot;ekit_has_onepagescroll_dot&quot;:&quot;yes&quot;}\">\n\t\t\t\t<div class=\"elementor-element elementor-element-661968e2 elementor-widget elementor-widget-heading\" data-id=\"661968e2\" data-element_type=\"widget\" data-e-type=\"widget\" data-settings=\"{&quot;ekit_we_effect_on&quot;:&quot;none&quot;}\" data-widget_type=\"heading.default\">\n\t\t\t\t<div class=\"elementor-widget-container\">\n\t\t\t\t\t<h2 class=\"elementor-heading-title elementor-size-default\">Ph\u1ee5 ki\u1ec7n van kh\u00ed n\u00e9n:<\/h2>\t\t\t\t<\/div>\n\t\t\t\t<\/div>\n\t\t\t\t<\/div>\n\t\t<div class=\"elementor-element elementor-element-29c98da8 e-flex e-con-boxed e-con e-parent\" data-id=\"29c98da8\" data-element_type=\"container\" data-e-type=\"container\" data-settings=\"{&quot;ekit_has_onepagescroll_dot&quot;:&quot;yes&quot;}\">\n\t\t\t\t\t<div class=\"e-con-inner\">\n\t\t<div class=\"elementor-element elementor-element-24d0d7fe e-flex e-con-boxed e-con e-child\" data-id=\"24d0d7fe\" data-element_type=\"container\" data-e-type=\"container\" data-settings=\"{&quot;ekit_has_onepagescroll_dot&quot;:&quot;yes&quot;}\">\n\t\t\t\t\t<div class=\"e-con-inner\">\n\t\t<div class=\"elementor-element elementor-element-6a991f18 e-con-full e-flex e-con e-child\" data-id=\"6a991f18\" data-element_type=\"container\" data-e-type=\"container\" data-settings=\"{&quot;ekit_has_onepagescroll_dot&quot;:&quot;yes&quot;}\">\n\t\t\t\t<div class=\"elementor-element elementor-element-1c5ff5fb elementor-widget__width-initial elementor-widget elementor-widget-image\" data-id=\"1c5ff5fb\" data-element_type=\"widget\" data-e-type=\"widget\" data-settings=\"{&quot;ekit_we_effect_on&quot;:&quot;none&quot;}\" data-widget_type=\"image.default\">\n\t\t\t\t<div class=\"elementor-widget-container\">\n\t\t\t\t\t\t\t\t\t\t\t\t\t\t\t<img decoding=\"async\" width=\"1024\" height=\"328\" src=\"https:\/\/www.delcofluid.com\/wp-content\/uploads\/2025\/02\/\u672a\u6807\u9898-1www.webp\" class=\"attachment-large size-large wp-image-13005\" alt=\"DELCO Pneumatic Actuator2201612\" srcset=\"https:\/\/www.delcofluid.com\/wp-content\/uploads\/2025\/02\/\u672a\u6807\u9898-1www.webp 1024w, https:\/\/www.delcofluid.com\/wp-content\/uploads\/2025\/02\/\u672a\u6807\u9898-1www-300x96.webp 300w, https:\/\/www.delcofluid.com\/wp-content\/uploads\/2025\/02\/\u672a\u6807\u9898-1www-768x246.webp 768w, https:\/\/www.delcofluid.com\/wp-content\/uploads\/2025\/02\/\u672a\u6807\u9898-1www-18x6.webp 18w, https:\/\/www.delcofluid.com\/wp-content\/uploads\/2025\/02\/\u672a\u6807\u9898-1www-600x192.webp 600w\" sizes=\"(max-width: 1024px) 100vw, 1024px\" \/>\t\t\t\t\t\t\t\t\t\t\t\t\t\t\t<\/div>\n\t\t\t\t<\/div>\n\t\t\t\t<\/div>\n\t\t\t\t\t<\/div>\n\t\t\t\t<\/div>\n\t\t\t\t\t<\/div>\n\t\t\t\t<\/div>\n\t\t<div class=\"elementor-element elementor-element-8d1ed05 e-flex e-con-boxed e-con e-parent\" data-id=\"8d1ed05\" data-element_type=\"container\" data-e-type=\"container\" data-settings=\"{&quot;ekit_has_onepagescroll_dot&quot;:&quot;yes&quot;}\">\n\t\t\t\t\t<div class=\"e-con-inner\">\n\t\t\t\t<div class=\"elementor-element elementor-element-229f8d8a elementor-widget elementor-widget-text-editor\" data-id=\"229f8d8a\" data-element_type=\"widget\" data-e-type=\"widget\" data-settings=\"{&quot;ekit_we_effect_on&quot;:&quot;none&quot;}\" data-widget_type=\"text-editor.default\">\n\t\t\t\t<div class=\"elementor-widget-container\">\n\t\t\t\t\t\t\t\t\t<div class=\"elementor-element elementor-element-55adfb20 elementor-widget elementor-widget-text-editor\" data-id=\"55adfb20\" data-element_type=\"widget\" data-settings=\"{&quot;ekit_we_effect_on&quot;:&quot;none&quot;}\" data-widget_type=\"text-editor.default\"><div class=\"elementor-widget-container\"><p><strong>B\u1ed9 x\u1eed l\u00fd ngu\u1ed3n kh\u00f4ng kh\u00ed:\u00a0\u00a0<\/strong>B\u1ed9 ba kh\u00ed n\u00e9n, m\u1ed9t ph\u1ee5 ki\u1ec7n quan tr\u1ecdng cho van kh\u00ed n\u00e9n, k\u1ebft h\u1ee3p ch\u1ee9c n\u0103ng l\u1ecdc, gi\u1ea3m \u00e1p su\u1ea5t v\u00e0 b\u00f4i tr\u01a1n. Van gi\u1ea3m \u00e1p \u0111i\u1ec1u ch\u1ec9nh \u00e1p su\u1ea5t \u0111\u1ea7u v\u00e0o th\u00e0nh \u00e1p su\u1ea5t \u0111\u1ea7u ra \u1ed5n \u0111\u1ecbnh, s\u1eed d\u1ee5ng n\u0103ng l\u01b0\u1ee3ng c\u1ee7a m\u00f4i tr\u01b0\u1eddng. Trong c\u00e1c c\u1ee5m hai m\u1ea3nh, n\u00f3 k\u1ebft h\u1ee3p v\u1edbi b\u1ed9 l\u1ecdc \u0111\u1ec3 l\u1ecdc kh\u00ed n\u00e9n. Trong c\u1ea5u h\u00ecnh ba m\u1ea3nh, n\u00f3 b\u1ed5 sung ch\u1ea5t b\u00f4i tr\u01a1n cho kh\u00ed, \u0111\u1ea3m b\u1ea3o ho\u1ea1t \u0111\u1ed9ng hi\u1ec7u qu\u1ea3.<\/p><\/div><\/div><div class=\"elementor-element elementor-element-65aef577 elementor-widget elementor-widget-text-editor\" data-id=\"65aef577\" data-element_type=\"widget\" data-settings=\"{&quot;ekit_we_effect_on&quot;:&quot;none&quot;}\" data-widget_type=\"text-editor.default\"><div class=\"elementor-widget-container\"><p><strong>Van \u0111i\u1ec7n t\u1eeb kh\u00ed n\u00e9n:\u00a0\u00a0<\/strong>Van \u0111i\u1ec7n t\u1eeb kh\u00ed n\u00e9n, c\u00f2n \u0111\u01b0\u1ee3c g\u1ecdi l\u00e0 van \u0111i\u1ec1u khi\u1ec3n h\u01b0\u1edbng, l\u00e0 m\u1ed9t th\u00e0nh ph\u1ea7n quan tr\u1ecdng \u0111\u1ec3 \u0111i\u1ec1u ch\u1ec9nh vi\u1ec7c \u0111\u00f3ng m\u1edf van kh\u00ed n\u00e9n. N\u00f3 ho\u1ea1t \u0111\u1ed9ng b\u1eb1ng c\u00e1ch t\u1eeb h\u00f3a v\u00e0 kh\u1eed t\u1eeb, \u0111i\u1ec1u khi\u1ec3n lu\u1ed3ng kh\u00ed d\u1ef1a tr\u00ean t\u00edn hi\u1ec7u \u0111i\u1ec7n \u00e1p. Th\u01b0\u1eddng \u0111\u01b0\u1ee3c s\u1eed d\u1ee5ng \u0111\u1ec3 qu\u1ea3n l\u00fd ngu\u1ed3n kh\u00ed v\u00e0 lu\u1ed3ng m\u1ea1ch, c\u00e1c van n\u00e0y cung c\u1ea5p kh\u1ea3 n\u0103ng ki\u1ec3m so\u00e1t ch\u00ednh x\u00e1c c\u00e1c ho\u1ea1t \u0111\u1ed9ng c\u1ee7a van th\u00f4ng qua t\u00edn hi\u1ec7u \u0111i\u1ec7n \u00e1p.<\/p><\/div><\/div><div class=\"elementor-element elementor-element-2ca00d77 elementor-widget elementor-widget-text-editor\" data-id=\"2ca00d77\" data-element_type=\"widget\" data-settings=\"{&quot;ekit_we_effect_on&quot;:&quot;none&quot;}\" data-widget_type=\"text-editor.default\"><div class=\"elementor-widget-container\"><p><strong>C\u00f4ng t\u1eafc gi\u1edbi h\u1ea1n:\u00a0\u00a0<\/strong>C\u00f4ng t\u1eafc gi\u1edbi h\u1ea1n van, c\u00f2n \u0111\u01b0\u1ee3c g\u1ecdi l\u00e0 c\u00f4ng t\u1eafc h\u00e0nh tr\u00ecnh, l\u00e0 m\u1ed9t thi\u1ebft b\u1ecb hi\u1ec7n tr\u01b0\u1eddng quan tr\u1ecdng trong c\u00e1c h\u1ec7 th\u1ed1ng \u0111i\u1ec1u khi\u1ec3n t\u1ef1 \u0111\u1ed9ng. N\u00f3 ph\u00e1t hi\u1ec7n tr\u1ea1ng th\u00e1i c\u1ee7a van v\u00e0 \u0111\u01b0a ra t\u00edn hi\u1ec7u cho c\u00e1c v\u1ecb tr\u00ed m\u1edf ho\u1eb7c \u0111\u00f3ng. C\u00f4ng t\u1eafc n\u00e0y r\u1ea5t c\u1ea7n thi\u1ebft \u0111\u1ec3 x\u00e1c nh\u1eadn v\u00e0 th\u1ef1c hi\u1ec7n c\u00e1c ch\u01b0\u01a1ng tr\u00ecnh ti\u1ebfp theo c\u1ee7a l\u1eadp tr\u00ecnh vi\u00ean. Ngo\u00e0i ra, n\u00f3 c\u00f2n \u0111\u00f3ng vai tr\u00f2 l\u00e0 m\u1ed9t th\u00e0nh ph\u1ea7n quan tr\u1ecdng \u0111\u1ec3 b\u1ea3o v\u1ec7 li\u00ean \u0111\u1ed9ng van v\u00e0 ch\u1ec9 b\u00e1o c\u1ea3nh b\u00e1o t\u1eeb xa trong h\u1ec7 th\u1ed1ng. N\u00f3 ch\u1ec9 b\u00e1o v\u00e0 cung c\u1ea5p ph\u1ea3n h\u1ed3i hi\u1ec7u qu\u1ea3 v\u1ec1 v\u1ecb tr\u00ed gi\u1edbi h\u1ea1n chuy\u1ec3n \u0111\u1ed9ng c\u1ee7a thi\u1ebft b\u1ecb c\u01a1 kh\u00ed.<\/p><\/div><\/div><div class=\"elementor-element elementor-element-388afed4 elementor-widget elementor-widget-text-editor\" data-id=\"388afed4\" data-element_type=\"widget\" data-settings=\"{&quot;ekit_we_effect_on&quot;:&quot;none&quot;}\" data-widget_type=\"text-editor.default\"><div class=\"elementor-widget-container\"><p><strong>B\u1ed9 \u0111\u1ecbnh v\u1ecb van:\u00a0\u00a0<\/strong>B\u1ed9 \u0111\u1ecbnh v\u1ecb van l\u00e0 m\u1ed9t th\u00e0nh ph\u1ea7n quan tr\u1ecdng c\u1ee7a van \u0111i\u1ec1u khi\u1ec3n kh\u00ed n\u00e9n, cho ph\u00e9p ki\u1ec3m so\u00e1t ch\u00ednh x\u00e1c v\u1ecb tr\u00ed c\u1ee7a van. N\u00f3 s\u1eed d\u1ee5ng t\u00edn hi\u1ec7u d\u1ecbch chuy\u1ec3n th\u00e2n van l\u00e0m ph\u1ea3n h\u1ed3i \u0111\u1ea7u v\u00e0o v\u00e0 t\u00edn hi\u1ec7u \u0111\u1ea7u ra c\u1ee7a b\u1ed9 \u0111i\u1ec1u khi\u1ec3n l\u00e0m t\u00edn hi\u1ec7u \u0111i\u1ec1u khi\u1ec3n. B\u1eb1ng c\u00e1ch so s\u00e1nh c\u00e1c t\u00edn hi\u1ec7u n\u00e0y, b\u1ea5t k\u1ef3 \u0111\u1ed9 l\u1ec7ch n\u00e0o c\u0169ng k\u00edch ho\u1ea1t c\u00e1c \u0111i\u1ec1u ch\u1ec9nh \u0111\u1ed1i v\u1edbi t\u00edn hi\u1ec7u \u0111\u1ea7u ra c\u1ee7a b\u1ed9 truy\u1ec1n \u0111\u1ed9ng, \u0111\u1ea3m b\u1ea3o s\u1ef1 t\u01b0\u01a1ng \u1ee9ng tr\u1ef1c ti\u1ebfp gi\u1eefa d\u1ecbch chuy\u1ec3n th\u00e2n van v\u00e0 \u0111\u1ea7u ra c\u1ee7a b\u1ed9 \u0111i\u1ec1u khi\u1ec3n.<\/p><\/div><\/div><div class=\"elementor-element elementor-element-18f93632 elementor-widget elementor-widget-text-editor\" data-id=\"18f93632\" data-element_type=\"widget\" data-settings=\"{&quot;ekit_we_effect_on&quot;:&quot;none&quot;}\" data-widget_type=\"text-editor.default\"><div class=\"elementor-widget-container\"><p><strong>Thi\u1ebft b\u1ecb th\u1ee7 c\u00f4ng:\u00a0\u00a0<\/strong>Thi\u1ebft b\u1ecb th\u1ee7 c\u00f4ng l\u00e0 m\u1ed9t th\u00e0nh ph\u1ea7n thi\u1ebft y\u1ebfu b\u1ed5 sung cho c\u1ee5m b\u1ed9 truy\u1ec1n \u0111\u1ed9ng kh\u00ed n\u00e9n. N\u00f3 gi\u00fap t\u1ea1o \u0111i\u1ec1u ki\u1ec7n thu\u1eadn l\u1ee3i cho ho\u1ea1t \u0111\u1ed9ng th\u1ee7 c\u00f4ng ho\u1eb7c kh\u00ed n\u00e9n \u0111\u1ed1i v\u1edbi van b\u01b0\u1edbm v\u00e0 van bi c\u00f3 g\u00f3c m\u1edf 90\u00b0. C\u01a1 ch\u1ebf n\u00e0y r\u1ea5t quan tr\u1ecdng \u0111\u1ec3 \u0111\u1ea3m b\u1ea3o t\u00ednh linh ho\u1ea1t v\u00e0 \u0111a n\u0103ng trong ho\u1ea1t \u0111\u1ed9ng c\u1ee7a van, cho ph\u00e9p \u0111i\u1ec1u khi\u1ec3n th\u1ee7 c\u00f4ng v\u00e0 t\u1ef1 \u0111\u1ed9ng khi c\u1ea7n.<\/p><\/div><\/div>\t\t\t\t\t\t\t\t<\/div>\n\t\t\t\t<\/div>\n\t\t\t\t\t<\/div>\n\t\t\t\t<\/div>\n\t\t<div class=\"elementor-element elementor-element-347eac96 e-flex e-con-boxed e-con e-parent\" data-id=\"347eac96\" data-element_type=\"container\" data-e-type=\"container\" data-settings=\"{&quot;ekit_has_onepagescroll_dot&quot;:&quot;yes&quot;}\">\n\t\t\t\t\t<div class=\"e-con-inner\">\n\t\t\t\t\t<\/div>\n\t\t\t\t<\/div>\n\t\t\t\t<\/div>","protected":false},"excerpt":{"rendered":"<div class=\"flex-1 overflow-hidden\">\n<div class=\"react-scroll-to-bottom--css-ymjnl-79elbk h-full\">\n<div class=\"react-scroll-to-bottom--css-ymjnl-1n7m0yu\">\n<div class=\"flex flex-col text-sm\">\n<div class=\"w-full text-token-text-primary\" dir=\"auto\" data-testid=\"conversation-turn-31\">\n<div class=\"px-4 py-2 justify-center text-base md:gap-6 m-auto\">\n<div class=\"flex flex-1 text-base mx-auto gap-3 juice:gap-4 juice:md:gap-6 md:px-5 lg:px-1 xl:px-5 md:max-w-3xl lg:max-w-[40rem] xl:max-w-[48rem]\">\n<div class=\"relative flex w-full flex-col agent-turn\">\n<div class=\"flex-col gap-1 md:gap-3\">\n<div class=\"flex flex-grow flex-col max-w-full\">\n<div class=\"min-h-[20px] text-message flex flex-col items-start gap-3 whitespace-pre-wrap break-words [.text-message+&amp;]:mt-5 overflow-x-auto\" dir=\"auto\" data-message-author-role=\"assistant\" data-message-id=\"4a6d6b9a-2028-48e5-bb27-c229b9ba8f05\">\n<div class=\"markdown prose w-full break-words dark:prose-invert light\">\n<p>A pneumatic gate valve refers to a gate valve combined with a piston pneumatic actuator. By utilizing this actuator and pneumatic components, the valve can be remotely controlled to enable industrial automation. Its key characteristics include swift responsiveness, cost efficiency, and intelligence. This type of valve finds extensive applications in industries such as wastewater treatment, paper and pulp production, water dams, and more.<\/p>\n<p>As a leading electric ball valve manufacturer, DELCO provides a wide range of control valves and actuators suitable for various applications. We offer comprehensive solutions to meet the diverse needs of our customers, ensuring reliable performance and efficient operation.<\/p>\n<\/div>\n<\/div>\n<\/div>\n<\/div>\n<\/div>\n<\/div>\n<\/div>\n<\/div>\n<\/div>\n<\/div>\n<\/div>\n<\/div>\n<p><strong>Model:<\/strong>Linear Pneumatic Gate Valve<\/p>\n<p><strong>Size Range:<\/strong> DN15 to DN150<\/p>\n<p><strong>Pressure Range:<\/strong>16bar to 25bar<\/p>\n<p><strong>Material:<\/strong>Stainless Steel or Carbon Steel<\/p>\n","protected":false},"featured_media":12996,"template":"","meta":{"site-sidebar-layout":"default","site-content-layout":"","ast-site-content-layout":"default","site-content-style":"default","site-sidebar-style":"default","ast-global-header-display":"","ast-banner-title-visibility":"","ast-main-header-display":"","ast-hfb-above-header-display":"","ast-hfb-below-header-display":"","ast-hfb-mobile-header-display":"","site-post-title":"","ast-breadcrumbs-content":"","ast-featured-img":"","footer-sml-layout":"","ast-disable-related-posts":"","theme-transparent-header-meta":"default","adv-header-id-meta":"","stick-header-meta":"","header-above-stick-meta":"","header-main-stick-meta":"","header-below-stick-meta":"","astra-migrate-meta-layouts":"set","ast-page-background-enabled":"default","ast-page-background-meta":{"desktop":{"background-color":"var(--ast-global-color-4)","background-image":"","background-repeat":"repeat","background-position":"center center","background-size":"auto","background-attachment":"scroll","background-type":"","background-media":"","overlay-type":"","overlay-color":"","overlay-opacity":"","overlay-gradient":""},"tablet":{"background-color":"","background-image":"","background-repeat":"repeat","background-position":"center center","background-size":"auto","background-attachment":"scroll","background-type":"","background-media":"","overlay-type":"","overlay-color":"","overlay-opacity":"","overlay-gradient":""},"mobile":{"background-color":"","background-image":"","background-repeat":"repeat","background-position":"center center","background-size":"auto","background-attachment":"scroll","background-type":"","background-media":"","overlay-type":"","overlay-color":"","overlay-opacity":"","overlay-gradient":""}},"ast-content-background-meta":{"desktop":{"background-color":"var(--ast-global-color-5)","background-image":"","background-repeat":"repeat","background-position":"center center","background-size":"auto","background-attachment":"scroll","background-type":"","background-media":"","overlay-type":"","overlay-color":"","overlay-opacity":"","overlay-gradient":""},"tablet":{"background-color":"var(--ast-global-color-5)","background-image":"","background-repeat":"repeat","background-position":"center center","background-size":"auto","background-attachment":"scroll","background-type":"","background-media":"","overlay-type":"","overlay-color":"","overlay-opacity":"","overlay-gradient":""},"mobile":{"background-color":"var(--ast-global-color-5)","background-image":"","background-repeat":"repeat","background-position":"center center","background-size":"auto","background-attachment":"scroll","background-type":"","background-media":"","overlay-type":"","overlay-color":"","overlay-opacity":"","overlay-gradient":""}}},"product_brand":[],"product_cat":[942,35,33],"product_tag":[945,946,561,560,459,458,943,944,73,56],"class_list":{"0":"post-12994","1":"product","2":"type-product","3":"status-publish","4":"has-post-thumbnail","6":"product_cat-pneumatic-gate-valve","7":"product_cat-pneumatic-valves","8":"product_cat-products","9":"product_tag-flange-gate-valve","10":"product_tag-flange-gate-valves","11":"product_tag-gate-valve","12":"product_tag-gate-valves","13":"product_tag-pneumatic-actuator-valve","14":"product_tag-pneumatic-actuator-valves","15":"product_tag-pneumatic-gate-valve","16":"product_tag-pneumatic-gate-valves","17":"product_tag-valve","18":"product_tag-valves","19":"desktop-align-center","20":"tablet-align-left","21":"mobile-align-left","23":"first","24":"instock","25":"shipping-taxable","26":"product-type-simple"},"_links":{"self":[{"href":"https:\/\/www.delcofluid.com\/vi\/wp-json\/wp\/v2\/product\/12994","targetHints":{"allow":["GET"]}}],"collection":[{"href":"https:\/\/www.delcofluid.com\/vi\/wp-json\/wp\/v2\/product"}],"about":[{"href":"https:\/\/www.delcofluid.com\/vi\/wp-json\/wp\/v2\/types\/product"}],"version-history":[{"count":0,"href":"https:\/\/www.delcofluid.com\/vi\/wp-json\/wp\/v2\/product\/12994\/revisions"}],"wp:featuredmedia":[{"embeddable":true,"href":"https:\/\/www.delcofluid.com\/vi\/wp-json\/wp\/v2\/media\/12996"}],"wp:attachment":[{"href":"https:\/\/www.delcofluid.com\/vi\/wp-json\/wp\/v2\/media?parent=12994"}],"wp:term":[{"taxonomy":"product_brand","embeddable":true,"href":"https:\/\/www.delcofluid.com\/vi\/wp-json\/wp\/v2\/product_brand?post=12994"},{"taxonomy":"product_cat","embeddable":true,"href":"https:\/\/www.delcofluid.com\/vi\/wp-json\/wp\/v2\/product_cat?post=12994"},{"taxonomy":"product_tag","embeddable":true,"href":"https:\/\/www.delcofluid.com\/vi\/wp-json\/wp\/v2\/product_tag?post=12994"}],"curies":[{"name":"wp","href":"https:\/\/api.w.org\/{rel}","templated":true}]}}