{"id":13094,"date":"2025-02-24T09:12:26","date_gmt":"2025-02-24T09:12:26","guid":{"rendered":"https:\/\/www.delcofluid.com\/?post_type=product&#038;p=13094"},"modified":"2025-02-25T01:06:38","modified_gmt":"2025-02-25T01:06:38","slug":"delco-stainless-steel-epdm-seated-wafer-manual-butterfly-valve","status":"publish","type":"product","link":"https:\/\/www.delcofluid.com\/vi\/san-pham\/delco-stainless-steel-epdm-seated-wafer-manual-butterfly-valve\/","title":{"rendered":"Van b\u01b0\u1edbm th\u1ee7 c\u00f4ng wafer EPDM b\u1eb1ng th\u00e9p kh\u00f4ng g\u1ec9 DELCO"},"content":{"rendered":"<div data-elementor-type=\"product-post\" data-elementor-id=\"13094\" class=\"elementor elementor-13094\" data-elementor-post-type=\"product\">\n\t\t\t\t<div class=\"elementor-element elementor-element-6fb59a60 e-flex e-con-boxed e-con e-parent\" data-id=\"6fb59a60\" data-element_type=\"container\" data-e-type=\"container\" data-settings=\"{&quot;ekit_has_onepagescroll_dot&quot;:&quot;yes&quot;}\">\n\t\t\t\t\t<div class=\"e-con-inner\">\n\t\t<div class=\"elementor-element elementor-element-b2e102c e-con-full e-flex e-con e-child\" data-id=\"b2e102c\" data-element_type=\"container\" data-e-type=\"container\" data-settings=\"{&quot;ekit_has_onepagescroll_dot&quot;:&quot;yes&quot;}\">\n\t\t\t\t<div class=\"elementor-element elementor-element-4c3cf80 elementor-widget elementor-widget-heading\" data-id=\"4c3cf80\" data-element_type=\"widget\" data-e-type=\"widget\" data-settings=\"{&quot;ekit_we_effect_on&quot;:&quot;none&quot;}\" data-widget_type=\"heading.default\">\n\t\t\t\t<div class=\"elementor-widget-container\">\n\t\t\t\t\t<h2 class=\"elementor-heading-title elementor-size-default\">\u0110\u1eb7c tr\u01b0ng<\/h2>\t\t\t\t<\/div>\n\t\t\t\t<\/div>\n\t\t\t\t<div class=\"elementor-element elementor-element-1af4cc68 elementor-widget__width-initial elementor-widget elementor-widget-text-editor\" data-id=\"1af4cc68\" data-element_type=\"widget\" data-e-type=\"widget\" data-settings=\"{&quot;ekit_we_effect_on&quot;:&quot;none&quot;}\" data-widget_type=\"text-editor.default\">\n\t\t\t\t<div class=\"elementor-widget-container\">\n\t\t\t\t\t\t\t\t\t<ul><li>Ch\u1ed1ng \u0103n m\u00f2n: \u0110\u01b0\u1ee3c l\u00e0m b\u1eb1ng v\u1eadt li\u1ec7u th\u00e9p kh\u00f4ng g\u1ec9 c\u00f3 kh\u1ea3 n\u0103ng ch\u1ed1ng \u0103n m\u00f2n t\u1ed1t, ph\u00f9 h\u1ee3p v\u1edbi nhi\u1ec1u m\u00f4i tr\u01b0\u1eddng \u0103n m\u00f2n.<\/li><li>Thi\u1ebft k\u1ebf k\u1eb9p: \u0110\u01b0\u1ee3c thi\u1ebft k\u1ebf theo ki\u1ec3u k\u1eb9p, d\u1ec5 l\u1eafp \u0111\u1eb7t, c\u00f3 th\u1ec3 l\u1eafp tr\u1ef1c ti\u1ebfp gi\u1eefa c\u00e1c m\u1eb7t b\u00edch, \u00e1p d\u1ee5ng cho nhi\u1ec1u h\u1ec7 th\u1ed1ng \u0111\u01b0\u1eddng \u1ed1ng kh\u00e1c nhau.<\/li><li>V\u1eadn h\u00e0nh th\u1ee7 c\u00f4ng: \u00c1p d\u1ee5ng v\u1eadn h\u00e0nh th\u1ee7 c\u00f4ng, d\u1ec5 v\u1eadn h\u00e0nh, ng\u01b0\u1eddi v\u1eadn h\u00e0nh c\u00f3 th\u1ec3 tr\u1ef1c ti\u1ebfp ki\u1ec3m so\u00e1t l\u01b0u l\u01b0\u1ee3ng v\u00e0 c\u00f4ng t\u1eafc van.<\/li><li>\u0110\u01b0\u1ee3c s\u1eed d\u1ee5ng r\u1ed9ng r\u00e3i: Th\u00edch h\u1ee3p cho c\u00e1c h\u1ec7 th\u1ed1ng ki\u1ec3m so\u00e1t ch\u1ea5t l\u1ecfng trong nhi\u1ec1u ng\u00e0nh c\u00f4ng nghi\u1ec7p kh\u00e1c nhau, ch\u1eb3ng h\u1ea1n nh\u01b0 h\u00f3a ch\u1ea5t, ch\u1ebf bi\u1ebfn th\u1ef1c ph\u1ea9m, d\u01b0\u1ee3c ph\u1ea9m v\u00e0 c\u00e1c l\u0129nh v\u1ef1c kh\u00e1c.<\/li><li>\u0110\u1ed9 b\u1ec1n: C\u1ea5u tr\u00fac ch\u1eafc ch\u1eafn v\u00e0 thi\u1ebft k\u1ebf h\u1ee3p l\u00fd, tu\u1ed5i th\u1ecd cao v\u00e0 hi\u1ec7u su\u1ea5t \u1ed5n \u0111\u1ecbnh.<\/li><li>\u0110\u1ed9 tin c\u1eady: Cung c\u1ea5p kh\u1ea3 n\u0103ng ki\u1ec3m so\u00e1t l\u01b0u l\u01b0\u1ee3ng v\u00e0 hi\u1ec7u su\u1ea5t b\u1ecbt k\u00edn \u0111\u00e1ng tin c\u1eady \u0111\u1ec3 \u0111\u1ea3m b\u1ea3o h\u1ec7 th\u1ed1ng ch\u1ea1y tr\u01a1n tru v\u00e0 \u0111\u00e1p \u1ee9ng c\u00e1c y\u00eau c\u1ea7u c\u1ee7a quy tr\u00ecnh.<\/li><\/ul>\t\t\t\t\t\t\t\t<\/div>\n\t\t\t\t<\/div>\n\t\t\t\t<\/div>\n\t\t\t\t<div class=\"elementor-element elementor-element-8e57110 elementor-widget elementor-widget-image\" data-id=\"8e57110\" data-element_type=\"widget\" data-e-type=\"widget\" data-settings=\"{&quot;ekit_we_effect_on&quot;:&quot;none&quot;}\" data-widget_type=\"image.default\">\n\t\t\t\t<div class=\"elementor-widget-container\">\n\t\t\t\t\t\t\t\t\t\t\t\t\t\t\t<img fetchpriority=\"high\" decoding=\"async\" width=\"768\" height=\"759\" src=\"https:\/\/www.delcofluid.com\/wp-content\/uploads\/2024\/03\/product-finder-graphic-3-x900.jpg\" class=\"attachment-large size-large wp-image-2576\" alt=\"Solenoid Valves\" srcset=\"https:\/\/www.delcofluid.com\/wp-content\/uploads\/2024\/03\/product-finder-graphic-3-x900.jpg 768w, https:\/\/www.delcofluid.com\/wp-content\/uploads\/2024\/03\/product-finder-graphic-3-x900-100x100.jpg 100w, https:\/\/www.delcofluid.com\/wp-content\/uploads\/2024\/03\/product-finder-graphic-3-x900-600x593.jpg 600w, https:\/\/www.delcofluid.com\/wp-content\/uploads\/2024\/03\/product-finder-graphic-3-x900-300x296.jpg 300w\" sizes=\"(max-width: 768px) 100vw, 768px\" \/>\t\t\t\t\t\t\t\t\t\t\t\t\t\t\t<\/div>\n\t\t\t\t<\/div>\n\t\t\t\t\t<\/div>\n\t\t\t\t<\/div>\n\t\t<div class=\"elementor-element elementor-element-a55eeda e-flex e-con-boxed e-con e-parent\" data-id=\"a55eeda\" data-element_type=\"container\" data-e-type=\"container\" data-settings=\"{&quot;background_background&quot;:&quot;classic&quot;,&quot;ekit_has_onepagescroll_dot&quot;:&quot;yes&quot;}\">\n\t\t\t\t\t<div class=\"e-con-inner\">\n\t\t\t\t<div class=\"elementor-element elementor-element-585e9d9 elementor-widget elementor-widget-heading\" data-id=\"585e9d9\" data-element_type=\"widget\" data-e-type=\"widget\" data-settings=\"{&quot;ekit_we_effect_on&quot;:&quot;none&quot;}\" data-widget_type=\"heading.default\">\n\t\t\t\t<div class=\"elementor-widget-container\">\n\t\t\t\t\t<h2 class=\"elementor-heading-title elementor-size-default\">Th\u00f4ng s\u1ed1 k\u1ef9 thu\u1eadt<\/h2>\t\t\t\t<\/div>\n\t\t\t\t<\/div>\n\t\t\t\t\t<\/div>\n\t\t\t\t<\/div>\n\t\t<div class=\"elementor-element elementor-element-3414eb9 e-con-full e-flex e-con e-parent\" data-id=\"3414eb9\" data-element_type=\"container\" data-e-type=\"container\" data-settings=\"{&quot;background_background&quot;:&quot;classic&quot;,&quot;ekit_has_onepagescroll_dot&quot;:&quot;yes&quot;}\">\n\t\t\t\t<div class=\"elementor-element elementor-element-13df62f elementor-widget__width-initial elementor-widget elementor-widget-text-editor\" data-id=\"13df62f\" data-element_type=\"widget\" data-e-type=\"widget\" data-settings=\"{&quot;ekit_we_effect_on&quot;:&quot;none&quot;}\" data-widget_type=\"text-editor.default\">\n\t\t\t\t<div class=\"elementor-widget-container\">\n\t\t\t\t\t\t\t\t\t<table width=\"855\"><tbody><tr><td width=\"159\">K\u00edch th\u01b0\u1edbc c\u1ed5ng:<\/td><td width=\"205\">\u00a02\u2033 \u0111\u1ebfn 40\u2033<\/td><td width=\"146\">V\u1eadt li\u1ec7u:<\/td><td width=\"345\">Th\u00e9p kh\u00f4ng g\u1ec9<\/td><\/tr><tr><td width=\"159\">\u00c1p l\u1ef1c:<\/td><td>1,0 \u0111\u1ebfn 1,6MPa<\/td><td width=\"146\">Ch\u1ea5t li\u1ec7u \u0111\u0129a:\u00a0<\/td><td width=\"345\">Th\u00e9p kh\u00f4ng g\u1ec9<\/td><\/tr><tr><td width=\"159\">B\u1ea3o h\u00e0nh\uff1a<\/td><td width=\"205\">12 con b\u01b0\u1edbm \u0111\u00eam<\/td><td width=\"146\">Ch\u1ee9c n\u0103ng:<\/td><td width=\"345\">Th\u1ee7 c\u00f4ng<\/td><\/tr><tr><td width=\"159\">Ti\u00eau chu\u1ea9n m\u1eb7t b\u00edch:<\/td><td width=\"205\">GB, ANSI, JIS, DIN, v.v.<\/td><td width=\"146\">Ph\u01b0\u01a1ng ti\u1ec7n truy\u1ec1n th\u00f4ng ph\u00f9 h\u1ee3p<\/td><td width=\"345\">Kh\u00f4ng kh\u00ed, kh\u00ed tr\u01a1, d\u1ea7u, n\u01b0\u1edbc bi\u1ec3n, n\u01b0\u1edbc v\u00e0 c\u00e1c m\u00f4i tr\u01b0\u1eddng kh\u00e1c.<\/td><\/tr><\/tbody><\/table>\t\t\t\t\t\t\t\t<\/div>\n\t\t\t\t<\/div>\n\t\t\t\t<\/div>\n\t\t<div class=\"elementor-element elementor-element-daef6c8 e-con-full e-flex e-con e-parent\" data-id=\"daef6c8\" data-element_type=\"container\" data-e-type=\"container\" data-settings=\"{&quot;ekit_has_onepagescroll_dot&quot;:&quot;yes&quot;}\">\n\t\t\t\t<div class=\"elementor-element elementor-element-52ddb61 elementor-widget elementor-widget-heading\" data-id=\"52ddb61\" data-element_type=\"widget\" data-e-type=\"widget\" data-settings=\"{&quot;ekit_we_effect_on&quot;:&quot;none&quot;}\" data-widget_type=\"heading.default\">\n\t\t\t\t<div class=\"elementor-widget-container\">\n\t\t\t\t\t<h2 class=\"elementor-heading-title elementor-size-default\">\u1ee8ng d\u1ee5ng<\/h2>\t\t\t\t<\/div>\n\t\t\t\t<\/div>\n\t\t\t\t<div class=\"elementor-element elementor-element-ac1034b elementor-widget elementor-widget-text-editor\" data-id=\"ac1034b\" data-element_type=\"widget\" data-e-type=\"widget\" data-settings=\"{&quot;ekit_we_effect_on&quot;:&quot;none&quot;}\" data-widget_type=\"text-editor.default\">\n\t\t\t\t<div class=\"elementor-widget-container\">\n\t\t\t\t\t\t\t\t\t<p>1. Trong x\u1eed l\u00fd ch\u1ea5t l\u1ecfng:<br \/>\u00a0C\u00e1c van n\u00e0y \u0111\u01b0\u1ee3c s\u1eed d\u1ee5ng r\u1ed9ng r\u00e3i trong ng\u00e0nh c\u00f4ng nghi\u1ec7p h\u00f3a ch\u1ea5t v\u00e0 th\u1ef1c ph\u1ea9m \u0111\u1ec3 \u0111i\u1ec1u ch\u1ec9nh v\u00e0 \u0111\u00f3ng d\u00f2ng ch\u1ea3y, \u0111\u1ea3m b\u1ea3o ho\u1ea1t \u0111\u1ed9ng tr\u01a1n tru. Trong d\u1ea7u kh\u00ed, ch\u00fang ki\u1ec3m so\u00e1t l\u01b0u l\u01b0\u1ee3ng trong \u0111\u01b0\u1eddng \u1ed1ng v\u00e0 h\u1ec7 th\u1ed1ng b\u00f4i tr\u01a1n, t\u1ed1i \u01b0u h\u00f3a vi\u1ec7c x\u1eed l\u00fd s\u1ea3n ph\u1ea9m d\u1ea7u m\u1ecf.<br \/>2. Trong x\u1eed l\u00fd b\u1ed9t:<br \/>C\u00e1c van ki\u1ec3m so\u00e1t d\u00f2ng b\u1ed9t v\u00e0 \u0111\u1ea3m b\u1ea3o c\u00e1ch ly m\u00f4i tr\u01b0\u1eddng, r\u1ea5t quan tr\u1ecdng trong s\u1ea3n xu\u1ea5t d\u01b0\u1ee3c ph\u1ea9m v\u00e0 ph\u00e2n b\u00f3n. Trong h\u1ec7 th\u1ed1ng h\u01a1i n\u01b0\u1edbc, ch\u00fang qu\u1ea3n l\u00fd d\u00f2ng h\u01a1i trong nh\u00e0 m\u00e1y \u0111i\u1ec7n v\u00e0 n\u1ed3i h\u01a1i, cho ph\u00e9p truy\u1ec1n n\u0103ng l\u01b0\u1ee3ng nhi\u1ec7t hi\u1ec7u qu\u1ea3.<br \/>3. Trong ch\u1ebf bi\u1ebfn kh\u00ed:<br \/>Van b\u01b0\u1edbm m\u1eb7t b\u00edch th\u1ee7 c\u00f4ng \u0111i\u1ec1u ch\u1ec9nh l\u01b0u l\u01b0\u1ee3ng kh\u00ed v\u00e0 \u0111\u00f3ng ph\u01b0\u01a1ng ti\u1ec7n, \u0111\u1ea3m b\u1ea3o v\u1eadn chuy\u1ec3n kh\u00f4ng kh\u00ed v\u00e0 kh\u00ed tr\u01a1 \u1ed5n \u0111\u1ecbnh. Ch\u00fang r\u1ea5t quan tr\u1ecdng \u0111\u1ec3 ki\u1ec3m so\u00e1t l\u01b0u l\u01b0\u1ee3ng ch\u00ednh x\u00e1c v\u00e0 hi\u1ec7u qu\u1ea3 c\u1ee7a h\u1ec7 th\u1ed1ng. Trong x\u1eed l\u00fd n\u01b0\u1edbc, ch\u00fang qu\u1ea3n l\u00fd l\u01b0u l\u01b0\u1ee3ng n\u01b0\u1edbc v\u00e0 quy tr\u00ecnh n\u01b0\u1edbc th\u1ea3i, n\u00e2ng cao hi\u1ec7u qu\u1ea3 ho\u1ea1t \u0111\u1ed9ng.<br \/>4. Trong h\u1ec7 th\u1ed1ng HVAC:<br \/>Van b\u01b0\u1edbm m\u1eb7t b\u00edch th\u1ee7 c\u00f4ng \u0111i\u1ec1u ch\u1ec9nh l\u01b0u l\u01b0\u1ee3ng n\u01b0\u1edbc l\u1ea1nh v\u00e0 n\u01b0\u1edbc n\u00f3ng, \u0111\u1ea3m b\u1ea3o kh\u00ed h\u1eadu trong nh\u00e0 t\u1ed1i \u01b0u. Ch\u00fang r\u1ea5t quan tr\u1ecdng trong h\u1ec7 th\u1ed1ng ph\u00f2ng ch\u00e1y ch\u1eefa ch\u00e1y \u0111\u1ec3 qu\u1ea3n l\u00fd l\u01b0u l\u01b0\u1ee3ng n\u01b0\u1edbc ch\u1eefa ch\u00e1y. Trong t\u01b0\u1edbi ti\u00eau n\u00f4ng nghi\u1ec7p, c\u00e1c van n\u00e0y \u0111i\u1ec1u ch\u1ec9nh l\u01b0u l\u01b0\u1ee3ng n\u01b0\u1edbc \u0111\u1ec3 c\u1ea3i thi\u1ec7n hi\u1ec7u qu\u1ea3 v\u00e0 trong h\u1ec7 th\u1ed1ng \u0111i\u1ec1u h\u00f2a kh\u00f4ng kh\u00ed, ch\u00fang ki\u1ec3m so\u00e1t l\u01b0u l\u01b0\u1ee3ng n\u01b0\u1edbc l\u00e0m m\u00e1t v\u00e0 s\u01b0\u1edfi \u1ea5m.<\/p>\t\t\t\t\t\t\t\t<\/div>\n\t\t\t\t<\/div>\n\t\t\t\t<\/div>\n\t\t\t\t<\/div>","protected":false},"excerpt":{"rendered":"<p>Van b\u01b0\u1edbm wafer b\u1eb1ng th\u00e9p kh\u00f4ng g\u1ec9 th\u1ee7 c\u00f4ng l\u00e0 th\u00e0nh ph\u1ea7n thi\u1ebft y\u1ebfu trong h\u1ec7 th\u1ed1ng ki\u1ec3m so\u00e1t ch\u1ea5t l\u1ecfng, \u0111\u01b0\u1ee3c bi\u1ebft \u0111\u1ebfn v\u1edbi t\u00ednh linh ho\u1ea1t, \u0111\u1ed9 b\u1ec1n v\u00e0 d\u1ec5 l\u1eafp \u0111\u1eb7t.<\/p>\n<p>\u0110\u01b0\u1ee3c ch\u1ebf t\u1ea1o t\u1eeb th\u00e9p kh\u00f4ng g\u1ec9 ch\u1ea5t l\u01b0\u1ee3ng cao, c\u00e1c van n\u00e0y c\u00f3 kh\u1ea3 n\u0103ng ch\u1ed1ng \u0103n m\u00f2n v\u00e0 ph\u00f9 h\u1ee3p v\u1edbi nhi\u1ec1u \u1ee9ng d\u1ee5ng trong nhi\u1ec1u ng\u00e0nh c\u00f4ng nghi\u1ec7p kh\u00e1c nhau.<\/p>\n<p>Thi\u1ebft k\u1ebf d\u1ea1ng wafer cho ph\u00e9p l\u1eafp \u0111\u1eb7t d\u1ec5 d\u00e0ng gi\u1eefa c\u00e1c m\u1eb7t b\u00edch, khi\u1ebfn ch\u00fang tr\u1edf th\u00e0nh gi\u1ea3i ph\u00e1p ti\u1ec7n l\u1ee3i v\u00e0 ti\u1ebft ki\u1ec7m chi ph\u00ed cho nhu c\u1ea7u ki\u1ec3m so\u00e1t l\u01b0u l\u01b0\u1ee3ng trong \u0111\u01b0\u1eddng \u1ed1ng v\u00e0 h\u1ec7 th\u1ed1ng.<\/p>\n<p>Model: Van lo\u1ea1i b\u00edch th\u1ee7 c\u00f4ng<br \/>\nPh\u1ea1m vi k\u00edch th\u01b0\u1edbc: 2\u2033 \u0111\u1ebfn 40\u2033<br \/>\nPh\u1ea1m vi \u00e1p su\u1ea5t: 1,0 \u0111\u1ebfn 1,6MPa<br \/>\nCh\u1ea5t li\u1ec7u: Th\u00e9p kh\u00f4ng g\u1ec9<\/p>","protected":false},"featured_media":13127,"template":"","meta":{"site-sidebar-layout":"default","site-content-layout":"","ast-site-content-layout":"default","site-content-style":"default","site-sidebar-style":"default","ast-global-header-display":"","ast-banner-title-visibility":"","ast-main-header-display":"","ast-hfb-above-header-display":"","ast-hfb-below-header-display":"","ast-hfb-mobile-header-display":"","site-post-title":"","ast-breadcrumbs-content":"","ast-featured-img":"","footer-sml-layout":"","ast-disable-related-posts":"","theme-transparent-header-meta":"default","adv-header-id-meta":"","stick-header-meta":"","header-above-stick-meta":"","header-main-stick-meta":"","header-below-stick-meta":"","astra-migrate-meta-layouts":"set","ast-page-background-enabled":"default","ast-page-background-meta":{"desktop":{"background-color":"var(--ast-global-color-4)","background-image":"","background-repeat":"repeat","background-position":"center center","background-size":"auto","background-attachment":"scroll","background-type":"","background-media":"","overlay-type":"","overlay-color":"","overlay-opacity":"","overlay-gradient":""},"tablet":{"background-color":"","background-image":"","background-repeat":"repeat","background-position":"center center","background-size":"auto","background-attachment":"scroll","background-type":"","background-media":"","overlay-type":"","overlay-color":"","overlay-opacity":"","overlay-gradient":""},"mobile":{"background-color":"","background-image":"","background-repeat":"repeat","background-position":"center center","background-size":"auto","background-attachment":"scroll","background-type":"","background-media":"","overlay-type":"","overlay-color":"","overlay-opacity":"","overlay-gradient":""}},"ast-content-background-meta":{"desktop":{"background-color":"var(--ast-global-color-5)","background-image":"","background-repeat":"repeat","background-position":"center center","background-size":"auto","background-attachment":"scroll","background-type":"","background-media":"","overlay-type":"","overlay-color":"","overlay-opacity":"","overlay-gradient":""},"tablet":{"background-color":"var(--ast-global-color-5)","background-image":"","background-repeat":"repeat","background-position":"center center","background-size":"auto","background-attachment":"scroll","background-type":"","background-media":"","overlay-type":"","overlay-color":"","overlay-opacity":"","overlay-gradient":""},"mobile":{"background-color":"var(--ast-global-color-5)","background-image":"","background-repeat":"repeat","background-position":"center center","background-size":"auto","background-attachment":"scroll","background-type":"","background-media":"","overlay-type":"","overlay-color":"","overlay-opacity":"","overlay-gradient":""}}},"product_brand":[],"product_cat":[706,116,33],"product_tag":[649,176,657,261,102,73,56],"class_list":{"0":"post-13094","1":"product","2":"type-product","3":"status-publish","4":"has-post-thumbnail","6":"product_cat-manual-butterfly-valve","7":"product_cat-manual-valves","8":"product_cat-products","9":"product_tag-butterfly-valve-with-handle","10":"product_tag-flange-butterfly-valve","11":"product_tag-flange-butterfly-valve-with-handle","12":"product_tag-manual-valve","13":"product_tag-manual-valves","14":"product_tag-valve","15":"product_tag-valves","16":"desktop-align-center","17":"tablet-align-left","18":"mobile-align-left","20":"first","21":"instock","22":"shipping-taxable","23":"product-type-simple"},"_links":{"self":[{"href":"https:\/\/www.delcofluid.com\/vi\/wp-json\/wp\/v2\/product\/13094","targetHints":{"allow":["GET"]}}],"collection":[{"href":"https:\/\/www.delcofluid.com\/vi\/wp-json\/wp\/v2\/product"}],"about":[{"href":"https:\/\/www.delcofluid.com\/vi\/wp-json\/wp\/v2\/types\/product"}],"version-history":[{"count":0,"href":"https:\/\/www.delcofluid.com\/vi\/wp-json\/wp\/v2\/product\/13094\/revisions"}],"wp:featuredmedia":[{"embeddable":true,"href":"https:\/\/www.delcofluid.com\/vi\/wp-json\/wp\/v2\/media\/13127"}],"wp:attachment":[{"href":"https:\/\/www.delcofluid.com\/vi\/wp-json\/wp\/v2\/media?parent=13094"}],"wp:term":[{"taxonomy":"product_brand","embeddable":true,"href":"https:\/\/www.delcofluid.com\/vi\/wp-json\/wp\/v2\/product_brand?post=13094"},{"taxonomy":"product_cat","embeddable":true,"href":"https:\/\/www.delcofluid.com\/vi\/wp-json\/wp\/v2\/product_cat?post=13094"},{"taxonomy":"product_tag","embeddable":true,"href":"https:\/\/www.delcofluid.com\/vi\/wp-json\/wp\/v2\/product_tag?post=13094"}],"curies":[{"name":"wp","href":"https:\/\/api.w.org\/{rel}","templated":true}]}}