{"id":13103,"date":"2025-02-24T09:19:39","date_gmt":"2025-02-24T09:19:39","guid":{"rendered":"https:\/\/www.delcofluid.com\/?post_type=product&#038;p=13103"},"modified":"2025-02-24T09:24:27","modified_gmt":"2025-02-24T09:24:27","slug":"delco-sanitary-food-grade-tri-clamp-manual-butterfly-valve","status":"publish","type":"product","link":"https:\/\/www.delcofluid.com\/vi\/san-pham\/delco-sanitary-food-grade-tri-clamp-manual-butterfly-valve\/","title":{"rendered":"Van b\u01b0\u1edbm th\u1ee7 c\u00f4ng ba k\u1eb9p c\u1ea5p th\u1ef1c ph\u1ea9m v\u1ec7 sinh DELCO"},"content":{"rendered":"<div data-elementor-type=\"product-post\" data-elementor-id=\"13103\" class=\"elementor elementor-13103\" data-elementor-post-type=\"product\">\n\t\t\t\t<div class=\"elementor-element elementor-element-6fb59a60 e-flex e-con-boxed e-con e-parent\" data-id=\"6fb59a60\" data-element_type=\"container\" data-e-type=\"container\" data-settings=\"{&quot;ekit_has_onepagescroll_dot&quot;:&quot;yes&quot;}\">\n\t\t\t\t\t<div class=\"e-con-inner\">\n\t\t<div class=\"elementor-element elementor-element-b2e102c e-con-full e-flex e-con e-child\" data-id=\"b2e102c\" data-element_type=\"container\" data-e-type=\"container\" data-settings=\"{&quot;ekit_has_onepagescroll_dot&quot;:&quot;yes&quot;}\">\n\t\t\t\t<div class=\"elementor-element elementor-element-4c3cf80 elementor-widget elementor-widget-heading\" data-id=\"4c3cf80\" data-element_type=\"widget\" data-e-type=\"widget\" data-settings=\"{&quot;ekit_we_effect_on&quot;:&quot;none&quot;}\" data-widget_type=\"heading.default\">\n\t\t\t\t<div class=\"elementor-widget-container\">\n\t\t\t\t\t<h2 class=\"elementor-heading-title elementor-size-default\">\u0110\u1eb7c tr\u01b0ng<\/h2>\t\t\t\t<\/div>\n\t\t\t\t<\/div>\n\t\t\t\t<div class=\"elementor-element elementor-element-1af4cc68 elementor-widget__width-initial elementor-widget elementor-widget-text-editor\" data-id=\"1af4cc68\" data-element_type=\"widget\" data-e-type=\"widget\" data-settings=\"{&quot;ekit_we_effect_on&quot;:&quot;none&quot;}\" data-widget_type=\"text-editor.default\">\n\t\t\t\t<div class=\"elementor-widget-container\">\n\t\t\t\t\t\t\t\t\t<ul><li><strong>Thi\u1ebft k\u1ebf v\u1ec7 sinh<\/strong>:\u0110\u01b0\u1ee3c thi\u1ebft k\u1ebf chuy\u00ean bi\u1ec7t cho c\u00e1c ng\u00e0nh c\u00f4ng nghi\u1ec7p \u0111\u00f2i h\u1ecfi v\u1ec7 sinh nghi\u00eam ng\u1eb7t nh\u01b0 th\u1ef1c ph\u1ea9m, \u0111\u1ed3 u\u1ed1ng, d\u01b0\u1ee3c ph\u1ea9m v\u00e0 c\u00f4ng ngh\u1ec7 sinh h\u1ecdc.<\/li><li><strong>Ki\u1ec3m so\u00e1t l\u01b0u l\u01b0\u1ee3ng ch\u00ednh x\u00e1c<\/strong>: Cho ph\u00e9p \u0111i\u1ec1u ch\u1ec9nh ch\u00ednh x\u00e1c l\u01b0u l\u01b0\u1ee3ng \u0111\u1ec3 \u0111\u00e1p \u1ee9ng c\u00e1c y\u00eau c\u1ea7u c\u1ee5 th\u1ec3 c\u1ee7a quy tr\u00ecnh.<\/li><li><strong>D\u1ec5 d\u00e0ng v\u1ec7 sinh<\/strong>:B\u1ec1 m\u1eb7t nh\u1eb5n v\u00e0 thi\u1ebft k\u1ebf h\u1ee3p v\u1ec7 sinh gi\u00fap d\u1ec5 d\u00e0ng v\u1ec7 sinh v\u00e0 b\u1ea3o tr\u00ec, \u0111\u1ea3m b\u1ea3o tu\u00e2n th\u1ee7 c\u00e1c ti\u00eau chu\u1ea9n v\u1ec7 sinh nghi\u00eam ng\u1eb7t.<\/li><li><strong>Ho\u1ea1t \u0111\u1ed9ng \u0111\u00e1ng tin c\u1eady<\/strong>:\u0110\u01b0\u1ee3c ch\u1ebf t\u1ea1o b\u1eb1ng v\u1eadt li\u1ec7u ch\u1ea5t l\u01b0\u1ee3ng v\u00e0 k\u1ef9 thu\u1eadt ch\u00ednh x\u00e1c \u0111\u1ec3 \u0111\u1ea3m b\u1ea3o hi\u1ec7u su\u1ea5t \u0111\u00e1ng tin c\u1eady trong c\u00e1c \u1ee9ng d\u1ee5ng v\u1ec7 sinh quan tr\u1ecdng.<\/li><li><strong>S\u1ef1 tu\u00e2n th\u1ee7<\/strong>: \u0110\u00e1p \u1ee9ng c\u00e1c ti\u00eau chu\u1ea9n v\u00e0 quy \u0111\u1ecbnh c\u1ee7a ng\u00e0nh v\u1ec1 thi\u1ebft b\u1ecb v\u1ec7 sinh, mang l\u1ea1i s\u1ef1 an t\u00e2m cho ng\u01b0\u1eddi d\u00f9ng trong c\u00e1c ng\u00e0nh c\u00f4ng nghi\u1ec7p \u0111\u01b0\u1ee3c qu\u1ea3n l\u00fd.<\/li><li><strong>T\u00ednh linh ho\u1ea1t<\/strong>: Th\u00edch h\u1ee3p cho nhi\u1ec1u \u1ee9ng d\u1ee5ng v\u1ec7 sinh \u0111\u00f2i h\u1ecfi s\u1ef1 s\u1ea1ch s\u1ebd v\u00e0 \u0111\u1ed9 ch\u00ednh x\u00e1c \u0111\u1ec3 v\u1eadn h\u00e0nh tr\u01a1n tru.<\/li><\/ul>\t\t\t\t\t\t\t\t<\/div>\n\t\t\t\t<\/div>\n\t\t\t\t<\/div>\n\t\t\t\t<div class=\"elementor-element elementor-element-8e57110 elementor-widget elementor-widget-image\" data-id=\"8e57110\" data-element_type=\"widget\" data-e-type=\"widget\" data-settings=\"{&quot;ekit_we_effect_on&quot;:&quot;none&quot;}\" data-widget_type=\"image.default\">\n\t\t\t\t<div class=\"elementor-widget-container\">\n\t\t\t\t\t\t\t\t\t\t\t\t\t\t\t<img fetchpriority=\"high\" decoding=\"async\" width=\"768\" height=\"759\" src=\"https:\/\/www.delcofluid.com\/wp-content\/uploads\/2024\/03\/product-finder-graphic-3-x900.jpg\" class=\"attachment-large size-large wp-image-2576\" alt=\"Solenoid Valves\" srcset=\"https:\/\/www.delcofluid.com\/wp-content\/uploads\/2024\/03\/product-finder-graphic-3-x900.jpg 768w, https:\/\/www.delcofluid.com\/wp-content\/uploads\/2024\/03\/product-finder-graphic-3-x900-100x100.jpg 100w, https:\/\/www.delcofluid.com\/wp-content\/uploads\/2024\/03\/product-finder-graphic-3-x900-600x593.jpg 600w, https:\/\/www.delcofluid.com\/wp-content\/uploads\/2024\/03\/product-finder-graphic-3-x900-300x296.jpg 300w\" sizes=\"(max-width: 768px) 100vw, 768px\" \/>\t\t\t\t\t\t\t\t\t\t\t\t\t\t\t<\/div>\n\t\t\t\t<\/div>\n\t\t\t\t\t<\/div>\n\t\t\t\t<\/div>\n\t\t<div class=\"elementor-element elementor-element-a55eeda e-flex e-con-boxed e-con e-parent\" data-id=\"a55eeda\" data-element_type=\"container\" data-e-type=\"container\" data-settings=\"{&quot;background_background&quot;:&quot;classic&quot;,&quot;ekit_has_onepagescroll_dot&quot;:&quot;yes&quot;}\">\n\t\t\t\t\t<div class=\"e-con-inner\">\n\t\t\t\t<div class=\"elementor-element elementor-element-585e9d9 elementor-widget elementor-widget-heading\" data-id=\"585e9d9\" data-element_type=\"widget\" data-e-type=\"widget\" data-settings=\"{&quot;ekit_we_effect_on&quot;:&quot;none&quot;}\" data-widget_type=\"heading.default\">\n\t\t\t\t<div class=\"elementor-widget-container\">\n\t\t\t\t\t<h2 class=\"elementor-heading-title elementor-size-default\">Th\u00f4ng s\u1ed1 k\u1ef9 thu\u1eadt<\/h2>\t\t\t\t<\/div>\n\t\t\t\t<\/div>\n\t\t\t\t\t<\/div>\n\t\t\t\t<\/div>\n\t\t<div class=\"elementor-element elementor-element-3414eb9 e-con-full e-flex e-con e-parent\" data-id=\"3414eb9\" data-element_type=\"container\" data-e-type=\"container\" data-settings=\"{&quot;background_background&quot;:&quot;classic&quot;,&quot;ekit_has_onepagescroll_dot&quot;:&quot;yes&quot;}\">\n\t\t\t\t<div class=\"elementor-element elementor-element-13df62f elementor-widget__width-initial elementor-widget elementor-widget-text-editor\" data-id=\"13df62f\" data-element_type=\"widget\" data-e-type=\"widget\" data-settings=\"{&quot;ekit_we_effect_on&quot;:&quot;none&quot;}\" data-widget_type=\"text-editor.default\">\n\t\t\t\t<div class=\"elementor-widget-container\">\n\t\t\t\t\t\t\t\t\t<table width=\"855\"><tbody><tr><td width=\"159\">K\u00edch th\u01b0\u1edbc c\u1ed5ng:<\/td><td width=\"205\">\u00a02\u2033 \u0111\u1ebfn 40\u2033<\/td><td width=\"146\">V\u1eadt li\u1ec7u:<\/td><td width=\"345\">Th\u00e9p kh\u00f4ng g\u1ec9<\/td><\/tr><tr><td width=\"159\">\u00c1p l\u1ef1c:<\/td><td>1,0 \u0111\u1ebfn 1,6MPa<\/td><td width=\"146\">Ch\u1ea5t li\u1ec7u \u0111\u0129a:\u00a0<\/td><td width=\"345\">Th\u00e9p kh\u00f4ng g\u1ec9<\/td><\/tr><tr><td width=\"159\">B\u1ea3o h\u00e0nh\uff1a<\/td><td width=\"205\">12 con b\u01b0\u1edbm \u0111\u00eam<\/td><td width=\"146\">Ch\u1ee9c n\u0103ng:<\/td><td width=\"345\">Th\u1ee7 c\u00f4ng<\/td><\/tr><tr><td width=\"159\">Ti\u00eau chu\u1ea9n m\u1eb7t b\u00edch:<\/td><td width=\"205\">GB, ANSI, JIS, DIN, v.v.<\/td><td width=\"146\">Ph\u01b0\u01a1ng ti\u1ec7n truy\u1ec1n th\u00f4ng ph\u00f9 h\u1ee3p<\/td><td width=\"345\">Kh\u00f4ng kh\u00ed, kh\u00ed tr\u01a1, d\u1ea7u, n\u01b0\u1edbc bi\u1ec3n, n\u01b0\u1edbc v\u00e0 c\u00e1c m\u00f4i tr\u01b0\u1eddng kh\u00e1c.<\/td><\/tr><\/tbody><\/table>\t\t\t\t\t\t\t\t<\/div>\n\t\t\t\t<\/div>\n\t\t\t\t<\/div>\n\t\t<div class=\"elementor-element elementor-element-daef6c8 e-con-full e-flex e-con e-parent\" data-id=\"daef6c8\" data-element_type=\"container\" data-e-type=\"container\" data-settings=\"{&quot;ekit_has_onepagescroll_dot&quot;:&quot;yes&quot;}\">\n\t\t\t\t<div class=\"elementor-element elementor-element-52ddb61 elementor-widget elementor-widget-heading\" data-id=\"52ddb61\" data-element_type=\"widget\" data-e-type=\"widget\" data-settings=\"{&quot;ekit_we_effect_on&quot;:&quot;none&quot;}\" data-widget_type=\"heading.default\">\n\t\t\t\t<div class=\"elementor-widget-container\">\n\t\t\t\t\t<h2 class=\"elementor-heading-title elementor-size-default\">\u1ee8ng d\u1ee5ng<\/h2>\t\t\t\t<\/div>\n\t\t\t\t<\/div>\n\t\t\t\t<div class=\"elementor-element elementor-element-ac1034b elementor-widget elementor-widget-text-editor\" data-id=\"ac1034b\" data-element_type=\"widget\" data-e-type=\"widget\" data-settings=\"{&quot;ekit_we_effect_on&quot;:&quot;none&quot;}\" data-widget_type=\"text-editor.default\">\n\t\t\t\t<div class=\"elementor-widget-container\">\n\t\t\t\t\t\t\t\t\t<ul><li><p><strong>Ng\u00e0nh c\u00f4ng nghi\u1ec7p th\u1ef1c ph\u1ea9m<\/strong>: \u0110\u01b0\u1ee3c s\u1eed d\u1ee5ng trong c\u00e1c nh\u00e0 m\u00e1y ch\u1ebf bi\u1ebfn th\u1ef1c ph\u1ea9m \u0111\u1ec3 ki\u1ec3m so\u00e1t d\u00f2ng ch\u1ea3y c\u1ee7a c\u00e1c th\u00e0nh ph\u1ea7n, ch\u1ea5t l\u1ecfng v\u00e0 s\u1ea3n ph\u1ea9m m\u1ed9t c\u00e1ch h\u1ee3p v\u1ec7 sinh.<\/p><\/li><li><p><strong>Ng\u00e0nh c\u00f4ng nghi\u1ec7p \u0111\u1ed3 u\u1ed1ng<\/strong>: Th\u00edch h\u1ee3p \u0111\u1ec3 \u0111i\u1ec1u ch\u1ec9nh l\u01b0u l\u01b0\u1ee3ng c\u1ee7a c\u00e1c lo\u1ea1i \u0111\u1ed3 u\u1ed1ng nh\u01b0 n\u01b0\u1edbc tr\u00e1i c\u00e2y, n\u01b0\u1edbc ng\u1ecdt v\u00e0 \u0111\u1ed3 u\u1ed1ng c\u00f3 c\u1ed3n trong qu\u00e1 tr\u00ecnh s\u1ea3n xu\u1ea5t.<\/p><\/li><li><p><strong>Ng\u00e0nh c\u00f4ng nghi\u1ec7p d\u01b0\u1ee3c ph\u1ea9m<\/strong>: Quan tr\u1ecdng trong vi\u1ec7c ki\u1ec3m so\u00e1t d\u00f2ng ch\u1ea3y c\u1ee7a c\u00e1c th\u00e0nh ph\u1ea7n v\u00e0 s\u1ea3n ph\u1ea9m d\u01b0\u1ee3c ph\u1ea9m trong m\u00f4i tr\u01b0\u1eddng v\u1ec7 sinh \u0111\u1ec3 duy tr\u00ec t\u00ednh to\u00e0n v\u1eb9n c\u1ee7a s\u1ea3n ph\u1ea9m.<\/p><\/li><li><p><strong>C\u00f4ng ngh\u1ec7 sinh h\u1ecdc<\/strong>: Thi\u1ebft y\u1ebfu cho c\u00e1c \u1ee9ng d\u1ee5ng x\u1eed l\u00fd sinh h\u1ecdc, trong \u0111\u00f3 vi\u1ec7c duy tr\u00ec \u0111i\u1ec1u ki\u1ec7n v\u00f4 tr\u00f9ng v\u00e0 ki\u1ec3m so\u00e1t l\u01b0u l\u01b0\u1ee3ng ch\u00ednh x\u00e1c l\u00e0 y\u1ebfu t\u1ed1 s\u1ed1ng c\u00f2n \u0111\u1ec3 v\u1eadn h\u00e0nh th\u00e0nh c\u00f4ng.<\/p><\/li><li><p><strong>Ng\u00e0nh c\u00f4ng nghi\u1ec7p m\u1ef9 ph\u1ea9m<\/strong>:\u0110\u01b0\u1ee3c s\u1eed d\u1ee5ng trong s\u1ea3n xu\u1ea5t m\u1ef9 ph\u1ea9m v\u00e0 c\u00e1c s\u1ea3n ph\u1ea9m ch\u0103m s\u00f3c c\u00e1 nh\u00e2n \u0111\u1ec3 \u0111\u1ea3m b\u1ea3o d\u00f2ng nguy\u00ean li\u1ec7u s\u1ea1ch v\u00e0 \u0111\u01b0\u1ee3c ki\u1ec3m so\u00e1t.<\/p><\/li><li><p><strong>Ng\u00e0nh c\u00f4ng nghi\u1ec7p s\u1eefa<\/strong>: \u0110\u01b0\u1ee3c s\u1eed d\u1ee5ng trong c\u00e1c nh\u00e0 m\u00e1y ch\u1ebf bi\u1ebfn s\u1eefa \u0111\u1ec3 qu\u1ea3n l\u00fd d\u00f2ng ch\u1ea3y c\u1ee7a s\u1eefa, kem v\u00e0 c\u00e1c s\u1ea3n ph\u1ea9m t\u1eeb s\u1eefa kh\u00e1c theo ti\u00eau chu\u1ea9n v\u1ec7 sinh nghi\u00eam ng\u1eb7t.<\/p><\/li><li><p><strong>C\u01a1 s\u1edf ch\u0103m s\u00f3c s\u1ee9c kh\u1ecfe<\/strong>:\u0110\u01b0\u1ee3c s\u1eed d\u1ee5ng trong c\u00e1c c\u01a1 s\u1edf y t\u1ebf \u0111\u1ec3 ki\u1ec3m so\u00e1t d\u00f2ng ch\u1ea5t l\u1ecfng v\u00e0 kh\u00ed v\u00f4 tr\u00f9ng trong c\u00e1c thi\u1ebft b\u1ecb v\u00e0 h\u1ec7 th\u1ed1ng y t\u1ebf.<\/p><\/li><\/ul>\t\t\t\t\t\t\t\t<\/div>\n\t\t\t\t<\/div>\n\t\t\t\t<\/div>\n\t\t\t\t<\/div>","protected":false},"excerpt":{"rendered":"<p>Van b\u01b0\u1edbm v\u1ec7 sinh th\u1ee7 c\u00f4ng DELCO l\u00e0 m\u1ed9t th\u00e0nh ph\u1ea7n quan tr\u1ecdng trong c\u00e1c ng\u00e0nh c\u00f4ng nghi\u1ec7p m\u00e0 v\u1ec7 sinh l\u00e0 t\u1ed1i quan tr\u1ecdng, ch\u1eb3ng h\u1ea1n nh\u01b0 th\u1ef1c ph\u1ea9m, \u0111\u1ed3 u\u1ed1ng, d\u01b0\u1ee3c ph\u1ea9m v\u00e0 c\u00f4ng ngh\u1ec7 sinh h\u1ecdc. \u0110\u01b0\u1ee3c ch\u1ebf t\u1ea1o b\u1eb1ng v\u1eadt li\u1ec7u ch\u00ednh x\u00e1c v\u00e0 ch\u1ea5t l\u01b0\u1ee3ng, van n\u00e0y \u0111\u1ea3m b\u1ea3o t\u00ednh to\u00e0n v\u1eb9n c\u1ee7a quy tr\u00ecnh c\u1ee7a b\u1ea1n.<\/p>\n<p>\u0110\u01b0\u1ee3c thi\u1ebft k\u1ebf \u0111\u1ec3 d\u1ec5 v\u1eadn h\u00e0nh, van n\u00e0y cung c\u1ea5p kh\u1ea3 n\u0103ng ki\u1ec3m so\u00e1t l\u01b0u l\u01b0\u1ee3ng ch\u00ednh x\u00e1c, cho ph\u00e9p b\u1ea1n \u0111i\u1ec1u ch\u1ec9nh l\u01b0u l\u01b0\u1ee3ng m\u1ed9t c\u00e1ch ch\u00ednh x\u00e1c. Thi\u1ebft k\u1ebf v\u1ec7 sinh v\u00e0 b\u1ec1 m\u1eb7t nh\u1eb5n gi\u00fap d\u1ec5 d\u00e0ng v\u1ec7 sinh v\u00e0 b\u1ea3o tr\u00ec, \u0111\u00e1p \u1ee9ng c\u00e1c ti\u00eau chu\u1ea9n v\u1ec7 sinh nghi\u00eam ng\u1eb7t c\u1ee7a c\u00e1c \u1ee9ng d\u1ee5ng v\u1ec7 sinh.<\/p>\n<p>T\u1eadp trung v\u00e0o \u0111\u1ed9 tin c\u1eady v\u00e0 hi\u1ec7u qu\u1ea3, van b\u01b0\u1edbm v\u1ec7 sinh th\u1ee7 c\u00f4ng c\u1ee7a ch\u00fang t\u00f4i l\u00e0 s\u1ef1 l\u1ef1a ch\u1ecdn l\u00fd t\u01b0\u1edfng cho c\u00e1c ng\u00e0nh c\u00f4ng nghi\u1ec7p \u0111\u00f2i h\u1ecfi s\u1ef1 s\u1ea1ch s\u1ebd, \u0111\u1ed9 ch\u00ednh x\u00e1c v\u00e0 hi\u1ec7u su\u1ea5t kh\u00f4ng th\u1ec3 th\u01b0\u01a1ng l\u01b0\u1ee3ng.<\/p>\n<p>Model: Van b\u01b0\u1edbm v\u1ec7 sinh th\u1ee7 c\u00f4ng<br \/>\nPh\u1ea1m vi k\u00edch th\u01b0\u1edbc: 2\u2033 \u0111\u1ebfn 40\u2033<br \/>\nPh\u1ea1m vi \u00e1p su\u1ea5t: 1,0 \u0111\u1ebfn 1,6MPa<br \/>\nCh\u1ea5t li\u1ec7u: Th\u00e9p kh\u00f4ng g\u1ec9<\/p>","protected":false},"featured_media":13104,"template":"","meta":{"site-sidebar-layout":"default","site-content-layout":"","ast-site-content-layout":"default","site-content-style":"default","site-sidebar-style":"default","ast-global-header-display":"","ast-banner-title-visibility":"","ast-main-header-display":"","ast-hfb-above-header-display":"","ast-hfb-below-header-display":"","ast-hfb-mobile-header-display":"","site-post-title":"","ast-breadcrumbs-content":"","ast-featured-img":"","footer-sml-layout":"","ast-disable-related-posts":"","theme-transparent-header-meta":"default","adv-header-id-meta":"","stick-header-meta":"","header-above-stick-meta":"","header-main-stick-meta":"","header-below-stick-meta":"","astra-migrate-meta-layouts":"set","ast-page-background-enabled":"default","ast-page-background-meta":{"desktop":{"background-color":"var(--ast-global-color-4)","background-image":"","background-repeat":"repeat","background-position":"center center","background-size":"auto","background-attachment":"scroll","background-type":"","background-media":"","overlay-type":"","overlay-color":"","overlay-opacity":"","overlay-gradient":""},"tablet":{"background-color":"","background-image":"","background-repeat":"repeat","background-position":"center center","background-size":"auto","background-attachment":"scroll","background-type":"","background-media":"","overlay-type":"","overlay-color":"","overlay-opacity":"","overlay-gradient":""},"mobile":{"background-color":"","background-image":"","background-repeat":"repeat","background-position":"center center","background-size":"auto","background-attachment":"scroll","background-type":"","background-media":"","overlay-type":"","overlay-color":"","overlay-opacity":"","overlay-gradient":""}},"ast-content-background-meta":{"desktop":{"background-color":"var(--ast-global-color-5)","background-image":"","background-repeat":"repeat","background-position":"center center","background-size":"auto","background-attachment":"scroll","background-type":"","background-media":"","overlay-type":"","overlay-color":"","overlay-opacity":"","overlay-gradient":""},"tablet":{"background-color":"var(--ast-global-color-5)","background-image":"","background-repeat":"repeat","background-position":"center center","background-size":"auto","background-attachment":"scroll","background-type":"","background-media":"","overlay-type":"","overlay-color":"","overlay-opacity":"","overlay-gradient":""},"mobile":{"background-color":"var(--ast-global-color-5)","background-image":"","background-repeat":"repeat","background-position":"center center","background-size":"auto","background-attachment":"scroll","background-type":"","background-media":"","overlay-type":"","overlay-color":"","overlay-opacity":"","overlay-gradient":""}}},"product_brand":[],"product_cat":[706,116,33],"product_tag":[649,656,261,102,73,56],"class_list":{"0":"post-13103","1":"product","2":"type-product","3":"status-publish","4":"has-post-thumbnail","6":"product_cat-manual-butterfly-valve","7":"product_cat-manual-valves","8":"product_cat-products","9":"product_tag-butterfly-valve-with-handle","10":"product_tag-manual-flange-butterfly-valve","11":"product_tag-manual-valve","12":"product_tag-manual-valves","13":"product_tag-valve","14":"product_tag-valves","15":"desktop-align-center","16":"tablet-align-left","17":"mobile-align-left","19":"first","20":"instock","21":"shipping-taxable","22":"product-type-simple"},"_links":{"self":[{"href":"https:\/\/www.delcofluid.com\/vi\/wp-json\/wp\/v2\/product\/13103","targetHints":{"allow":["GET"]}}],"collection":[{"href":"https:\/\/www.delcofluid.com\/vi\/wp-json\/wp\/v2\/product"}],"about":[{"href":"https:\/\/www.delcofluid.com\/vi\/wp-json\/wp\/v2\/types\/product"}],"version-history":[{"count":0,"href":"https:\/\/www.delcofluid.com\/vi\/wp-json\/wp\/v2\/product\/13103\/revisions"}],"wp:featuredmedia":[{"embeddable":true,"href":"https:\/\/www.delcofluid.com\/vi\/wp-json\/wp\/v2\/media\/13104"}],"wp:attachment":[{"href":"https:\/\/www.delcofluid.com\/vi\/wp-json\/wp\/v2\/media?parent=13103"}],"wp:term":[{"taxonomy":"product_brand","embeddable":true,"href":"https:\/\/www.delcofluid.com\/vi\/wp-json\/wp\/v2\/product_brand?post=13103"},{"taxonomy":"product_cat","embeddable":true,"href":"https:\/\/www.delcofluid.com\/vi\/wp-json\/wp\/v2\/product_cat?post=13103"},{"taxonomy":"product_tag","embeddable":true,"href":"https:\/\/www.delcofluid.com\/vi\/wp-json\/wp\/v2\/product_tag?post=13103"}],"curies":[{"name":"wp","href":"https:\/\/api.w.org\/{rel}","templated":true}]}}