{"id":13192,"date":"2025-02-27T06:54:14","date_gmt":"2025-02-27T06:54:14","guid":{"rendered":"https:\/\/www.delcofluid.com\/?post_type=product&#038;p=13192"},"modified":"2025-02-27T07:14:36","modified_gmt":"2025-02-27T07:14:36","slug":"delco-zct-high-pressure-stainless-steel-solenoid-valve","status":"publish","type":"product","link":"https:\/\/www.delcofluid.com\/vi\/san-pham\/delco-zct-high-pressure-stainless-steel-solenoid-valve\/","title":{"rendered":"Van \u0111i\u1ec7n t\u1eeb th\u00e9p kh\u00f4ng g\u1ec9 \u00e1p su\u1ea5t cao DELCO ZCT"},"content":{"rendered":"<div data-elementor-type=\"product-post\" data-elementor-id=\"13192\" class=\"elementor elementor-13192\" data-elementor-post-type=\"product\">\n\t\t\t\t<div class=\"elementor-element elementor-element-d687e8c e-con-full e-flex e-con e-parent\" data-id=\"d687e8c\" data-element_type=\"container\" data-e-type=\"container\" data-settings=\"{&quot;ekit_has_onepagescroll_dot&quot;:&quot;yes&quot;}\">\n\t\t<div class=\"elementor-element elementor-element-af28963 e-con-full e-flex e-con e-child\" data-id=\"af28963\" data-element_type=\"container\" data-e-type=\"container\" data-settings=\"{&quot;ekit_has_onepagescroll_dot&quot;:&quot;yes&quot;}\">\n\t\t\t\t<div class=\"elementor-element elementor-element-d09385f elementor-widget elementor-widget-heading\" data-id=\"d09385f\" data-element_type=\"widget\" data-e-type=\"widget\" data-settings=\"{&quot;ekit_we_effect_on&quot;:&quot;none&quot;}\" data-widget_type=\"heading.default\">\n\t\t\t\t<div class=\"elementor-widget-container\">\n\t\t\t\t\t<h2 class=\"elementor-heading-title elementor-size-default\">Van \u0111i\u1ec7n t\u1eeb \u00e1p su\u1ea5t cao<\/h2>\t\t\t\t<\/div>\n\t\t\t\t<\/div>\n\t\t\t\t<div class=\"elementor-element elementor-element-62fbce2 elementor-widget elementor-widget-text-editor\" data-id=\"62fbce2\" data-element_type=\"widget\" data-e-type=\"widget\" data-settings=\"{&quot;ekit_we_effect_on&quot;:&quot;none&quot;}\" data-widget_type=\"text-editor.default\">\n\t\t\t\t<div class=\"elementor-widget-container\">\n\t\t\t\t\t\t\t\t\t<p>Van \u0111i\u1ec7n t\u1eeb \u00e1p su\u1ea5t cao l\u00e0 m\u1ed9t lo\u1ea1i van \u0111i\u1ec7n t\u1eeb \u0111\u00f3ng vai tr\u00f2 ki\u1ec3m so\u00e1t \u0111\u01b0\u1eddng \u1ed1ng trong m\u00f4i tr\u01b0\u1eddng \u00e1p su\u1ea5t cao. N\u00f3 th\u01b0\u1eddng bao g\u1ed3m cu\u1ed9n d\u00e2y, l\u00f5i, van v\u00e0 v\u1eadt li\u1ec7u l\u00e0m k\u00edn v\u00e0 c\u00e1c th\u00e0nh ph\u1ea7n kh\u00e1c, ch\u1ee7 y\u1ebfu b\u1eb1ng c\u00e1ch thay \u0111\u1ed5i k\u00edch th\u01b0\u1edbc c\u1ee7a t\u1eeb tr\u01b0\u1eddng \u0111\u01b0\u1ee3c t\u1ea1o ra trong cu\u1ed9n d\u00e2y \u0111i\u1ec7n t\u1eeb \u0111\u1ec3 \u0111i\u1ec1u khi\u1ec3n c\u00f4ng t\u1eafc van, \u0111\u1ec3 \u0111\u1ea1t \u0111\u01b0\u1ee3c s\u1ef1 \u0111i\u1ec1u ch\u1ec9nh \u0111\u1ea7u v\u00e0o \/ \u0111\u1ea7u ra c\u1ee7a m\u00f4i tr\u01b0\u1eddng.<\/p>\t\t\t\t\t\t\t\t<\/div>\n\t\t\t\t<\/div>\n\t\t\t\t<\/div>\n\t\t<div class=\"elementor-element elementor-element-3ba88f2 e-con-full e-flex e-con e-child\" data-id=\"3ba88f2\" data-element_type=\"container\" data-e-type=\"container\" data-settings=\"{&quot;ekit_has_onepagescroll_dot&quot;:&quot;yes&quot;}\">\n\t\t\t\t<div class=\"elementor-element elementor-element-a34c371 elementor-widget__width-initial elementor-widget elementor-widget-image\" data-id=\"a34c371\" data-element_type=\"widget\" data-e-type=\"widget\" data-settings=\"{&quot;ekit_we_effect_on&quot;:&quot;none&quot;}\" data-widget_type=\"image.default\">\n\t\t\t\t<div class=\"elementor-widget-container\">\n\t\t\t\t\t\t\t\t\t\t\t\t\t\t\t<img fetchpriority=\"high\" decoding=\"async\" width=\"800\" height=\"800\" src=\"https:\/\/www.delcofluid.com\/wp-content\/uploads\/2025\/02\/3.jpg\" class=\"attachment-large size-large wp-image-13194\" alt=\"DELCO ZCT High Pressure Stainless Steel Solenoid Valve\" srcset=\"https:\/\/www.delcofluid.com\/wp-content\/uploads\/2025\/02\/3.jpg 800w, https:\/\/www.delcofluid.com\/wp-content\/uploads\/2025\/02\/3-300x300.jpg 300w, https:\/\/www.delcofluid.com\/wp-content\/uploads\/2025\/02\/3-150x150.jpg 150w, https:\/\/www.delcofluid.com\/wp-content\/uploads\/2025\/02\/3-768x768.jpg 768w, https:\/\/www.delcofluid.com\/wp-content\/uploads\/2025\/02\/3-12x12.jpg 12w, https:\/\/www.delcofluid.com\/wp-content\/uploads\/2025\/02\/3-600x600.jpg 600w, https:\/\/www.delcofluid.com\/wp-content\/uploads\/2025\/02\/3-100x100.jpg 100w\" sizes=\"(max-width: 800px) 100vw, 800px\" \/>\t\t\t\t\t\t\t\t\t\t\t\t\t\t\t<\/div>\n\t\t\t\t<\/div>\n\t\t\t\t<\/div>\n\t\t\t\t<\/div>\n\t\t<div class=\"elementor-element elementor-element-15c4c55 e-con-full e-flex e-con e-parent\" data-id=\"15c4c55\" data-element_type=\"container\" data-e-type=\"container\" data-settings=\"{&quot;background_background&quot;:&quot;classic&quot;,&quot;ekit_has_onepagescroll_dot&quot;:&quot;yes&quot;}\">\n\t\t\t\t<div class=\"elementor-element elementor-element-cf7446a elementor-widget elementor-widget-heading\" data-id=\"cf7446a\" data-element_type=\"widget\" data-e-type=\"widget\" data-settings=\"{&quot;ekit_we_effect_on&quot;:&quot;none&quot;}\" data-widget_type=\"heading.default\">\n\t\t\t\t<div class=\"elementor-widget-container\">\n\t\t\t\t\t<h2 class=\"elementor-heading-title elementor-size-default\">Th\u00f4ng s\u1ed1 k\u1ef9 thu\u1eadt c\u1ee7a van \u0111i\u1ec7n t\u1eeb \u00e1p su\u1ea5t cao:<\/h2>\t\t\t\t<\/div>\n\t\t\t\t<\/div>\n\t\t\t\t<\/div>\n\t\t<div class=\"elementor-element elementor-element-0b18e32 e-flex e-con-boxed e-con e-parent\" data-id=\"0b18e32\" data-element_type=\"container\" data-e-type=\"container\" data-settings=\"{&quot;ekit_has_onepagescroll_dot&quot;:&quot;yes&quot;}\">\n\t\t\t\t\t<div class=\"e-con-inner\">\n\t\t\t\t<div class=\"elementor-element elementor-element-ffd4484 elementor-widget elementor-widget-text-editor\" data-id=\"ffd4484\" data-element_type=\"widget\" data-e-type=\"widget\" data-settings=\"{&quot;ekit_we_effect_on&quot;:&quot;none&quot;}\" data-widget_type=\"text-editor.default\">\n\t\t\t\t<div class=\"elementor-widget-container\">\n\t\t\t\t\t\t\t\t\t<table width=\"288\"><tbody><tr><td width=\"72\">Ki\u1ec3u<\/td><td width=\"72\">Van \u0111i\u1ec7n t\u1eeb\u00a0<\/td><td width=\"72\">K\u00edch th\u01b0\u1edbc c\u1ed5ng<\/td><td width=\"72\">1\/8&#8243;~1&#8243;<\/td><\/tr><tr><td width=\"72\">V\u1eadt li\u1ec7u<\/td><td width=\"72\">Th\u00e9p kh\u00f4ng g\u1ec9\u00a0 \u00a0 \u00a0\u00a0<\/td><td width=\"72\">V\u1eadt li\u1ec7u ni\u00eam phong<\/td><td width=\"72\">PTFE<\/td><\/tr><tr><td width=\"72\">\u00c1p l\u1ef1c<\/td><td width=\"72\">0 MPa-1,0 MPa<\/td><td width=\"72\">Ch\u1ee9c n\u0103ng<\/td><td width=\"72\">Th\u01b0\u1eddng \u0111\u00f3ng\u00a0<\/td><\/tr><tr><td width=\"72\">B\u1ea3o h\u00e0nh<\/td><td width=\"72\">\u00a012 con b\u01b0\u1edbm \u0111\u00eam<\/td><td width=\"72\">L\u1ed7 (mm)<\/td><td width=\"72\">\u20135.0, 6.0, 7.0<\/td><\/tr><tr><td width=\"72\">Ch\u1ee9c n\u0103ng<\/td><td width=\"72\">Th\u01b0\u1eddng \u0111\u00f3ng ho\u1eb7c m\u1edf<\/td><td width=\"72\">Ng\u01b0\u1eddi m\u1eabu<\/td><td width=\"72\">ZCT<\/td><\/tr><\/tbody><\/table>\t\t\t\t\t\t\t\t<\/div>\n\t\t\t\t<\/div>\n\t\t\t\t<div class=\"elementor-element elementor-element-088f1a6 elementor-widget elementor-widget-heading\" data-id=\"088f1a6\" data-element_type=\"widget\" data-e-type=\"widget\" data-settings=\"{&quot;ekit_we_effect_on&quot;:&quot;none&quot;}\" data-widget_type=\"heading.default\">\n\t\t\t\t<div class=\"elementor-widget-container\">\n\t\t\t\t\t<h2 class=\"elementor-heading-title elementor-size-default\">\u1ee8ng d\u1ee5ng van \u0111i\u1ec7n t\u1eeb \u00e1p su\u1ea5t cao:<\/h2>\t\t\t\t<\/div>\n\t\t\t\t<\/div>\n\t\t\t\t<div class=\"elementor-element elementor-element-6591800 elementor-widget elementor-widget-text-editor\" data-id=\"6591800\" data-element_type=\"widget\" data-e-type=\"widget\" data-settings=\"{&quot;ekit_we_effect_on&quot;:&quot;none&quot;}\" data-widget_type=\"text-editor.default\">\n\t\t\t\t<div class=\"elementor-widget-container\">\n\t\t\t\t\t\t\t\t\t<ul><li>H\u1ec7 th\u1ed1ng th\u1ee7y l\u1ef1c: Th\u01b0\u1eddng \u0111\u01b0\u1ee3c s\u1eed d\u1ee5ng trong c\u00e1c h\u1ec7 th\u1ed1ng di chuy\u1ec3n ch\u1ea5t l\u1ecfng d\u01b0\u1edbi \u00e1p su\u1ea5t, \u0111i\u1ec1u khi\u1ec3n c\u00e1c b\u1ed9 ph\u1eadn nh\u01b0 m\u00e1y b\u01a1m, xi lanh v\u00e0 \u0111\u1ed9ng c\u01a1 m\u1ed9t c\u00e1ch ch\u00ednh x\u00e1c.<\/li><li>H\u1ec7 th\u1ed1ng kh\u00ed n\u00e9n: \u0110\u01b0\u1ee3c s\u1eed d\u1ee5ng \u0111\u1ec3 \u0111i\u1ec1u khi\u1ec3n c\u00e1c thi\u1ebft b\u1ecb ch\u1ea1y b\u1eb1ng kh\u00ed n\u00e9n, gi\u00fap th\u1ef1c hi\u1ec7n c\u00e1c h\u00e0nh \u0111\u1ed9ng nh\u01b0 m\u1edf r\u1ed9ng xi lanh ho\u1eb7c m\u1edf van.<\/li><li>H\u1ec7 th\u1ed1ng kh\u00ed: Qu\u1ea3n l\u00fd l\u01b0u l\u01b0\u1ee3ng v\u00e0 \u00e1p su\u1ea5t kh\u00ed \u0111\u1ec3 \u0111\u1ea3m b\u1ea3o an to\u00e0n v\u00e0 \u1ed5n \u0111\u1ecbnh trong c\u00e1c h\u1ec7 th\u1ed1ng v\u1eadn h\u00e0nh b\u1eb1ng kh\u00ed.<\/li><li>C\u00f4ng d\u1ee5ng kh\u00e1c: C\u00f3 trong h\u1ec7 th\u1ed1ng n\u01b0\u1edbc, s\u01b0\u1edfi \u1ea5m v\u00e0 \u0111i\u1ec1u h\u00f2a kh\u00f4ng kh\u00ed \u0111\u1ec3 \u0111i\u1ec1u ch\u1ec9nh ch\u00ednh x\u00e1c lu\u1ed3ng n\u01b0\u1edbc v\u00e0 lu\u1ed3ng kh\u00f4ng kh\u00ed, c\u1ea3i thi\u1ec7n hi\u1ec7u qu\u1ea3 v\u00e0 hi\u1ec7u su\u1ea5t c\u1ee7a h\u1ec7 th\u1ed1ng.<\/li><\/ul>\t\t\t\t\t\t\t\t<\/div>\n\t\t\t\t<\/div>\n\t\t\t\t<div class=\"elementor-element elementor-element-c6975fe elementor-widget elementor-widget-heading\" data-id=\"c6975fe\" data-element_type=\"widget\" data-e-type=\"widget\" data-settings=\"{&quot;ekit_we_effect_on&quot;:&quot;none&quot;}\" data-widget_type=\"heading.default\">\n\t\t\t\t<div class=\"elementor-widget-container\">\n\t\t\t\t\t<h2 class=\"elementor-heading-title elementor-size-default\">L\u1ee3i \u00edch c\u1ee7a van \u0111i\u1ec7n t\u1eeb \u00e1p su\u1ea5t cao:<\/h2>\t\t\t\t<\/div>\n\t\t\t\t<\/div>\n\t\t\t\t<div class=\"elementor-element elementor-element-fab2721 elementor-widget elementor-widget-text-editor\" data-id=\"fab2721\" data-element_type=\"widget\" data-e-type=\"widget\" data-settings=\"{&quot;ekit_we_effect_on&quot;:&quot;none&quot;}\" data-widget_type=\"text-editor.default\">\n\t\t\t\t<div class=\"elementor-widget-container\">\n\t\t\t\t\t\t\t\t\t<ul><li>Ch\u1ed1ng \u0103n m\u00f2n: Kh\u00f4ng gi\u1ed1ng nh\u01b0 van th\u00f4ng th\u01b0\u1eddng c\u00f3 th\u1ec3 b\u1ecb r\u1ec9 s\u00e9t ho\u1eb7c m\u00f2n theo th\u1eddi gian, van \u0111i\u1ec7n t\u1eeb ch\u1ecbu nhi\u1ec7t \u0111\u1ed9 cao v\u00e0 \u00e1p su\u1ea5t cao ch\u1ed1ng \u0103n m\u00f2n. Ch\u00fang c\u0169ng b\u1ecbt k\u00edn t\u1ed1t \u0111\u1ec3 ng\u0103n h\u01a1i n\u01b0\u1edbc.<\/li><li>\u0110\u1ed9 b\u1ec1n \u1edf nhi\u1ec7t \u0111\u1ed9 cao: Van \u0111i\u1ec7n t\u1eeb ch\u1ecbu nhi\u1ec7t \u0111\u1ed9 cao v\u00e0 \u00e1p su\u1ea5t cao c\u00f3 th\u1ec3 ho\u1ea1t \u0111\u1ed9ng trong th\u1eddi gian d\u00e0i l\u00ean \u0111\u1ebfn 300\u00b0C.<\/li><li>Tu\u1ed5i th\u1ecd d\u00e0i: Van \u0111i\u1ec7n t\u1eeb \u00e1p su\u1ea5t cao th\u00f4ng th\u01b0\u1eddng ch\u1ec9 t\u1ed3n t\u1ea1i trong v\u00e0i th\u00e1ng v\u00e0 \u0111\u1eaft ti\u1ec1n. Tuy nhi\u00ean, van \u0111i\u1ec7n t\u1eeb nhi\u1ec7t \u0111\u1ed9 cao v\u00e0 \u00e1p su\u1ea5t cao \u0111\u1eb7c bi\u1ec7t, \u0111\u01b0\u1ee3c l\u00e0m b\u1eb1ng v\u1eadt li\u1ec7u chuy\u00ean d\u1ee5ng, c\u00f3 th\u1ec3 t\u1ed3n t\u1ea1i l\u00e2u h\u01a1n n\u0103m l\u1ea7n so v\u1edbi c\u00e1c s\u1ea3n ph\u1ea9m ti\u00eau chu\u1ea9n.<\/li><li>B\u1ea3o v\u1ec7 ch\u1ed1ng n\u1ed5 tuy\u1ec7t v\u1eddi: Van \u0111i\u1ec7n t\u1eeb th\u00f4ng th\u01b0\u1eddng c\u00f3 kh\u1ea3 n\u0103ng ph\u00e1t n\u1ed5 ho\u1eb7c b\u1eaft l\u1eeda trong qu\u00e1 tr\u00ecnh s\u1eed d\u1ee5ng. M\u1eb7t kh\u00e1c, s\u1eed d\u1ee5ng van \u0111i\u1ec7n t\u1eeb nhi\u1ec7t \u0111\u1ed9 cao v\u00e0 \u00e1p su\u1ea5t cao c\u00f3 th\u1ec3 gi\u1ea3m hi\u1ec7u qu\u1ea3 nh\u1eefng r\u1ee7i ro n\u00e0y.<\/li><\/ul>\t\t\t\t\t\t\t\t<\/div>\n\t\t\t\t<\/div>\n\t\t\t\t<div class=\"elementor-element elementor-element-fe1154f elementor-widget elementor-widget-heading\" data-id=\"fe1154f\" data-element_type=\"widget\" data-e-type=\"widget\" data-settings=\"{&quot;ekit_we_effect_on&quot;:&quot;none&quot;}\" data-widget_type=\"heading.default\">\n\t\t\t\t<div class=\"elementor-widget-container\">\n\t\t\t\t\t<h2 class=\"elementor-heading-title elementor-size-default\">Ph\u1ea7n k\u1ebft lu\u1eadn:<\/h2>\t\t\t\t<\/div>\n\t\t\t\t<\/div>\n\t\t\t\t<div class=\"elementor-element elementor-element-472bfac elementor-widget elementor-widget-text-editor\" data-id=\"472bfac\" data-element_type=\"widget\" data-e-type=\"widget\" data-settings=\"{&quot;ekit_we_effect_on&quot;:&quot;none&quot;}\" data-widget_type=\"text-editor.default\">\n\t\t\t\t<div class=\"elementor-widget-container\">\n\t\t\t\t\t\t\t\t\t<p>T\u00f3m l\u1ea1i, van \u0111i\u1ec7n t\u1eeb \u00e1p su\u1ea5t cao v\u1eadn h\u00e0nh tr\u1ef1c ti\u1ebfp \u0111\u00f3ng vai tr\u00f2 quan tr\u1ecdng trong vi\u1ec7c \u0111\u1ea3m b\u1ea3o ki\u1ec3m so\u00e1t ch\u1ea5t l\u1ecfng hi\u1ec7u qu\u1ea3 v\u00e0 \u0111\u00e1ng tin c\u1eady trong c\u00e1c m\u00f4i tr\u01b0\u1eddng kh\u1eafc nghi\u1ec7t. V\u1edbi c\u00e1c t\u00ednh n\u0103ng ti\u00ean ti\u1ebfn, ho\u1ea1t \u0111\u1ed9ng ch\u00ednh x\u00e1c v\u00e0 kh\u1ea3 n\u0103ng \u1ee9ng d\u1ee5ng r\u1ed9ng r\u00e3i, c\u00e1c van n\u00e0y l\u00e0 th\u00e0nh ph\u1ea7n kh\u00f4ng th\u1ec3 thi\u1ebfu trong nhi\u1ec1u ng\u00e0nh c\u00f4ng nghi\u1ec7p. Khi c\u00f4ng ngh\u1ec7 ti\u1ebfp t\u1ee5c ph\u00e1t tri\u1ec3n, c\u00e1c van n\u00e0y s\u1ebd v\u1eabn \u0111i \u0111\u1ea7u trong c\u00e1c gi\u1ea3i ph\u00e1p ki\u1ec3m so\u00e1t ch\u1ea5t l\u1ecfng, th\u00fac \u0111\u1ea9y s\u1ef1 \u0111\u1ed5i m\u1edbi v\u00e0 n\u00e2ng cao hi\u1ec7u su\u1ea5t trong c\u00e1c h\u1ec7 th\u1ed1ng quan tr\u1ecdng.<\/p>\t\t\t\t\t\t\t\t<\/div>\n\t\t\t\t<\/div>\n\t\t\t\t\t<\/div>\n\t\t\t\t<\/div>\n\t\t\t\t<\/div>","protected":false},"excerpt":{"rendered":"<p>Van \u0111i\u1ec7n t\u1eeb \u00e1p su\u1ea5t cao DELCO ho\u1ea1t \u0111\u1ed9ng ch\u1ee7 y\u1ebfu d\u1ef1a tr\u00ean l\u1ef1c \u0111i\u1ec7n t\u1eeb \u0111\u1ec3 \u0111i\u1ec1u khi\u1ec3n chuy\u1ec3n \u0111\u1ed9ng c\u1ee7a \u1ed1ng cu\u1ed9n, \u0111\u1ec3 th\u1ef1c hi\u1ec7n \u0111i\u1ec1u khi\u1ec3n \u0111\u00f3ng m\u1edf ch\u1ea5t l\u1ecfng. C\u1ea5u tr\u00fac \u0111\u01a1n gi\u1ea3n, \u0111\u1ed9 tin c\u1eady cao v\u00e0 t\u1ed1c \u0111\u1ed9 ph\u1ea3n \u1ee9ng nhanh, th\u00edch h\u1ee3p \u0111\u1ec3 \u0111i\u1ec1u khi\u1ec3n nhanh ch\u00f3ng v\u00e0 ch\u00ednh x\u00e1c c\u00e1c tr\u01b0\u1eddng h\u1ee3p ch\u1ea5t l\u1ecfng.<\/p>\n<p>Th\u01b0\u1eddng \u0111\u00f3ng: Khi cu\u1ed9n d\u00e2y \u0111\u01b0\u1ee3c c\u1ea5p \u0111i\u1ec7n, l\u00f5i van \u0111i\u1ec1u khi\u1ec3n s\u1ebd h\u00fat, m\u1edf l\u1ed7 \u0111i\u1ec1u khi\u1ec3n. \u0110i\u1ec1u n\u00e0y gi\u1ea3i ph\u00f3ng \u00e1p su\u1ea5t \u1edf khoang tr\u00ean, cho ph\u00e9p \u00e1p su\u1ea5t trung b\u00ecnh \u1edf khoang d\u01b0\u1edbi \u0111\u1ea9y piston, m\u1edf van \u0111i\u1ec7n t\u1eeb. Khi cu\u1ed9n d\u00e2y b\u1ecb t\u1eaft, l\u00f5i van \u0111i\u1ec1u khi\u1ec3n s\u1ebd \u0111\u1eb7t l\u1ea1i do l\u00f2 xo, \u0111\u00f3ng l\u1ed7 \u0111i\u1ec1u khi\u1ec3n. Khoang tr\u00ean ch\u1ecbu \u00e1p su\u1ea5t th\u00f4ng qua l\u1ed7 piston v\u00e0 l\u1ef1c c\u1ee7a l\u00f2 xo \u0111\u1eb7t l\u1ea1i, \u0111\u00f3ng van \u0111i\u1ec7n t\u1eeb.<\/p>\n<p>Th\u01b0\u1eddng m\u1edf: Khi cu\u1ed9n d\u00e2y \u0111\u01b0\u1ee3c c\u1ea5p \u0111i\u1ec7n, l\u1ed7 d\u1eabn h\u01b0\u1edbng \u0111\u00f3ng l\u1ea1i. Bu\u1ed3ng tr\u00ean ch\u1ecbu \u00e1p su\u1ea5t th\u00f4ng qua l\u1ed7 piston v\u00e0 l\u1ef1c l\u00f2 xo \u0111\u1eb7t l\u1ea1i, \u0111\u00f3ng van \u0111i\u1ec7n t\u1eeb. Khi cu\u1ed9n d\u00e2y b\u1ecb t\u1eaft, l\u00f5i van d\u1eabn h\u01b0\u1edbng \u0111\u1eb7t l\u1ea1i do l\u00f2 xo, m\u1edf l\u1ed7 d\u1eabn h\u01b0\u1edbng. \u0110i\u1ec1u n\u00e0y gi\u1ea3i ph\u00f3ng \u00e1p su\u1ea5t trong bu\u1ed3ng tr\u00ean, cho ph\u00e9p \u00e1p su\u1ea5t trung b\u00ecnh trong bu\u1ed3ng d\u01b0\u1edbi \u0111\u1ea9y piston, m\u1edf van \u0111i\u1ec7n t\u1eeb.<\/p>\n<div class=\"elementor-element elementor-element-62fbce2 elementor-widget elementor-widget-text-editor\" data-id=\"62fbce2\" data-element_type=\"widget\" data-settings=\"{&quot;ekit_we_effect_on&quot;:&quot;none&quot;}\" data-widget_type=\"text-editor.default\">\n<div class=\"elementor-widget-container\">\n<ul>\n<li><span style=\"color: #333300\">Model: Van \u0111i\u1ec7n t\u1eeb \u00e1p su\u1ea5t cao<\/span><\/li>\n<li><span style=\"color: #333300\">Ph\u1ea1m vi k\u00edch th\u01b0\u1edbc: 1\/8\u2033~1\u2033<\/span><\/li>\n<li><span style=\"color: #333300\">Ph\u1ea1m vi \u00e1p su\u1ea5t: 0MPa~1.0MPa<\/span><\/li>\n<li><span style=\"color: #333300\">Ch\u1ea5t li\u1ec7u: Th\u00e9p kh\u00f4ng g\u1ec9 304\/316<\/span><\/li>\n<\/ul>\n<\/div>\n<\/div>","protected":false},"featured_media":13194,"template":"","meta":{"site-sidebar-layout":"default","site-content-layout":"","ast-site-content-layout":"default","site-content-style":"default","site-sidebar-style":"default","ast-global-header-display":"","ast-banner-title-visibility":"","ast-main-header-display":"","ast-hfb-above-header-display":"","ast-hfb-below-header-display":"","ast-hfb-mobile-header-display":"","site-post-title":"","ast-breadcrumbs-content":"","ast-featured-img":"","footer-sml-layout":"","ast-disable-related-posts":"","theme-transparent-header-meta":"default","adv-header-id-meta":"","stick-header-meta":"","header-above-stick-meta":"","header-main-stick-meta":"","header-below-stick-meta":"","astra-migrate-meta-layouts":"set","ast-page-background-enabled":"default","ast-page-background-meta":{"desktop":{"background-color":"var(--ast-global-color-4)","background-image":"","background-repeat":"repeat","background-position":"center center","background-size":"auto","background-attachment":"scroll","background-type":"","background-media":"","overlay-type":"","overlay-color":"","overlay-opacity":"","overlay-gradient":""},"tablet":{"background-color":"","background-image":"","background-repeat":"repeat","background-position":"center center","background-size":"auto","background-attachment":"scroll","background-type":"","background-media":"","overlay-type":"","overlay-color":"","overlay-opacity":"","overlay-gradient":""},"mobile":{"background-color":"","background-image":"","background-repeat":"repeat","background-position":"center center","background-size":"auto","background-attachment":"scroll","background-type":"","background-media":"","overlay-type":"","overlay-color":"","overlay-opacity":"","overlay-gradient":""}},"ast-content-background-meta":{"desktop":{"background-color":"var(--ast-global-color-5)","background-image":"","background-repeat":"repeat","background-position":"center center","background-size":"auto","background-attachment":"scroll","background-type":"","background-media":"","overlay-type":"","overlay-color":"","overlay-opacity":"","overlay-gradient":""},"tablet":{"background-color":"var(--ast-global-color-5)","background-image":"","background-repeat":"repeat","background-position":"center center","background-size":"auto","background-attachment":"scroll","background-type":"","background-media":"","overlay-type":"","overlay-color":"","overlay-opacity":"","overlay-gradient":""},"mobile":{"background-color":"var(--ast-global-color-5)","background-image":"","background-repeat":"repeat","background-position":"center center","background-size":"auto","background-attachment":"scroll","background-type":"","background-media":"","overlay-type":"","overlay-color":"","overlay-opacity":"","overlay-gradient":""}}},"product_brand":[],"product_cat":[712,33,37],"product_tag":[205,204,158,156,73,56],"class_list":{"0":"post-13192","1":"product","2":"type-product","3":"status-publish","4":"has-post-thumbnail","6":"product_cat-high-pressure-solenoid-valve","7":"product_cat-products","8":"product_cat-solenoid-valves","9":"product_tag-high-pressure-solenoid-valve","10":"product_tag-high-pressure-solenoid-valves","11":"product_tag-solenoid-valve","12":"product_tag-solenoid-valves","13":"product_tag-valve","14":"product_tag-valves","15":"desktop-align-center","16":"tablet-align-left","17":"mobile-align-left","19":"first","20":"instock","21":"shipping-taxable","22":"product-type-simple"},"_links":{"self":[{"href":"https:\/\/www.delcofluid.com\/vi\/wp-json\/wp\/v2\/product\/13192","targetHints":{"allow":["GET"]}}],"collection":[{"href":"https:\/\/www.delcofluid.com\/vi\/wp-json\/wp\/v2\/product"}],"about":[{"href":"https:\/\/www.delcofluid.com\/vi\/wp-json\/wp\/v2\/types\/product"}],"version-history":[{"count":0,"href":"https:\/\/www.delcofluid.com\/vi\/wp-json\/wp\/v2\/product\/13192\/revisions"}],"wp:featuredmedia":[{"embeddable":true,"href":"https:\/\/www.delcofluid.com\/vi\/wp-json\/wp\/v2\/media\/13194"}],"wp:attachment":[{"href":"https:\/\/www.delcofluid.com\/vi\/wp-json\/wp\/v2\/media?parent=13192"}],"wp:term":[{"taxonomy":"product_brand","embeddable":true,"href":"https:\/\/www.delcofluid.com\/vi\/wp-json\/wp\/v2\/product_brand?post=13192"},{"taxonomy":"product_cat","embeddable":true,"href":"https:\/\/www.delcofluid.com\/vi\/wp-json\/wp\/v2\/product_cat?post=13192"},{"taxonomy":"product_tag","embeddable":true,"href":"https:\/\/www.delcofluid.com\/vi\/wp-json\/wp\/v2\/product_tag?post=13192"}],"curies":[{"name":"wp","href":"https:\/\/api.w.org\/{rel}","templated":true}]}}