{"id":13209,"date":"2025-02-27T07:28:10","date_gmt":"2025-02-27T07:28:10","guid":{"rendered":"https:\/\/www.delcofluid.com\/?post_type=product&#038;p=13209"},"modified":"2025-02-27T07:41:51","modified_gmt":"2025-02-27T07:41:51","slug":"delco-ptfe-direct-acting-corrosion-resistant-solenoid-valve","status":"publish","type":"product","link":"https:\/\/www.delcofluid.com\/vi\/san-pham\/delco-ptfe-direct-acting-corrosion-resistant-solenoid-valve\/","title":{"rendered":"Van \u0111i\u1ec7n t\u1eeb ch\u1ed1ng \u0103n m\u00f2n t\u00e1c \u0111\u1ed9ng tr\u1ef1c ti\u1ebfp PTFE DELCO"},"content":{"rendered":"<div data-elementor-type=\"product-post\" data-elementor-id=\"13209\" class=\"elementor elementor-13209\" data-elementor-post-type=\"product\">\n\t\t\t\t<div class=\"elementor-element elementor-element-20539a1c e-con-full e-flex e-con e-parent\" data-id=\"20539a1c\" data-element_type=\"container\" data-e-type=\"container\" data-settings=\"{&quot;ekit_has_onepagescroll_dot&quot;:&quot;yes&quot;}\">\n\t\t<div class=\"elementor-element elementor-element-3316fa6 e-con-full e-flex e-con e-child\" data-id=\"3316fa6\" data-element_type=\"container\" data-e-type=\"container\" data-settings=\"{&quot;ekit_has_onepagescroll_dot&quot;:&quot;yes&quot;}\">\n\t\t\t\t<div class=\"elementor-element elementor-element-b8b3abc elementor-widget elementor-widget-heading\" data-id=\"b8b3abc\" data-element_type=\"widget\" data-e-type=\"widget\" data-settings=\"{&quot;ekit_we_effect_on&quot;:&quot;none&quot;}\" data-widget_type=\"heading.default\">\n\t\t\t\t<div class=\"elementor-widget-container\">\n\t\t\t\t\t<h2 class=\"elementor-heading-title elementor-size-default\">\u0110\u1eb7c tr\u01b0ng<\/h2>\t\t\t\t<\/div>\n\t\t\t\t<\/div>\n\t\t\t\t<div class=\"elementor-element elementor-element-4b43349d elementor-widget__width-initial elementor-widget elementor-widget-text-editor\" data-id=\"4b43349d\" data-element_type=\"widget\" data-e-type=\"widget\" data-settings=\"{&quot;ekit_we_effect_on&quot;:&quot;none&quot;}\" data-widget_type=\"text-editor.default\">\n\t\t\t\t<div class=\"elementor-widget-container\">\n\t\t\t\t\t\t\t\t\t<ul><li><strong>Kh\u1ea3 n\u0103ng ch\u1ed1ng \u0103n m\u00f2n:<\/strong> C\u00e1c van n\u00e0y \u0111\u01b0\u1ee3c ch\u1ebf t\u1ea1o \u0111\u1ec3 ch\u1ed1ng g\u1ec9 v\u00e0 \u0103n m\u00f2n, \u0111\u1ea3m b\u1ea3o \u0111\u1ed9 b\u1ec1n v\u00e0 \u0111\u1ed9 tin c\u1eady trong m\u00f4i tr\u01b0\u1eddng \u0103n m\u00f2n.<\/li><li><strong>\u0110\u1ed9 b\u1ec1n \u0111\u01b0\u1ee3c c\u1ea3i thi\u1ec7n:<\/strong> V\u1eadt li\u1ec7u v\u00e0 l\u1edbp ph\u1ee7 ch\u1ed1ng \u0103n m\u00f2n \u0111\u01b0\u1ee3c s\u1eed d\u1ee5ng trong s\u1ea3n xu\u1ea5t g\u00f3p ph\u1ea7n k\u00e9o d\u00e0i tu\u1ed5i th\u1ecd v\u00e0 hi\u1ec7u qu\u1ea3 ho\u1ea1t \u0111\u1ed9ng c\u1ee7a van.<\/li><li><strong>B\u1ea3o v\u1ec7 ch\u1ed1ng l\u1ea1i m\u00f4i tr\u01b0\u1eddng kh\u1eafc nghi\u1ec7t:<\/strong> C\u00e1c van n\u00e0y c\u00f3 th\u1ec3 ho\u1ea1t \u0111\u1ed9ng hi\u1ec7u qu\u1ea3 trong \u0111i\u1ec1u ki\u1ec7n kh\u1eafc nghi\u1ec7t khi \u0103n m\u00f2n l\u00e0 v\u1ea5n \u0111\u1ec1 th\u01b0\u1eddng g\u1eb7p, \u0111\u1ea3m b\u1ea3o hi\u1ec7u su\u1ea5t \u1ed5n \u0111\u1ecbnh.<\/li><li><strong>Ph\u00f9 h\u1ee3p cho nhi\u1ec1u \u1ee9ng d\u1ee5ng kh\u00e1c nhau:<\/strong> Van \u0111i\u1ec7n t\u1eeb ch\u1ed1ng \u0103n m\u00f2n \u0111\u01b0\u1ee3c \u1ee9ng d\u1ee5ng trong c\u00e1c ng\u00e0nh c\u00f4ng nghi\u1ec7p nh\u01b0 ch\u1ebf bi\u1ebfn h\u00f3a ch\u1ea5t, m\u00f4i tr\u01b0\u1eddng bi\u1ec3n v\u00e0 x\u1eed l\u00fd n\u01b0\u1edbc th\u1ea3i, n\u01a1i kh\u1ea3 n\u0103ng ch\u1ed1ng \u0103n m\u00f2n l\u00e0 r\u1ea5t quan tr\u1ecdng.<\/li><li><strong>D\u1ec5 b\u1ea3o tr\u00ec:<\/strong> Thi\u1ebft k\u1ebf c\u1ee7a c\u00e1c van n\u00e0y th\u01b0\u1eddng \u0111\u01a1n gi\u1ea3n h\u00f3a c\u00e1c nhi\u1ec7m v\u1ee5 b\u1ea3o tr\u00ec, gi\u1ea3m th\u1eddi gian ch\u1ebft v\u00e0 \u0111\u1ea3m b\u1ea3o ho\u1ea1t \u0111\u1ed9ng tr\u01a1n tru theo th\u1eddi gian.<\/li><\/ul>\t\t\t\t\t\t\t\t<\/div>\n\t\t\t\t<\/div>\n\t\t\t\t<\/div>\n\t\t<div class=\"elementor-element elementor-element-e796ac0 e-con-full e-flex e-con e-child\" data-id=\"e796ac0\" data-element_type=\"container\" data-e-type=\"container\" data-settings=\"{&quot;ekit_has_onepagescroll_dot&quot;:&quot;yes&quot;}\">\n\t\t\t\t<div class=\"elementor-element elementor-element-7ddba38 elementor-widget__width-initial elementor-widget elementor-widget-image\" data-id=\"7ddba38\" data-element_type=\"widget\" data-e-type=\"widget\" data-settings=\"{&quot;ekit_we_effect_on&quot;:&quot;none&quot;}\" data-widget_type=\"image.default\">\n\t\t\t\t<div class=\"elementor-widget-container\">\n\t\t\t\t\t\t\t\t\t\t\t\t\t\t\t<img fetchpriority=\"high\" decoding=\"async\" width=\"768\" height=\"759\" src=\"https:\/\/www.delcofluid.com\/wp-content\/uploads\/2024\/03\/product-finder-graphic-3-x900.jpg\" class=\"attachment-large size-large wp-image-2576\" alt=\"Solenoid Valves\" srcset=\"https:\/\/www.delcofluid.com\/wp-content\/uploads\/2024\/03\/product-finder-graphic-3-x900.jpg 768w, https:\/\/www.delcofluid.com\/wp-content\/uploads\/2024\/03\/product-finder-graphic-3-x900-100x100.jpg 100w, https:\/\/www.delcofluid.com\/wp-content\/uploads\/2024\/03\/product-finder-graphic-3-x900-600x593.jpg 600w, https:\/\/www.delcofluid.com\/wp-content\/uploads\/2024\/03\/product-finder-graphic-3-x900-300x296.jpg 300w\" sizes=\"(max-width: 768px) 100vw, 768px\" \/>\t\t\t\t\t\t\t\t\t\t\t\t\t\t\t<\/div>\n\t\t\t\t<\/div>\n\t\t\t\t<\/div>\n\t\t\t\t<\/div>\n\t\t<div class=\"elementor-element elementor-element-4e8d114 e-flex e-con-boxed e-con e-parent\" data-id=\"4e8d114\" data-element_type=\"container\" data-e-type=\"container\" data-settings=\"{&quot;ekit_has_onepagescroll_dot&quot;:&quot;yes&quot;}\">\n\t\t\t\t\t<div class=\"e-con-inner\">\n\t\t\t\t<div class=\"elementor-element elementor-element-4afd6ea elementor-widget elementor-widget-heading\" data-id=\"4afd6ea\" data-element_type=\"widget\" data-e-type=\"widget\" data-settings=\"{&quot;ekit_we_effect_on&quot;:&quot;none&quot;}\" data-widget_type=\"heading.default\">\n\t\t\t\t<div class=\"elementor-widget-container\">\n\t\t\t\t\t<h2 class=\"elementor-heading-title elementor-size-default\">Nguy\u00ean l\u00fd ho\u1ea1t \u0111\u1ed9ng:<\/h2>\t\t\t\t<\/div>\n\t\t\t\t<\/div>\n\t\t\t\t<div class=\"elementor-element elementor-element-ffd4484 elementor-widget elementor-widget-text-editor\" data-id=\"ffd4484\" data-element_type=\"widget\" data-e-type=\"widget\" data-settings=\"{&quot;ekit_we_effect_on&quot;:&quot;none&quot;}\" data-widget_type=\"text-editor.default\">\n\t\t\t\t<div class=\"elementor-widget-container\">\n\t\t\t\t\t\t\t\t\t<p>Th\u01b0\u1eddng \u0111\u00f3ng: khi cu\u1ed9n d\u00e2y \u0111\u01b0\u1ee3c c\u1ea5p \u0111i\u1ec7n, l\u00f5i solenoid b\u1ecb h\u00fat, l\u1ed7 gi\u1ea3m \u00e1p \u0111\u01b0\u1ee3c m\u1edf, piston ch\u00ednh b\u1ecb \u0111\u1ea9y b\u1edfi \u00e1p su\u1ea5t trung b\u00ecnh, c\u1ed5ng van ch\u00ednh \u0111\u01b0\u1ee3c m\u1edf v\u00e0 m\u00f4i tr\u01b0\u1eddng ch\u1ea3y. Khi cu\u1ed9n d\u00e2y b\u1ecb ng\u1eaft \u0111i\u1ec7n, c\u1ed5ng van ch\u00ednh \u0111\u01b0\u1ee3c \u0111\u00f3ng l\u1ea1i, ph\u01b0\u01a1ng ti\u1ec7n b\u1ecb c\u1eaft.<\/p><p>Th\u01b0\u1eddng m\u1edf: khi cu\u1ed9n d\u00e2y \u0111\u01b0\u1ee3c c\u1ea5p \u0111i\u1ec7n, l\u00f5i solenoid \u0111\u00f3ng l\u1ea1i, l\u1ed7 x\u1ea3 \u00e1p su\u1ea5t \u0111\u00f3ng l\u1ea1i, piston ch\u00ednh b\u1ecb \u00e1p su\u1ea5t trung b\u00ecnh \u0111\u1ea9y \u0111\u1ec3 \u0111\u00f3ng c\u1ed5ng van ch\u00ednh, ng\u1eaft trung b\u00ecnh. Khi cu\u1ed9n d\u00e2y b\u1ecb ng\u1eaft \u0111i\u1ec7n, c\u1ed5ng van ch\u00ednh m\u1edf ra v\u00e0 trung b\u00ecnh ch\u1ea3y.<\/p>\t\t\t\t\t\t\t\t<\/div>\n\t\t\t\t<\/div>\n\t\t\t\t\t<\/div>\n\t\t\t\t<\/div>\n\t\t<div class=\"elementor-element elementor-element-15c4c55 e-con-full e-flex e-con e-parent\" data-id=\"15c4c55\" data-element_type=\"container\" data-e-type=\"container\" data-settings=\"{&quot;background_background&quot;:&quot;classic&quot;,&quot;ekit_has_onepagescroll_dot&quot;:&quot;yes&quot;}\">\n\t\t\t\t<div class=\"elementor-element elementor-element-cf7446a elementor-widget elementor-widget-heading\" data-id=\"cf7446a\" data-element_type=\"widget\" data-e-type=\"widget\" data-settings=\"{&quot;ekit_we_effect_on&quot;:&quot;none&quot;}\" data-widget_type=\"heading.default\">\n\t\t\t\t<div class=\"elementor-widget-container\">\n\t\t\t\t\t<h2 class=\"elementor-heading-title elementor-size-default\">Th\u00f4ng s\u1ed1 k\u1ef9 thu\u1eadt van \u0111i\u1ec7n t\u1eeb ch\u1ed1ng \u0103n m\u00f2n<\/h2>\t\t\t\t<\/div>\n\t\t\t\t<\/div>\n\t\t\t\t<\/div>\n\t\t<div class=\"elementor-element elementor-element-66467903 e-con-full e-flex e-con e-parent\" data-id=\"66467903\" data-element_type=\"container\" data-e-type=\"container\" data-settings=\"{&quot;ekit_has_onepagescroll_dot&quot;:&quot;yes&quot;}\">\n\t\t\t\t<div class=\"elementor-element elementor-element-3c14f475 elementor-widget__width-initial elementor-widget elementor-widget-global elementor-global-2967 elementor-widget-text-editor\" data-id=\"3c14f475\" data-element_type=\"widget\" data-e-type=\"widget\" data-settings=\"{&quot;ekit_we_effect_on&quot;:&quot;none&quot;}\" data-widget_type=\"text-editor.default\">\n\t\t\t\t<div class=\"elementor-widget-container\">\n\t\t\t\t\t\t\t\t\t<table width=\"288\"><tbody><tr><td width=\"72\">Ki\u1ec3u<\/td><td width=\"72\">Van \u0111i\u1ec7n t\u1eeb\u00a0<\/td><td width=\"72\">\u0110\u01b0\u1eddng k\u00ednh danh ngh\u0129a<\/td><td width=\"72\">DN15-DN50<\/td><\/tr><tr><td width=\"72\">\u00c1p su\u1ea5t danh ngh\u0129a<\/td><td width=\"72\">0~1.0MPa<\/td><td width=\"72\">S\u1ef1 li\u00ean quan<\/td><td width=\"72\">C\u00f3 ren<\/td><\/tr><tr><td width=\"72\">K\u1ebft c\u1ea5u<\/td><td width=\"72\">C\u01a1 ho\u00e0nh<\/td><td width=\"72\">H\u1ed7 tr\u1ee3 t\u00f9y ch\u1ec9nh<\/td><td width=\"72\">OEM<\/td><\/tr><tr><td width=\"72\">B\u1ea3o h\u00e0nh<\/td><td width=\"72\">\u00a012 con b\u01b0\u1edbm \u0111\u00eam<\/td><td width=\"72\">V\u1eadt li\u1ec7u ni\u00eam phong<\/td><td width=\"72\">NBR, EPDM, FKM, PTFE<\/td><\/tr><tr><td width=\"72\">Ph\u01b0\u01a1ng ti\u1ec7n truy\u1ec1n th\u00f4ng<\/td><td width=\"72\">D\u1ea7u, Kh\u00f4ng kh\u00ed, Kh\u00ed, Ch\u1ea5t l\u1ecfng<\/td><td width=\"72\">\u0110i\u1ec7n \u00e1p cu\u1ed9n d\u00e2y<\/td><td width=\"72\">DC12~24V (\u00b110%), AC110-220V<\/td><\/tr><\/tbody><\/table><p>\u00a0<\/p>\t\t\t\t\t\t\t\t<\/div>\n\t\t\t\t<\/div>\n\t\t\t\t<\/div>\n\t\t<div class=\"elementor-element elementor-element-0b18e32 e-flex e-con-boxed e-con e-parent\" data-id=\"0b18e32\" data-element_type=\"container\" data-e-type=\"container\" data-settings=\"{&quot;ekit_has_onepagescroll_dot&quot;:&quot;yes&quot;}\">\n\t\t\t\t\t<div class=\"e-con-inner\">\n\t\t\t\t<div class=\"elementor-element elementor-element-c6975fe elementor-widget elementor-widget-heading\" data-id=\"c6975fe\" data-element_type=\"widget\" data-e-type=\"widget\" data-settings=\"{&quot;ekit_we_effect_on&quot;:&quot;none&quot;}\" data-widget_type=\"heading.default\">\n\t\t\t\t<div class=\"elementor-widget-container\">\n\t\t\t\t\t<h2 class=\"elementor-heading-title elementor-size-default\">\u1ee8ng d\u1ee5ng:<\/h2>\t\t\t\t<\/div>\n\t\t\t\t<\/div>\n\t\t\t\t<div class=\"elementor-element elementor-element-eb6e9f8 elementor-widget elementor-widget-text-editor\" data-id=\"eb6e9f8\" data-element_type=\"widget\" data-e-type=\"widget\" data-settings=\"{&quot;ekit_we_effect_on&quot;:&quot;none&quot;}\" data-widget_type=\"text-editor.default\">\n\t\t\t\t<div class=\"elementor-widget-container\">\n\t\t\t\t\t\t\t\t\t<p>Van \u0111i\u1ec7n t\u1eeb ch\u1ed1ng \u0103n m\u00f2n th\u00edch h\u1ee3p cho nhi\u1ec1u lo\u1ea1i kh\u00ed v\u00e0 ch\u1ea5t l\u1ecfng axit v\u00e0 ki\u1ec1m m\u1ea1nh l\u00e0m m\u00f4i tr\u01b0\u1eddng l\u00e0m vi\u1ec7c v\u00e0 \u0111\u01b0\u1ee3c s\u1eed d\u1ee5ng r\u1ed9ng r\u00e3i trong y t\u1ebf v\u00e0 d\u01b0\u1ee3c ph\u1ea9m, h\u00f3a ch\u1ea5t v\u00e0 h\u00f3a ch\u1ea5t, b\u1ea3o v\u1ec7 m\u00f4i tr\u01b0\u1eddng ho\u1eb7c thi\u1ebft b\u1ecb l\u00e0m s\u1ea1ch v\u00e0 c\u00e1c h\u1ec7 th\u1ed1ng \u0111i\u1ec1u khi\u1ec3n t\u1ef1 \u0111\u1ed9ng h\u00f3a kh\u00e1c.<\/p>\t\t\t\t\t\t\t\t<\/div>\n\t\t\t\t<\/div>\n\t\t\t\t\t<\/div>\n\t\t\t\t<\/div>\n\t\t\t\t<\/div>","protected":false},"excerpt":{"rendered":"<p>Van \u0111i\u1ec7n t\u1eeb ch\u1ed1ng \u0103n m\u00f2n DELCO d\u00f9ng cho nhi\u1ec1u lo\u1ea1i nhi\u1ec7t \u0111\u1ed9 b\u00ecnh th\u01b0\u1eddng, \u00e1p su\u1ea5t b\u00ecnh th\u01b0\u1eddng, \u00e1p su\u1ea5t th\u1ea5p, c\u00f3 th\u1ec3 s\u1eed d\u1ee5ng cho nhi\u1ec1u lo\u1ea1i m\u00f4i tr\u01b0\u1eddng \u0103n m\u00f2n ho\u1eb7c s\u1eed d\u1ee5ng m\u00f4i tr\u01b0\u1eddng d\u1ea1ng h\u1ea1t; ch\u1eb3ng h\u1ea1n nh\u01b0 axit clohydric, axit sunfuric, nhi\u1ec1u lo\u1ea1i dung d\u1ecbch m\u1ea1, nhi\u1ec1u lo\u1ea1i d\u1ea7u, kh\u00ed, kh\u00ed d\u1ea7u m\u1ecf h\u00f3a l\u1ecfng, dung m\u00f4i th\u01a1m, dung m\u00f4i aliphatic, ch\u1eb3ng h\u1ea1n nh\u01b0 \u0111i\u1ec1u khi\u1ec3n t\u1ef1 \u0111\u1ed9ng h\u00f3a \u0111\u01b0\u1eddng \u1ed1ng;<\/p>\n<p>\u0110\u01b0\u1ee3c s\u1eed d\u1ee5ng r\u1ed9ng r\u00e3i trong m\u00e1y m\u00f3c n\u00f4ng nghi\u1ec7p, thi\u1ebft b\u1ecb d\u01b0\u1ee3c ph\u1ea9m, y h\u1ecdc sinh h\u1ecdc, c\u00f4ng nghi\u1ec7p h\u00f3a ch\u1ea5t, thi\u1ebft b\u1ecb x\u1eed l\u00fd n\u01b0\u1edbc th\u1ea3i, thi\u1ebft b\u1ecb b\u1ed3n ch\u1ee9a v\u00e0 c\u00e1c ph\u01b0\u01a1ng ti\u1ec7n \u0111i\u1ec1u khi\u1ec3n t\u1ef1 \u0111\u1ed9ng h\u00f3a \u0111\u01b0\u1eddng \u1ed1ng kh\u00e1c v\u00e0 c\u00e1c l\u0129nh v\u1ef1c kh\u00e1c.<\/p>\n<ul>\n<li>M\u00f4 h\u00ecnh: YCFP<\/li>\n<li>Ph\u1ea1m vi k\u00edch th\u01b0\u1edbc: G1\/2\u201d<\/li>\n<li>Ph\u1ea1m vi \u00e1p su\u1ea5t: 0.0MPa-0.15MPa<\/li>\n<li>Ch\u1ea5t li\u1ec7u: Nh\u1ef1a<\/li>\n<\/ul>","protected":false},"featured_media":13212,"template":"","meta":{"site-sidebar-layout":"default","site-content-layout":"","ast-site-content-layout":"default","site-content-style":"default","site-sidebar-style":"default","ast-global-header-display":"","ast-banner-title-visibility":"","ast-main-header-display":"","ast-hfb-above-header-display":"","ast-hfb-below-header-display":"","ast-hfb-mobile-header-display":"","site-post-title":"","ast-breadcrumbs-content":"","ast-featured-img":"","footer-sml-layout":"","ast-disable-related-posts":"","theme-transparent-header-meta":"default","adv-header-id-meta":"","stick-header-meta":"","header-above-stick-meta":"","header-main-stick-meta":"","header-below-stick-meta":"","astra-migrate-meta-layouts":"set","ast-page-background-enabled":"default","ast-page-background-meta":{"desktop":{"background-color":"var(--ast-global-color-4)","background-image":"","background-repeat":"repeat","background-position":"center center","background-size":"auto","background-attachment":"scroll","background-type":"","background-media":"","overlay-type":"","overlay-color":"","overlay-opacity":"","overlay-gradient":""},"tablet":{"background-color":"","background-image":"","background-repeat":"repeat","background-position":"center center","background-size":"auto","background-attachment":"scroll","background-type":"","background-media":"","overlay-type":"","overlay-color":"","overlay-opacity":"","overlay-gradient":""},"mobile":{"background-color":"","background-image":"","background-repeat":"repeat","background-position":"center center","background-size":"auto","background-attachment":"scroll","background-type":"","background-media":"","overlay-type":"","overlay-color":"","overlay-opacity":"","overlay-gradient":""}},"ast-content-background-meta":{"desktop":{"background-color":"var(--ast-global-color-5)","background-image":"","background-repeat":"repeat","background-position":"center center","background-size":"auto","background-attachment":"scroll","background-type":"","background-media":"","overlay-type":"","overlay-color":"","overlay-opacity":"","overlay-gradient":""},"tablet":{"background-color":"var(--ast-global-color-5)","background-image":"","background-repeat":"repeat","background-position":"center center","background-size":"auto","background-attachment":"scroll","background-type":"","background-media":"","overlay-type":"","overlay-color":"","overlay-opacity":"","overlay-gradient":""},"mobile":{"background-color":"var(--ast-global-color-5)","background-image":"","background-repeat":"repeat","background-position":"center center","background-size":"auto","background-attachment":"scroll","background-type":"","background-media":"","overlay-type":"","overlay-color":"","overlay-opacity":"","overlay-gradient":""}}},"product_brand":[],"product_cat":[957,33,37],"product_tag":[195,194,958,209,208,158,156,193,192,73,56],"class_list":{"0":"post-13209","1":"product","2":"type-product","3":"status-publish","4":"has-post-thumbnail","6":"product_cat-anti-corrosion-solenoid-valve","7":"product_cat-products","8":"product_cat-solenoid-valves","9":"product_tag-2-way-solenoid-valve","10":"product_tag-2-way-solenoid-valves","11":"product_tag-corrosion-resistant-solenoid-valve","12":"product_tag-direct-acting-diaphragm-type-solenoid-valve","13":"product_tag-direct-acting-diaphragm-type-solenoid-valves","14":"product_tag-solenoid-valve","15":"product_tag-solenoid-valves","16":"product_tag-two-position-two-way-solenoid-valve","17":"product_tag-two-position-two-way-solenoid-valves","18":"product_tag-valve","19":"product_tag-valves","20":"desktop-align-center","21":"tablet-align-left","22":"mobile-align-left","24":"first","25":"instock","26":"shipping-taxable","27":"product-type-simple"},"_links":{"self":[{"href":"https:\/\/www.delcofluid.com\/vi\/wp-json\/wp\/v2\/product\/13209","targetHints":{"allow":["GET"]}}],"collection":[{"href":"https:\/\/www.delcofluid.com\/vi\/wp-json\/wp\/v2\/product"}],"about":[{"href":"https:\/\/www.delcofluid.com\/vi\/wp-json\/wp\/v2\/types\/product"}],"version-history":[{"count":0,"href":"https:\/\/www.delcofluid.com\/vi\/wp-json\/wp\/v2\/product\/13209\/revisions"}],"wp:featuredmedia":[{"embeddable":true,"href":"https:\/\/www.delcofluid.com\/vi\/wp-json\/wp\/v2\/media\/13212"}],"wp:attachment":[{"href":"https:\/\/www.delcofluid.com\/vi\/wp-json\/wp\/v2\/media?parent=13209"}],"wp:term":[{"taxonomy":"product_brand","embeddable":true,"href":"https:\/\/www.delcofluid.com\/vi\/wp-json\/wp\/v2\/product_brand?post=13209"},{"taxonomy":"product_cat","embeddable":true,"href":"https:\/\/www.delcofluid.com\/vi\/wp-json\/wp\/v2\/product_cat?post=13209"},{"taxonomy":"product_tag","embeddable":true,"href":"https:\/\/www.delcofluid.com\/vi\/wp-json\/wp\/v2\/product_tag?post=13209"}],"curies":[{"name":"wp","href":"https:\/\/api.w.org\/{rel}","templated":true}]}}