{"id":13632,"date":"2025-03-17T08:59:42","date_gmt":"2025-03-17T08:59:42","guid":{"rendered":"https:\/\/www.delcofluid.com\/?post_type=product&#038;p=13632"},"modified":"2025-03-17T09:12:22","modified_gmt":"2025-03-17T09:12:22","slug":"delco-dks-explosion-proof-motorized-electric-actuator","status":"publish","type":"product","link":"https:\/\/www.delcofluid.com\/vi\/san-pham\/delco-dks-explosion-proof-motorized-electric-actuator\/","title":{"rendered":"B\u1ed9 truy\u1ec1n \u0111\u1ed9ng \u0111i\u1ec7n c\u01a1 ch\u1ed1ng ch\u00e1y n\u1ed5 DELCO DKS"},"content":{"rendered":"<div data-elementor-type=\"product-post\" data-elementor-id=\"13632\" class=\"elementor elementor-13632\" data-elementor-post-type=\"product\">\n\t\t\t\t<div class=\"elementor-element elementor-element-20539a1c e-con-full e-flex e-con e-parent\" data-id=\"20539a1c\" data-element_type=\"container\" data-e-type=\"container\" data-settings=\"{&quot;ekit_has_onepagescroll_dot&quot;:&quot;yes&quot;}\">\n\t\t<div class=\"elementor-element elementor-element-3316fa6 e-con-full e-flex e-con e-child\" data-id=\"3316fa6\" data-element_type=\"container\" data-e-type=\"container\" data-settings=\"{&quot;ekit_has_onepagescroll_dot&quot;:&quot;yes&quot;}\">\n\t\t\t\t<div class=\"elementor-element elementor-element-1f37cdb elementor-widget elementor-widget-heading\" data-id=\"1f37cdb\" data-element_type=\"widget\" data-e-type=\"widget\" data-settings=\"{&quot;ekit_we_effect_on&quot;:&quot;none&quot;}\" data-widget_type=\"heading.default\">\n\t\t\t\t<div class=\"elementor-widget-container\">\n\t\t\t\t\t<h2 class=\"elementor-heading-title elementor-size-default\">T\u00ednh n\u0103ng c\u1ee7a B\u1ed9 truy\u1ec1n \u0111\u1ed9ng \u0111i\u1ec7n DKS<\/h2>\t\t\t\t<\/div>\n\t\t\t\t<\/div>\n\t\t\t\t<div class=\"elementor-element elementor-element-480480c elementor-widget__width-initial elementor-widget elementor-widget-text-editor\" data-id=\"480480c\" data-element_type=\"widget\" data-e-type=\"widget\" data-settings=\"{&quot;ekit_we_effect_on&quot;:&quot;none&quot;}\" data-widget_type=\"text-editor.default\">\n\t\t\t\t<div class=\"elementor-widget-container\">\n\t\t\t\t\t\t\t\t\t<p>B\u1ed9 truy\u1ec1n \u0111\u1ed9ng van \u0111\u01b0\u1ee3c thi\u1ebft k\u1ebf l\u1ea1i c\u00f3 thi\u1ebft k\u1ebf c\u1ea5u tr\u00fac nh\u1eb9 v\u00e0 linh ho\u1ea1t, t\u00edch h\u1ee3p c\u00e1c ch\u1ee9c n\u0103ng chuy\u1ec3n m\u1ea1ch, \u0111i\u1ec1u ch\u1ec9nh v\u00e0 \u0111\u1ea7u ra t\u00edn hi\u1ec7u th\u00f4ng minh \u0111\u1ec3 t\u0103ng c\u01b0\u1eddng t\u00ednh th\u1ef1c t\u1ebf. N\u00f3 nh\u1ea5n m\u1ea1nh \u0111\u1ed9 tin c\u1eady th\u00f4ng qua c\u00e1c \u1ed5 tr\u1ee5c cao c\u1ea5p v\u00e0 c\u00e1c th\u00e0nh ph\u1ea7n \u0111i\u1ec7n, \u0111\u1ed3ng th\u1eddi \u0111\u1ea3m b\u1ea3o hi\u1ec7u qu\u1ea3 v\u1edbi th\u00e9p h\u1ee3p kim \u0111\u1eb7c bi\u1ec7t \u0111\u1ec3 truy\u1ec1n ch\u00ednh x\u00e1c v\u00e0 \u0111\u1ed9 b\u1ec1n. Thi\u1ebft k\u1ebf th\u00e2n thi\u1ec7n v\u1edbi ng\u01b0\u1eddi d\u00f9ng cho ph\u00e9p v\u1eadn h\u00e0nh d\u1ec5 d\u00e0ng v\u1edbi nhi\u1ec1u ngu\u1ed3n \u0111i\u1ec7n kh\u00e1c nhau, h\u1ec7 th\u1ed1ng d\u00e2y \u0111i\u1ec7n \u0111\u01a1n gi\u1ea3n h\u00f3a v\u00e0 c\u00e1c bi\u1ec7n ph\u00e1p an to\u00e0n nh\u01b0 th\u1eed nghi\u1ec7m 1500V v\u00e0 \u0111\u1ed9ng c\u01a1 c\u00e1ch \u0111i\u1ec7n lo\u1ea1i F. N\u00f3 \u01b0u ti\u00ean s\u1ef1 ti\u1ec7n l\u1ee3i c\u1ee7a ng\u01b0\u1eddi d\u00f9ng b\u1eb1ng c\u00e1ch lo\u1ea1i b\u1ecf nhu c\u1ea7u \u0111\u1ed5 d\u1ea7u ho\u1eb7c ki\u1ec3m tra t\u1ea1i ch\u1ed7, cung c\u1ea5p c\u00e1c \u0111\u1eb7c t\u00ednh ch\u1ed1ng th\u1ea5m n\u01b0\u1edbc v\u00e0 ch\u1ed1ng g\u1ec9, v\u00e0 c\u00e1c g\u00f3c l\u1eafp \u0111\u1eb7t linh ho\u1ea1t. B\u1ed9 truy\u1ec1n \u0111\u1ed9ng bao g\u1ed3m c\u00e1c t\u00ednh n\u0103ng b\u1ea3o v\u1ec7 to\u00e0n di\u1ec7n nh\u01b0 gi\u1edbi h\u1ea1n k\u00e9p, b\u1ea3o v\u1ec7 qu\u00e1 nhi\u1ec7t v\u00e0 qu\u00e1 t\u1ea3i, c\u00f9ng v\u1edbi nhi\u1ec1u c\u00e0i \u0111\u1eb7t t\u1ed1c \u0111\u1ed9 cho c\u00e1c \u1ee9ng d\u1ee5ng \u0111a d\u1ea1ng. \u0110\u1ed9 b\u1ec1n c\u1ee7a n\u00f3 \u0111\u01b0\u1ee3c \u0111\u1ea3m b\u1ea3o b\u1edfi v\u1ecf h\u1ee3p kim nh\u00f4m ch\u1ed1ng \u0103n m\u00f2n, v\u00edt th\u00e9p kh\u00f4ng g\u1ec9 v\u00e0 h\u1ed9p s\u1ed1 b\u00e1nh v\u00edt ch\u00ednh x\u00e1c \u0111\u1ec3 \u1ed5n \u0111\u1ecbnh, k\u1ebft h\u1ee3p v\u1edbi t\u00edch h\u1ee3p \u0111i\u1ec1u khi\u1ec3n th\u00f4ng minh v\u00e0 kh\u1ea3 n\u0103ng b\u1ecbt k\u00edn tuy\u1ec7t v\u1eddi v\u1edbi kh\u1ea3 n\u0103ng b\u1ea3o v\u1ec7 IP67.<\/p>\t\t\t\t\t\t\t\t<\/div>\n\t\t\t\t<\/div>\n\t\t\t\t<\/div>\n\t\t<div class=\"elementor-element elementor-element-8ef2840 e-con-full e-flex e-con e-child\" data-id=\"8ef2840\" data-element_type=\"container\" data-e-type=\"container\" data-settings=\"{&quot;ekit_has_onepagescroll_dot&quot;:&quot;yes&quot;}\">\n\t\t\t\t<div class=\"elementor-element elementor-element-16a86d8 elementor-widget__width-initial elementor-widget elementor-widget-image\" data-id=\"16a86d8\" data-element_type=\"widget\" data-e-type=\"widget\" data-settings=\"{&quot;ekit_we_effect_on&quot;:&quot;none&quot;}\" data-widget_type=\"image.default\">\n\t\t\t\t<div class=\"elementor-widget-container\">\n\t\t\t\t\t\t\t\t\t\t\t\t\t\t\t<img fetchpriority=\"high\" decoding=\"async\" width=\"800\" height=\"579\" src=\"https:\/\/www.delcofluid.com\/wp-content\/uploads\/2025\/03\/\u672a\u6807\u9898-1-2.png\" class=\"attachment-large size-large wp-image-13433\" alt=\"DELCO DKS Motorized Electric Actuator\" srcset=\"https:\/\/www.delcofluid.com\/wp-content\/uploads\/2025\/03\/\u672a\u6807\u9898-1-2.png 800w, https:\/\/www.delcofluid.com\/wp-content\/uploads\/2025\/03\/\u672a\u6807\u9898-1-2-300x217.png 300w, https:\/\/www.delcofluid.com\/wp-content\/uploads\/2025\/03\/\u672a\u6807\u9898-1-2-768x556.png 768w, https:\/\/www.delcofluid.com\/wp-content\/uploads\/2025\/03\/\u672a\u6807\u9898-1-2-18x12.png 18w, https:\/\/www.delcofluid.com\/wp-content\/uploads\/2025\/03\/\u672a\u6807\u9898-1-2-600x434.png 600w\" sizes=\"(max-width: 800px) 100vw, 800px\" \/>\t\t\t\t\t\t\t\t\t\t\t\t\t\t\t<\/div>\n\t\t\t\t<\/div>\n\t\t\t\t<\/div>\n\t\t\t\t<\/div>\n\t\t<div class=\"elementor-element elementor-element-15c4c55 e-con-full e-flex e-con e-parent\" data-id=\"15c4c55\" data-element_type=\"container\" data-e-type=\"container\" data-settings=\"{&quot;background_background&quot;:&quot;classic&quot;,&quot;ekit_has_onepagescroll_dot&quot;:&quot;yes&quot;}\">\n\t\t\t\t<div class=\"elementor-element elementor-element-cf7446a elementor-widget elementor-widget-heading\" data-id=\"cf7446a\" data-element_type=\"widget\" data-e-type=\"widget\" data-settings=\"{&quot;ekit_we_effect_on&quot;:&quot;none&quot;}\" data-widget_type=\"heading.default\">\n\t\t\t\t<div class=\"elementor-widget-container\">\n\t\t\t\t\t<h2 class=\"elementor-heading-title elementor-size-default\">Th\u00f4ng s\u1ed1 k\u1ef9 thu\u1eadt s\u1ea3n ph\u1ea9m<\/h2>\t\t\t\t<\/div>\n\t\t\t\t<\/div>\n\t\t\t\t<\/div>\n\t\t<div class=\"elementor-element elementor-element-e2b9db7 e-con-full e-flex e-con e-parent\" data-id=\"e2b9db7\" data-element_type=\"container\" data-e-type=\"container\" data-settings=\"{&quot;ekit_has_onepagescroll_dot&quot;:&quot;yes&quot;}\">\n\t\t<div class=\"elementor-element elementor-element-b2c245f e-con-full e-flex e-con e-child\" data-id=\"b2c245f\" data-element_type=\"container\" data-e-type=\"container\" data-settings=\"{&quot;ekit_has_onepagescroll_dot&quot;:&quot;yes&quot;}\">\n\t\t\t\t<div class=\"elementor-element elementor-element-89beaee elementor-widget__width-initial elementor-widget elementor-widget-image\" data-id=\"89beaee\" data-element_type=\"widget\" data-e-type=\"widget\" data-settings=\"{&quot;ekit_we_effect_on&quot;:&quot;none&quot;}\" data-widget_type=\"image.default\">\n\t\t\t\t<div class=\"elementor-widget-container\">\n\t\t\t\t\t\t\t\t\t\t\t\t\t\t\t<img decoding=\"async\" width=\"800\" height=\"386\" src=\"https:\/\/www.delcofluid.com\/wp-content\/uploads\/2025\/03\/\u672a\u6807\u9898-2-1.png\" class=\"attachment-large size-large wp-image-13434\" alt=\"DELCO DKS Motorized Electric Actuator\" srcset=\"https:\/\/www.delcofluid.com\/wp-content\/uploads\/2025\/03\/\u672a\u6807\u9898-2-1.png 800w, https:\/\/www.delcofluid.com\/wp-content\/uploads\/2025\/03\/\u672a\u6807\u9898-2-1-300x145.png 300w, https:\/\/www.delcofluid.com\/wp-content\/uploads\/2025\/03\/\u672a\u6807\u9898-2-1-768x371.png 768w, https:\/\/www.delcofluid.com\/wp-content\/uploads\/2025\/03\/\u672a\u6807\u9898-2-1-18x9.png 18w, https:\/\/www.delcofluid.com\/wp-content\/uploads\/2025\/03\/\u672a\u6807\u9898-2-1-600x290.png 600w\" sizes=\"(max-width: 800px) 100vw, 800px\" \/>\t\t\t\t\t\t\t\t\t\t\t\t\t\t\t<\/div>\n\t\t\t\t<\/div>\n\t\t<div class=\"elementor-element elementor-element-ac03bbd e-con-full e-flex e-con e-child\" data-id=\"ac03bbd\" data-element_type=\"container\" data-e-type=\"container\" data-settings=\"{&quot;background_background&quot;:&quot;classic&quot;,&quot;ekit_has_onepagescroll_dot&quot;:&quot;yes&quot;}\">\n\t\t\t\t<div class=\"elementor-element elementor-element-2c853c5 elementor-widget elementor-widget-heading\" data-id=\"2c853c5\" data-element_type=\"widget\" data-e-type=\"widget\" data-settings=\"{&quot;ekit_we_effect_on&quot;:&quot;none&quot;}\" data-widget_type=\"heading.default\">\n\t\t\t\t<div class=\"elementor-widget-container\">\n\t\t\t\t\t<h2 class=\"elementor-heading-title elementor-size-default\">B\u1ed9 truy\u1ec1n \u0111\u1ed9ng d\u00f2ng DKS <\/h2>\t\t\t\t<\/div>\n\t\t\t\t<\/div>\n\t\t\t\t<\/div>\n\t\t<div class=\"elementor-element elementor-element-2dee4c1 e-grid e-con-full e-con e-child\" data-id=\"2dee4c1\" data-element_type=\"container\" data-e-type=\"container\" data-settings=\"{&quot;ekit_has_onepagescroll_dot&quot;:&quot;yes&quot;}\">\n\t\t\t\t<div class=\"elementor-element elementor-element-be87a38 elementor-widget elementor-widget-image\" data-id=\"be87a38\" data-element_type=\"widget\" data-e-type=\"widget\" data-settings=\"{&quot;ekit_we_effect_on&quot;:&quot;none&quot;}\" data-widget_type=\"image.default\">\n\t\t\t\t<div class=\"elementor-widget-container\">\n\t\t\t\t\t\t\t\t\t\t\t\t\t\t\t<img decoding=\"async\" width=\"800\" height=\"800\" src=\"https:\/\/www.delcofluid.com\/wp-content\/uploads\/2025\/03\/dd.png\" class=\"attachment-large size-large wp-image-13640\" alt=\"DELCO DKS Explosion-proof Motorized Electric Actuator\" srcset=\"https:\/\/www.delcofluid.com\/wp-content\/uploads\/2025\/03\/dd.png 800w, https:\/\/www.delcofluid.com\/wp-content\/uploads\/2025\/03\/dd-300x300.png 300w, https:\/\/www.delcofluid.com\/wp-content\/uploads\/2025\/03\/dd-150x150.png 150w, https:\/\/www.delcofluid.com\/wp-content\/uploads\/2025\/03\/dd-768x768.png 768w, https:\/\/www.delcofluid.com\/wp-content\/uploads\/2025\/03\/dd-12x12.png 12w, https:\/\/www.delcofluid.com\/wp-content\/uploads\/2025\/03\/dd-600x600.png 600w, https:\/\/www.delcofluid.com\/wp-content\/uploads\/2025\/03\/dd-100x100.png 100w\" sizes=\"(max-width: 800px) 100vw, 800px\" \/>\t\t\t\t\t\t\t\t\t\t\t\t\t\t\t<\/div>\n\t\t\t\t<\/div>\n\t\t\t\t<div class=\"elementor-element elementor-element-d75d90d elementor-widget elementor-widget-image\" data-id=\"d75d90d\" data-element_type=\"widget\" data-e-type=\"widget\" data-settings=\"{&quot;ekit_we_effect_on&quot;:&quot;none&quot;}\" data-widget_type=\"image.default\">\n\t\t\t\t<div class=\"elementor-widget-container\">\n\t\t\t\t\t\t\t\t\t\t\t\t\t\t\t<img loading=\"lazy\" decoding=\"async\" width=\"800\" height=\"800\" src=\"https:\/\/www.delcofluid.com\/wp-content\/uploads\/2025\/03\/cc.png\" class=\"attachment-large size-large wp-image-13639\" alt=\"DELCO DKS Explosion-proof Motorized Electric Actuator\" srcset=\"https:\/\/www.delcofluid.com\/wp-content\/uploads\/2025\/03\/cc.png 800w, https:\/\/www.delcofluid.com\/wp-content\/uploads\/2025\/03\/cc-300x300.png 300w, https:\/\/www.delcofluid.com\/wp-content\/uploads\/2025\/03\/cc-150x150.png 150w, https:\/\/www.delcofluid.com\/wp-content\/uploads\/2025\/03\/cc-768x768.png 768w, https:\/\/www.delcofluid.com\/wp-content\/uploads\/2025\/03\/cc-12x12.png 12w, https:\/\/www.delcofluid.com\/wp-content\/uploads\/2025\/03\/cc-600x600.png 600w, https:\/\/www.delcofluid.com\/wp-content\/uploads\/2025\/03\/cc-100x100.png 100w\" sizes=\"(max-width: 800px) 100vw, 800px\" \/>\t\t\t\t\t\t\t\t\t\t\t\t\t\t\t<\/div>\n\t\t\t\t<\/div>\n\t\t\t\t<div class=\"elementor-element elementor-element-34aa81b elementor-widget elementor-widget-image\" data-id=\"34aa81b\" data-element_type=\"widget\" data-e-type=\"widget\" data-settings=\"{&quot;ekit_we_effect_on&quot;:&quot;none&quot;}\" data-widget_type=\"image.default\">\n\t\t\t\t<div class=\"elementor-widget-container\">\n\t\t\t\t\t\t\t\t\t\t\t\t\t\t\t<img loading=\"lazy\" decoding=\"async\" width=\"800\" height=\"800\" src=\"https:\/\/www.delcofluid.com\/wp-content\/uploads\/2025\/03\/bb.png\" class=\"attachment-large size-large wp-image-13638\" alt=\"DELCO DKS Explosion-proof Motorized Electric Actuator\" srcset=\"https:\/\/www.delcofluid.com\/wp-content\/uploads\/2025\/03\/bb.png 800w, https:\/\/www.delcofluid.com\/wp-content\/uploads\/2025\/03\/bb-300x300.png 300w, https:\/\/www.delcofluid.com\/wp-content\/uploads\/2025\/03\/bb-150x150.png 150w, https:\/\/www.delcofluid.com\/wp-content\/uploads\/2025\/03\/bb-768x768.png 768w, https:\/\/www.delcofluid.com\/wp-content\/uploads\/2025\/03\/bb-12x12.png 12w, https:\/\/www.delcofluid.com\/wp-content\/uploads\/2025\/03\/bb-600x600.png 600w, https:\/\/www.delcofluid.com\/wp-content\/uploads\/2025\/03\/bb-100x100.png 100w\" sizes=\"(max-width: 800px) 100vw, 800px\" \/>\t\t\t\t\t\t\t\t\t\t\t\t\t\t\t<\/div>\n\t\t\t\t<\/div>\n\t\t\t\t<div class=\"elementor-element elementor-element-f2ce903 elementor-widget elementor-widget-image\" data-id=\"f2ce903\" data-element_type=\"widget\" data-e-type=\"widget\" data-settings=\"{&quot;ekit_we_effect_on&quot;:&quot;none&quot;}\" data-widget_type=\"image.default\">\n\t\t\t\t<div class=\"elementor-widget-container\">\n\t\t\t\t\t\t\t\t\t\t\t\t\t\t\t<img loading=\"lazy\" decoding=\"async\" width=\"800\" height=\"800\" src=\"https:\/\/www.delcofluid.com\/wp-content\/uploads\/2025\/03\/aa.png\" class=\"attachment-large size-large wp-image-13637\" alt=\"DELCO DKS Explosion-proof Motorized Electric Actuator\" srcset=\"https:\/\/www.delcofluid.com\/wp-content\/uploads\/2025\/03\/aa.png 800w, https:\/\/www.delcofluid.com\/wp-content\/uploads\/2025\/03\/aa-300x300.png 300w, https:\/\/www.delcofluid.com\/wp-content\/uploads\/2025\/03\/aa-150x150.png 150w, https:\/\/www.delcofluid.com\/wp-content\/uploads\/2025\/03\/aa-768x768.png 768w, https:\/\/www.delcofluid.com\/wp-content\/uploads\/2025\/03\/aa-12x12.png 12w, https:\/\/www.delcofluid.com\/wp-content\/uploads\/2025\/03\/aa-600x600.png 600w, https:\/\/www.delcofluid.com\/wp-content\/uploads\/2025\/03\/aa-100x100.png 100w\" sizes=\"(max-width: 800px) 100vw, 800px\" \/>\t\t\t\t\t\t\t\t\t\t\t\t\t\t\t<\/div>\n\t\t\t\t<\/div>\n\t\t\t\t<\/div>\n\t\t\t\t<\/div>\n\t\t\t\t<\/div>\n\t\t\t\t<\/div>","protected":false},"excerpt":{"rendered":"<div class=\"flex-1 overflow-hidden\">\n<div class=\"react-scroll-to-bottom--css-ymjnl-79elbk h-full\">\n<div class=\"react-scroll-to-bottom--css-ymjnl-1n7m0yu\">\n<div class=\"flex flex-col text-sm\">\n<div class=\"w-full text-token-text-primary\" dir=\"auto\" data-testid=\"conversation-turn-31\">\n<div class=\"px-4 py-2 justify-center text-base md:gap-6 m-auto\">\n<div class=\"flex flex-1 text-base mx-auto gap-3 juice:gap-4 juice:md:gap-6 md:px-5 lg:px-1 xl:px-5 md:max-w-3xl lg:max-w-[40rem] xl:max-w-[48rem]\">\n<div class=\"relative flex w-full flex-col agent-turn\">\n<div class=\"flex-col gap-1 md:gap-3\">\n<div class=\"flex flex-grow flex-col max-w-full\">\n<div class=\"min-h-[20px] text-message flex flex-col items-start gap-3 whitespace-pre-wrap break-words [.text-message+&amp;]:mt-5 overflow-x-auto\" dir=\"auto\" data-message-author-role=\"assistant\" data-message-id=\"4a6d6b9a-2028-48e5-bb27-c229b9ba8f05\">\n<div class=\"markdown prose w-full break-words dark:prose-invert light\">\n<div class=\"flex-1 overflow-hidden\">\n<div class=\"react-scroll-to-bottom--css-vzdre-79elbk h-full\">\n<div class=\"react-scroll-to-bottom--css-vzdre-1n7m0yu\">\n<div class=\"flex flex-col text-sm pb-9\">\n<div class=\"w-full text-token-text-primary\" dir=\"auto\" data-testid=\"conversation-turn-25\">\n<div class=\"px-4 py-2 justify-center text-base md:gap-6 m-auto\">\n<div class=\"flex flex-1 text-base mx-auto gap-3 juice:gap-4 juice:md:gap-6 md:px-5 lg:px-1 xl:px-5 md:max-w-3xl lg:max-w-[40rem] xl:max-w-[48rem]\">\n<div class=\"relative flex w-full flex-col agent-turn\">\n<div class=\"flex-col gap-1 md:gap-3\">\n<div class=\"flex flex-grow flex-col max-w-full\">\n<div class=\"min-h-[20px] text-message flex flex-col items-start gap-3 whitespace-pre-wrap break-words [.text-message+&amp;]:mt-5 overflow-x-auto\" dir=\"auto\" data-message-author-role=\"assistant\" data-message-id=\"34f913f5-8067-415d-9532-3b67bc792208\">\n<div class=\"markdown prose w-full break-words dark:prose-invert light\">\n<p>The DKS series electric actuators are engineered for regulating valves and similar devices that rotate between 0\u00b0 to 90\u00b0. They cater to various sectors such as petroleum, chemical, water treatment, shipbuilding, and power generation. These actuators run on 380V\/220V\/110V AC or 24V\/110V DC power sources, utilizing 4-20mA current or 0-10V DC voltage signals for operation. With a peak output torque of 2000N.m, they ensure precise valve positioning for automation.<\/p>\n<p>DELCO&#8217;s advanced DKS electric actuator features a durable aluminum alloy casing, high torque capability, manual operation via a handle, excellent sealing with optional IP67\/IP68 protection, and self-locking functions for enhanced safety and dependability.<\/p>\n<p><strong>Model:<\/strong> DKS electric actuator<\/p>\n<p><strong>Torque Output:<\/strong> 30-2000Nm<\/p>\n<p><strong>Material<\/strong>:\u00a0Aluminum Alloy<\/p>\n<\/div>\n<\/div>\n<\/div>\n<\/div>\n<\/div>\n<\/div>\n<\/div>\n<\/div>\n<\/div>\n<\/div>\n<\/div>\n<\/div>\n<\/div>\n<\/div>\n<\/div>\n<\/div>\n<\/div>\n<\/div>\n<\/div>\n<\/div>\n<\/div>\n<\/div>\n<\/div>\n<\/div>\n","protected":false},"featured_media":13633,"template":"","meta":{"site-sidebar-layout":"default","site-content-layout":"","ast-site-content-layout":"default","site-content-style":"default","site-sidebar-style":"default","ast-global-header-display":"","ast-banner-title-visibility":"","ast-main-header-display":"","ast-hfb-above-header-display":"","ast-hfb-below-header-display":"","ast-hfb-mobile-header-display":"","site-post-title":"","ast-breadcrumbs-content":"","ast-featured-img":"","footer-sml-layout":"","ast-disable-related-posts":"","theme-transparent-header-meta":"default","adv-header-id-meta":"","stick-header-meta":"","header-above-stick-meta":"","header-main-stick-meta":"","header-below-stick-meta":"","astra-migrate-meta-layouts":"set","ast-page-background-enabled":"default","ast-page-background-meta":{"desktop":{"background-color":"var(--ast-global-color-4)","background-image":"","background-repeat":"repeat","background-position":"center center","background-size":"auto","background-attachment":"scroll","background-type":"","background-media":"","overlay-type":"","overlay-color":"","overlay-opacity":"","overlay-gradient":""},"tablet":{"background-color":"","background-image":"","background-repeat":"repeat","background-position":"center center","background-size":"auto","background-attachment":"scroll","background-type":"","background-media":"","overlay-type":"","overlay-color":"","overlay-opacity":"","overlay-gradient":""},"mobile":{"background-color":"","background-image":"","background-repeat":"repeat","background-position":"center center","background-size":"auto","background-attachment":"scroll","background-type":"","background-media":"","overlay-type":"","overlay-color":"","overlay-opacity":"","overlay-gradient":""}},"ast-content-background-meta":{"desktop":{"background-color":"var(--ast-global-color-5)","background-image":"","background-repeat":"repeat","background-position":"center center","background-size":"auto","background-attachment":"scroll","background-type":"","background-media":"","overlay-type":"","overlay-color":"","overlay-opacity":"","overlay-gradient":""},"tablet":{"background-color":"var(--ast-global-color-5)","background-image":"","background-repeat":"repeat","background-position":"center center","background-size":"auto","background-attachment":"scroll","background-type":"","background-media":"","overlay-type":"","overlay-color":"","overlay-opacity":"","overlay-gradient":""},"mobile":{"background-color":"var(--ast-global-color-5)","background-image":"","background-repeat":"repeat","background-position":"center center","background-size":"auto","background-attachment":"scroll","background-type":"","background-media":"","overlay-type":"","overlay-color":"","overlay-opacity":"","overlay-gradient":""}}},"product_brand":[],"product_cat":[39,717,33],"product_tag":[580,961,578,577,583,582],"class_list":{"0":"post-13632","1":"product","2":"type-product","3":"status-publish","4":"has-post-thumbnail","6":"product_cat-actuators","7":"product_cat-electric-actuator","8":"product_cat-products","9":"product_tag-actuator","10":"product_tag-actuators","11":"product_tag-explosion-proof-actuator","12":"product_tag-explosion-proof-electric-actuator","13":"product_tag-explosion-proof-motorized-actuator","14":"product_tag-motorized-actuator","15":"desktop-align-center","16":"tablet-align-left","17":"mobile-align-left","19":"first","20":"instock","21":"shipping-taxable","22":"product-type-simple"},"_links":{"self":[{"href":"https:\/\/www.delcofluid.com\/vi\/wp-json\/wp\/v2\/product\/13632","targetHints":{"allow":["GET"]}}],"collection":[{"href":"https:\/\/www.delcofluid.com\/vi\/wp-json\/wp\/v2\/product"}],"about":[{"href":"https:\/\/www.delcofluid.com\/vi\/wp-json\/wp\/v2\/types\/product"}],"version-history":[{"count":1,"href":"https:\/\/www.delcofluid.com\/vi\/wp-json\/wp\/v2\/product\/13632\/revisions"}],"predecessor-version":[{"id":17672,"href":"https:\/\/www.delcofluid.com\/vi\/wp-json\/wp\/v2\/product\/13632\/revisions\/17672"}],"wp:featuredmedia":[{"embeddable":true,"href":"https:\/\/www.delcofluid.com\/vi\/wp-json\/wp\/v2\/media\/13633"}],"wp:attachment":[{"href":"https:\/\/www.delcofluid.com\/vi\/wp-json\/wp\/v2\/media?parent=13632"}],"wp:term":[{"taxonomy":"product_brand","embeddable":true,"href":"https:\/\/www.delcofluid.com\/vi\/wp-json\/wp\/v2\/product_brand?post=13632"},{"taxonomy":"product_cat","embeddable":true,"href":"https:\/\/www.delcofluid.com\/vi\/wp-json\/wp\/v2\/product_cat?post=13632"},{"taxonomy":"product_tag","embeddable":true,"href":"https:\/\/www.delcofluid.com\/vi\/wp-json\/wp\/v2\/product_tag?post=13632"}],"curies":[{"name":"wp","href":"https:\/\/api.w.org\/{rel}","templated":true}]}}