{"id":1466,"date":"2024-03-13T08:44:00","date_gmt":"2024-03-13T08:44:00","guid":{"rendered":"https:\/\/www.delcofluid.com\/?post_type=product&#038;p=1466"},"modified":"2024-08-13T09:33:55","modified_gmt":"2024-08-13T08:33:55","slug":"3-way-pneumatics-control-valves","status":"publish","type":"product","link":"https:\/\/www.delcofluid.com\/vi\/san-pham\/3-way-pneumatics-control-valves\/","title":{"rendered":"Van \u0111i\u1ec1u khi\u1ec3n kh\u00ed n\u00e9n 3 chi\u1ec1u DELCO-ZMAQ"},"content":{"rendered":"<div data-elementor-type=\"product-post\" data-elementor-id=\"1466\" class=\"elementor elementor-1466\" data-elementor-post-type=\"product\">\n\t\t\t\t<div class=\"elementor-element elementor-element-6fb59a60 e-flex e-con-boxed e-con e-parent\" data-id=\"6fb59a60\" data-element_type=\"container\" data-e-type=\"container\" data-settings=\"{&quot;ekit_has_onepagescroll_dot&quot;:&quot;yes&quot;}\">\n\t\t\t\t\t<div class=\"e-con-inner\">\n\t\t<div class=\"elementor-element elementor-element-b2e102c e-con-full e-flex e-con e-child\" data-id=\"b2e102c\" data-element_type=\"container\" data-e-type=\"container\" data-settings=\"{&quot;ekit_has_onepagescroll_dot&quot;:&quot;yes&quot;}\">\n\t\t\t\t<div class=\"elementor-element elementor-element-4c3cf80 elementor-widget elementor-widget-heading\" data-id=\"4c3cf80\" data-element_type=\"widget\" data-e-type=\"widget\" data-settings=\"{&quot;ekit_we_effect_on&quot;:&quot;none&quot;}\" data-widget_type=\"heading.default\">\n\t\t\t\t<div class=\"elementor-widget-container\">\n\t\t\t\t\t<h2 class=\"elementor-heading-title elementor-size-default\">S\u1ef1 mi\u00eau t\u1ea3<\/h2>\t\t\t\t<\/div>\n\t\t\t\t<\/div>\n\t\t\t\t<div class=\"elementor-element elementor-element-1af4cc68 elementor-widget__width-initial elementor-widget elementor-widget-text-editor\" data-id=\"1af4cc68\" data-element_type=\"widget\" data-e-type=\"widget\" data-settings=\"{&quot;ekit_we_effect_on&quot;:&quot;none&quot;}\" data-widget_type=\"text-editor.default\">\n\t\t\t\t<div class=\"elementor-widget-container\">\n\t\t\t\t\t\t\t\t\tVan \u0111i\u1ec1u khi\u1ec3n ba chi\u1ec1u kh\u00ed n\u00e9n l\u00e0 van \u0111\u01b0\u1ee3c \u0111i\u1ec1u khi\u1ec3n b\u1edfi b\u1ed9 truy\u1ec1n \u0111\u1ed9ng kh\u00ed n\u00e9n \u0111\u1ec3 \u0111i\u1ec1u ch\u1ec9nh l\u01b0u l\u01b0\u1ee3ng ch\u1ea5t l\u1ecfng theo ba h\u01b0\u1edbng kh\u00e1c nhau. Van n\u00e0y th\u01b0\u1eddng \u0111\u01b0\u1ee3c s\u1eed d\u1ee5ng trong c\u00e1c h\u1ec7 th\u1ed1ng y\u00eau c\u1ea7u chuy\u1ec3n h\u01b0\u1edbng d\u00f2ng ch\u1ea3y ho\u1eb7c tr\u1ed9n c\u00e1c m\u00f4i tr\u01b0\u1eddng kh\u00e1c nhau. B\u1eb1ng c\u00e1ch \u0111i\u1ec1u ch\u1ec9nh v\u1ecb tr\u00ed c\u1ee7a b\u1ed9 truy\u1ec1n \u0111\u1ed9ng kh\u00ed n\u00e9n, \u0111\u1ed9 m\u1edf c\u1ee7a van \u0111\u01b0\u1ee3c ki\u1ec3m so\u00e1t, cho ph\u00e9p \u0111i\u1ec1u ch\u1ec9nh ch\u00ednh x\u00e1c l\u01b0u l\u01b0\u1ee3ng v\u00e0 h\u01b0\u1edbng ch\u1ea5t l\u1ecfng. Van \u0111i\u1ec1u khi\u1ec3n ba chi\u1ec1u kh\u00ed n\u00e9n \u0111\u01b0\u1ee3c \u1ee9ng d\u1ee5ng r\u1ed9ng r\u00e3i trong t\u1ef1 \u0111\u1ed9ng h\u00f3a c\u00f4ng nghi\u1ec7p, \u0111\u1eb7c bi\u1ec7t l\u00e0 trong c\u00e1c t\u00ecnh hu\u1ed1ng y\u00eau c\u1ea7u ki\u1ec3m so\u00e1t linh ho\u1ea1t, ch\u1eb3ng h\u1ea1n nh\u01b0 s\u1ea3n xu\u1ea5t, quy tr\u00ecnh h\u00f3a h\u1ecdc v\u00e0 h\u1ec7 th\u1ed1ng HVAC. V\u1edbi \u0111\u1ed9 tin c\u1eady cao v\u00e0 ph\u1ea3n h\u1ed3i nhanh, ch\u00fang cung c\u1ea5p gi\u1ea3i ph\u00e1p ki\u1ec3m so\u00e1t hi\u1ec7u qu\u1ea3 cho c\u00e1c h\u1ec7 th\u1ed1ng ch\u1ea5t l\u1ecfng ph\u1ee9c t\u1ea1p.\t\t\t\t\t\t\t\t<\/div>\n\t\t\t\t<\/div>\n\t\t\t\t<\/div>\n\t\t\t\t<div class=\"elementor-element elementor-element-8e57110 elementor-widget elementor-widget-image\" data-id=\"8e57110\" data-element_type=\"widget\" data-e-type=\"widget\" data-settings=\"{&quot;ekit_we_effect_on&quot;:&quot;none&quot;}\" data-widget_type=\"image.default\">\n\t\t\t\t<div class=\"elementor-widget-container\">\n\t\t\t\t\t\t\t\t\t\t\t\t\t\t\t<img fetchpriority=\"high\" decoding=\"async\" width=\"1024\" height=\"1024\" src=\"https:\/\/www.delcofluid.com\/wp-content\/uploads\/2024\/03\/1-1-1024x1024.jpg\" class=\"attachment-large size-large wp-image-1796\" alt=\"DELCO 3 Way Pneumatics Control Valves\" srcset=\"https:\/\/www.delcofluid.com\/wp-content\/uploads\/2024\/03\/1-1-1024x1024.jpg 1024w, https:\/\/www.delcofluid.com\/wp-content\/uploads\/2024\/03\/1-1-300x300.jpg 300w, https:\/\/www.delcofluid.com\/wp-content\/uploads\/2024\/03\/1-1-100x100.jpg 100w, https:\/\/www.delcofluid.com\/wp-content\/uploads\/2024\/03\/1-1-600x600.jpg 600w, https:\/\/www.delcofluid.com\/wp-content\/uploads\/2024\/03\/1-1-150x150.jpg 150w, https:\/\/www.delcofluid.com\/wp-content\/uploads\/2024\/03\/1-1-768x768.jpg 768w, https:\/\/www.delcofluid.com\/wp-content\/uploads\/2024\/03\/1-1.jpg 1500w\" sizes=\"(max-width: 1024px) 100vw, 1024px\" \/>\t\t\t\t\t\t\t\t\t\t\t\t\t\t\t<\/div>\n\t\t\t\t<\/div>\n\t\t\t\t\t<\/div>\n\t\t\t\t<\/div>\n\t\t<div class=\"elementor-element elementor-element-a55eeda e-flex e-con-boxed e-con e-parent\" data-id=\"a55eeda\" data-element_type=\"container\" data-e-type=\"container\" data-settings=\"{&quot;background_background&quot;:&quot;classic&quot;,&quot;ekit_has_onepagescroll_dot&quot;:&quot;yes&quot;}\">\n\t\t\t\t\t<div class=\"e-con-inner\">\n\t\t\t\t<div class=\"elementor-element elementor-element-585e9d9 elementor-widget elementor-widget-heading\" data-id=\"585e9d9\" data-element_type=\"widget\" data-e-type=\"widget\" data-settings=\"{&quot;ekit_we_effect_on&quot;:&quot;none&quot;}\" data-widget_type=\"heading.default\">\n\t\t\t\t<div class=\"elementor-widget-container\">\n\t\t\t\t\t<h2 class=\"elementor-heading-title elementor-size-default\">Gi\u1edbi thi\u1ec7u v\u1ec1 Van \u0111i\u1ec1u khi\u1ec3n kh\u00ed n\u00e9n:<\/h2>\t\t\t\t<\/div>\n\t\t\t\t<\/div>\n\t\t\t\t\t<\/div>\n\t\t\t\t<\/div>\n\t\t<div class=\"elementor-element elementor-element-74c72de e-con-full e-flex e-con e-parent\" data-id=\"74c72de\" data-element_type=\"container\" data-e-type=\"container\" data-settings=\"{&quot;ekit_has_onepagescroll_dot&quot;:&quot;yes&quot;}\">\n\t\t\t\t<div class=\"elementor-element elementor-element-41da561 elementor-widget__width-initial elementor-widget elementor-widget-text-editor\" data-id=\"41da561\" data-element_type=\"widget\" data-e-type=\"widget\" data-settings=\"{&quot;ekit_we_effect_on&quot;:&quot;none&quot;}\" data-widget_type=\"text-editor.default\">\n\t\t\t\t<div class=\"elementor-widget-container\">\n\t\t\t\t\t\t\t\t\t<table width=\"288\">\n<tbody>\n<tr>\n<td width=\"72\">Ki\u1ec3u<\/td>\n<td width=\"72\">M\u1ed9t ch\u1ed7 ng\u1ed3i, hai ch\u1ed7 ng\u1ed3i, tay \u00e1o<\/td>\n<td width=\"72\">\u0110\u01b0\u1eddng k\u00ednh danh ngh\u0129a<\/td>\n<td width=\"72\">DN15-DN300<\/td>\n<\/tr>\n<tr>\n<td width=\"72\">\u00c1p su\u1ea5t danh ngh\u0129a<\/td>\n<td width=\"72\">PN16 \u0111\u1ebfn PN64<\/td>\n<td width=\"72\">S\u1ef1 li\u00ean quan<\/td>\n<td width=\"72\">M\u1eb7t b\u00edch, ren, m\u1ed1i h\u00e0n (Ho\u1eb7c kh\u00e1ch h\u00e0ng ch\u1ec9 \u0111\u1ecbnh kh\u00e1c)<\/td>\n<\/tr>\n<tr>\n<td width=\"72\">K\u1ebft c\u1ea5u<\/td>\n<td width=\"72\">Lo\u1ea1i ti\u00eau chu\u1ea9n (-20\u2103 ~+200\u2103)<\/td>\n<td width=\"72\">V\u1eadt li\u1ec7u<\/td>\n<td width=\"72\">304, 316, 316L, WCB,<\/td>\n<\/tr>\n<tr>\n<td width=\"72\">Lo\u1ea1i l\u00e0m m\u00e1t<\/td>\n<td width=\"72\">&nbsp;(-40~450\u2103)<\/td>\n<td width=\"72\">Lo\u1ea1i nhi\u1ec7t \u0111\u1ed9 th\u1ea5p<\/td>\n<td width=\"72\">(-60\u2103 ~-196\u2103)<\/td>\n<\/tr>\n<tr>\n<td width=\"72\">\u0110\u00f3ng g\u00f3i<\/td>\n<td width=\"72\">PTFE lo\u1ea1i V, graphite m\u1ec1m d\u1ebbo<\/td>\n<td width=\"72\">Ph\u1ea1m vi \u0111i\u1ec1u ch\u1ec9nh<\/td>\n<td width=\"72\">50:01:00<\/td>\n<\/tr>\n<\/tbody>\n<\/table>\t\t\t\t\t\t\t\t<\/div>\n\t\t\t\t<\/div>\n\t\t\t\t<\/div>\n\t\t<div class=\"elementor-element elementor-element-daef6c8 e-flex e-con-boxed e-con e-parent\" data-id=\"daef6c8\" data-element_type=\"container\" data-e-type=\"container\" data-settings=\"{&quot;ekit_has_onepagescroll_dot&quot;:&quot;yes&quot;}\">\n\t\t\t\t\t<div class=\"e-con-inner\">\n\t\t\t\t<div class=\"elementor-element elementor-element-52ddb61 elementor-widget elementor-widget-heading\" data-id=\"52ddb61\" data-element_type=\"widget\" data-e-type=\"widget\" data-settings=\"{&quot;ekit_we_effect_on&quot;:&quot;none&quot;}\" data-widget_type=\"heading.default\">\n\t\t\t\t<div class=\"elementor-widget-container\">\n\t\t\t\t\t<h2 class=\"elementor-heading-title elementor-size-default\">L\u1eafp \u0111\u1eb7t v\u00e0 b\u1ea3o tr\u00ec van \u0111i\u1ec1u khi\u1ec3n kh\u00ed n\u00e9n 3 chi\u1ec1u<\/h2>\t\t\t\t<\/div>\n\t\t\t\t<\/div>\n\t\t\t\t<div class=\"elementor-element elementor-element-da5701e elementor-widget__width-initial elementor-widget elementor-widget-text-editor\" data-id=\"da5701e\" data-element_type=\"widget\" data-e-type=\"widget\" data-settings=\"{&quot;ekit_we_effect_on&quot;:&quot;none&quot;}\" data-widget_type=\"text-editor.default\">\n\t\t\t\t<div class=\"elementor-widget-container\">\n\t\t\t\t\t\t\t\t\t<p>Nh\u1eefng c\u00e2n nh\u1eafc quan tr\u1ecdng khi l\u1eafp \u0111\u1eb7t Van \u0111i\u1ec1u khi\u1ec3n kh\u00ed n\u00e9n 3 chi\u1ec1u bao g\u1ed3m c\u00e1ch x\u1eed l\u00fd, \u0111i\u1ec1u ki\u1ec7n nh\u00e0 m\u00e1y, c\u1ea5u h\u00ecnh \u0111\u01b0\u1eddng \u1ed1ng, nh\u00e3n hi\u1ec7u v\u00e0 c\u00e1c c\u00e2n nh\u1eafc v\u1ec1 ti\u1ebfng \u1ed3n.<\/p>\t\t\t\t\t\t\t\t<\/div>\n\t\t\t\t<\/div>\n\t\t\t\t<div class=\"elementor-element elementor-element-e1e5066 elementor-widget__width-initial elementor-widget elementor-widget-text-editor\" data-id=\"e1e5066\" data-element_type=\"widget\" data-e-type=\"widget\" data-settings=\"{&quot;ekit_we_effect_on&quot;:&quot;none&quot;}\" data-widget_type=\"text-editor.default\">\n\t\t\t\t<div class=\"elementor-widget-container\">\n\t\t\t\t\t\t\t\t\t<p>\u00a0<\/p><p><strong><span style=\"color: #000000\">\u0110\u1ed9 k\u00edn c\u1ee7a van \u0111i\u1ec1u khi\u1ec3n kh\u00ed n\u00e9n 3 chi\u1ec1u<\/span><\/strong><br \/>\u0110\u1ed9 k\u00edn c\u1ee7a van \u0111i\u1ec1u khi\u1ec3n kh\u00ed n\u00e9n 3 chi\u1ec1u r\u1ea5t quan tr\u1ecdng trong qu\u00e1 tr\u00ecnh l\u1ef1a ch\u1ecdn v\u00e0 l\u1eafp \u0111\u1eb7t. \u0110\u1ed9 k\u00edn kh\u00f4ng \u0111\u1ee7 c\u00f3 th\u1ec3 d\u1eabn \u0111\u1ebfn m\u1ea5t ch\u1ea5t l\u1ecfng v\u00e0 l\u00e0m h\u1ecfng b\u1ec1 m\u1eb7t b\u1ecbt k\u00edn, g\u00e2y ra h\u1ecfng van s\u1edbm.<br \/>C\u00f3 ba y\u1ebfu t\u1ed1 ch\u00ednh \u1ea3nh h\u01b0\u1edfng \u0111\u1ebfn \u0111\u1ed9 k\u00edn c\u1ee7a van: \u0111\u1eb7c \u0111i\u1ec3m c\u1ee7a van, ph\u01b0\u01a1ng ph\u00e1p l\u1eafp \u0111\u1eb7t v\u00e0 ho\u1ea1t \u0111\u1ed9ng c\u1ee7a van.<\/p><p><strong><span style=\"color: #000000\">\u0110\u1eb7c \u0111i\u1ec3m c\u1ee7a van<\/span><\/strong><br \/>\u0110\u1ec3 \u0111\u00f3ng van m\u1ed9t c\u00e1ch th\u1ecfa \u0111\u00e1ng trong van c\u00f3 \u0111\u1ebf kim lo\u1ea1i, b\u1ec1 m\u1eb7t b\u1ecbt k\u00edn ph\u1eb3ng v\u1edbi l\u1edbp ho\u00e0n thi\u1ec7n tuy\u1ec7t v\u1eddi l\u00e0 \u0111i\u1ec1u c\u1ea7n thi\u1ebft. \u0110\u0129a ph\u1ea3i kh\u1edbp v\u1edbi th\u00e2n van m\u00e0 kh\u00f4ng c\u00f3 ma s\u00e1t qu\u00e1 m\u1ee9c t\u1eeb thanh d\u1eabn h\u01b0\u1edbng. \u0110\u1ec3 \u0111\u1ea1t \u0111\u01b0\u1ee3c \u0111\u1ed9 \u0111\u00f3ng k\u00edn ch\u1ea5p nh\u1eadn \u0111\u01b0\u1ee3c, th\u00f4ng th\u01b0\u1eddng c\u1ea7n c\u00f3 b\u1ec1 m\u1eb7t ho\u00e0n thi\u1ec7n l\u00e0 0,5 \u03bcm v\u00e0 m\u1ee9c \u0111\u1ed9 ph\u1eb3ng c\u1ee7a hai d\u1ea3i \u00e1nh s\u00e1ng quang h\u1ecdc. Kh\u1ea3 n\u0103ng ch\u1ed1ng m\u00e0i m\u00f2n cao \u1edf b\u1ec1 m\u1eb7t gh\u00e9p n\u1ed1i v\u00e0 b\u1ecbt k\u00edn gi\u00fap k\u00e9o d\u00e0i tu\u1ed5i th\u1ecd c\u1ee7a van.<br \/>Kh\u00f4ng gi\u1ed1ng nh\u01b0 van c\u00f4 l\u1eadp th\u00f4ng th\u01b0\u1eddng, l\u1ef1c \u0111\u00f3ng t\u00e1c \u0111\u1ed9ng l\u00ean \u0111\u0129a trong van \u0111i\u1ec1u khi\u1ec3n kh\u00ed n\u00e9n 3 chi\u1ec1u t\u01b0\u01a1ng \u0111\u1ed1i nh\u1ecf do ch\u00eanh l\u1ec7ch \u00e1p su\u1ea5t t\u1ed1i thi\u1ec3u. C\u00e1c mi\u1ebfng \u0111\u1ec7m \u0111\u00e0n h\u1ed3i c\u00f3 th\u1ec3 t\u0103ng c\u01b0\u1eddng kh\u1ea3 n\u0103ng \u0111\u00f3ng nh\u01b0ng d\u1ec5 b\u1ecb h\u01b0 h\u1ecfng h\u01a1n so v\u1edbi c\u00e1c gh\u1ebf kim lo\u1ea1i.<\/p><p><strong><span style=\"color: #000000\">L\u1eafp \u0111\u1eb7t van<\/span><\/strong><br \/>Trong qu\u00e1 tr\u00ecnh l\u1eafp \u0111\u1eb7t, c\u00f3 th\u1ec3 x\u1ea3y ra h\u01b0 h\u1ecfng \u1edf ch\u1ed7 ng\u1ed3i khi van \u0111\u01b0\u1ee3c n\u00e2ng l\u00ean ban \u0111\u1ea7u do b\u1ee5i b\u1ea9n v\u00e0 m\u1ea3nh v\u1ee5n trong h\u1ec7 th\u1ed1ng. X\u1ea3 h\u1ec7 th\u1ed1ng tr\u01b0\u1edbc khi l\u1eafp \u0111\u1eb7t v\u00e0 l\u1eafp van \u1edf v\u1ecb tr\u00ed kh\u00f4ng c\u00f3 m\u1ea3nh v\u1ee5n gi\u00fap ng\u0103n ng\u1eeba v\u1eadt l\u1ea1 x\u00e2m nh\u1eadp.<\/p><p>\u00a0<\/p>\t\t\t\t\t\t\t\t<\/div>\n\t\t\t\t<\/div>\n\t\t\t\t\t<\/div>\n\t\t\t\t<\/div>\n\t\t\t\t<\/div>","protected":false},"excerpt":{"rendered":"<p>Van \u0111i\u1ec1u khi\u1ec3n kh\u00ed n\u00e9n 3 chi\u1ec1u bao g\u1ed3m ba c\u1ed5ng \u0111\u01b0\u1ee3c k\u1ebft n\u1ed1i th\u00f4ng qua c\u00e1c \u0111\u01b0\u1eddng d\u1eabn b\u00ean trong th\u00e2n van. C\u00e1c van t\u1ea1o \u00e1p su\u1ea5t v\u00e0 x\u1ea3 m\u1ed9t c\u1ed5ng ra \u0111\u1ec3 \u0111i\u1ec1u khi\u1ec3n m\u1ed9t xi lanh t\u00e1c \u0111\u1ed9ng \u0111\u01a1n ho\u1eb7c d\u1eabn h\u01b0\u1edbng \u0111\u1ebfn m\u1ed9t van kh\u00e1c. Ph\u00f9 h\u1ee3p v\u1edbi t\u1ef1 \u0111\u1ed9ng h\u00f3a c\u00f4ng nghi\u1ec7p v\u00e0 cung c\u1ea5p gi\u1ea3i ph\u00e1p hi\u1ec7u qu\u1ea3 \u0111\u1ec3 ki\u1ec3m so\u00e1t ch\u1ea5t l\u1ecfng.<br \/>\nCh\u00fang \u0111\u01b0\u1ee3c s\u1eed d\u1ee5ng r\u1ed9ng r\u00e3i cho h\u1ec7 th\u1ed1ng \u0111i\u1ec1u khi\u1ec3n s\u1ea3n xu\u1ea5t t\u1ef1 \u0111\u1ed9ng trong c\u00e1c ng\u00e0nh c\u00f4ng nghi\u1ec7p bao g\u1ed3m h\u00f3a h\u1ecdc, d\u1ea7u kh\u00ed, c\u00f4ng nghi\u1ec7p nh\u1eb9, nh\u00e0 m\u00e1y \u0111i\u1ec7n, luy\u1ec7n kim.<br \/>\nDELCO Valves mong mu\u1ed1n cung c\u1ea5p cho kh\u00e1ch h\u00e0ng nh\u1eefng s\u1ea3n ph\u1ea9m ch\u1ea5t l\u01b0\u1ee3ng t\u1ed1t nh\u1ea5t v\u1edbi gi\u00e1 c\u1ea3 c\u1ea1nh tranh nh\u1ea5t, giao h\u00e0ng \u0111\u00fang h\u1ea1n v\u00e0 d\u1ecbch v\u1ee5 b\u1ea3o h\u00e0nh \u0111\u1ea7y \u0111\u1ee7.<\/p>\n<p><strong>Ng\u01b0\u1eddi m\u1eabu<\/strong>: Van \u0111i\u1ec1u khi\u1ec3n kh\u00ed n\u00e9n 3 chi\u1ec1u<br \/>\n<strong>Ph\u1ea1m vi k\u00edch th\u01b0\u1edbc<\/strong>: 1\/2&#8221;~12&#8242;<br \/>\n<strong>Ph\u1ea1m vi \u00e1p su\u1ea5t<\/strong>: 1.6~6.4Mpa<br \/>\n<strong>V\u1eadt li\u1ec7u<\/strong>: Th\u00e9p kh\u00f4ng g\u1ec9 304, 316, 316L ho\u1eb7c WCB<\/p>","protected":false},"featured_media":6974,"template":"","meta":{"site-sidebar-layout":"default","site-content-layout":"","ast-site-content-layout":"default","site-content-style":"default","site-sidebar-style":"default","ast-global-header-display":"","ast-banner-title-visibility":"","ast-main-header-display":"","ast-hfb-above-header-display":"","ast-hfb-below-header-display":"","ast-hfb-mobile-header-display":"","site-post-title":"","ast-breadcrumbs-content":"","ast-featured-img":"","footer-sml-layout":"","ast-disable-related-posts":"","theme-transparent-header-meta":"default","adv-header-id-meta":"","stick-header-meta":"","header-above-stick-meta":"","header-main-stick-meta":"","header-below-stick-meta":"","astra-migrate-meta-layouts":"set","ast-page-background-enabled":"default","ast-page-background-meta":{"desktop":{"background-color":"var(--ast-global-color-4)","background-image":"","background-repeat":"repeat","background-position":"center center","background-size":"auto","background-attachment":"scroll","background-type":"","background-media":"","overlay-type":"","overlay-color":"","overlay-opacity":"","overlay-gradient":""},"tablet":{"background-color":"","background-image":"","background-repeat":"repeat","background-position":"center center","background-size":"auto","background-attachment":"scroll","background-type":"","background-media":"","overlay-type":"","overlay-color":"","overlay-opacity":"","overlay-gradient":""},"mobile":{"background-color":"","background-image":"","background-repeat":"repeat","background-position":"center center","background-size":"auto","background-attachment":"scroll","background-type":"","background-media":"","overlay-type":"","overlay-color":"","overlay-opacity":"","overlay-gradient":""}},"ast-content-background-meta":{"desktop":{"background-color":"var(--ast-global-color-5)","background-image":"","background-repeat":"repeat","background-position":"center center","background-size":"auto","background-attachment":"scroll","background-type":"","background-media":"","overlay-type":"","overlay-color":"","overlay-opacity":"","overlay-gradient":""},"tablet":{"background-color":"var(--ast-global-color-5)","background-image":"","background-repeat":"repeat","background-position":"center center","background-size":"auto","background-attachment":"scroll","background-type":"","background-media":"","overlay-type":"","overlay-color":"","overlay-opacity":"","overlay-gradient":""},"mobile":{"background-color":"var(--ast-global-color-5)","background-image":"","background-repeat":"repeat","background-position":"center center","background-size":"auto","background-attachment":"scroll","background-type":"","background-media":"","overlay-type":"","overlay-color":"","overlay-opacity":"","overlay-gradient":""}}},"product_brand":[],"product_cat":[36,255,33],"product_tag":[65,88,59,54,58,56],"class_list":{"0":"post-1466","1":"product","2":"type-product","3":"status-publish","4":"has-post-thumbnail","6":"product_cat-control-valves","7":"product_cat-pneumatic-control-valve","8":"product_cat-products","9":"product_tag-3-way-pneumatic-control-valve","10":"product_tag-3-way-pneumatic-control-valves","11":"product_tag-control-valves","12":"product_tag-pneumatic-control-valve","13":"product_tag-pneumatic-three-way-control-valve","14":"product_tag-valves","15":"desktop-align-center","16":"tablet-align-left","17":"mobile-align-left","19":"first","20":"instock","21":"shipping-taxable","22":"product-type-simple"},"_links":{"self":[{"href":"https:\/\/www.delcofluid.com\/vi\/wp-json\/wp\/v2\/product\/1466","targetHints":{"allow":["GET"]}}],"collection":[{"href":"https:\/\/www.delcofluid.com\/vi\/wp-json\/wp\/v2\/product"}],"about":[{"href":"https:\/\/www.delcofluid.com\/vi\/wp-json\/wp\/v2\/types\/product"}],"version-history":[{"count":0,"href":"https:\/\/www.delcofluid.com\/vi\/wp-json\/wp\/v2\/product\/1466\/revisions"}],"wp:featuredmedia":[{"embeddable":true,"href":"https:\/\/www.delcofluid.com\/vi\/wp-json\/wp\/v2\/media\/6974"}],"wp:attachment":[{"href":"https:\/\/www.delcofluid.com\/vi\/wp-json\/wp\/v2\/media?parent=1466"}],"wp:term":[{"taxonomy":"product_brand","embeddable":true,"href":"https:\/\/www.delcofluid.com\/vi\/wp-json\/wp\/v2\/product_brand?post=1466"},{"taxonomy":"product_cat","embeddable":true,"href":"https:\/\/www.delcofluid.com\/vi\/wp-json\/wp\/v2\/product_cat?post=1466"},{"taxonomy":"product_tag","embeddable":true,"href":"https:\/\/www.delcofluid.com\/vi\/wp-json\/wp\/v2\/product_tag?post=1466"}],"curies":[{"name":"wp","href":"https:\/\/api.w.org\/{rel}","templated":true}]}}