{"id":2066,"date":"2024-03-19T06:52:15","date_gmt":"2024-03-19T06:52:15","guid":{"rendered":"https:\/\/www.delcofluid.com\/?post_type=product&#038;p=2066"},"modified":"2024-07-30T07:35:04","modified_gmt":"2024-07-30T06:35:04","slug":"electric-3-way-control-valve","status":"publish","type":"product","link":"https:\/\/www.delcofluid.com\/vi\/san-pham\/electric-3-way-control-valve\/","title":{"rendered":"Van \u0111i\u1ec1u khi\u1ec3n 3 chi\u1ec1u DELCO Electric-ZDLQ-X"},"content":{"rendered":"<div data-elementor-type=\"product-post\" data-elementor-id=\"2066\" class=\"elementor elementor-2066\" data-elementor-post-type=\"product\">\n\t\t\t\t<div class=\"elementor-element elementor-element-6fb59a60 e-flex e-con-boxed e-con e-parent\" data-id=\"6fb59a60\" data-element_type=\"container\" data-e-type=\"container\" data-settings=\"{&quot;ekit_has_onepagescroll_dot&quot;:&quot;yes&quot;}\">\n\t\t\t\t\t<div class=\"e-con-inner\">\n\t\t<div class=\"elementor-element elementor-element-b2e102c e-con-full e-flex e-con e-child\" data-id=\"b2e102c\" data-element_type=\"container\" data-e-type=\"container\" data-settings=\"{&quot;ekit_has_onepagescroll_dot&quot;:&quot;yes&quot;}\">\n\t\t\t\t<div class=\"elementor-element elementor-element-4c3cf80 elementor-widget elementor-widget-heading\" data-id=\"4c3cf80\" data-element_type=\"widget\" data-e-type=\"widget\" data-settings=\"{&quot;ekit_we_effect_on&quot;:&quot;none&quot;}\" data-widget_type=\"heading.default\">\n\t\t\t\t<div class=\"elementor-widget-container\">\n\t\t\t\t\t<h2 class=\"elementor-heading-title elementor-size-default\">S\u1ef1 mi\u00eau t\u1ea3<\/h2>\t\t\t\t<\/div>\n\t\t\t\t<\/div>\n\t\t\t\t<div class=\"elementor-element elementor-element-1af4cc68 elementor-widget__width-initial elementor-widget elementor-widget-text-editor\" data-id=\"1af4cc68\" data-element_type=\"widget\" data-e-type=\"widget\" data-settings=\"{&quot;ekit_we_effect_on&quot;:&quot;none&quot;}\" data-widget_type=\"text-editor.default\">\n\t\t\t\t<div class=\"elementor-widget-container\">\n\t\t\t\t\t\t\t\t\t<p>Trong l\u0129nh v\u1ef1c h\u1ec7 th\u1ed1ng ki\u1ec3m so\u00e1t ch\u1ea5t l\u1ecfng, van \u0111i\u1ec1u khi\u1ec3n 3 chi\u1ec1u \u0111i\u1ec7n n\u1ed5i b\u1eadt nh\u01b0 \u0111\u1ec9nh cao c\u1ee7a s\u1ef1 \u0111\u1ed5i m\u1edbi v\u00e0 hi\u1ec7u qu\u1ea3. K\u1ebft h\u1ee3p c\u00f4ng ngh\u1ec7 ti\u00ean ti\u1ebfn v\u1edbi k\u1ef9 thu\u1eadt ch\u00ednh x\u00e1c, c\u00e1c van n\u00e0y mang l\u1ea1i t\u00ednh linh ho\u1ea1t v\u00e0 hi\u1ec7u su\u1ea5t v\u00f4 song trong vi\u1ec7c \u0111i\u1ec1u ch\u1ec9nh l\u01b0u l\u01b0\u1ee3ng ch\u1ea5t l\u1ecfng trong nhi\u1ec1u quy tr\u00ecnh c\u00f4ng nghi\u1ec7p, h\u1ec7 th\u1ed1ng HVAC v\u00e0 c\u00e1c \u1ee9ng d\u1ee5ng kh\u00e1c.<\/p><p>B\u1ed9 truy\u1ec1n \u0111\u1ed9ng c\u1ee7a van \u0111i\u1ec1u khi\u1ec3n 3 chi\u1ec1u \u0111i\u1ec7n n\u1eb1m \u1edf trung t\u00e2m c\u1ee7a n\u00f3, \u0111\u01b0\u1ee3c cung c\u1ea5p n\u0103ng l\u01b0\u1ee3ng b\u1eb1ng \u0111i\u1ec7n \u0111\u1ec3 \u0111\u1ecbnh v\u1ecb ch\u00ednh x\u00e1c c\u01a1 c\u1ea5u b\u00ean trong c\u1ee7a van. B\u1eb1ng c\u00e1ch \u0111i\u1ec1u ch\u1ec9nh v\u1ecb tr\u00ed c\u1ee7a b\u1ed9 truy\u1ec1n \u0111\u1ed9ng, van c\u00f3 th\u1ec3 h\u01b0\u1edbng d\u00f2ng ch\u1ea5t l\u1ecfng \u0111\u1ebfn m\u1ed9t trong ba c\u1ed5ng c\u00f3 s\u1eb5n: c\u1ed5ng v\u00e0o A, c\u1ed5ng v\u00e0o B ho\u1eb7c c\u1ed5ng chung. \u0110i\u1ec1u n\u00e0y cho ph\u00e9p van th\u1ef1c hi\u1ec7n c\u00e1c ch\u1ee9c n\u0103ng nh\u01b0 chuy\u1ec3n h\u01b0\u1edbng d\u00f2ng ch\u1ea3y gi\u1eefa hai h\u1ec7 th\u1ed1ng kh\u00e1c nhau, tr\u1ed9n ch\u1ea5t l\u1ecfng t\u1eeb hai ngu\u1ed3n kh\u00e1c nhau ho\u1eb7c ki\u1ec3m so\u00e1t t\u1ed1c \u0111\u1ed9 d\u00f2ng ch\u1ea3y qua m\u1ed9t \u0111\u01b0\u1eddng \u1ed1ng duy nh\u1ea5t.<\/p>\t\t\t\t\t\t\t\t<\/div>\n\t\t\t\t<\/div>\n\t\t\t\t<\/div>\n\t\t\t\t<div class=\"elementor-element elementor-element-8e57110 elementor-widget elementor-widget-image\" data-id=\"8e57110\" data-element_type=\"widget\" data-e-type=\"widget\" data-settings=\"{&quot;ekit_we_effect_on&quot;:&quot;none&quot;}\" data-widget_type=\"image.default\">\n\t\t\t\t<div class=\"elementor-widget-container\">\n\t\t\t\t\t\t\t\t\t\t\t\t\t\t\t<img fetchpriority=\"high\" decoding=\"async\" width=\"1024\" height=\"1024\" src=\"https:\/\/www.delcofluid.com\/wp-content\/uploads\/2024\/03\/1-1-1024x1024.jpg\" class=\"attachment-large size-large wp-image-1796\" alt=\"DELCO 3 Way Pneumatics Control Valves\" srcset=\"https:\/\/www.delcofluid.com\/wp-content\/uploads\/2024\/03\/1-1-1024x1024.jpg 1024w, https:\/\/www.delcofluid.com\/wp-content\/uploads\/2024\/03\/1-1-300x300.jpg 300w, https:\/\/www.delcofluid.com\/wp-content\/uploads\/2024\/03\/1-1-100x100.jpg 100w, https:\/\/www.delcofluid.com\/wp-content\/uploads\/2024\/03\/1-1-600x600.jpg 600w, https:\/\/www.delcofluid.com\/wp-content\/uploads\/2024\/03\/1-1-150x150.jpg 150w, https:\/\/www.delcofluid.com\/wp-content\/uploads\/2024\/03\/1-1-768x768.jpg 768w, https:\/\/www.delcofluid.com\/wp-content\/uploads\/2024\/03\/1-1.jpg 1500w\" sizes=\"(max-width: 1024px) 100vw, 1024px\" \/>\t\t\t\t\t\t\t\t\t\t\t\t\t\t\t<\/div>\n\t\t\t\t<\/div>\n\t\t\t\t\t<\/div>\n\t\t\t\t<\/div>\n\t\t<div class=\"elementor-element elementor-element-a55eeda e-flex e-con-boxed e-con e-parent\" data-id=\"a55eeda\" data-element_type=\"container\" data-e-type=\"container\" data-settings=\"{&quot;background_background&quot;:&quot;classic&quot;,&quot;ekit_has_onepagescroll_dot&quot;:&quot;yes&quot;}\">\n\t\t\t\t\t<div class=\"e-con-inner\">\n\t\t\t\t<div class=\"elementor-element elementor-element-585e9d9 elementor-widget elementor-widget-heading\" data-id=\"585e9d9\" data-element_type=\"widget\" data-e-type=\"widget\" data-settings=\"{&quot;ekit_we_effect_on&quot;:&quot;none&quot;}\" data-widget_type=\"heading.default\">\n\t\t\t\t<div class=\"elementor-widget-container\">\n\t\t\t\t\t<h2 class=\"elementor-heading-title elementor-size-default\">Th\u00f4ng s\u1ed1 b\u1ed9 truy\u1ec1n \u0111\u1ed9ng<\/h2>\t\t\t\t<\/div>\n\t\t\t\t<\/div>\n\t\t\t\t\t<\/div>\n\t\t\t\t<\/div>\n\t\t<div class=\"elementor-element elementor-element-74c72de e-con-full e-flex e-con e-parent\" data-id=\"74c72de\" data-element_type=\"container\" data-e-type=\"container\" data-settings=\"{&quot;ekit_has_onepagescroll_dot&quot;:&quot;yes&quot;}\">\n\t\t\t\t<div class=\"elementor-element elementor-element-41da561 elementor-widget elementor-widget-text-editor\" data-id=\"41da561\" data-element_type=\"widget\" data-e-type=\"widget\" data-settings=\"{&quot;ekit_we_effect_on&quot;:&quot;none&quot;}\" data-widget_type=\"text-editor.default\">\n\t\t\t\t<div class=\"elementor-widget-container\">\n\t\t\t\t\t\t\t\t\t<table width=\"1470\"><tbody><tr><td width=\"272\">DN<\/td><td width=\"406\">25<\/td><td width=\"72\">32<\/td><td width=\"72\">40<\/td><td width=\"72\">50<\/td><td width=\"72\">65<\/td><td width=\"72\">80<\/td><td width=\"72\">100<\/td><td width=\"72\">125<\/td><td width=\"72\">150<\/td><td width=\"72\">200<\/td><td width=\"72\">250<\/td><td width=\"72\">300<\/td><\/tr><tr><td width=\"272\">\u0110\u01b0\u1eddng k\u00ednh gh\u1ebf mm<\/td><td width=\"406\">25<\/td><td width=\"72\">32<\/td><td width=\"72\">40<\/td><td width=\"72\">50<\/td><td width=\"72\">65<\/td><td width=\"72\">80<\/td><td width=\"72\">100<\/td><td width=\"72\">125<\/td><td width=\"72\">150<\/td><td width=\"72\">200<\/td><td width=\"72\">250<\/td><td width=\"72\">300<\/td><\/tr><tr><td width=\"272\">KV \u0111\u01b0\u1ee3c \u0111\u00e1nh gi\u00e1<\/td><td width=\"406\">8.5<\/td><td width=\"72\">13<\/td><td width=\"72\">21<\/td><td width=\"72\">34<\/td><td width=\"72\">53<\/td><td width=\"72\">85<\/td><td width=\"72\">135<\/td><td width=\"72\">210<\/td><td width=\"72\">340<\/td><td width=\"72\">535<\/td><td width=\"72\">800<\/td><td width=\"72\">1280<\/td><\/tr><tr><td width=\"272\">\u00c1p su\u1ea5t danh ngh\u0129a (MPa)<\/td><td colspan=\"12\" width=\"1198\">1.6,2.5,4.0,6.4<\/td><\/tr><tr><td width=\"272\">Chuy\u1ebfn \u0111i (mm)<\/td><td colspan=\"2\" width=\"478\">16<\/td><td colspan=\"2\" width=\"144\">25<\/td><td colspan=\"3\" width=\"216\">40<\/td><td colspan=\"3\" width=\"216\">60<\/td><td colspan=\"2\" width=\"144\">100<\/td><\/tr><tr><td width=\"272\">V\u1edbi m\u00f4 h\u00ecnh b\u1ed9 truy\u1ec1n \u0111\u1ed9ng \u0111i\u1ec7n<\/td><td colspan=\"2\" width=\"478\">361LSA-20<\/td><td colspan=\"2\" width=\"144\">361LSB-30<\/td><td colspan=\"3\" width=\"216\">361LSB-50<\/td><td colspan=\"3\" width=\"216\">361LSB-65<\/td><td colspan=\"2\" width=\"144\">361LSB-99<\/td><\/tr><tr><td width=\"272\">T\u00edn hi\u1ec7u \u0111\u1ea7u v\u00e0o<\/td><td colspan=\"12\" width=\"1198\">4-20mADC, 1-5VDC<\/td><\/tr><tr><td width=\"272\">Ngu\u1ed3n \u0111i\u1ec7n<\/td><td colspan=\"12\" width=\"1198\">AC220V 50HZ<\/td><\/tr><tr><td width=\"272\">\u0110\u1eb7c \u0111i\u1ec3m d\u00f2ng ch\u1ea3y v\u1ed1n c\u00f3<\/td><td colspan=\"12\" width=\"1198\">Tuy\u1ebfn t\u00ednh, t\u1ef7 l\u1ec7 ph\u1ea7n tr\u0103m b\u1eb1ng nhau, m\u1edf nhanh<\/td><\/tr><tr><td width=\"272\">T\u1ef7 l\u1ec7 \u0111i\u1ec1u ch\u1ebf v\u1ed1n c\u00f3<\/td><td colspan=\"12\" width=\"1198\">30:01:00<\/td><\/tr><tr><td width=\"272\">T\u1ef7 l\u1ec7 \u0111i\u1ec1u ch\u1ebf v\u1ed1n c\u00f3<\/td><td colspan=\"12\" width=\"1198\">IV<\/td><\/tr><tr><td width=\"272\">K\u00edch th\u01b0\u1edbc m\u1eb7t b\u00edch<\/td><td colspan=\"12\" width=\"1198\">Theo JB\/79.1 (2) -94, HG20592-97, GB, ANSI, JIS, DIN v\u00e0 c\u00e1c ti\u00eau chu\u1ea9n kh\u00e1c<\/td><\/tr><tr><td width=\"272\">V\u1eadt li\u1ec7u th\u00e2n m\u00e1y<\/td><td colspan=\"12\" width=\"1198\">WCB, 304, 316, WC6, niken, titan, Hastelloy, Monel, v.v.<\/td><\/tr><tr><td width=\"272\">V\u1eadt li\u1ec7u van<\/td><td colspan=\"12\" width=\"1198\">304, 316, 420, niken, titan, Hastelloy, Monel, v.v.<\/td><\/tr><tr><td width=\"272\">Nhi\u1ec7t \u0111\u1ed9 l\u00e0m vi\u1ec7c \u2103<\/td><td colspan=\"12\" width=\"1198\">-40~230<\/td><\/tr><tr><td width=\"272\">Lo\u1ea1i s\u00ea-ri<\/td><td colspan=\"12\" width=\"1198\">\u1ede nhi\u1ec7t \u0111\u1ed9 ph\u00f2ng, lo\u1ea1i nhi\u1ec7t \u0111\u1ed9 trung b\u00ecnh, lo\u1ea1i \u1ed1ng th\u1ed5i<\/td><\/tr><\/tbody><\/table><p>\u00a0<\/p>\t\t\t\t\t\t\t\t<\/div>\n\t\t\t\t<\/div>\n\t\t\t\t<\/div>\n\t\t<div class=\"elementor-element elementor-element-daef6c8 e-flex e-con-boxed e-con e-parent\" data-id=\"daef6c8\" data-element_type=\"container\" data-e-type=\"container\" data-settings=\"{&quot;ekit_has_onepagescroll_dot&quot;:&quot;yes&quot;}\">\n\t\t\t\t\t<div class=\"e-con-inner\">\n\t\t\t\t<div class=\"elementor-element elementor-element-52ddb61 elementor-widget elementor-widget-heading\" data-id=\"52ddb61\" data-element_type=\"widget\" data-e-type=\"widget\" data-settings=\"{&quot;ekit_we_effect_on&quot;:&quot;none&quot;}\" data-widget_type=\"heading.default\">\n\t\t\t\t<div class=\"elementor-widget-container\">\n\t\t\t\t\t<h2 class=\"elementor-heading-title elementor-size-default\">\u1ee8ng d\u1ee5ng van \u0111i\u1ec1u khi\u1ec3n 3 chi\u1ec1u \u0111i\u1ec7n<\/h2>\t\t\t\t<\/div>\n\t\t\t\t<\/div>\n\t\t\t\t<div class=\"elementor-element elementor-element-da5701e elementor-widget__width-initial elementor-widget elementor-widget-text-editor\" data-id=\"da5701e\" data-element_type=\"widget\" data-e-type=\"widget\" data-settings=\"{&quot;ekit_we_effect_on&quot;:&quot;none&quot;}\" data-widget_type=\"text-editor.default\">\n\t\t\t\t<div class=\"elementor-widget-container\">\n\t\t\t\t\t\t\t\t\t<p>T\u00ednh linh ho\u1ea1t c\u1ee7a van \u0111i\u1ec1u khi\u1ec3n 3 chi\u1ec1u \u0111i\u1ec7n khi\u1ebfn ch\u00fang tr\u1edf n\u00ean kh\u00f4ng th\u1ec3 thi\u1ebfu trong nhi\u1ec1u \u1ee9ng d\u1ee5ng c\u00f4ng nghi\u1ec7p v\u00e0 th\u01b0\u01a1ng m\u1ea1i. M\u1ed9t s\u1ed1 \u1ee9ng d\u1ee5ng ph\u1ed5 bi\u1ebfn bao g\u1ed3m.<\/p>\t\t\t\t\t\t\t\t<\/div>\n\t\t\t\t<\/div>\n\t\t\t\t<div class=\"elementor-element elementor-element-e1e5066 elementor-widget__width-initial elementor-widget elementor-widget-text-editor\" data-id=\"e1e5066\" data-element_type=\"widget\" data-e-type=\"widget\" data-settings=\"{&quot;ekit_we_effect_on&quot;:&quot;none&quot;}\" data-widget_type=\"text-editor.default\">\n\t\t\t\t<div class=\"elementor-widget-container\">\n\t\t\t\t\t\t\t\t\t<ul><li><span style=\"color: #000000\"><strong>H\u1ec7 th\u1ed1ng HVAC:<\/strong><\/span> C\u00e1c van n\u00e0y \u0111\u01b0\u1ee3c s\u1eed d\u1ee5ng trong h\u1ec7 th\u1ed1ng s\u01b0\u1edfi \u1ea5m, th\u00f4ng gi\u00f3 v\u00e0 \u0111i\u1ec1u h\u00f2a kh\u00f4ng kh\u00ed \u0111\u1ec3 ki\u1ec3m so\u00e1t d\u00f2ng n\u01b0\u1edbc n\u00f3ng v\u00e0 n\u01b0\u1edbc l\u1ea1nh, \u0111\u1ea3m b\u1ea3o \u0111i\u1ec1u ch\u1ec9nh nhi\u1ec7t \u0111\u1ed9 ch\u00ednh x\u00e1c trong c\u00e1c t\u00f2a nh\u00e0 v\u00e0 c\u01a1 s\u1edf.<\/li><li><strong><span style=\"color: #000000\">Ki\u1ec3m so\u00e1t quy tr\u00ecnh:<\/span> <\/strong>Trong c\u00e1c quy tr\u00ecnh c\u00f4ng nghi\u1ec7p nh\u01b0 s\u1ea3n xu\u1ea5t h\u00f3a ch\u1ea5t, s\u1ea3n xu\u1ea5t d\u01b0\u1ee3c ph\u1ea9m v\u00e0 ch\u1ebf bi\u1ebfn th\u1ef1c ph\u1ea9m, van \u0111i\u1ec1u khi\u1ec3n 3 chi\u1ec1u \u0111\u00f3ng vai tr\u00f2 quan tr\u1ecdng trong vi\u1ec7c ki\u1ec3m so\u00e1t d\u00f2ng ch\u1ea5t l\u1ecfng, kh\u00ed v\u00e0 h\u01a1i n\u01b0\u1edbc \u0111\u1ec3 \u0111\u1ea1t \u0111\u01b0\u1ee3c \u0111i\u1ec1u ki\u1ec7n quy tr\u00ecnh v\u00e0 ch\u1ea5t l\u01b0\u1ee3ng s\u1ea3n ph\u1ea9m t\u1ed1i \u01b0u.<\/li><li><strong><span style=\"color: #000000\">X\u1eed l\u00fd n\u01b0\u1edbc:<\/span><\/strong> Van \u0111i\u1ec1u khi\u1ec3n 3 chi\u1ec1u b\u1eb1ng \u0111i\u1ec7n \u0111\u01b0\u1ee3c s\u1eed d\u1ee5ng trong c\u00e1c nh\u00e0 m\u00e1y x\u1eed l\u00fd n\u01b0\u1edbc \u0111\u1ec3 \u0111i\u1ec1u ch\u1ec9nh d\u00f2ng h\u00f3a ch\u1ea5t, ki\u1ec3m so\u00e1t \u0111\u1ed9 pH v\u00e0 qu\u1ea3n l\u00fd vi\u1ec7c tr\u1ed9n c\u00e1c d\u00f2ng n\u01b0\u1edbc kh\u00e1c nhau nh\u1eb1m m\u1ee5c \u0111\u00edch thanh l\u1ecdc v\u00e0 kh\u1eed tr\u00f9ng.<\/li><li><strong><span style=\"color: #000000\">H\u1ec7 th\u1ed1ng n\u0103ng l\u01b0\u1ee3ng t\u00e1i t\u1ea1o:<\/span><\/strong> Trong c\u00e1c h\u1ec7 th\u1ed1ng n\u0103ng l\u01b0\u1ee3ng t\u00e1i t\u1ea1o nh\u01b0 nh\u00e0 m\u00e1y \u0111i\u1ec7n m\u1eb7t tr\u1eddi nhi\u1ec7t v\u00e0 \u0111\u1ecba nhi\u1ec7t, c\u00e1c van n\u00e0y gi\u00fap \u0111i\u1ec1u ch\u1ec9nh d\u00f2ng ch\u1ea5t l\u1ecfng truy\u1ec1n nhi\u1ec7t \u0111\u1ec3 t\u1ed1i \u01b0u h\u00f3a qu\u00e1 tr\u00ecnh thu v\u00e0 chuy\u1ec3n \u0111\u1ed5i n\u0103ng l\u01b0\u1ee3ng.<\/li><\/ul>\t\t\t\t\t\t\t\t<\/div>\n\t\t\t\t<\/div>\n\t\t\t\t\t<\/div>\n\t\t\t\t<\/div>\n\t\t\t\t<\/div>","protected":false},"excerpt":{"rendered":"<p>Van \u0111i\u1ec1u khi\u1ec3n 3 chi\u1ec1u \u0111i\u1ec7n l\u00e0 m\u1ed9t th\u00e0nh ph\u1ea7n tinh vi \u0111\u01b0\u1ee3c thi\u1ebft k\u1ebf \u0111\u1ec3 qu\u1ea3n l\u00fd d\u00f2ng ch\u1ea3y c\u1ee7a ch\u1ea5t l\u1ecfng b\u1eb1ng c\u00e1ch chuy\u1ec3n h\u01b0\u1edbng ho\u1eb7c tr\u1ed9n ch\u00fang qua ba \u0111\u01b0\u1eddng d\u1eabn kh\u00e1c nhau. Kh\u00f4ng gi\u1ed1ng nh\u01b0 c\u00e1c van truy\u1ec1n th\u1ed1ng th\u01b0\u1eddng cung c\u1ea5p \u0111i\u1ec1u khi\u1ec3n b\u1eadt\/t\u1eaft nh\u1ecb ph\u00e2n, van \u0111i\u1ec1u khi\u1ec3n 3 chi\u1ec1u cho ph\u00e9p \u0111i\u1ec1u ch\u1ec9nh ch\u00ednh x\u00e1c l\u01b0u l\u01b0\u1ee3ng v\u00e0 h\u01b0\u1edbng, cho ph\u00e9p linh ho\u1ea1t v\u00e0 t\u1ed1i \u01b0u h\u00f3a h\u01a1n trong c\u00e1c h\u1ec7 th\u1ed1ng qu\u1ea3n l\u00fd ch\u1ea5t l\u1ecfng.<\/p>\n<p>Ch\u00fang \u0111\u01b0\u1ee3c s\u1eed d\u1ee5ng r\u1ed9ng r\u00e3i cho h\u1ec7 th\u1ed1ng \u0111i\u1ec1u khi\u1ec3n s\u1ea3n xu\u1ea5t t\u1ef1 \u0111\u1ed9ng trong c\u00e1c ng\u00e0nh c\u00f4ng nghi\u1ec7p bao g\u1ed3m h\u00f3a h\u1ecdc, d\u1ea7u kh\u00ed, c\u00f4ng nghi\u1ec7p nh\u1eb9, nh\u00e0 m\u00e1y \u0111i\u1ec7n, luy\u1ec7n kim.<\/p>\n<p>T\u1eadp \u0111o\u00e0n DELCO mong mu\u1ed1n cung c\u1ea5p cho kh\u00e1ch h\u00e0ng nh\u1eefng s\u1ea3n ph\u1ea9m ch\u1ea5t l\u01b0\u1ee3ng t\u1ed1t nh\u1ea5t v\u1edbi gi\u00e1 c\u1ea3 c\u1ea1nh tranh nh\u1ea5t, giao h\u00e0ng \u0111\u00fang h\u1ea1n v\u00e0 d\u1ecbch v\u1ee5 b\u1ea3o h\u00e0nh \u0111\u1ea7y \u0111\u1ee7.<\/p>\n<p>Model: Van \u0111i\u1ec1u khi\u1ec3n 3 chi\u1ec1u \u0111i\u1ec7n<br \/>\nPh\u1ea1m vi k\u00edch th\u01b0\u1edbc: 1\/2\u201d \u0111\u1ebfn 12\u201d<br \/>\nPh\u1ea1m vi \u00e1p su\u1ea5t: 1,6 \u0111\u1ebfn 6,4MPa<br \/>\nCh\u1ea5t li\u1ec7u: Th\u00e9p kh\u00f4ng g\u1ec9 304\/316 ho\u1eb7c WCB<\/p>","protected":false},"featured_media":6979,"template":"","meta":{"site-sidebar-layout":"default","site-content-layout":"","ast-site-content-layout":"default","site-content-style":"default","site-sidebar-style":"default","ast-global-header-display":"","ast-banner-title-visibility":"","ast-main-header-display":"","ast-hfb-above-header-display":"","ast-hfb-below-header-display":"","ast-hfb-mobile-header-display":"","site-post-title":"","ast-breadcrumbs-content":"","ast-featured-img":"","footer-sml-layout":"","ast-disable-related-posts":"","theme-transparent-header-meta":"default","adv-header-id-meta":"","stick-header-meta":"","header-above-stick-meta":"","header-main-stick-meta":"","header-below-stick-meta":"","astra-migrate-meta-layouts":"set","ast-page-background-enabled":"default","ast-page-background-meta":{"desktop":{"background-color":"var(--ast-global-color-4)","background-image":"","background-repeat":"repeat","background-position":"center center","background-size":"auto","background-attachment":"scroll","background-type":"","background-media":"","overlay-type":"","overlay-color":"","overlay-opacity":"","overlay-gradient":""},"tablet":{"background-color":"","background-image":"","background-repeat":"repeat","background-position":"center center","background-size":"auto","background-attachment":"scroll","background-type":"","background-media":"","overlay-type":"","overlay-color":"","overlay-opacity":"","overlay-gradient":""},"mobile":{"background-color":"","background-image":"","background-repeat":"repeat","background-position":"center center","background-size":"auto","background-attachment":"scroll","background-type":"","background-media":"","overlay-type":"","overlay-color":"","overlay-opacity":"","overlay-gradient":""}},"ast-content-background-meta":{"desktop":{"background-color":"var(--ast-global-color-5)","background-image":"","background-repeat":"repeat","background-position":"center center","background-size":"auto","background-attachment":"scroll","background-type":"","background-media":"","overlay-type":"","overlay-color":"","overlay-opacity":"","overlay-gradient":""},"tablet":{"background-color":"var(--ast-global-color-5)","background-image":"","background-repeat":"repeat","background-position":"center center","background-size":"auto","background-attachment":"scroll","background-type":"","background-media":"","overlay-type":"","overlay-color":"","overlay-opacity":"","overlay-gradient":""},"mobile":{"background-color":"var(--ast-global-color-5)","background-image":"","background-repeat":"repeat","background-position":"center center","background-size":"auto","background-attachment":"scroll","background-type":"","background-media":"","overlay-type":"","overlay-color":"","overlay-opacity":"","overlay-gradient":""}}},"product_brand":[],"product_cat":[36,256,33],"product_tag":[67,55,59,135,133,54,56],"class_list":{"0":"post-2066","1":"product","2":"type-product","3":"status-publish","4":"has-post-thumbnail","6":"product_cat-control-valves","7":"product_cat-electric-control-valve","8":"product_cat-products","9":"product_tag-3-way-control-valve","10":"product_tag-control-valve","11":"product_tag-control-valves","12":"product_tag-electric-3-way-control-valve","13":"product_tag-electric-control-valve","14":"product_tag-pneumatic-control-valve","15":"product_tag-valves","16":"desktop-align-center","17":"tablet-align-left","18":"mobile-align-left","20":"first","21":"instock","22":"shipping-taxable","23":"product-type-simple"},"_links":{"self":[{"href":"https:\/\/www.delcofluid.com\/vi\/wp-json\/wp\/v2\/product\/2066","targetHints":{"allow":["GET"]}}],"collection":[{"href":"https:\/\/www.delcofluid.com\/vi\/wp-json\/wp\/v2\/product"}],"about":[{"href":"https:\/\/www.delcofluid.com\/vi\/wp-json\/wp\/v2\/types\/product"}],"version-history":[{"count":0,"href":"https:\/\/www.delcofluid.com\/vi\/wp-json\/wp\/v2\/product\/2066\/revisions"}],"wp:featuredmedia":[{"embeddable":true,"href":"https:\/\/www.delcofluid.com\/vi\/wp-json\/wp\/v2\/media\/6979"}],"wp:attachment":[{"href":"https:\/\/www.delcofluid.com\/vi\/wp-json\/wp\/v2\/media?parent=2066"}],"wp:term":[{"taxonomy":"product_brand","embeddable":true,"href":"https:\/\/www.delcofluid.com\/vi\/wp-json\/wp\/v2\/product_brand?post=2066"},{"taxonomy":"product_cat","embeddable":true,"href":"https:\/\/www.delcofluid.com\/vi\/wp-json\/wp\/v2\/product_cat?post=2066"},{"taxonomy":"product_tag","embeddable":true,"href":"https:\/\/www.delcofluid.com\/vi\/wp-json\/wp\/v2\/product_tag?post=2066"}],"curies":[{"name":"wp","href":"https:\/\/api.w.org\/{rel}","templated":true}]}}