{"id":2075,"date":"2024-03-19T07:16:09","date_gmt":"2024-03-19T07:16:09","guid":{"rendered":"https:\/\/www.delcofluid.com\/?post_type=product&#038;p=2075"},"modified":"2024-08-13T09:26:47","modified_gmt":"2024-08-13T08:26:47","slug":"electric-temperature-control-valves","status":"publish","type":"product","link":"https:\/\/www.delcofluid.com\/vi\/san-pham\/electric-temperature-control-valves\/","title":{"rendered":"Van \u0111i\u1ec1u khi\u1ec3n nhi\u1ec7t \u0111\u1ed9 \u0111i\u1ec7n DELCO-ZZWPE"},"content":{"rendered":"<div data-elementor-type=\"product-post\" data-elementor-id=\"2075\" class=\"elementor elementor-2075\" data-elementor-post-type=\"product\">\n\t\t\t\t<div class=\"elementor-element elementor-element-6fb59a60 e-flex e-con-boxed e-con e-parent\" data-id=\"6fb59a60\" data-element_type=\"container\" data-e-type=\"container\" data-settings=\"{&quot;ekit_has_onepagescroll_dot&quot;:&quot;yes&quot;}\">\n\t\t\t\t\t<div class=\"e-con-inner\">\n\t\t<div class=\"elementor-element elementor-element-b2e102c e-con-full e-flex e-con e-child\" data-id=\"b2e102c\" data-element_type=\"container\" data-e-type=\"container\" data-settings=\"{&quot;ekit_has_onepagescroll_dot&quot;:&quot;yes&quot;}\">\n\t\t\t\t<div class=\"elementor-element elementor-element-4c3cf80 elementor-widget elementor-widget-heading\" data-id=\"4c3cf80\" data-element_type=\"widget\" data-e-type=\"widget\" data-settings=\"{&quot;ekit_we_effect_on&quot;:&quot;none&quot;}\" data-widget_type=\"heading.default\">\n\t\t\t\t<div class=\"elementor-widget-container\">\n\t\t\t\t\t<h2 class=\"elementor-heading-title elementor-size-default\">S\u1ef1 mi\u00eau t\u1ea3<\/h2>\t\t\t\t<\/div>\n\t\t\t\t<\/div>\n\t\t\t\t<div class=\"elementor-element elementor-element-1af4cc68 elementor-widget__width-initial elementor-widget elementor-widget-text-editor\" data-id=\"1af4cc68\" data-element_type=\"widget\" data-e-type=\"widget\" data-settings=\"{&quot;ekit_we_effect_on&quot;:&quot;none&quot;}\" data-widget_type=\"text-editor.default\">\n\t\t\t\t<div class=\"elementor-widget-container\">\n\t\t\t\t\t\t\t\t\t<p>C\u00e1c <span style=\"color: #000000\"><a style=\"color: #000000\" href=\"https:\/\/www.delcofluid.com\/vi\/danh-muc-san-pham\/control-valves\/\">van \u0111i\u1ec1u khi\u1ec3n nhi\u1ec7t \u0111\u1ed9 \u0111i\u1ec7n<\/a>S<\/span> \u0111\u1ea1i di\u1ec7n cho m\u1ed9t b\u01b0\u1edbc ti\u1ebfn \u0111\u00e1ng k\u1ec3 trong l\u0129nh v\u1ef1c c\u00f4ng ngh\u1ec7 qu\u1ea3n l\u00fd nhi\u1ec7t. Kh\u00f4ng gi\u1ed1ng nh\u01b0 c\u00e1c van truy\u1ec1n th\u1ed1ng d\u1ef1a v\u00e0o c\u01a1 ch\u1ebf c\u01a1 h\u1ecdc \u0111\u1ec3 \u0111i\u1ec1u ch\u1ec9nh nhi\u1ec7t \u0111\u1ed9, van \u0111i\u1ec1u khi\u1ec3n nhi\u1ec7t \u0111\u1ed9 \u0111i\u1ec7n s\u1eed d\u1ee5ng b\u1ed9 truy\u1ec1n \u0111\u1ed9ng \u0111i\u1ec7n t\u1eed \u0111\u1ec3 \u0111i\u1ec1u ch\u1ec9nh ch\u00ednh x\u00e1c d\u00f2ng ch\u1ea3y c\u1ee7a ch\u1ea5t l\u1ecfng d\u1ef1a tr\u00ean ph\u1ea3n h\u1ed3i nhi\u1ec7t \u0111\u1ed9 t\u1eeb c\u00e1c c\u1ea3m bi\u1ebfn. Ph\u01b0\u01a1ng ph\u00e1p ti\u1ebfp c\u1eadn s\u00e1ng t\u1ea1o n\u00e0y cho ph\u00e9p ki\u1ec3m so\u00e1t nhi\u1ec7t \u0111\u1ed9 c\u00f3 \u0111\u1ed9 ch\u00ednh x\u00e1c cao v\u00e0 ph\u1ea3n h\u1ed3i nhanh, \u0111\u1ea3m b\u1ea3o \u0111i\u1ec1u ki\u1ec7n nhi\u1ec7t \u0111\u1ed9 t\u1ed1i \u01b0u trong nhi\u1ec1u \u1ee9ng d\u1ee5ng.<\/p><p>C\u1ed1t l\u00f5i c\u1ee7a van \u0111i\u1ec1u khi\u1ec3n nhi\u1ec7t \u0111\u1ed9 \u0111i\u1ec7n l\u00e0 b\u1ed9 truy\u1ec1n \u0111\u1ed9ng \u0111i\u1ec7n t\u1eed, nh\u1eadn t\u00edn hi\u1ec7u t\u1eeb c\u00e1c c\u1ea3m bi\u1ebfn nhi\u1ec7t \u0111\u1ed9 \u0111\u1ec3 \u0111i\u1ec1u ch\u1ec9nh v\u1ecb tr\u00ed c\u1ee7a van theo th\u1eddi gian th\u1ef1c. Khi nhi\u1ec7t \u0111\u1ed9 c\u1ee7a ch\u1ea5t l\u1ecfng \u0111\u01b0\u1ee3c ki\u1ec3m so\u00e1t thay \u0111\u1ed5i, b\u1ed9 truy\u1ec1n \u0111\u1ed9ng s\u1ebd ph\u1ea3n \u1ee9ng b\u1eb1ng c\u00e1ch m\u1edf ho\u1eb7c \u0111\u00f3ng van \u0111\u1ec3 duy tr\u00ec \u0111i\u1ec3m \u0111\u1eb7t nhi\u1ec7t \u0111\u1ed9 mong mu\u1ed1n. C\u01a1 ch\u1ebf \u0111i\u1ec1u khi\u1ec3n \u0111\u1ed9ng n\u00e0y cho ph\u00e9p van \u0111i\u1ec1u ch\u1ec9nh ch\u00ednh x\u00e1c l\u01b0u l\u01b0\u1ee3ng ch\u1ea5t l\u1ecfng, \u0111\u1ea3m b\u1ea3o nhi\u1ec7t \u0111\u1ed9 \u0111\u1ed3ng \u0111\u1ec1u trong to\u00e0n b\u1ed9 h\u1ec7 th\u1ed1ng.<\/p><p>T\u00f3m l\u1ea1i, van \u0111i\u1ec1u khi\u1ec3n nhi\u1ec7t \u0111\u1ed9 \u0111i\u1ec7n \u0111\u1ea1i di\u1ec7n cho m\u1ed9t b\u01b0\u1edbc ti\u1ebfn \u0111\u00e1ng k\u1ec3 trong c\u00f4ng ngh\u1ec7 qu\u1ea3n l\u00fd nhi\u1ec7t, cung c\u1ea5p kh\u1ea3 n\u0103ng \u0111i\u1ec1u ch\u1ec9nh nhi\u1ec7t \u0111\u1ed9 ch\u00ednh x\u00e1c v\u00e0 hi\u1ec7u qu\u1ea3 trong nhi\u1ec1u \u1ee9ng d\u1ee5ng c\u00f4ng nghi\u1ec7p, th\u01b0\u01a1ng m\u1ea1i v\u00e0 d\u00e2n d\u1ee5ng. V\u1edbi h\u1ec7 th\u1ed1ng \u0111i\u1ec1u khi\u1ec3n \u0111i\u1ec7n t\u1eed ti\u00ean ti\u1ebfn, c\u00e1c van n\u00e0y cung c\u1ea5p \u0111\u1ed9 ch\u00ednh x\u00e1c v\u00e0 kh\u1ea3 n\u0103ng ph\u1ea3n h\u1ed3i v\u00f4 song, \u0111\u1ea3m b\u1ea3o \u0111i\u1ec1u ki\u1ec7n nhi\u1ec7t \u0111\u1ed9 t\u1ed1i \u01b0u v\u00e0 hi\u1ec7u qu\u1ea3 n\u0103ng l\u01b0\u1ee3ng trong c\u00e1c h\u1ec7 th\u1ed1ng s\u01b0\u1edfi \u1ea5m v\u00e0 l\u00e0m m\u00e1t d\u1ef1a tr\u00ean ch\u1ea5t l\u1ecfng. Khi c\u00f4ng ngh\u1ec7 ti\u1ebfp t\u1ee5c ph\u00e1t tri\u1ec3n, van \u0111i\u1ec1u khi\u1ec3n nhi\u1ec7t \u0111\u1ed9 \u0111i\u1ec7n s\u1ebd v\u1eabn \u0111i \u0111\u1ea7u trong \u0111\u1ed5i m\u1edbi qu\u1ea3n l\u00fd nhi\u1ec7t, th\u00fac \u0111\u1ea9y hi\u1ec7u qu\u1ea3, \u0111\u1ed9 tin c\u1eady v\u00e0 hi\u1ec7u su\u1ea5t trong c\u00e1c h\u1ec7 th\u1ed1ng \u0111i\u1ec1u khi\u1ec3n nhi\u1ec7t tr\u00ean to\u00e0n th\u1ebf gi\u1edbi.<\/p>\t\t\t\t\t\t\t\t<\/div>\n\t\t\t\t<\/div>\n\t\t\t\t<\/div>\n\t\t\t\t<div class=\"elementor-element elementor-element-8e57110 elementor-widget elementor-widget-image\" data-id=\"8e57110\" data-element_type=\"widget\" data-e-type=\"widget\" data-settings=\"{&quot;ekit_we_effect_on&quot;:&quot;none&quot;}\" data-widget_type=\"image.default\">\n\t\t\t\t<div class=\"elementor-widget-container\">\n\t\t\t\t\t\t\t\t\t\t\t\t\t\t\t<img fetchpriority=\"high\" decoding=\"async\" width=\"1024\" height=\"1024\" src=\"https:\/\/www.delcofluid.com\/wp-content\/uploads\/2024\/03\/56-1024x1024.jpg\" class=\"attachment-large size-large wp-image-2081\" alt=\"DELCO Electric temperature control valves\" srcset=\"https:\/\/www.delcofluid.com\/wp-content\/uploads\/2024\/03\/56-1024x1024.jpg 1024w, https:\/\/www.delcofluid.com\/wp-content\/uploads\/2024\/03\/56-300x300.jpg 300w, https:\/\/www.delcofluid.com\/wp-content\/uploads\/2024\/03\/56-100x100.jpg 100w, https:\/\/www.delcofluid.com\/wp-content\/uploads\/2024\/03\/56-600x600.jpg 600w, https:\/\/www.delcofluid.com\/wp-content\/uploads\/2024\/03\/56-150x150.jpg 150w, https:\/\/www.delcofluid.com\/wp-content\/uploads\/2024\/03\/56-768x768.jpg 768w, https:\/\/www.delcofluid.com\/wp-content\/uploads\/2024\/03\/56.jpg 1500w\" sizes=\"(max-width: 1024px) 100vw, 1024px\" \/>\t\t\t\t\t\t\t\t\t\t\t\t\t\t\t<\/div>\n\t\t\t\t<\/div>\n\t\t\t\t\t<\/div>\n\t\t\t\t<\/div>\n\t\t<div class=\"elementor-element elementor-element-a55eeda e-flex e-con-boxed e-con e-parent\" data-id=\"a55eeda\" data-element_type=\"container\" data-e-type=\"container\" data-settings=\"{&quot;background_background&quot;:&quot;classic&quot;,&quot;ekit_has_onepagescroll_dot&quot;:&quot;yes&quot;}\">\n\t\t\t\t\t<div class=\"e-con-inner\">\n\t\t\t\t<div class=\"elementor-element elementor-element-585e9d9 elementor-widget elementor-widget-heading\" data-id=\"585e9d9\" data-element_type=\"widget\" data-e-type=\"widget\" data-settings=\"{&quot;ekit_we_effect_on&quot;:&quot;none&quot;}\" data-widget_type=\"heading.default\">\n\t\t\t\t<div class=\"elementor-widget-container\">\n\t\t\t\t\t<h2 class=\"elementor-heading-title elementor-size-default\">Th\u00f4ng s\u1ed1 b\u1ed9 truy\u1ec1n \u0111\u1ed9ng<\/h2>\t\t\t\t<\/div>\n\t\t\t\t<\/div>\n\t\t\t\t\t<\/div>\n\t\t\t\t<\/div>\n\t\t<div class=\"elementor-element elementor-element-74c72de e-con-full e-flex e-con e-parent\" data-id=\"74c72de\" data-element_type=\"container\" data-e-type=\"container\" data-settings=\"{&quot;ekit_has_onepagescroll_dot&quot;:&quot;yes&quot;}\">\n\t\t\t\t<div class=\"elementor-element elementor-element-41da561 elementor-widget elementor-widget-text-editor\" data-id=\"41da561\" data-element_type=\"widget\" data-e-type=\"widget\" data-settings=\"{&quot;ekit_we_effect_on&quot;:&quot;none&quot;}\" data-widget_type=\"text-editor.default\">\n\t\t\t\t<div class=\"elementor-widget-container\">\n\t\t\t\t\t\t\t\t\t<table width=\"709\">\n<tbody>\n<tr>\n<td width=\"85\">M\u00f4 h\u00ecnh b\u1ed9 truy\u1ec1n \u0111\u1ed9ng<\/td>\n<td colspan=\"3\" width=\"284\">C\u00e1c th\u00f4ng s\u1ed1 k\u1ef9 thu\u1eadt ch\u00ednh:<\/td>\n<td width=\"85\">T\u00fai \u1ea5m, v\u1eadt li\u1ec7u mao d\u1eabn<\/td>\n<td width=\"85\">Chi\u1ec1u d\u00e0i mao qu\u1ea3n<\/td>\n<td width=\"85\">Ph\u1ea1m vi ki\u1ec3m so\u00e1t nhi\u1ec7t \u0111\u1ed9<\/td>\n<td width=\"85\">\u0110\u1ed9 l\u1ec7ch so v\u1edbi \u0111i\u1ec3m \u0111\u1eb7t<\/td>\n<\/tr>\n<tr>\n<td width=\"85\">D\u00f2ng 3810, d\u00f2ng PSL<\/td>\n<td width=\"85\">\u0110i\u1ec7n \u00e1p cung c\u1ea5p: 220V\/50Hz, t\u00edn hi\u1ec7u \u0111\u1ea7u v\u00e0o: 4-20mA ho\u1eb7c 1-5V\u00b7 DC, t\u00edn hi\u1ec7u \u0111\u1ea7u ra: 4-20mA\u00b7 DC<\/td>\n<td width=\"85\">C\u1ea5p \u0111\u1ed9 b\u1ea3o v\u1ec7: t\u01b0\u01a1ng \u0111\u01b0\u01a1ng IP55, d\u1ea5u ch\u1ed1ng ch\u00e1y: ExdII.BT4, ch\u1ee9c n\u0103ng th\u1ee7 c\u00f4ng: tay c\u1ea7m<\/td>\n<td width=\"114\">Nhi\u1ec7t \u0111\u1ed9 m\u00f4i tr\u01b0\u1eddng: -25~+70\u00b0C, <br>\u0110\u1ed9 \u1ea9m m\u00f4i tr\u01b0\u1eddng: \u226495%<\/td>\n<td width=\"85\">H62\u30011Cr18Ni9Ti<\/td>\n<td width=\"85\">3 G\u1ea1o, 5 G\u1ea1o, 10 G\u1ea1o<\/td>\n<td width=\"85\">0~250\u2103<\/td>\n<td width=\"85\">\u00b12\u2103<\/td>\n<\/tr>\n<tr>\n<td width=\"85\">H\u00ecnh d\u1ea1ng th\u00e2n van<\/td>\n<td width=\"85\">\u0110\u01b0\u1eddng k\u00ednh danh ngh\u0129a<\/td>\n<td width=\"85\">\u00c1p su\u1ea5t danh ngh\u0129a<\/td>\n<td width=\"114\">Ti\u00eau chu\u1ea9n m\u1eb7t b\u00edch<\/td>\n<td width=\"85\">H\u00ecnh th\u1ee9c k\u1ebft n\u1ed1i<\/td>\n<td width=\"85\">H\u00ecnh d\u1ea1ng m\u0169 tr\u00f9m \u0111\u1ea7u<\/td>\n<td width=\"85\">Lo\u1ea1i tuy\u1ebfn<\/td>\n<td width=\"85\">\u0110\u00f3ng g\u00f3i ni\u00eam phong<\/td>\n<\/tr>\n<tr>\n<td width=\"85\">Van bi th\u1eb3ng<\/td>\n<td width=\"85\">DN15\uff5e300mm<\/td>\n<td width=\"85\">PN1.6\u30012.5\u30014.0\u30016.4MPa<\/td>\n<td width=\"114\">GB\/T9113, JB\/T79<\/td>\n<td width=\"85\">M\u1eb7t b\u00edch (FF RF RTJ), H\u00e0n (SW BW), C\u00f3 ren (t\u1ed1i \u0111a 1\u2033)<\/td>\n<td width=\"85\">Lo\u1ea1i ti\u00eau chu\u1ea9n -17~+230\u00b0C, lo\u1ea1i nhi\u1ec7t \u0111\u1ed9 cao +230~+450\u00b0C<\/td>\n<td width=\"85\">Ch\u1ed1t \u1ea5n xu\u1ed1ng<\/td>\n<td width=\"85\">Ch\u1ea5t \u0111\u1ed9n PTFE lo\u1ea1i V, ch\u1ea5t \u0111\u1ed9n PTFE ami\u0103ng t\u1ea9m, ch\u1ea5t \u0111\u1ed9n d\u1ec7t ami\u0103ng, ch\u1ea5t \u0111\u1ed9n graphite<\/td>\n<\/tr>\n<\/tbody>\n<\/table>\t\t\t\t\t\t\t\t<\/div>\n\t\t\t\t<\/div>\n\t\t\t\t<\/div>\n\t\t<div class=\"elementor-element elementor-element-daef6c8 e-flex e-con-boxed e-con e-parent\" data-id=\"daef6c8\" data-element_type=\"container\" data-e-type=\"container\" data-settings=\"{&quot;ekit_has_onepagescroll_dot&quot;:&quot;yes&quot;}\">\n\t\t\t\t\t<div class=\"e-con-inner\">\n\t\t\t\t<div class=\"elementor-element elementor-element-52ddb61 elementor-widget elementor-widget-heading\" data-id=\"52ddb61\" data-element_type=\"widget\" data-e-type=\"widget\" data-settings=\"{&quot;ekit_we_effect_on&quot;:&quot;none&quot;}\" data-widget_type=\"heading.default\">\n\t\t\t\t<div class=\"elementor-widget-container\">\n\t\t\t\t\t<h2 class=\"elementor-heading-title elementor-size-default\">Van \u0111i\u1ec1u khi\u1ec3n nhi\u1ec7t \u0111\u1ed9<\/h2>\t\t\t\t<\/div>\n\t\t\t\t<\/div>\n\t\t\t\t<div class=\"elementor-element elementor-element-e1e5066 elementor-widget__width-initial elementor-widget elementor-widget-text-editor\" data-id=\"e1e5066\" data-element_type=\"widget\" data-e-type=\"widget\" data-settings=\"{&quot;ekit_we_effect_on&quot;:&quot;none&quot;}\" data-widget_type=\"text-editor.default\">\n\t\t\t\t<div class=\"elementor-widget-container\">\n\t\t\t\t\t\t\t\t\t<ul><li><p><strong>\u00a0\u1ee8ng d\u1ee5ng van \u0111i\u1ec1u khi\u1ec3n nhi\u1ec7t \u0111\u1ed9 \u0111i\u1ec7n:<\/strong><\/p><p>T\u00ednh linh ho\u1ea1t v\u00e0 \u0111\u1ed9 ch\u00ednh x\u00e1c c\u1ee7a van \u0111i\u1ec1u khi\u1ec3n nhi\u1ec7t \u0111\u1ed9 \u0111i\u1ec7n l\u00e0m cho ch\u00fang tr\u1edf n\u00ean kh\u00f4ng th\u1ec3 thi\u1ebfu trong nhi\u1ec1u \u1ee9ng d\u1ee5ng kh\u00e1c nhau trong c\u00e1c ng\u00e0nh c\u00f4ng nghi\u1ec7p kh\u00e1c nhau. M\u1ed9t s\u1ed1 \u1ee9ng d\u1ee5ng ph\u1ed5 bi\u1ebfn bao g\u1ed3m:<\/p><ul><li><p>H\u1ec7 th\u1ed1ng HVAC: C\u00e1c van n\u00e0y \u0111\u01b0\u1ee3c s\u1eed d\u1ee5ng trong h\u1ec7 th\u1ed1ng s\u01b0\u1edfi \u1ea5m, th\u00f4ng gi\u00f3 v\u00e0 \u0111i\u1ec1u h\u00f2a kh\u00f4ng kh\u00ed \u0111\u1ec3 \u0111i\u1ec1u ch\u1ec9nh l\u01b0u l\u01b0\u1ee3ng n\u01b0\u1edbc n\u00f3ng v\u00e0 n\u01b0\u1edbc l\u1ea1nh, \u0111\u1ea3m b\u1ea3o ki\u1ec3m so\u00e1t nhi\u1ec7t \u0111\u1ed9 ch\u00ednh x\u00e1c trong c\u00e1c t\u00f2a nh\u00e0 th\u01b0\u01a1ng m\u1ea1i v\u00e0 d\u00e2n d\u1ee5ng.<\/p><\/li><li><p>Quy tr\u00ecnh c\u00f4ng nghi\u1ec7p: Trong c\u00e1c \u1ee9ng d\u1ee5ng c\u00f4ng nghi\u1ec7p nh\u01b0 s\u1ea3n xu\u1ea5t h\u00f3a ch\u1ea5t, ch\u1ebf bi\u1ebfn th\u1ef1c ph\u1ea9m v\u00e0 s\u1ea3n xu\u1ea5t d\u01b0\u1ee3c ph\u1ea9m, van \u0111i\u1ec1u khi\u1ec3n nhi\u1ec7t \u0111\u1ed9 \u0111i\u1ec7n \u0111\u00f3ng vai tr\u00f2 quan tr\u1ecdng trong vi\u1ec7c duy tr\u00ec \u0111i\u1ec1u ki\u1ec7n nhi\u1ec7t \u0111\u1ed9 ch\u00ednh x\u00e1c \u0111\u1ec3 \u0111\u1ea1t hi\u1ec7u qu\u1ea3 quy tr\u00ecnh v\u00e0 ch\u1ea5t l\u01b0\u1ee3ng s\u1ea3n ph\u1ea9m t\u1ed1i \u01b0u.<\/p><\/li><li><p>H\u1ec7 th\u1ed1ng qu\u1ea3n l\u00fd nhi\u1ec7t: Van \u0111i\u1ec1u khi\u1ec3n nhi\u1ec7t \u0111\u1ed9 \u0111i\u1ec7n \u0111\u01b0\u1ee3c s\u1eed d\u1ee5ng trong h\u1ec7 th\u1ed1ng qu\u1ea3n l\u00fd nhi\u1ec7t cho thi\u1ebft b\u1ecb \u0111i\u1ec7n t\u1eed, \u0111\u1ed9ng c\u01a1 \u00f4 t\u00f4 v\u00e0 nh\u00e0 m\u00e1y ph\u00e1t \u0111i\u1ec7n \u0111\u1ec3 \u0111i\u1ec1u ch\u1ec9nh l\u01b0u l\u01b0\u1ee3ng ch\u1ea5t l\u00e0m m\u00e1t v\u00e0 duy tr\u00ec nhi\u1ec7t \u0111\u1ed9 v\u1eadn h\u00e0nh t\u1ed1i \u01b0u.<\/p><\/li><\/ul><\/li><\/ul>\t\t\t\t\t\t\t\t<\/div>\n\t\t\t\t<\/div>\n\t\t\t\t<div class=\"elementor-element elementor-element-a3d6cd0 elementor-widget__width-initial elementor-widget elementor-widget-text-editor\" data-id=\"a3d6cd0\" data-element_type=\"widget\" data-e-type=\"widget\" data-settings=\"{&quot;ekit_we_effect_on&quot;:&quot;none&quot;}\" data-widget_type=\"text-editor.default\">\n\t\t\t\t<div class=\"elementor-widget-container\">\n\t\t\t\t\t\t\t\t\t<ul><li><p><strong>\u00a0\u01afu \u0111i\u1ec3m c\u1ee7a van \u0111i\u1ec1u khi\u1ec3n nhi\u1ec7t \u0111\u1ed9 \u0111i\u1ec7n:<\/strong><\/p><ul><li><p>Ki\u1ec3m so\u00e1t ch\u00ednh x\u00e1c: V\u1edbi b\u1ed9 truy\u1ec1n \u0111\u1ed9ng \u0111i\u1ec7n t\u1eed v\u00e0 v\u00f2ng ph\u1ea3n h\u1ed3i nhi\u1ec7t \u0111\u1ed9, van \u0111i\u1ec1u khi\u1ec3n nhi\u1ec7t \u0111\u1ed9 \u0111i\u1ec7n cung c\u1ea5p kh\u1ea3 n\u0103ng \u0111i\u1ec1u ch\u1ec9nh nhi\u1ec7t \u0111\u1ed9 ch\u00ednh x\u00e1c v\u00e0 nh\u1ea1y b\u00e9n, \u0111\u1ea3m b\u1ea3o \u0111i\u1ec1u ki\u1ec7n nhi\u1ec7t \u0111\u1ed9 \u1ed5n \u0111\u1ecbnh trong c\u00e1c h\u1ec7 th\u1ed1ng d\u1ef1a tr\u00ean ch\u1ea5t l\u1ecfng.<\/p><\/li><li><p>Hi\u1ec7u qu\u1ea3 n\u0103ng l\u01b0\u1ee3ng: B\u1eb1ng c\u00e1ch duy tr\u00ec nhi\u1ec7t \u0111\u1ed9 c\u00e0i \u0111\u1eb7t ch\u00ednh x\u00e1c, c\u00e1c van n\u00e0y gi\u00fap t\u1ed1i \u01b0u h\u00f3a vi\u1ec7c s\u1eed d\u1ee5ng n\u0103ng l\u01b0\u1ee3ng trong h\u1ec7 th\u1ed1ng s\u01b0\u1edfi \u1ea5m v\u00e0 l\u00e0m m\u00e1t, gi\u1ea3m m\u1ee9c ti\u00eau th\u1ee5 n\u0103ng l\u01b0\u1ee3ng v\u00e0 chi ph\u00ed v\u1eadn h\u00e0nh.<\/p><\/li><li><p>T\u00ednh linh ho\u1ea1t: Van \u0111i\u1ec1u khi\u1ec3n nhi\u1ec7t \u0111\u1ed9 \u0111i\u1ec7n c\u00f3 kh\u1ea3 n\u0103ng th\u00edch \u1ee9ng cao v\u00e0 c\u00f3 th\u1ec3 t\u00f9y ch\u1ec9nh \u0111\u1ec3 \u0111\u00e1p \u1ee9ng c\u00e1c y\u00eau c\u1ea7u c\u1ee5 th\u1ec3 c\u1ee7a c\u00e1c \u1ee9ng d\u1ee5ng kh\u00e1c nhau, gi\u00fap ch\u00fang ph\u00f9 h\u1ee3p v\u1edbi nhi\u1ec1u nhi\u1ec7m v\u1ee5 qu\u1ea3n l\u00fd nhi\u1ec7t.<\/p><\/li><li><p>Gi\u00e1m s\u00e1t v\u00e0 \u0111i\u1ec1u khi\u1ec3n t\u1eeb xa: Nhi\u1ec1u van \u0111i\u1ec1u khi\u1ec3n nhi\u1ec7t \u0111\u1ed9 \u0111i\u1ec7n \u0111\u01b0\u1ee3c trang b\u1ecb giao di\u1ec7n truy\u1ec1n th\u00f4ng ti\u00ean ti\u1ebfn, cho ph\u00e9p gi\u00e1m s\u00e1t v\u00e0 \u0111i\u1ec1u khi\u1ec3n t\u1eeb xa th\u00f4ng qua h\u1ec7 th\u1ed1ng m\u00e1y t\u00ednh, n\u00e2ng cao t\u00ednh linh ho\u1ea1t v\u00e0 hi\u1ec7u qu\u1ea3 c\u1ee7a h\u1ec7 th\u1ed1ng.<\/p><\/li><\/ul><\/li><\/ul>\t\t\t\t\t\t\t\t<\/div>\n\t\t\t\t<\/div>\n\t\t\t\t\t<\/div>\n\t\t\t\t<\/div>\n\t\t\t\t<\/div>","protected":false},"excerpt":{"rendered":"<p>Trong l\u0129nh v\u1ef1c h\u1ec7 th\u1ed1ng qu\u1ea3n l\u00fd nhi\u1ec7t, van \u0111i\u1ec1u khi\u1ec3n nhi\u1ec7t \u0111\u1ed9 \u0111i\u1ec7n n\u1ed5i l\u00ean nh\u01b0 m\u1ed9t gi\u1ea3i ph\u00e1p ti\u00ean ti\u1ebfn, c\u00e1ch m\u1ea1ng h\u00f3a c\u00e1ch \u0111i\u1ec1u ch\u1ec9nh nhi\u1ec7t \u0111\u1ed9 trong nhi\u1ec1u quy tr\u00ecnh c\u00f4ng nghi\u1ec7p, h\u1ec7 th\u1ed1ng HVAC v\u00e0 c\u00e1c \u1ee9ng d\u1ee5ng kh\u00e1c. K\u1ebft h\u1ee3p \u0111i\u1ec7n t\u1eed ti\u00ean ti\u1ebfn v\u1edbi k\u1ef9 thu\u1eadt ch\u00ednh x\u00e1c, c\u00e1c van n\u00e0y cung c\u1ea5p kh\u1ea3 n\u0103ng ki\u1ec3m so\u00e1t v\u00e0 hi\u1ec7u su\u1ea5t v\u00f4 song, cho ph\u00e9p \u0111i\u1ec1u ch\u1ec9nh v\u00e0 t\u1ed1i \u01b0u h\u00f3a nhi\u1ec7t \u0111\u1ed9 ch\u00ednh x\u00e1c trong c\u00e1c h\u1ec7 th\u1ed1ng s\u01b0\u1edfi \u1ea5m v\u00e0 l\u00e0m m\u00e1t d\u1ef1a tr\u00ean ch\u1ea5t l\u1ecfng.<\/p>\n<p>T\u1eadp \u0111o\u00e0n DELCO mong mu\u1ed1n cung c\u1ea5p cho kh\u00e1ch h\u00e0ng nh\u1eefng s\u1ea3n ph\u1ea9m ch\u1ea5t l\u01b0\u1ee3ng t\u1ed1t nh\u1ea5t v\u1edbi gi\u00e1 c\u1ea3 c\u1ea1nh tranh nh\u1ea5t, giao h\u00e0ng \u0111\u00fang h\u1ea1n v\u00e0 d\u1ecbch v\u1ee5 b\u1ea3o h\u00e0nh \u0111\u1ea7y \u0111\u1ee7.<\/p>\n<p>Model: Van \u0111i\u1ec1u khi\u1ec3n nhi\u1ec7t \u0111\u1ed9 \u0111i\u1ec7n<br \/>\nPh\u1ea1m vi k\u00edch th\u01b0\u1edbc: 1\/2\u201d \u0111\u1ebfn 12\u201d<br \/>\nPh\u1ea1m vi \u00e1p su\u1ea5t: 1,6 \u0111\u1ebfn 6,4MPa<br \/>\nCh\u1ea5t li\u1ec7u: Th\u00e9p kh\u00f4ng g\u1ec9 304\/316 ho\u1eb7c WCB<\/p>","protected":false},"featured_media":6981,"template":"","meta":{"site-sidebar-layout":"default","site-content-layout":"","ast-site-content-layout":"default","site-content-style":"default","site-sidebar-style":"default","ast-global-header-display":"","ast-banner-title-visibility":"","ast-main-header-display":"","ast-hfb-above-header-display":"","ast-hfb-below-header-display":"","ast-hfb-mobile-header-display":"","site-post-title":"","ast-breadcrumbs-content":"","ast-featured-img":"","footer-sml-layout":"","ast-disable-related-posts":"","theme-transparent-header-meta":"default","adv-header-id-meta":"","stick-header-meta":"","header-above-stick-meta":"","header-main-stick-meta":"","header-below-stick-meta":"","astra-migrate-meta-layouts":"set","ast-page-background-enabled":"default","ast-page-background-meta":{"desktop":{"background-color":"var(--ast-global-color-4)","background-image":"","background-repeat":"repeat","background-position":"center center","background-size":"auto","background-attachment":"scroll","background-type":"","background-media":"","overlay-type":"","overlay-color":"","overlay-opacity":"","overlay-gradient":""},"tablet":{"background-color":"","background-image":"","background-repeat":"repeat","background-position":"center center","background-size":"auto","background-attachment":"scroll","background-type":"","background-media":"","overlay-type":"","overlay-color":"","overlay-opacity":"","overlay-gradient":""},"mobile":{"background-color":"","background-image":"","background-repeat":"repeat","background-position":"center center","background-size":"auto","background-attachment":"scroll","background-type":"","background-media":"","overlay-type":"","overlay-color":"","overlay-opacity":"","overlay-gradient":""}},"ast-content-background-meta":{"desktop":{"background-color":"var(--ast-global-color-5)","background-image":"","background-repeat":"repeat","background-position":"center center","background-size":"auto","background-attachment":"scroll","background-type":"","background-media":"","overlay-type":"","overlay-color":"","overlay-opacity":"","overlay-gradient":""},"tablet":{"background-color":"var(--ast-global-color-5)","background-image":"","background-repeat":"repeat","background-position":"center center","background-size":"auto","background-attachment":"scroll","background-type":"","background-media":"","overlay-type":"","overlay-color":"","overlay-opacity":"","overlay-gradient":""},"mobile":{"background-color":"var(--ast-global-color-5)","background-image":"","background-repeat":"repeat","background-position":"center center","background-size":"auto","background-attachment":"scroll","background-type":"","background-media":"","overlay-type":"","overlay-color":"","overlay-opacity":"","overlay-gradient":""}}},"product_brand":[],"product_cat":[36,256,33],"product_tag":[55,59,133,86,134,70,73,56],"class_list":{"0":"post-2075","1":"product","2":"type-product","3":"status-publish","4":"has-post-thumbnail","6":"product_cat-control-valves","7":"product_cat-electric-control-valve","8":"product_cat-products","9":"product_tag-control-valve","10":"product_tag-control-valves","11":"product_tag-electric-control-valve","12":"product_tag-electric-control-valves","13":"product_tag-electric-temperature-control-valve","14":"product_tag-temperature-control-valve","15":"product_tag-valve","16":"product_tag-valves","17":"desktop-align-center","18":"tablet-align-left","19":"mobile-align-left","21":"first","22":"instock","23":"shipping-taxable","24":"product-type-simple"},"_links":{"self":[{"href":"https:\/\/www.delcofluid.com\/vi\/wp-json\/wp\/v2\/product\/2075","targetHints":{"allow":["GET"]}}],"collection":[{"href":"https:\/\/www.delcofluid.com\/vi\/wp-json\/wp\/v2\/product"}],"about":[{"href":"https:\/\/www.delcofluid.com\/vi\/wp-json\/wp\/v2\/types\/product"}],"version-history":[{"count":0,"href":"https:\/\/www.delcofluid.com\/vi\/wp-json\/wp\/v2\/product\/2075\/revisions"}],"wp:featuredmedia":[{"embeddable":true,"href":"https:\/\/www.delcofluid.com\/vi\/wp-json\/wp\/v2\/media\/6981"}],"wp:attachment":[{"href":"https:\/\/www.delcofluid.com\/vi\/wp-json\/wp\/v2\/media?parent=2075"}],"wp:term":[{"taxonomy":"product_brand","embeddable":true,"href":"https:\/\/www.delcofluid.com\/vi\/wp-json\/wp\/v2\/product_brand?post=2075"},{"taxonomy":"product_cat","embeddable":true,"href":"https:\/\/www.delcofluid.com\/vi\/wp-json\/wp\/v2\/product_cat?post=2075"},{"taxonomy":"product_tag","embeddable":true,"href":"https:\/\/www.delcofluid.com\/vi\/wp-json\/wp\/v2\/product_tag?post=2075"}],"curies":[{"name":"wp","href":"https:\/\/api.w.org\/{rel}","templated":true}]}}