{"id":2088,"date":"2024-03-19T07:43:58","date_gmt":"2024-03-19T07:43:58","guid":{"rendered":"https:\/\/www.delcofluid.com\/?post_type=product&#038;p=2088"},"modified":"2024-11-27T12:35:37","modified_gmt":"2024-11-27T12:35:37","slug":"self-operated-pressure-control-valve","status":"publish","type":"product","link":"https:\/\/www.delcofluid.com\/vi\/san-pham\/self-operated-pressure-control-valve\/","title":{"rendered":"Van \u0111i\u1ec1u khi\u1ec3n \u00e1p su\u1ea5t t\u1ef1 v\u1eadn h\u00e0nh DELCO-ZZYP"},"content":{"rendered":"<div data-elementor-type=\"product-post\" data-elementor-id=\"2088\" class=\"elementor elementor-2088\" data-elementor-post-type=\"product\">\n\t\t\t\t<div class=\"elementor-element elementor-element-6fb59a60 e-flex e-con-boxed e-con e-parent\" data-id=\"6fb59a60\" data-element_type=\"container\" data-e-type=\"container\" data-settings=\"{&quot;ekit_has_onepagescroll_dot&quot;:&quot;yes&quot;}\">\n\t\t\t\t\t<div class=\"e-con-inner\">\n\t\t<div class=\"elementor-element elementor-element-b2e102c e-con-full e-flex e-con e-child\" data-id=\"b2e102c\" data-element_type=\"container\" data-e-type=\"container\" data-settings=\"{&quot;ekit_has_onepagescroll_dot&quot;:&quot;yes&quot;}\">\n\t\t\t\t<div class=\"elementor-element elementor-element-4c3cf80 elementor-widget elementor-widget-heading\" data-id=\"4c3cf80\" data-element_type=\"widget\" data-e-type=\"widget\" data-settings=\"{&quot;ekit_we_effect_on&quot;:&quot;none&quot;}\" data-widget_type=\"heading.default\">\n\t\t\t\t<div class=\"elementor-widget-container\">\n\t\t\t\t\t<h2 class=\"elementor-heading-title elementor-size-default\">S\u1ef1 mi\u00eau t\u1ea3<\/h2>\t\t\t\t<\/div>\n\t\t\t\t<\/div>\n\t\t\t\t<div class=\"elementor-element elementor-element-1af4cc68 elementor-widget__width-initial elementor-widget elementor-widget-text-editor\" data-id=\"1af4cc68\" data-element_type=\"widget\" data-e-type=\"widget\" data-settings=\"{&quot;ekit_we_effect_on&quot;:&quot;none&quot;}\" data-widget_type=\"text-editor.default\">\n\t\t\t\t<div class=\"elementor-widget-container\">\n\t\t\t\t\t\t\t\t\t<p>Trong l\u0129nh v\u1ef1c h\u1ec7 th\u1ed1ng ki\u1ec3m so\u00e1t ch\u1ea5t l\u1ecfng, van \u0111i\u1ec1u khi\u1ec3n \u00e1p su\u1ea5t t\u1ef1 v\u1eadn h\u00e0nh l\u00e0 \u0111\u1ec9nh cao c\u1ee7a s\u1ef1 \u0111\u1ed5i m\u1edbi, hi\u1ec7u qu\u1ea3 v\u00e0 \u0111\u1ed9 tin c\u1eady. V\u1edbi thi\u1ebft k\u1ebf \u0111\u1ed9c \u0111\u00e1o v\u00e0 c\u00f4ng ngh\u1ec7 ti\u00ean ti\u1ebfn, van n\u00e0y cung c\u1ea5p kh\u1ea3 n\u0103ng ki\u1ec3m so\u00e1t ch\u00ednh x\u00e1c v\u00e0 t\u1ef1 \u0111\u1ed9ng \u0111\u1ed1i v\u1edbi c\u00e1c m\u1ee9c \u00e1p su\u1ea5t trong nhi\u1ec1u quy tr\u00ecnh c\u00f4ng nghi\u1ec7p, h\u1ec7 th\u1ed1ng HVAC v\u00e0 c\u00e1c \u1ee9ng d\u1ee5ng kh\u00e1c. K\u1ebft h\u1ee3p c\u00e1c nguy\u00ean t\u1eafc t\u1ef1 \u0111i\u1ec1u ch\u1ec9nh v\u1edbi k\u1ef9 thu\u1eadt m\u1ea1nh m\u1ebd, van \u0111i\u1ec1u khi\u1ec3n \u00e1p su\u1ea5t t\u1ef1 v\u1eadn h\u00e0nh \u0111\u1ea3m b\u1ea3o hi\u1ec7u su\u1ea5t v\u00e0 \u0111\u1ed9 an to\u00e0n t\u1ed1i \u01b0u trong c\u00e1c h\u1ec7 th\u1ed1ng d\u1ef1a tr\u00ean ch\u1ea5t l\u1ecfng.<br \/>Tr\u1ecdng t\u00e2m c\u1ee7a van \u0111i\u1ec1u khi\u1ec3n \u00e1p su\u1ea5t t\u1ef1 v\u1eadn h\u00e0nh l\u00e0 c\u01a1 ch\u1ebf t\u1ef1 \u0111i\u1ec1u ch\u1ec9nh \u0111\u1ed9c \u0111\u00e1o c\u1ee7a n\u00f3, bao g\u1ed3m m\u1ed9t ph\u1ea7n t\u1eed c\u1ea3m bi\u1ebfn, m\u1ed9t c\u01a1 ch\u1ebf \u0111i\u1ec1u khi\u1ec3n v\u00e0 m\u1ed9t b\u1ed9 truy\u1ec1n \u0111\u1ed9ng van. Ph\u1ea7n t\u1eed c\u1ea3m bi\u1ebfn theo d\u00f5i \u00e1p su\u1ea5t trong h\u1ec7 th\u1ed1ng v\u00e0 g\u1eedi t\u00edn hi\u1ec7u ph\u1ea3n h\u1ed3i \u0111\u1ebfn c\u01a1 ch\u1ebf \u0111i\u1ec1u khi\u1ec3n. D\u1ef1a tr\u00ean ph\u1ea3n h\u1ed3i n\u00e0y, c\u01a1 ch\u1ebf \u0111i\u1ec1u khi\u1ec3n \u0111i\u1ec1u ch\u1ec9nh v\u1ecb tr\u00ed c\u1ee7a b\u1ed9 truy\u1ec1n \u0111\u1ed9ng van \u0111\u1ec3 \u0111i\u1ec1u ch\u1ec9nh l\u01b0u l\u01b0\u1ee3ng ch\u1ea5t l\u1ecfng, do \u0111\u00f3 duy tr\u00ec \u0111i\u1ec3m \u0111\u1eb7t \u00e1p su\u1ea5t mong mu\u1ed1n.<\/p>\t\t\t\t\t\t\t\t<\/div>\n\t\t\t\t<\/div>\n\t\t\t\t<\/div>\n\t\t\t\t<div class=\"elementor-element elementor-element-8e57110 elementor-widget elementor-widget-image\" data-id=\"8e57110\" data-element_type=\"widget\" data-e-type=\"widget\" data-settings=\"{&quot;ekit_we_effect_on&quot;:&quot;none&quot;}\" data-widget_type=\"image.default\">\n\t\t\t\t<div class=\"elementor-widget-container\">\n\t\t\t\t\t\t\t\t\t\t\t\t\t\t\t<img fetchpriority=\"high\" decoding=\"async\" width=\"1024\" height=\"819\" src=\"https:\/\/www.delcofluid.com\/wp-content\/uploads\/2024\/03\/78-1024x819.jpg\" class=\"attachment-large size-large wp-image-2094\" alt=\"DELCO Self-operated Pressure Control Valve\" srcset=\"https:\/\/www.delcofluid.com\/wp-content\/uploads\/2024\/03\/78-1024x819.jpg 1024w, https:\/\/www.delcofluid.com\/wp-content\/uploads\/2024\/03\/78-600x480.jpg 600w, https:\/\/www.delcofluid.com\/wp-content\/uploads\/2024\/03\/78-300x240.jpg 300w, https:\/\/www.delcofluid.com\/wp-content\/uploads\/2024\/03\/78-768x614.jpg 768w, https:\/\/www.delcofluid.com\/wp-content\/uploads\/2024\/03\/78.jpg 1500w\" sizes=\"(max-width: 1024px) 100vw, 1024px\" \/>\t\t\t\t\t\t\t\t\t\t\t\t\t\t\t<\/div>\n\t\t\t\t<\/div>\n\t\t\t\t\t<\/div>\n\t\t\t\t<\/div>\n\t\t<div class=\"elementor-element elementor-element-a55eeda e-flex e-con-boxed e-con e-parent\" data-id=\"a55eeda\" data-element_type=\"container\" data-e-type=\"container\" data-settings=\"{&quot;background_background&quot;:&quot;classic&quot;,&quot;ekit_has_onepagescroll_dot&quot;:&quot;yes&quot;}\">\n\t\t\t\t\t<div class=\"e-con-inner\">\n\t\t\t\t<div class=\"elementor-element elementor-element-585e9d9 elementor-widget elementor-widget-heading\" data-id=\"585e9d9\" data-element_type=\"widget\" data-e-type=\"widget\" data-settings=\"{&quot;ekit_we_effect_on&quot;:&quot;none&quot;}\" data-widget_type=\"heading.default\">\n\t\t\t\t<div class=\"elementor-widget-container\">\n\t\t\t\t\t<h2 class=\"elementor-heading-title elementor-size-default\">Th\u00f4ng s\u1ed1 k\u1ef9 thu\u1eadt<\/h2>\t\t\t\t<\/div>\n\t\t\t\t<\/div>\n\t\t\t\t\t<\/div>\n\t\t\t\t<\/div>\n\t\t<div class=\"elementor-element elementor-element-3414eb9 e-flex e-con-boxed e-con e-parent\" data-id=\"3414eb9\" data-element_type=\"container\" data-e-type=\"container\" data-settings=\"{&quot;background_background&quot;:&quot;classic&quot;,&quot;ekit_has_onepagescroll_dot&quot;:&quot;yes&quot;}\">\n\t\t\t\t\t<div class=\"e-con-inner\">\n\t\t\t\t<div class=\"elementor-element elementor-element-13df62f elementor-widget__width-initial elementor-widget elementor-widget-text-editor\" data-id=\"13df62f\" data-element_type=\"widget\" data-e-type=\"widget\" data-settings=\"{&quot;ekit_we_effect_on&quot;:&quot;none&quot;}\" data-widget_type=\"text-editor.default\">\n\t\t\t\t<div class=\"elementor-widget-container\">\n\t\t\t\t\t\t\t\t\t<table width=\"288\"><tbody><tr><td width=\"72\">Ki\u1ec3u<\/td><td width=\"72\">M\u1ed9t ch\u1ed7 ng\u1ed3i, hai ch\u1ed7 ng\u1ed3i, tay \u00e1o<\/td><td width=\"72\">\u0110\u01b0\u1eddng k\u00ednh danh ngh\u0129a<\/td><td width=\"72\">DN15-DN300<\/td><\/tr><tr><td width=\"72\">\u00c1p su\u1ea5t danh ngh\u0129a<\/td><td width=\"72\">PN16, PN25, PN40, PN63, PN100<\/td><td width=\"72\">S\u1ef1 li\u00ean quan<\/td><td width=\"72\">M\u1eb7t b\u00edch, ren, m\u1ed1i h\u00e0n (Ho\u1eb7c kh\u00e1ch h\u00e0ng ch\u1ec9 \u0111\u1ecbnh kh\u00e1c)<\/td><\/tr><tr><td width=\"72\">K\u1ebft c\u1ea5u<\/td><td width=\"72\">Lo\u1ea1i ti\u00eau chu\u1ea9n (-20\u2103 ~+200\u2103)<\/td><td width=\"72\">V\u1eadt li\u1ec7u<\/td><td width=\"72\">WCB, 304, 316, 316L<\/td><\/tr><tr><td width=\"72\">Lo\u1ea1i l\u00e0m m\u00e1t<\/td><td width=\"72\">\u00a0(-40~450\u2103)<\/td><td width=\"72\">Lo\u1ea1i nhi\u1ec7t \u0111\u1ed9 th\u1ea5p<\/td><td width=\"72\">(-60\u2103 ~-196\u2103)<\/td><\/tr><tr><td width=\"72\">\u0110\u00f3ng g\u00f3i<\/td><td width=\"72\">PTFE lo\u1ea1i V, graphite m\u1ec1m d\u1ebbo<\/td><td width=\"72\">Ph\u1ea1m vi \u0111i\u1ec1u ch\u1ec9nh<\/td><td width=\"72\">50:01:00<\/td><\/tr><\/tbody><\/table><p>\u00a0<\/p>\t\t\t\t\t\t\t\t<\/div>\n\t\t\t\t<\/div>\n\t\t\t\t\t<\/div>\n\t\t\t\t<\/div>\n\t\t<div class=\"elementor-element elementor-element-74c72de e-con-full e-flex e-con e-parent\" data-id=\"74c72de\" data-element_type=\"container\" data-e-type=\"container\" data-settings=\"{&quot;ekit_has_onepagescroll_dot&quot;:&quot;yes&quot;}\">\n\t\t\t\t<\/div>\n\t\t<div class=\"elementor-element elementor-element-daef6c8 e-flex e-con-boxed e-con e-parent\" data-id=\"daef6c8\" data-element_type=\"container\" data-e-type=\"container\" data-settings=\"{&quot;ekit_has_onepagescroll_dot&quot;:&quot;yes&quot;}\">\n\t\t\t\t\t<div class=\"e-con-inner\">\n\t\t\t\t<div class=\"elementor-element elementor-element-52ddb61 elementor-widget elementor-widget-heading\" data-id=\"52ddb61\" data-element_type=\"widget\" data-e-type=\"widget\" data-settings=\"{&quot;ekit_we_effect_on&quot;:&quot;none&quot;}\" data-widget_type=\"heading.default\">\n\t\t\t\t<div class=\"elementor-widget-container\">\n\t\t\t\t\t<h2 class=\"elementor-heading-title elementor-size-default\">Van \u0111i\u1ec1u khi\u1ec3n \u00e1p su\u1ea5t t\u1ef1 v\u1eadn h\u00e0nh<\/h2>\t\t\t\t<\/div>\n\t\t\t\t<\/div>\n\t\t\t\t<div class=\"elementor-element elementor-element-e1e5066 elementor-widget__width-initial elementor-widget elementor-widget-text-editor\" data-id=\"e1e5066\" data-element_type=\"widget\" data-e-type=\"widget\" data-settings=\"{&quot;ekit_we_effect_on&quot;:&quot;none&quot;}\" data-widget_type=\"text-editor.default\">\n\t\t\t\t<div class=\"elementor-widget-container\">\n\t\t\t\t\t\t\t\t\t<ul><li><p><strong>\u00a0\u1ee8ng d\u1ee5ng van \u0111i\u1ec1u khi\u1ec3n \u00e1p su\u1ea5t t\u1ef1 v\u1eadn h\u00e0nh:<\/strong><\/p><p>T\u00ednh linh ho\u1ea1t v\u00e0 t\u00ednh t\u1ef1 ch\u1ee7 c\u1ee7a van \u0111i\u1ec1u khi\u1ec3n \u00e1p su\u1ea5t t\u1ef1 v\u1eadn h\u00e0nh khi\u1ebfn ch\u00fang tr\u1edf n\u00ean kh\u00f4ng th\u1ec3 thi\u1ebfu trong nhi\u1ec1u \u1ee9ng d\u1ee5ng kh\u00e1c nhau trong nhi\u1ec1u ng\u00e0nh c\u00f4ng nghi\u1ec7p kh\u00e1c nhau. M\u1ed9t s\u1ed1 \u1ee9ng d\u1ee5ng ph\u1ed5 bi\u1ebfn bao g\u1ed3m:<\/p><ul><li><p>H\u1ec7 th\u1ed1ng h\u01a1i n\u01b0\u1edbc: C\u00e1c van n\u00e0y \u0111\u01b0\u1ee3c s\u1eed d\u1ee5ng r\u1ed9ng r\u00e3i trong h\u1ec7 th\u1ed1ng ph\u00e2n ph\u1ed1i h\u01a1i n\u01b0\u1edbc \u0111\u1ec3 \u0111i\u1ec1u ch\u1ec9nh \u00e1p su\u1ea5t h\u01a1i n\u01b0\u1edbc v\u00e0 \u0111\u1ea3m b\u1ea3o hi\u1ec7u su\u1ea5t nh\u1ea5t qu\u00e1n trong qu\u00e1 tr\u00ecnh gia nhi\u1ec7t, kh\u1eed tr\u00f9ng v\u00e0 c\u00e1c quy tr\u00ecnh kh\u00e1c.<\/p><\/li><li><p>S\u1ea3n xu\u1ea5t d\u1ea7u kh\u00ed: Trong ng\u00e0nh d\u1ea7u kh\u00ed, van \u0111i\u1ec1u khi\u1ec3n \u00e1p su\u1ea5t t\u1ef1 v\u1eadn h\u00e0nh \u0111\u00f3ng vai tr\u00f2 quan tr\u1ecdng trong vi\u1ec7c ki\u1ec3m so\u00e1t m\u1ee9c \u00e1p su\u1ea5t trong c\u00e1c gi\u1ebfng khai th\u00e1c, \u0111\u01b0\u1eddng \u1ed1ng v\u00e0 c\u01a1 s\u1edf ch\u1ebf bi\u1ebfn, \u0111\u1ea3m b\u1ea3o ho\u1ea1t \u0111\u1ed9ng an to\u00e0n v\u00e0 hi\u1ec7u qu\u1ea3.<\/p><\/li><li><p>M\u1ea1ng l\u01b0\u1edbi ph\u00e2n ph\u1ed1i n\u01b0\u1edbc: Van \u0111i\u1ec1u khi\u1ec3n \u00e1p su\u1ea5t t\u1ef1 v\u1eadn h\u00e0nh \u0111\u01b0\u1ee3c s\u1eed d\u1ee5ng trong m\u1ea1ng l\u01b0\u1edbi ph\u00e2n ph\u1ed1i n\u01b0\u1edbc \u0111\u1ec3 duy tr\u00ec m\u1ee9c \u00e1p su\u1ea5t t\u1ed1i \u01b0u trong h\u1ec7 th\u1ed1ng c\u1ea5p n\u01b0\u1edbc th\u00e0nh ph\u1ed1, ng\u0103n ng\u1eeba hi\u1ec7n t\u01b0\u1ee3ng b\u00faa n\u01b0\u1edbc v\u00e0 \u0111\u1ea3m b\u1ea3o cung c\u1ea5p n\u01b0\u1edbc \u0111\u00e1ng tin c\u1eady cho ng\u01b0\u1eddi ti\u00eau d\u00f9ng.<\/p><\/li><\/ul><\/li><\/ul>\t\t\t\t\t\t\t\t<\/div>\n\t\t\t\t<\/div>\n\t\t\t\t<div class=\"elementor-element elementor-element-a3d6cd0 elementor-widget__width-initial elementor-widget elementor-widget-text-editor\" data-id=\"a3d6cd0\" data-element_type=\"widget\" data-e-type=\"widget\" data-settings=\"{&quot;ekit_we_effect_on&quot;:&quot;none&quot;}\" data-widget_type=\"text-editor.default\">\n\t\t\t\t<div class=\"elementor-widget-container\">\n\t\t\t\t\t\t\t\t\t<ul><li><p><strong>\u00a0\u01afu \u0111i\u1ec3m c\u1ee7a van \u0111i\u1ec1u khi\u1ec3n \u00e1p su\u1ea5t t\u1ef1 v\u1eadn h\u00e0nh:<\/strong><\/p><ul><li><p>T\u00ednh t\u1ef1 ch\u1ee7: Van \u0111i\u1ec1u khi\u1ec3n \u00e1p su\u1ea5t t\u1ef1 v\u1eadn h\u00e0nh kh\u00f4ng y\u00eau c\u1ea7u ngu\u1ed3n \u0111i\u1ec7n b\u00ean ngo\u00e0i ho\u1eb7c h\u1ec7 th\u1ed1ng \u0111i\u1ec1u khi\u1ec3n ph\u1ee9c t\u1ea1p, ch\u1ec9 d\u1ef1a v\u00e0o \u00e1p su\u1ea5t c\u1ee7a ch\u00ednh ch\u1ea5t l\u1ecfng \u0111\u1ec3 \u0111i\u1ec1u ch\u1ec9nh l\u01b0u l\u01b0\u1ee3ng v\u00e0 duy tr\u00ec m\u1ee9c \u00e1p su\u1ea5t, gi\u1ea3m s\u1ef1 ph\u1ee5 thu\u1ed9c v\u00e0o c\u01a1 s\u1edf h\u1ea1 t\u1ea7ng b\u00ean ngo\u00e0i v\u00e0 t\u0103ng c\u01b0\u1eddng \u0111\u1ed9 tin c\u1eady c\u1ee7a h\u1ec7 th\u1ed1ng.<\/p><\/li><li><p>Hi\u1ec7u qu\u1ea3: B\u1eb1ng c\u00e1ch t\u1ef1 \u0111\u1ed9ng \u0111i\u1ec1u ch\u1ec9nh l\u01b0u l\u01b0\u1ee3ng \u0111\u1ec3 \u1ee9ng ph\u00f3 v\u1edbi nh\u1eefng thay \u0111\u1ed5i v\u1ec1 \u00e1p su\u1ea5t, van t\u1ef1 v\u1eadn h\u00e0nh gi\u00fap t\u1ed1i \u01b0u h\u00f3a m\u1ee9c s\u1eed d\u1ee5ng n\u0103ng l\u01b0\u1ee3ng v\u00e0 gi\u1ea3m chi ph\u00ed v\u1eadn h\u00e0nh trong c\u00e1c h\u1ec7 th\u1ed1ng s\u1eed d\u1ee5ng ch\u1ea5t l\u1ecfng.<\/p><\/li><li><p>\u0110\u1ed9 tin c\u1eady: V\u1edbi thi\u1ebft k\u1ebf ch\u1eafc ch\u1eafn v\u00e0 c\u01a1 ch\u1ebf t\u1ef1 \u0111i\u1ec1u ch\u1ec9nh, van \u0111i\u1ec1u khi\u1ec3n \u00e1p su\u1ea5t t\u1ef1 v\u1eadn h\u00e0nh mang l\u1ea1i hi\u1ec7u su\u1ea5t \u0111\u00e1ng tin c\u1eady trong nhi\u1ec1u \u0111i\u1ec1u ki\u1ec7n v\u1eadn h\u00e0nh kh\u00e1c nhau, \u0111\u1ea3m b\u1ea3o ki\u1ec3m so\u00e1t \u00e1p su\u1ea5t \u1ed5n \u0111\u1ecbnh v\u00e0 an to\u00e0n h\u1ec7 th\u1ed1ng.<\/p><\/li><li><p>T\u00ednh linh ho\u1ea1t: Van \u0111i\u1ec1u khi\u1ec3n \u00e1p su\u1ea5t t\u1ef1 v\u1eadn h\u00e0nh c\u00f3 kh\u1ea3 n\u0103ng th\u00edch \u1ee9ng cao v\u00e0 c\u00f3 th\u1ec3 t\u00f9y ch\u1ec9nh \u0111\u1ec3 \u0111\u00e1p \u1ee9ng c\u00e1c y\u00eau c\u1ea7u c\u1ee5 th\u1ec3 c\u1ee7a c\u00e1c \u1ee9ng d\u1ee5ng kh\u00e1c nhau, ph\u00f9 h\u1ee3p v\u1edbi nhi\u1ec1u nhi\u1ec7m v\u1ee5 ki\u1ec3m so\u00e1t ch\u1ea5t l\u1ecfng.<\/p><\/li><\/ul><\/li><\/ul>\t\t\t\t\t\t\t\t<\/div>\n\t\t\t\t<\/div>\n\t\t\t\t\t<\/div>\n\t\t\t\t<\/div>\n\t\t\t\t<\/div>","protected":false},"excerpt":{"rendered":"<p>Van \u0111i\u1ec1u khi\u1ec3n \u00e1p su\u1ea5t t\u1ef1 v\u1eadn h\u00e0nh l\u00e0 m\u1ed9t thi\u1ebft b\u1ecb tinh vi \u0111\u01b0\u1ee3c thi\u1ebft k\u1ebf \u0111\u1ec3 t\u1ef1 \u0111\u1ed9ng \u0111i\u1ec1u ch\u1ec9nh l\u01b0u l\u01b0\u1ee3ng ch\u1ea5t l\u1ecfng nh\u1eb1m duy tr\u00ec m\u1ee9c \u00e1p su\u1ea5t kh\u00f4ng \u0111\u1ed5i trong h\u1ec7 th\u1ed1ng. Kh\u00f4ng gi\u1ed1ng nh\u01b0 c\u00e1c van \u0111i\u1ec1u khi\u1ec3n \u00e1p su\u1ea5t truy\u1ec1n th\u1ed1ng \u0111\u00f2i h\u1ecfi ngu\u1ed3n \u0111i\u1ec7n b\u00ean ngo\u00e0i ho\u1eb7c h\u1ec7 th\u1ed1ng \u0111i\u1ec1u khi\u1ec3n ph\u1ee9c t\u1ea1p, van t\u1ef1 v\u1eadn h\u00e0nh s\u1eed d\u1ee5ng \u00e1p su\u1ea5t c\u1ee7a ch\u00ednh ch\u1ea5t l\u1ecfng \u0111\u1ec3 \u0111i\u1ec1u ch\u1ec9nh l\u01b0u l\u01b0\u1ee3ng v\u00e0 \u0111i\u1ec1u ch\u1ec9nh \u00e1p su\u1ea5t, khi\u1ebfn ch\u00fang c\u00f3 hi\u1ec7u qu\u1ea3 cao v\u00e0 \u0111\u00e1ng tin c\u1eady trong nhi\u1ec1u \u1ee9ng d\u1ee5ng.<\/p>\n<p>Model: Van \u0111i\u1ec1u khi\u1ec3n \u00e1p su\u1ea5t t\u1ef1 v\u1eadn h\u00e0nh-ZZYP<br \/>\nPh\u1ea1m vi k\u00edch th\u01b0\u1edbc: 1\/2\u201d \u0111\u1ebfn 12\u201d<br \/>\nPh\u1ea1m vi \u00e1p su\u1ea5t: 1,6 \u0111\u1ebfn 6,4MPa<br \/>\nCh\u1ea5t li\u1ec7u: WCB ho\u1eb7c th\u00e9p kh\u00f4ng g\u1ec9 304\/316<\/p>","protected":false},"featured_media":6985,"template":"","meta":{"site-sidebar-layout":"default","site-content-layout":"","ast-site-content-layout":"default","site-content-style":"default","site-sidebar-style":"default","ast-global-header-display":"","ast-banner-title-visibility":"","ast-main-header-display":"","ast-hfb-above-header-display":"","ast-hfb-below-header-display":"","ast-hfb-mobile-header-display":"","site-post-title":"","ast-breadcrumbs-content":"","ast-featured-img":"","footer-sml-layout":"","ast-disable-related-posts":"","theme-transparent-header-meta":"default","adv-header-id-meta":"","stick-header-meta":"","header-above-stick-meta":"","header-main-stick-meta":"","header-below-stick-meta":"","astra-migrate-meta-layouts":"set","ast-page-background-enabled":"default","ast-page-background-meta":{"desktop":{"background-color":"var(--ast-global-color-4)","background-image":"","background-repeat":"repeat","background-position":"center center","background-size":"auto","background-attachment":"scroll","background-type":"","background-media":"","overlay-type":"","overlay-color":"","overlay-opacity":"","overlay-gradient":""},"tablet":{"background-color":"","background-image":"","background-repeat":"repeat","background-position":"center center","background-size":"auto","background-attachment":"scroll","background-type":"","background-media":"","overlay-type":"","overlay-color":"","overlay-opacity":"","overlay-gradient":""},"mobile":{"background-color":"","background-image":"","background-repeat":"repeat","background-position":"center center","background-size":"auto","background-attachment":"scroll","background-type":"","background-media":"","overlay-type":"","overlay-color":"","overlay-opacity":"","overlay-gradient":""}},"ast-content-background-meta":{"desktop":{"background-color":"var(--ast-global-color-5)","background-image":"","background-repeat":"repeat","background-position":"center center","background-size":"auto","background-attachment":"scroll","background-type":"","background-media":"","overlay-type":"","overlay-color":"","overlay-opacity":"","overlay-gradient":""},"tablet":{"background-color":"var(--ast-global-color-5)","background-image":"","background-repeat":"repeat","background-position":"center center","background-size":"auto","background-attachment":"scroll","background-type":"","background-media":"","overlay-type":"","overlay-color":"","overlay-opacity":"","overlay-gradient":""},"mobile":{"background-color":"var(--ast-global-color-5)","background-image":"","background-repeat":"repeat","background-position":"center center","background-size":"auto","background-attachment":"scroll","background-type":"","background-media":"","overlay-type":"","overlay-color":"","overlay-opacity":"","overlay-gradient":""}}},"product_brand":[],"product_cat":[36,33,934],"product_tag":[55,59,71,90,72,73,56],"class_list":{"0":"post-2088","1":"product","2":"type-product","3":"status-publish","4":"has-post-thumbnail","6":"product_cat-control-valves","7":"product_cat-products","8":"product_cat-self-opereted-control-valve","9":"product_tag-control-valve","10":"product_tag-control-valves","11":"product_tag-self-operated-pressure-control-valve","12":"product_tag-self-operated-pressure-control-valves","13":"product_tag-self-operated-pressure-regulating-valve","14":"product_tag-valve","15":"product_tag-valves","16":"desktop-align-center","17":"tablet-align-left","18":"mobile-align-left","20":"first","21":"instock","22":"shipping-taxable","23":"product-type-simple"},"_links":{"self":[{"href":"https:\/\/www.delcofluid.com\/vi\/wp-json\/wp\/v2\/product\/2088","targetHints":{"allow":["GET"]}}],"collection":[{"href":"https:\/\/www.delcofluid.com\/vi\/wp-json\/wp\/v2\/product"}],"about":[{"href":"https:\/\/www.delcofluid.com\/vi\/wp-json\/wp\/v2\/types\/product"}],"version-history":[{"count":0,"href":"https:\/\/www.delcofluid.com\/vi\/wp-json\/wp\/v2\/product\/2088\/revisions"}],"wp:featuredmedia":[{"embeddable":true,"href":"https:\/\/www.delcofluid.com\/vi\/wp-json\/wp\/v2\/media\/6985"}],"wp:attachment":[{"href":"https:\/\/www.delcofluid.com\/vi\/wp-json\/wp\/v2\/media?parent=2088"}],"wp:term":[{"taxonomy":"product_brand","embeddable":true,"href":"https:\/\/www.delcofluid.com\/vi\/wp-json\/wp\/v2\/product_brand?post=2088"},{"taxonomy":"product_cat","embeddable":true,"href":"https:\/\/www.delcofluid.com\/vi\/wp-json\/wp\/v2\/product_cat?post=2088"},{"taxonomy":"product_tag","embeddable":true,"href":"https:\/\/www.delcofluid.com\/vi\/wp-json\/wp\/v2\/product_tag?post=2088"}],"curies":[{"name":"wp","href":"https:\/\/api.w.org\/{rel}","templated":true}]}}