{"id":2150,"date":"2024-03-20T05:44:12","date_gmt":"2024-03-20T05:44:12","guid":{"rendered":"https:\/\/www.delcofluid.com\/?post_type=product&#038;p=2150"},"modified":"2024-08-05T08:35:15","modified_gmt":"2024-08-05T07:35:15","slug":"pneumatic-actuator-knife-gate-valve","status":"publish","type":"product","link":"https:\/\/www.delcofluid.com\/vi\/san-pham\/pneumatic-actuator-knife-gate-valve\/","title":{"rendered":"Van c\u1ed5ng dao truy\u1ec1n \u0111\u1ed9ng kh\u00ed n\u00e9n DELCO"},"content":{"rendered":"<div data-elementor-type=\"product-post\" data-elementor-id=\"2150\" class=\"elementor elementor-2150\" data-elementor-post-type=\"product\">\n\t\t\t\t<div class=\"elementor-element elementor-element-6fb59a60 e-flex e-con-boxed e-con e-parent\" data-id=\"6fb59a60\" data-element_type=\"container\" data-e-type=\"container\" data-settings=\"{&quot;ekit_has_onepagescroll_dot&quot;:&quot;yes&quot;}\">\n\t\t\t\t\t<div class=\"e-con-inner\">\n\t\t<div class=\"elementor-element elementor-element-b2e102c e-con-full e-flex e-con e-child\" data-id=\"b2e102c\" data-element_type=\"container\" data-e-type=\"container\" data-settings=\"{&quot;ekit_has_onepagescroll_dot&quot;:&quot;yes&quot;}\">\n\t\t\t\t<div class=\"elementor-element elementor-element-4c3cf80 elementor-widget elementor-widget-heading\" data-id=\"4c3cf80\" data-element_type=\"widget\" data-e-type=\"widget\" data-settings=\"{&quot;ekit_we_effect_on&quot;:&quot;none&quot;}\" data-widget_type=\"heading.default\">\n\t\t\t\t<div class=\"elementor-widget-container\">\n\t\t\t\t\t<h2 class=\"elementor-heading-title elementor-size-default\">S\u1ef1 mi\u00eau t\u1ea3<\/h2>\t\t\t\t<\/div>\n\t\t\t\t<\/div>\n\t\t\t\t<div class=\"elementor-element elementor-element-1af4cc68 elementor-widget__width-initial elementor-widget elementor-widget-text-editor\" data-id=\"1af4cc68\" data-element_type=\"widget\" data-e-type=\"widget\" data-settings=\"{&quot;ekit_we_effect_on&quot;:&quot;none&quot;}\" data-widget_type=\"text-editor.default\">\n\t\t\t\t<div class=\"elementor-widget-container\">\n\t\t\t\t\t\t\t\t\t<p>Van c\u1ed5ng dao kh\u00ed n\u00e9n bao g\u1ed3m m\u1ed9t c\u1ed5ng m\u1ecfng c\u1eaft qua m\u00f4i tr\u01b0\u1eddng, \u0111\u01b0\u1ee3c v\u1eadn h\u00e0nh b\u1eb1ng b\u1ed9 truy\u1ec1n \u0111\u1ed9ng kh\u00ed n\u00e9n. Thi\u1ebft k\u1ebf \u0111\u01a1n gi\u1ea3n nh\u01b0ng hi\u1ec7u qu\u1ea3, c\u00f3 m\u1ed9t c\u1ed5ng s\u1eafc c\u1ea1nh c\u00f3 th\u1ec3 c\u1eaft qua b\u00f9n \u0111\u1eb7c, ch\u1ea5t gi\u1ed1ng nh\u01b0 b\u1ed9t nh\u00e3o v\u00e0 th\u1eadm ch\u00ed c\u1ea3 v\u1eadt li\u1ec7u r\u1eafn l\u00e0 m\u1ed9t ph\u1ea7n c\u1ee7a m\u00f4i tr\u01b0\u1eddng ch\u1ea3y. Kh\u1ea3 n\u0103ng x\u1eed l\u00fd v\u1eadt li\u1ec7u d\u00f2ng ch\u1ea3y kh\u00f3 kh\u0103n m\u00e0 kh\u00f4ng b\u1ecb t\u1eafc ngh\u1ebdn ho\u1eb7c k\u1eb9t khi\u1ebfn n\u00f3 kh\u00e1c bi\u1ec7t so v\u1edbi c\u00e1c lo\u1ea1i van kh\u00e1c.<\/p>\t\t\t\t\t\t\t\t<\/div>\n\t\t\t\t<\/div>\n\t\t\t\t<div class=\"elementor-element elementor-element-0c679dd elementor-widget__width-initial elementor-widget elementor-widget-text-editor\" data-id=\"0c679dd\" data-element_type=\"widget\" data-e-type=\"widget\" data-settings=\"{&quot;ekit_we_effect_on&quot;:&quot;none&quot;}\" data-widget_type=\"text-editor.default\">\n\t\t\t\t<div class=\"elementor-widget-container\">\n\t\t\t\t\t\t\t\t\t<p>B\u1ed9 truy\u1ec1n \u0111\u1ed9ng kh\u00ed n\u00e9n, c\u00f3 th\u1ec3 t\u00e1c \u0111\u1ed9ng k\u00e9p (kh\u00ed \u0111\u1ec3 m\u1edf, kh\u00ed \u0111\u1ec3 \u0111\u00f3ng) ho\u1eb7c t\u00e1c \u0111\u1ed9ng \u0111\u01a1n v\u1edbi l\u00f2 xo h\u1ed3i v\u1ec1, cung c\u1ea5p l\u1ef1c \u0111\u1ea9y. Vi\u1ec7c s\u1eed d\u1ee5ng kh\u00ed n\u00e9n l\u00e0m m\u00f4i tr\u01b0\u1eddng truy\u1ec1n \u0111\u1ed9ng mang l\u1ea1i t\u00e1c \u0111\u1ed9ng nhanh v\u00e0 m\u1ee9c \u0111\u1ed9 ki\u1ec3m so\u00e1t cao \u0111\u1ed1i v\u1edbi vi\u1ec7c \u0111\u00f3ng m\u1edf van, n\u00e2ng cao hi\u1ec7u qu\u1ea3 v\u00e0 \u0111\u1ed9 an to\u00e0n c\u1ee7a quy tr\u00ecnh. Th\u00e2n van c\u00f3 th\u1ec3 \u0111\u01b0\u1ee3c l\u00e0m t\u1eeb nhi\u1ec1u v\u1eadt li\u1ec7u kh\u00e1c nhau, bao g\u1ed3m th\u00e9p kh\u00f4ng g\u1ec9, gang ho\u1eb7c h\u1ee3p kim chuy\u00ean d\u1ee5ng, \u0111\u1ec3 ph\u00f9 h\u1ee3p v\u1edbi c\u00e1c m\u00f4i tr\u01b0\u1eddng \u1ee9ng d\u1ee5ng v\u00e0 ph\u01b0\u01a1ng ti\u1ec7n kh\u00e1c nhau.<\/p>\t\t\t\t\t\t\t\t<\/div>\n\t\t\t\t<\/div>\n\t\t\t\t<div class=\"elementor-element elementor-element-b3aab3c elementor-widget__width-initial elementor-widget elementor-widget-text-editor\" data-id=\"b3aab3c\" data-element_type=\"widget\" data-e-type=\"widget\" data-settings=\"{&quot;ekit_we_effect_on&quot;:&quot;none&quot;}\" data-widget_type=\"text-editor.default\">\n\t\t\t\t<div class=\"elementor-widget-container\">\n\t\t\t\t\t\t\t\t\t<p>Ho\u1ea1t \u0111\u1ed9ng c\u1ee7a van c\u1ed5ng dao kh\u00ed n\u00e9n \u0111\u01b0\u1ee3c \u0111i\u1ec1u khi\u1ec3n b\u1eb1ng c\u00e1ch cung c\u1ea5p kh\u00ed n\u00e9n cho b\u1ed9 truy\u1ec1n \u0111\u1ed9ng kh\u00ed n\u00e9n. Khi kh\u00ed \u0111\u01b0\u1ee3c \u0111\u01b0a v\u00e0o b\u1ed9 truy\u1ec1n \u0111\u1ed9ng, n\u00f3 t\u1ea1o ra m\u1ed9t l\u1ef1c di chuy\u1ec3n piston, sau \u0111\u00f3 tr\u01b0\u1ee3t c\u1ed5ng l\u00ean ho\u1eb7c xu\u1ed1ng. Chuy\u1ec3n \u0111\u1ed9ng n\u00e0y cho ph\u00e9p ki\u1ec3m so\u00e1t ch\u00ednh x\u00e1c l\u01b0u l\u01b0\u1ee3ng, t\u1eeb v\u1ecb tr\u00ed m\u1edf ho\u00e0n to\u00e0n \u0111\u1ebfn v\u1ecb tr\u00ed \u0111\u00f3ng ho\u00e0n to\u00e0n v\u00e0 b\u1ea5t k\u1ef3 m\u1ee9c trung gian n\u00e0o theo y\u00eau c\u1ea7u c\u1ee7a quy tr\u00ecnh. Vi\u1ec7c truy\u1ec1n \u0111\u1ed9ng nhanh \u0111\u1eb7c bi\u1ec7t c\u00f3 l\u1ee3i cho c\u00e1c \u1ee9ng d\u1ee5ng c\u1ea7n c\u00f4 l\u1eadp ho\u1eb7c kh\u00f4i ph\u1ee5c l\u01b0u l\u01b0\u1ee3ng nhanh ch\u00f3ng.<\/p>\t\t\t\t\t\t\t\t<\/div>\n\t\t\t\t<\/div>\n\t\t\t\t<\/div>\n\t\t\t\t<div class=\"elementor-element elementor-element-8e57110 elementor-widget elementor-widget-image\" data-id=\"8e57110\" data-element_type=\"widget\" data-e-type=\"widget\" data-settings=\"{&quot;ekit_we_effect_on&quot;:&quot;none&quot;}\" data-widget_type=\"image.default\">\n\t\t\t\t<div class=\"elementor-widget-container\">\n\t\t\t\t\t\t\t\t\t\t\t\t\t\t\t<img fetchpriority=\"high\" decoding=\"async\" width=\"1024\" height=\"1024\" src=\"https:\/\/www.delcofluid.com\/wp-content\/uploads\/2024\/03\/5-4-1024x1024.jpg\" class=\"attachment-large size-large wp-image-2155\" alt=\"Pneumatic Knife Gate Valve Introduction\" srcset=\"https:\/\/www.delcofluid.com\/wp-content\/uploads\/2024\/03\/5-4-1024x1024.jpg 1024w, https:\/\/www.delcofluid.com\/wp-content\/uploads\/2024\/03\/5-4-300x300.jpg 300w, https:\/\/www.delcofluid.com\/wp-content\/uploads\/2024\/03\/5-4-100x100.jpg 100w, https:\/\/www.delcofluid.com\/wp-content\/uploads\/2024\/03\/5-4-600x600.jpg 600w, https:\/\/www.delcofluid.com\/wp-content\/uploads\/2024\/03\/5-4-150x150.jpg 150w, https:\/\/www.delcofluid.com\/wp-content\/uploads\/2024\/03\/5-4-768x768.jpg 768w, https:\/\/www.delcofluid.com\/wp-content\/uploads\/2024\/03\/5-4.jpg 1500w\" sizes=\"(max-width: 1024px) 100vw, 1024px\" \/>\t\t\t\t\t\t\t\t\t\t\t\t\t\t\t<\/div>\n\t\t\t\t<\/div>\n\t\t\t\t\t<\/div>\n\t\t\t\t<\/div>\n\t\t<div class=\"elementor-element elementor-element-a55eeda e-flex e-con-boxed e-con e-parent\" data-id=\"a55eeda\" data-element_type=\"container\" data-e-type=\"container\" data-settings=\"{&quot;background_background&quot;:&quot;classic&quot;,&quot;ekit_has_onepagescroll_dot&quot;:&quot;yes&quot;}\">\n\t\t\t\t\t<div class=\"e-con-inner\">\n\t\t\t\t<div class=\"elementor-element elementor-element-585e9d9 elementor-widget elementor-widget-heading\" data-id=\"585e9d9\" data-element_type=\"widget\" data-e-type=\"widget\" data-settings=\"{&quot;ekit_we_effect_on&quot;:&quot;none&quot;}\" data-widget_type=\"heading.default\">\n\t\t\t\t<div class=\"elementor-widget-container\">\n\t\t\t\t\t<h2 class=\"elementor-heading-title elementor-size-default\">Th\u00f4ng s\u1ed1 k\u1ef9 thu\u1eadt<\/h2>\t\t\t\t<\/div>\n\t\t\t\t<\/div>\n\t\t\t\t\t<\/div>\n\t\t\t\t<\/div>\n\t\t<div class=\"elementor-element elementor-element-daef6c8 e-con-full e-flex e-con e-parent\" data-id=\"daef6c8\" data-element_type=\"container\" data-e-type=\"container\" data-settings=\"{&quot;ekit_has_onepagescroll_dot&quot;:&quot;yes&quot;}\">\n\t\t\t\t<div class=\"elementor-element elementor-element-bf954c1 elementor-widget elementor-widget-text-editor\" data-id=\"bf954c1\" data-element_type=\"widget\" data-e-type=\"widget\" data-settings=\"{&quot;ekit_we_effect_on&quot;:&quot;none&quot;}\" data-widget_type=\"text-editor.default\">\n\t\t\t\t<div class=\"elementor-widget-container\">\n\t\t\t\t\t\t\t\t\t<table style=\"border-collapse: collapse;width: 910.52pt\" border=\"0\" width=\"686\" cellspacing=\"0\" cellpadding=\"0\">\n<tbody>\n<tr style=\"height: 31.50pt\">\n<td class=\"et2\" style=\"height: 31.50pt;width: 120.75pt\" width=\"161\" height=\"42\">T\u00e1c d\u1ee5ng k\u00e9p<\/td>\n<td class=\"et2\" style=\"width: 99.00pt\" width=\"132\">\u0110\u01a1n t\u00e1c \u0111\u1ed9ng N\/C<\/td>\n<td class=\"et2\" style=\"width: 141.00pt\" colspan=\"2\" width=\"188\">T\u00e1c \u0111\u1ed9ng \u0111\u01a1n N\/O<\/td>\n<td class=\"et2\" style=\"width: 153.75pt\" colspan=\"2\" width=\"205\">Ph\u1ee5 ki\u1ec7n t\u00f9y ch\u1ecdn<\/td>\n<\/tr>\n<tr style=\"height: 103.00pt\">\n<td class=\"et3\" style=\"height: 103.00pt;width: 120.75pt\" width=\"161\" height=\"137\">Kh\u00f4ng kh\u00ed m\u1edf, kh\u00f4ng kh\u00ed \u0111\u00f3ng, nh\u00e0 cung c\u1ea5p kh\u00f4ng kh\u00ed kh\u00f4ng gi\u1eef \u0111\u01b0\u1ee3c v\u1ecb tr\u00ed hi\u1ec7n t\u1ea1i<\/td>\n<td class=\"et3\" style=\"width: 99.00pt\" width=\"132\">Kh\u00f4ng kh\u00ed \u0111\u1ec3 m\u1edf, kh\u00f4ng kh\u00ed ng\u1eaft \u0111\u1ec3 \u0111\u00f3ng, kh\u00f4ng kh\u00ed kh\u00f4ng \u0111\u00f3ng<\/td>\n<td class=\"et3\" style=\"width: 141.00pt\" colspan=\"2\" width=\"188\">Kh\u00f4ng kh\u00ed \u0111\u1ec3 \u0111\u00f3ng, kh\u00f4ng kh\u00ed ng\u1eaft \u0111\u1ec3 m\u1edf, kh\u00f4ng kh\u00ed kh\u00f4ng m\u1edf<\/td>\n<td class=\"et3\" style=\"width: 153.75pt\" colspan=\"2\" width=\"205\">Van \u0111i\u1ec7n t\u1eeb \u0111\u1ea3o chi\u1ec1u, h\u1ed9p c\u00f4ng t\u1eafc gi\u1edbi h\u1ea1n, van gi\u1ea3m l\u1ecdc kh\u00ed, b\u1ed9 \u0111\u1ecbnh v\u1ecb, tay c\u1ea7m th\u1ee7 c\u00f4ng, van kh\u00f3a.<\/td>\n<\/tr>\n<tr style=\"height: 39.00pt\">\n<td class=\"et2\" style=\"height: 89.00pt;width: 120.75pt\" rowspan=\"2\" width=\"161\" height=\"118\">Th\u00e2n h\u00ecnh<\/td>\n<td class=\"et2\" style=\"width: 99.00pt\" width=\"132\">Ph\u1ea1m vi k\u00edch th\u01b0\u1edbc<\/td>\n<td class=\"et2\" style=\"width: 72.00pt\" width=\"96\">V\u1eadt li\u1ec7u th\u00e2n m\u00e1y<\/td>\n<td class=\"et2\" style=\"width: 69.00pt\" width=\"92\">K\u1ebft th\u00fac k\u1ebft n\u1ed1i<\/td>\n<td class=\"et2\" style=\"width: 65.25pt\" width=\"87\">\u00c1p su\u1ea5t ho\u1ea1t \u0111\u1ed9ng<\/td>\n<td class=\"et2\" style=\"width: 88.50pt\" width=\"118\">K\u1ebft c\u1ea5u<\/td>\n<\/tr>\n<tr style=\"height: 50.00pt\">\n<td class=\"et3\" style=\"width: 99.00pt\" width=\"132\">DN50~DN600<\/td>\n<td class=\"et3\" style=\"width: 72.00pt\" width=\"96\">Gang<\/td>\n<td class=\"et3\" style=\"width: 69.00pt\" width=\"92\">&nbsp;M\u1eb7t b\u00edch<\/td>\n<td class=\"et3\" style=\"width: 65.25pt\" width=\"87\">0,0MPa<br>\u0111\u1ebfn 1MPa<\/td>\n<td class=\"et3\" style=\"width: 88.50pt\" width=\"118\">C\u1ea5u tr\u00fac \u0111\u01b0\u1eddng gi\u1eefa<\/td>\n<\/tr>\n<tr style=\"height: 45.00pt\">\n<td class=\"et2\" style=\"height: 101.00pt;width: 120.75pt\" rowspan=\"2\" width=\"161\" height=\"134\">Van<br>th\u00e0nh ph\u1ea7n<\/td>\n<td class=\"et2\" style=\"width: 99.00pt\" width=\"132\">V\u1eadt li\u1ec7u ni\u00eam phong<\/td>\n<td class=\"et2\" style=\"width: 72.00pt\" width=\"96\">V\u1eadt li\u1ec7u c\u1ed1t l\u00f5i<\/td>\n<td class=\"et2\" style=\"width: 69.00pt\" width=\"92\">V\u1eadt li\u1ec7u th\u00e2n c\u00e2y<\/td>\n<td class=\"et2\" style=\"width: 153.75pt\" colspan=\"2\" width=\"205\">Ph\u01b0\u01a1ng ti\u1ec7n \u00e1p d\u1ee5ng<\/td>\n<\/tr>\n<tr style=\"height: 56.00pt\">\n<td class=\"et3\" style=\"width: 99.00pt\" width=\"132\">PTFE, PPL<\/td>\n<td class=\"et3\" style=\"width: 72.00pt\" width=\"96\">Th\u00e9p kh\u00f4ng g\u1ec9<\/td>\n<td class=\"et3\" style=\"width: 69.00pt\" width=\"92\">Th\u00e9p kh\u00f4ng g\u1ec9<\/td>\n<td class=\"et3\" style=\"width: 153.75pt\" colspan=\"2\" width=\"205\">N\u01b0\u1edbc, d\u1ea7u, kh\u00ed, ch\u1ea5t l\u1ecfng, h\u01a1i n\u01b0\u1edbc, b\u1ed9t, \u0111\u1ebf ch\u1ed1ng \u0103n m\u00f2n<\/td>\n<\/tr>\n<\/tbody>\n<\/table>\t\t\t\t\t\t\t\t<\/div>\n\t\t\t\t<\/div>\n\t\t\t\t<div class=\"elementor-element elementor-element-52ddb61 elementor-widget elementor-widget-heading\" data-id=\"52ddb61\" data-element_type=\"widget\" data-e-type=\"widget\" data-settings=\"{&quot;ekit_we_effect_on&quot;:&quot;none&quot;}\" data-widget_type=\"heading.default\">\n\t\t\t\t<div class=\"elementor-widget-container\">\n\t\t\t\t\t<h2 class=\"elementor-heading-title elementor-size-default\">Van c\u1ed5ng dao truy\u1ec1n \u0111\u1ed9ng kh\u00ed n\u00e9n<\/h2>\t\t\t\t<\/div>\n\t\t\t\t<\/div>\n\t\t\t\t<div class=\"elementor-element elementor-element-e1e5066 elementor-widget__width-initial elementor-widget elementor-widget-text-editor\" data-id=\"e1e5066\" data-element_type=\"widget\" data-e-type=\"widget\" data-settings=\"{&quot;ekit_we_effect_on&quot;:&quot;none&quot;}\" data-widget_type=\"text-editor.default\">\n\t\t\t\t<div class=\"elementor-widget-container\">\n\t\t\t\t\t\t\t\t\t<p><span style=\"color: #000000\"><strong>\u00a0 \u00a0 \u00a0 \u00a0 \u00a0 \u00a0 \u00a0 \u00a0 \u00a0 \u00a0 \u00a0 \u00a0 \u00a0 \u00a0 \u00a0 \u00a0 \u00a0 \u00a0 \u00a0 \u00a0 \u00a0 \u00a0 \u00a0 \u00a0 \u00a0 \u00a0 \u00a0 \u00a0 \u00a0 \u00a0 \u00a0 \u00a0 \u00a0 \u00a0 \u00a0 \u00a0 \u00a0 \u00a0 \u00a0 \u00a0 \u00a0 \u00a0 \u00a0 \u00a0 \u00a0 \u00a0 \u00a0 \u00a0 \u00a0 \u00a0 \u00a0 \u00a0 \u00a0 \u00a0 \u00a0 \u00a0 \u00a0 \u00a0 \u00a0 \u00a0 \u00a0 \u00a0 \u00a0 \u00a0 \u00a0 \u00a0 \u0110\u1eb7c tr\u01b0ng<\/strong><\/span><br \/><span style=\"color: #000000\"><strong>Th\u00e2n h\u00ecnh:<\/strong><\/span><br \/>Th\u00e2n m\u00e1y li\u1ec1n kh\u1ed1i v\u1edbi c\u1ea5u tr\u00fac l\u1ed7 khoan \u0111\u1ea7y \u0111\u1ee7 \u0111\u1ea3m b\u1ea3o d\u00f2ng ch\u1ea3y tr\u01a1n tru, l\u1eafp r\u00e1p d\u1ec5 d\u00e0ng v\u00e0 kh\u1ea3 n\u0103ng r\u00f2 r\u1ec9 v\u1ecf m\u00e1y nh\u1ecf h\u01a1n.<br \/>C\u00e1c ch\u1ed1t d\u1eabn h\u01b0\u1edbng \u0111\u01b0\u1ee3c thi\u1ebft k\u1ebf \u1edf \u0111\u00e1y c\u1ed5ng \u0111\u1ec3 c\u1ed1 \u0111\u1ecbnh van thay v\u00ec r\u00e3nh, gi\u00fap lo\u1ea1i b\u1ecf m\u1ecdi nguy c\u01a1 t\u1eafc ngh\u1ebdn khi \u0111\u00f3ng van.<br \/><span style=\"color: #000000\"><strong>C\u1ed5ng:<\/strong><\/span><br \/>L\u01b0\u1ee1i dao v\u00e1t t\u1ea1o ra l\u1ef1c c\u1eaft m\u1ea1nh v\u00e0 kh\u1ea3 n\u0103ng b\u1ecbt k\u00edn ch\u1eb7t ch\u1ebd.<br \/>Thanh d\u1eabn h\u01b0\u1edbng \u0111\u00e0n h\u1ed3i PTFE ph\u00eda tr\u00ean c\u1ed5ng ng\u0103n kh\u00f4ng cho kim lo\u1ea1i ti\u1ebfp x\u00fac v\u1edbi kim lo\u1ea1i gi\u1eefa c\u1ed5ng v\u00e0 th\u00e2n c\u1ed5ng.<br \/>\u0110\u1ed9 d\u00e0y c\u1ee7a c\u1ed5ng c\u00f3 th\u1ec3 \u0111\u01b0\u1ee3c t\u0103ng l\u00ean \u0111\u1ec3 \u0111\u00e1p \u1ee9ng \u00e1p su\u1ea5t cao h\u01a1n.<br \/><span style=\"color: #000000\"><strong>Gh\u1ebf:<\/strong><\/span><br \/>Gh\u1ebf c\u00f3 th\u1ec3 thay th\u1ebf \u0111\u01b0\u1ee3c, gi\u00fap gi\u1ea3m chi ph\u00ed b\u1ea3o tr\u00ec v\u00e0 c\u00f3 th\u1ec3 \u0111i\u1ec1u ch\u1ec9nh \u0111\u1ec3 \u0111\u00e1p \u1ee9ng c\u00e1c c\u1ea5p \u0111\u1ed9 k\u00edn kh\u00e1c nhau c\u0169ng nh\u01b0 b\u00f9 \u0111\u1eafp cho t\u00ecnh tr\u1ea1ng hao m\u00f2n th\u00f4ng th\u01b0\u1eddng c\u1ee7a gh\u1ebf.<\/p>\t\t\t\t\t\t\t\t<\/div>\n\t\t\t\t<\/div>\n\t\t\t\t<div class=\"elementor-element elementor-element-667f6fe elementor-widget__width-initial elementor-widget elementor-widget-text-editor\" data-id=\"667f6fe\" data-element_type=\"widget\" data-e-type=\"widget\" data-settings=\"{&quot;ekit_we_effect_on&quot;:&quot;none&quot;}\" data-widget_type=\"text-editor.default\">\n\t\t\t\t<div class=\"elementor-widget-container\">\n\t\t\t\t\t\t\t\t\t<p><span style=\"color: #000000\"><strong>\u00a0 \u00a0 \u00a0 \u00a0 \u00a0 \u00a0 \u00a0 \u00a0 \u00a0 \u00a0 \u00a0 \u00a0 \u00a0 \u00a0 \u00a0 \u00a0 \u00a0 \u00a0 \u00a0 \u00a0 \u00a0 \u00a0 \u00a0 \u00a0 \u00a0 \u00a0 \u00a0 \u00a0 \u00a0 \u00a0 \u00a0 \u00a0 \u00a0 \u00a0 \u00a0 \u00a0 \u00a0 \u00a0 \u00a0 \u00a0 \u00a0 \u00a0 \u00a0 \u00a0 \u00a0 \u00a0 \u00a0 \u00a0 \u00a0 \u00a0 \u00a0 \u00a0 \u00a0 \u00a0 \u00a0 \u00a0 \u00a0 \u00a0 \u00a0 \u00a0 \u00a0 \u00a0 \u00a0 \u00a0 \u00a0 \u00a0 Thu\u1eadn l\u1ee3i<\/strong><\/span><br \/><strong><span style=\"color: #000000\">T\u00ednh linh ho\u1ea1t:<\/span> <\/strong>Van c\u1eeda dao kh\u00ed n\u00e9n c\u00f3 th\u1ec3 x\u1eed l\u00fd nhi\u1ec1u lo\u1ea1i ch\u1ea5t l\u1ecfng kh\u00e1c nhau, bao g\u1ed3m ch\u1ea5t l\u1ecfng \u0103n m\u00f2n, m\u00e0i m\u00f2n v\u00e0 nh\u1edbt, c\u0169ng nh\u01b0 v\u1eadt li\u1ec7u r\u1eddi kh\u00f4.<br \/><strong><span style=\"color: #000000\">\u0110\u1ed9 b\u1ec1n:<\/span> <\/strong>\u0110\u01b0\u1ee3c thi\u1ebft k\u1ebf \u0111\u1ec3 ch\u1ecbu \u0111\u01b0\u1ee3c \u0111i\u1ec1u ki\u1ec7n kh\u1eafc nghi\u1ec7t, c\u00e1c van n\u00e0y c\u00f3 th\u1ec3 ho\u1ea1t \u0111\u1ed9ng hi\u1ec7u qu\u1ea3 trong m\u00f4i tr\u01b0\u1eddng c\u00f3 n\u1ed3ng \u0111\u1ed9 ch\u1ea5t r\u1eafn ho\u1eb7c v\u1eadt li\u1ec7u m\u00e0i m\u00f2n cao.<br \/><strong><span style=\"color: #000000\">B\u1ea3o tr\u00ec th\u1ea5p:<\/span> <\/strong>Thi\u1ebft k\u1ebf \u0111\u01a1n gi\u1ea3n v\u00e0 k\u1ebft c\u1ea5u ch\u1eafc ch\u1eafn gi\u00fap gi\u1ea3m thi\u1ec3u y\u00eau c\u1ea7u b\u1ea3o tr\u00ec v\u00e0 k\u00e9o d\u00e0i tu\u1ed5i th\u1ecd.<br \/><strong><span style=\"color: #000000\">Ph\u1ea3n \u1ee9ng nhanh:<\/span><\/strong> H\u1ec7 th\u1ed1ng truy\u1ec1n \u0111\u1ed9ng kh\u00ed n\u00e9n \u0111\u1ea3m b\u1ea3o van ho\u1ea1t \u0111\u1ed9ng nhanh ch\u00f3ng v\u00e0 \u0111\u00e1ng tin c\u1eady, r\u1ea5t quan tr\u1ecdng trong c\u00e1c t\u00ecnh hu\u1ed1ng \u0111\u00f3ng van kh\u1ea9n c\u1ea5p v\u00e0 quy tr\u00ecnh t\u1ef1 \u0111\u1ed9ng.<br \/><strong><span style=\"color: #000000\">Hi\u1ec7u qu\u1ea3 v\u1ec1 m\u1eb7t chi ph\u00ed:<\/span><\/strong> M\u1eb7c d\u00f9 c\u00f3 ch\u1ee9c n\u0103ng ti\u00ean ti\u1ebfn, van c\u1ed5ng dao kh\u00ed n\u00e9n c\u00f3 gi\u00e1 th\u00e0nh ph\u1ea3i ch\u0103ng, mang l\u1ea1i t\u1ed5ng chi ph\u00ed s\u1edf h\u1eefu th\u1ea5p h\u01a1n so v\u1edbi c\u00e1c lo\u1ea1i van kh\u00e1c ph\u00f9 h\u1ee3p cho c\u00e1c \u1ee9ng d\u1ee5ng t\u01b0\u01a1ng t\u1ef1.<\/p>\t\t\t\t\t\t\t\t<\/div>\n\t\t\t\t<\/div>\n\t\t\t\t<\/div>\n\t\t\t\t<\/div>","protected":false},"excerpt":{"rendered":"<p>Van c\u1ed5ng dao l\u00e0 van c\u1ed5ng l\u01b0\u1ee1i dao m\u1ed9t chi\u1ec1u \u0111\u01b0\u1ee3c s\u1eed d\u1ee5ng tr\u00ean \u0111\u01b0\u1eddng \u1ed1ng c\u00f4ng nghi\u1ec7p \u0111\u1ec3 v\u1eadn h\u00e0nh \u0111\u00f3ng-m\u1edf.<br \/>\nC\u1ea5u tr\u00fac th\u00e2n v\u00e0 b\u1ec7 lo\u1ea1i b\u1ecf t\u00ecnh tr\u1ea1ng t\u1eafc ngh\u1ebdn khi d\u00f2ng ch\u1ea3y c\u00f3 c\u00e1c h\u1ea1t m\u1ecbn. Ngo\u00e0i ra, c\u1ea1nh dao v\u00e1t gi\u00fap c\u1eeda c\u1eaft qua v\u1eadt li\u1ec7u d\u00e0y d\u1ec5 d\u00e0ng.<br \/>\nVan c\u1ed5ng dao kh\u00ed n\u00e9n \u0111\u1ea1i di\u1ec7n cho m\u1ed9t s\u1ef1 ti\u1ebfn h\u00f3a quan tr\u1ecdng trong c\u00f4ng ngh\u1ec7 v\u00e0 \u1ee9ng d\u1ee5ng c\u1ee7a van c\u00f4ng nghi\u1ec7p. Ch\u00fang \u0111\u01b0\u1ee3c thi\u1ebft k\u1ebf \u0111\u1eb7c bi\u1ec7t \u0111\u1ec3 ki\u1ec3m so\u00e1t d\u00f2ng ch\u1ea3y c\u1ee7a ch\u1ea5t l\u1ecfng m\u00e0i m\u00f2n, nh\u1edbt ho\u1eb7c r\u1eafn, khi\u1ebfn ch\u00fang tr\u1edf n\u00ean kh\u00f4ng th\u1ec3 thi\u1ebfu trong c\u00e1c l\u0129nh v\u1ef1c nh\u01b0 khai th\u00e1c, x\u1eed l\u00fd n\u01b0\u1edbc th\u1ea3i, b\u1ed9t gi\u1ea5y v\u00e0 gi\u1ea5y, v\u00e0 x\u1eed l\u00fd h\u00e0ng r\u1eddi. Kh\u00e1m ph\u00e1 chi ti\u1ebft n\u00e0y \u0111i s\u00e2u v\u00e0o thi\u1ebft k\u1ebf, ho\u1ea1t \u0111\u1ed9ng, \u01b0u \u0111i\u1ec3m v\u00e0 \u1ee9ng d\u1ee5ng c\u1ee7a van c\u1ed5ng dao kh\u00ed n\u00e9n, l\u00e0m n\u1ed5i b\u1eadt t\u1ea7m quan tr\u1ecdng c\u1ee7a ch\u00fang trong c\u00e1c ho\u1ea1t \u0111\u1ed9ng c\u00f4ng nghi\u1ec7p hi\u1ec7n \u0111\u1ea1i.<\/p>\n<p>Model: Van c\u1ed5ng dao truy\u1ec1n \u0111\u1ed9ng kh\u00ed n\u00e9n<\/p>\n<p>Ph\u1ea1m vi k\u00edch th\u01b0\u1edbc: 2\u201d~24\u201d<\/p>\n<p>Ph\u1ea1m vi \u00e1p su\u1ea5t: 0,0MPa \u0111\u1ebfn 1,0MPa<\/p>\n<p>Ch\u1ea5t li\u1ec7u: Gang, Th\u00e9p kh\u00f4ng g\u1ec9 304 ho\u1eb7c 316<\/p>","protected":false},"featured_media":7038,"template":"","meta":{"site-sidebar-layout":"default","site-content-layout":"","ast-site-content-layout":"default","site-content-style":"default","site-sidebar-style":"default","ast-global-header-display":"","ast-banner-title-visibility":"","ast-main-header-display":"","ast-hfb-above-header-display":"","ast-hfb-below-header-display":"","ast-hfb-mobile-header-display":"","site-post-title":"","ast-breadcrumbs-content":"","ast-featured-img":"","footer-sml-layout":"","ast-disable-related-posts":"","theme-transparent-header-meta":"default","adv-header-id-meta":"","stick-header-meta":"","header-above-stick-meta":"","header-main-stick-meta":"","header-below-stick-meta":"","astra-migrate-meta-layouts":"set","ast-page-background-enabled":"default","ast-page-background-meta":{"desktop":{"background-color":"var(--ast-global-color-4)","background-image":"","background-repeat":"repeat","background-position":"center center","background-size":"auto","background-attachment":"scroll","background-type":"","background-media":"","overlay-type":"","overlay-color":"","overlay-opacity":"","overlay-gradient":""},"tablet":{"background-color":"","background-image":"","background-repeat":"repeat","background-position":"center center","background-size":"auto","background-attachment":"scroll","background-type":"","background-media":"","overlay-type":"","overlay-color":"","overlay-opacity":"","overlay-gradient":""},"mobile":{"background-color":"","background-image":"","background-repeat":"repeat","background-position":"center center","background-size":"auto","background-attachment":"scroll","background-type":"","background-media":"","overlay-type":"","overlay-color":"","overlay-opacity":"","overlay-gradient":""}},"ast-content-background-meta":{"desktop":{"background-color":"var(--ast-global-color-5)","background-image":"","background-repeat":"repeat","background-position":"center center","background-size":"auto","background-attachment":"scroll","background-type":"","background-media":"","overlay-type":"","overlay-color":"","overlay-opacity":"","overlay-gradient":""},"tablet":{"background-color":"var(--ast-global-color-5)","background-image":"","background-repeat":"repeat","background-position":"center center","background-size":"auto","background-attachment":"scroll","background-type":"","background-media":"","overlay-type":"","overlay-color":"","overlay-opacity":"","overlay-gradient":""},"mobile":{"background-color":"var(--ast-global-color-5)","background-image":"","background-repeat":"repeat","background-position":"center center","background-size":"auto","background-attachment":"scroll","background-type":"","background-media":"","overlay-type":"","overlay-color":"","overlay-opacity":"","overlay-gradient":""}}},"product_brand":[],"product_cat":[274,35,33],"product_tag":[81,83,82,73,56],"class_list":{"0":"post-2150","1":"product","2":"type-product","3":"status-publish","4":"has-post-thumbnail","6":"product_cat-pneumatic-knife-gate-valve","7":"product_cat-pneumatic-valves","8":"product_cat-products","9":"product_tag-pneumatic-actuator-knife-gate-valve","10":"product_tag-pneumatic-actuator-knife-gate-valve-factory","11":"product_tag-pneumatic-actuator-knife-gate-valves","12":"product_tag-valve","13":"product_tag-valves","14":"desktop-align-center","15":"tablet-align-left","16":"mobile-align-left","18":"first","19":"instock","20":"shipping-taxable","21":"product-type-simple"},"_links":{"self":[{"href":"https:\/\/www.delcofluid.com\/vi\/wp-json\/wp\/v2\/product\/2150","targetHints":{"allow":["GET"]}}],"collection":[{"href":"https:\/\/www.delcofluid.com\/vi\/wp-json\/wp\/v2\/product"}],"about":[{"href":"https:\/\/www.delcofluid.com\/vi\/wp-json\/wp\/v2\/types\/product"}],"version-history":[{"count":0,"href":"https:\/\/www.delcofluid.com\/vi\/wp-json\/wp\/v2\/product\/2150\/revisions"}],"wp:featuredmedia":[{"embeddable":true,"href":"https:\/\/www.delcofluid.com\/vi\/wp-json\/wp\/v2\/media\/7038"}],"wp:attachment":[{"href":"https:\/\/www.delcofluid.com\/vi\/wp-json\/wp\/v2\/media?parent=2150"}],"wp:term":[{"taxonomy":"product_brand","embeddable":true,"href":"https:\/\/www.delcofluid.com\/vi\/wp-json\/wp\/v2\/product_brand?post=2150"},{"taxonomy":"product_cat","embeddable":true,"href":"https:\/\/www.delcofluid.com\/vi\/wp-json\/wp\/v2\/product_cat?post=2150"},{"taxonomy":"product_tag","embeddable":true,"href":"https:\/\/www.delcofluid.com\/vi\/wp-json\/wp\/v2\/product_tag?post=2150"}],"curies":[{"name":"wp","href":"https:\/\/api.w.org\/{rel}","templated":true}]}}