{"id":2277,"date":"2024-03-20T08:38:36","date_gmt":"2024-03-20T08:38:36","guid":{"rendered":"https:\/\/www.delcofluid.com\/?post_type=product&#038;p=2277"},"modified":"2024-08-14T07:37:44","modified_gmt":"2024-08-14T06:37:44","slug":"motorized-electric-knife-gate-valves","status":"publish","type":"product","link":"https:\/\/www.delcofluid.com\/vi\/san-pham\/motorized-electric-knife-gate-valves\/","title":{"rendered":"Van \u0111\u1ed9ng c\u01a1 DELCO Van c\u1ed5ng dao m\u1eb7t b\u00edch \u0111i\u1ec7n"},"content":{"rendered":"<div data-elementor-type=\"product-post\" data-elementor-id=\"2277\" class=\"elementor elementor-2277\" data-elementor-post-type=\"product\">\n\t\t\t\t<div class=\"elementor-element elementor-element-20539a1c e-flex e-con-boxed e-con e-parent\" data-id=\"20539a1c\" data-element_type=\"container\" data-e-type=\"container\" data-settings=\"{&quot;ekit_has_onepagescroll_dot&quot;:&quot;yes&quot;}\">\n\t\t\t\t\t<div class=\"e-con-inner\">\n\t\t<div class=\"elementor-element elementor-element-3316fa6 e-con-full e-flex e-con e-child\" data-id=\"3316fa6\" data-element_type=\"container\" data-e-type=\"container\" data-settings=\"{&quot;ekit_has_onepagescroll_dot&quot;:&quot;yes&quot;}\">\n\t\t\t\t<div class=\"elementor-element elementor-element-b8b3abc elementor-widget elementor-widget-heading\" data-id=\"b8b3abc\" data-element_type=\"widget\" data-e-type=\"widget\" data-settings=\"{&quot;ekit_we_effect_on&quot;:&quot;none&quot;}\" data-widget_type=\"heading.default\">\n\t\t\t\t<div class=\"elementor-widget-container\">\n\t\t\t\t\t<h2 class=\"elementor-heading-title elementor-size-default\">S\u1ef1 mi\u00eau t\u1ea3<\/h2>\t\t\t\t<\/div>\n\t\t\t\t<\/div>\n\t\t\t\t<div class=\"elementor-element elementor-element-4b43349d elementor-widget__width-initial elementor-widget elementor-widget-text-editor\" data-id=\"4b43349d\" data-element_type=\"widget\" data-e-type=\"widget\" data-settings=\"{&quot;ekit_we_effect_on&quot;:&quot;none&quot;}\" data-widget_type=\"text-editor.default\">\n\t\t\t\t<div class=\"elementor-widget-container\">\n\t\t\t\t\t\t\t\t\t<p>Van c\u1ed5ng dao \u0111i\u1ec7n c\u00f3 thi\u1ebft k\u1ebf ch\u1eafc ch\u1eafn v\u00e0 nh\u1ecf g\u1ecdn \u0111\u01b0\u1ee3c t\u1ed1i \u01b0u h\u00f3a \u0111\u1ec3 ki\u1ec3m so\u00e1t ch\u1ea5t l\u1ecfng hi\u1ec7u qu\u1ea3. Th\u00e2n van th\u01b0\u1eddng bao g\u1ed3m c\u00e1c v\u1eadt li\u1ec7u ch\u1ed1ng \u0103n m\u00f2n nh\u01b0 th\u00e9p kh\u00f4ng g\u1ec9 ho\u1eb7c gang, \u0111\u1ea3m b\u1ea3o \u0111\u1ed9 b\u1ec1n v\u00e0 tu\u1ed5i th\u1ecd trong m\u00f4i tr\u01b0\u1eddng v\u1eadn h\u00e0nh kh\u1eafc nghi\u1ec7t. B\u00ean trong th\u00e2n van, m\u1ed9t c\u1ed5ng ho\u1eb7c l\u01b0\u1ee1i dao s\u1eafc \u0111\u01b0\u1ee3c k\u00edch ho\u1ea1t b\u1edfi m\u1ed9t \u0111\u1ed9ng c\u01a1 \u0111i\u1ec7n, cho ph\u00e9p ki\u1ec3m so\u00e1t ch\u00ednh x\u00e1c \u0111\u01b0\u1eddng d\u1eabn d\u00f2ng ch\u1ea3y.<\/p>\t\t\t\t\t\t\t\t<\/div>\n\t\t\t\t<\/div>\n\t\t\t\t<div class=\"elementor-element elementor-element-6b35d83 elementor-widget__width-initial elementor-widget elementor-widget-text-editor\" data-id=\"6b35d83\" data-element_type=\"widget\" data-e-type=\"widget\" data-settings=\"{&quot;ekit_we_effect_on&quot;:&quot;none&quot;}\" data-widget_type=\"text-editor.default\">\n\t\t\t\t<div class=\"elementor-widget-container\">\n\t\t\t\t\t\t\t\t\t<p>B\u1ed9 truy\u1ec1n \u0111\u1ed9ng \u0111i\u1ec7n l\u00e0 tr\u00e1i tim c\u1ee7a van c\u1ed5ng dao \u0111i\u1ec7n, cung c\u1ea5p l\u1ef1c \u0111\u1ea9y \u0111\u1ec3 m\u1edf v\u00e0 \u0111\u00f3ng c\u1eeda van. N\u00f3 \u0111\u01b0\u1ee3c cung c\u1ea5p n\u0103ng l\u01b0\u1ee3ng b\u1eb1ng \u0111i\u1ec7n v\u00e0 \u0111\u01b0\u1ee3c \u0111i\u1ec1u khi\u1ec3n b\u1edfi b\u1ed9 \u0111i\u1ec1u khi\u1ec3n logic l\u1eadp tr\u00ecnh (PLC), h\u1ec7 th\u1ed1ng \u0111i\u1ec1u khi\u1ec3n ph\u00e2n t\u00e1n (DCS) ho\u1eb7c c\u00e1c h\u1ec7 th\u1ed1ng t\u1ef1 \u0111\u1ed9ng h\u00f3a kh\u00e1c. B\u1ed9 truy\u1ec1n \u0111\u1ed9ng \u0111i\u1ec7n cung c\u1ea5p m\u1ed9t s\u1ed1 l\u1ee3i th\u1ebf, bao g\u1ed3m \u0111\u1ecbnh v\u1ecb ch\u00ednh x\u00e1c, kh\u1ea3 n\u0103ng \u0111i\u1ec1u khi\u1ec3n t\u1eeb xa v\u00e0 t\u00edch h\u1ee3p v\u1edbi c\u00e1c chi\u1ebfn l\u01b0\u1ee3c \u0111i\u1ec1u khi\u1ec3n ti\u00ean ti\u1ebfn.<\/p>\t\t\t\t\t\t\t\t<\/div>\n\t\t\t\t<\/div>\n\t\t\t\t<div class=\"elementor-element elementor-element-b2411cb elementor-widget__width-initial elementor-widget elementor-widget-text-editor\" data-id=\"b2411cb\" data-element_type=\"widget\" data-e-type=\"widget\" data-settings=\"{&quot;ekit_we_effect_on&quot;:&quot;none&quot;}\" data-widget_type=\"text-editor.default\">\n\t\t\t\t<div class=\"elementor-widget-container\">\n\t\t\t\t\t\t\t\t\t<p>T\u00f3m l\u1ea1i, van c\u1ed5ng dao \u0111i\u1ec7n l\u00e0 n\u1ec1n t\u1ea3ng c\u1ee7a c\u00f4ng ngh\u1ec7 ki\u1ec3m so\u00e1t ch\u1ea5t l\u1ecfng, cung c\u1ea5p \u0111\u1ed9 ch\u00ednh x\u00e1c, \u0111\u1ed9 tin c\u1eady v\u00e0 t\u00ednh linh ho\u1ea1t v\u00f4 song trong c\u00e1c \u1ee9ng d\u1ee5ng c\u00f4ng nghi\u1ec7p. Thi\u1ebft k\u1ebf s\u00e1ng t\u1ea1o, c\u01a1 c\u1ea5u truy\u1ec1n \u0111\u1ed9ng \u0111i\u1ec7n v\u00e0 nhi\u1ec1u \u01b0u \u0111i\u1ec3m khi\u1ebfn ch\u00fang tr\u1edf th\u00e0nh th\u00e0nh ph\u1ea7n kh\u00f4ng th\u1ec3 thi\u1ebfu trong c\u00e1c h\u1ec7 th\u1ed1ng x\u1eed l\u00fd ch\u1ea5t l\u1ecfng, \u0111\u1ea3m b\u1ea3o hi\u1ec7u su\u1ea5t v\u00e0 hi\u1ec7u qu\u1ea3 t\u1ed1i \u01b0u trong c\u00e1c quy tr\u00ecnh c\u00f4ng nghi\u1ec7p \u0111a d\u1ea1ng.<\/p>\t\t\t\t\t\t\t\t<\/div>\n\t\t\t\t<\/div>\n\t\t\t\t<\/div>\n\t\t<div class=\"elementor-element elementor-element-e796ac0 e-flex e-con-boxed e-con e-child\" data-id=\"e796ac0\" data-element_type=\"container\" data-e-type=\"container\" data-settings=\"{&quot;ekit_has_onepagescroll_dot&quot;:&quot;yes&quot;}\">\n\t\t\t\t\t<div class=\"e-con-inner\">\n\t\t\t\t<div class=\"elementor-element elementor-element-7ddba38 elementor-widget elementor-widget-image\" data-id=\"7ddba38\" data-element_type=\"widget\" data-e-type=\"widget\" data-settings=\"{&quot;ekit_we_effect_on&quot;:&quot;none&quot;}\" data-widget_type=\"image.default\">\n\t\t\t\t<div class=\"elementor-widget-container\">\n\t\t\t\t\t\t\t\t\t\t\t\t\t\t\t<img fetchpriority=\"high\" decoding=\"async\" width=\"1024\" height=\"934\" src=\"https:\/\/www.delcofluid.com\/wp-content\/uploads\/2024\/03\/z4-1024x934.jpg\" class=\"attachment-large size-large wp-image-2324\" alt=\"Electric Actuator\" srcset=\"https:\/\/www.delcofluid.com\/wp-content\/uploads\/2024\/03\/z4-1024x934.jpg 1024w, https:\/\/www.delcofluid.com\/wp-content\/uploads\/2024\/03\/z4-600x547.jpg 600w, https:\/\/www.delcofluid.com\/wp-content\/uploads\/2024\/03\/z4-300x274.jpg 300w, https:\/\/www.delcofluid.com\/wp-content\/uploads\/2024\/03\/z4-768x700.jpg 768w, https:\/\/www.delcofluid.com\/wp-content\/uploads\/2024\/03\/z4.jpg 1500w\" sizes=\"(max-width: 1024px) 100vw, 1024px\" \/>\t\t\t\t\t\t\t\t\t\t\t\t\t\t\t<\/div>\n\t\t\t\t<\/div>\n\t\t\t\t\t<\/div>\n\t\t\t\t<\/div>\n\t\t\t\t\t<\/div>\n\t\t\t\t<\/div>\n\t\t<div class=\"elementor-element elementor-element-23c1635 e-flex e-con-boxed e-con e-parent\" data-id=\"23c1635\" data-element_type=\"container\" data-e-type=\"container\" data-settings=\"{&quot;ekit_has_onepagescroll_dot&quot;:&quot;yes&quot;}\">\n\t\t\t\t\t<div class=\"e-con-inner\">\n\t\t<div class=\"elementor-element elementor-element-556380c e-flex e-con-boxed e-con e-child\" data-id=\"556380c\" data-element_type=\"container\" data-e-type=\"container\" data-settings=\"{&quot;ekit_has_onepagescroll_dot&quot;:&quot;yes&quot;}\">\n\t\t\t\t\t<div class=\"e-con-inner\">\n\t\t\t\t<div class=\"elementor-element elementor-element-e0391e7 elementor-widget__width-initial elementor-widget elementor-widget-text-editor\" data-id=\"e0391e7\" data-element_type=\"widget\" data-e-type=\"widget\" data-settings=\"{&quot;ekit_we_effect_on&quot;:&quot;none&quot;}\" data-widget_type=\"text-editor.default\">\n\t\t\t\t<div class=\"elementor-widget-container\">\n\t\t\t\t\t\t\t\t\t<p>Van c\u1ed5ng dao \u0111i\u1ec7n l\u00e0 van c\u1ed5ng l\u01b0\u1ee1i dao m\u1ed9t chi\u1ec1u \u0111\u01b0\u1ee3c s\u1eed d\u1ee5ng tr\u00ean \u0111\u01b0\u1eddng \u1ed1ng c\u00f4ng nghi\u1ec7p \u0111\u1ec3 v\u1eadn h\u00e0nh \u0111\u00f3ng-m\u1edf. <br \/>C\u1ea5u tr\u00fac th\u00e2n v\u00e0 \u0111\u1ebf lo\u1ea1i b\u1ecf t\u00ecnh tr\u1ea1ng t\u1eafc ngh\u1ebdn khi l\u01b0u th\u00f4ng c\u00e1c h\u1ea1t m\u1ecbn. Ngo\u00e0i ra, c\u1ea1nh dao v\u00e1t gi\u00fap c\u1eeda c\u1eaft qua v\u1eadt li\u1ec7u d\u00e0y d\u1ec5 d\u00e0ng. Theo t\u00ecnh hu\u1ed1ng l\u00e0m vi\u1ec7c kh\u00e1c nhau: van c\u1ed5ng dao th\u00e2n kh\u00f4ng n\u00e2ng, van c\u1ed5ng dao wafer, van c\u1ed5ng dao c\u00f3 g\u1edd, van c\u1ed5ng dao kh\u00ed n\u00e9n, van c\u1ed5ng dao \u0111i\u1ec7n, van c\u1ed5ng dao th\u1ee7 c\u00f4ng v\u00e0 van c\u1ed5ng dao b\u00e1nh r\u0103ng c\u00f4n \u0111\u1ec1u c\u00f3 s\u1eb5n.<\/p>\t\t\t\t\t\t\t\t<\/div>\n\t\t\t\t<\/div>\n\t\t\t\t\t<\/div>\n\t\t\t\t<\/div>\n\t\t\t\t\t<\/div>\n\t\t\t\t<\/div>\n\t\t<div class=\"elementor-element elementor-element-15c4c55 e-flex e-con-boxed e-con e-parent\" data-id=\"15c4c55\" data-element_type=\"container\" data-e-type=\"container\" data-settings=\"{&quot;background_background&quot;:&quot;classic&quot;,&quot;ekit_has_onepagescroll_dot&quot;:&quot;yes&quot;}\">\n\t\t\t\t\t<div class=\"e-con-inner\">\n\t\t\t\t<div class=\"elementor-element elementor-element-cf7446a elementor-widget elementor-widget-heading\" data-id=\"cf7446a\" data-element_type=\"widget\" data-e-type=\"widget\" data-settings=\"{&quot;ekit_we_effect_on&quot;:&quot;none&quot;}\" data-widget_type=\"heading.default\">\n\t\t\t\t<div class=\"elementor-widget-container\">\n\t\t\t\t\t<h2 class=\"elementor-heading-title elementor-size-default\">Van c\u1ed5ng dao \u0111i\u1ec7nTh\u00f4ng s\u1ed1 k\u1ef9 thu\u1eadt<\/h2>\t\t\t\t<\/div>\n\t\t\t\t<\/div>\n\t\t\t\t\t<\/div>\n\t\t\t\t<\/div>\n\t\t<div class=\"elementor-element elementor-element-e2b9db7 e-flex e-con-boxed e-con e-parent\" data-id=\"e2b9db7\" data-element_type=\"container\" data-e-type=\"container\" data-settings=\"{&quot;ekit_has_onepagescroll_dot&quot;:&quot;yes&quot;}\">\n\t\t\t\t\t<div class=\"e-con-inner\">\n\t\t\t\t<div class=\"elementor-element elementor-element-6b3925b elementor-widget__width-initial elementor-widget elementor-widget-text-editor\" data-id=\"6b3925b\" data-element_type=\"widget\" data-e-type=\"widget\" data-settings=\"{&quot;ekit_we_effect_on&quot;:&quot;none&quot;}\" data-widget_type=\"text-editor.default\">\n\t\t\t\t<div class=\"elementor-widget-container\">\n\t\t\t\t\t\t\t\t\t<table border=\"0\" width=\"288\" cellspacing=\"0\" cellpadding=\"0\"><tbody><tr><td class=\"et2\" colspan=\"2\" width=\"144\" height=\"43\">Th\u00e2n van<\/td><td class=\"et2\" colspan=\"2\" width=\"144\">Linh ki\u1ec7n van<\/td><\/tr><tr><td class=\"et3\" width=\"72\" height=\"61\">K\u00edch th\u01b0\u1edbc danh ngh\u0129a<\/td><td class=\"et4\" width=\"72\">DN50-DN500<\/td><td class=\"et3\" width=\"72\">V\u1eadt li\u1ec7u ni\u00eam phong<\/td><td class=\"et4\" width=\"72\">PTFE, NBR, EPDM, VITON<\/td><\/tr><tr><td class=\"et3\" width=\"72\" height=\"43\">V\u1eadt li\u1ec7u th\u00e2n m\u00e1y<\/td><td class=\"et4\" width=\"72\">Gang \u0111\u00fac<\/td><td class=\"et3\" width=\"72\">V\u1eadt li\u1ec7u \u0111\u0129a<\/td><td class=\"et4\" width=\"72\">SS304<\/td><\/tr><tr><td class=\"et3\" width=\"72\" height=\"64\">K\u1ebft th\u00fac k\u1ebft n\u1ed1i<\/td><td class=\"et4\" width=\"72\">M\u1eb7t b\u00edch<\/td><td class=\"et3\" width=\"72\">V\u1eadt li\u1ec7u th\u00e2n<\/td><td class=\"et4\" width=\"72\">Gang, WCB<\/td><\/tr><tr><td class=\"et3\" width=\"72\" height=\"85\">\u00c1p su\u1ea5t v\u1eadn h\u00e0nh<\/td><td class=\"et4\" width=\"72\">1,0 \/ 1,6MPa<\/td><td class=\"et3\" width=\"72\">Ph\u01b0\u01a1ng ti\u1ec7n \u00e1p d\u1ee5ng<\/td><td class=\"et4\" width=\"72\">N\u01b0\u1edbc, Kh\u00f4ng kh\u00ed, Kh\u00ed, D\u1ea7u, Ch\u1ea5t l\u1ecfng<\/td><\/tr><tr><td class=\"et3\" width=\"72\" height=\"64\">K\u1ebft c\u1ea5u<\/td><td class=\"et4\" width=\"72\">C\u1ea5u tr\u00fac \u0111\u01b0\u1eddng gi\u1eefa\/Lo\u1ea1i A<\/td><td class=\"et3\" width=\"72\">Ti\u00eau chu\u1ea9n thi\u1ebft k\u1ebf<\/td><td class=\"et4\" width=\"72\">Ti\u00eau chu\u1ea9n ANSI, JIS, DIN, BS, GB<\/td><\/tr><\/tbody><\/table>\t\t\t\t\t\t\t\t<\/div>\n\t\t\t\t<\/div>\n\t\t\t\t\t<\/div>\n\t\t\t\t<\/div>\n\t\t<div class=\"elementor-element elementor-element-0b18e32 e-flex e-con-boxed e-con e-parent\" data-id=\"0b18e32\" data-element_type=\"container\" data-e-type=\"container\" data-settings=\"{&quot;ekit_has_onepagescroll_dot&quot;:&quot;yes&quot;}\">\n\t\t\t\t\t<div class=\"e-con-inner\">\n\t\t\t\t<div class=\"elementor-element elementor-element-efcdb82 elementor-widget elementor-widget-heading\" data-id=\"efcdb82\" data-element_type=\"widget\" data-e-type=\"widget\" data-settings=\"{&quot;ekit_we_effect_on&quot;:&quot;none&quot;}\" data-widget_type=\"heading.default\">\n\t\t\t\t<div class=\"elementor-widget-container\">\n\t\t\t\t\t<h2 class=\"elementor-heading-title elementor-size-default\">\u0110\u1eb7c \u0111i\u1ec3m c\u1ee7a van c\u1ed5ng dao <\/h2>\t\t\t\t<\/div>\n\t\t\t\t<\/div>\n\t\t\t\t<div class=\"elementor-element elementor-element-fab2721 elementor-widget elementor-widget-text-editor\" data-id=\"fab2721\" data-element_type=\"widget\" data-e-type=\"widget\" data-settings=\"{&quot;ekit_we_effect_on&quot;:&quot;none&quot;}\" data-widget_type=\"text-editor.default\">\n\t\t\t\t<div class=\"elementor-widget-container\">\n\t\t\t\t\t\t\t\t\t<p><span style=\"color: #000000\"><strong>Ki\u1ec3m so\u00e1t \u0111\u1ed9 ch\u00ednh x\u00e1c:<\/strong> <\/span>Van c\u1ed5ng dao \u0111i\u1ec7n cung c\u1ea5p kh\u1ea3 n\u0103ng ki\u1ec3m so\u00e1t ch\u00ednh x\u00e1c l\u01b0u l\u01b0\u1ee3ng ch\u1ea5t l\u1ecfng, cho ph\u00e9p \u0111i\u1ec1u ch\u1ec9nh v\u00e0 \u0111i\u1ec1u ch\u1ec9nh ch\u00ednh x\u00e1c c\u00e1c th\u00f4ng s\u1ed1 quy tr\u00ecnh.<\/p><p><span style=\"color: #000000\"><strong>Ho\u1ea1t \u0111\u1ed9ng \u0111\u00e1ng tin c\u1eady:<\/strong> <\/span>V\u1edbi h\u1ec7 th\u1ed1ng truy\u1ec1n \u0111\u1ed9ng \u0111i\u1ec7n, c\u00e1c van n\u00e0y cung c\u1ea5p hi\u1ec7u su\u1ea5t nh\u1ea5t qu\u00e1n v\u00e0 c\u00f3 th\u1ec3 l\u1eb7p l\u1ea1i, gi\u1ea3m thi\u1ec3u r\u1ee7i ro do l\u1ed7i th\u1ee7 c\u00f4ng v\u00e0 \u0111\u1ea3m b\u1ea3o ho\u1ea1t \u0111\u1ed9ng \u0111\u00e1ng tin c\u1eady trong th\u1eddi gian d\u00e0i.<\/p><p><span style=\"color: #000000\"><strong>Kh\u1ea3 n\u0103ng \u0111i\u1ec1u khi\u1ec3n t\u1eeb xa:<\/strong><\/span> Van c\u1ed5ng dao \u0111i\u1ec7n c\u00f3 th\u1ec3 \u0111\u01b0\u1ee3c v\u1eadn h\u00e0nh t\u1eeb xa v\u00e0 t\u00edch h\u1ee3p v\u00e0o c\u00e1c h\u1ec7 th\u1ed1ng \u0111i\u1ec1u khi\u1ec3n t\u1ef1 \u0111\u1ed9ng, cho ph\u00e9p t\u00edch h\u1ee3p li\u1ec1n m\u1ea1ch v\u00e0o c\u00e1c quy tr\u00ecnh c\u00f4ng nghi\u1ec7p hi\u1ec7n \u0111\u1ea1i.<\/p><p><span style=\"color: #000000\"><strong>B\u1ea3o tr\u00ec th\u1ea5p:<\/strong><\/span> So v\u1edbi van th\u1ee7 c\u00f4ng ho\u1eb7c van kh\u00ed n\u00e9n, van c\u1ed5ng dao \u0111i\u1ec7n c\u1ea7n b\u1ea3o tr\u00ec t\u1ed1i thi\u1ec3u, gi\u00fap gi\u1ea3m th\u1eddi gian ch\u1ebft v\u00e0 t\u0103ng hi\u1ec7u qu\u1ea3 ho\u1ea1t \u0111\u1ed9ng.<\/p>\t\t\t\t\t\t\t\t<\/div>\n\t\t\t\t<\/div>\n\t\t\t\t\t<\/div>\n\t\t\t\t<\/div>\n\t\t<div class=\"elementor-element elementor-element-6778b4a e-flex e-con-boxed e-con e-parent\" data-id=\"6778b4a\" data-element_type=\"container\" data-e-type=\"container\" data-settings=\"{&quot;ekit_has_onepagescroll_dot&quot;:&quot;yes&quot;}\">\n\t\t\t\t\t<div class=\"e-con-inner\">\n\t\t\t\t<div class=\"elementor-element elementor-element-6c778a9 elementor-widget elementor-widget-heading\" data-id=\"6c778a9\" data-element_type=\"widget\" data-e-type=\"widget\" data-settings=\"{&quot;ekit_we_effect_on&quot;:&quot;none&quot;}\" data-widget_type=\"heading.default\">\n\t\t\t\t<div class=\"elementor-widget-container\">\n\t\t\t\t\t<h2 class=\"elementor-heading-title elementor-size-default\">C\u00e1c ng\u00e0nh c\u00f4ng nghi\u1ec7p v\u00e0 \u1ee9ng d\u1ee5ng c\u1ee7a van c\u1ed5ng dao<\/h2>\t\t\t\t<\/div>\n\t\t\t\t<\/div>\n\t\t\t\t<div class=\"elementor-element elementor-element-a2c23a1 elementor-widget elementor-widget-text-editor\" data-id=\"a2c23a1\" data-element_type=\"widget\" data-e-type=\"widget\" data-settings=\"{&quot;ekit_we_effect_on&quot;:&quot;none&quot;}\" data-widget_type=\"text-editor.default\">\n\t\t\t\t<div class=\"elementor-widget-container\">\n\t\t\t\t\t\t\t\t\t<p><span style=\"color: #000000\"><strong>Khai th\u00e1c:<\/strong> <\/span>C\u00e1c van n\u00e0y \u0111\u01b0\u1ee3c s\u1eed d\u1ee5ng trong ho\u1ea1t \u0111\u1ed9ng khai th\u00e1c \u0111\u1ec3 ki\u1ec3m so\u00e1t d\u00f2ng ch\u1ea3y c\u1ee7a b\u00f9n, ch\u1ea5t th\u1ea3i v\u00e0 n\u01b0\u1edbc x\u1eed l\u00fd, t\u1ea1o \u0111i\u1ec1u ki\u1ec7n khai th\u00e1c, ch\u1ebf bi\u1ebfn v\u00e0 v\u1eadn chuy\u1ec3n kho\u00e1ng s\u1ea3n hi\u1ec7u qu\u1ea3.<\/p><p><span style=\"color: #000000\"><strong>X\u1eed l\u00fd n\u01b0\u1edbc th\u1ea3i:<\/strong><\/span> Trong c\u00e1c nh\u00e0 m\u00e1y x\u1eed l\u00fd n\u01b0\u1edbc th\u1ea3i, van dao \u0111i\u1ec7n \u0111i\u1ec1u ch\u1ec9nh d\u00f2ng ch\u1ea3y c\u1ee7a b\u00f9n, h\u00f3a ch\u1ea5t v\u00e0 n\u01b0\u1edbc th\u1ea3i, cho ph\u00e9p th\u1ef1c hi\u1ec7n c\u00e1c qu\u00e1 tr\u00ecnh thanh l\u1ecdc v\u00e0 t\u00e1ch n\u01b0\u1edbc hi\u1ec7u qu\u1ea3.<\/p><p><span style=\"color: #000000\"><strong>B\u1ed9t gi\u1ea5y v\u00e0 gi\u1ea5y:<\/strong> <\/span>\u0110\u01b0\u1ee3c s\u1eed d\u1ee5ng trong c\u00e1c nh\u00e0 m\u00e1y b\u1ed9t gi\u1ea5y v\u00e0 gi\u1ea5y, c\u00e1c van n\u00e0y ki\u1ec3m so\u00e1t d\u00f2ng ch\u1ea3y c\u1ee7a b\u1ed9t gi\u1ea5y, h\u00f3a ch\u1ea5t v\u00e0 n\u01b0\u1edbc th\u1ea3i, g\u00f3p ph\u1ea7n v\u00e0o s\u1ea3n xu\u1ea5t gi\u1ea5y v\u00e0 qu\u1ea3n l\u00fd n\u01b0\u1edbc th\u1ea3i hi\u1ec7u qu\u1ea3.<\/p><p><span style=\"color: #000000\"><strong>X\u1eed l\u00fd h\u00f3a h\u1ecdc:<\/strong> <\/span>Van c\u1ed5ng dao \u0111i\u1ec7n \u0111\u01b0\u1ee3c s\u1eed d\u1ee5ng trong c\u00e1c nh\u00e0 m\u00e1y s\u1ea3n xu\u1ea5t h\u00f3a ch\u1ea5t \u0111\u1ec3 \u0111i\u1ec1u ch\u1ec9nh d\u00f2ng ch\u1ea3y c\u1ee7a h\u00f3a ch\u1ea5t \u0103n m\u00f2n, dung m\u00f4i v\u00e0 b\u00f9n m\u00e0i m\u00f2n, \u0111\u1ea3m b\u1ea3o quy tr\u00ecnh s\u1ea3n xu\u1ea5t an to\u00e0n v\u00e0 hi\u1ec7u qu\u1ea3.<\/p>\t\t\t\t\t\t\t\t<\/div>\n\t\t\t\t<\/div>\n\t\t\t\t\t<\/div>\n\t\t\t\t<\/div>\n\t\t\t\t<\/div>","protected":false},"excerpt":{"rendered":"<p>Th\u00e2n van c\u1ee7a van c\u1ed5ng dao \u0111i\u1ec7n \u00e1p d\u1ee5ng thi\u1ebft k\u1ebf t\u00edch h\u1ee3p, c\u00f3 l\u1ef1c c\u1ea3n ch\u1ea5t l\u1ecfng th\u1ea5p v\u00e0 ho\u1ea1t \u0111\u1ed9ng linh ho\u1ea1t v\u00e0 thu\u1eadn ti\u1ec7n. B\u1ed9 truy\u1ec1n \u0111\u1ed9ng v\u00edt c\u1ee7a van \u00e1p d\u1ee5ng thi\u1ebft k\u1ebf \u1ed5 tr\u1ee5c hai m\u1eb7t ph\u1eb3ng, l\u00e0m gi\u1ea3m \u0111\u00e1ng k\u1ec3 ma s\u00e1t truy\u1ec1n \u0111\u1ed9ng v\u00e0 t\u1ea1o \u0111i\u1ec1u ki\u1ec7n thu\u1eadn l\u1ee3i cho vi\u1ec7c \u0111\u00f3ng m\u1edf van.<br \/>\nVan c\u1ed5ng dao \u0111i\u1ec7n\/\u0111\u1ed9ng c\u01a1 l\u00e0 \u0111\u1ec9nh cao c\u1ee7a s\u1ef1 \u0111\u1ed5i m\u1edbi trong c\u00f4ng ngh\u1ec7 ki\u1ec3m so\u00e1t ch\u1ea5t l\u1ecfng, cung c\u1ea5p ho\u1ea1t \u0111\u1ed9ng ch\u00ednh x\u00e1c v\u00e0 \u0111\u00e1ng tin c\u1eady trong nhi\u1ec1u \u1ee9ng d\u1ee5ng c\u00f4ng nghi\u1ec7p. C\u00e1c van n\u00e0y \u0111\u01b0\u1ee3c thi\u1ebft k\u1ebf ri\u00eang \u0111\u1ec3 x\u1eed l\u00fd ch\u1ea5t l\u1ecfng, b\u00f9n v\u00e0 ch\u1ea5t r\u1eafn kh\u00f3, khi\u1ebfn ch\u00fang tr\u1edf n\u00ean kh\u00f4ng th\u1ec3 thi\u1ebfu trong c\u00e1c l\u0129nh v\u1ef1c nh\u01b0 khai th\u00e1c, x\u1eed l\u00fd n\u01b0\u1edbc th\u1ea3i, b\u1ed9t gi\u1ea5y v\u00e0 gi\u1ea5y, v\u00e0 ch\u1ebf bi\u1ebfn h\u00f3a ch\u1ea5t.<br \/>\nTrong c\u00e1c quy tr\u00ecnh c\u00f4ng nghi\u1ec7p hi\u1ec7n \u0111\u1ea1i, van c\u1ed5ng dao \u0111i\u1ec7n \u0111\u00f3ng vai tr\u00f2 quan tr\u1ecdng trong vi\u1ec7c t\u1ed1i \u01b0u h\u00f3a hi\u1ec7u su\u1ea5t quy tr\u00ecnh, n\u00e2ng cao n\u0103ng su\u1ea5t v\u00e0 \u0111\u1ea3m b\u1ea3o an to\u00e0n v\u1eadn h\u00e0nh. Kh\u1ea3 n\u0103ng cung c\u1ea5p kh\u1ea3 n\u0103ng ki\u1ec3m so\u00e1t ch\u00ednh x\u00e1c, v\u1eadn h\u00e0nh \u0111\u00e1ng tin c\u1eady v\u00e0 kh\u1ea3 n\u0103ng \u0111i\u1ec1u khi\u1ec3n t\u1eeb xa khi\u1ebfn ch\u00fang tr\u1edf n\u00ean kh\u00f4ng th\u1ec3 thi\u1ebfu trong c\u00e1c h\u1ec7 th\u1ed1ng x\u1eed l\u00fd ch\u1ea5t l\u1ecfng trong nhi\u1ec1u ng\u00e0nh c\u00f4ng nghi\u1ec7p kh\u00e1c nhau.<\/p>\n<p><strong>Ng\u01b0\u1eddi m\u1eabu: <\/strong>Van c\u1ed5ng dao \u0111i\u1ec7n<\/p>\n<p><strong>Ph\u1ea1m vi k\u00edch th\u01b0\u1edbc:<\/strong> 2\u201d \u0111\u1ebfn 20\u201d<\/p>\n<p><strong>Ph\u1ea1m vi \u00e1p su\u1ea5t:<\/strong> 1.0MPa \u0111\u1ebfn 1.6MPa<\/p>\n<p><strong>V\u1eadt li\u1ec7u<\/strong>: Th\u00e9p kh\u00f4ng g\u1ec9 304\/316, Gang<\/p>","protected":false},"featured_media":7041,"template":"","meta":{"site-sidebar-layout":"default","site-content-layout":"","ast-site-content-layout":"default","site-content-style":"default","site-sidebar-style":"default","ast-global-header-display":"","ast-banner-title-visibility":"","ast-main-header-display":"","ast-hfb-above-header-display":"","ast-hfb-below-header-display":"","ast-hfb-mobile-header-display":"","site-post-title":"","ast-breadcrumbs-content":"","ast-featured-img":"","footer-sml-layout":"","ast-disable-related-posts":"","theme-transparent-header-meta":"default","adv-header-id-meta":"","stick-header-meta":"","header-above-stick-meta":"","header-main-stick-meta":"","header-below-stick-meta":"","astra-migrate-meta-layouts":"set","ast-page-background-enabled":"default","ast-page-background-meta":{"desktop":{"background-color":"var(--ast-global-color-4)","background-image":"","background-repeat":"repeat","background-position":"center center","background-size":"auto","background-attachment":"scroll","background-type":"","background-media":"","overlay-type":"","overlay-color":"","overlay-opacity":"","overlay-gradient":""},"tablet":{"background-color":"","background-image":"","background-repeat":"repeat","background-position":"center center","background-size":"auto","background-attachment":"scroll","background-type":"","background-media":"","overlay-type":"","overlay-color":"","overlay-opacity":"","overlay-gradient":""},"mobile":{"background-color":"","background-image":"","background-repeat":"repeat","background-position":"center center","background-size":"auto","background-attachment":"scroll","background-type":"","background-media":"","overlay-type":"","overlay-color":"","overlay-opacity":"","overlay-gradient":""}},"ast-content-background-meta":{"desktop":{"background-color":"var(--ast-global-color-5)","background-image":"","background-repeat":"repeat","background-position":"center center","background-size":"auto","background-attachment":"scroll","background-type":"","background-media":"","overlay-type":"","overlay-color":"","overlay-opacity":"","overlay-gradient":""},"tablet":{"background-color":"var(--ast-global-color-5)","background-image":"","background-repeat":"repeat","background-position":"center center","background-size":"auto","background-attachment":"scroll","background-type":"","background-media":"","overlay-type":"","overlay-color":"","overlay-opacity":"","overlay-gradient":""},"mobile":{"background-color":"var(--ast-global-color-5)","background-image":"","background-repeat":"repeat","background-position":"center center","background-size":"auto","background-attachment":"scroll","background-type":"","background-media":"","overlay-type":"","overlay-color":"","overlay-opacity":"","overlay-gradient":""}}},"product_brand":[],"product_cat":[273,34,38,567,33],"product_tag":[103,104,105,106,78,102,107,73,56],"class_list":{"0":"post-2277","1":"product","2":"type-product","3":"status-publish","4":"has-post-thumbnail","6":"product_cat-electric-knife-gate-valve","7":"product_cat-electric-valves","8":"product_cat-knife-gate-valve","9":"product_cat-multi-turn-electric-valves","10":"product_cat-products","11":"product_tag-electric-knife-gate-valve","12":"product_tag-electric-knife-gate-valves","13":"product_tag-knife-gate-valve","14":"product_tag-knife-gate-valves","15":"product_tag-manual-knife-gate-valve","16":"product_tag-manual-valves","17":"product_tag-motorized-knife-gate-valve","18":"product_tag-valve","19":"product_tag-valves","20":"desktop-align-center","21":"tablet-align-left","22":"mobile-align-left","24":"first","25":"instock","26":"shipping-taxable","27":"product-type-simple"},"_links":{"self":[{"href":"https:\/\/www.delcofluid.com\/vi\/wp-json\/wp\/v2\/product\/2277","targetHints":{"allow":["GET"]}}],"collection":[{"href":"https:\/\/www.delcofluid.com\/vi\/wp-json\/wp\/v2\/product"}],"about":[{"href":"https:\/\/www.delcofluid.com\/vi\/wp-json\/wp\/v2\/types\/product"}],"version-history":[{"count":0,"href":"https:\/\/www.delcofluid.com\/vi\/wp-json\/wp\/v2\/product\/2277\/revisions"}],"wp:featuredmedia":[{"embeddable":true,"href":"https:\/\/www.delcofluid.com\/vi\/wp-json\/wp\/v2\/media\/7041"}],"wp:attachment":[{"href":"https:\/\/www.delcofluid.com\/vi\/wp-json\/wp\/v2\/media?parent=2277"}],"wp:term":[{"taxonomy":"product_brand","embeddable":true,"href":"https:\/\/www.delcofluid.com\/vi\/wp-json\/wp\/v2\/product_brand?post=2277"},{"taxonomy":"product_cat","embeddable":true,"href":"https:\/\/www.delcofluid.com\/vi\/wp-json\/wp\/v2\/product_cat?post=2277"},{"taxonomy":"product_tag","embeddable":true,"href":"https:\/\/www.delcofluid.com\/vi\/wp-json\/wp\/v2\/product_tag?post=2277"}],"curies":[{"name":"wp","href":"https:\/\/api.w.org\/{rel}","templated":true}]}}