{"id":2756,"date":"2024-03-27T05:46:55","date_gmt":"2024-03-27T05:46:55","guid":{"rendered":"https:\/\/www.delcofluid.com\/?post_type=product&#038;p=2756"},"modified":"2025-02-27T06:53:15","modified_gmt":"2025-02-27T06:53:15","slug":"high-temperature-high-pressure-solenoid-valve","status":"publish","type":"product","link":"https:\/\/www.delcofluid.com\/vi\/san-pham\/high-temperature-high-pressure-solenoid-valve\/","title":{"rendered":"Van \u0111i\u1ec7n t\u1eeb \u00e1p su\u1ea5t cao nhi\u1ec7t \u0111\u1ed9 cao DELCO-DK08"},"content":{"rendered":"<div data-elementor-type=\"product-post\" data-elementor-id=\"2756\" class=\"elementor elementor-2756\" data-elementor-post-type=\"product\">\n\t\t\t\t<div class=\"elementor-element elementor-element-20539a1c e-con-full e-flex e-con e-parent\" data-id=\"20539a1c\" data-element_type=\"container\" data-e-type=\"container\" data-settings=\"{&quot;ekit_has_onepagescroll_dot&quot;:&quot;yes&quot;}\">\n\t\t<div class=\"elementor-element elementor-element-3316fa6 e-con-full e-flex e-con e-child\" data-id=\"3316fa6\" data-element_type=\"container\" data-e-type=\"container\" data-settings=\"{&quot;ekit_has_onepagescroll_dot&quot;:&quot;yes&quot;}\">\n\t\t\t\t<div class=\"elementor-element elementor-element-b8b3abc elementor-widget elementor-widget-heading\" data-id=\"b8b3abc\" data-element_type=\"widget\" data-e-type=\"widget\" data-settings=\"{&quot;ekit_we_effect_on&quot;:&quot;none&quot;}\" data-widget_type=\"heading.default\">\n\t\t\t\t<div class=\"elementor-widget-container\">\n\t\t\t\t\t<h2 class=\"elementor-heading-title elementor-size-default\">S\u1ef1 mi\u00eau t\u1ea3<\/h2>\t\t\t\t<\/div>\n\t\t\t\t<\/div>\n\t\t\t\t<div class=\"elementor-element elementor-element-4b43349d elementor-widget__width-initial elementor-widget elementor-widget-text-editor\" data-id=\"4b43349d\" data-element_type=\"widget\" data-e-type=\"widget\" data-settings=\"{&quot;ekit_we_effect_on&quot;:&quot;none&quot;}\" data-widget_type=\"text-editor.default\">\n\t\t\t\t<div class=\"elementor-widget-container\">\n\t\t\t\t\t\t\t\t\t<p>V\u1edbi k\u1ebft c\u1ea5u ch\u1eafc ch\u1eafn v\u00e0 c\u00f4ng ngh\u1ec7 ti\u00ean ti\u1ebfn, van \u0111i\u1ec7n t\u1eeb c\u1ee7a ch\u00fang t\u00f4i cung c\u1ea5p ho\u1ea1t \u0111\u1ed9ng li\u1ec1n m\u1ea1ch v\u00e0 \u0111\u1ed9 b\u1ec1n v\u01b0\u1ee3t tr\u1ed9i trong nhi\u1ec1u \u1ee9ng d\u1ee5ng c\u00f4ng nghi\u1ec7p kh\u00e1c nhau. V\u1edbi c\u00e1c k\u1ebft n\u1ed1i \u1ed1ng \u0111\u1ea7u v\u00e0o v\u00e0 \u0111\u1ea7u ra, ch\u00fang cho ph\u00e9p qu\u1ea3n l\u00fd d\u00f2ng ch\u1ea5t l\u1ecfng hi\u1ec7u qu\u1ea3, \u0111\u1ea3m b\u1ea3o ho\u1ea1t \u0111\u1ed9ng tr\u01a1n tru v\u00e0 \u0111\u00e1ng tin c\u1eady trong h\u1ec7 th\u1ed1ng c\u1ee7a b\u1ea1n.<\/p>\t\t\t\t\t\t\t\t<\/div>\n\t\t\t\t<\/div>\n\t\t\t\t<div class=\"elementor-element elementor-element-f24d1e9 elementor-widget__width-initial elementor-widget elementor-widget-text-editor\" data-id=\"f24d1e9\" data-element_type=\"widget\" data-e-type=\"widget\" data-settings=\"{&quot;ekit_we_effect_on&quot;:&quot;none&quot;}\" data-widget_type=\"text-editor.default\">\n\t\t\t\t<div class=\"elementor-widget-container\">\n\t\t\t\t\t\t\t\t\t<p>L\u1ef1a ch\u1ecdn t\u1eeb nhi\u1ec1u c\u1ea5u h\u00ecnh, bao g\u1ed3m th\u01b0\u1eddng m\u1edf ho\u1eb7c th\u01b0\u1eddng \u0111\u00f3ng, \u0111\u1ec3 ph\u00f9 h\u1ee3p v\u1edbi y\u00eau c\u1ea7u c\u1ee5 th\u1ec3 c\u1ee7a b\u1ea1n. Cho d\u00f9 b\u1ea1n c\u1ea7n cho ph\u00e9p hay \u0111\u00f3ng d\u00f2ng ch\u1ea5t l\u1ecfng, Van \u0111i\u1ec7n t\u1eeb 2 chi\u1ec1u 2 v\u1ecb tr\u00ed c\u1ee7a ch\u00fang t\u00f4i \u0111\u1ec1u mang l\u1ea1i hi\u1ec7u su\u1ea5t nh\u1ea5t qu\u00e1n v\u00e0 kh\u1ea3 n\u0103ng ki\u1ec3m so\u00e1t ch\u00ednh x\u00e1c, n\u00e2ng cao hi\u1ec7u qu\u1ea3 v\u00e0 n\u0103ng su\u1ea5t ho\u1ea1t \u0111\u1ed9ng c\u1ee7a b\u1ea1n.<\/p>\t\t\t\t\t\t\t\t<\/div>\n\t\t\t\t<\/div>\n\t\t\t\t<\/div>\n\t\t<div class=\"elementor-element elementor-element-e796ac0 e-con-full e-flex e-con e-child\" data-id=\"e796ac0\" data-element_type=\"container\" data-e-type=\"container\" data-settings=\"{&quot;ekit_has_onepagescroll_dot&quot;:&quot;yes&quot;}\">\n\t\t\t\t<div class=\"elementor-element elementor-element-7ddba38 elementor-widget__width-initial elementor-widget elementor-widget-image\" data-id=\"7ddba38\" data-element_type=\"widget\" data-e-type=\"widget\" data-settings=\"{&quot;ekit_we_effect_on&quot;:&quot;none&quot;}\" data-widget_type=\"image.default\">\n\t\t\t\t<div class=\"elementor-widget-container\">\n\t\t\t\t\t\t\t\t\t\t\t\t\t\t\t<img fetchpriority=\"high\" decoding=\"async\" width=\"1024\" height=\"1024\" src=\"https:\/\/www.delcofluid.com\/wp-content\/uploads\/2024\/03\/5-10-1024x1024.jpg\" class=\"attachment-large size-large wp-image-4490\" alt=\"DELCO High Temperature High Pressure Solenoid Valve\" srcset=\"https:\/\/www.delcofluid.com\/wp-content\/uploads\/2024\/03\/5-10-1024x1024.jpg 1024w, https:\/\/www.delcofluid.com\/wp-content\/uploads\/2024\/03\/5-10-300x300.jpg 300w, https:\/\/www.delcofluid.com\/wp-content\/uploads\/2024\/03\/5-10-150x150.jpg 150w, https:\/\/www.delcofluid.com\/wp-content\/uploads\/2024\/03\/5-10-768x768.jpg 768w, https:\/\/www.delcofluid.com\/wp-content\/uploads\/2024\/03\/5-10-1536x1536.jpg 1536w, https:\/\/www.delcofluid.com\/wp-content\/uploads\/2024\/03\/5-10-2048x2048.jpg 2048w, https:\/\/www.delcofluid.com\/wp-content\/uploads\/2024\/03\/5-10-600x600.jpg 600w, https:\/\/www.delcofluid.com\/wp-content\/uploads\/2024\/03\/5-10-100x100.jpg 100w\" sizes=\"(max-width: 1024px) 100vw, 1024px\" \/>\t\t\t\t\t\t\t\t\t\t\t\t\t\t\t<\/div>\n\t\t\t\t<\/div>\n\t\t\t\t<\/div>\n\t\t\t\t<\/div>\n\t\t<div class=\"elementor-element elementor-element-15c4c55 e-con-full e-flex e-con e-parent\" data-id=\"15c4c55\" data-element_type=\"container\" data-e-type=\"container\" data-settings=\"{&quot;background_background&quot;:&quot;classic&quot;,&quot;ekit_has_onepagescroll_dot&quot;:&quot;yes&quot;}\">\n\t\t\t\t<div class=\"elementor-element elementor-element-cf7446a elementor-widget elementor-widget-heading\" data-id=\"cf7446a\" data-element_type=\"widget\" data-e-type=\"widget\" data-settings=\"{&quot;ekit_we_effect_on&quot;:&quot;none&quot;}\" data-widget_type=\"heading.default\">\n\t\t\t\t<div class=\"elementor-widget-container\">\n\t\t\t\t\t<h2 class=\"elementor-heading-title elementor-size-default\">Th\u00f4ng s\u1ed1 k\u1ef9 thu\u1eadt c\u1ee7a van \u0111i\u1ec7n t\u1eeb 2 chi\u1ec1u 2 v\u1ecb tr\u00ed<\/h2>\t\t\t\t<\/div>\n\t\t\t\t<\/div>\n\t\t\t\t<\/div>\n\t\t<div class=\"elementor-element elementor-element-e2b9db7 e-con-full e-flex e-con e-parent\" data-id=\"e2b9db7\" data-element_type=\"container\" data-e-type=\"container\" data-settings=\"{&quot;ekit_has_onepagescroll_dot&quot;:&quot;yes&quot;}\">\n\t\t\t\t<div class=\"elementor-element elementor-element-abe663e elementor-widget__width-initial elementor-widget elementor-widget-text-editor\" data-id=\"abe663e\" data-element_type=\"widget\" data-e-type=\"widget\" data-settings=\"{&quot;ekit_we_effect_on&quot;:&quot;none&quot;}\" data-widget_type=\"text-editor.default\">\n\t\t\t\t<div class=\"elementor-widget-container\">\n\t\t\t\t\t\t\t\t\t<table style=\"border-collapse: collapse; width: 930.02pt;\" border=\"0\" width=\"928\" cellspacing=\"0\" cellpadding=\"0\">\n<tbody>\n<tr style=\"height: 15.75pt;\">\n<td class=\"et2\" style=\"height: 15.75pt; width: 143.25pt;\" width=\"191\" height=\"21\">K\u00edch th\u01b0\u1edbc c\u1ed5ng<\/td>\n<td class=\"et2\" style=\"width: 158.25pt;\" width=\"211\">C\u1ed5ng Ch\u1ee7 \u0110\u1ec1<\/td>\n<td class=\"et2\" style=\"width: 137.25pt;\" width=\"183\">\u00c1p l\u1ef1c<\/td>\n<td class=\"et2\" style=\"width: 150.75pt;\" width=\"201\">Nhi\u1ec7t \u0111\u1ed9 c\u1ee7a ph\u01b0\u01a1ng ti\u1ec7n truy\u1ec1n th\u00f4ng<\/td>\n<td class=\"et2\" style=\"width: 106.50pt;\" width=\"142\">V\u1eadt li\u1ec7u<\/td>\n<\/tr>\n<tr style=\"height: 30.00pt;\">\n<td class=\"et3\" style=\"height: 30.00pt; width: 143.25pt;\" width=\"191\" height=\"40\">1\/2&quot;, 3\/4&quot;, 1&quot;, 1\u00bc&quot;, 1\u00bd&quot;, 2&quot;<\/td>\n<td class=\"et3\" style=\"width: 158.25pt;\" width=\"211\">BSPP, BSPT, NPT, M\u1eb6T B\u00cdCH<\/td>\n<td class=\"et3\" style=\"width: 137.25pt;\" width=\"183\">0,03MPa-1,0 MPa, 0,03MPa-2,5 MPa<\/td>\n<td class=\"et3\" style=\"width: 150.75pt;\" width=\"201\">-10~180\u2103 ;-10~220\u2103<\/td>\n<td class=\"et3\" style=\"width: 106.50pt;\" width=\"142\">Th\u00e9p kh\u00f4ng g\u1ec9<\/td>\n<\/tr>\n<tr style=\"height: 15.75pt;\">\n<td class=\"et2\" style=\"height: 15.75pt; width: 143.25pt;\" width=\"191\" height=\"21\">L\u1ed7 (mm)<\/td>\n<td class=\"et2\" style=\"width: 158.25pt;\" width=\"211\">Ch\u1ee9c n\u0103ng<\/td>\n<td class=\"et2\" style=\"width: 137.25pt;\" width=\"183\">\u0110i\u1ec7n \u00e1p<\/td>\n<td class=\"et2\" style=\"width: 150.75pt;\" width=\"201\">Ph\u01b0\u01a1ng ti\u1ec7n truy\u1ec1n th\u00f4ng ph\u00f9 h\u1ee3p<\/td>\n<td class=\"et2\" style=\"width: 106.50pt;\" width=\"142\">V\u1eadt li\u1ec7u ni\u00eam phong<\/td>\n<\/tr>\n<tr style=\"height: 45.00pt;\">\n<td class=\"et3\" style=\"height: 45.00pt; width: 143.25pt;\" width=\"191\" height=\"60\">10,15, 20, 25, 32, 40, 50<\/td>\n<td class=\"et3\" style=\"width: 158.25pt;\" width=\"211\">Th\u01b0\u1eddng \u0111\u00f3ng ho\u1eb7c m\u1edf<\/td>\n<td class=\"et3\" style=\"width: 137.25pt;\" width=\"183\">DC-12V, 24V; AC-24V, 120V, 240V\/60Hz; 110V, 220V\/50Hz<\/td>\n<td class=\"et3\" style=\"width: 150.75pt;\" width=\"201\">Th\u00e2n c\u00e2y, n\u01b0\u1edbc n\u00f3ng, kh\u00ed \u0111\u1ed1t d\u00e2n d\u1ee5ng, d\u1ea7u.<\/td>\n<td class=\"et3\" style=\"width: 106.50pt;\" width=\"142\">PTFE, VITON<\/td>\n<\/tr>\n<\/tbody>\n<\/table>\t\t\t\t\t\t\t\t<\/div>\n\t\t\t\t<\/div>\n\t\t\t\t<\/div>\n\t\t<div class=\"elementor-element elementor-element-0b18e32 e-flex e-con-boxed e-con e-parent\" data-id=\"0b18e32\" data-element_type=\"container\" data-e-type=\"container\" data-settings=\"{&quot;ekit_has_onepagescroll_dot&quot;:&quot;yes&quot;}\">\n\t\t\t\t\t<div class=\"e-con-inner\">\n\t\t\t\t<div class=\"elementor-element elementor-element-c6975fe elementor-widget elementor-widget-heading\" data-id=\"c6975fe\" data-element_type=\"widget\" data-e-type=\"widget\" data-settings=\"{&quot;ekit_we_effect_on&quot;:&quot;none&quot;}\" data-widget_type=\"heading.default\">\n\t\t\t\t<div class=\"elementor-widget-container\">\n\t\t\t\t\t<h2 class=\"elementor-heading-title elementor-size-default\">Van \u0111i\u1ec7n t\u1eeb 2 chi\u1ec1u 2 v\u1ecb tr\u00ed T\u00ednh n\u0103ng s\u1ea3n ph\u1ea9m:<\/h2>\t\t\t\t<\/div>\n\t\t\t\t<\/div>\n\t\t\t\t<div class=\"elementor-element elementor-element-a2c23a1 elementor-widget elementor-widget-text-editor\" data-id=\"a2c23a1\" data-element_type=\"widget\" data-e-type=\"widget\" data-settings=\"{&quot;ekit_we_effect_on&quot;:&quot;none&quot;}\" data-widget_type=\"text-editor.default\">\n\t\t\t\t<div class=\"elementor-widget-container\">\n\t\t\t\t\t\t\t\t\t<p>Van \u0111i\u1ec7n t\u1eeb 2 chi\u1ec1u 2 v\u1ecb tr\u00ed c\u1ee7a ch\u00fang t\u00f4i c\u00f3 nhi\u1ec1u \u01b0u \u0111i\u1ec3m v\u00e0 t\u00ednh n\u0103ng hi\u1ec7u su\u1ea5t cao, khi\u1ebfn ch\u00fang tr\u1edf th\u00e0nh l\u1ef1a ch\u1ecdn l\u00fd t\u01b0\u1edfng cho nhu c\u1ea7u ki\u1ec3m so\u00e1t ch\u1ea5t l\u1ecfng c\u1ee7a b\u1ea1n:<\/p>\t\t\t\t\t\t\t\t<\/div>\n\t\t\t\t<\/div>\n\t\t\t\t<div class=\"elementor-element elementor-element-fab2721 elementor-widget elementor-widget-text-editor\" data-id=\"fab2721\" data-element_type=\"widget\" data-e-type=\"widget\" data-settings=\"{&quot;ekit_we_effect_on&quot;:&quot;none&quot;}\" data-widget_type=\"text-editor.default\">\n\t\t\t\t<div class=\"elementor-widget-container\">\n\t\t\t\t\t\t\t\t\t<ol><li><p><strong>Ki\u1ec3m so\u00e1t ch\u1ea5t l\u1ecfng \u0111\u00e1ng tin c\u1eady<\/strong>:\u0110\u01b0\u1ee3c thi\u1ebft k\u1ebf ch\u00ednh x\u00e1c, van \u0111i\u1ec7n t\u1eeb c\u1ee7a ch\u00fang t\u00f4i \u0111\u1ea3m b\u1ea3o ki\u1ec3m so\u00e1t \u0111\u00e1ng tin c\u1eady d\u00f2ng ch\u1ea5t l\u1ecfng ho\u1eb7c kh\u00ed, mang l\u1ea1i hi\u1ec7u su\u1ea5t nh\u1ea5t qu\u00e1n trong nhi\u1ec1u \u1ee9ng d\u1ee5ng c\u00f4ng nghi\u1ec7p kh\u00e1c nhau.<\/p><\/li><li><p><strong>K\u1ebft c\u1ea5u b\u1ec1n v\u1eefng<\/strong>:\u0110\u01b0\u1ee3c ch\u1ebf t\u1ea1o t\u1eeb v\u1eadt li\u1ec7u ch\u1ea5t l\u01b0\u1ee3ng cao, van c\u1ee7a ch\u00fang t\u00f4i c\u00f3 c\u1ea5u tr\u00fac ch\u1eafc ch\u1eafn, \u0111\u1ea3m b\u1ea3o \u0111\u1ed9 b\u1ec1n l\u00e2u d\u00e0i v\u00e0 kh\u1ea3 n\u0103ng ch\u1ed1ng \u0103n m\u00f2n, hao m\u00f2n ngay c\u1ea3 trong m\u00f4i tr\u01b0\u1eddng kh\u1eafc nghi\u1ec7t.<\/p><\/li><li><p><strong>Ho\u1ea1t \u0111\u1ed9ng hi\u1ec7u qu\u1ea3<\/strong>:\u0110\u01b0\u1ee3c trang b\u1ecb c\u00f4ng ngh\u1ec7 ti\u00ean ti\u1ebfn, van \u0111i\u1ec7n t\u1eeb c\u1ee7a ch\u00fang t\u00f4i ho\u1ea1t \u0111\u1ed9ng hi\u1ec7u qu\u1ea3, cho ph\u00e9p ph\u1ea3n h\u1ed3i nhanh v\u00e0 \u0111i\u1ec1u ch\u1ec9nh ch\u00ednh x\u00e1c l\u01b0u l\u01b0\u1ee3ng \u0111\u1ec3 \u0111\u00e1p \u1ee9ng c\u00e1c y\u00eau c\u1ea7u quy tr\u00ecnh c\u1ee5 th\u1ec3.<\/p><\/li><li><p><strong>Kh\u1ea3 n\u0103ng t\u01b0\u01a1ng th\u00edch r\u1ed9ng<\/strong>:\u0110\u01b0\u1ee3c thi\u1ebft k\u1ebf \u0111\u1ec3 ph\u00f9 h\u1ee3p v\u1edbi nhi\u1ec1u lo\u1ea1i m\u00f4i tr\u01b0\u1eddng kh\u00e1c nhau, bao g\u1ed3m n\u01b0\u1edbc, kh\u00f4ng kh\u00ed, kh\u00ed \u0111\u1ed1t t\u1ef1 nhi\u00ean v\u00e0 d\u1ea7u, van c\u1ee7a ch\u00fang t\u00f4i r\u1ea5t linh ho\u1ea1t v\u00e0 t\u01b0\u01a1ng th\u00edch v\u1edbi nhi\u1ec1u h\u1ec7 th\u1ed1ng x\u1eed l\u00fd ch\u1ea5t l\u1ecfng kh\u00e1c nhau.<\/p><\/li><li><p><strong>C\u1ea5u h\u00ecnh linh ho\u1ea1t<\/strong>: C\u00f3 s\u1eb5n \u1edf c\u1ea3 c\u1ea5u h\u00ecnh th\u01b0\u1eddng m\u1edf v\u00e0 th\u01b0\u1eddng \u0111\u00f3ng, van \u0111i\u1ec7n t\u1eeb c\u1ee7a ch\u00fang t\u00f4i c\u00f3 t\u00ednh linh ho\u1ea1t \u0111\u1ec3 th\u00edch \u1ee9ng v\u1edbi c\u00e1c nhu c\u1ea7u \u1ee9ng d\u1ee5ng kh\u00e1c nhau, cho ph\u00e9p b\u1ea1n l\u1ef1a ch\u1ecdn thi\u1ebft l\u1eadp l\u00fd t\u01b0\u1edfng cho c\u00e1c y\u00eau c\u1ea7u c\u1ee5 th\u1ec3 c\u1ee7a m\u00ecnh.<\/p><\/li><li><p><strong>D\u1ec5 d\u00e0ng c\u00e0i \u0111\u1eb7t v\u00e0 b\u1ea3o tr\u00ec<\/strong>:V\u1edbi thi\u1ebft k\u1ebf th\u00e2n thi\u1ec7n v\u1edbi ng\u01b0\u1eddi d\u00f9ng, van c\u1ee7a ch\u00fang t\u00f4i d\u1ec5 l\u1eafp \u0111\u1eb7t v\u00e0 b\u1ea3o tr\u00ec, gi\u1ea3m thi\u1ec3u th\u1eddi gian ch\u1ebft v\u00e0 \u0111\u1ea3m b\u1ea3o ho\u1ea1t \u0111\u1ed9ng tr\u01a1n tru trong su\u1ed1t v\u00f2ng \u0111\u1eddi c\u1ee7a van.<\/p><\/li><li><p><strong>Th\u01b0\u01a1ng hi\u1ec7u h\u00e0ng \u0111\u1ea7u trong ng\u00e0nh<\/strong>:H\u1ee3p t\u00e1c v\u1edbi c\u00e1c th\u01b0\u01a1ng hi\u1ec7u h\u00e0ng \u0111\u1ea7u nh\u01b0 ASCO, ch\u00fang t\u00f4i cung c\u1ea5p van \u0111i\u1ec7n t\u1eeb n\u1ed5i ti\u1ebfng v\u1ec1 \u0111\u1ed9 tin c\u1eady, hi\u1ec7u su\u1ea5t v\u00e0 uy t\u00edn trong ng\u00e0nh.<\/p><\/li><\/ol>\t\t\t\t\t\t\t\t<\/div>\n\t\t\t\t<\/div>\n\t\t\t\t<div class=\"elementor-element elementor-element-e2e6cf1 elementor-widget elementor-widget-text-editor\" data-id=\"e2e6cf1\" data-element_type=\"widget\" data-e-type=\"widget\" data-settings=\"{&quot;ekit_we_effect_on&quot;:&quot;none&quot;}\" data-widget_type=\"text-editor.default\">\n\t\t\t\t<div class=\"elementor-widget-container\">\n\t\t\t\t\t\t\t\t\t<p>Tr\u1ea3i nghi\u1ec7m ch\u1ea5t l\u01b0\u1ee3ng, hi\u1ec7u su\u1ea5t v\u00e0 \u0111\u1ed9 tin c\u1eady v\u01b0\u1ee3t tr\u1ed9i c\u1ee7a Van \u0111i\u1ec7n t\u1eeb 2 chi\u1ec1u 2 v\u1ecb tr\u00ed c\u1ee7a ch\u00fang t\u00f4i. Li\u00ean h\u1ec7 v\u1edbi ch\u00fang t\u00f4i ngay h\u00f4m nay \u0111\u1ec3 kh\u00e1m ph\u00e1 c\u00e1ch van c\u1ee7a ch\u00fang t\u00f4i c\u00f3 th\u1ec3 t\u1ed1i \u01b0u h\u00f3a quy tr\u00ecnh ki\u1ec3m so\u00e1t ch\u1ea5t l\u1ecfng v\u00e0 n\u00e2ng cao hi\u1ec7u qu\u1ea3 ho\u1ea1t \u0111\u1ed9ng c\u1ee7a b\u1ea1n.<\/p>\t\t\t\t\t\t\t\t<\/div>\n\t\t\t\t<\/div>\n\t\t\t\t\t<\/div>\n\t\t\t\t<\/div>\n\t\t\t\t<\/div>","protected":false},"excerpt":{"rendered":"<p>V\u0103n b\u1ea3n li\u1ec7t k\u00ea nhi\u1ec1u t\u00f9y ch\u1ecdn \u0111i\u1ec7n \u00e1p c\u00f3 s\u1eb5n cho Van \u0111i\u1ec7n t\u1eeb nhi\u1ec7t \u0111\u1ed9 cao \u00e1p su\u1ea5t cao, bao g\u1ed3m c\u1ea3 c\u1ea5u h\u00ecnh DC v\u00e0 AC. C\u00e1c t\u00f9y ch\u1ecdn DC l\u00e0 12V v\u00e0 24V, trong khi c\u00e1c l\u1ef1a ch\u1ecdn AC r\u1ea5t r\u1ed9ng, bao g\u1ed3m 24V, 120V v\u00e0 240V \u1edf t\u1ea7n s\u1ed1 60Hz, c\u00f9ng v\u1edbi 110V v\u00e0 220V \u1edf t\u1ea7n s\u1ed1 50Hz.<br \/>\nV\u1ec1 kh\u1ea3 n\u0103ng t\u01b0\u01a1ng th\u00edch v\u1edbi nhi\u1ec1u lo\u1ea1i ph\u01b0\u01a1ng ti\u1ec7n kh\u00e1c nhau, van \u0111\u01b0\u1ee3c thi\u1ebft k\u1ebf \u0111\u1ec3 x\u1eed l\u00fd nhi\u1ec1u lo\u1ea1i. Bao g\u1ed3m h\u01a1i n\u01b0\u1edbc, n\u01b0\u1edbc n\u00f3ng, kh\u00ed d\u00e2n d\u1ee5ng v\u00e0 d\u1ea7u. T\u00ednh linh ho\u1ea1t n\u00e0y \u0111\u1ea3m b\u1ea3o r\u1eb1ng n\u00f3 c\u00f3 th\u1ec3 \u0111\u01b0\u1ee3c s\u1eed d\u1ee5ng trong nhi\u1ec1u c\u00e0i \u0111\u1eb7t v\u00e0 v\u1edbi nhi\u1ec1u lo\u1ea1i ch\u1ea5t l\u1ecfng v\u00e0 kh\u00ed.<\/p>\n<ul>\n<li>M\u1eabu: DK08<\/li>\n<li>Ph\u1ea1m vi k\u00edch th\u01b0\u1edbc: 1\/2\u201d~2\u201d<\/li>\n<li>Ph\u1ea1m vi \u00e1p su\u1ea5t: 0 Bar-25 Bar<\/li>\n<li>Ch\u1ea5t li\u1ec7u: Th\u00e9p kh\u00f4ng g\u1ec9 304\/316<\/li>\n<\/ul>","protected":false},"featured_media":6935,"template":"","meta":{"site-sidebar-layout":"default","site-content-layout":"","ast-site-content-layout":"default","site-content-style":"default","site-sidebar-style":"default","ast-global-header-display":"","ast-banner-title-visibility":"","ast-main-header-display":"","ast-hfb-above-header-display":"","ast-hfb-below-header-display":"","ast-hfb-mobile-header-display":"","site-post-title":"","ast-breadcrumbs-content":"","ast-featured-img":"","footer-sml-layout":"","ast-disable-related-posts":"","theme-transparent-header-meta":"default","adv-header-id-meta":"","stick-header-meta":"","header-above-stick-meta":"","header-main-stick-meta":"","header-below-stick-meta":"","astra-migrate-meta-layouts":"set","ast-page-background-enabled":"default","ast-page-background-meta":{"desktop":{"background-color":"var(--ast-global-color-4)","background-image":"","background-repeat":"repeat","background-position":"center center","background-size":"auto","background-attachment":"scroll","background-type":"","background-media":"","overlay-type":"","overlay-color":"","overlay-opacity":"","overlay-gradient":""},"tablet":{"background-color":"","background-image":"","background-repeat":"repeat","background-position":"center center","background-size":"auto","background-attachment":"scroll","background-type":"","background-media":"","overlay-type":"","overlay-color":"","overlay-opacity":"","overlay-gradient":""},"mobile":{"background-color":"","background-image":"","background-repeat":"repeat","background-position":"center center","background-size":"auto","background-attachment":"scroll","background-type":"","background-media":"","overlay-type":"","overlay-color":"","overlay-opacity":"","overlay-gradient":""}},"ast-content-background-meta":{"desktop":{"background-color":"var(--ast-global-color-5)","background-image":"","background-repeat":"repeat","background-position":"center center","background-size":"auto","background-attachment":"scroll","background-type":"","background-media":"","overlay-type":"","overlay-color":"","overlay-opacity":"","overlay-gradient":""},"tablet":{"background-color":"var(--ast-global-color-5)","background-image":"","background-repeat":"repeat","background-position":"center center","background-size":"auto","background-attachment":"scroll","background-type":"","background-media":"","overlay-type":"","overlay-color":"","overlay-opacity":"","overlay-gradient":""},"mobile":{"background-color":"var(--ast-global-color-5)","background-image":"","background-repeat":"repeat","background-position":"center center","background-size":"auto","background-attachment":"scroll","background-type":"","background-media":"","overlay-type":"","overlay-color":"","overlay-opacity":"","overlay-gradient":""}}},"product_brand":[],"product_cat":[714,33,37],"product_tag":[157,155,158,156,160,159,73,56],"class_list":{"0":"post-2756","1":"product","2":"type-product","3":"status-publish","4":"has-post-thumbnail","6":"product_cat-pilot-operated-solenoid-valve","7":"product_cat-products","8":"product_cat-solenoid-valves","9":"product_tag-2-way-2-position-solenoid-valve","10":"product_tag-2-way-2-position-solenoid-valves","11":"product_tag-solenoid-valve","12":"product_tag-solenoid-valves","13":"product_tag-two-way-solenoid-valve","14":"product_tag-two-way-solenoid-valves","15":"product_tag-valve","16":"product_tag-valves","17":"desktop-align-center","18":"tablet-align-left","19":"mobile-align-left","21":"first","22":"instock","23":"shipping-taxable","24":"product-type-simple"},"_links":{"self":[{"href":"https:\/\/www.delcofluid.com\/vi\/wp-json\/wp\/v2\/product\/2756","targetHints":{"allow":["GET"]}}],"collection":[{"href":"https:\/\/www.delcofluid.com\/vi\/wp-json\/wp\/v2\/product"}],"about":[{"href":"https:\/\/www.delcofluid.com\/vi\/wp-json\/wp\/v2\/types\/product"}],"version-history":[{"count":0,"href":"https:\/\/www.delcofluid.com\/vi\/wp-json\/wp\/v2\/product\/2756\/revisions"}],"wp:featuredmedia":[{"embeddable":true,"href":"https:\/\/www.delcofluid.com\/vi\/wp-json\/wp\/v2\/media\/6935"}],"wp:attachment":[{"href":"https:\/\/www.delcofluid.com\/vi\/wp-json\/wp\/v2\/media?parent=2756"}],"wp:term":[{"taxonomy":"product_brand","embeddable":true,"href":"https:\/\/www.delcofluid.com\/vi\/wp-json\/wp\/v2\/product_brand?post=2756"},{"taxonomy":"product_cat","embeddable":true,"href":"https:\/\/www.delcofluid.com\/vi\/wp-json\/wp\/v2\/product_cat?post=2756"},{"taxonomy":"product_tag","embeddable":true,"href":"https:\/\/www.delcofluid.com\/vi\/wp-json\/wp\/v2\/product_tag?post=2756"}],"curies":[{"name":"wp","href":"https:\/\/api.w.org\/{rel}","templated":true}]}}