{"id":2963,"date":"2024-03-29T02:39:56","date_gmt":"2024-03-29T02:39:56","guid":{"rendered":"https:\/\/www.delcofluid.com\/?post_type=product&#038;p=2963"},"modified":"2024-12-04T09:45:16","modified_gmt":"2024-12-04T09:45:16","slug":"2-position-2-way-solenoid-valves","status":"publish","type":"product","link":"https:\/\/www.delcofluid.com\/vi\/san-pham\/2-position-2-way-solenoid-valves\/","title":{"rendered":"Van \u0111i\u1ec7n t\u1eeb 2 chi\u1ec1u 2 v\u1ecb tr\u00ed b\u1eb1ng th\u00e9p kh\u00f4ng g\u1ec9 DELCO-2W31"},"content":{"rendered":"<div data-elementor-type=\"product-post\" data-elementor-id=\"2963\" class=\"elementor elementor-2963\" data-elementor-post-type=\"product\">\n\t\t\t\t<div class=\"elementor-element elementor-element-20539a1c e-con-full e-flex e-con e-parent\" data-id=\"20539a1c\" data-element_type=\"container\" data-e-type=\"container\" data-settings=\"{&quot;ekit_has_onepagescroll_dot&quot;:&quot;yes&quot;}\">\n\t\t<div class=\"elementor-element elementor-element-3316fa6 e-con-full e-flex e-con e-child\" data-id=\"3316fa6\" data-element_type=\"container\" data-e-type=\"container\" data-settings=\"{&quot;ekit_has_onepagescroll_dot&quot;:&quot;yes&quot;}\">\n\t\t\t\t<div class=\"elementor-element elementor-element-b8b3abc elementor-widget elementor-widget-heading\" data-id=\"b8b3abc\" data-element_type=\"widget\" data-e-type=\"widget\" data-settings=\"{&quot;ekit_we_effect_on&quot;:&quot;none&quot;}\" data-widget_type=\"heading.default\">\n\t\t\t\t<div class=\"elementor-widget-container\">\n\t\t\t\t\t<h2 class=\"elementor-heading-title elementor-size-default\">\u0110\u1eb7c tr\u01b0ng<\/h2>\t\t\t\t<\/div>\n\t\t\t\t<\/div>\n\t\t\t\t<div class=\"elementor-element elementor-element-4b43349d elementor-widget__width-initial elementor-widget elementor-widget-text-editor\" data-id=\"4b43349d\" data-element_type=\"widget\" data-e-type=\"widget\" data-settings=\"{&quot;ekit_we_effect_on&quot;:&quot;none&quot;}\" data-widget_type=\"text-editor.default\">\n\t\t\t\t<div class=\"elementor-widget-container\">\n\t\t\t\t\t\t\t\t\t<ul><li><p><strong>Thi\u1ebft k\u1ebf nh\u1ecf g\u1ecdn:<\/strong> Van \u0111i\u1ec7n t\u1eeb hai v\u1ecb tr\u00ed hai chi\u1ec1u \u0111\u01b0\u1ee3c thi\u1ebft k\u1ebf nh\u1ecf g\u1ecdn v\u00e0 nh\u1eb9, cho ph\u00e9p t\u00edch h\u1ee3p d\u1ec5 d\u00e0ng v\u00e0o c\u00e1c h\u1ec7 th\u1ed1ng ki\u1ec3m so\u00e1t ch\u1ea5t l\u1ecfng hi\u1ec7n c\u00f3.<\/p><\/li><li><p><strong>Th\u1eddi gian ph\u1ea3n h\u1ed3i nhanh:<\/strong> C\u00e1c van n\u00e0y c\u00f3 th\u1eddi gian ph\u1ea3n h\u1ed3i nhanh, cho ph\u00e9p \u0111\u00f3ng m\u1edf nhanh ch\u00f3ng \u0111\u1ec3 ki\u1ec3m so\u00e1t ch\u00ednh x\u00e1c d\u00f2ng ch\u1ea5t l\u1ecfng.<\/p><\/li><li><p><strong>K\u1ebft c\u1ea5u b\u1ec1n b\u1ec9:<\/strong> \u0110\u01b0\u1ee3c ch\u1ebf t\u1ea1o t\u1eeb nh\u1eefng v\u1eadt li\u1ec7u ch\u1ea5t l\u01b0\u1ee3ng cao nh\u01b0 th\u00e9p kh\u00f4ng g\u1ec9 ho\u1eb7c \u0111\u1ed3ng thau, Van \u0111i\u1ec7n t\u1eeb hai v\u1ecb tr\u00ed hai chi\u1ec1u \u0111\u01b0\u1ee3c ch\u1ebf t\u1ea1o \u0111\u1ec3 ch\u1ecbu \u0111\u01b0\u1ee3c \u0111i\u1ec1u ki\u1ec7n v\u1eadn h\u00e0nh kh\u1eafc nghi\u1ec7t v\u00e0 \u0111\u1ea3m b\u1ea3o \u0111\u1ed9 tin c\u1eady l\u00e2u d\u00e0i.<\/p><\/li><li><p><strong>Ti\u00eau th\u1ee5 \u0111i\u1ec7n n\u0103ng th\u1ea5p:<\/strong> V\u1edbi thi\u1ebft k\u1ebf \u0111i\u1ec7n t\u1eeb hi\u1ec7u qu\u1ea3, c\u00e1c van n\u00e0y ti\u00eau th\u1ee5 \u00edt \u0111i\u1ec7n n\u0103ng, gi\u00fap gi\u1ea3m chi ph\u00ed n\u0103ng l\u01b0\u1ee3ng v\u00e0 c\u1ea3i thi\u1ec7n hi\u1ec7u qu\u1ea3 chung c\u1ee7a h\u1ec7 th\u1ed1ng.<\/p><\/li><\/ul>\t\t\t\t\t\t\t\t<\/div>\n\t\t\t\t<\/div>\n\t\t\t\t<\/div>\n\t\t<div class=\"elementor-element elementor-element-e796ac0 e-con-full e-flex e-con e-child\" data-id=\"e796ac0\" data-element_type=\"container\" data-e-type=\"container\" data-settings=\"{&quot;ekit_has_onepagescroll_dot&quot;:&quot;yes&quot;}\">\n\t\t\t\t<div class=\"elementor-element elementor-element-7ddba38 elementor-widget__width-initial elementor-widget elementor-widget-image\" data-id=\"7ddba38\" data-element_type=\"widget\" data-e-type=\"widget\" data-settings=\"{&quot;ekit_we_effect_on&quot;:&quot;none&quot;}\" data-widget_type=\"image.default\">\n\t\t\t\t<div class=\"elementor-widget-container\">\n\t\t\t\t\t\t\t\t\t\t\t\t\t\t\t<img fetchpriority=\"high\" decoding=\"async\" width=\"768\" height=\"759\" src=\"https:\/\/www.delcofluid.com\/wp-content\/uploads\/2024\/03\/product-finder-graphic-3-x900.jpg\" class=\"attachment-large size-large wp-image-2576\" alt=\"Solenoid Valves\" srcset=\"https:\/\/www.delcofluid.com\/wp-content\/uploads\/2024\/03\/product-finder-graphic-3-x900.jpg 768w, https:\/\/www.delcofluid.com\/wp-content\/uploads\/2024\/03\/product-finder-graphic-3-x900-100x100.jpg 100w, https:\/\/www.delcofluid.com\/wp-content\/uploads\/2024\/03\/product-finder-graphic-3-x900-600x593.jpg 600w, https:\/\/www.delcofluid.com\/wp-content\/uploads\/2024\/03\/product-finder-graphic-3-x900-300x296.jpg 300w\" sizes=\"(max-width: 768px) 100vw, 768px\" \/>\t\t\t\t\t\t\t\t\t\t\t\t\t\t\t<\/div>\n\t\t\t\t<\/div>\n\t\t\t\t<\/div>\n\t\t\t\t<\/div>\n\t\t<div class=\"elementor-element elementor-element-15c4c55 e-con-full e-flex e-con e-parent\" data-id=\"15c4c55\" data-element_type=\"container\" data-e-type=\"container\" data-settings=\"{&quot;background_background&quot;:&quot;classic&quot;,&quot;ekit_has_onepagescroll_dot&quot;:&quot;yes&quot;}\">\n\t\t\t\t<div class=\"elementor-element elementor-element-cf7446a elementor-widget elementor-widget-heading\" data-id=\"cf7446a\" data-element_type=\"widget\" data-e-type=\"widget\" data-settings=\"{&quot;ekit_we_effect_on&quot;:&quot;none&quot;}\" data-widget_type=\"heading.default\">\n\t\t\t\t<div class=\"elementor-widget-container\">\n\t\t\t\t\t<h2 class=\"elementor-heading-title elementor-size-default\">Th\u00f4ng s\u1ed1 k\u1ef9 thu\u1eadt c\u1ee7a van \u0111i\u1ec7n t\u1eeb 2 chi\u1ec1u 2 v\u1ecb tr\u00ed<\/h2>\t\t\t\t<\/div>\n\t\t\t\t<\/div>\n\t\t\t\t<\/div>\n\t\t<div class=\"elementor-element elementor-element-66467903 e-con-full e-flex e-con e-parent\" data-id=\"66467903\" data-element_type=\"container\" data-e-type=\"container\" data-settings=\"{&quot;ekit_has_onepagescroll_dot&quot;:&quot;yes&quot;}\">\n\t\t\t\t<div class=\"elementor-element elementor-element-3c14f475 elementor-widget__width-initial elementor-widget elementor-widget-global elementor-global-2967 elementor-widget-text-editor\" data-id=\"3c14f475\" data-element_type=\"widget\" data-e-type=\"widget\" data-settings=\"{&quot;ekit_we_effect_on&quot;:&quot;none&quot;}\" data-widget_type=\"text-editor.default\">\n\t\t\t\t<div class=\"elementor-widget-container\">\n\t\t\t\t\t\t\t\t\t<table width=\"288\"><tbody><tr><td width=\"72\">Ki\u1ec3u<\/td><td width=\"72\">Van \u0111i\u1ec7n t\u1eeb\u00a0<\/td><td width=\"72\">\u0110\u01b0\u1eddng k\u00ednh danh ngh\u0129a<\/td><td width=\"72\">DN15-DN50<\/td><\/tr><tr><td width=\"72\">\u00c1p su\u1ea5t danh ngh\u0129a<\/td><td width=\"72\">0~1.0MPa<\/td><td width=\"72\">S\u1ef1 li\u00ean quan<\/td><td width=\"72\">C\u00f3 ren<\/td><\/tr><tr><td width=\"72\">K\u1ebft c\u1ea5u<\/td><td width=\"72\">C\u01a1 ho\u00e0nh<\/td><td width=\"72\">H\u1ed7 tr\u1ee3 t\u00f9y ch\u1ec9nh<\/td><td width=\"72\">OEM<\/td><\/tr><tr><td width=\"72\">B\u1ea3o h\u00e0nh<\/td><td width=\"72\">\u00a012 con b\u01b0\u1edbm \u0111\u00eam<\/td><td width=\"72\">V\u1eadt li\u1ec7u ni\u00eam phong<\/td><td width=\"72\">NBR, EPDM, FKM, PTFE<\/td><\/tr><tr><td width=\"72\">Ph\u01b0\u01a1ng ti\u1ec7n truy\u1ec1n th\u00f4ng<\/td><td width=\"72\">D\u1ea7u, Kh\u00f4ng kh\u00ed, Kh\u00ed, Ch\u1ea5t l\u1ecfng<\/td><td width=\"72\">\u0110i\u1ec7n \u00e1p cu\u1ed9n d\u00e2y<\/td><td width=\"72\">DC12~24V (\u00b110%), AC110-220V<\/td><\/tr><\/tbody><\/table><p>\u00a0<\/p>\t\t\t\t\t\t\t\t<\/div>\n\t\t\t\t<\/div>\n\t\t\t\t<\/div>\n\t\t<div class=\"elementor-element elementor-element-0b18e32 e-flex e-con-boxed e-con e-parent\" data-id=\"0b18e32\" data-element_type=\"container\" data-e-type=\"container\" data-settings=\"{&quot;ekit_has_onepagescroll_dot&quot;:&quot;yes&quot;}\">\n\t\t\t\t\t<div class=\"e-con-inner\">\n\t\t\t\t<div class=\"elementor-element elementor-element-c6975fe elementor-widget elementor-widget-heading\" data-id=\"c6975fe\" data-element_type=\"widget\" data-e-type=\"widget\" data-settings=\"{&quot;ekit_we_effect_on&quot;:&quot;none&quot;}\" data-widget_type=\"heading.default\">\n\t\t\t\t<div class=\"elementor-widget-container\">\n\t\t\t\t\t<h2 class=\"elementor-heading-title elementor-size-default\">\u1ee8ng d\u1ee5ng:<\/h2>\t\t\t\t<\/div>\n\t\t\t\t<\/div>\n\t\t\t\t<div class=\"elementor-element elementor-element-eb6e9f8 elementor-widget elementor-widget-text-editor\" data-id=\"eb6e9f8\" data-element_type=\"widget\" data-e-type=\"widget\" data-settings=\"{&quot;ekit_we_effect_on&quot;:&quot;none&quot;}\" data-widget_type=\"text-editor.default\">\n\t\t\t\t<div class=\"elementor-widget-container\">\n\t\t\t\t\t\t\t\t\t<p>Van \u0111i\u1ec7n t\u1eeb hai v\u1ecb tr\u00ed hai chi\u1ec1u c\u00f3 nhi\u1ec1u \u1ee9ng d\u1ee5ng trong nhi\u1ec1u ng\u00e0nh c\u00f4ng nghi\u1ec7p kh\u00e1c nhau, bao g\u1ed3m:<\/p>\t\t\t\t\t\t\t\t<\/div>\n\t\t\t\t<\/div>\n\t\t\t\t<div class=\"elementor-element elementor-element-fab2721 elementor-widget elementor-widget-text-editor\" data-id=\"fab2721\" data-element_type=\"widget\" data-e-type=\"widget\" data-settings=\"{&quot;ekit_we_effect_on&quot;:&quot;none&quot;}\" data-widget_type=\"text-editor.default\">\n\t\t\t\t<div class=\"elementor-widget-container\">\n\t\t\t\t\t\t\t\t\t<ul><li><p><strong>X\u1eed l\u00fd n\u01b0\u1edbc:<\/strong> \u0110\u01b0\u1ee3c s\u1eed d\u1ee5ng \u0111\u1ec3 ki\u1ec3m so\u00e1t d\u00f2ng ch\u1ea3y c\u1ee7a n\u01b0\u1edbc trong h\u1ec7 th\u1ed1ng l\u1ecdc, h\u1ec7 th\u1ed1ng t\u01b0\u1edbi ti\u00eau v\u00e0 m\u1ea1ng l\u01b0\u1edbi ph\u00e2n ph\u1ed1i n\u01b0\u1edbc.<\/p><\/li><li><p><strong>T\u1ef1 \u0111\u1ed9ng h\u00f3a c\u00f4ng nghi\u1ec7p:<\/strong> \u0110\u01b0\u1ee3c s\u1eed d\u1ee5ng trong c\u00e1c h\u1ec7 th\u1ed1ng kh\u00ed n\u00e9n v\u00e0 th\u1ee7y l\u1ef1c \u0111\u1ec3 ki\u1ec3m so\u00e1t quy tr\u00ecnh, t\u1ef1 \u0111\u1ed9ng h\u00f3a m\u00e1y m\u00f3c v\u00e0 truy\u1ec1n \u0111\u1ed9ng thi\u1ebft b\u1ecb.<\/p><\/li><li><p><strong>Thi\u1ebft b\u1ecb y t\u1ebf:<\/strong> \u0110\u01b0\u1ee3c t\u00edch h\u1ee3p v\u00e0o c\u00e1c thi\u1ebft b\u1ecb y t\u1ebf v\u00e0 d\u1ee5ng c\u1ee5 ch\u1ea9n \u0111o\u00e1n \u0111\u1ec3 ki\u1ec3m so\u00e1t ch\u1ea5t l\u1ecfng ch\u00ednh x\u00e1c trong c\u00e1c \u1ee9ng d\u1ee5ng nh\u01b0 g\u00e2y m\u00ea v\u00e0 \u0111i\u1ec1u tr\u1ecb b\u1eb1ng ch\u1ea5t l\u1ecfng.<\/p><\/li><li><p><strong>H\u1ec7 th\u1ed1ng HVAC:<\/strong> \u0110\u01b0\u1ee3c l\u1eafp \u0111\u1eb7t trong h\u1ec7 th\u1ed1ng s\u01b0\u1edfi \u1ea5m, th\u00f4ng gi\u00f3 v\u00e0 \u0111i\u1ec1u h\u00f2a kh\u00f4ng kh\u00ed \u0111\u1ec3 \u0111i\u1ec1u ch\u1ec9nh l\u01b0u l\u01b0\u1ee3ng ch\u1ea5t l\u00e0m l\u1ea1nh, kh\u00ed v\u00e0 ch\u1ea5t l\u1ecfng.<\/p><\/li><li><p><strong>Ng\u00e0nh c\u00f4ng nghi\u1ec7p \u00f4 t\u00f4:<\/strong> \u0110\u01b0\u1ee3c s\u1eed d\u1ee5ng trong h\u1ec7 th\u1ed1ng xe \u0111\u1ec3 ki\u1ec3m so\u00e1t l\u01b0u l\u01b0\u1ee3ng nhi\u00ean li\u1ec7u, l\u01b0u th\u00f4ng ch\u1ea5t l\u00e0m m\u00e1t v\u00e0 truy\u1ec1n \u0111\u1ed9ng kh\u00ed n\u00e9n.<\/p><\/li><\/ul>\t\t\t\t\t\t\t\t<\/div>\n\t\t\t\t<\/div>\n\t\t\t\t<div class=\"elementor-element elementor-element-7679752 elementor-widget elementor-widget-heading\" data-id=\"7679752\" data-element_type=\"widget\" data-e-type=\"widget\" data-settings=\"{&quot;ekit_we_effect_on&quot;:&quot;none&quot;}\" data-widget_type=\"heading.default\">\n\t\t\t\t<div class=\"elementor-widget-container\">\n\t\t\t\t\t<h2 class=\"elementor-heading-title elementor-size-default\">Nh\u1eefng l\u1ee3i \u00edch:<\/h2>\t\t\t\t<\/div>\n\t\t\t\t<\/div>\n\t\t\t\t<div class=\"elementor-element elementor-element-339f1f7 elementor-widget elementor-widget-text-editor\" data-id=\"339f1f7\" data-element_type=\"widget\" data-e-type=\"widget\" data-settings=\"{&quot;ekit_we_effect_on&quot;:&quot;none&quot;}\" data-widget_type=\"text-editor.default\">\n\t\t\t\t<div class=\"elementor-widget-container\">\n\t\t\t\t\t\t\t\t\t<ul><li><p><strong>Ki\u1ec3m so\u00e1t \u0111\u1ed9 ch\u00ednh x\u00e1c:<\/strong> Van \u0111i\u1ec7n t\u1eeb hai v\u1ecb tr\u00ed hai chi\u1ec1u cung c\u1ea5p kh\u1ea3 n\u0103ng ki\u1ec3m so\u00e1t ch\u00ednh x\u00e1c v\u00e0 l\u1eb7p l\u1ea1i \u0111\u1ed1i v\u1edbi d\u00f2ng ch\u1ea5t l\u1ecfng, \u0111\u1ea3m b\u1ea3o hi\u1ec7u su\u1ea5t h\u1ec7 th\u1ed1ng t\u1ed1i \u01b0u.<\/p><\/li><li><p><strong>Ho\u1ea1t \u0111\u1ed9ng t\u1eeb xa:<\/strong> V\u1edbi h\u1ec7 th\u1ed1ng truy\u1ec1n \u0111\u1ed9ng \u0111i\u1ec7n, c\u00e1c van n\u00e0y c\u00f3 th\u1ec3 \u0111\u01b0\u1ee3c \u0111i\u1ec1u khi\u1ec3n t\u1eeb xa ho\u1eb7c t\u00edch h\u1ee3p v\u00e0o h\u1ec7 th\u1ed1ng \u0111i\u1ec1u khi\u1ec3n t\u1ef1 \u0111\u1ed9ng, n\u00e2ng cao hi\u1ec7u qu\u1ea3 ho\u1ea1t \u0111\u1ed9ng v\u00e0 t\u00ednh linh ho\u1ea1t.<\/p><\/li><li><p><strong>\u0110\u1ed9 tin c\u1eady:<\/strong> \u0110\u01b0\u1ee3c thi\u1ebft k\u1ebf \u0111\u1ec3 c\u00f3 \u0111\u1ed9 tin c\u1eady v\u00e0 \u0111\u1ed9 b\u1ec1n cao, Van \u0111i\u1ec7n t\u1eeb hai v\u1ecb tr\u00ed hai chi\u1ec1u mang l\u1ea1i hi\u1ec7u su\u1ea5t \u0111\u00e1ng tin c\u1eady ngay c\u1ea3 trong m\u00f4i tr\u01b0\u1eddng kh\u1eafc nghi\u1ec7t.<\/p><\/li><li><p><strong>T\u00ednh linh ho\u1ea1t:<\/strong> C\u00f3 s\u1eb5n \u1edf nhi\u1ec1u k\u00edch c\u1ee1, v\u1eadt li\u1ec7u v\u00e0 c\u1ea5u h\u00ecnh kh\u00e1c nhau, c\u00e1c van n\u00e0y c\u00f3 th\u1ec3 \u0111\u01b0\u1ee3c \u0111i\u1ec1u ch\u1ec9nh \u0111\u1ec3 ph\u00f9 h\u1ee3p v\u1edbi c\u00e1c y\u00eau c\u1ea7u \u1ee9ng d\u1ee5ng c\u1ee5 th\u1ec3.<\/p><\/li><\/ul>\t\t\t\t\t\t\t\t<\/div>\n\t\t\t\t<\/div>\n\t\t\t\t<div class=\"elementor-element elementor-element-fe1154f elementor-widget elementor-widget-heading\" data-id=\"fe1154f\" data-element_type=\"widget\" data-e-type=\"widget\" data-settings=\"{&quot;ekit_we_effect_on&quot;:&quot;none&quot;}\" data-widget_type=\"heading.default\">\n\t\t\t\t<div class=\"elementor-widget-container\">\n\t\t\t\t\t<h2 class=\"elementor-heading-title elementor-size-default\">Ph\u1ea7n k\u1ebft lu\u1eadn:<\/h2>\t\t\t\t<\/div>\n\t\t\t\t<\/div>\n\t\t\t\t<div class=\"elementor-element elementor-element-472bfac elementor-widget elementor-widget-text-editor\" data-id=\"472bfac\" data-element_type=\"widget\" data-e-type=\"widget\" data-settings=\"{&quot;ekit_we_effect_on&quot;:&quot;none&quot;}\" data-widget_type=\"text-editor.default\">\n\t\t\t\t<div class=\"elementor-widget-container\">\n\t\t\t\t\t\t\t\t\t<p>Van \u0111i\u1ec7n t\u1eeb hai v\u1ecb tr\u00ed hai chi\u1ec1u l\u00e0 th\u00e0nh ph\u1ea7n thi\u1ebft y\u1ebfu trong h\u1ec7 th\u1ed1ng ki\u1ec3m so\u00e1t ch\u1ea5t l\u1ecfng, cung c\u1ea5p kh\u1ea3 n\u0103ng ki\u1ec3m so\u00e1t ch\u00ednh x\u00e1c, \u0111\u00e1ng tin c\u1eady v\u00e0 hi\u1ec7u qu\u1ea3 \u0111\u1ed1i v\u1edbi d\u00f2ng ch\u1ea5t l\u1ecfng v\u00e0 kh\u00ed. V\u1edbi thi\u1ebft k\u1ebf nh\u1ecf g\u1ecdn, th\u1eddi gian ph\u1ea3n h\u1ed3i nhanh v\u00e0 \u1ee9ng d\u1ee5ng \u0111a d\u1ea1ng, c\u00e1c van n\u00e0y \u0111\u00f3ng vai tr\u00f2 quan tr\u1ecdng trong vi\u1ec7c t\u0103ng c\u01b0\u1eddng kh\u1ea3 n\u0103ng ki\u1ec3m so\u00e1t v\u00e0 hi\u1ec7u qu\u1ea3 trong nhi\u1ec1u ng\u00e0nh c\u00f4ng nghi\u1ec7p.<\/p>\t\t\t\t\t\t\t\t<\/div>\n\t\t\t\t<\/div>\n\t\t\t\t\t<\/div>\n\t\t\t\t<\/div>\n\t\t\t\t<\/div>","protected":false},"excerpt":{"rendered":"<p>Van \u0111i\u1ec7n t\u1eeb 2 chi\u1ec1u 2 v\u1ecb tr\u00ed l\u00e0 thi\u1ebft b\u1ecb c\u01a1 \u0111i\u1ec7n \u0111i\u1ec1u khi\u1ec3n d\u00f2ng ch\u1ea3y c\u1ee7a ch\u1ea5t l\u1ecfng b\u1eb1ng c\u00e1ch m\u1edf ho\u1eb7c \u0111\u00f3ng c\u00e1c l\u1ed1i \u0111i b\u00ean trong th\u00e2n van. Ch\u00fang th\u01b0\u1eddng \u0111\u01b0\u1ee3c v\u1eadn h\u00e0nh b\u1eb1ng d\u00f2ng \u0111i\u1ec7n, khi\u1ebfn ch\u00fang tr\u1edf n\u00ean l\u00fd t\u01b0\u1edfng cho c\u00e1c \u1ee9ng d\u1ee5ng c\u1ea7n \u0111i\u1ec1u khi\u1ec3n t\u1eeb xa ho\u1eb7c t\u1ef1 \u0111\u1ed9ng.<\/p>\n<p>Van \u0111i\u1ec7n t\u1eeb 2 chi\u1ec1u 2 v\u1ecb tr\u00ed l\u00e0 th\u00e0nh ph\u1ea7n quan tr\u1ecdng trong h\u1ec7 th\u1ed1ng ki\u1ec3m so\u00e1t ch\u1ea5t l\u1ecfng, cung c\u1ea5p kh\u1ea3 n\u0103ng ki\u1ec3m so\u00e1t ch\u00ednh x\u00e1c v\u00e0 \u0111\u00e1ng tin c\u1eady \u0111\u1ed1i v\u1edbi d\u00f2ng ch\u1ea5t l\u1ecfng v\u00e0 kh\u00ed. Trong t\u1ed5ng quan s\u1ea3n ph\u1ea9m n\u00e0y, ch\u00fang t\u00f4i kh\u00e1m ph\u00e1 c\u00e1c t\u00ednh n\u0103ng, nguy\u00ean l\u00fd ho\u1ea1t \u0111\u1ed9ng, \u1ee9ng d\u1ee5ng v\u00e0 l\u1ee3i \u00edch c\u1ee7a c\u00e1c van n\u00e0y, \u0111\u1ed3ng th\u1eddi n\u00eau b\u1eadt t\u1ea7m quan tr\u1ecdng c\u1ee7a ch\u00fang trong nhi\u1ec1u ng\u00e0nh c\u00f4ng nghi\u1ec7p kh\u00e1c nhau.<\/p>\n<ul>\n<li>M\u1eabu: 2W31<\/li>\n<li>Ph\u1ea1m vi k\u00edch th\u01b0\u1edbc: 1\/2\u201d~1\u201d<\/li>\n<li>Ph\u1ea1m vi \u00e1p su\u1ea5t: 0.0MPa-1.0MPa<\/li>\n<li>Ch\u1ea5t li\u1ec7u: Th\u00e9p kh\u00f4ng g\u1ec9 304\/316, \u0110\u1ed3ng thau<\/li>\n<\/ul>","protected":false},"featured_media":6940,"template":"","meta":{"site-sidebar-layout":"default","site-content-layout":"","ast-site-content-layout":"default","site-content-style":"default","site-sidebar-style":"default","ast-global-header-display":"","ast-banner-title-visibility":"","ast-main-header-display":"","ast-hfb-above-header-display":"","ast-hfb-below-header-display":"","ast-hfb-mobile-header-display":"","site-post-title":"","ast-breadcrumbs-content":"","ast-featured-img":"","footer-sml-layout":"","ast-disable-related-posts":"","theme-transparent-header-meta":"default","adv-header-id-meta":"","stick-header-meta":"","header-above-stick-meta":"","header-main-stick-meta":"","header-below-stick-meta":"","astra-migrate-meta-layouts":"set","ast-page-background-enabled":"default","ast-page-background-meta":{"desktop":{"background-color":"var(--ast-global-color-4)","background-image":"","background-repeat":"repeat","background-position":"center center","background-size":"auto","background-attachment":"scroll","background-type":"","background-media":"","overlay-type":"","overlay-color":"","overlay-opacity":"","overlay-gradient":""},"tablet":{"background-color":"","background-image":"","background-repeat":"repeat","background-position":"center center","background-size":"auto","background-attachment":"scroll","background-type":"","background-media":"","overlay-type":"","overlay-color":"","overlay-opacity":"","overlay-gradient":""},"mobile":{"background-color":"","background-image":"","background-repeat":"repeat","background-position":"center center","background-size":"auto","background-attachment":"scroll","background-type":"","background-media":"","overlay-type":"","overlay-color":"","overlay-opacity":"","overlay-gradient":""}},"ast-content-background-meta":{"desktop":{"background-color":"var(--ast-global-color-5)","background-image":"","background-repeat":"repeat","background-position":"center center","background-size":"auto","background-attachment":"scroll","background-type":"","background-media":"","overlay-type":"","overlay-color":"","overlay-opacity":"","overlay-gradient":""},"tablet":{"background-color":"var(--ast-global-color-5)","background-image":"","background-repeat":"repeat","background-position":"center center","background-size":"auto","background-attachment":"scroll","background-type":"","background-media":"","overlay-type":"","overlay-color":"","overlay-opacity":"","overlay-gradient":""},"mobile":{"background-color":"var(--ast-global-color-5)","background-image":"","background-repeat":"repeat","background-position":"center center","background-size":"auto","background-attachment":"scroll","background-type":"","background-media":"","overlay-type":"","overlay-color":"","overlay-opacity":"","overlay-gradient":""}}},"product_brand":[],"product_cat":[714,33,37],"product_tag":[195,194,158,156,193,192,73,56],"class_list":{"0":"post-2963","1":"product","2":"type-product","3":"status-publish","4":"has-post-thumbnail","6":"product_cat-pilot-operated-solenoid-valve","7":"product_cat-products","8":"product_cat-solenoid-valves","9":"product_tag-2-way-solenoid-valve","10":"product_tag-2-way-solenoid-valves","11":"product_tag-solenoid-valve","12":"product_tag-solenoid-valves","13":"product_tag-two-position-two-way-solenoid-valve","14":"product_tag-two-position-two-way-solenoid-valves","15":"product_tag-valve","16":"product_tag-valves","17":"desktop-align-center","18":"tablet-align-left","19":"mobile-align-left","21":"first","22":"instock","23":"shipping-taxable","24":"product-type-simple"},"_links":{"self":[{"href":"https:\/\/www.delcofluid.com\/vi\/wp-json\/wp\/v2\/product\/2963","targetHints":{"allow":["GET"]}}],"collection":[{"href":"https:\/\/www.delcofluid.com\/vi\/wp-json\/wp\/v2\/product"}],"about":[{"href":"https:\/\/www.delcofluid.com\/vi\/wp-json\/wp\/v2\/types\/product"}],"version-history":[{"count":0,"href":"https:\/\/www.delcofluid.com\/vi\/wp-json\/wp\/v2\/product\/2963\/revisions"}],"wp:featuredmedia":[{"embeddable":true,"href":"https:\/\/www.delcofluid.com\/vi\/wp-json\/wp\/v2\/media\/6940"}],"wp:attachment":[{"href":"https:\/\/www.delcofluid.com\/vi\/wp-json\/wp\/v2\/media?parent=2963"}],"wp:term":[{"taxonomy":"product_brand","embeddable":true,"href":"https:\/\/www.delcofluid.com\/vi\/wp-json\/wp\/v2\/product_brand?post=2963"},{"taxonomy":"product_cat","embeddable":true,"href":"https:\/\/www.delcofluid.com\/vi\/wp-json\/wp\/v2\/product_cat?post=2963"},{"taxonomy":"product_tag","embeddable":true,"href":"https:\/\/www.delcofluid.com\/vi\/wp-json\/wp\/v2\/product_tag?post=2963"}],"curies":[{"name":"wp","href":"https:\/\/api.w.org\/{rel}","templated":true}]}}