{"id":3007,"date":"2024-03-29T03:39:48","date_gmt":"2024-03-29T03:39:48","guid":{"rendered":"https:\/\/www.delcofluid.com\/?post_type=product&#038;p=3007"},"modified":"2024-11-29T07:24:06","modified_gmt":"2024-11-29T07:24:06","slug":"mini-direct-acting-solenoid-valves","status":"publish","type":"product","link":"https:\/\/www.delcofluid.com\/vi\/san-pham\/mini-direct-acting-solenoid-valves\/","title":{"rendered":"Van \u0111i\u1ec7n t\u1eeb \u0111\u1ed3ng thau t\u00e1c \u0111\u1ed9ng tr\u1ef1c ti\u1ebfp DELCO Mini-DK02"},"content":{"rendered":"<div data-elementor-type=\"product-post\" data-elementor-id=\"3007\" class=\"elementor elementor-3007\" data-elementor-post-type=\"product\">\n\t\t\t\t<div class=\"elementor-element elementor-element-20539a1c e-con-full e-flex e-con e-parent\" data-id=\"20539a1c\" data-element_type=\"container\" data-e-type=\"container\" data-settings=\"{&quot;ekit_has_onepagescroll_dot&quot;:&quot;yes&quot;}\">\n\t\t<div class=\"elementor-element elementor-element-3316fa6 e-con-full e-flex e-con e-child\" data-id=\"3316fa6\" data-element_type=\"container\" data-e-type=\"container\" data-settings=\"{&quot;ekit_has_onepagescroll_dot&quot;:&quot;yes&quot;}\">\n\t\t\t\t<div class=\"elementor-element elementor-element-b8b3abc elementor-widget elementor-widget-heading\" data-id=\"b8b3abc\" data-element_type=\"widget\" data-e-type=\"widget\" data-settings=\"{&quot;ekit_we_effect_on&quot;:&quot;none&quot;}\" data-widget_type=\"heading.default\">\n\t\t\t\t<div class=\"elementor-widget-container\">\n\t\t\t\t\t<h2 class=\"elementor-heading-title elementor-size-default\">Nguy\u00ean l\u00fd ho\u1ea1t \u0111\u1ed9ng:<\/h2>\t\t\t\t<\/div>\n\t\t\t\t<\/div>\n\t\t\t\t<div class=\"elementor-element elementor-element-4b43349d elementor-widget__width-initial elementor-widget elementor-widget-text-editor\" data-id=\"4b43349d\" data-element_type=\"widget\" data-e-type=\"widget\" data-settings=\"{&quot;ekit_we_effect_on&quot;:&quot;none&quot;}\" data-widget_type=\"text-editor.default\">\n\t\t\t\t<div class=\"elementor-widget-container\">\n\t\t\t\t\t\t\t\t\t<p><span style=\"color: #000000\"><a style=\"color: #000000\" href=\"https:\/\/www.delcofluid.com\/vi\/danh-muc-san-pham\/solenoid-valves\/\">Van \u0111i\u1ec7n t\u1eeb t\u00e1c \u0111\u1ed9ng tr\u1ef1c ti\u1ebfp mini<\/a><\/span> ho\u1ea1t \u0111\u1ed9ng theo nguy\u00ean l\u00fd \u0111i\u1ec7n t\u1eeb. Khi d\u00f2ng \u0111i\u1ec7n \u0111\u01b0\u1ee3c \u0111\u01b0a v\u00e0o cu\u1ed9n d\u00e2y solenoid, n\u00f3 s\u1ebd t\u1ea1o ra m\u1ed9t t\u1eeb tr\u01b0\u1eddng h\u00fat p\u00edt-t\u00f4ng, n\u00e2ng p\u00edt-t\u00f4ng ra kh\u1ecfi \u0111\u1ebf van v\u00e0 cho ph\u00e9p ch\u1ea5t l\u1ecfng ch\u1ea3y qua van. Khi d\u00f2ng \u0111i\u1ec7n b\u1ecb ng\u1eaft, l\u00f2 xo s\u1ebd \u0111\u01b0a p\u00edt-t\u00f4ng tr\u1edf v\u1ec1 v\u1ecb tr\u00ed ban \u0111\u1ea7u, \u0111\u00f3ng d\u00f2ng ch\u1ea5t l\u1ecfng.<\/p>\t\t\t\t\t\t\t\t<\/div>\n\t\t\t\t<\/div>\n\t\t\t\t<\/div>\n\t\t\t\t<\/div>\n\t\t<div class=\"elementor-element elementor-element-d687e8c e-con-full e-flex e-con e-parent\" data-id=\"d687e8c\" data-element_type=\"container\" data-e-type=\"container\" data-settings=\"{&quot;ekit_has_onepagescroll_dot&quot;:&quot;yes&quot;}\">\n\t\t<div class=\"elementor-element elementor-element-af28963 e-con-full e-flex e-con e-child\" data-id=\"af28963\" data-element_type=\"container\" data-e-type=\"container\" data-settings=\"{&quot;ekit_has_onepagescroll_dot&quot;:&quot;yes&quot;}\">\n\t\t\t\t<div class=\"elementor-element elementor-element-bdb24f8 elementor-widget elementor-widget-heading\" data-id=\"bdb24f8\" data-element_type=\"widget\" data-e-type=\"widget\" data-settings=\"{&quot;ekit_we_effect_on&quot;:&quot;none&quot;}\" data-widget_type=\"heading.default\">\n\t\t\t\t<div class=\"elementor-widget-container\">\n\t\t\t\t\t<h2 class=\"elementor-heading-title elementor-size-default\">\u1ee8ng d\u1ee5ng c\u1ee7a van \u0111i\u1ec7n t\u1eeb t\u00e1c \u0111\u1ed9ng tr\u1ef1c ti\u1ebfp mini:<\/h2>\t\t\t\t<\/div>\n\t\t\t\t<\/div>\n\t\t\t\t<div class=\"elementor-element elementor-element-12e21a0 elementor-widget__width-initial elementor-widget elementor-widget-text-editor\" data-id=\"12e21a0\" data-element_type=\"widget\" data-e-type=\"widget\" data-settings=\"{&quot;ekit_we_effect_on&quot;:&quot;none&quot;}\" data-widget_type=\"text-editor.default\">\n\t\t\t\t<div class=\"elementor-widget-container\">\n\t\t\t\t\t\t\t\t\t<ul><li><p><strong>Thi\u1ebft b\u1ecb y t\u1ebf:<\/strong> \u0110\u01b0\u1ee3c s\u1eed d\u1ee5ng trong thi\u1ebft b\u1ecb ch\u1ea9n \u0111o\u00e1n, d\u1ee5ng c\u1ee5 ph\u00e2n t\u00edch v\u00e0 thi\u1ebft b\u1ecb y t\u1ebf \u0111\u1ec3 ki\u1ec3m so\u00e1t ch\u1ea5t l\u1ecfng ch\u00ednh x\u00e1c trong c\u00e1c \u1ee9ng d\u1ee5ng nh\u01b0 ph\u00e2n t\u00edch m\u00e1u v\u00e0 cung c\u1ea5p thu\u1ed1c.<\/p><\/li><li><p><strong>H\u1ec7 th\u1ed1ng \u00f4 t\u00f4:<\/strong> \u0110\u01b0\u1ee3c t\u00edch h\u1ee3p v\u00e0o h\u1ec7 th\u1ed1ng \u00f4 t\u00f4 \u0111\u1ec3 ki\u1ec3m so\u00e1t l\u01b0u l\u01b0\u1ee3ng nhi\u00ean li\u1ec7u, kh\u00ed th\u1ea3i v\u00e0 b\u1ed9 truy\u1ec1n \u0111\u1ed9ng kh\u00ed n\u00e9n trong \u0111\u1ed9ng c\u01a1 v\u00e0 h\u1ed9p s\u1ed1.<\/p><\/li><li><p><strong>Thi\u1ebft b\u1ecb ph\u00f2ng th\u00ed nghi\u1ec7m:<\/strong> \u0110\u01b0\u1ee3c s\u1eed d\u1ee5ng trong c\u00e1c h\u1ec7 th\u1ed1ng t\u1ef1 \u0111\u1ed9ng h\u00f3a ph\u00f2ng th\u00ed nghi\u1ec7m, thi\u1ebft b\u1ecb s\u1eafc k\u00fd v\u00e0 d\u1ee5ng c\u1ee5 ph\u00e2n t\u00edch h\u00f3a h\u1ecdc \u0111\u1ec3 x\u1eed l\u00fd v\u00e0 ki\u1ec3m so\u00e1t ch\u1ea5t l\u1ecfng ch\u00ednh x\u00e1c.<\/p><\/li><li><p><strong>H\u1ec7 th\u1ed1ng HVAC:<\/strong> \u0110\u01b0\u1ee3c l\u1eafp \u0111\u1eb7t trong h\u1ec7 th\u1ed1ng s\u01b0\u1edfi \u1ea5m, th\u00f4ng gi\u00f3 v\u00e0 \u0111i\u1ec1u h\u00f2a kh\u00f4ng kh\u00ed \u0111\u1ec3 \u0111i\u1ec1u ch\u1ec9nh l\u01b0u l\u01b0\u1ee3ng ch\u1ea5t l\u00e0m l\u1ea1nh, kh\u00f4ng kh\u00ed v\u00e0 n\u01b0\u1edbc.<\/p><\/li><li><p><strong>T\u1ef1 \u0111\u1ed9ng h\u00f3a c\u00f4ng nghi\u1ec7p:<\/strong> \u0110\u01b0\u1ee3c s\u1eed d\u1ee5ng trong c\u00e1c h\u1ec7 th\u1ed1ng kh\u00ed n\u00e9n v\u00e0 th\u1ee7y l\u1ef1c \u0111\u1ec3 ki\u1ec3m so\u00e1t quy tr\u00ecnh, t\u1ef1 \u0111\u1ed9ng h\u00f3a m\u00e1y m\u00f3c v\u00e0 truy\u1ec1n \u0111\u1ed9ng thi\u1ebft b\u1ecb trong c\u00e1c c\u01a1 s\u1edf s\u1ea3n xu\u1ea5t.<\/p><\/li><\/ul>\t\t\t\t\t\t\t\t<\/div>\n\t\t\t\t<\/div>\n\t\t\t\t<\/div>\n\t\t<div class=\"elementor-element elementor-element-3ba88f2 e-con-full e-flex e-con e-child\" data-id=\"3ba88f2\" data-element_type=\"container\" data-e-type=\"container\" data-settings=\"{&quot;ekit_has_onepagescroll_dot&quot;:&quot;yes&quot;}\">\n\t\t\t\t<div class=\"elementor-element elementor-element-a34c371 elementor-widget__width-initial elementor-widget elementor-widget-image\" data-id=\"a34c371\" data-element_type=\"widget\" data-e-type=\"widget\" data-settings=\"{&quot;ekit_we_effect_on&quot;:&quot;none&quot;}\" data-widget_type=\"image.default\">\n\t\t\t\t<div class=\"elementor-widget-container\">\n\t\t\t\t\t\t\t\t\t\t\t\t\t\t\t<img fetchpriority=\"high\" decoding=\"async\" width=\"1024\" height=\"1024\" src=\"https:\/\/www.delcofluid.com\/wp-content\/uploads\/2024\/03\/z4-5-1024x1024.jpg\" class=\"attachment-large size-large wp-image-3012\" alt=\"solenoid valve\" srcset=\"https:\/\/www.delcofluid.com\/wp-content\/uploads\/2024\/03\/z4-5-1024x1024.jpg 1024w, https:\/\/www.delcofluid.com\/wp-content\/uploads\/2024\/03\/z4-5-300x300.jpg 300w, https:\/\/www.delcofluid.com\/wp-content\/uploads\/2024\/03\/z4-5-100x100.jpg 100w, https:\/\/www.delcofluid.com\/wp-content\/uploads\/2024\/03\/z4-5-600x600.jpg 600w, https:\/\/www.delcofluid.com\/wp-content\/uploads\/2024\/03\/z4-5-150x150.jpg 150w, https:\/\/www.delcofluid.com\/wp-content\/uploads\/2024\/03\/z4-5-768x768.jpg 768w, https:\/\/www.delcofluid.com\/wp-content\/uploads\/2024\/03\/z4-5.jpg 1500w\" sizes=\"(max-width: 1024px) 100vw, 1024px\" \/>\t\t\t\t\t\t\t\t\t\t\t\t\t\t\t<\/div>\n\t\t\t\t<\/div>\n\t\t\t\t<\/div>\n\t\t\t\t<\/div>\n\t\t<div class=\"elementor-element elementor-element-15c4c55 e-con-full e-flex e-con e-parent\" data-id=\"15c4c55\" data-element_type=\"container\" data-e-type=\"container\" data-settings=\"{&quot;background_background&quot;:&quot;classic&quot;,&quot;ekit_has_onepagescroll_dot&quot;:&quot;yes&quot;}\">\n\t\t\t\t<div class=\"elementor-element elementor-element-cf7446a elementor-widget elementor-widget-heading\" data-id=\"cf7446a\" data-element_type=\"widget\" data-e-type=\"widget\" data-settings=\"{&quot;ekit_we_effect_on&quot;:&quot;none&quot;}\" data-widget_type=\"heading.default\">\n\t\t\t\t<div class=\"elementor-widget-container\">\n\t\t\t\t\t<h2 class=\"elementor-heading-title elementor-size-default\">Th\u00f4ng s\u1ed1 van \u0111i\u1ec7n t\u1eeb t\u00e1c \u0111\u1ed9ng tr\u1ef1c ti\u1ebfp:<\/h2>\t\t\t\t<\/div>\n\t\t\t\t<\/div>\n\t\t\t\t<\/div>\n\t\t<div class=\"elementor-element elementor-element-0b18e32 e-flex e-con-boxed e-con e-parent\" data-id=\"0b18e32\" data-element_type=\"container\" data-e-type=\"container\" data-settings=\"{&quot;ekit_has_onepagescroll_dot&quot;:&quot;yes&quot;}\">\n\t\t\t\t\t<div class=\"e-con-inner\">\n\t\t\t\t<div class=\"elementor-element elementor-element-f5bacc0 elementor-widget elementor-widget-text-editor\" data-id=\"f5bacc0\" data-element_type=\"widget\" data-e-type=\"widget\" data-settings=\"{&quot;ekit_we_effect_on&quot;:&quot;none&quot;}\" data-widget_type=\"text-editor.default\">\n\t\t\t\t<div class=\"elementor-widget-container\">\n\t\t\t\t\t\t\t\t\t<table width=\"650\"><tbody><tr><td width=\"325\">Ph\u1ea1m vi k\u00edch th\u01b0\u1edbc<\/td><td width=\"325\">DN06~DN10 (1\/8\u2033~3\/8\u2033)<\/td><\/tr><tr><td width=\"325\">\u00c1p su\u1ea5t danh ngh\u0129a<\/td><td width=\"325\">0~1.6MPa<\/td><\/tr><tr><td width=\"325\">Ch\u1ebf \u0111\u1ed9 chuy\u1ec3n \u0111\u1ed5i<\/td><td width=\"325\">Th\u01b0\u1eddng \u0111\u00f3ng<\/td><\/tr><tr><td width=\"325\">S\u1ef1 li\u00ean quan<\/td><td width=\"325\">Ch\u1ee7 \u0111\u1ec1 n\u1eef<\/td><\/tr><tr><td width=\"325\">V\u1eadt li\u1ec7u th\u00e2n m\u00e1y<\/td><td width=\"325\">\u0110\u1ed3ng thau, th\u00e9p kh\u00f4ng g\u1ec9<\/td><\/tr><tr><td width=\"325\">V\u1eadt li\u1ec7u ni\u00eam phong<\/td><td width=\"325\">Viton<\/td><\/tr><tr><td width=\"325\">\u0110i\u1ec7n \u00e1p cu\u1ed9n d\u00e2y<\/td><td width=\"325\">AC110V\/220V, DC12V\/24V<\/td><\/tr><tr><td width=\"325\">Ph\u01b0\u01a1ng ti\u1ec7n \u00e1p d\u1ee5ng<\/td><td width=\"325\">N\u01b0\u1edbc, d\u1ea7u, kh\u00f4ng kh\u00ed, v.v.<\/td><\/tr><\/tbody><\/table>\t\t\t\t\t\t\t\t<\/div>\n\t\t\t\t<\/div>\n\t\t\t\t<div class=\"elementor-element elementor-element-c6975fe elementor-widget elementor-widget-heading\" data-id=\"c6975fe\" data-element_type=\"widget\" data-e-type=\"widget\" data-settings=\"{&quot;ekit_we_effect_on&quot;:&quot;none&quot;}\" data-widget_type=\"heading.default\">\n\t\t\t\t<div class=\"elementor-widget-container\">\n\t\t\t\t\t<h2 class=\"elementor-heading-title elementor-size-default\">C\u00e1c t\u00ednh n\u0103ng c\u1ee7a Van \u0111i\u1ec7n t\u1eeb t\u00e1c \u0111\u1ed9ng tr\u1ef1c ti\u1ebfp Mini:<\/h2>\t\t\t\t<\/div>\n\t\t\t\t<\/div>\n\t\t\t\t<div class=\"elementor-element elementor-element-ffd4484 elementor-widget elementor-widget-text-editor\" data-id=\"ffd4484\" data-element_type=\"widget\" data-e-type=\"widget\" data-settings=\"{&quot;ekit_we_effect_on&quot;:&quot;none&quot;}\" data-widget_type=\"text-editor.default\">\n\t\t\t\t<div class=\"elementor-widget-container\">\n\t\t\t\t\t\t\t\t\t<ul><li><strong>K\u00edch th\u01b0\u1edbc nh\u1ecf g\u1ecdn:\u00a0<\/strong>C\u00e1c van n\u00e0y \u0111\u01b0\u1ee3c thi\u1ebft k\u1ebf nh\u1ecf v\u00e0 nh\u1eb9, l\u00fd t\u01b0\u1edfng cho vi\u1ec7c l\u1eafp \u0111\u1eb7t \u1edf nh\u1eefng n\u01a1i c\u00f3 kh\u00f4ng gian h\u1ea1n ch\u1ebf.\u00a0 \u00a0 \u00a0 \u00a0 \u00a0 \u00a0 \u00a0 \u00a0 \u00a0 \u00a0 \u00a0 \u00a0 \u00a0 \u00a0<\/li><li><strong>Thi\u1ebft k\u1ebf di\u1ec5n xu\u1ea5t tr\u1ef1c ti\u1ebfp:\u00a0<\/strong>V\u1edbi c\u01a1 ch\u1ebf t\u00e1c \u0111\u1ed9ng tr\u1ef1c ti\u1ebfp, c\u00e1c van n\u00e0y c\u00f3 th\u1eddi gian ph\u1ea3n h\u1ed3i nhanh v\u00e0 kh\u1ea3 n\u0103ng ki\u1ec3m so\u00e1t ch\u00ednh x\u00e1c d\u00f2ng ch\u1ea3y ch\u1ea5t l\u1ecfng m\u00e0 kh\u00f4ng c\u1ea7n van \u0111i\u1ec1u khi\u1ec3n.<\/li><li><strong>\u0110\u1ed9 tin c\u1eady cao:\u00a0<\/strong>Van \u0111i\u1ec7n t\u1eeb t\u00e1c \u0111\u1ed9ng tr\u1ef1c ti\u1ebfp mini \u0111\u01b0\u1ee3c bi\u1ebft \u0111\u1ebfn v\u1edbi c\u1ea5u tr\u00fac ch\u1eafc ch\u1eafn v\u00e0 hi\u1ec7u su\u1ea5t \u0111\u00e1ng tin c\u1eady, \u0111\u1ea3m b\u1ea3o ho\u1ea1t \u0111\u1ed9ng li\u00ean t\u1ee5c ngay c\u1ea3 trong m\u00f4i tr\u01b0\u1eddng kh\u1eafc nghi\u1ec7t.<\/li><li><strong>Ti\u00eau th\u1ee5 \u0111i\u1ec7n n\u0103ng th\u1ea5p:\u00a0<\/strong>\u0110\u01b0\u1ee3c thi\u1ebft k\u1ebf \u0111\u1ec3 mang l\u1ea1i hi\u1ec7u qu\u1ea3, c\u00e1c van n\u00e0y ti\u00eau th\u1ee5 \u00edt \u0111i\u1ec7n n\u0103ng nh\u1ea5t trong khi v\u1eabn cung c\u1ea5p hi\u1ec7u su\u1ea5t t\u1ed1i \u0111a, khi\u1ebfn ch\u00fang tr\u1edf th\u00e0nh gi\u1ea3i ph\u00e1p ti\u1ebft ki\u1ec7m chi ph\u00ed cho c\u00e1c \u1ee9ng d\u1ee5ng ki\u1ec3m so\u00e1t ch\u1ea5t l\u1ecfng.<\/li><\/ul>\t\t\t\t\t\t\t\t<\/div>\n\t\t\t\t<\/div>\n\t\t\t\t<div class=\"elementor-element elementor-element-fb4bf8d elementor-widget elementor-widget-heading\" data-id=\"fb4bf8d\" data-element_type=\"widget\" data-e-type=\"widget\" data-settings=\"{&quot;ekit_we_effect_on&quot;:&quot;none&quot;}\" data-widget_type=\"heading.default\">\n\t\t\t\t<div class=\"elementor-widget-container\">\n\t\t\t\t\t<h2 class=\"elementor-heading-title elementor-size-default\">L\u1ee3i \u00edch c\u1ee7a van \u0111i\u1ec7n t\u1eeb t\u00e1c \u0111\u1ed9ng tr\u1ef1c ti\u1ebfp mini:<\/h2>\t\t\t\t<\/div>\n\t\t\t\t<\/div>\n\t\t\t\t<div class=\"elementor-element elementor-element-fab2721 elementor-widget elementor-widget-text-editor\" data-id=\"fab2721\" data-element_type=\"widget\" data-e-type=\"widget\" data-settings=\"{&quot;ekit_we_effect_on&quot;:&quot;none&quot;}\" data-widget_type=\"text-editor.default\">\n\t\t\t\t<div class=\"elementor-widget-container\">\n\t\t\t\t\t\t\t\t\t<ul><li><p><strong>Ki\u1ec3m so\u00e1t \u0111\u1ed9 ch\u00ednh x\u00e1c:<\/strong> C\u00e1c van n\u00e0y cung c\u1ea5p kh\u1ea3 n\u0103ng ki\u1ec3m so\u00e1t ch\u00ednh x\u00e1c v\u00e0 l\u1eb7p l\u1ea1i \u0111\u1ed1i v\u1edbi d\u00f2ng ch\u1ea3y ch\u1ea5t l\u1ecfng, \u0111\u1ea3m b\u1ea3o hi\u1ec7u su\u1ea5t ch\u00ednh x\u00e1c trong c\u00e1c \u1ee9ng d\u1ee5ng quan tr\u1ecdng.<\/p><\/li><li><p><strong>Thi\u1ebft k\u1ebf ti\u1ebft ki\u1ec7m kh\u00f4ng gian:<\/strong> V\u1edbi k\u00edch th\u01b0\u1edbc nh\u1ecf g\u1ecdn, van \u0111i\u1ec7n t\u1eeb t\u00e1c \u0111\u1ed9ng tr\u1ef1c ti\u1ebfp mini l\u00fd t\u01b0\u1edfng cho c\u00e1c l\u1eafp \u0111\u1eb7t c\u00f3 kh\u00f4ng gian h\u1ea1n ch\u1ebf, cho ph\u00e9p t\u00edch h\u1ee3p linh ho\u1ea1t v\u00e0o c\u00e1c h\u1ec7 th\u1ed1ng hi\u1ec7n c\u00f3.<\/p><\/li><li><p><strong>Th\u1eddi gian ph\u1ea3n h\u1ed3i nhanh:<\/strong> Nh\u1edd c\u01a1 ch\u1ebf t\u00e1c \u0111\u1ed9ng tr\u1ef1c ti\u1ebfp, c\u00e1c van n\u00e0y c\u00f3 th\u1eddi gian ph\u1ea3n h\u1ed3i nhanh, cho ph\u00e9p ki\u1ec3m so\u00e1t ch\u1ea5t l\u1ecfng nhanh ch\u00f3ng v\u00e0 hi\u1ec7u qu\u1ea3.<\/p><\/li><li><p><strong>T\u00ednh linh ho\u1ea1t:<\/strong> C\u00f3 s\u1eb5n trong nhi\u1ec1u c\u1ea5u h\u00ecnh, v\u1eadt li\u1ec7u v\u00e0 k\u00edch c\u1ee1, van \u0111i\u1ec7n t\u1eeb t\u00e1c \u0111\u1ed9ng tr\u1ef1c ti\u1ebfp mini c\u00f3 th\u1ec3 \u0111\u01b0\u1ee3c t\u00f9y ch\u1ec9nh \u0111\u1ec3 ph\u00f9 h\u1ee3p v\u1edbi c\u00e1c y\u00eau c\u1ea7u \u1ee9ng d\u1ee5ng c\u1ee5 th\u1ec3.<\/p><\/li><\/ul>\t\t\t\t\t\t\t\t<\/div>\n\t\t\t\t<\/div>\n\t\t\t\t<div class=\"elementor-element elementor-element-fe1154f elementor-widget elementor-widget-heading\" data-id=\"fe1154f\" data-element_type=\"widget\" data-e-type=\"widget\" data-settings=\"{&quot;ekit_we_effect_on&quot;:&quot;none&quot;}\" data-widget_type=\"heading.default\">\n\t\t\t\t<div class=\"elementor-widget-container\">\n\t\t\t\t\t<h2 class=\"elementor-heading-title elementor-size-default\">Ph\u1ea7n k\u1ebft lu\u1eadn:<\/h2>\t\t\t\t<\/div>\n\t\t\t\t<\/div>\n\t\t\t\t<div class=\"elementor-element elementor-element-472bfac elementor-widget elementor-widget-text-editor\" data-id=\"472bfac\" data-element_type=\"widget\" data-e-type=\"widget\" data-settings=\"{&quot;ekit_we_effect_on&quot;:&quot;none&quot;}\" data-widget_type=\"text-editor.default\">\n\t\t\t\t<div class=\"elementor-widget-container\">\n\t\t\t\t\t\t\t\t\t<p>Van \u0111i\u1ec7n t\u1eeb t\u00e1c \u0111\u1ed9ng tr\u1ef1c ti\u1ebfp mini l\u00e0 th\u00e0nh ph\u1ea7n thi\u1ebft y\u1ebfu trong h\u1ec7 th\u1ed1ng ki\u1ec3m so\u00e1t ch\u1ea5t l\u1ecfng, cung c\u1ea5p kh\u1ea3 n\u0103ng ki\u1ec3m so\u00e1t ch\u00ednh x\u00e1c, \u0111\u00e1ng tin c\u1eady v\u00e0 hi\u1ec7u qu\u1ea3 \u0111\u1ed1i v\u1edbi d\u00f2ng ch\u1ea5t l\u1ecfng trong m\u1ed9t g\u00f3i nh\u1ecf g\u1ecdn. V\u1edbi k\u00edch th\u01b0\u1edbc nh\u1ecf g\u1ecdn, th\u1eddi gian ph\u1ea3n h\u1ed3i nhanh v\u00e0 \u1ee9ng d\u1ee5ng \u0111a d\u1ea1ng, c\u00e1c van n\u00e0y \u0111\u00f3ng vai tr\u00f2 quan tr\u1ecdng trong vi\u1ec7c t\u0103ng c\u01b0\u1eddng kh\u1ea3 n\u0103ng ki\u1ec3m so\u00e1t v\u00e0 hi\u1ec7u qu\u1ea3 trong nhi\u1ec1u ng\u00e0nh c\u00f4ng nghi\u1ec7p kh\u00e1c nhau.<\/p>\t\t\t\t\t\t\t\t<\/div>\n\t\t\t\t<\/div>\n\t\t\t\t\t<\/div>\n\t\t\t\t<\/div>\n\t\t\t\t<\/div>","protected":false},"excerpt":{"rendered":"<p><strong>Van \u0111i\u1ec7n t\u1eeb t\u00e1c \u0111\u1ed9ng tr\u1ef1c ti\u1ebfp mini: Ki\u1ec3m so\u00e1t ch\u00ednh x\u00e1c trong m\u1ed9t g\u00f3i nh\u1ecf g\u1ecdn<\/strong><\/p>\n<p>Van \u0111i\u1ec7n t\u1eeb t\u00e1c \u0111\u1ed9ng tr\u1ef1c ti\u1ebfp mini l\u00e0 nh\u1eefng th\u00e0nh ph\u1ea7n nh\u1ecf g\u1ecdn nh\u01b0ng m\u1ea1nh m\u1ebd \u0111\u01b0\u1ee3c thi\u1ebft k\u1ebf \u0111\u1ec3 cung c\u1ea5p ch\u00ednh x\u00e1c<\/p>\n<p>ki\u1ec3m so\u00e1t d\u00f2ng ch\u1ea3y ch\u1ea5t l\u1ecfng trong nhi\u1ec1u \u1ee9ng d\u1ee5ng kh\u00e1c nhau. Trong t\u1ed5ng quan s\u1ea3n ph\u1ea9m to\u00e0n di\u1ec7n n\u00e0y, ch\u00fang t\u00f4i s\u1ebd kh\u00e1m ph\u00e1<\/p>\n<p>c\u00e1c t\u00ednh n\u0103ng, nguy\u00ean l\u00fd ho\u1ea1t \u0111\u1ed9ng, \u1ee9ng d\u1ee5ng v\u00e0 l\u1ee3i \u00edch c\u1ee7a van \u0111i\u1ec7n t\u1eeb t\u00e1c \u0111\u1ed9ng tr\u1ef1c ti\u1ebfp mini,<\/p>\n<p>nh\u1ea5n m\u1ea1nh t\u1ea7m quan tr\u1ecdng c\u1ee7a ch\u00fang trong quy tr\u00ecnh s\u1ea3n xu\u1ea5t v\u00e0 k\u1ef9 thu\u1eadt hi\u1ec7n \u0111\u1ea1i.<\/p>\n<ul>\n<li><strong>Ng\u01b0\u1eddi m\u1eabu:<\/strong> Van \u0111i\u1ec7n t\u1eeb<\/li>\n<li><strong>Ph\u1ea1m vi k\u00edch th\u01b0\u1edbc:<\/strong> 1\/8&#8221;~3\/8&#8221;<\/li>\n<li><strong>Ph\u1ea1m vi \u00e1p su\u1ea5t:<\/strong> 0.0MPa-1.6MPa<\/li>\n<li><strong>V\u1eadt li\u1ec7u:\u00a0<\/strong>\u0110\u1ed3ng thau, th\u00e9p kh\u00f4ng g\u1ec9 304\/316<\/li>\n<\/ul>","protected":false},"featured_media":9780,"template":"","meta":{"site-sidebar-layout":"default","site-content-layout":"","ast-site-content-layout":"default","site-content-style":"default","site-sidebar-style":"default","ast-global-header-display":"","ast-banner-title-visibility":"","ast-main-header-display":"","ast-hfb-above-header-display":"","ast-hfb-below-header-display":"","ast-hfb-mobile-header-display":"","site-post-title":"","ast-breadcrumbs-content":"","ast-featured-img":"","footer-sml-layout":"","ast-disable-related-posts":"","theme-transparent-header-meta":"default","adv-header-id-meta":"","stick-header-meta":"","header-above-stick-meta":"","header-main-stick-meta":"","header-below-stick-meta":"","astra-migrate-meta-layouts":"set","ast-page-background-enabled":"default","ast-page-background-meta":{"desktop":{"background-color":"var(--ast-global-color-4)","background-image":"","background-repeat":"repeat","background-position":"center center","background-size":"auto","background-attachment":"scroll","background-type":"","background-media":"","overlay-type":"","overlay-color":"","overlay-opacity":"","overlay-gradient":""},"tablet":{"background-color":"","background-image":"","background-repeat":"repeat","background-position":"center center","background-size":"auto","background-attachment":"scroll","background-type":"","background-media":"","overlay-type":"","overlay-color":"","overlay-opacity":"","overlay-gradient":""},"mobile":{"background-color":"","background-image":"","background-repeat":"repeat","background-position":"center center","background-size":"auto","background-attachment":"scroll","background-type":"","background-media":"","overlay-type":"","overlay-color":"","overlay-opacity":"","overlay-gradient":""}},"ast-content-background-meta":{"desktop":{"background-color":"var(--ast-global-color-5)","background-image":"","background-repeat":"repeat","background-position":"center center","background-size":"auto","background-attachment":"scroll","background-type":"","background-media":"","overlay-type":"","overlay-color":"","overlay-opacity":"","overlay-gradient":""},"tablet":{"background-color":"var(--ast-global-color-5)","background-image":"","background-repeat":"repeat","background-position":"center center","background-size":"auto","background-attachment":"scroll","background-type":"","background-media":"","overlay-type":"","overlay-color":"","overlay-opacity":"","overlay-gradient":""},"mobile":{"background-color":"var(--ast-global-color-5)","background-image":"","background-repeat":"repeat","background-position":"center center","background-size":"auto","background-attachment":"scroll","background-type":"","background-media":"","overlay-type":"","overlay-color":"","overlay-opacity":"","overlay-gradient":""}}},"product_brand":[],"product_cat":[713,33,37],"product_tag":[199,198,197,196,200,201,158,156,73,56],"class_list":{"0":"post-3007","1":"product","2":"type-product","3":"status-publish","4":"has-post-thumbnail","6":"product_cat-direct-acting-solenoid-valve","7":"product_cat-products","8":"product_cat-solenoid-valves","9":"product_tag-direct-acting-solenoid-valve","10":"product_tag-direct-acting-solenoid-valves","11":"product_tag-mini-direct-acting-solenoid-valve","12":"product_tag-mini-direct-acting-solenoid-valves","13":"product_tag-miniature-direct-acting-solenoid-valve","14":"product_tag-miniature-direct-acting-solenoid-valves","15":"product_tag-solenoid-valve","16":"product_tag-solenoid-valves","17":"product_tag-valve","18":"product_tag-valves","19":"desktop-align-center","20":"tablet-align-left","21":"mobile-align-left","23":"first","24":"instock","25":"shipping-taxable","26":"product-type-simple"},"_links":{"self":[{"href":"https:\/\/www.delcofluid.com\/vi\/wp-json\/wp\/v2\/product\/3007","targetHints":{"allow":["GET"]}}],"collection":[{"href":"https:\/\/www.delcofluid.com\/vi\/wp-json\/wp\/v2\/product"}],"about":[{"href":"https:\/\/www.delcofluid.com\/vi\/wp-json\/wp\/v2\/types\/product"}],"version-history":[{"count":0,"href":"https:\/\/www.delcofluid.com\/vi\/wp-json\/wp\/v2\/product\/3007\/revisions"}],"wp:featuredmedia":[{"embeddable":true,"href":"https:\/\/www.delcofluid.com\/vi\/wp-json\/wp\/v2\/media\/9780"}],"wp:attachment":[{"href":"https:\/\/www.delcofluid.com\/vi\/wp-json\/wp\/v2\/media?parent=3007"}],"wp:term":[{"taxonomy":"product_brand","embeddable":true,"href":"https:\/\/www.delcofluid.com\/vi\/wp-json\/wp\/v2\/product_brand?post=3007"},{"taxonomy":"product_cat","embeddable":true,"href":"https:\/\/www.delcofluid.com\/vi\/wp-json\/wp\/v2\/product_cat?post=3007"},{"taxonomy":"product_tag","embeddable":true,"href":"https:\/\/www.delcofluid.com\/vi\/wp-json\/wp\/v2\/product_tag?post=3007"}],"curies":[{"name":"wp","href":"https:\/\/api.w.org\/{rel}","templated":true}]}}