{"id":3022,"date":"2024-03-29T05:36:49","date_gmt":"2024-03-29T05:36:49","guid":{"rendered":"https:\/\/www.delcofluid.com\/?post_type=product&#038;p=3022"},"modified":"2024-11-29T07:23:19","modified_gmt":"2024-11-29T07:23:19","slug":"miniature-direct-acting-solenoid-valves","status":"publish","type":"product","link":"https:\/\/www.delcofluid.com\/vi\/san-pham\/miniature-direct-acting-solenoid-valves\/","title":{"rendered":"Van \u0111i\u1ec7n t\u1eeb th\u00e9p kh\u00f4ng g\u1ec9 t\u00e1c \u0111\u1ed9ng tr\u1ef1c ti\u1ebfp thu nh\u1ecf DELCO-DK02"},"content":{"rendered":"<div data-elementor-type=\"product-post\" data-elementor-id=\"3022\" class=\"elementor elementor-3022\" data-elementor-post-type=\"product\">\n\t\t\t\t<div class=\"elementor-element elementor-element-20539a1c e-con-full e-flex e-con e-parent\" data-id=\"20539a1c\" data-element_type=\"container\" data-e-type=\"container\" data-settings=\"{&quot;ekit_has_onepagescroll_dot&quot;:&quot;yes&quot;}\">\n\t\t<div class=\"elementor-element elementor-element-3316fa6 e-con-full e-flex e-con e-child\" data-id=\"3316fa6\" data-element_type=\"container\" data-e-type=\"container\" data-settings=\"{&quot;ekit_has_onepagescroll_dot&quot;:&quot;yes&quot;}\">\n\t\t\t\t<div class=\"elementor-element elementor-element-b8b3abc elementor-widget elementor-widget-heading\" data-id=\"b8b3abc\" data-element_type=\"widget\" data-e-type=\"widget\" data-settings=\"{&quot;ekit_we_effect_on&quot;:&quot;none&quot;}\" data-widget_type=\"heading.default\">\n\t\t\t\t<div class=\"elementor-widget-container\">\n\t\t\t\t\t<h2 class=\"elementor-heading-title elementor-size-default\">H\u00e0nh \u0111\u1ed9ng tr\u1ef1c ti\u1ebfp, ph\u1ea3n \u1ee9ng nhanh ch\u00f3ng:<\/h2>\t\t\t\t<\/div>\n\t\t\t\t<\/div>\n\t\t\t\t<div class=\"elementor-element elementor-element-4b43349d elementor-widget__width-initial elementor-widget elementor-widget-text-editor\" data-id=\"4b43349d\" data-element_type=\"widget\" data-e-type=\"widget\" data-settings=\"{&quot;ekit_we_effect_on&quot;:&quot;none&quot;}\" data-widget_type=\"text-editor.default\">\n\t\t\t\t<div class=\"elementor-widget-container\">\n\t\t\t\t\t\t\t\t\t<p>C\u01a1 ch\u1ebf t\u00e1c \u0111\u1ed9ng tr\u1ef1c ti\u1ebfp c\u1ee7a c\u00e1c van n\u00e0y \u0111\u1ea3m b\u1ea3o th\u1eddi gian ph\u1ea3n h\u1ed3i nhanh v\u00e0 ki\u1ec3m so\u00e1t ch\u00ednh x\u00e1c l\u01b0u l\u01b0\u1ee3ng ch\u1ea5t l\u1ecfng. B\u1eb1ng c\u00e1ch lo\u1ea1i b\u1ecf nhu c\u1ea7u v\u1ec1 van \u0111i\u1ec1u khi\u1ec3n, ch\u00fang h\u1ee3p l\u00fd h\u00f3a ho\u1ea1t \u0111\u1ed9ng v\u00e0 n\u00e2ng cao hi\u1ec7u qu\u1ea3, khi\u1ebfn ch\u00fang tr\u1edf n\u00ean kh\u00f4ng th\u1ec3 thi\u1ebfu trong c\u00e1c \u1ee9ng d\u1ee5ng m\u00e0 vi\u1ec7c ki\u1ec3m so\u00e1t ch\u1ea5t l\u1ecfng nhanh ch\u00f3ng v\u00e0 ch\u00ednh x\u00e1c l\u00e0 t\u1ed1i quan tr\u1ecdng.<\/p>\t\t\t\t\t\t\t\t<\/div>\n\t\t\t\t<\/div>\n\t\t\t\t<\/div>\n\t\t\t\t<\/div>\n\t\t<div class=\"elementor-element elementor-element-d687e8c e-con-full e-flex e-con e-parent\" data-id=\"d687e8c\" data-element_type=\"container\" data-e-type=\"container\" data-settings=\"{&quot;ekit_has_onepagescroll_dot&quot;:&quot;yes&quot;}\">\n\t\t<div class=\"elementor-element elementor-element-af28963 e-con-full e-flex e-con e-child\" data-id=\"af28963\" data-element_type=\"container\" data-e-type=\"container\" data-settings=\"{&quot;ekit_has_onepagescroll_dot&quot;:&quot;yes&quot;}\">\n\t\t\t\t<div class=\"elementor-element elementor-element-bdb24f8 elementor-widget__width-initial elementor-widget elementor-widget-heading\" data-id=\"bdb24f8\" data-element_type=\"widget\" data-e-type=\"widget\" data-settings=\"{&quot;ekit_we_effect_on&quot;:&quot;none&quot;}\" data-widget_type=\"heading.default\">\n\t\t\t\t<div class=\"elementor-widget-container\">\n\t\t\t\t\t<h2 class=\"elementor-heading-title elementor-size-default\">Van \u0111i\u1ec7n t\u1eeb t\u00e1c \u0111\u1ed9ng tr\u1ef1c ti\u1ebfp thu nh\u1ecf \u0111\u01b0\u1ee3c \u1ee9ng d\u1ee5ng trong nhi\u1ec1u ng\u00e0nh c\u00f4ng nghi\u1ec7p:<\/h2>\t\t\t\t<\/div>\n\t\t\t\t<\/div>\n\t\t\t\t<div class=\"elementor-element elementor-element-12e21a0 elementor-widget__width-initial elementor-widget elementor-widget-text-editor\" data-id=\"12e21a0\" data-element_type=\"widget\" data-e-type=\"widget\" data-settings=\"{&quot;ekit_we_effect_on&quot;:&quot;none&quot;}\" data-widget_type=\"text-editor.default\">\n\t\t\t\t<div class=\"elementor-widget-container\">\n\t\t\t\t\t\t\t\t\t<ul><li><p><strong>Ng\u00e0nh Y t\u1ebf:<\/strong> C\u00e1c van n\u00e0y \u0111\u00f3ng vai tr\u00f2 quan tr\u1ecdng trong c\u00e1c thi\u1ebft b\u1ecb y t\u1ebf v\u00e0 thi\u1ebft b\u1ecb ch\u1ea9n \u0111o\u00e1n, n\u01a1i ki\u1ec3m so\u00e1t ch\u1ea5t l\u1ecfng ch\u00ednh x\u00e1c l\u00e0 \u0111i\u1ec1u c\u1ea7n thi\u1ebft cho c\u00e1c nhi\u1ec7m v\u1ee5 nh\u01b0 \u0111\u01b0a thu\u1ed1c v\u00e0 theo d\u00f5i b\u1ec7nh nh\u00e2n.<\/p><\/li><li><p><strong>Ng\u00e0nh c\u00f4ng nghi\u1ec7p \u00f4 t\u00f4:<\/strong> Trong h\u1ec7 th\u1ed1ng \u00f4 t\u00f4, ch\u00fang \u0111i\u1ec1u ch\u1ec9nh l\u01b0u l\u01b0\u1ee3ng nhi\u00ean li\u1ec7u, qu\u1ea3n l\u00fd kh\u00ed th\u1ea3i v\u00e0 ki\u1ec3m so\u00e1t b\u1ed9 truy\u1ec1n \u0111\u1ed9ng kh\u00ed n\u00e9n trong \u0111\u1ed9ng c\u01a1 v\u00e0 h\u1ed9p s\u1ed1, g\u00f3p ph\u1ea7n mang l\u1ea1i hi\u1ec7u su\u1ea5t t\u1ed1i \u01b0u cho xe.<\/p><\/li><li><p><strong>T\u1ef1 \u0111\u1ed9ng h\u00f3a ph\u00f2ng th\u00ed nghi\u1ec7m:<\/strong> C\u00e1c ph\u00f2ng th\u00ed nghi\u1ec7m d\u1ef1a v\u00e0o c\u00e1c van n\u00e0y \u0111\u1ec3 x\u1eed l\u00fd ch\u1ea5t l\u1ecfng trong c\u00e1c h\u1ec7 th\u1ed1ng t\u1ef1 \u0111\u1ed9ng, thi\u1ebft b\u1ecb s\u1eafc k\u00fd v\u00e0 d\u1ee5ng c\u1ee5 ph\u00e2n t\u00edch h\u00f3a h\u1ecdc, \u0111\u1ea3m b\u1ea3o k\u1ebft qu\u1ea3 \u0111\u00e1ng tin c\u1eady v\u00e0 ch\u00ednh x\u00e1c.<\/p><\/li><li><p><strong>H\u1ec7 th\u1ed1ng HVAC:<\/strong> Trong h\u1ec7 th\u1ed1ng s\u01b0\u1edfi \u1ea5m, th\u00f4ng gi\u00f3 v\u00e0 \u0111i\u1ec1u h\u00f2a kh\u00f4ng kh\u00ed, ch\u00fang \u0111i\u1ec1u ch\u1ec9nh lu\u1ed3ng ch\u1ea5t l\u00e0m l\u1ea1nh, kh\u00f4ng kh\u00ed v\u00e0 n\u01b0\u1edbc, duy tr\u00ec c\u00e1c \u0111i\u1ec1u ki\u1ec7n m\u00f4i tr\u01b0\u1eddng t\u1ed1i \u01b0u.<\/p><\/li><li><p><strong>T\u1ef1 \u0111\u1ed9ng h\u00f3a c\u00f4ng nghi\u1ec7p:<\/strong><span style=\"color: #000000\"><a style=\"color: #000000\" href=\"https:\/\/www.delcofluid.com\/vi\/danh-muc-san-pham\/products\/\">Van \u0111i\u1ec7n t\u1eeb t\u00e1c \u0111\u1ed9ng tr\u1ef1c ti\u1ebfp thu nh\u1ecf<\/a><\/span> \u0111\u00f3ng vai tr\u00f2 quan tr\u1ecdng trong c\u00e1c h\u1ec7 th\u1ed1ng kh\u00ed n\u00e9n v\u00e0 th\u1ee7y l\u1ef1c, t\u1ea1o \u0111i\u1ec1u ki\u1ec7n ki\u1ec3m so\u00e1t quy tr\u00ecnh ch\u00ednh x\u00e1c, v\u1eadn h\u00e0nh thi\u1ebft b\u1ecb v\u00e0 t\u1ef1 \u0111\u1ed9ng h\u00f3a m\u00e1y m\u00f3c trong m\u00f4i tr\u01b0\u1eddng s\u1ea3n xu\u1ea5t.<\/p><\/li><\/ul>\t\t\t\t\t\t\t\t<\/div>\n\t\t\t\t<\/div>\n\t\t\t\t<\/div>\n\t\t<div class=\"elementor-element elementor-element-3ba88f2 e-con-full e-flex e-con e-child\" data-id=\"3ba88f2\" data-element_type=\"container\" data-e-type=\"container\" data-settings=\"{&quot;ekit_has_onepagescroll_dot&quot;:&quot;yes&quot;}\">\n\t\t\t\t<div class=\"elementor-element elementor-element-a34c371 elementor-widget__width-initial elementor-widget elementor-widget-image\" data-id=\"a34c371\" data-element_type=\"widget\" data-e-type=\"widget\" data-settings=\"{&quot;ekit_we_effect_on&quot;:&quot;none&quot;}\" data-widget_type=\"image.default\">\n\t\t\t\t<div class=\"elementor-widget-container\">\n\t\t\t\t\t\t\t\t\t\t\t\t\t\t\t<img fetchpriority=\"high\" decoding=\"async\" width=\"1024\" height=\"1024\" src=\"https:\/\/www.delcofluid.com\/wp-content\/uploads\/2024\/03\/z4-5-1024x1024.jpg\" class=\"attachment-large size-large wp-image-3012\" alt=\"solenoid valve\" srcset=\"https:\/\/www.delcofluid.com\/wp-content\/uploads\/2024\/03\/z4-5-1024x1024.jpg 1024w, https:\/\/www.delcofluid.com\/wp-content\/uploads\/2024\/03\/z4-5-300x300.jpg 300w, https:\/\/www.delcofluid.com\/wp-content\/uploads\/2024\/03\/z4-5-100x100.jpg 100w, https:\/\/www.delcofluid.com\/wp-content\/uploads\/2024\/03\/z4-5-600x600.jpg 600w, https:\/\/www.delcofluid.com\/wp-content\/uploads\/2024\/03\/z4-5-150x150.jpg 150w, https:\/\/www.delcofluid.com\/wp-content\/uploads\/2024\/03\/z4-5-768x768.jpg 768w, https:\/\/www.delcofluid.com\/wp-content\/uploads\/2024\/03\/z4-5.jpg 1500w\" sizes=\"(max-width: 1024px) 100vw, 1024px\" \/>\t\t\t\t\t\t\t\t\t\t\t\t\t\t\t<\/div>\n\t\t\t\t<\/div>\n\t\t\t\t<\/div>\n\t\t\t\t<\/div>\n\t\t<div class=\"elementor-element elementor-element-15c4c55 e-con-full e-flex e-con e-parent\" data-id=\"15c4c55\" data-element_type=\"container\" data-e-type=\"container\" data-settings=\"{&quot;background_background&quot;:&quot;classic&quot;,&quot;ekit_has_onepagescroll_dot&quot;:&quot;yes&quot;}\">\n\t\t\t\t<div class=\"elementor-element elementor-element-cf7446a elementor-widget elementor-widget-heading\" data-id=\"cf7446a\" data-element_type=\"widget\" data-e-type=\"widget\" data-settings=\"{&quot;ekit_we_effect_on&quot;:&quot;none&quot;}\" data-widget_type=\"heading.default\">\n\t\t\t\t<div class=\"elementor-widget-container\">\n\t\t\t\t\t<h2 class=\"elementor-heading-title elementor-size-default\">Th\u00f4ng s\u1ed1 van \u0111i\u1ec7n t\u1eeb t\u00e1c \u0111\u1ed9ng tr\u1ef1c ti\u1ebfp:<\/h2>\t\t\t\t<\/div>\n\t\t\t\t<\/div>\n\t\t\t\t<\/div>\n\t\t<div class=\"elementor-element elementor-element-0b18e32 e-flex e-con-boxed e-con e-parent\" data-id=\"0b18e32\" data-element_type=\"container\" data-e-type=\"container\" data-settings=\"{&quot;ekit_has_onepagescroll_dot&quot;:&quot;yes&quot;}\">\n\t\t\t\t\t<div class=\"e-con-inner\">\n\t\t\t\t<div class=\"elementor-element elementor-element-ffd4484 elementor-widget elementor-widget-text-editor\" data-id=\"ffd4484\" data-element_type=\"widget\" data-e-type=\"widget\" data-settings=\"{&quot;ekit_we_effect_on&quot;:&quot;none&quot;}\" data-widget_type=\"text-editor.default\">\n\t\t\t\t<div class=\"elementor-widget-container\">\n\t\t\t\t\t\t\t\t\t<p>C\u01a1 ch\u1ebf t\u00e1c \u0111\u1ed9ng tr\u1ef1c ti\u1ebfp c\u1ee7a c\u00e1c van n\u00e0y \u0111\u1ea3m b\u1ea3o th\u1eddi gian ph\u1ea3n h\u1ed3i nhanh v\u00e0 ki\u1ec3m so\u00e1t ch\u00ednh x\u00e1c l\u01b0u l\u01b0\u1ee3ng ch\u1ea5t l\u1ecfng. B\u1eb1ng c\u00e1ch lo\u1ea1i b\u1ecf nhu c\u1ea7u v\u1ec1 van \u0111i\u1ec1u khi\u1ec3n, ch\u00fang h\u1ee3p l\u00fd h\u00f3a ho\u1ea1t \u0111\u1ed9ng v\u00e0 n\u00e2ng cao hi\u1ec7u qu\u1ea3, khi\u1ebfn ch\u00fang tr\u1edf n\u00ean kh\u00f4ng th\u1ec3 thi\u1ebfu trong c\u00e1c \u1ee9ng d\u1ee5ng m\u00e0 vi\u1ec7c ki\u1ec3m so\u00e1t ch\u1ea5t l\u1ecfng nhanh ch\u00f3ng v\u00e0 ch\u00ednh x\u00e1c l\u00e0 t\u1ed1i quan tr\u1ecdng.<\/p>\t\t\t\t\t\t\t\t<\/div>\n\t\t\t\t<\/div>\n\t\t\t\t<div class=\"elementor-element elementor-element-c95fcf1 elementor-widget elementor-widget-text-editor\" data-id=\"c95fcf1\" data-element_type=\"widget\" data-e-type=\"widget\" data-settings=\"{&quot;ekit_we_effect_on&quot;:&quot;none&quot;}\" data-widget_type=\"text-editor.default\">\n\t\t\t\t<div class=\"elementor-widget-container\">\n\t\t\t\t\t\t\t\t\t<table width=\"650\">\n<tbody>\n<tr>\n<td width=\"325\">Ph\u1ea1m vi k\u00edch th\u01b0\u1edbc<\/td>\n<td width=\"325\">DN06~DN10 (1\/8\u2033~3\/8\u2033)<\/td>\n<\/tr>\n<tr>\n<td width=\"325\">\u00c1p su\u1ea5t danh ngh\u0129a<\/td>\n<td width=\"325\">0~1.0MPa<\/td>\n<\/tr>\n<tr>\n<td width=\"325\">Ch\u1ebf \u0111\u1ed9 chuy\u1ec3n \u0111\u1ed5i<\/td>\n<td width=\"325\">Th\u01b0\u1eddng \u0111\u00f3ng<\/td>\n<\/tr>\n<tr>\n<td width=\"325\">S\u1ef1 li\u00ean quan<\/td>\n<td width=\"325\">Ch\u1ee7 \u0111\u1ec1 n\u1eef<\/td>\n<\/tr>\n<tr>\n<td width=\"325\">V\u1eadt li\u1ec7u th\u00e2n m\u00e1y<\/td>\n<td width=\"325\">Th\u00e9p kh\u00f4ng g\u1ec9, \u0110\u1ed3ng thau,<\/td>\n<\/tr>\n<tr>\n<td width=\"325\">V\u1eadt li\u1ec7u ni\u00eam phong<\/td>\n<td width=\"325\">Viton<\/td>\n<\/tr>\n<tr>\n<td width=\"325\">\u0110i\u1ec7n \u00e1p cu\u1ed9n d\u00e2y<\/td>\n<td width=\"325\">AC110V\/220V, DC12V\/24V<\/td>\n<\/tr>\n<tr>\n<td width=\"325\">Ph\u01b0\u01a1ng ti\u1ec7n \u00e1p d\u1ee5ng<\/td>\n<td width=\"325\">N\u01b0\u1edbc, d\u1ea7u, kh\u00f4ng kh\u00ed, v.v.<\/td>\n<\/tr>\n<\/tbody>\n<\/table>\t\t\t\t\t\t\t\t<\/div>\n\t\t\t\t<\/div>\n\t\t\t\t<div class=\"elementor-element elementor-element-c6975fe elementor-widget elementor-widget-heading\" data-id=\"c6975fe\" data-element_type=\"widget\" data-e-type=\"widget\" data-settings=\"{&quot;ekit_we_effect_on&quot;:&quot;none&quot;}\" data-widget_type=\"heading.default\">\n\t\t\t\t<div class=\"elementor-widget-container\">\n\t\t\t\t\t<h2 class=\"elementor-heading-title elementor-size-default\">\u01afu \u0111i\u1ec3m ch\u00ednh:<\/h2>\t\t\t\t<\/div>\n\t\t\t\t<\/div>\n\t\t\t\t<div class=\"elementor-element elementor-element-fab2721 elementor-widget elementor-widget-text-editor\" data-id=\"fab2721\" data-element_type=\"widget\" data-e-type=\"widget\" data-settings=\"{&quot;ekit_we_effect_on&quot;:&quot;none&quot;}\" data-widget_type=\"text-editor.default\">\n\t\t\t\t<div class=\"elementor-widget-container\">\n\t\t\t\t\t\t\t\t\t<ul><li><p><strong>Ki\u1ec3m so\u00e1t \u0111\u1ed9 ch\u00ednh x\u00e1c:<\/strong> C\u00e1c van n\u00e0y cung c\u1ea5p \u0111\u1ed9 ch\u00ednh x\u00e1c v\u00e0 kh\u1ea3 n\u0103ng l\u1eb7p l\u1ea1i v\u00f4 song trong vi\u1ec7c \u0111i\u1ec1u ch\u1ec9nh ch\u1ea5t l\u1ecfng, \u0111\u1ea3m b\u1ea3o hi\u1ec7u su\u1ea5t nh\u1ea5t qu\u00e1n trong c\u00e1c \u1ee9ng d\u1ee5ng quan tr\u1ecdng.<\/p><\/li><li><p><strong>T\u1ed1i \u01b0u h\u00f3a kh\u00f4ng gian:<\/strong> V\u1edbi h\u00ecnh d\u1ea1ng nh\u1ecf g\u1ecdn, van \u0111i\u1ec7n t\u1eeb t\u00e1c \u0111\u1ed9ng tr\u1ef1c ti\u1ebfp thu nh\u1ecf cho ph\u00e9p s\u1eed d\u1ee5ng kh\u00f4ng gian hi\u1ec7u qu\u1ea3, cho ph\u00e9p t\u00edch h\u1ee3p linh ho\u1ea1t v\u00e0o nhi\u1ec1u h\u1ec7 th\u1ed1ng kh\u00e1c nhau.<\/p><\/li><li><p><strong>Ph\u1ea3n \u1ee9ng nhanh ch\u00f3ng:<\/strong> C\u01a1 ch\u1ebf t\u00e1c \u0111\u1ed9ng tr\u1ef1c ti\u1ebfp \u0111\u1ea3m b\u1ea3o th\u1eddi gian ph\u1ea3n h\u1ed3i nhanh ch\u00f3ng, cho ph\u00e9p \u0111i\u1ec1u ch\u1ec9nh nhanh ch\u00f3ng v\u00e0 n\u00e2ng cao hi\u1ec7u qu\u1ea3 c\u1ee7a h\u1ec7 th\u1ed1ng.<\/p><\/li><li><p><strong>T\u00f9y ch\u1ecdn t\u00f9y ch\u1ec9nh:<\/strong> C\u00f3 s\u1eb5n \u1edf nhi\u1ec1u c\u1ea5u h\u00ecnh, v\u1eadt li\u1ec7u v\u00e0 k\u00edch c\u1ee1 kh\u00e1c nhau, c\u00e1c van n\u00e0y c\u00f3 th\u1ec3 \u0111\u01b0\u1ee3c thi\u1ebft k\u1ebf ri\u00eang \u0111\u1ec3 \u0111\u00e1p \u1ee9ng c\u00e1c y\u00eau c\u1ea7u ri\u00eang bi\u1ec7t c\u1ee7a c\u00e1c \u1ee9ng d\u1ee5ng c\u1ee5 th\u1ec3, mang l\u1ea1i t\u00ednh linh ho\u1ea1t v\u00e0 kh\u1ea3 n\u0103ng th\u00edch \u1ee9ng.<\/p><\/li><\/ul>\t\t\t\t\t\t\t\t<\/div>\n\t\t\t\t<\/div>\n\t\t\t\t<div class=\"elementor-element elementor-element-fe1154f elementor-widget elementor-widget-heading\" data-id=\"fe1154f\" data-element_type=\"widget\" data-e-type=\"widget\" data-settings=\"{&quot;ekit_we_effect_on&quot;:&quot;none&quot;}\" data-widget_type=\"heading.default\">\n\t\t\t\t<div class=\"elementor-widget-container\">\n\t\t\t\t\t<h2 class=\"elementor-heading-title elementor-size-default\">Ph\u1ea7n k\u1ebft lu\u1eadn:<\/h2>\t\t\t\t<\/div>\n\t\t\t\t<\/div>\n\t\t\t\t<div class=\"elementor-element elementor-element-472bfac elementor-widget elementor-widget-text-editor\" data-id=\"472bfac\" data-element_type=\"widget\" data-e-type=\"widget\" data-settings=\"{&quot;ekit_we_effect_on&quot;:&quot;none&quot;}\" data-widget_type=\"text-editor.default\">\n\t\t\t\t<div class=\"elementor-widget-container\">\n\t\t\t\t\t\t\t\t\t<p>Van \u0111i\u1ec7n t\u1eeb t\u00e1c \u0111\u1ed9ng tr\u1ef1c ti\u1ebfp thu nh\u1ecf t\u01b0\u1ee3ng tr\u01b0ng cho \u0111\u1ed9 ch\u00ednh x\u00e1c v\u00e0 hi\u1ec7u qu\u1ea3 trong ki\u1ec3m so\u00e1t ch\u1ea5t l\u1ecfng, cung c\u1ea5p c\u00e1c gi\u1ea3i ph\u00e1p nh\u1ecf g\u1ecdn nh\u01b0ng m\u1ea1nh m\u1ebd cho nhi\u1ec1u \u1ee9ng d\u1ee5ng trong nhi\u1ec1u ng\u00e0nh c\u00f4ng nghi\u1ec7p. V\u1edbi th\u1eddi gian ph\u1ea3n h\u1ed3i nhanh, \u0111i\u1ec1u ch\u1ec9nh ch\u00ednh x\u00e1c v\u00e0 \u1ee9ng d\u1ee5ng \u0111a d\u1ea1ng, c\u00e1c van n\u00e0y ti\u1ebfp t\u1ee5c th\u00fac \u0111\u1ea9y s\u1ef1 \u0111\u1ed5i m\u1edbi v\u00e0 hi\u1ec7u qu\u1ea3 trong c\u00e1c h\u1ec7 th\u1ed1ng ki\u1ec3m so\u00e1t ch\u1ea5t l\u1ecfng tr\u00ean to\u00e0n th\u1ebf gi\u1edbi.<\/p>\t\t\t\t\t\t\t\t<\/div>\n\t\t\t\t<\/div>\n\t\t\t\t\t<\/div>\n\t\t\t\t<\/div>\n\t\t\t\t<\/div>","protected":false},"excerpt":{"rendered":"<p><strong>Van \u0111i\u1ec7n t\u1eeb t\u00e1c \u0111\u1ed9ng tr\u1ef1c ti\u1ebfp thu nh\u1ecf: \u0110\u1ed9 ch\u00ednh x\u00e1c trong thi\u1ebft k\u1ebf nh\u1ecf g\u1ecdn<\/strong><\/p>\n<p>Van \u0111i\u1ec7n t\u1eeb t\u00e1c \u0111\u1ed9ng tr\u1ef1c ti\u1ebfp thu nh\u1ecf \u0111\u1ea1i di\u1ec7n cho \u0111\u1ec9nh cao c\u1ee7a c\u00f4ng ngh\u1ec7 ki\u1ec3m so\u00e1t ch\u1ea5t l\u1ecfng, cung c\u1ea5p kh\u1ea3 n\u0103ng \u0111i\u1ec1u ch\u1ec9nh ch\u00ednh x\u00e1c trong m\u1ed9t di\u1ec7n t\u00edch nh\u1ecf \u0111\u00e1ng kinh ng\u1ea1c. Trong qu\u00e1 tr\u00ecnh kh\u00e1m ph\u00e1 to\u00e0n di\u1ec7n n\u00e0y, ch\u00fang t\u00f4i \u0111i s\u00e2u v\u00e0o s\u1ef1 ph\u1ee9c t\u1ea1p c\u1ee7a c\u00e1c van n\u00e0y, kh\u00e1m ph\u00e1 c\u00e1c t\u00ednh n\u0103ng, nguy\u00ean l\u00fd ho\u1ea1t \u0111\u1ed9ng, \u1ee9ng d\u1ee5ng \u0111a d\u1ea1ng v\u00e0 v\u00f4 s\u1ed1 l\u1ee3i \u00edch m\u00e0 ch\u00fang mang l\u1ea1i cho c\u00e1c ng\u00e0nh c\u00f4ng nghi\u1ec7p tr\u00ean to\u00e0n th\u1ebf gi\u1edbi.<\/p>\n<p><strong>Hi\u1ec7u qu\u1ea3 nh\u1ecf g\u1ecdn:<\/strong><\/p>\n<p>\u0110\u01b0\u1ee3c ch\u1ebf t\u1ea1o t\u1eadp trung v\u00e0o vi\u1ec7c t\u1ed1i \u01b0u h\u00f3a kh\u00f4ng gian, van \u0111i\u1ec7n t\u1eeb t\u00e1c \u0111\u1ed9ng tr\u1ef1c ti\u1ebfp thu nh\u1ecf \u0111\u01b0\u1ee3c thi\u1ebft k\u1ebf \u0111\u1ec3 chi\u1ebfm \u00edt di\u1ec7n t\u00edch nh\u1ea5t trong khi v\u1eabn mang l\u1ea1i hi\u1ec7u su\u1ea5t t\u1ed1i \u0111a. Thi\u1ebft k\u1ebf nh\u1ecf g\u1ecdn c\u1ee7a ch\u00fang t\u1ea1o \u0111i\u1ec1u ki\u1ec7n t\u00edch h\u1ee3p li\u1ec1n m\u1ea1ch v\u00e0o c\u00e1c h\u1ec7 th\u1ed1ng c\u00f3 kh\u00f4ng gian h\u1ea1n ch\u1ebf m\u00e0 kh\u00f4ng \u1ea3nh h\u01b0\u1edfng \u0111\u1ebfn ch\u1ee9c n\u0103ng.<\/p>\n<ul>\n<li><strong>Ng\u01b0\u1eddi m\u1eabu:<\/strong> DK02<\/li>\n<li><strong>Ph\u1ea1m vi k\u00edch th\u01b0\u1edbc:<\/strong> 1\/8&#8221;~3\/8&#8221;<\/li>\n<li><strong>Ph\u1ea1m vi \u00e1p su\u1ea5t:<\/strong> 0.0MPa-1.0MPa<\/li>\n<li><strong>V\u1eadt li\u1ec7u: <\/strong>Th\u00e9p kh\u00f4ng g\u1ec9 304\/316 ho\u1eb7c \u0110\u1ed3ng thau<\/li>\n<\/ul>","protected":false},"featured_media":9773,"template":"","meta":{"site-sidebar-layout":"default","site-content-layout":"","ast-site-content-layout":"default","site-content-style":"default","site-sidebar-style":"default","ast-global-header-display":"","ast-banner-title-visibility":"","ast-main-header-display":"","ast-hfb-above-header-display":"","ast-hfb-below-header-display":"","ast-hfb-mobile-header-display":"","site-post-title":"","ast-breadcrumbs-content":"","ast-featured-img":"","footer-sml-layout":"","ast-disable-related-posts":"","theme-transparent-header-meta":"default","adv-header-id-meta":"","stick-header-meta":"","header-above-stick-meta":"","header-main-stick-meta":"","header-below-stick-meta":"","astra-migrate-meta-layouts":"set","ast-page-background-enabled":"default","ast-page-background-meta":{"desktop":{"background-color":"var(--ast-global-color-4)","background-image":"","background-repeat":"repeat","background-position":"center center","background-size":"auto","background-attachment":"scroll","background-type":"","background-media":"","overlay-type":"","overlay-color":"","overlay-opacity":"","overlay-gradient":""},"tablet":{"background-color":"","background-image":"","background-repeat":"repeat","background-position":"center center","background-size":"auto","background-attachment":"scroll","background-type":"","background-media":"","overlay-type":"","overlay-color":"","overlay-opacity":"","overlay-gradient":""},"mobile":{"background-color":"","background-image":"","background-repeat":"repeat","background-position":"center center","background-size":"auto","background-attachment":"scroll","background-type":"","background-media":"","overlay-type":"","overlay-color":"","overlay-opacity":"","overlay-gradient":""}},"ast-content-background-meta":{"desktop":{"background-color":"var(--ast-global-color-5)","background-image":"","background-repeat":"repeat","background-position":"center center","background-size":"auto","background-attachment":"scroll","background-type":"","background-media":"","overlay-type":"","overlay-color":"","overlay-opacity":"","overlay-gradient":""},"tablet":{"background-color":"var(--ast-global-color-5)","background-image":"","background-repeat":"repeat","background-position":"center center","background-size":"auto","background-attachment":"scroll","background-type":"","background-media":"","overlay-type":"","overlay-color":"","overlay-opacity":"","overlay-gradient":""},"mobile":{"background-color":"var(--ast-global-color-5)","background-image":"","background-repeat":"repeat","background-position":"center center","background-size":"auto","background-attachment":"scroll","background-type":"","background-media":"","overlay-type":"","overlay-color":"","overlay-opacity":"","overlay-gradient":""}}},"product_brand":[],"product_cat":[713,33,37],"product_tag":[199,198,197,196,200,201,158,156,73,56],"class_list":{"0":"post-3022","1":"product","2":"type-product","3":"status-publish","4":"has-post-thumbnail","6":"product_cat-direct-acting-solenoid-valve","7":"product_cat-products","8":"product_cat-solenoid-valves","9":"product_tag-direct-acting-solenoid-valve","10":"product_tag-direct-acting-solenoid-valves","11":"product_tag-mini-direct-acting-solenoid-valve","12":"product_tag-mini-direct-acting-solenoid-valves","13":"product_tag-miniature-direct-acting-solenoid-valve","14":"product_tag-miniature-direct-acting-solenoid-valves","15":"product_tag-solenoid-valve","16":"product_tag-solenoid-valves","17":"product_tag-valve","18":"product_tag-valves","19":"desktop-align-center","20":"tablet-align-left","21":"mobile-align-left","23":"first","24":"instock","25":"shipping-taxable","26":"product-type-simple"},"_links":{"self":[{"href":"https:\/\/www.delcofluid.com\/vi\/wp-json\/wp\/v2\/product\/3022","targetHints":{"allow":["GET"]}}],"collection":[{"href":"https:\/\/www.delcofluid.com\/vi\/wp-json\/wp\/v2\/product"}],"about":[{"href":"https:\/\/www.delcofluid.com\/vi\/wp-json\/wp\/v2\/types\/product"}],"version-history":[{"count":0,"href":"https:\/\/www.delcofluid.com\/vi\/wp-json\/wp\/v2\/product\/3022\/revisions"}],"wp:featuredmedia":[{"embeddable":true,"href":"https:\/\/www.delcofluid.com\/vi\/wp-json\/wp\/v2\/media\/9773"}],"wp:attachment":[{"href":"https:\/\/www.delcofluid.com\/vi\/wp-json\/wp\/v2\/media?parent=3022"}],"wp:term":[{"taxonomy":"product_brand","embeddable":true,"href":"https:\/\/www.delcofluid.com\/vi\/wp-json\/wp\/v2\/product_brand?post=3022"},{"taxonomy":"product_cat","embeddable":true,"href":"https:\/\/www.delcofluid.com\/vi\/wp-json\/wp\/v2\/product_cat?post=3022"},{"taxonomy":"product_tag","embeddable":true,"href":"https:\/\/www.delcofluid.com\/vi\/wp-json\/wp\/v2\/product_tag?post=3022"}],"curies":[{"name":"wp","href":"https:\/\/api.w.org\/{rel}","templated":true}]}}