{"id":3040,"date":"2024-03-29T07:03:39","date_gmt":"2024-03-29T07:03:39","guid":{"rendered":"https:\/\/www.delcofluid.com\/?post_type=product&#038;p=3040"},"modified":"2024-12-04T09:45:08","modified_gmt":"2024-12-04T09:45:08","slug":"directly-operated-high-pressure-solenoid-valves","status":"publish","type":"product","link":"https:\/\/www.delcofluid.com\/vi\/san-pham\/directly-operated-high-pressure-solenoid-valves\/","title":{"rendered":"Van \u0111i\u1ec7n t\u1eeb \u00e1p su\u1ea5t cao t\u00e1c \u0111\u1ed9ng tr\u1ef1c ti\u1ebfp DELCO-DKBB"},"content":{"rendered":"<div data-elementor-type=\"product-post\" data-elementor-id=\"3040\" class=\"elementor elementor-3040\" data-elementor-post-type=\"product\">\n\t\t\t\t<div class=\"elementor-element elementor-element-d687e8c e-con-full e-flex e-con e-parent\" data-id=\"d687e8c\" data-element_type=\"container\" data-e-type=\"container\" data-settings=\"{&quot;ekit_has_onepagescroll_dot&quot;:&quot;yes&quot;}\">\n\t\t<div class=\"elementor-element elementor-element-af28963 e-con-full e-flex e-con e-child\" data-id=\"af28963\" data-element_type=\"container\" data-e-type=\"container\" data-settings=\"{&quot;ekit_has_onepagescroll_dot&quot;:&quot;yes&quot;}\">\n\t\t\t\t<div class=\"elementor-element elementor-element-d09385f elementor-widget elementor-widget-heading\" data-id=\"d09385f\" data-element_type=\"widget\" data-e-type=\"widget\" data-settings=\"{&quot;ekit_we_effect_on&quot;:&quot;none&quot;}\" data-widget_type=\"heading.default\">\n\t\t\t\t<div class=\"elementor-widget-container\">\n\t\t\t\t\t<h2 class=\"elementor-heading-title elementor-size-default\">Van \u0111i\u1ec7n t\u1eeb \u00e1p su\u1ea5t cao<\/h2>\t\t\t\t<\/div>\n\t\t\t\t<\/div>\n\t\t\t\t<div class=\"elementor-element elementor-element-62fbce2 elementor-widget elementor-widget-text-editor\" data-id=\"62fbce2\" data-element_type=\"widget\" data-e-type=\"widget\" data-settings=\"{&quot;ekit_we_effect_on&quot;:&quot;none&quot;}\" data-widget_type=\"text-editor.default\">\n\t\t\t\t<div class=\"elementor-widget-container\">\n\t\t\t\t\t\t\t\t\t<p>V\u1eadt li\u1ec7u v\u00e0 c\u1ea5u t\u1ea1o: Van \u0111\u01b0\u1ee3c ch\u1ebf t\u1ea1o ho\u00e0n to\u00e0n b\u1eb1ng th\u00e9p kh\u00f4ng g\u1ec9 ch\u1ea5t l\u01b0\u1ee3ng cao, \u0111\u1ea3m b\u1ea3o \u0111\u1ed9 b\u1ec1n v\u00e0 kh\u1ea3 n\u0103ng ch\u1ed1ng \u0103n m\u00f2n.<br \/>Th\u00f4ng s\u1ed1 k\u1ef9 thu\u1eadt thi\u1ebft k\u1ebf: \u0110\u01b0\u1ee3c thi\u1ebft k\u1ebf l\u00e0 van 2\/2 chi\u1ec1u, ngh\u0129a l\u00e0 c\u00f3 hai c\u1ed5ng v\u00e0 hai v\u1ecb tr\u00ed \u2013 m\u1edf v\u00e0 \u0111\u00f3ng.<br \/>C\u01a1 ch\u1ebf ho\u1ea1t \u0111\u1ed9ng: Ho\u1ea1t \u0111\u1ed9ng theo nguy\u00ean l\u00fd th\u01b0\u1eddng \u0111\u00f3ng, trong \u0111\u00f3 van \u0111\u00f3ng theo m\u1eb7c \u0111\u1ecbnh v\u00e0 m\u1edf khi c\u00f3 \u0111i\u1ec7n.<br \/>Kh\u1ea3 n\u0103ng t\u01b0\u01a1ng th\u00edch v\u1ec1 k\u00edch th\u01b0\u1edbc v\u00e0 \u00e1p su\u1ea5t: C\u00e1c k\u00edch th\u01b0\u1edbc c\u00f3 s\u1eb5n t\u1eeb 1\/4\u201d \u0111\u1ebfn 1\/2\u201d, v\u1edbi kh\u1ea3 n\u0103ng x\u1eed l\u00fd \u00e1p su\u1ea5t t\u1eeb 0,5MPa \u0111\u1ebfn 25 MPa, \u0111\u00e1p \u1ee9ng nhi\u1ec1u y\u00eau c\u1ea7u v\u1eadn h\u00e0nh kh\u00e1c nhau.<br \/>H\u1ed7 tr\u1ee3 \u0111i\u1ec7n \u00e1p: Van n\u00e0y h\u1ed7 tr\u1ee3 \u0111\u1ea7u v\u00e0o \u0111i\u1ec7n \u00e1p DC 12\/24V, gi\u00fap n\u00f3 linh ho\u1ea1t cho nhi\u1ec1u thi\u1ebft l\u1eadp \u0111i\u1ec7n kh\u00e1c nhau.<br \/>Ki\u1ec3u k\u1ebft n\u1ed1i: C\u00f3 k\u1ebft n\u1ed1i ren \u0111\u1ec3 l\u1eafp \u0111\u1eb7t an to\u00e0n v\u00e0 d\u1ec5 d\u00e0ng.<br \/>Ch\u1ee9c n\u0103ng: Chu tr\u00ecnh ho\u1ea1t \u0111\u1ed9ng li\u00ean t\u1ee5c \u0111\u1ea3m b\u1ea3o van c\u00f3 th\u1ec3 ho\u1ea1t \u0111\u1ed9ng m\u00e0 kh\u00f4ng b\u1ecb gi\u00e1n \u0111o\u1ea1n.<br \/>T\u00ednh linh ho\u1ea1t: M\u1eb7c d\u00f9 l\u00fd t\u01b0\u1edfng cho c\u00e1c \u1ee9ng d\u1ee5ng n\u01b0\u1edbc v\u00e0 kh\u00f4ng kh\u00ed, nh\u01b0ng s\u1ea3n ph\u1ea9m n\u00e0y \u0111\u01b0\u1ee3c thi\u1ebft k\u1ebf ri\u00eang \u0111\u1ec3 \u0111\u1ea1t hi\u1ec7u qu\u1ea3 cao trong c\u00e1c nhi\u1ec7m v\u1ee5 ph\u00e2n ph\u1ed1i CNG.<\/p>\t\t\t\t\t\t\t\t<\/div>\n\t\t\t\t<\/div>\n\t\t\t\t<\/div>\n\t\t<div class=\"elementor-element elementor-element-3ba88f2 e-con-full e-flex e-con e-child\" data-id=\"3ba88f2\" data-element_type=\"container\" data-e-type=\"container\" data-settings=\"{&quot;ekit_has_onepagescroll_dot&quot;:&quot;yes&quot;}\">\n\t\t\t\t<div class=\"elementor-element elementor-element-a34c371 elementor-widget__width-initial elementor-widget elementor-widget-image\" data-id=\"a34c371\" data-element_type=\"widget\" data-e-type=\"widget\" data-settings=\"{&quot;ekit_we_effect_on&quot;:&quot;none&quot;}\" data-widget_type=\"image.default\">\n\t\t\t\t<div class=\"elementor-widget-container\">\n\t\t\t\t\t\t\t\t\t\t\t\t\t\t\t<img fetchpriority=\"high\" decoding=\"async\" width=\"1024\" height=\"1024\" src=\"https:\/\/www.delcofluid.com\/wp-content\/uploads\/2024\/03\/13-1-1024x1024.jpg\" class=\"attachment-large size-large wp-image-3046\" alt=\"Solenoid Valves-2\" srcset=\"https:\/\/www.delcofluid.com\/wp-content\/uploads\/2024\/03\/13-1-1024x1024.jpg 1024w, https:\/\/www.delcofluid.com\/wp-content\/uploads\/2024\/03\/13-1-300x300.jpg 300w, https:\/\/www.delcofluid.com\/wp-content\/uploads\/2024\/03\/13-1-100x100.jpg 100w, https:\/\/www.delcofluid.com\/wp-content\/uploads\/2024\/03\/13-1-600x600.jpg 600w, https:\/\/www.delcofluid.com\/wp-content\/uploads\/2024\/03\/13-1-150x150.jpg 150w, https:\/\/www.delcofluid.com\/wp-content\/uploads\/2024\/03\/13-1-768x768.jpg 768w, https:\/\/www.delcofluid.com\/wp-content\/uploads\/2024\/03\/13-1.jpg 1500w\" sizes=\"(max-width: 1024px) 100vw, 1024px\" \/>\t\t\t\t\t\t\t\t\t\t\t\t\t\t\t<\/div>\n\t\t\t\t<\/div>\n\t\t\t\t<\/div>\n\t\t\t\t<\/div>\n\t\t<div class=\"elementor-element elementor-element-15c4c55 e-con-full e-flex e-con e-parent\" data-id=\"15c4c55\" data-element_type=\"container\" data-e-type=\"container\" data-settings=\"{&quot;background_background&quot;:&quot;classic&quot;,&quot;ekit_has_onepagescroll_dot&quot;:&quot;yes&quot;}\">\n\t\t\t\t<div class=\"elementor-element elementor-element-cf7446a elementor-widget elementor-widget-heading\" data-id=\"cf7446a\" data-element_type=\"widget\" data-e-type=\"widget\" data-settings=\"{&quot;ekit_we_effect_on&quot;:&quot;none&quot;}\" data-widget_type=\"heading.default\">\n\t\t\t\t<div class=\"elementor-widget-container\">\n\t\t\t\t\t<h2 class=\"elementor-heading-title elementor-size-default\">Th\u00f4ng s\u1ed1 k\u1ef9 thu\u1eadt c\u1ee7a van \u0111i\u1ec7n t\u1eeb \u00e1p su\u1ea5t cao:<\/h2>\t\t\t\t<\/div>\n\t\t\t\t<\/div>\n\t\t\t\t<\/div>\n\t\t<div class=\"elementor-element elementor-element-0b18e32 e-flex e-con-boxed e-con e-parent\" data-id=\"0b18e32\" data-element_type=\"container\" data-e-type=\"container\" data-settings=\"{&quot;ekit_has_onepagescroll_dot&quot;:&quot;yes&quot;}\">\n\t\t\t\t\t<div class=\"e-con-inner\">\n\t\t\t\t<div class=\"elementor-element elementor-element-ffd4484 elementor-widget elementor-widget-text-editor\" data-id=\"ffd4484\" data-element_type=\"widget\" data-e-type=\"widget\" data-settings=\"{&quot;ekit_we_effect_on&quot;:&quot;none&quot;}\" data-widget_type=\"text-editor.default\">\n\t\t\t\t<div class=\"elementor-widget-container\">\n\t\t\t\t\t\t\t\t\t<table width=\"288\"><tbody><tr><td width=\"72\">Ki\u1ec3u<\/td><td width=\"72\">Van \u0111i\u1ec7n t\u1eeb\u00a0<\/td><td width=\"72\">K\u00edch th\u01b0\u1edbc c\u1ed5ng<\/td><td width=\"72\">1\/4\u201d, 3\/8\u201d, 1\/2\u2033<\/td><\/tr><tr><td width=\"72\">V\u1eadt li\u1ec7u<\/td><td width=\"72\">Th\u00e9p kh\u00f4ng g\u1ec9\u00a0 \u00a0 \u00a0\u00a0<\/td><td width=\"72\">V\u1eadt li\u1ec7u ni\u00eam phong<\/td><td width=\"72\">PTFE<\/td><\/tr><tr><td width=\"72\">\u00c1p l\u1ef1c<\/td><td width=\"72\">0MPa-25MPa<\/td><td width=\"72\">Ch\u1ee9c n\u0103ng<\/td><td width=\"72\">Th\u01b0\u1eddng \u0111\u00f3ng\u00a0<\/td><\/tr><tr><td width=\"72\">B\u1ea3o h\u00e0nh<\/td><td width=\"72\">\u00a012 con b\u01b0\u1edbm \u0111\u00eam<\/td><td width=\"72\">L\u1ed7 (mm)<\/td><td width=\"72\">\u20135.0, 6.0, 7.0<\/td><\/tr><tr><td width=\"72\">Ch\u1ee9c n\u0103ng<\/td><td width=\"72\">Th\u01b0\u1eddng \u0111\u00f3ng ho\u1eb7c m\u1edf<\/td><td width=\"72\">Ng\u01b0\u1eddi m\u1eabu<\/td><td width=\"72\">\u0110KKB<\/td><\/tr><\/tbody><\/table><p>\u00a0<\/p>\t\t\t\t\t\t\t\t<\/div>\n\t\t\t\t<\/div>\n\t\t\t\t<div class=\"elementor-element elementor-element-088f1a6 elementor-widget elementor-widget-heading\" data-id=\"088f1a6\" data-element_type=\"widget\" data-e-type=\"widget\" data-settings=\"{&quot;ekit_we_effect_on&quot;:&quot;none&quot;}\" data-widget_type=\"heading.default\">\n\t\t\t\t<div class=\"elementor-widget-container\">\n\t\t\t\t\t<h2 class=\"elementor-heading-title elementor-size-default\">\u1ee8ng d\u1ee5ng van \u0111i\u1ec7n t\u1eeb \u00e1p su\u1ea5t cao:<\/h2>\t\t\t\t<\/div>\n\t\t\t\t<\/div>\n\t\t\t\t<div class=\"elementor-element elementor-element-6591800 elementor-widget elementor-widget-text-editor\" data-id=\"6591800\" data-element_type=\"widget\" data-e-type=\"widget\" data-settings=\"{&quot;ekit_we_effect_on&quot;:&quot;none&quot;}\" data-widget_type=\"text-editor.default\">\n\t\t\t\t<div class=\"elementor-widget-container\">\n\t\t\t\t\t\t\t\t\t<p>C\u00e1c van n\u00e0y \u0111\u01b0\u1ee3c s\u1eed d\u1ee5ng r\u1ed9ng r\u00e3i trong c\u00e1c ng\u00e0nh c\u00f4ng nghi\u1ec7p \u0111\u00f2i h\u1ecfi ki\u1ec3m so\u00e1t ch\u1ea5t l\u1ecfng ch\u00ednh x\u00e1c, ch\u1eb3ng h\u1ea1n nh\u01b0 d\u1ea7u kh\u00ed, h\u00f3a d\u1ea7u, ch\u1ebf bi\u1ebfn h\u00f3a ch\u1ea5t v\u00e0 h\u00e0ng kh\u00f4ng v\u0169 tr\u1ee5. Ch\u00fang \u0111\u01b0\u1ee3c tri\u1ec3n khai trong c\u00e1c \u1ee9ng d\u1ee5ng bao g\u1ed3m h\u1ec7 th\u1ed1ng th\u1ee7y l\u1ef1c, h\u1ec7 th\u1ed1ng kh\u00ed n\u00e9n, t\u1ef1 \u0111\u1ed9ng h\u00f3a quy tr\u00ecnh v\u00e0 x\u1eed l\u00fd ch\u1ea5t l\u1ecfng \u00e1p su\u1ea5t cao. Cho d\u00f9 l\u00e0 ki\u1ec3m so\u00e1t d\u00f2ng ch\u1ea5t l\u1ecfng th\u1ee7y l\u1ef1c trong m\u00e1y m\u00f3c h\u1ea1ng n\u1eb7ng hay \u0111i\u1ec1u ch\u1ec9nh \u00e1p su\u1ea5t kh\u00ed trong c\u00e1c \u1ee9ng d\u1ee5ng h\u00e0ng kh\u00f4ng v\u0169 tr\u1ee5, c\u00e1c van n\u00e0y \u0111\u1ec1u v\u01b0\u1ee3t tr\u1ed9i trong c\u00e1c t\u00ecnh hu\u1ed1ng \u0111a d\u1ea1ng v\u00e0 \u0111\u00f2i h\u1ecfi kh\u1eaft khe.<\/p>\t\t\t\t\t\t\t\t<\/div>\n\t\t\t\t<\/div>\n\t\t\t\t<div class=\"elementor-element elementor-element-c6975fe elementor-widget elementor-widget-heading\" data-id=\"c6975fe\" data-element_type=\"widget\" data-e-type=\"widget\" data-settings=\"{&quot;ekit_we_effect_on&quot;:&quot;none&quot;}\" data-widget_type=\"heading.default\">\n\t\t\t\t<div class=\"elementor-widget-container\">\n\t\t\t\t\t<h2 class=\"elementor-heading-title elementor-size-default\">L\u1ee3i \u00edch c\u1ee7a van \u0111i\u1ec7n t\u1eeb \u00e1p su\u1ea5t cao:<\/h2>\t\t\t\t<\/div>\n\t\t\t\t<\/div>\n\t\t\t\t<div class=\"elementor-element elementor-element-fab2721 elementor-widget elementor-widget-text-editor\" data-id=\"fab2721\" data-element_type=\"widget\" data-e-type=\"widget\" data-settings=\"{&quot;ekit_we_effect_on&quot;:&quot;none&quot;}\" data-widget_type=\"text-editor.default\">\n\t\t\t\t<div class=\"elementor-widget-container\">\n\t\t\t\t\t\t\t\t\t<p>L\u1ee3i \u00edch c\u1ee7a van \u0111i\u1ec7n t\u1eeb \u00e1p su\u1ea5t cao v\u1eadn h\u00e0nh tr\u1ef1c ti\u1ebfp r\u1ea5t \u0111a d\u1ea1ng. Kh\u1ea3 n\u0103ng \u0111i\u1ec1u khi\u1ec3n ch\u00ednh x\u00e1c c\u1ee7a ch\u00fang \u0111\u1ea3m b\u1ea3o hi\u1ec7u su\u1ea5t v\u00e0 hi\u1ec7u qu\u1ea3 t\u1ed1i \u01b0u trong c\u00e1c h\u1ec7 th\u1ed1ng x\u1eed l\u00fd ch\u1ea5t l\u1ecfng. Ngo\u00e0i ra, c\u1ea5u tr\u00fac ch\u1eafc ch\u1eafn v\u00e0 ho\u1ea1t \u0111\u1ed9ng \u0111\u00e1ng tin c\u1eady c\u1ee7a ch\u00fang g\u00f3p ph\u1ea7n gi\u1ea3m th\u1eddi gian ch\u1ebft v\u00e0 chi ph\u00ed b\u1ea3o tr\u00ec. H\u01a1n n\u1eefa, c\u00e1c van n\u00e0y t\u01b0\u01a1ng th\u00edch v\u1edbi nhi\u1ec1u lo\u1ea1i ch\u1ea5t l\u1ecfng v\u00e0 kh\u00ed, khi\u1ebfn ch\u00fang tr\u1edf th\u00e0nh gi\u1ea3i ph\u00e1p linh ho\u1ea1t cho nhi\u1ec1u \u1ee9ng d\u1ee5ng c\u00f4ng nghi\u1ec7p kh\u00e1c nhau.<\/p>\t\t\t\t\t\t\t\t<\/div>\n\t\t\t\t<\/div>\n\t\t\t\t<div class=\"elementor-element elementor-element-fe1154f elementor-widget elementor-widget-heading\" data-id=\"fe1154f\" data-element_type=\"widget\" data-e-type=\"widget\" data-settings=\"{&quot;ekit_we_effect_on&quot;:&quot;none&quot;}\" data-widget_type=\"heading.default\">\n\t\t\t\t<div class=\"elementor-widget-container\">\n\t\t\t\t\t<h2 class=\"elementor-heading-title elementor-size-default\">Ph\u1ea7n k\u1ebft lu\u1eadn:<\/h2>\t\t\t\t<\/div>\n\t\t\t\t<\/div>\n\t\t\t\t<div class=\"elementor-element elementor-element-472bfac elementor-widget elementor-widget-text-editor\" data-id=\"472bfac\" data-element_type=\"widget\" data-e-type=\"widget\" data-settings=\"{&quot;ekit_we_effect_on&quot;:&quot;none&quot;}\" data-widget_type=\"text-editor.default\">\n\t\t\t\t<div class=\"elementor-widget-container\">\n\t\t\t\t\t\t\t\t\t<p>T\u00f3m l\u1ea1i, van \u0111i\u1ec7n t\u1eeb \u00e1p su\u1ea5t cao v\u1eadn h\u00e0nh tr\u1ef1c ti\u1ebfp \u0111\u00f3ng vai tr\u00f2 quan tr\u1ecdng trong vi\u1ec7c \u0111\u1ea3m b\u1ea3o ki\u1ec3m so\u00e1t ch\u1ea5t l\u1ecfng hi\u1ec7u qu\u1ea3 v\u00e0 \u0111\u00e1ng tin c\u1eady trong c\u00e1c m\u00f4i tr\u01b0\u1eddng kh\u1eafc nghi\u1ec7t. V\u1edbi c\u00e1c t\u00ednh n\u0103ng ti\u00ean ti\u1ebfn, ho\u1ea1t \u0111\u1ed9ng ch\u00ednh x\u00e1c v\u00e0 kh\u1ea3 n\u0103ng \u1ee9ng d\u1ee5ng r\u1ed9ng r\u00e3i, c\u00e1c van n\u00e0y l\u00e0 th\u00e0nh ph\u1ea7n kh\u00f4ng th\u1ec3 thi\u1ebfu trong nhi\u1ec1u ng\u00e0nh c\u00f4ng nghi\u1ec7p. Khi c\u00f4ng ngh\u1ec7 ti\u1ebfp t\u1ee5c ph\u00e1t tri\u1ec3n, c\u00e1c van n\u00e0y s\u1ebd v\u1eabn \u0111i \u0111\u1ea7u trong c\u00e1c gi\u1ea3i ph\u00e1p ki\u1ec3m so\u00e1t ch\u1ea5t l\u1ecfng, th\u00fac \u0111\u1ea9y s\u1ef1 \u0111\u1ed5i m\u1edbi v\u00e0 n\u00e2ng cao hi\u1ec7u su\u1ea5t trong c\u00e1c h\u1ec7 th\u1ed1ng quan tr\u1ecdng.<\/p>\t\t\t\t\t\t\t\t<\/div>\n\t\t\t\t<\/div>\n\t\t\t\t\t<\/div>\n\t\t\t\t<\/div>\n\t\t\t\t<\/div>","protected":false},"excerpt":{"rendered":"<p><span style=\"color: #333300\">Van \u0111i\u1ec7n t\u1eeb th\u00e9p kh\u00f4ng g\u1ec9 \u00e1p su\u1ea5t cao d\u00f2ng DKKB c\u1ee7a DELCO t\u1ef1 h\u00e0o c\u00f3 m\u1ed9t b\u1ed9 t\u00ednh n\u0103ng m\u1ea1nh m\u1ebd, khi\u1ebfn n\u00f3 tr\u1edf th\u00e0nh s\u1ef1 l\u1ef1a ch\u1ecdn n\u1ed5i b\u1eadt cho nhi\u1ec1u \u1ee9ng d\u1ee5ng kh\u00e1c nhau, \u0111\u1eb7c bi\u1ec7t l\u00e0 trong vi\u1ec7c ph\u00e2n ph\u1ed1i Kh\u00ed thi\u00ean nhi\u00ean n\u00e9n (CNG).\u00a0<\/span><\/p>\n<p><span style=\"color: #333300\">M\u1ed7i t\u00ednh n\u0103ng c\u1ee7a van \u0111i\u1ec7n t\u1eeb d\u00f2ng DKKB c\u1ee7a DELCO \u0111\u1ec1u l\u00e0m n\u1ed5i b\u1eadt ti\u1ec7n \u00edch c\u1ee7a n\u00f3 trong m\u00f4i tr\u01b0\u1eddng c\u00f4ng nghi\u1ec7p \u0111\u00f2i h\u1ecfi kh\u1ea3 n\u0103ng ki\u1ec3m so\u00e1t ch\u00ednh x\u00e1c c\u00e1c lo\u1ea1i kh\u00ed v\u00e0 ch\u1ea5t l\u1ecfng c\u00f3 \u00e1p su\u1ea5t cao.<\/span><\/p>\n<div class=\"elementor-element elementor-element-62fbce2 elementor-widget elementor-widget-text-editor\" data-id=\"62fbce2\" data-element_type=\"widget\" data-settings=\"{&quot;ekit_we_effect_on&quot;:&quot;none&quot;}\" data-widget_type=\"text-editor.default\">\n<div class=\"elementor-widget-container\">\n<ul>\n<li><span style=\"color: #333300\">Model: Van \u0111i\u1ec7n t\u1eeb \u00e1p su\u1ea5t cao<\/span><\/li>\n<li><span style=\"color: #333300\">Ph\u1ea1m vi k\u00edch th\u01b0\u1edbc: 3\/8\u201d~2\u201d<\/span><\/li>\n<li><span style=\"color: #333300\">Ph\u1ea1m vi \u00e1p su\u1ea5t: 0MPa~25 MPa<\/span><\/li>\n<li><span style=\"color: #333300\">Ch\u1ea5t li\u1ec7u: Th\u00e9p kh\u00f4ng g\u1ec9 304\/316<\/span><\/li>\n<\/ul>\n<\/div>\n<\/div>","protected":false},"featured_media":6805,"template":"","meta":{"site-sidebar-layout":"default","site-content-layout":"","ast-site-content-layout":"default","site-content-style":"default","site-sidebar-style":"default","ast-global-header-display":"","ast-banner-title-visibility":"","ast-main-header-display":"","ast-hfb-above-header-display":"","ast-hfb-below-header-display":"","ast-hfb-mobile-header-display":"","site-post-title":"","ast-breadcrumbs-content":"","ast-featured-img":"","footer-sml-layout":"","ast-disable-related-posts":"","theme-transparent-header-meta":"default","adv-header-id-meta":"","stick-header-meta":"","header-above-stick-meta":"","header-main-stick-meta":"","header-below-stick-meta":"","astra-migrate-meta-layouts":"set","ast-page-background-enabled":"default","ast-page-background-meta":{"desktop":{"background-color":"var(--ast-global-color-4)","background-image":"","background-repeat":"repeat","background-position":"center center","background-size":"auto","background-attachment":"scroll","background-type":"","background-media":"","overlay-type":"","overlay-color":"","overlay-opacity":"","overlay-gradient":""},"tablet":{"background-color":"","background-image":"","background-repeat":"repeat","background-position":"center center","background-size":"auto","background-attachment":"scroll","background-type":"","background-media":"","overlay-type":"","overlay-color":"","overlay-opacity":"","overlay-gradient":""},"mobile":{"background-color":"","background-image":"","background-repeat":"repeat","background-position":"center center","background-size":"auto","background-attachment":"scroll","background-type":"","background-media":"","overlay-type":"","overlay-color":"","overlay-opacity":"","overlay-gradient":""}},"ast-content-background-meta":{"desktop":{"background-color":"var(--ast-global-color-5)","background-image":"","background-repeat":"repeat","background-position":"center center","background-size":"auto","background-attachment":"scroll","background-type":"","background-media":"","overlay-type":"","overlay-color":"","overlay-opacity":"","overlay-gradient":""},"tablet":{"background-color":"var(--ast-global-color-5)","background-image":"","background-repeat":"repeat","background-position":"center center","background-size":"auto","background-attachment":"scroll","background-type":"","background-media":"","overlay-type":"","overlay-color":"","overlay-opacity":"","overlay-gradient":""},"mobile":{"background-color":"var(--ast-global-color-5)","background-image":"","background-repeat":"repeat","background-position":"center center","background-size":"auto","background-attachment":"scroll","background-type":"","background-media":"","overlay-type":"","overlay-color":"","overlay-opacity":"","overlay-gradient":""}}},"product_brand":[],"product_cat":[712,33,37],"product_tag":[203,202,205,204,158,156,73,56],"class_list":{"0":"post-3040","1":"product","2":"type-product","3":"status-publish","4":"has-post-thumbnail","6":"product_cat-high-pressure-solenoid-valve","7":"product_cat-products","8":"product_cat-solenoid-valves","9":"product_tag-directly-operated-high-pressure-solenoid-valve","10":"product_tag-directly-operated-high-pressure-solenoid-valves","11":"product_tag-high-pressure-solenoid-valve","12":"product_tag-high-pressure-solenoid-valves","13":"product_tag-solenoid-valve","14":"product_tag-solenoid-valves","15":"product_tag-valve","16":"product_tag-valves","17":"desktop-align-center","18":"tablet-align-left","19":"mobile-align-left","21":"first","22":"instock","23":"shipping-taxable","24":"product-type-simple"},"_links":{"self":[{"href":"https:\/\/www.delcofluid.com\/vi\/wp-json\/wp\/v2\/product\/3040","targetHints":{"allow":["GET"]}}],"collection":[{"href":"https:\/\/www.delcofluid.com\/vi\/wp-json\/wp\/v2\/product"}],"about":[{"href":"https:\/\/www.delcofluid.com\/vi\/wp-json\/wp\/v2\/types\/product"}],"version-history":[{"count":0,"href":"https:\/\/www.delcofluid.com\/vi\/wp-json\/wp\/v2\/product\/3040\/revisions"}],"wp:featuredmedia":[{"embeddable":true,"href":"https:\/\/www.delcofluid.com\/vi\/wp-json\/wp\/v2\/media\/6805"}],"wp:attachment":[{"href":"https:\/\/www.delcofluid.com\/vi\/wp-json\/wp\/v2\/media?parent=3040"}],"wp:term":[{"taxonomy":"product_brand","embeddable":true,"href":"https:\/\/www.delcofluid.com\/vi\/wp-json\/wp\/v2\/product_brand?post=3040"},{"taxonomy":"product_cat","embeddable":true,"href":"https:\/\/www.delcofluid.com\/vi\/wp-json\/wp\/v2\/product_cat?post=3040"},{"taxonomy":"product_tag","embeddable":true,"href":"https:\/\/www.delcofluid.com\/vi\/wp-json\/wp\/v2\/product_tag?post=3040"}],"curies":[{"name":"wp","href":"https:\/\/api.w.org\/{rel}","templated":true}]}}