{"id":5571,"date":"2024-05-15T08:12:46","date_gmt":"2024-05-15T07:12:46","guid":{"rendered":"https:\/\/www.delcofluid.com\/?post_type=product&#038;p=5571"},"modified":"2024-08-05T08:48:04","modified_gmt":"2024-08-05T07:48:04","slug":"series-regulating-modulating-type-electric-actuator","status":"publish","type":"product","link":"https:\/\/www.delcofluid.com\/vi\/san-pham\/series-regulating-modulating-type-electric-actuator\/","title":{"rendered":"B\u1ed9 truy\u1ec1n \u0111\u1ed9ng \u0111i\u1ec7n lo\u1ea1i \u0111i\u1ec1u ch\u1ec9nh \/ \u0111i\u1ec1u ch\u1ebf DELCO"},"content":{"rendered":"<div data-elementor-type=\"product-post\" data-elementor-id=\"5571\" class=\"elementor elementor-5571\" data-elementor-post-type=\"product\">\n\t\t\t\t<div class=\"elementor-element elementor-element-20539a1c e-con-full e-flex e-con e-parent\" data-id=\"20539a1c\" data-element_type=\"container\" data-e-type=\"container\" data-settings=\"{&quot;ekit_has_onepagescroll_dot&quot;:&quot;yes&quot;}\">\n\t\t<div class=\"elementor-element elementor-element-3316fa6 e-con-full e-flex e-con e-child\" data-id=\"3316fa6\" data-element_type=\"container\" data-e-type=\"container\" data-settings=\"{&quot;ekit_has_onepagescroll_dot&quot;:&quot;yes&quot;}\">\n\t\t<div class=\"elementor-element elementor-element-ef1974e e-flex e-con-boxed e-con e-child\" data-id=\"ef1974e\" data-element_type=\"container\" data-e-type=\"container\" data-settings=\"{&quot;ekit_has_onepagescroll_dot&quot;:&quot;yes&quot;}\">\n\t\t\t\t\t<div class=\"e-con-inner\">\n\t\t<div class=\"elementor-element elementor-element-e796ac0 e-con-full e-flex e-con e-child\" data-id=\"e796ac0\" data-element_type=\"container\" data-e-type=\"container\" data-settings=\"{&quot;ekit_has_onepagescroll_dot&quot;:&quot;yes&quot;}\">\n\t\t\t\t<div class=\"elementor-element elementor-element-10af53b elementor-widget elementor-widget-heading\" data-id=\"10af53b\" data-element_type=\"widget\" data-e-type=\"widget\" data-settings=\"{&quot;ekit_we_effect_on&quot;:&quot;none&quot;}\" data-widget_type=\"heading.default\">\n\t\t\t\t<div class=\"elementor-widget-container\">\n\t\t\t\t\t<h2 class=\"elementor-heading-title elementor-size-default\">B\u1ed9 truy\u1ec1n \u0111\u1ed9ng \u0111i\u1ec7n lo\u1ea1i \u0111i\u1ec1u ch\u1ec9nh \/ \u0111i\u1ec1u ch\u1ebf<\/h2>\t\t\t\t<\/div>\n\t\t\t\t<\/div>\n\t\t\t\t<\/div>\n\t\t\t\t\t<\/div>\n\t\t\t\t<\/div>\n\t\t\t\t<div class=\"elementor-element elementor-element-4b43349d elementor-widget__width-initial elementor-widget elementor-widget-text-editor\" data-id=\"4b43349d\" data-element_type=\"widget\" data-e-type=\"widget\" data-settings=\"{&quot;ekit_we_effect_on&quot;:&quot;none&quot;}\" data-widget_type=\"text-editor.default\">\n\t\t\t\t<div class=\"elementor-widget-container\">\n\t\t\t\t\t\t\t\t\t<div class=\"elementor-element elementor-element-7150acec elementor-widget elementor-widget-text-editor\" data-id=\"7150acec\" data-element_type=\"widget\" data-settings=\"{&quot;ekit_we_effect_on&quot;:&quot;none&quot;}\" data-widget_type=\"text-editor.default\"><div class=\"elementor-widget-container\"><p><span style=\"color: #000000;\"><strong>B\u1ed9 truy\u1ec1n \u0111\u1ed9ng \u0111i\u1ec7n lo\u1ea1i B\u1eacT\/T\u1eaeT:<\/strong><\/span>\u00a0V\u1edbi kh\u1ea3 n\u0103ng xoay 90 \u0111\u1ed9, b\u1ed9 truy\u1ec1n \u0111\u1ed9ng n\u00e0y cung c\u1ea5p ngu\u1ed3n \u0111i\u1ec7n AC\/DC, \u0111i\u1ec1u khi\u1ec3n t\u00edn hi\u1ec7u v\u00e0 kh\u1ea3 n\u0103ng ghi \u0111\u00e8 th\u1ee7 c\u00f4ng. V\u1edbi m\u00f4-men xo\u1eafn cao l\u00ean \u0111\u1ebfn 4000Nm, n\u00f3 \u0111\u1ea3m b\u1ea3o hi\u1ec7u su\u1ea5t \u0111\u00e1ng tin c\u1eady trong m\u00f4i tr\u01b0\u1eddng kh\u1eafc nghi\u1ec7t.<\/p><\/div><\/div><div class=\"elementor-element elementor-element-3dc1587e elementor-widget elementor-widget-text-editor\" data-id=\"3dc1587e\" data-element_type=\"widget\" data-settings=\"{&quot;ekit_we_effect_on&quot;:&quot;none&quot;}\" data-widget_type=\"text-editor.default\"><div class=\"elementor-widget-container\"><p><span style=\"color: #000000;\"><strong>B\u1ed9 truy\u1ec1n \u0111\u1ed9ng \u0111i\u1ec7n lo\u1ea1i \u0111i\u1ec1u ch\u1ebf:<\/strong><\/span>\u00a0\u0110i\u1ec1u ch\u1ec9nh g\u00f3c m\u1edf\/\u0111\u00f3ng m\u01b0\u1ee3t m\u00e0 t\u1eeb 0 \u0111\u1ebfn 90 \u0111\u1ed9 v\u1edbi b\u1ed9 truy\u1ec1n \u0111\u1ed9ng n\u00e0y. \u0110\u01b0\u1ee3c trang b\u1ecb ngu\u1ed3n \u0111i\u1ec7n AC\/DC, \u0111i\u1ec1u khi\u1ec3n t\u00edn hi\u1ec7u v\u00e0 ghi \u0111\u00e8 th\u1ee7 c\u00f4ng, n\u00f3 cung c\u1ea5p kh\u1ea3 n\u0103ng \u0111i\u1ec1u khi\u1ec3n ch\u00ednh x\u00e1c v\u00e0 m\u00f4-men xo\u1eafn cao l\u00ean \u0111\u1ebfn 4000Nm.<\/p><\/div><\/div><div class=\"elementor-element elementor-element-229f8d8a elementor-widget elementor-widget-text-editor\" data-id=\"229f8d8a\" data-element_type=\"widget\" data-settings=\"{&quot;ekit_we_effect_on&quot;:&quot;none&quot;}\" data-widget_type=\"text-editor.default\"><div class=\"elementor-widget-container\"><p><span style=\"color: #000000;\"><strong>B\u1ed9 truy\u1ec1n \u0111\u1ed9ng \u0111i\u1ec7n th\u00f4ng minh:<\/strong>\u00a0<\/span>Ki\u1ec3m so\u00e1t d\u1ec5 d\u00e0ng b\u1eb1ng b\u1ed9 truy\u1ec1n \u0111\u1ed9ng th\u00f4ng minh, cho ph\u00e9p b\u1ea1n \u0111i\u1ec1u ch\u1ec9nh g\u00f3c m\u1edf\/\u0111\u00f3ng m\u1ed9t c\u00e1ch ch\u00ednh x\u00e1c. V\u1edbi m\u00e0n h\u00ecnh hi\u1ec3n th\u1ecb LED \u0111\u1ec3 theo d\u00f5i thu\u1eadn ti\u1ec7n, n\u00f3 cung c\u1ea5p ngu\u1ed3n \u0111i\u1ec7n AC\/DC, \u0111i\u1ec1u khi\u1ec3n t\u00edn hi\u1ec7u, ghi \u0111\u00e8 th\u1ee7 c\u00f4ng v\u00e0 m\u00f4-men xo\u1eafn cao l\u00ean \u0111\u1ebfn 4000Nm.\u201d<\/p><\/div><\/div>\t\t\t\t\t\t\t\t<\/div>\n\t\t\t\t<\/div>\n\t\t<div class=\"elementor-element elementor-element-d36b79e e-con-full e-flex e-con e-child\" data-id=\"d36b79e\" data-element_type=\"container\" data-e-type=\"container\" data-settings=\"{&quot;ekit_has_onepagescroll_dot&quot;:&quot;yes&quot;}\">\n\t\t<div class=\"elementor-element elementor-element-2b2bff7 e-con-full e-flex e-con e-child\" data-id=\"2b2bff7\" data-element_type=\"container\" data-e-type=\"container\" data-settings=\"{&quot;ekit_has_onepagescroll_dot&quot;:&quot;yes&quot;}\">\n\t\t\t\t<div class=\"elementor-element elementor-element-094c53e elementor-widget__width-initial elementor-widget elementor-widget-image\" data-id=\"094c53e\" data-element_type=\"widget\" data-e-type=\"widget\" data-settings=\"{&quot;ekit_we_effect_on&quot;:&quot;none&quot;}\" data-widget_type=\"image.default\">\n\t\t\t\t<div class=\"elementor-widget-container\">\n\t\t\t\t\t\t\t\t\t\t\t\t\t\t\t<img fetchpriority=\"high\" decoding=\"async\" width=\"1024\" height=\"563\" src=\"https:\/\/www.delcofluid.com\/wp-content\/uploads\/2024\/03\/Plastic-Butterfly-Valve.jpg\" class=\"attachment-large size-large wp-image-3768\" alt=\"Plastic Butterfly Valve\" srcset=\"https:\/\/www.delcofluid.com\/wp-content\/uploads\/2024\/03\/Plastic-Butterfly-Valve.jpg 1024w, https:\/\/www.delcofluid.com\/wp-content\/uploads\/2024\/03\/Plastic-Butterfly-Valve-300x165.jpg 300w, https:\/\/www.delcofluid.com\/wp-content\/uploads\/2024\/03\/Plastic-Butterfly-Valve-768x422.jpg 768w, https:\/\/www.delcofluid.com\/wp-content\/uploads\/2024\/03\/Plastic-Butterfly-Valve-600x330.jpg 600w\" sizes=\"(max-width: 1024px) 100vw, 1024px\" \/>\t\t\t\t\t\t\t\t\t\t\t\t\t\t\t<\/div>\n\t\t\t\t<\/div>\n\t\t\t\t<\/div>\n\t\t<div class=\"elementor-element elementor-element-30110e2 e-con-full e-flex e-con e-child\" data-id=\"30110e2\" data-element_type=\"container\" data-e-type=\"container\" data-settings=\"{&quot;ekit_has_onepagescroll_dot&quot;:&quot;yes&quot;}\">\n\t\t\t\t<div class=\"elementor-element elementor-element-8d69636 elementor-widget__width-initial elementor-widget elementor-widget-image\" data-id=\"8d69636\" data-element_type=\"widget\" data-e-type=\"widget\" data-settings=\"{&quot;ekit_we_effect_on&quot;:&quot;none&quot;}\" data-widget_type=\"image.default\">\n\t\t\t\t<div class=\"elementor-widget-container\">\n\t\t\t\t\t\t\t\t\t\t\t\t\t\t\t<img decoding=\"async\" width=\"1024\" height=\"563\" src=\"https:\/\/www.delcofluid.com\/wp-content\/uploads\/2024\/03\/Electric-Actuator06-1024x563.jpg\" class=\"attachment-large size-large wp-image-2608\" alt=\"Electric Actuator\" srcset=\"https:\/\/www.delcofluid.com\/wp-content\/uploads\/2024\/03\/Electric-Actuator06-1024x563.jpg 1024w, https:\/\/www.delcofluid.com\/wp-content\/uploads\/2024\/03\/Electric-Actuator06-600x330.jpg 600w, https:\/\/www.delcofluid.com\/wp-content\/uploads\/2024\/03\/Electric-Actuator06-300x165.jpg 300w, https:\/\/www.delcofluid.com\/wp-content\/uploads\/2024\/03\/Electric-Actuator06-768x422.jpg 768w, https:\/\/www.delcofluid.com\/wp-content\/uploads\/2024\/03\/Electric-Actuator06.jpg 1500w\" sizes=\"(max-width: 1024px) 100vw, 1024px\" \/>\t\t\t\t\t\t\t\t\t\t\t\t\t\t\t<\/div>\n\t\t\t\t<\/div>\n\t\t\t\t<\/div>\n\t\t\t\t<\/div>\n\t\t\t\t<\/div>\n\t\t\t\t<\/div>\n\t\t<div class=\"elementor-element elementor-element-15c4c55 e-con-full e-flex e-con e-parent\" data-id=\"15c4c55\" data-element_type=\"container\" data-e-type=\"container\" data-settings=\"{&quot;background_background&quot;:&quot;classic&quot;,&quot;ekit_has_onepagescroll_dot&quot;:&quot;yes&quot;}\">\n\t\t\t\t<div class=\"elementor-element elementor-element-cf7446a elementor-widget elementor-widget-heading\" data-id=\"cf7446a\" data-element_type=\"widget\" data-e-type=\"widget\" data-settings=\"{&quot;ekit_we_effect_on&quot;:&quot;none&quot;}\" data-widget_type=\"heading.default\">\n\t\t\t\t<div class=\"elementor-widget-container\">\n\t\t\t\t\t<h2 class=\"elementor-heading-title elementor-size-default\">Model v\u00e0 th\u00f4ng s\u1ed1 k\u1ef9 thu\u1eadt ch\u00ednh <\/h2>\t\t\t\t<\/div>\n\t\t\t\t<\/div>\n\t\t\t\t<\/div>\n\t\t<div class=\"elementor-element elementor-element-e2b9db7 e-con-full e-flex e-con e-parent\" data-id=\"e2b9db7\" data-element_type=\"container\" data-e-type=\"container\" data-settings=\"{&quot;ekit_has_onepagescroll_dot&quot;:&quot;yes&quot;}\">\n\t\t<div class=\"elementor-element elementor-element-8ef2840 e-con-full e-flex e-con e-child\" data-id=\"8ef2840\" data-element_type=\"container\" data-e-type=\"container\" data-settings=\"{&quot;ekit_has_onepagescroll_dot&quot;:&quot;yes&quot;}\">\n\t\t\t\t<div class=\"elementor-element elementor-element-e800039 elementor-widget elementor-widget-text-editor\" data-id=\"e800039\" data-element_type=\"widget\" data-e-type=\"widget\" data-settings=\"{&quot;ekit_we_effect_on&quot;:&quot;none&quot;}\" data-widget_type=\"text-editor.default\">\n\t\t\t\t<div class=\"elementor-widget-container\">\n\t\t\t\t\t\t\t\t\t<table width=\"1240\"><tbody><tr><td width=\"182\">M\u00f4 h\u00ecnh s\u1ea3n ph\u1ea9m:<\/td><td width=\"418\">DK<\/td><td width=\"204\">V\u1eadt li\u1ec7u v\u1ecf:<\/td><td width=\"436\">H\u1ee3p kim nh\u00f4m<\/td><\/tr><tr><td width=\"182\">M\u1ee9c \u0111\u1ed9 ch\u1ed1ng th\u1ea5m n\u01b0\u1edbc:<\/td><td width=\"418\">IP67<\/td><td width=\"204\">Ngu\u1ed3n \u0111i\u1ec7n cung c\u1ea5p cho \u0111\u1ed9ng c\u01a1:<\/td><td width=\"436\">24\/110\/220\/380V AC\u00b110\uff05\uff0c24\/110\/220VDC 50\/60HZ\u00b110\uff05<\/td><\/tr><tr><td width=\"182\">\u0110\u1ed9ng c\u01a1:<\/td><td width=\"418\">\u0110\u1ed9ng c\u01a1 kh\u00f4ng \u0111\u1ed3ng b\u1ed9 l\u1ed3ng s\u00f3c<\/td><td width=\"204\">H\u00e0nh tr\u00ecnh:<\/td><td width=\"436\">90\u00b0-270\u00b110\u00b0 (tr\u00ean 90\u00b0 tr\u01b0\u1edbc)<\/td><\/tr><tr><td width=\"182\">An to\u00e0n:<\/td><td width=\"418\">B\u1ea3o v\u1ec7 nhi\u1ec7t t\u00edch h\u1ee3p \u1edf: 120\u00b0C\u00b15\u00b0C<\/td><td width=\"204\">Nhi\u1ec7t \u0111\u1ed9 ho\u1ea1t \u0111\u1ed9ng:<\/td><td width=\"436\">97\u2103\u00b115\u2103<\/td><\/tr><tr><td width=\"182\">Ch\u1ec9 s\u1ed1:<\/td><td width=\"418\">Ch\u1ec9 b\u00e1o v\u1ecb tr\u00ed li\u00ean t\u1ee5c<\/td><td width=\"204\">V\u1eadn h\u00e0nh th\u1ee7 c\u00f4ng:<\/td><td width=\"436\">Tay c\u1ea7m c\u01a1 kh\u00ed<\/td><\/tr><tr><td width=\"182\">Thi\u1ebft b\u1ecb t\u1ef1 kh\u00f3a:<\/td><td width=\"418\">C\u01a1 ch\u1ebf tua bin v\u00e0 tr\u1ee5c v\u00edt cung c\u1ea5p kh\u1ea3 n\u0103ng t\u1ef1 kh\u00f3a<\/td><td width=\"204\">Gi\u1edbi h\u1ea1n c\u01a1 h\u1ecdc:<\/td><td width=\"436\">2 \u0111i\u1ec1u ch\u1ec9nh b\u00ean ngo\u00e0i<\/td><\/tr><tr><td width=\"182\">L\u1ed7 \u0111\u1ea7u cu\u1ed1i:<\/td><td width=\"418\">M18<\/td><td width=\"204\">Nhi\u1ec7t \u0111\u1ed9 m\u00f4i tr\u01b0\u1eddng:<\/td><td width=\"436\">-20\u2103-70\u2103<\/td><\/tr><tr><td width=\"182\">B\u00f4i tr\u01a1n:<\/td><td width=\"418\">M\u1ee1 g\u1ed1c nh\u00f4m lo\u1ea1i EP<\/td><td width=\"204\">V\u1eadt li\u1ec7u:<\/td><td width=\"436\">Th\u00e9p, h\u1ee3p kim nh\u00f4m, \u0111\u1ed3ng nh\u00f4m, polycarbonate<\/td><\/tr><tr><td width=\"182\">\u0110\u1ed9 \u1ea9m m\u00f4i tr\u01b0\u1eddng:<\/td><td width=\"418\">L\u00ean \u0111\u1ebfn 90%<\/td><td width=\"204\">B\u1ea3o v\u1ec7 ch\u1ed1ng x\u00e2m nh\u1eadp:<\/td><td width=\"436\">IP65\uff1b IP67\uff1b IP68<\/td><\/tr><tr><td width=\"182\">C\u1ea5p \u0111\u1ed9 ch\u1ed1ng ch\u00e1y n\u1ed5:<\/td><td width=\"418\">Exd II BT4\uff1b Exd II CT6<\/td><td width=\"204\">Nhi\u1ec7t \u0111\u1ed9 m\u00f4i tr\u01b0\u1eddng:<\/td><td width=\"436\">-25\u2103-55\u2103<\/td><\/tr><tr><td width=\"182\">\u0110\u1ed9 \u1ea9m m\u00f4i tr\u01b0\u1eddng:<\/td><td width=\"418\">10~90%RH<\/td><td width=\"204\">Hi\u1ec7u su\u1ea5t \u0111\u1ecba ch\u1ea5n:<\/td><td width=\"436\">XYZ 10 gram, 0,2-34HZ 30 ph\u00fat<\/td><\/tr><tr><td width=\"182\">L\u1edbp ph\u1ee7:<\/td><td width=\"418\">B\u1ed9t kh\u00f4, epoxy polyester<\/td><td width=\"204\">Ti\u00eau chu\u1ea9n s\u1ea3n xu\u1ea5t:<\/td><td width=\"436\">GB\/JB\/HG\/HG\/ANSI\/API\/JIS\/DIN\/C\u00c1C TI\u00caU CHU\u1ea8N KH\u00c1C \u0110\u01af\u1ee2C T\u00d9Y CH\u1ec8NH<\/td><\/tr><\/tbody><\/table><p>\u00a0<\/p>\t\t\t\t\t\t\t\t<\/div>\n\t\t\t\t<\/div>\n\t\t\t\t<\/div>\n\t\t\t\t<\/div>\n\t\t<div class=\"elementor-element elementor-element-0b18e32 e-flex e-con-boxed e-con e-parent\" data-id=\"0b18e32\" data-element_type=\"container\" data-e-type=\"container\" data-settings=\"{&quot;ekit_has_onepagescroll_dot&quot;:&quot;yes&quot;}\">\n\t\t\t\t\t<div class=\"e-con-inner\">\n\t\t\t\t<div class=\"elementor-element elementor-element-c6975fe elementor-widget elementor-widget-heading\" data-id=\"c6975fe\" data-element_type=\"widget\" data-e-type=\"widget\" data-settings=\"{&quot;ekit_we_effect_on&quot;:&quot;none&quot;}\" data-widget_type=\"heading.default\">\n\t\t\t\t<div class=\"elementor-widget-container\">\n\t\t\t\t\t<h2 class=\"elementor-heading-title elementor-size-default\">B\u1ed9 truy\u1ec1n \u0111\u1ed9ng \u0111i\u1ec7n quay lo\u1ea1i \u0111i\u1ec1u ch\u1ec9nh \/ \u0111i\u1ec1u ch\u1ebf<\/h2>\t\t\t\t<\/div>\n\t\t\t\t<\/div>\n\t\t\t\t<div class=\"elementor-element elementor-element-fab2721 elementor-widget elementor-widget-text-editor\" data-id=\"fab2721\" data-element_type=\"widget\" data-e-type=\"widget\" data-settings=\"{&quot;ekit_we_effect_on&quot;:&quot;none&quot;}\" data-widget_type=\"text-editor.default\">\n\t\t\t\t<div class=\"elementor-widget-container\">\n\t\t\t\t\t\t\t\t\t<ul><li>Ph\u1ea1m vi m\u00f4-men xo\u1eafn: 50N.m ho\u1eb7c 4000N.m<\/li><li>V\u1eadn h\u00e0nh quay m\u1ed9t ph\u1ea7n t\u01b0 v\u00f2ng v\u1edbi c\u00e1c \u0111i\u1ec3m d\u1eebng c\u01a1 h\u1ecdc<\/li><li>V\u1ecf h\u1ee3p kim nh\u00f4m ch\u1ed1ng ch\u1ecbu th\u1eddi ti\u1ebft lo\u1ea1i 4X ch\u1eafc ch\u1eafn<\/li><li>Ch\u1ec9 b\u00e1o v\u1ecb tr\u00ed van tr\u1ef1c quan<\/li><li>G\u00f3c quay: 0-90\u25e6<\/li><li>V\u1edbi ghi \u0111\u00e8 th\u1ee7 c\u00f4ng<\/li><li>\u0110\u1ed9ng c\u01a1 ch\u1ecbu t\u1ea3i n\u1eb7ng c\u00f3 b\u1ea3o v\u1ec7 qu\u00e1 t\u1ea3i<\/li><li>M\u00e1y s\u01b0\u1edfi ch\u1ed1ng ng\u01b0ng t\u1ee5 \u0111\u01b0\u1ee3c ki\u1ec3m so\u00e1t b\u1eb1ng nhi\u1ec7t \u0111\u1ed9<\/li><li>Hai c\u00f4ng t\u1eafc gi\u1edbi h\u1ea1n ph\u1ee5 \u0111\u1ec3 x\u00e1c nh\u1eadn v\u1ecb tr\u00ed van<\/li><li>H\u1ec7 th\u1ed1ng truy\u1ec1n \u0111\u1ed9ng b\u00e1nh r\u0103ng kim lo\u1ea1i t\u1ef1 kh\u00f3a, kh\u00f4ng c\u1ea7n phanh b\u1ed5 sung<\/li><li>Lo\u1ea1i b\u1ed9 truy\u1ec1n \u0111\u1ed9ng: Lo\u1ea1i B\u1eacT T\u1eaeT, Lo\u1ea1i \u0111i\u1ec1u ch\u1ec9nh v\u00e0 Lo\u1ea1i th\u00f4ng minh<\/li><li>T\u00edn hi\u1ec7u \u0111\u1ea7u v\u00e0o &amp; \u0111\u1ea7u ra: 4-20mADC, 1-5VDC, 0-10VDC<\/li><li>Dung sai: \u00b10.5%<\/li><\/ul>\t\t\t\t\t\t\t\t<\/div>\n\t\t\t\t<\/div>\n\t\t\t\t\t<\/div>\n\t\t\t\t<\/div>\n\t\t\t\t<\/div>","protected":false},"excerpt":{"rendered":"<div class=\"flex-1 overflow-hidden\">\n<div class=\"react-scroll-to-bottom--css-ymjnl-79elbk h-full\">\n<div class=\"react-scroll-to-bottom--css-ymjnl-1n7m0yu\">\n<div class=\"flex flex-col text-sm\">\n<div class=\"w-full text-token-text-primary\" dir=\"auto\" data-testid=\"conversation-turn-31\">\n<div class=\"px-4 py-2 justify-center text-base md:gap-6 m-auto\">\n<div class=\"flex flex-1 text-base mx-auto gap-3 juice:gap-4 juice:md:gap-6 md:px-5 lg:px-1 xl:px-5 md:max-w-3xl lg:max-w-[40rem] xl:max-w-[48rem]\">\n<div class=\"relative flex w-full flex-col agent-turn\">\n<div class=\"flex-col gap-1 md:gap-3\">\n<div class=\"flex flex-grow flex-col max-w-full\">\n<div class=\"min-h-[20px] text-message flex flex-col items-start gap-3 whitespace-pre-wrap break-words [.text-message+&amp;]:mt-5 overflow-x-auto\" dir=\"auto\" data-message-author-role=\"assistant\" data-message-id=\"4a6d6b9a-2028-48e5-bb27-c229b9ba8f05\">\n<div class=\"markdown prose w-full break-words dark:prose-invert light\">\n<div class=\"flex-1 overflow-hidden\">\n<div class=\"react-scroll-to-bottom--css-vzdre-79elbk h-full\">\n<div class=\"react-scroll-to-bottom--css-vzdre-1n7m0yu\">\n<div class=\"flex flex-col text-sm pb-9\">\n<div class=\"w-full text-token-text-primary\" dir=\"auto\" data-testid=\"conversation-turn-25\">\n<div class=\"px-4 py-2 justify-center text-base md:gap-6 m-auto\">\n<div class=\"flex flex-1 text-base mx-auto gap-3 juice:gap-4 juice:md:gap-6 md:px-5 lg:px-1 xl:px-5 md:max-w-3xl lg:max-w-[40rem] xl:max-w-[48rem]\">\n<div class=\"relative flex w-full flex-col agent-turn\">\n<div class=\"flex-col gap-1 md:gap-3\">\n<div class=\"flex flex-grow flex-col max-w-full\">\n<div class=\"min-h-[20px] text-message flex flex-col items-start gap-3 whitespace-pre-wrap break-words [.text-message+&amp;]:mt-5 overflow-x-auto\" dir=\"auto\" data-message-author-role=\"assistant\" data-message-id=\"34f913f5-8067-415d-9532-3b67bc792208\">\n<div class=\"markdown prose w-full break-words dark:prose-invert light\">\n<p>Introducing the DELCO Valve Regulating\/Modulating Electric Actuator, meticulously crafted with a robust aluminum alloy body. This actuator offers precise adjustment from 0 to 90 degrees, alongside manual override capability, ensuring seamless operation in various applications. With a torque range spanning from 50Nm to 4000Nm, it caters to a wide range of valve sizes, providing reliable performance and control.<\/p>\n<p>This versatile actuator is designed to accept 4-20mADC, 1-5VDC, or 0-10VDC signals, offering flexible control options to suit different system requirements. Featuring an ISO 5211 mounting pad with a lever handle, installation and operation are simplified, enhancing efficiency and convenience. Trusted by industries worldwide, the DELCO Valve Regulating\/Modulating Electric Actuator is the ideal solution for precise valve control in ball valves, butterfly valves, gate valves, and globe valves.<\/p>\n<p><strong>Model:<\/strong> Electric Actuator<\/p>\n<p><strong>Size Range: <\/strong>DK-05 to DK-400<\/p>\n<p><strong>Torque Output:<\/strong>50-400Nm<\/p>\n<p><strong>Material:<\/strong>\u00a0Aluminum Alloy<\/p>\n<\/div>\n<\/div>\n<\/div>\n<\/div>\n<\/div>\n<\/div>\n<\/div>\n<\/div>\n<\/div>\n<\/div>\n<\/div>\n<\/div>\n<\/div>\n<\/div>\n<\/div>\n<\/div>\n<\/div>\n<\/div>\n<\/div>\n<\/div>\n<\/div>\n<\/div>\n<\/div>\n<\/div>\n","protected":false},"featured_media":7500,"template":"","meta":{"site-sidebar-layout":"default","site-content-layout":"","ast-site-content-layout":"default","site-content-style":"default","site-sidebar-style":"default","ast-global-header-display":"","ast-banner-title-visibility":"","ast-main-header-display":"","ast-hfb-above-header-display":"","ast-hfb-below-header-display":"","ast-hfb-mobile-header-display":"","site-post-title":"","ast-breadcrumbs-content":"","ast-featured-img":"","footer-sml-layout":"","ast-disable-related-posts":"","theme-transparent-header-meta":"default","adv-header-id-meta":"","stick-header-meta":"","header-above-stick-meta":"","header-main-stick-meta":"","header-below-stick-meta":"","astra-migrate-meta-layouts":"set","ast-page-background-enabled":"default","ast-page-background-meta":{"desktop":{"background-color":"var(--ast-global-color-4)","background-image":"","background-repeat":"repeat","background-position":"center center","background-size":"auto","background-attachment":"scroll","background-type":"","background-media":"","overlay-type":"","overlay-color":"","overlay-opacity":"","overlay-gradient":""},"tablet":{"background-color":"","background-image":"","background-repeat":"repeat","background-position":"center center","background-size":"auto","background-attachment":"scroll","background-type":"","background-media":"","overlay-type":"","overlay-color":"","overlay-opacity":"","overlay-gradient":""},"mobile":{"background-color":"","background-image":"","background-repeat":"repeat","background-position":"center center","background-size":"auto","background-attachment":"scroll","background-type":"","background-media":"","overlay-type":"","overlay-color":"","overlay-opacity":"","overlay-gradient":""}},"ast-content-background-meta":{"desktop":{"background-color":"var(--ast-global-color-5)","background-image":"","background-repeat":"repeat","background-position":"center center","background-size":"auto","background-attachment":"scroll","background-type":"","background-media":"","overlay-type":"","overlay-color":"","overlay-opacity":"","overlay-gradient":""},"tablet":{"background-color":"var(--ast-global-color-5)","background-image":"","background-repeat":"repeat","background-position":"center center","background-size":"auto","background-attachment":"scroll","background-type":"","background-media":"","overlay-type":"","overlay-color":"","overlay-opacity":"","overlay-gradient":""},"mobile":{"background-color":"var(--ast-global-color-5)","background-image":"","background-repeat":"repeat","background-position":"center center","background-size":"auto","background-attachment":"scroll","background-type":"","background-media":"","overlay-type":"","overlay-color":"","overlay-opacity":"","overlay-gradient":""}}},"product_brand":[],"product_cat":[39,717,33],"product_tag":[580,581,595,582,596],"class_list":{"0":"post-5571","1":"product","2":"type-product","3":"status-publish","4":"has-post-thumbnail","6":"product_cat-actuators","7":"product_cat-electric-actuator","8":"product_cat-products","9":"product_tag-actuator","10":"product_tag-electric-actuator","11":"product_tag-modulating-type-electric-actuator","12":"product_tag-motorized-actuator","13":"product_tag-regulating-electric-actuator","14":"desktop-align-center","15":"tablet-align-left","16":"mobile-align-left","18":"first","19":"instock","20":"shipping-taxable","21":"product-type-simple"},"_links":{"self":[{"href":"https:\/\/www.delcofluid.com\/vi\/wp-json\/wp\/v2\/product\/5571","targetHints":{"allow":["GET"]}}],"collection":[{"href":"https:\/\/www.delcofluid.com\/vi\/wp-json\/wp\/v2\/product"}],"about":[{"href":"https:\/\/www.delcofluid.com\/vi\/wp-json\/wp\/v2\/types\/product"}],"version-history":[{"count":0,"href":"https:\/\/www.delcofluid.com\/vi\/wp-json\/wp\/v2\/product\/5571\/revisions"}],"wp:featuredmedia":[{"embeddable":true,"href":"https:\/\/www.delcofluid.com\/vi\/wp-json\/wp\/v2\/media\/7500"}],"wp:attachment":[{"href":"https:\/\/www.delcofluid.com\/vi\/wp-json\/wp\/v2\/media?parent=5571"}],"wp:term":[{"taxonomy":"product_brand","embeddable":true,"href":"https:\/\/www.delcofluid.com\/vi\/wp-json\/wp\/v2\/product_brand?post=5571"},{"taxonomy":"product_cat","embeddable":true,"href":"https:\/\/www.delcofluid.com\/vi\/wp-json\/wp\/v2\/product_cat?post=5571"},{"taxonomy":"product_tag","embeddable":true,"href":"https:\/\/www.delcofluid.com\/vi\/wp-json\/wp\/v2\/product_tag?post=5571"}],"curies":[{"name":"wp","href":"https:\/\/api.w.org\/{rel}","templated":true}]}}