{"id":6121,"date":"2024-06-25T02:14:20","date_gmt":"2024-06-25T01:14:20","guid":{"rendered":"https:\/\/www.delcofluid.com\/?post_type=product&#038;p=6121"},"modified":"2024-12-11T07:06:27","modified_gmt":"2024-12-11T07:06:27","slug":"direct-acting-diaphragm-type-solenoid-valves-2w21-brass-or-stainless-steel","status":"publish","type":"product","link":"https:\/\/www.delcofluid.com\/vi\/san-pham\/direct-acting-diaphragm-type-solenoid-valves-2w21-brass-or-stainless-steel\/","title":{"rendered":"Van \u0111i\u1ec7n t\u1eeb m\u00e0ng ng\u0103n t\u00e1c \u0111\u1ed9ng tr\u1ef1c ti\u1ebfp DELCO-2W21 b\u1eb1ng th\u00e9p kh\u00f4ng g\u1ec9 ho\u1eb7c \u0111\u1ed3ng thau"},"content":{"rendered":"<div data-elementor-type=\"product-post\" data-elementor-id=\"6121\" class=\"elementor elementor-6121\" data-elementor-post-type=\"product\">\n\t\t\t\t<div class=\"elementor-element elementor-element-20539a1c e-con-full e-flex e-con e-parent\" data-id=\"20539a1c\" data-element_type=\"container\" data-e-type=\"container\" data-settings=\"{&quot;ekit_has_onepagescroll_dot&quot;:&quot;yes&quot;}\">\n\t\t<div class=\"elementor-element elementor-element-3316fa6 e-con-full e-flex e-con e-child\" data-id=\"3316fa6\" data-element_type=\"container\" data-e-type=\"container\" data-settings=\"{&quot;ekit_has_onepagescroll_dot&quot;:&quot;yes&quot;}\">\n\t\t\t\t<div class=\"elementor-element elementor-element-b8b3abc elementor-widget elementor-widget-heading\" data-id=\"b8b3abc\" data-element_type=\"widget\" data-e-type=\"widget\" data-settings=\"{&quot;ekit_we_effect_on&quot;:&quot;none&quot;}\" data-widget_type=\"heading.default\">\n\t\t\t\t<div class=\"elementor-widget-container\">\n\t\t\t\t\t<h2 class=\"elementor-heading-title elementor-size-default\">\u0110\u1eb7c tr\u01b0ng<\/h2>\t\t\t\t<\/div>\n\t\t\t\t<\/div>\n\t\t\t\t<div class=\"elementor-element elementor-element-4b43349d elementor-widget__width-initial elementor-widget elementor-widget-text-editor\" data-id=\"4b43349d\" data-element_type=\"widget\" data-e-type=\"widget\" data-settings=\"{&quot;ekit_we_effect_on&quot;:&quot;none&quot;}\" data-widget_type=\"text-editor.default\">\n\t\t\t\t<div class=\"elementor-widget-container\">\n\t\t\t\t\t\t\t\t\t<ul><li><p><strong>C\u1ea5u h\u00ecnh linh ho\u1ea1t<\/strong>: Cung c\u1ea5p c\u1ea3 t\u00f9y ch\u1ecdn c\u1ea5u h\u00ecnh th\u01b0\u1eddng m\u1edf v\u00e0 th\u01b0\u1eddng \u0111\u00f3ng \u0111\u1ec3 linh ho\u1ea1t th\u00edch \u1ee9ng v\u1edbi c\u00e1c nhu c\u1ea7u v\u1eadn h\u00e0nh v\u00e0 c\u00e0i \u0111\u1eb7t h\u1ec7 th\u1ed1ng kh\u00e1c nhau.<\/p><\/li><li><p><strong>\u00a0Ph\u1ea3n \u1ee9ng nhanh<\/strong>:V\u1edbi \u00e1p su\u1ea5t m\u1edf 0 bar v\u00e0 \u0111\u1eb7c t\u00ednh l\u01b0u l\u01b0\u1ee3ng cao, van ph\u00f9 h\u1ee3p cho c\u00e1c \u1ee9ng d\u1ee5ng \u0111\u00f2i h\u1ecfi ph\u1ea3n \u1ee9ng nhanh v\u00e0 l\u01b0\u1ee3ng ch\u1ea5t l\u1ecfng \u0111i qua l\u1edbn.<\/p><\/li><li><p>\u00a0<strong>\u0110\u1ed9 tin c\u1eady:<\/strong> C\u1ea5u tr\u00fac m\u00e0ng n\u00e2ng tr\u1ef1c ti\u1ebfp t\u1ea7n s\u1ed1 cao \u0111\u1ea3m b\u1ea3o van ho\u1ea1t \u0111\u1ed9ng \u0111\u00e1ng tin c\u1eady v\u00e0 \u0111\u1ed9 b\u1ec1n cao, \u0111\u01b0\u1ee3c thi\u1ebft k\u1ebf \u0111\u1ec3 ch\u1ecbu \u0111\u01b0\u1ee3c vi\u1ec7c s\u1eed d\u1ee5ng th\u01b0\u1eddng xuy\u00ean trong nhi\u1ec1u \u1ee9ng d\u1ee5ng c\u00f4ng nghi\u1ec7p kh\u00e1c nhau.<\/p><\/li><li><p><strong>Nhi\u1ec1u l\u1ef1a ch\u1ecdn v\u1eadt li\u1ec7u:<\/strong> \u0110\u01b0\u1ee3c s\u1ea3n xu\u1ea5t b\u1eb1ng \u0111\u1ed3ng thau ho\u1eb7c th\u00e9p kh\u00f4ng g\u1ec9 \u0111\u1ec3 \u0111\u00e1p \u1ee9ng c\u00e1c y\u00eau c\u1ea7u \u1ee9ng d\u1ee5ng c\u1ee5 th\u1ec3, \u0111\u1ea3m b\u1ea3o kh\u1ea3 n\u0103ng t\u01b0\u01a1ng th\u00edch v\u1edbi nhi\u1ec1u lo\u1ea1i ch\u1ea5t l\u1ecfng v\u00e0 \u0111i\u1ec1u ki\u1ec7n m\u00f4i tr\u01b0\u1eddng.<\/p><\/li><li><p><strong>\u0110\u01b0\u1ee3c t\u1ed1i \u01b0u h\u00f3a cho \u00e1p su\u1ea5t th\u1ea5p:<\/strong> \u0110\u01b0\u1ee3c thi\u1ebft k\u1ebf d\u00e0nh ri\u00eang cho c\u00e1c h\u1ec7 th\u1ed1ng \u00e1p su\u1ea5t th\u1ea5p \u0111\u1ec3 t\u1ed1i \u01b0u h\u00f3a hi\u1ec7u su\u1ea5t trong m\u00f4i tr\u01b0\u1eddng c\u1ea7n duy tr\u00ec kh\u1ea3 n\u0103ng ki\u1ec3m so\u00e1t l\u01b0u l\u01b0\u1ee3ng hi\u1ec7u qu\u1ea3 \u1edf \u00e1p su\u1ea5t th\u1ea5p.<\/p><\/li><\/ul>\t\t\t\t\t\t\t\t<\/div>\n\t\t\t\t<\/div>\n\t\t\t\t<\/div>\n\t\t<div class=\"elementor-element elementor-element-e796ac0 e-con-full e-flex e-con e-child\" data-id=\"e796ac0\" data-element_type=\"container\" data-e-type=\"container\" data-settings=\"{&quot;ekit_has_onepagescroll_dot&quot;:&quot;yes&quot;}\">\n\t\t\t\t<div class=\"elementor-element elementor-element-7ddba38 elementor-widget__width-initial elementor-widget elementor-widget-image\" data-id=\"7ddba38\" data-element_type=\"widget\" data-e-type=\"widget\" data-settings=\"{&quot;ekit_we_effect_on&quot;:&quot;none&quot;}\" data-widget_type=\"image.default\">\n\t\t\t\t<div class=\"elementor-widget-container\">\n\t\t\t\t\t\t\t\t\t\t\t\t\t\t\t<img fetchpriority=\"high\" decoding=\"async\" width=\"768\" height=\"759\" src=\"https:\/\/www.delcofluid.com\/wp-content\/uploads\/2024\/03\/product-finder-graphic-3-x900.jpg\" class=\"attachment-large size-large wp-image-2576\" alt=\"Solenoid Valves\" srcset=\"https:\/\/www.delcofluid.com\/wp-content\/uploads\/2024\/03\/product-finder-graphic-3-x900.jpg 768w, https:\/\/www.delcofluid.com\/wp-content\/uploads\/2024\/03\/product-finder-graphic-3-x900-100x100.jpg 100w, https:\/\/www.delcofluid.com\/wp-content\/uploads\/2024\/03\/product-finder-graphic-3-x900-600x593.jpg 600w, https:\/\/www.delcofluid.com\/wp-content\/uploads\/2024\/03\/product-finder-graphic-3-x900-300x296.jpg 300w\" sizes=\"(max-width: 768px) 100vw, 768px\" \/>\t\t\t\t\t\t\t\t\t\t\t\t\t\t\t<\/div>\n\t\t\t\t<\/div>\n\t\t\t\t<\/div>\n\t\t\t\t<\/div>\n\t\t<div class=\"elementor-element elementor-element-4e8d114 e-flex e-con-boxed e-con e-parent\" data-id=\"4e8d114\" data-element_type=\"container\" data-e-type=\"container\" data-settings=\"{&quot;ekit_has_onepagescroll_dot&quot;:&quot;yes&quot;}\">\n\t\t\t\t\t<div class=\"e-con-inner\">\n\t\t\t\t<div class=\"elementor-element elementor-element-4afd6ea elementor-widget elementor-widget-heading\" data-id=\"4afd6ea\" data-element_type=\"widget\" data-e-type=\"widget\" data-settings=\"{&quot;ekit_we_effect_on&quot;:&quot;none&quot;}\" data-widget_type=\"heading.default\">\n\t\t\t\t<div class=\"elementor-widget-container\">\n\t\t\t\t\t<h2 class=\"elementor-heading-title elementor-size-default\">Nguy\u00ean l\u00fd ho\u1ea1t \u0111\u1ed9ng:<\/h2>\t\t\t\t<\/div>\n\t\t\t\t<\/div>\n\t\t\t\t<div class=\"elementor-element elementor-element-ffd4484 elementor-widget elementor-widget-text-editor\" data-id=\"ffd4484\" data-element_type=\"widget\" data-e-type=\"widget\" data-settings=\"{&quot;ekit_we_effect_on&quot;:&quot;none&quot;}\" data-widget_type=\"text-editor.default\">\n\t\t\t\t<div class=\"elementor-widget-container\">\n\t\t\t\t\t\t\t\t\t<p>Van \u0111i\u1ec7n t\u1eeb \u0111i\u1ec1u khi\u1ec3n chuy\u1ec3n \u0111\u1ed9ng c\u1ee7a \u1ed1ng cu\u1ed9n th\u00f4ng qua l\u1ef1c \u0111i\u1ec7n t\u1eeb, do \u0111\u00f3 m\u1edf ho\u1eb7c \u0111\u00f3ng \u0111\u01b0\u1eddng d\u1eabn ch\u1ea5t l\u1ecfng. Khi van \u0111i\u1ec7n t\u1eeb \u0111\u01b0\u1ee3c c\u1ea5p \u0111i\u1ec7n, cu\u1ed9n d\u00e2y \u0111i\u1ec7n t\u1eeb t\u1ea1o ra t\u1eeb tr\u01b0\u1eddng, khi\u1ebfn \u1ed1ng cu\u1ed9n b\u1ecb h\u00fat ho\u1eb7c \u0111\u1ea9y, thay \u0111\u1ed5i tr\u1ea1ng th\u00e1i c\u1ee7a van. Chuy\u1ec3n \u0111\u1ed9ng c\u1ee7a \u1ed1ng cu\u1ed9n \u0111\u01b0\u1ee3c th\u1ef1c hi\u1ec7n b\u1eb1ng c\u01a1 c\u1ea5u truy\u1ec1n \u0111\u1ed9ng tr\u1ef1c ti\u1ebfp ho\u1eb7c gi\u00e1n ti\u1ebfp (v\u00ed d\u1ee5: m\u00e0ng ng\u0103n ho\u1eb7c piston). Khi van \u0111\u00f3ng, \u1ed1ng cu\u1ed9n ch\u1eb7n \u0111\u01b0\u1eddng d\u1eabn ch\u1ea5t l\u1ecfng; khi van m\u1edf, \u1ed1ng cu\u1ed9n di chuy\u1ec3n ra xa, cho ph\u00e9p ch\u1ea5t l\u1ecfng \u0111i qua.<\/p>\t\t\t\t\t\t\t\t<\/div>\n\t\t\t\t<\/div>\n\t\t\t\t\t<\/div>\n\t\t\t\t<\/div>\n\t\t<div class=\"elementor-element elementor-element-15c4c55 e-con-full e-flex e-con e-parent\" data-id=\"15c4c55\" data-element_type=\"container\" data-e-type=\"container\" data-settings=\"{&quot;background_background&quot;:&quot;classic&quot;,&quot;ekit_has_onepagescroll_dot&quot;:&quot;yes&quot;}\">\n\t\t\t\t<div class=\"elementor-element elementor-element-cf7446a elementor-widget elementor-widget-heading\" data-id=\"cf7446a\" data-element_type=\"widget\" data-e-type=\"widget\" data-settings=\"{&quot;ekit_we_effect_on&quot;:&quot;none&quot;}\" data-widget_type=\"heading.default\">\n\t\t\t\t<div class=\"elementor-widget-container\">\n\t\t\t\t\t<h2 class=\"elementor-heading-title elementor-size-default\">Th\u00f4ng s\u1ed1 k\u1ef9 thu\u1eadt c\u1ee7a van \u0111i\u1ec7n t\u1eeb m\u00e0ng ng\u0103n t\u00e1c \u0111\u1ed9ng tr\u1ef1c ti\u1ebfp<\/h2>\t\t\t\t<\/div>\n\t\t\t\t<\/div>\n\t\t\t\t<\/div>\n\t\t<div class=\"elementor-element elementor-element-66467903 e-con-full e-flex e-con e-parent\" data-id=\"66467903\" data-element_type=\"container\" data-e-type=\"container\" data-settings=\"{&quot;ekit_has_onepagescroll_dot&quot;:&quot;yes&quot;}\">\n\t\t\t\t<div class=\"elementor-element elementor-element-94a1071 elementor-widget__width-initial elementor-widget elementor-widget-text-editor\" data-id=\"94a1071\" data-element_type=\"widget\" data-e-type=\"widget\" data-settings=\"{&quot;ekit_we_effect_on&quot;:&quot;none&quot;}\" data-widget_type=\"text-editor.default\">\n\t\t\t\t<div class=\"elementor-widget-container\">\n\t\t\t\t\t\t\t\t\t<table width=\"763\">\n<tbody>\n<tr>\n<td width=\"47\"><span style=\"vertical-align: inherit\"><span style=\"vertical-align: inherit\">\u00c1p l\u1ef1c:<\/span><\/span><\/td>\n<td width=\"112\">0-1,0 MPa (10 bar)<\/td>\n<td width=\"94\">L\u1ed7 (mm):<\/td>\n<td width=\"258\"><span style=\"vertical-align: inherit\"><span style=\"vertical-align: inherit\">15, 20, 25, 32, 40, 50<\/span><\/span><\/td>\n<\/tr>\n<tr>\n<td width=\"47\">B\u1ea3o h\u00e0nh:<\/td>\n<td width=\"112\">12 con b\u01b0\u1edbm \u0111\u00eam<\/td>\n<td width=\"94\">\u0110i\u1ec7n \u00e1p:<\/td>\n<td width=\"258\"><span style=\"vertical-align: inherit\"><span style=\"vertical-align: inherit\">DC-12V\u300124V\uff1bAC-24V\u3001120V\u3001240V\/60Hz\uff1b110V\u3001220V\/50Hz<\/span><\/span><\/td>\n<\/tr>\n<tr>\n<td width=\"47\">K\u00edch th\u01b0\u1edbc c\u1ed5ng:<\/td>\n<td width=\"112\"><span style=\"vertical-align: inherit\"><span style=\"vertical-align: inherit\">1\/2\u201d~2\u201d<\/span><\/span><\/td>\n<td width=\"94\">&nbsp;Ch\u1ee9c n\u0103ng:<\/td>\n<td width=\"258\"><span style=\"vertical-align: inherit\"><span style=\"vertical-align: inherit\"> Th\u01b0\u1eddng \u0111\u00f3ng \/ Th\u01b0\u1eddng m\u1edf<\/span><\/span><\/td>\n<\/tr>\n<tr>\n<td width=\"47\">Nhi\u1ec7t \u0111\u1ed9 c\u1ee7a m\u00f4i tr\u01b0\u1eddng\uff1a<\/td>\n<td width=\"112\"><span style=\"vertical-align: inherit\"><span style=\"vertical-align: inherit\">-10~100\u2103\uff0814\u2109 \u0111\u1ebfn 212\u2109\uff09<\/span><\/span><\/td>\n<td width=\"94\">Ph\u01b0\u01a1ng ti\u1ec7n truy\u1ec1n th\u00f4ng ph\u00f9 h\u1ee3p:<\/td>\n<td width=\"258\">N\u01b0\u1edbc, kh\u00ed \u0111\u1ed1t, d\u1ea7u, v.v.<\/td>\n<\/tr>\n<\/tbody>\n<\/table>\t\t\t\t\t\t\t\t<\/div>\n\t\t\t\t<\/div>\n\t\t\t\t<\/div>\n\t\t<div class=\"elementor-element elementor-element-0b18e32 e-flex e-con-boxed e-con e-parent\" data-id=\"0b18e32\" data-element_type=\"container\" data-e-type=\"container\" data-settings=\"{&quot;ekit_has_onepagescroll_dot&quot;:&quot;yes&quot;}\">\n\t\t\t\t\t<div class=\"e-con-inner\">\n\t\t\t\t<div class=\"elementor-element elementor-element-c6975fe elementor-widget elementor-widget-heading\" data-id=\"c6975fe\" data-element_type=\"widget\" data-e-type=\"widget\" data-settings=\"{&quot;ekit_we_effect_on&quot;:&quot;none&quot;}\" data-widget_type=\"heading.default\">\n\t\t\t\t<div class=\"elementor-widget-container\">\n\t\t\t\t\t<h2 class=\"elementor-heading-title elementor-size-default\">\u1ee8ng d\u1ee5ng:<\/h2>\t\t\t\t<\/div>\n\t\t\t\t<\/div>\n\t\t\t\t<div class=\"elementor-element elementor-element-eb6e9f8 elementor-widget elementor-widget-text-editor\" data-id=\"eb6e9f8\" data-element_type=\"widget\" data-e-type=\"widget\" data-settings=\"{&quot;ekit_we_effect_on&quot;:&quot;none&quot;}\" data-widget_type=\"text-editor.default\">\n\t\t\t\t<div class=\"elementor-widget-container\">\n\t\t\t\t\t\t\t\t\t<p>Van \u0111i\u1ec7n t\u1eeb m\u00e0ng t\u00e1c \u0111\u1ed9ng tr\u1ef1c ti\u1ebfp \u0111\u01b0\u1ee3c s\u1eed d\u1ee5ng r\u1ed9ng r\u00e3i trong nhi\u1ec1u ng\u00e0nh c\u00f4ng nghi\u1ec7p, bao g\u1ed3m:<\/p>\t\t\t\t\t\t\t\t<\/div>\n\t\t\t\t<\/div>\n\t\t\t\t<div class=\"elementor-element elementor-element-fab2721 elementor-widget elementor-widget-text-editor\" data-id=\"fab2721\" data-element_type=\"widget\" data-e-type=\"widget\" data-settings=\"{&quot;ekit_we_effect_on&quot;:&quot;none&quot;}\" data-widget_type=\"text-editor.default\">\n\t\t\t\t<div class=\"elementor-widget-container\">\n\t\t\t\t\t\t\t\t\t<ul><li><p><strong>\u1ee8ng d\u1ee5ng c\u00f4ng nghi\u1ec7p:<\/strong> \u0110\u01b0\u1ee3c s\u1eed d\u1ee5ng trong c\u00e1c h\u1ec7 th\u1ed1ng \u0111i\u1ec1u khi\u1ec3n t\u1ef1 \u0111\u1ed9ng h\u00f3a c\u00f4ng nghi\u1ec7p, ch\u1eb3ng h\u1ea1n nh\u01b0 m\u00e1y n\u00e9n kh\u00ed, h\u1ec7 th\u1ed1ng th\u1ee7y l\u1ef1c v\u00e0 c\u00e1c thi\u1ebft b\u1ecb c\u01a1 kh\u00ed kh\u00e1c \u0111\u1ec3 ki\u1ec3m so\u00e1t ch\u1ea5t l\u1ecfng, nh\u1eb1m \u0111\u1ea3m b\u1ea3o thi\u1ebft b\u1ecb ho\u1ea1t \u0111\u1ed9ng b\u00ecnh th\u01b0\u1eddng.<\/p><\/li><li><p><strong>\u1ee8ng d\u1ee5ng d\u00e2n s\u1ef1:<\/strong> D\u00f9ng \u0111\u1ec3 \u0111i\u1ec1u khi\u1ec3n van an to\u00e0n trong h\u1ec7 th\u1ed1ng cung c\u1ea5p gas, ch\u1eb3ng h\u1ea1n nh\u01b0 b\u1ebfp gas gia d\u1ee5ng v\u00e0 b\u00ecnh n\u01b0\u1edbc n\u00f3ng, trong nh\u00e0 \u1edf v\u00e0 c\u00e1c t\u00f2a nh\u00e0 th\u01b0\u01a1ng m\u1ea1i.<\/p><\/li><li><p><strong>X\u1eed l\u00fd n\u01b0\u1edbc v\u00e0 t\u01b0\u1edbi ti\u00eau:<\/strong> D\u00f9ng \u0111\u1ec3 ki\u1ec3m so\u00e1t l\u01b0u ch\u1ea5t trong c\u00e1c thi\u1ebft b\u1ecb x\u1eed l\u00fd n\u01b0\u1edbc v\u00e0 h\u1ec7 th\u1ed1ng t\u01b0\u1edbi ti\u00eau, \u0111\u1ea3m b\u1ea3o s\u1eed d\u1ee5ng hi\u1ec7u qu\u1ea3 ngu\u1ed3n n\u01b0\u1edbc v\u00e0 thi\u1ebft b\u1ecb ho\u1ea1t \u0111\u1ed9ng \u1ed5n \u0111\u1ecbnh.<\/p><\/li><li><p><strong>B\u1ea3o v\u1ec7 m\u00f4i tr\u01b0\u1eddng:<\/strong> Trong gi\u00e1m s\u00e1t v\u00e0 ki\u1ec3m so\u00e1t m\u00f4i tr\u01b0\u1eddng, n\u00f3 \u0111\u01b0\u1ee3c s\u1eed d\u1ee5ng \u0111\u1ec3 ki\u1ec3m so\u00e1t d\u00f2ng kh\u00ed v\u00e0 ch\u1ea5t l\u1ecfng nh\u1eb1m duy tr\u00ec ch\u1ea5t l\u01b0\u1ee3ng v\u00e0 an to\u00e0n m\u00f4i tr\u01b0\u1eddng.<\/p><\/li><li><p><strong style=\"font-style: inherit;color: var( --e-global-color-text );font-family: var( --e-global-typography-text-font-family ), Sans-serif;text-align: var(--text-align)\">\u1ee8ng d\u1ee5ng d\u1ea7u v\u00e0 nhi\u00ean li\u1ec7u:<\/strong><span style=\"font-style: inherit;font-weight: inherit;color: var( --e-global-color-text );font-family: var( --e-global-typography-text-font-family ), Sans-serif;text-align: var(--text-align)\"> D\u00f9ng \u0111\u1ec3 ki\u1ec3m so\u00e1t ch\u1ea5t l\u1ecfng trong h\u1ec7 th\u1ed1ng m\u1ea1ch d\u1ea7u c\u1ee7a ng\u00e0nh d\u1ea7u kh\u00ed, ch\u1eb3ng h\u1ea1n nh\u01b0 ki\u1ec3m so\u00e1t l\u01b0u l\u01b0\u1ee3ng d\u1ea7u trong c\u00e1c tr\u1ea1m x\u0103ng v\u00e0 ki\u1ec3m so\u00e1t m\u1ea1ch b\u00f4i tr\u01a1n trong thi\u1ebft b\u1ecb c\u00f4ng nghi\u1ec7p.<\/span><\/p><\/li><\/ul>\t\t\t\t\t\t\t\t<\/div>\n\t\t\t\t<\/div>\n\t\t\t\t<div class=\"elementor-element elementor-element-fe1154f elementor-widget elementor-widget-heading\" data-id=\"fe1154f\" data-element_type=\"widget\" data-e-type=\"widget\" data-settings=\"{&quot;ekit_we_effect_on&quot;:&quot;none&quot;}\" data-widget_type=\"heading.default\">\n\t\t\t\t<div class=\"elementor-widget-container\">\n\t\t\t\t\t<h2 class=\"elementor-heading-title elementor-size-default\">Ph\u1ea7n k\u1ebft lu\u1eadn:<\/h2>\t\t\t\t<\/div>\n\t\t\t\t<\/div>\n\t\t\t\t<div class=\"elementor-element elementor-element-472bfac elementor-widget elementor-widget-text-editor\" data-id=\"472bfac\" data-element_type=\"widget\" data-e-type=\"widget\" data-settings=\"{&quot;ekit_we_effect_on&quot;:&quot;none&quot;}\" data-widget_type=\"text-editor.default\">\n\t\t\t\t<div class=\"elementor-widget-container\">\n\t\t\t\t\t\t\t\t\t<p>Van \u0111i\u1ec7n t\u1eeb m\u00e0ng t\u00e1c \u0111\u1ed9ng tr\u1ef1c ti\u1ebfp d\u1ec5 v\u1eadn h\u00e0nh v\u00e0 an to\u00e0n, c\u00f3 ch\u1ee9c n\u0103ng \u0111i\u1ec1u khi\u1ec3n t\u1ef1 \u0111\u1ed9ng v\u00e0 c\u1ea5u h\u00ecnh c\u1ea3nh \u1ee9ng d\u1ee5ng \u0111a d\u1ea1ng. \u0110\u01b0\u1ee3c s\u1eed d\u1ee5ng r\u1ed9ng r\u00e3i trong c\u00e1c l\u0129nh v\u1ef1c kh\u00f4ng kh\u00ed, kh\u00ed th\u00e0nh ph\u1ed1, n\u01b0\u1edbc, d\u1ea7u, d\u1ea7u m\u1ecf v\u00e0 b\u1ea3o v\u1ec7 m\u00f4i tr\u01b0\u1eddng v\u00e0 c\u00e1c l\u0129nh v\u1ef1c kh\u00e1c, c\u00f3 th\u1ec3 \u0111\u00e1p \u1ee9ng nhu c\u1ea7u b\u1ea3o v\u1ec7 c\u00f4ng nghi\u1ec7p, d\u00e2n d\u1ee5ng v\u00e0 m\u00f4i tr\u01b0\u1eddng v\u00e0 c\u00e1c nhu c\u1ea7u ki\u1ec3m so\u00e1t ch\u1ea5t l\u1ecfng kh\u00e1c.<\/p>\t\t\t\t\t\t\t\t<\/div>\n\t\t\t\t<\/div>\n\t\t\t\t\t<\/div>\n\t\t\t\t<\/div>\n\t\t\t\t<\/div>","protected":false},"excerpt":{"rendered":"<p>Van \u0111i\u1ec7n t\u1eeb m\u00e0ng t\u00e1c \u0111\u1ed9ng tr\u1ef1c ti\u1ebfp l\u00e0 van \u0111i\u1ec7n t\u1eeb \u0111\u01b0\u1ee3c thi\u1ebft k\u1ebf chuy\u00ean d\u1ee5ng \u0111\u1ec3 s\u1eed d\u1ee5ng trong c\u00e1c h\u1ec7 th\u1ed1ng \u00e1p su\u1ea5t th\u1ea5p. Van n\u00e0y ph\u1ed5 bi\u1ebfn v\u00ec hi\u1ec7u su\u1ea5t cao, \u0111\u1ed9 \u1ed5n \u0111\u1ecbnh v\u00e0 kh\u1ea3 n\u0103ng th\u00edch \u1ee9ng, v\u00e0 \u0111\u01b0\u1ee3c s\u1eed d\u1ee5ng r\u1ed9ng r\u00e3i trong nhi\u1ec1u h\u1ec7 th\u1ed1ng ki\u1ec3m so\u00e1t ch\u1ea5t l\u1ecfng \u00e1p su\u1ea5t th\u1ea5p.<br \/>\nVan \u0111i\u1ec7n t\u1eeb s\u1eed d\u1ee5ng thi\u1ebft k\u1ebf m\u00e0ng ng\u0103n k\u00e9o th\u1eb3ng, m\u1edf v\u00e0 \u0111\u00f3ng van b\u1eb1ng c\u00e1ch k\u00e9o m\u00e0ng ng\u0103n tr\u1ef1c ti\u1ebfp, \u0111\u01a1n gi\u1ea3n h\u00f3a c\u1ea5u tr\u00fac v\u00e0 c\u1ea3i thi\u1ec7n t\u1ed1c \u0111\u1ed9 ph\u1ea3n h\u1ed3i v\u00e0 \u0111\u1ed9 tin c\u1eady. Ngo\u00e0i ra, van \u0111i\u1ec7n t\u1eeb c\u00f3 th\u1ec3 \u0111\u01b0\u1ee3c k\u00edch ho\u1ea1t m\u00e0 kh\u00f4ng c\u1ea7n \u00e1p su\u1ea5t ban \u0111\u1ea7u, l\u00e0m cho n\u00f3 l\u00fd t\u01b0\u1edfng cho c\u00e1c \u1ee9ng d\u1ee5ng h\u1ec7 th\u1ed1ng \u00e1p su\u1ea5t th\u1ea5p ho\u1eb7c kh\u00f4ng c\u00f3 \u00e1p su\u1ea5t.<br \/>\nPh\u00f9 h\u1ee3p v\u1edbi nhi\u1ec1u lo\u1ea1i m\u00f4i tr\u01b0\u1eddng, bao g\u1ed3m n\u01b0\u1edbc, d\u1ea7u, kh\u00f4ng kh\u00ed, kh\u00ed \u0111\u1ed1t, v.v., th\u01b0\u1eddng \u0111\u01b0\u1ee3c s\u1eed d\u1ee5ng trong h\u1ec7 th\u1ed1ng \u0111i\u1ec1u h\u00f2a kh\u00f4ng kh\u00ed v\u00e0 l\u00e0m l\u1ea1nh, h\u1ec7 th\u1ed1ng x\u1eed l\u00fd n\u01b0\u1edbc. H\u1ec7 th\u1ed1ng \u0111\u01b0\u1eddng \u1ed1ng d\u1eabn kh\u00ed, thi\u1ebft b\u1ecb t\u1ef1 \u0111\u1ed9ng h\u00f3a c\u00f4ng nghi\u1ec7p v\u00e0 c\u00e1c t\u00ecnh hu\u1ed1ng c\u00f4ng nghi\u1ec7p v\u00e0 d\u00e2n d\u1ee5ng kh\u00e1c.<\/p>\n<ul>\n<li>M\u1eabu: 2W21<\/li>\n<li>Ph\u1ea1m vi k\u00edch th\u01b0\u1edbc: 1\/2\u201d~2\u201d<\/li>\n<li>Ph\u1ea1m vi \u00e1p su\u1ea5t: 0-1,0 MPa<\/li>\n<li>Ch\u1ea5t li\u1ec7u: Th\u00e9p kh\u00f4ng g\u1ec9 304\/316 ho\u1eb7c \u0110\u1ed3ng thau<\/li>\n<\/ul>","protected":false},"featured_media":9961,"template":"","meta":{"site-sidebar-layout":"default","site-content-layout":"","ast-site-content-layout":"default","site-content-style":"default","site-sidebar-style":"default","ast-global-header-display":"","ast-banner-title-visibility":"","ast-main-header-display":"","ast-hfb-above-header-display":"","ast-hfb-below-header-display":"","ast-hfb-mobile-header-display":"","site-post-title":"","ast-breadcrumbs-content":"","ast-featured-img":"","footer-sml-layout":"","ast-disable-related-posts":"","theme-transparent-header-meta":"default","adv-header-id-meta":"","stick-header-meta":"","header-above-stick-meta":"","header-main-stick-meta":"","header-below-stick-meta":"","astra-migrate-meta-layouts":"set","ast-page-background-enabled":"default","ast-page-background-meta":{"desktop":{"background-color":"var(--ast-global-color-4)","background-image":"","background-repeat":"repeat","background-position":"center center","background-size":"auto","background-attachment":"scroll","background-type":"","background-media":"","overlay-type":"","overlay-color":"","overlay-opacity":"","overlay-gradient":""},"tablet":{"background-color":"","background-image":"","background-repeat":"repeat","background-position":"center center","background-size":"auto","background-attachment":"scroll","background-type":"","background-media":"","overlay-type":"","overlay-color":"","overlay-opacity":"","overlay-gradient":""},"mobile":{"background-color":"","background-image":"","background-repeat":"repeat","background-position":"center center","background-size":"auto","background-attachment":"scroll","background-type":"","background-media":"","overlay-type":"","overlay-color":"","overlay-opacity":"","overlay-gradient":""}},"ast-content-background-meta":{"desktop":{"background-color":"var(--ast-global-color-5)","background-image":"","background-repeat":"repeat","background-position":"center center","background-size":"auto","background-attachment":"scroll","background-type":"","background-media":"","overlay-type":"","overlay-color":"","overlay-opacity":"","overlay-gradient":""},"tablet":{"background-color":"var(--ast-global-color-5)","background-image":"","background-repeat":"repeat","background-position":"center center","background-size":"auto","background-attachment":"scroll","background-type":"","background-media":"","overlay-type":"","overlay-color":"","overlay-opacity":"","overlay-gradient":""},"mobile":{"background-color":"var(--ast-global-color-5)","background-image":"","background-repeat":"repeat","background-position":"center center","background-size":"auto","background-attachment":"scroll","background-type":"","background-media":"","overlay-type":"","overlay-color":"","overlay-opacity":"","overlay-gradient":""}}},"product_brand":[],"product_cat":[713,33,37],"product_tag":[195,194,209,208,158,156,193,192,73,56],"class_list":{"0":"post-6121","1":"product","2":"type-product","3":"status-publish","4":"has-post-thumbnail","6":"product_cat-direct-acting-solenoid-valve","7":"product_cat-products","8":"product_cat-solenoid-valves","9":"product_tag-2-way-solenoid-valve","10":"product_tag-2-way-solenoid-valves","11":"product_tag-direct-acting-diaphragm-type-solenoid-valve","12":"product_tag-direct-acting-diaphragm-type-solenoid-valves","13":"product_tag-solenoid-valve","14":"product_tag-solenoid-valves","15":"product_tag-two-position-two-way-solenoid-valve","16":"product_tag-two-position-two-way-solenoid-valves","17":"product_tag-valve","18":"product_tag-valves","19":"desktop-align-center","20":"tablet-align-left","21":"mobile-align-left","23":"first","24":"instock","25":"shipping-taxable","26":"product-type-simple"},"_links":{"self":[{"href":"https:\/\/www.delcofluid.com\/vi\/wp-json\/wp\/v2\/product\/6121","targetHints":{"allow":["GET"]}}],"collection":[{"href":"https:\/\/www.delcofluid.com\/vi\/wp-json\/wp\/v2\/product"}],"about":[{"href":"https:\/\/www.delcofluid.com\/vi\/wp-json\/wp\/v2\/types\/product"}],"version-history":[{"count":0,"href":"https:\/\/www.delcofluid.com\/vi\/wp-json\/wp\/v2\/product\/6121\/revisions"}],"wp:featuredmedia":[{"embeddable":true,"href":"https:\/\/www.delcofluid.com\/vi\/wp-json\/wp\/v2\/media\/9961"}],"wp:attachment":[{"href":"https:\/\/www.delcofluid.com\/vi\/wp-json\/wp\/v2\/media?parent=6121"}],"wp:term":[{"taxonomy":"product_brand","embeddable":true,"href":"https:\/\/www.delcofluid.com\/vi\/wp-json\/wp\/v2\/product_brand?post=6121"},{"taxonomy":"product_cat","embeddable":true,"href":"https:\/\/www.delcofluid.com\/vi\/wp-json\/wp\/v2\/product_cat?post=6121"},{"taxonomy":"product_tag","embeddable":true,"href":"https:\/\/www.delcofluid.com\/vi\/wp-json\/wp\/v2\/product_tag?post=6121"}],"curies":[{"name":"wp","href":"https:\/\/api.w.org\/{rel}","templated":true}]}}