{"id":6146,"date":"2024-06-25T06:46:51","date_gmt":"2024-06-25T05:46:51","guid":{"rendered":"https:\/\/www.delcofluid.com\/?post_type=product&#038;p=6146"},"modified":"2024-11-29T07:20:43","modified_gmt":"2024-11-29T07:20:43","slug":"direct-acting-diaphragm-waterproof-solenoid-valve-for-fountain-2w41","status":"publish","type":"product","link":"https:\/\/www.delcofluid.com\/vi\/san-pham\/direct-acting-diaphragm-waterproof-solenoid-valve-for-fountain-2w41\/","title":{"rendered":"Van \u0111i\u1ec7n t\u1eeb ch\u1ed1ng th\u1ea5m n\u01b0\u1edbc m\u00e0ng ng\u0103n t\u00e1c \u0111\u1ed9ng tr\u1ef1c ti\u1ebfp DELCO cho \u0111\u00e0i phun n\u01b0\u1edbc-2W21"},"content":{"rendered":"<div data-elementor-type=\"product-post\" data-elementor-id=\"6146\" class=\"elementor elementor-6146\" data-elementor-post-type=\"product\">\n\t\t\t\t<div class=\"elementor-element elementor-element-20539a1c e-con-full e-flex e-con e-parent\" data-id=\"20539a1c\" data-element_type=\"container\" data-e-type=\"container\" data-settings=\"{&quot;ekit_has_onepagescroll_dot&quot;:&quot;yes&quot;}\">\n\t\t<div class=\"elementor-element elementor-element-3316fa6 e-con-full e-flex e-con e-child\" data-id=\"3316fa6\" data-element_type=\"container\" data-e-type=\"container\" data-settings=\"{&quot;ekit_has_onepagescroll_dot&quot;:&quot;yes&quot;}\">\n\t\t\t\t<div class=\"elementor-element elementor-element-b8b3abc elementor-widget elementor-widget-heading\" data-id=\"b8b3abc\" data-element_type=\"widget\" data-e-type=\"widget\" data-settings=\"{&quot;ekit_we_effect_on&quot;:&quot;none&quot;}\" data-widget_type=\"heading.default\">\n\t\t\t\t<div class=\"elementor-widget-container\">\n\t\t\t\t\t<h2 class=\"elementor-heading-title elementor-size-default\">\u0110\u1eb7c tr\u01b0ng<\/h2>\t\t\t\t<\/div>\n\t\t\t\t<\/div>\n\t\t\t\t<div class=\"elementor-element elementor-element-4b43349d elementor-widget__width-initial elementor-widget elementor-widget-text-editor\" data-id=\"4b43349d\" data-element_type=\"widget\" data-e-type=\"widget\" data-settings=\"{&quot;ekit_we_effect_on&quot;:&quot;none&quot;}\" data-widget_type=\"text-editor.default\">\n\t\t\t\t<div class=\"elementor-widget-container\">\n\t\t\t\t\t\t\t\t\t<ul><li><p><strong>C\u1ea5u tr\u00fac nh\u1ecf g\u1ecdn:<\/strong> Van \u0111i\u1ec7n t\u1eeb ch\u1ed1ng th\u1ea5m n\u01b0\u1edbc cho ph\u00e9p l\u1eafp \u0111\u1eb7t v\u00e0 t\u00edch h\u1ee3p d\u1ec5 d\u00e0ng v\u00e0o nhi\u1ec1u h\u1ec7 th\u1ed1ng kh\u00e1c nhau.<\/p><\/li><li><p><strong> Tr\u1ea3 l\u1eddi nhanh: <\/strong>C\u00f3 thi\u1ebft k\u1ebf m\u00e0ng ng\u0103n n\u00e2ng tr\u1ef1c ti\u1ebfp, \u0111\u1ea3m b\u1ea3o ho\u1ea1t \u0111\u1ed9ng \u0111\u00e1ng tin c\u1eady.<\/p><\/li><li><p><strong> \u0110\u1ed9 b\u1ec1n cao:<\/strong> \u0110\u01b0\u1ee3c trang b\u1ecb cu\u1ed9n d\u00e2y \u0111i\u1ec7n t\u1eeb IP68, ph\u00f9 h\u1ee3p cho c\u00e1c \u1ee9ng d\u1ee5ng d\u01b0\u1edbi n\u01b0\u1edbc v\u00e0 ch\u1ecbu \u0111\u01b0\u1ee3c \u0111i\u1ec1u ki\u1ec7n kh\u1eafc nghi\u1ec7t.<\/p><\/li><li><p>\u00a0<strong>T\u1ea7n s\u1ed1 cao:<\/strong> C\u00f3 kh\u1ea3 n\u0103ng ho\u1ea1t \u0111\u1ed9ng \u1edf t\u1ea7n s\u1ed1 cao, l\u00fd t\u01b0\u1edfng cho c\u00e1c h\u1ec7 th\u1ed1ng \u00e1p su\u1ea5t th\u1ea5p v\u00e0 \u0111\u1ea3m b\u1ea3o hi\u1ec7u su\u1ea5t hi\u1ec7u qu\u1ea3.<\/p><\/li><li><p><strong>\u1ee8ng d\u1ee5ng \u0111a n\u0103ng<\/strong>: Th\u00edch h\u1ee3p s\u1eed d\u1ee5ng trong h\u1ed3 b\u01a1i, \u0111\u00e0i phun n\u01b0\u1edbc vu\u00f4ng v\u00e0 c\u00e1c m\u00f4i tr\u01b0\u1eddng d\u01b0\u1edbi n\u01b0\u1edbc kh\u00e1c, n\u01a1i c\u1ea7n ki\u1ec3m so\u00e1t n\u01b0\u1edbc \u0111\u00e1ng tin c\u1eady.<\/p><\/li><li><strong> B\u1eaft \u0111\u1ea7u \u00e1p su\u1ea5t 0 l\u01b0u l\u01b0\u1ee3ng cao:<\/strong> Van \u0111i\u1ec7n t\u1eeb m\u00e0ng ng\u0103n t\u00e1c \u0111\u1ed9ng tr\u1ef1c ti\u1ebfp d\u01b0\u1edbi n\u01b0\u1edbc c\u00f3 kh\u1ea3 n\u0103ng kh\u1edfi \u0111\u1ed9ng \u1edf \u00e1p su\u1ea5t b\u1eb1ng kh\u00f4ng v\u00e0 kh\u1ea3 n\u0103ng l\u01b0u l\u01b0\u1ee3ng cao, \u0111\u1ea3m b\u1ea3o ho\u1ea1t \u0111\u1ed9ng hi\u1ec7u qu\u1ea3 trong \u0111i\u1ec1u ki\u1ec7n \u00e1p su\u1ea5t th\u1ea5p ho\u1eb7c kh\u00f4ng \u00e1p su\u1ea5t v\u00e0 c\u00e1c \u1ee9ng d\u1ee5ng l\u01b0u l\u01b0\u1ee3ng cao.<\/li><\/ul>\t\t\t\t\t\t\t\t<\/div>\n\t\t\t\t<\/div>\n\t\t\t\t<\/div>\n\t\t<div class=\"elementor-element elementor-element-e796ac0 e-con-full e-flex e-con e-child\" data-id=\"e796ac0\" data-element_type=\"container\" data-e-type=\"container\" data-settings=\"{&quot;ekit_has_onepagescroll_dot&quot;:&quot;yes&quot;}\">\n\t\t\t\t<div class=\"elementor-element elementor-element-7ddba38 elementor-widget__width-initial elementor-widget elementor-widget-image\" data-id=\"7ddba38\" data-element_type=\"widget\" data-e-type=\"widget\" data-settings=\"{&quot;ekit_we_effect_on&quot;:&quot;none&quot;}\" data-widget_type=\"image.default\">\n\t\t\t\t<div class=\"elementor-widget-container\">\n\t\t\t\t\t\t\t\t\t\t\t\t\t\t\t<img fetchpriority=\"high\" decoding=\"async\" width=\"768\" height=\"759\" src=\"https:\/\/www.delcofluid.com\/wp-content\/uploads\/2024\/03\/product-finder-graphic-3-x900.jpg\" class=\"attachment-large size-large wp-image-2576\" alt=\"Solenoid Valves\" srcset=\"https:\/\/www.delcofluid.com\/wp-content\/uploads\/2024\/03\/product-finder-graphic-3-x900.jpg 768w, https:\/\/www.delcofluid.com\/wp-content\/uploads\/2024\/03\/product-finder-graphic-3-x900-100x100.jpg 100w, https:\/\/www.delcofluid.com\/wp-content\/uploads\/2024\/03\/product-finder-graphic-3-x900-600x593.jpg 600w, https:\/\/www.delcofluid.com\/wp-content\/uploads\/2024\/03\/product-finder-graphic-3-x900-300x296.jpg 300w\" sizes=\"(max-width: 768px) 100vw, 768px\" \/>\t\t\t\t\t\t\t\t\t\t\t\t\t\t\t<\/div>\n\t\t\t\t<\/div>\n\t\t\t\t<\/div>\n\t\t\t\t<\/div>\n\t\t<div class=\"elementor-element elementor-element-4e8d114 e-flex e-con-boxed e-con e-parent\" data-id=\"4e8d114\" data-element_type=\"container\" data-e-type=\"container\" data-settings=\"{&quot;ekit_has_onepagescroll_dot&quot;:&quot;yes&quot;}\">\n\t\t\t\t\t<div class=\"e-con-inner\">\n\t\t\t\t<div class=\"elementor-element elementor-element-4afd6ea elementor-widget elementor-widget-heading\" data-id=\"4afd6ea\" data-element_type=\"widget\" data-e-type=\"widget\" data-settings=\"{&quot;ekit_we_effect_on&quot;:&quot;none&quot;}\" data-widget_type=\"heading.default\">\n\t\t\t\t<div class=\"elementor-widget-container\">\n\t\t\t\t\t<h2 class=\"elementor-heading-title elementor-size-default\">Nguy\u00ean l\u00fd ho\u1ea1t \u0111\u1ed9ng:<\/h2>\t\t\t\t<\/div>\n\t\t\t\t<\/div>\n\t\t\t\t<div class=\"elementor-element elementor-element-ffd4484 elementor-widget elementor-widget-text-editor\" data-id=\"ffd4484\" data-element_type=\"widget\" data-e-type=\"widget\" data-settings=\"{&quot;ekit_we_effect_on&quot;:&quot;none&quot;}\" data-widget_type=\"text-editor.default\">\n\t\t\t\t<div class=\"elementor-widget-container\">\n\t\t\t\t\t\t\t\t\t<p>\u00a0Khi s\u1eed d\u1ee5ng trong c\u00e1c \u1ee9ng d\u1ee5ng d\u01b0\u1edbi n\u01b0\u1edbc, van \u0111i\u1ec7n t\u1eeb m\u00e0ng ng\u0103n tr\u1ef1c ti\u1ebfp s\u1eed d\u1ee5ng l\u1ef1c \u0111i\u1ec7n t\u1eeb \u0111\u1ec3 \u0111i\u1ec1u khi\u1ec3n chuy\u1ec3n \u0111\u1ed9ng c\u1ee7a c\u01a1 c\u1ea5u m\u00e0ng ng\u0103n \u0111\u01b0\u1ee3c g\u1eafn tr\u1ef1c ti\u1ebfp. Khi van \u0111i\u1ec7n t\u1eeb \u0111\u01b0\u1ee3c c\u1ea5p \u0111i\u1ec7n, cu\u1ed9n d\u00e2y \u0111i\u1ec7n t\u1eeb t\u1ea1o ra t\u1eeb tr\u01b0\u1eddng h\u00fat ho\u1eb7c \u0111\u1ea9y m\u00e0ng ng\u0103n, gi\u00fap m\u1edf ho\u1eb7c \u0111\u00f3ng van \u0111\u1ec3 ki\u1ec3m so\u00e1t ch\u00ednh x\u00e1c l\u01b0u l\u01b0\u1ee3ng ch\u1ea5t l\u1ecfng. Thi\u1ebft k\u1ebf n\u00e0y cho ph\u00e9p v\u1eadn h\u00e0nh kh\u00f4ng \u00e1p su\u1ea5t, mang l\u1ea1i kh\u1ea3 n\u0103ng ch\u1ed1ng n\u01b0\u1edbc v\u00e0 ch\u1ed1ng \u0103n m\u00f2n tuy\u1ec7t v\u1eddi cho c\u00e1c \u1ee9ng d\u1ee5ng y\u00eau c\u1ea7u v\u1eadn h\u00e0nh d\u01b0\u1edbi n\u01b0\u1edbc \u0111\u00e1ng tin c\u1eady. s\u1eed d\u1ee5ng l\u1ef1c \u0111i\u1ec7n t\u1eeb \u0111\u1ec3 \u0111i\u1ec1u khi\u1ec3n chuy\u1ec3n \u0111\u1ed9ng c\u1ee7a c\u01a1 c\u1ea5u m\u00e0ng ng\u0103n \u0111\u01b0\u1ee3c g\u1eafn tr\u1ef1c ti\u1ebfp. Khi van \u0111i\u1ec7n t\u1eeb \u0111\u01b0\u1ee3c c\u1ea5p \u0111i\u1ec7n, cu\u1ed9n d\u00e2y \u0111i\u1ec7n t\u1eeb t\u1ea1o ra t\u1eeb tr\u01b0\u1eddng h\u00fat ho\u1eb7c \u0111\u1ea9y m\u00e0ng ng\u0103n, gi\u00fap m\u1edf ho\u1eb7c \u0111\u00f3ng van \u0111\u1ec3 ki\u1ec3m so\u00e1t ch\u00ednh x\u00e1c l\u01b0u l\u01b0\u1ee3ng ch\u1ea5t l\u1ecfng. Thi\u1ebft k\u1ebf n\u00e0y cho ph\u00e9p v\u1eadn h\u00e0nh kh\u00f4ng \u00e1p su\u1ea5t, mang l\u1ea1i kh\u1ea3 n\u0103ng ch\u1ed1ng n\u01b0\u1edbc v\u00e0 ch\u1ed1ng \u0103n m\u00f2n tuy\u1ec7t v\u1eddi cho c\u00e1c \u1ee9ng d\u1ee5ng y\u00eau c\u1ea7u v\u1eadn h\u00e0nh d\u01b0\u1edbi n\u01b0\u1edbc \u0111\u00e1ng tin c\u1eady.<\/p>\t\t\t\t\t\t\t\t<\/div>\n\t\t\t\t<\/div>\n\t\t\t\t\t<\/div>\n\t\t\t\t<\/div>\n\t\t<div class=\"elementor-element elementor-element-15c4c55 e-con-full e-flex e-con e-parent\" data-id=\"15c4c55\" data-element_type=\"container\" data-e-type=\"container\" data-settings=\"{&quot;background_background&quot;:&quot;classic&quot;,&quot;ekit_has_onepagescroll_dot&quot;:&quot;yes&quot;}\">\n\t\t\t\t<div class=\"elementor-element elementor-element-cf7446a elementor-widget elementor-widget-heading\" data-id=\"cf7446a\" data-element_type=\"widget\" data-e-type=\"widget\" data-settings=\"{&quot;ekit_we_effect_on&quot;:&quot;none&quot;}\" data-widget_type=\"heading.default\">\n\t\t\t\t<div class=\"elementor-widget-container\">\n\t\t\t\t\t<h2 class=\"elementor-heading-title elementor-size-default\">Th\u00f4ng s\u1ed1 k\u1ef9 thu\u1eadt c\u1ee7a van \u0111i\u1ec7n t\u1eeb m\u00e0ng ng\u0103n t\u00e1c \u0111\u1ed9ng tr\u1ef1c ti\u1ebfp<\/h2>\t\t\t\t<\/div>\n\t\t\t\t<\/div>\n\t\t\t\t<\/div>\n\t\t<div class=\"elementor-element elementor-element-66467903 e-con-full e-flex e-con e-parent\" data-id=\"66467903\" data-element_type=\"container\" data-e-type=\"container\" data-settings=\"{&quot;ekit_has_onepagescroll_dot&quot;:&quot;yes&quot;}\">\n\t\t\t\t<div class=\"elementor-element elementor-element-94a1071 elementor-widget__width-initial elementor-widget elementor-widget-text-editor\" data-id=\"94a1071\" data-element_type=\"widget\" data-e-type=\"widget\" data-settings=\"{&quot;ekit_we_effect_on&quot;:&quot;none&quot;}\" data-widget_type=\"text-editor.default\">\n\t\t\t\t<div class=\"elementor-widget-container\">\n\t\t\t\t\t\t\t\t\t<table width=\"763\"><tbody><tr><td width=\"47\"><span style=\"vertical-align: inherit\"><span style=\"vertical-align: inherit\">\u00c1p l\u1ef1c:<\/span><\/span><\/td><td width=\"112\">0-1,0MPa\u00a0<\/td><td width=\"94\">L\u1ed7 (mm):<\/td><td width=\"258\"><span style=\"vertical-align: inherit\"><span style=\"vertical-align: inherit\">15, 20, 25, 32, 40, 50<\/span><\/span><\/td><\/tr><tr><td width=\"47\">B\u1ea3o h\u00e0nh:<\/td><td width=\"112\">12 con b\u01b0\u1edbm \u0111\u00eam<\/td><td width=\"94\">\u0110i\u1ec7n \u00e1p:<\/td><td width=\"258\">DC-12V, 24V; AC-24V, 120V, 240V\/60Hz; 110V, 220V\/50Hz<\/td><\/tr><tr><td width=\"47\">Ph\u1ea1m vi k\u00edch th\u01b0\u1edbc<\/td><td width=\"112\">3\/8&#8221;~2&#8221;<\/td><td width=\"94\">\u00a0Ch\u1ee9c n\u0103ng:<\/td><td width=\"258\"><span style=\"vertical-align: inherit\"><span style=\"vertical-align: inherit\"> Th\u01b0\u1eddng \u0111\u00f3ng \/ Th\u01b0\u1eddng m\u1edf<\/span><\/span><\/td><\/tr><tr><td width=\"47\">Nhi\u1ec7t \u0111\u1ed9 c\u1ee7a m\u00f4i tr\u01b0\u1eddng\uff1a<\/td><td width=\"112\">-5~80\u2103 (23\u2109 \u0111\u1ebfn 176\u2109)<\/td><td width=\"94\">Ph\u01b0\u01a1ng ti\u1ec7n truy\u1ec1n th\u00f4ng ph\u00f9 h\u1ee3p:<\/td><td width=\"258\">N\u01b0\u1edbc, kh\u00f4ng kh\u00ed, d\u1ea7u, kh\u00ed, v.v.<\/td><\/tr><\/tbody><\/table>\t\t\t\t\t\t\t\t<\/div>\n\t\t\t\t<\/div>\n\t\t\t\t<\/div>\n\t\t<div class=\"elementor-element elementor-element-0b18e32 e-flex e-con-boxed e-con e-parent\" data-id=\"0b18e32\" data-element_type=\"container\" data-e-type=\"container\" data-settings=\"{&quot;ekit_has_onepagescroll_dot&quot;:&quot;yes&quot;}\">\n\t\t\t\t\t<div class=\"e-con-inner\">\n\t\t\t\t<div class=\"elementor-element elementor-element-c6975fe elementor-widget elementor-widget-heading\" data-id=\"c6975fe\" data-element_type=\"widget\" data-e-type=\"widget\" data-settings=\"{&quot;ekit_we_effect_on&quot;:&quot;none&quot;}\" data-widget_type=\"heading.default\">\n\t\t\t\t<div class=\"elementor-widget-container\">\n\t\t\t\t\t<h2 class=\"elementor-heading-title elementor-size-default\">\u1ee8ng d\u1ee5ng:<\/h2>\t\t\t\t<\/div>\n\t\t\t\t<\/div>\n\t\t\t\t<div class=\"elementor-element elementor-element-eb6e9f8 elementor-widget elementor-widget-text-editor\" data-id=\"eb6e9f8\" data-element_type=\"widget\" data-e-type=\"widget\" data-settings=\"{&quot;ekit_we_effect_on&quot;:&quot;none&quot;}\" data-widget_type=\"text-editor.default\">\n\t\t\t\t<div class=\"elementor-widget-container\">\n\t\t\t\t\t\t\t\t\t<p>Van \u0111i\u1ec7n t\u1eeb m\u00e0ng t\u00e1c \u0111\u1ed9ng tr\u1ef1c ti\u1ebfp \u0111\u01b0\u1ee3c s\u1eed d\u1ee5ng r\u1ed9ng r\u00e3i trong nhi\u1ec1u ng\u00e0nh c\u00f4ng nghi\u1ec7p, bao g\u1ed3m:<\/p>\t\t\t\t\t\t\t\t<\/div>\n\t\t\t\t<\/div>\n\t\t\t\t<div class=\"elementor-element elementor-element-fab2721 elementor-widget elementor-widget-text-editor\" data-id=\"fab2721\" data-element_type=\"widget\" data-e-type=\"widget\" data-settings=\"{&quot;ekit_we_effect_on&quot;:&quot;none&quot;}\" data-widget_type=\"text-editor.default\">\n\t\t\t\t<div class=\"elementor-widget-container\">\n\t\t\t\t\t\t\t\t\t<ul><li><p><strong>X\u1eed l\u00fd n\u01b0\u1edbc v\u00e0 n\u01b0\u1edbc th\u1ea3i:<\/strong> \u0110\u1ec3 ki\u1ec3m so\u00e1t d\u00f2ng ch\u1ea3y c\u1ee7a ch\u1ea5t l\u1ecfng trong x\u1eed l\u00fd n\u01b0\u1edbc th\u1ea3i, h\u1ec7 th\u1ed1ng c\u1ea5p tho\u00e1t n\u01b0\u1edbc, bao g\u1ed3m c\u00e1c tr\u1ea1m b\u01a1m n\u01b0\u1edbc th\u1ea3i, nh\u00e0 m\u00e1y x\u1eed l\u00fd n\u01b0\u1edbc th\u1ea3i v\u00e0 h\u1ec7 th\u1ed1ng n\u01b0\u1edbc th\u1ea3i t\u1ef1 \u0111\u1ed9ng.<\/p><\/li><li><p><strong>Th\u1ef1c ph\u1ea9m v\u00e0 \u0111\u1ed3 u\u1ed1ng:<\/strong> \u0110\u01b0\u1ee3c s\u1eed d\u1ee5ng \u0111\u1ec3 ki\u1ec3m so\u00e1t d\u00f2ng ch\u1ea3y c\u1ee7a ch\u1ea5t l\u1ecfng trong qu\u00e1 tr\u00ecnh ch\u1ebf bi\u1ebfn th\u1ef1c ph\u1ea9m v\u00e0 \u0111\u1ed3 u\u1ed1ng, \u0111\u1ea3m b\u1ea3o v\u1ec7 sinh v\u00e0 ki\u1ec3m so\u00e1t quy tr\u00ecnh.<\/p><\/li><li><p><strong>Kh\u1eed mu\u1ed1i:<\/strong> \u0110\u01b0\u1ee3c s\u1eed d\u1ee5ng trong c\u00e1c nh\u00e0 m\u00e1y kh\u1eed mu\u1ed1i \u0111\u1ec3 ki\u1ec3m so\u00e1t d\u00f2ng ch\u1ea3y c\u1ee7a ch\u1ea5t l\u1ecfng kh\u1eed mu\u1ed1i v\u00e0 \u0111\u1ea3m b\u1ea3o ho\u1ea1t \u0111\u1ed9ng hi\u1ec7u qu\u1ea3 c\u1ee7a qu\u00e1 tr\u00ecnh th\u1ea9m th\u1ea5u ng\u01b0\u1ee3c v\u00e0 bay h\u01a1i.<\/p><\/li><li><p><strong>H\u00f3a ch\u1ea5t:<\/strong> \u0110\u01b0\u1ee3c s\u1eed d\u1ee5ng trong qu\u00e1 tr\u00ecnh x\u1eed l\u00fd h\u00f3a ch\u1ea5t \u0111\u1ec3 ki\u1ec3m so\u00e1t d\u00f2ng ch\u1ea3y c\u1ee7a nhi\u1ec1u lo\u1ea1i ch\u1ea5t l\u1ecfng h\u00f3a h\u1ecdc, \u0111\u1ea3m b\u1ea3o s\u1ea3n xu\u1ea5t an to\u00e0n v\u00e0 ki\u1ec3m so\u00e1t c\u00e1c ph\u1ea3n \u1ee9ng h\u00f3a h\u1ecdc.<\/p><\/li><li><p><strong>D\u1ec7t may:<\/strong> \u0110\u01b0\u1ee3c s\u1eed d\u1ee5ng trong ng\u00e0nh d\u1ec7t may \u0111\u1ec3 ki\u1ec3m so\u00e1t d\u00f2ng ch\u1ea3y c\u1ee7a nhi\u1ec1u lo\u1ea1i ch\u1ea5t l\u1ecfng h\u00f3a h\u1ecdc trong qu\u00e1 tr\u00ecnh nhu\u1ed9m, t\u1ea9y v\u00e0 ho\u00e0n thi\u1ec7n, \u0111\u1ea3m b\u1ea3o hi\u1ec7u qu\u1ea3 v\u00e0 ch\u1ea5t l\u01b0\u1ee3ng s\u1ea3n xu\u1ea5t.<\/p><\/li><\/ul>\t\t\t\t\t\t\t\t<\/div>\n\t\t\t\t<\/div>\n\t\t\t\t<div class=\"elementor-element elementor-element-fe1154f elementor-widget elementor-widget-heading\" data-id=\"fe1154f\" data-element_type=\"widget\" data-e-type=\"widget\" data-settings=\"{&quot;ekit_we_effect_on&quot;:&quot;none&quot;}\" data-widget_type=\"heading.default\">\n\t\t\t\t<div class=\"elementor-widget-container\">\n\t\t\t\t\t<h2 class=\"elementor-heading-title elementor-size-default\">Ph\u1ea7n k\u1ebft lu\u1eadn:<\/h2>\t\t\t\t<\/div>\n\t\t\t\t<\/div>\n\t\t\t\t<div class=\"elementor-element elementor-element-472bfac elementor-widget elementor-widget-text-editor\" data-id=\"472bfac\" data-element_type=\"widget\" data-e-type=\"widget\" data-settings=\"{&quot;ekit_we_effect_on&quot;:&quot;none&quot;}\" data-widget_type=\"text-editor.default\">\n\t\t\t\t<div class=\"elementor-widget-container\">\n\t\t\t\t\t\t\t\t\t<p>Van \u0111i\u1ec7n t\u1eeb m\u00e0ng ng\u0103n t\u00e1c \u0111\u1ed9ng tr\u1ef1c ti\u1ebfp cho c\u00e1c \u1ee9ng d\u1ee5ng d\u01b0\u1edbi n\u01b0\u1edbc cung c\u1ea5p nhi\u1ec1u \u1ee9ng d\u1ee5ng trong m\u00f4i tr\u01b0\u1eddng d\u01b0\u1edbi n\u01b0\u1edbc do thi\u1ebft k\u1ebf ch\u1ed1ng th\u1ea5m n\u01b0\u1edbc \u0111\u1ed9c \u0111\u00e1o v\u00e0 kh\u1ea3 n\u0103ng ch\u1ed1ng \u0103n m\u00f2n tuy\u1ec7t v\u1eddi. C\u01a1 ch\u1ebf v\u1eadn h\u00e0nh m\u00e0ng ng\u0103n t\u00e1c \u0111\u1ed9ng tr\u1ef1c ti\u1ebfp c\u1ee7a n\u00f3 \u0111\u1ea3m b\u1ea3o ki\u1ec3m so\u00e1t d\u00f2ng ch\u1ea5t l\u1ecfng nhanh ch\u00f3ng v\u00e0 ch\u00ednh x\u00e1c, cung c\u1ea5p c\u00e1c gi\u1ea3i ph\u00e1p ki\u1ec3m so\u00e1t ch\u1ea5t l\u1ecfng \u0111\u00e1ng tin c\u1eady v\u00e0 hi\u1ec7u qu\u1ea3 cho c\u00e1c quy tr\u00ecnh s\u1ea3n xu\u1ea5t, cho d\u00f9 trong ng\u00e0nh ch\u1ebf bi\u1ebfn th\u1ef1c ph\u1ea9m, x\u1eed l\u00fd h\u00f3a ch\u1ea5t hay kh\u1eed mu\u1ed1i.<\/p>\t\t\t\t\t\t\t\t<\/div>\n\t\t\t\t<\/div>\n\t\t\t\t\t<\/div>\n\t\t\t\t<\/div>\n\t\t\t\t<\/div>","protected":false},"excerpt":{"rendered":"<p>Van \u0111i\u1ec7n t\u1eeb m\u00e0ng ng\u0103n t\u00e1c \u0111\u1ed9ng tr\u1ef1c ti\u1ebfp, \u0111\u01b0\u1ee3c thi\u1ebft k\u1ebf \u0111\u1ec3 s\u1eed d\u1ee5ng trong c\u00e1c \u1ee9ng d\u1ee5ng d\u01b0\u1edbi n\u01b0\u1edbc, \u0111\u01b0\u1ee3c ch\u1ebf t\u1ea1o t\u1eeb \u0111\u1ed3ng thau ho\u1eb7c th\u00e9p kh\u00f4ng g\u1ec9, c\u00f3 kh\u1ea3 n\u0103ng ch\u1ed1ng \u0103n m\u00f2n tuy\u1ec7t v\u1eddi v\u00e0 \u0111\u1ed9 b\u1ec1n k\u1ebft c\u1ea5u \u0111\u1ec3 v\u1eadn h\u00e0nh \u0111\u00e1ng tin c\u1eady trong \u0111i\u1ec1u ki\u1ec7n kh\u1eafc nghi\u1ec7t d\u01b0\u1edbi n\u01b0\u1edbc. Van n\u00e0y ph\u1ea3n \u1ee9ng nhanh v\u00e0 m\u1edf t\u1eeb 0 bar, t\u1ef1 h\u00e0o c\u00f3 l\u01b0u l\u01b0\u1ee3ng cao. \u0110\u01b0\u1ee3c \u0111i\u1ec1u khi\u1ec3n b\u1eb1ng l\u1ef1c \u0111i\u1ec7n t\u1eeb truy\u1ec1n \u0111\u1ed9ng tr\u1ef1c ti\u1ebfp v\u00e0o m\u00e0ng ng\u0103n, n\u00f3 h\u1ed7 tr\u1ee3 truy\u1ec1n \u0111\u1ed9ng \u00e1p su\u1ea5t b\u1eb1ng kh\u00f4ng. Cu\u1ed9n d\u00e2y \u0111i\u1ec7n t\u1eeb \u0111\u01b0\u1ee3c x\u1ebfp h\u1ea1ng ch\u1ed1ng th\u1ea5m n\u01b0\u1edbc IP68, \u0111\u1ea3m b\u1ea3o hi\u1ec7u su\u1ea5t l\u00e2u d\u00e0i d\u01b0\u1edbi n\u01b0\u1edbc trong ph\u1ea1m vi \u00e1p su\u1ea5t t\u1eeb 0 \u0111\u1ebfn 1,0 MPa (0 \u0111\u1ebfn 150 PSI). C\u00e1c t\u00f9y ch\u1ecdn \u0111i\u1ec7n \u00e1p bao g\u1ed3m 12VDC, 24VDC, 110VAC v\u00e0 220VAC, ph\u1ee5c v\u1ee5 cho nhi\u1ec1u h\u1ec7 th\u1ed1ng \u0111i\u1ec7n kh\u00e1c nhau.<\/p>\n<p>V\u1edbi k\u00edch th\u01b0\u1edbc c\u1ed5ng t\u1eeb 1\/2\u2033 \u0111\u1ebfn 2\u2033 (DN15 \u0111\u1ebfn DN50), van \u0111i\u1ec7n t\u1eeb 2W41 ph\u00f9 h\u1ee3p \u0111\u1ec3 x\u1eed l\u00fd m\u00f4i tr\u01b0\u1eddng nhi\u1ec7t \u0111\u1ed9 trung b\u00ecnh. Van h\u1ed7 tr\u1ee3 c\u1ea3 k\u1ebft n\u1ed1i ren v\u00e0 b\u00edch, t\u1ea1o \u0111i\u1ec1u ki\u1ec7n l\u1eafp \u0111\u1eb7t linh ho\u1ea1t v\u00e0 \u0111\u01a1n gi\u1ea3n tr\u00ean nhi\u1ec1u h\u1ec7 th\u1ed1ng \u0111\u01b0\u1eddng \u1ed1ng kh\u00e1c nhau. Van \u0111i\u1ec7n t\u1eeb 2W41 l\u00fd t\u01b0\u1edfng \u0111\u1ec3 t\u0103ng t\u00ednh th\u1ea9m m\u1ef9 cho \u0111\u00e0i phun n\u01b0\u1edbc c\u1ea3nh quan ho\u1eb7c \u0111\u1ea3m b\u1ea3o d\u00f2ng n\u01b0\u1edbc \u1ed5n \u0111\u1ecbnh trong h\u1ed3 b\u01a1i. N\u00f3 cung c\u1ea5p hi\u1ec7u su\u1ea5t hi\u1ec7u qu\u1ea3, \u0111\u1ed9 tin c\u1eady v\u00e0 tu\u1ed5i th\u1ecd k\u00e9o d\u00e0i, khi\u1ebfn n\u00f3 tr\u1edf th\u00e0nh l\u1ef1a ch\u1ecdn ph\u1ed5 bi\u1ebfn trong c\u00e1c h\u1ec7 th\u1ed1ng \u0111\u00e0i phun n\u01b0\u1edbc kh\u00e1c nhau, bao g\u1ed3m c\u1ea3 h\u1ec7 th\u1ed1ng trong h\u1ed3 b\u01a1i v\u00e0 c\u00f4ng vi\u00ean.<\/p>\n<ul>\n<li>M\u1eabu: 2W21-PVC<\/li>\n<li>Ph\u1ea1m vi k\u00edch th\u01b0\u1edbc: 1\/2\u201d~2\u201d<\/li>\n<li>Ph\u1ea1m vi \u00e1p su\u1ea5t: 0-1,0 MPa<\/li>\n<li>Ch\u1ea5t li\u1ec7u: PVC ho\u1eb7c th\u00e9p kh\u00f4ng g\u1ec9 \u0111\u1ed3ng thau<\/li>\n<\/ul>","protected":false},"featured_media":9769,"template":"","meta":{"site-sidebar-layout":"default","site-content-layout":"","ast-site-content-layout":"default","site-content-style":"default","site-sidebar-style":"default","ast-global-header-display":"","ast-banner-title-visibility":"","ast-main-header-display":"","ast-hfb-above-header-display":"","ast-hfb-below-header-display":"","ast-hfb-mobile-header-display":"","site-post-title":"","ast-breadcrumbs-content":"","ast-featured-img":"","footer-sml-layout":"","ast-disable-related-posts":"","theme-transparent-header-meta":"default","adv-header-id-meta":"","stick-header-meta":"","header-above-stick-meta":"","header-main-stick-meta":"","header-below-stick-meta":"","astra-migrate-meta-layouts":"set","ast-page-background-enabled":"default","ast-page-background-meta":{"desktop":{"background-color":"var(--ast-global-color-4)","background-image":"","background-repeat":"repeat","background-position":"center center","background-size":"auto","background-attachment":"scroll","background-type":"","background-media":"","overlay-type":"","overlay-color":"","overlay-opacity":"","overlay-gradient":""},"tablet":{"background-color":"","background-image":"","background-repeat":"repeat","background-position":"center center","background-size":"auto","background-attachment":"scroll","background-type":"","background-media":"","overlay-type":"","overlay-color":"","overlay-opacity":"","overlay-gradient":""},"mobile":{"background-color":"","background-image":"","background-repeat":"repeat","background-position":"center center","background-size":"auto","background-attachment":"scroll","background-type":"","background-media":"","overlay-type":"","overlay-color":"","overlay-opacity":"","overlay-gradient":""}},"ast-content-background-meta":{"desktop":{"background-color":"var(--ast-global-color-5)","background-image":"","background-repeat":"repeat","background-position":"center center","background-size":"auto","background-attachment":"scroll","background-type":"","background-media":"","overlay-type":"","overlay-color":"","overlay-opacity":"","overlay-gradient":""},"tablet":{"background-color":"var(--ast-global-color-5)","background-image":"","background-repeat":"repeat","background-position":"center center","background-size":"auto","background-attachment":"scroll","background-type":"","background-media":"","overlay-type":"","overlay-color":"","overlay-opacity":"","overlay-gradient":""},"mobile":{"background-color":"var(--ast-global-color-5)","background-image":"","background-repeat":"repeat","background-position":"center center","background-size":"auto","background-attachment":"scroll","background-type":"","background-media":"","overlay-type":"","overlay-color":"","overlay-opacity":"","overlay-gradient":""}}},"product_brand":[],"product_cat":[713,33,37],"product_tag":[209,208,158,156,634,73,56,632,633],"class_list":{"0":"post-6146","1":"product","2":"type-product","3":"status-publish","4":"has-post-thumbnail","6":"product_cat-direct-acting-solenoid-valve","7":"product_cat-products","8":"product_cat-solenoid-valves","9":"product_tag-direct-acting-diaphragm-type-solenoid-valve","10":"product_tag-direct-acting-diaphragm-type-solenoid-valves","11":"product_tag-solenoid-valve","12":"product_tag-solenoid-valves","13":"product_tag-underwater-solenoid-valve-for-fountain","14":"product_tag-valve","15":"product_tag-valves","16":"product_tag-waterproof-solenoid-valve","17":"product_tag-waterproof-solenoid-valve-for-fountain","18":"desktop-align-center","19":"tablet-align-left","20":"mobile-align-left","22":"first","23":"instock","24":"shipping-taxable","25":"product-type-simple"},"_links":{"self":[{"href":"https:\/\/www.delcofluid.com\/vi\/wp-json\/wp\/v2\/product\/6146","targetHints":{"allow":["GET"]}}],"collection":[{"href":"https:\/\/www.delcofluid.com\/vi\/wp-json\/wp\/v2\/product"}],"about":[{"href":"https:\/\/www.delcofluid.com\/vi\/wp-json\/wp\/v2\/types\/product"}],"version-history":[{"count":0,"href":"https:\/\/www.delcofluid.com\/vi\/wp-json\/wp\/v2\/product\/6146\/revisions"}],"wp:featuredmedia":[{"embeddable":true,"href":"https:\/\/www.delcofluid.com\/vi\/wp-json\/wp\/v2\/media\/9769"}],"wp:attachment":[{"href":"https:\/\/www.delcofluid.com\/vi\/wp-json\/wp\/v2\/media?parent=6146"}],"wp:term":[{"taxonomy":"product_brand","embeddable":true,"href":"https:\/\/www.delcofluid.com\/vi\/wp-json\/wp\/v2\/product_brand?post=6146"},{"taxonomy":"product_cat","embeddable":true,"href":"https:\/\/www.delcofluid.com\/vi\/wp-json\/wp\/v2\/product_cat?post=6146"},{"taxonomy":"product_tag","embeddable":true,"href":"https:\/\/www.delcofluid.com\/vi\/wp-json\/wp\/v2\/product_tag?post=6146"}],"curies":[{"name":"wp","href":"https:\/\/api.w.org\/{rel}","templated":true}]}}