{"id":6165,"date":"2024-06-25T10:43:46","date_gmt":"2024-06-25T09:43:46","guid":{"rendered":"https:\/\/www.delcofluid.com\/?post_type=product&#038;p=6165"},"modified":"2024-12-04T09:44:51","modified_gmt":"2024-12-04T09:44:51","slug":"direct-acting-explosion-proof-diaphragm-solenoid-valve-ex2w","status":"publish","type":"product","link":"https:\/\/www.delcofluid.com\/vi\/san-pham\/direct-acting-explosion-proof-diaphragm-solenoid-valve-ex2w\/","title":{"rendered":"Van \u0111i\u1ec7n t\u1eeb m\u00e0ng ch\u1ed1ng ch\u00e1y n\u1ed5 t\u00e1c \u0111\u1ed9ng tr\u1ef1c ti\u1ebfp DELCO-EX2W"},"content":{"rendered":"<div data-elementor-type=\"product-post\" data-elementor-id=\"6165\" class=\"elementor elementor-6165\" data-elementor-post-type=\"product\">\n\t\t\t\t<div class=\"elementor-element elementor-element-20539a1c e-con-full e-flex e-con e-parent\" data-id=\"20539a1c\" data-element_type=\"container\" data-e-type=\"container\" data-settings=\"{&quot;ekit_has_onepagescroll_dot&quot;:&quot;yes&quot;}\">\n\t\t<div class=\"elementor-element elementor-element-3316fa6 e-con-full e-flex e-con e-child\" data-id=\"3316fa6\" data-element_type=\"container\" data-e-type=\"container\" data-settings=\"{&quot;ekit_has_onepagescroll_dot&quot;:&quot;yes&quot;}\">\n\t\t\t\t<div class=\"elementor-element elementor-element-b8b3abc elementor-widget elementor-widget-heading\" data-id=\"b8b3abc\" data-element_type=\"widget\" data-e-type=\"widget\" data-settings=\"{&quot;ekit_we_effect_on&quot;:&quot;none&quot;}\" data-widget_type=\"heading.default\">\n\t\t\t\t<div class=\"elementor-widget-container\">\n\t\t\t\t\t<h2 class=\"elementor-heading-title elementor-size-default\">\u0110\u1eb7c tr\u01b0ng<\/h2>\t\t\t\t<\/div>\n\t\t\t\t<\/div>\n\t\t\t\t<div class=\"elementor-element elementor-element-4b43349d elementor-widget__width-initial elementor-widget elementor-widget-text-editor\" data-id=\"4b43349d\" data-element_type=\"widget\" data-e-type=\"widget\" data-settings=\"{&quot;ekit_we_effect_on&quot;:&quot;none&quot;}\" data-widget_type=\"text-editor.default\">\n\t\t\t\t<div class=\"elementor-widget-container\">\n\t\t\t\t\t\t\t\t\t<ul><li><p><span style=\"text-align: var(--text-align)\"><b>Thi\u1ebft b\u1ecb t\u1ef1 \u0111\u1ed9ng ch\u1ed1ng ch\u00e1y n\u1ed5<\/b>:<\/span><span style=\"text-align: var(--text-align)\">\u0110\u01b0\u1ee3c thi\u1ebft k\u1ebf cho m\u00f4i tr\u01b0\u1eddng d\u1ec5 ch\u00e1y n\u1ed5 v\u00e0 nh\u1eefng n\u01a1i nguy hi\u1ec3m v\u1ec1 n\u1ed5, \u0111\u1ec3 t\u1ef1 \u0111\u1ed9ng chuy\u1ec3n \u0111\u1ed5i m\u00f4i tr\u01b0\u1eddng v\u00e0 v\u1eadn h\u00e0nh an to\u00e0n thi\u1ebft b\u1ecb t\u1ef1 \u0111\u1ed9ng h\u00f3a.<\/span><\/p><\/li><li><p><span style=\"text-align: var(--text-align)\"><b>\u0110\u01b0\u1eddng k\u00ednh r\u1ed9ng v\u00e0 ph\u1ea1m vi \u00e1p su\u1ea5t<\/b><\/span><b>:<\/b> Van \u0111i\u1ec7n t\u1eeb c\u00f3 \u0111\u01b0\u1eddng k\u00ednh t\u1eeb 5mm \u0111\u1ebfn 200mm, ph\u00f9 h\u1ee3p v\u1edbi nhi\u1ec1u lo\u1ea1i \u1ed1ng kh\u00e1c nhau. \u00c1p su\u1ea5t ti\u00eau chu\u1ea9n l\u00e0 0,03-0,8Mpa, c\u00e1c model kh\u00e1c \u0111\u1ea1t 0-1,6Mpa.<\/p><\/li><li><p><span style=\"text-align: var(--text-align)\"><b>Kh\u1ea3 n\u0103ng t\u01b0\u01a1ng th\u00edch \u0111a ph\u01b0\u01a1ng ti\u1ec7n<\/b><\/span><b>: <\/b>\u00a0Th\u00edch h\u1ee3p cho kh\u00f4ng kh\u00ed, n\u01b0\u1edbc, ch\u1ea5t l\u1ecfng c\u00f3 \u0111\u1ed9 nh\u1edbt th\u1ea5p, d\u1ea7u v\u00e0 ch\u1ea5t d\u1ec5 ch\u00e1y. C\u00e1c model kh\u00e1c x\u1eed l\u00fd h\u01a1i n\u01b0\u1edbc. Nhi\u1ec7t \u0111\u1ed9 dao \u0111\u1ed9ng t\u1eeb 0\u2103 \u0111\u1ebfn 135\u2103.<\/p><\/li><li><p><span style=\"text-align: var(--text-align)\"><b>Hi\u1ec7u qu\u1ea3 cao v\u00e0 an to\u00e0n<\/b><\/span><b>:\u00a0<\/b> Thi\u1ebft k\u1ebf cu\u1ed9n d\u00e2y t\u1ea7n s\u1ed1 cao, c\u00f4ng su\u1ea5t 12VA, 15VA v\u00e0 25VA. \u0110\u1ed9 k\u00edn tuy\u1ec7t v\u1eddi ng\u0103n ng\u1eeba cu\u1ed9n d\u00e2y b\u1ecb ch\u00e1y, \u0111\u1ea3m b\u1ea3o s\u1eed d\u1ee5ng an to\u00e0n, l\u00fd t\u01b0\u1edfng cho ng\u00e0nh c\u00f4ng nghi\u1ec7p kh\u00ed \u0111\u1ed1t.<\/p><\/li><li><p>\u00a0<b>M\u00e0ng loa n\u00e2ng tr\u1ef1c ti\u1ebfp:<\/b>\u00a0<span style=\"text-align: var(--text-align)\">M\u1edf t\u1eeb 0 bar, ph\u00f9 h\u1ee3p v\u1edbi h\u1ec7 th\u1ed1ng \u00e1p su\u1ea5t th\u1ea5p. Cung c\u1ea5p l\u01b0u l\u01b0\u1ee3ng cao, \u0111\u1ea3m b\u1ea3o ho\u1ea1t \u0111\u1ed9ng hi\u1ec7u qu\u1ea3.<\/span><\/p><\/li><\/ul>\t\t\t\t\t\t\t\t<\/div>\n\t\t\t\t<\/div>\n\t\t\t\t<\/div>\n\t\t<div class=\"elementor-element elementor-element-e796ac0 e-con-full e-flex e-con e-child\" data-id=\"e796ac0\" data-element_type=\"container\" data-e-type=\"container\" data-settings=\"{&quot;ekit_has_onepagescroll_dot&quot;:&quot;yes&quot;}\">\n\t\t\t\t<div class=\"elementor-element elementor-element-7ddba38 elementor-widget__width-initial elementor-widget elementor-widget-image\" data-id=\"7ddba38\" data-element_type=\"widget\" data-e-type=\"widget\" data-settings=\"{&quot;ekit_we_effect_on&quot;:&quot;none&quot;}\" data-widget_type=\"image.default\">\n\t\t\t\t<div class=\"elementor-widget-container\">\n\t\t\t\t\t\t\t\t\t\t\t\t\t\t\t<img fetchpriority=\"high\" decoding=\"async\" width=\"768\" height=\"759\" src=\"https:\/\/www.delcofluid.com\/wp-content\/uploads\/2024\/03\/product-finder-graphic-3-x900.jpg\" class=\"attachment-large size-large wp-image-2576\" alt=\"Solenoid Valves\" srcset=\"https:\/\/www.delcofluid.com\/wp-content\/uploads\/2024\/03\/product-finder-graphic-3-x900.jpg 768w, https:\/\/www.delcofluid.com\/wp-content\/uploads\/2024\/03\/product-finder-graphic-3-x900-100x100.jpg 100w, https:\/\/www.delcofluid.com\/wp-content\/uploads\/2024\/03\/product-finder-graphic-3-x900-600x593.jpg 600w, https:\/\/www.delcofluid.com\/wp-content\/uploads\/2024\/03\/product-finder-graphic-3-x900-300x296.jpg 300w\" sizes=\"(max-width: 768px) 100vw, 768px\" \/>\t\t\t\t\t\t\t\t\t\t\t\t\t\t\t<\/div>\n\t\t\t\t<\/div>\n\t\t\t\t<\/div>\n\t\t\t\t<\/div>\n\t\t<div class=\"elementor-element elementor-element-4e8d114 e-flex e-con-boxed e-con e-parent\" data-id=\"4e8d114\" data-element_type=\"container\" data-e-type=\"container\" data-settings=\"{&quot;ekit_has_onepagescroll_dot&quot;:&quot;yes&quot;}\">\n\t\t\t\t\t<div class=\"e-con-inner\">\n\t\t\t\t<div class=\"elementor-element elementor-element-4afd6ea elementor-widget elementor-widget-heading\" data-id=\"4afd6ea\" data-element_type=\"widget\" data-e-type=\"widget\" data-settings=\"{&quot;ekit_we_effect_on&quot;:&quot;none&quot;}\" data-widget_type=\"heading.default\">\n\t\t\t\t<div class=\"elementor-widget-container\">\n\t\t\t\t\t<h2 class=\"elementor-heading-title elementor-size-default\">Nguy\u00ean l\u00fd ho\u1ea1t \u0111\u1ed9ng c\u1ee7a van \u0111i\u1ec7n t\u1eeb ch\u1ed1ng n\u1ed5 t\u00e1c \u0111\u1ed9ng tr\u1ef1c ti\u1ebfp:<\/h2>\t\t\t\t<\/div>\n\t\t\t\t<\/div>\n\t\t\t\t<div class=\"elementor-element elementor-element-ffd4484 elementor-widget elementor-widget-text-editor\" data-id=\"ffd4484\" data-element_type=\"widget\" data-e-type=\"widget\" data-settings=\"{&quot;ekit_we_effect_on&quot;:&quot;none&quot;}\" data-widget_type=\"text-editor.default\">\n\t\t\t\t<div class=\"elementor-widget-container\">\n\t\t\t\t\t\t\t\t\t<p>Lo\u1ea1i th\u01b0\u1eddng \u0111\u00f3ng: khi \u0111\u01b0\u1ee3c c\u1ea5p \u0111i\u1ec7n, cu\u1ed9n d\u00e2y \u0111i\u1ec7n t\u1eeb t\u1ea1o ra l\u1ef1c \u0111i\u1ec7n t\u1eeb \u0111\u1ee7 l\u1edbn \u0111\u1ec3 n\u00e2ng c\u00e1c b\u1ed9 ph\u1eadn chuy\u1ec3n \u0111\u1ed9ng (nh\u01b0 l\u00f5i, th\u00e2n, piston\/ph\u1edbt, v.v.) ra kh\u1ecfi \u0111\u1ebf van \u0111\u1ec3 m\u1edf van \u0111i\u1ec7n t\u1eeb; khi \u0111\u01b0\u1ee3c c\u1ea5p \u0111i\u1ec7n, l\u1ef1c l\u00f2 xo s\u1ebd \u00e9p c\u00e1c b\u1ed9 ph\u1eadn chuy\u1ec3n \u0111\u1ed9ng v\u00e0o \u0111\u1ebf van \u0111\u1ec3 \u0111\u00f3ng van \u0111i\u1ec7n t\u1eeb.<\/p><p>Lo\u1ea1i th\u01b0\u1eddng m\u1edf: nguy\u00ean l\u00fd ho\u1ea1t \u0111\u1ed9ng ng\u01b0\u1ee3c l\u1ea1i v\u1edbi lo\u1ea1i th\u01b0\u1eddng \u0111\u00f3ng, c\u00e1c b\u1ed9 ph\u1eadn chuy\u1ec3n \u0111\u1ed9ng \u0111\u01b0\u1ee3c \u00e9p v\u00e0o \u0111\u1ebf van \u0111\u1ec3 \u0111\u00f3ng van \u0111i\u1ec7n t\u1eeb khi c\u00f3 \u0111i\u1ec7n \u00e1p cung c\u1ea5p v\u00e0 l\u1ef1c \u0111i\u1ec7n t\u1eeb n\u00e2ng c\u00e1c b\u1ed9 ph\u1eadn chuy\u1ec3n \u0111\u1ed9ng \u0111\u1ec3 m\u1edf van \u0111i\u1ec7n t\u1eeb khi m\u1ea5t \u0111i\u1ec7n \u00e1p cung c\u1ea5p.<\/p>\t\t\t\t\t\t\t\t<\/div>\n\t\t\t\t<\/div>\n\t\t\t\t\t<\/div>\n\t\t\t\t<\/div>\n\t\t<div class=\"elementor-element elementor-element-15c4c55 e-con-full e-flex e-con e-parent\" data-id=\"15c4c55\" data-element_type=\"container\" data-e-type=\"container\" data-settings=\"{&quot;background_background&quot;:&quot;classic&quot;,&quot;ekit_has_onepagescroll_dot&quot;:&quot;yes&quot;}\">\n\t\t\t\t<div class=\"elementor-element elementor-element-cf7446a elementor-widget elementor-widget-heading\" data-id=\"cf7446a\" data-element_type=\"widget\" data-e-type=\"widget\" data-settings=\"{&quot;ekit_we_effect_on&quot;:&quot;none&quot;}\" data-widget_type=\"heading.default\">\n\t\t\t\t<div class=\"elementor-widget-container\">\n\t\t\t\t\t<h2 class=\"elementor-heading-title elementor-size-default\">Th\u00f4ng s\u1ed1 k\u1ef9 thu\u1eadt c\u1ee7a van \u0111i\u1ec7n t\u1eeb m\u00e0ng ng\u0103n t\u00e1c \u0111\u1ed9ng tr\u1ef1c ti\u1ebfp<\/h2>\t\t\t\t<\/div>\n\t\t\t\t<\/div>\n\t\t\t\t<\/div>\n\t\t<div class=\"elementor-element elementor-element-66467903 e-con-full e-flex e-con e-parent\" data-id=\"66467903\" data-element_type=\"container\" data-e-type=\"container\" data-settings=\"{&quot;ekit_has_onepagescroll_dot&quot;:&quot;yes&quot;}\">\n\t\t\t\t<div class=\"elementor-element elementor-element-94a1071 elementor-widget__width-initial elementor-widget elementor-widget-text-editor\" data-id=\"94a1071\" data-element_type=\"widget\" data-e-type=\"widget\" data-settings=\"{&quot;ekit_we_effect_on&quot;:&quot;none&quot;}\" data-widget_type=\"text-editor.default\">\n\t\t\t\t<div class=\"elementor-widget-container\">\n\t\t\t\t\t\t\t\t\t<table width=\"763\"><tbody><tr><td width=\"47\"><span style=\"vertical-align: inherit\"><span style=\"vertical-align: inherit\">\u00c1p l\u1ef1c:<\/span><\/span><\/td><td width=\"112\">0-1,0 MPa (10 bar) \u00a0<\/td><td width=\"94\">L\u1ed7 (mm):<\/td><td width=\"258\">10, 15, 20, 25, 32, 40, 50<\/td><\/tr><tr><td width=\"47\">B\u1ea3o h\u00e0nh:<\/td><td width=\"112\">12 con b\u01b0\u1edbm \u0111\u00eam<\/td><td width=\"94\">\u0110i\u1ec7n \u00e1p:<\/td><td width=\"258\">DC-12V, 24V; AC-24V, 120V, 240V\/60Hz; 110V, 220V\/50Hz<\/td><\/tr><tr><td width=\"47\">Ph\u1ea1m vi k\u00edch th\u01b0\u1edbc<\/td><td width=\"112\">3\/8&#8221;~2&#8221;<\/td><td width=\"94\">\u00a0Ch\u1ee9c n\u0103ng:<\/td><td width=\"258\"><span style=\"vertical-align: inherit\"><span style=\"vertical-align: inherit\"> Th\u01b0\u1eddng \u0111\u00f3ng \/ Th\u01b0\u1eddng m\u1edf<\/span><\/span><\/td><\/tr><tr><td width=\"47\">V\u1eadt li\u1ec7u:<\/td><td width=\"112\">Thau<\/td><td width=\"94\">Ph\u01b0\u01a1ng ti\u1ec7n truy\u1ec1n th\u00f4ng ph\u00f9 h\u1ee3p:<\/td><td width=\"258\">N\u01b0\u1edbc, kh\u00f4ng kh\u00ed, d\u1ea7u, kh\u00ed, v.v.<\/td><\/tr><\/tbody><\/table>\t\t\t\t\t\t\t\t<\/div>\n\t\t\t\t<\/div>\n\t\t\t\t<\/div>\n\t\t<div class=\"elementor-element elementor-element-0b18e32 e-flex e-con-boxed e-con e-parent\" data-id=\"0b18e32\" data-element_type=\"container\" data-e-type=\"container\" data-settings=\"{&quot;ekit_has_onepagescroll_dot&quot;:&quot;yes&quot;}\">\n\t\t\t\t\t<div class=\"e-con-inner\">\n\t\t\t\t<div class=\"elementor-element elementor-element-c6975fe elementor-widget elementor-widget-heading\" data-id=\"c6975fe\" data-element_type=\"widget\" data-e-type=\"widget\" data-settings=\"{&quot;ekit_we_effect_on&quot;:&quot;none&quot;}\" data-widget_type=\"heading.default\">\n\t\t\t\t<div class=\"elementor-widget-container\">\n\t\t\t\t\t<h2 class=\"elementor-heading-title elementor-size-default\">\u1ee8ng d\u1ee5ng:<\/h2>\t\t\t\t<\/div>\n\t\t\t\t<\/div>\n\t\t\t\t<div class=\"elementor-element elementor-element-fab2721 elementor-widget elementor-widget-text-editor\" data-id=\"fab2721\" data-element_type=\"widget\" data-e-type=\"widget\" data-settings=\"{&quot;ekit_we_effect_on&quot;:&quot;none&quot;}\" data-widget_type=\"text-editor.default\">\n\t\t\t\t<div class=\"elementor-widget-container\">\n\t\t\t\t\t\t\t\t\t<ul><li><p><span style=\"text-align: var(--text-align)\"><b>X\u1eed l\u00fd n\u01b0\u1edbc v\u00e0 n\u01b0\u1edbc th\u1ea3i<\/b><\/span><b>:<\/b> Trong c\u00e1c c\u01a1 s\u1edf x\u1eed l\u00fd n\u01b0\u1edbc, van \u0111i\u1ec7n t\u1eeb ch\u1ed1ng n\u1ed5 ki\u1ec3m so\u00e1t d\u00f2ng ch\u1ea3y c\u1ee7a n\u01b0\u1edbc, h\u00f3a ch\u1ea5t v\u00e0 c\u00e1c ch\u1ea5t kh\u00e1c. Ch\u00fang qu\u1ea3n l\u00fd quy tr\u00ecnh x\u1eed l\u00fd n\u01b0\u1edbc \u0111\u1ec3 l\u00e0m s\u1ea1ch n\u01b0\u1edbc v\u00e0 x\u1eed l\u00fd n\u01b0\u1edbc th\u1ea3i c\u00f4ng nghi\u1ec7p m\u1ed9t c\u00e1ch an to\u00e0n theo ti\u00eau chu\u1ea9n m\u00f4i tr\u01b0\u1eddng.<\/p><\/li><li><p><span style=\"text-align: var(--text-align)\"><b>Ng\u00e0nh c\u00f4ng nghi\u1ec7p d\u1ec7t may:<\/b><\/span><span style=\"text-align: var(--text-align)\">Trong s\u1ea3n xu\u1ea5t d\u1ec7t may, van \u0111i\u1ec7n t\u1eeb ch\u1ed1ng n\u1ed5 ki\u1ec3m so\u00e1t ch\u1ea5t l\u1ecfng trong qu\u00e1 tr\u00ecnh nhu\u1ed9m v\u00e0 x\u1eed l\u00fd h\u00f3a ch\u1ea5t. Ch\u00fang \u0111\u1ea3m b\u1ea3o \u0111\u1ecbnh l\u01b0\u1ee3ng v\u00e0 pha tr\u1ed9n thu\u1ed1c nhu\u1ed9m v\u00e0 h\u00f3a ch\u1ea5t ch\u00ednh x\u00e1c, do \u0111\u00f3 \u0111\u1ea3m b\u1ea3o t\u00ednh nh\u1ea5t qu\u00e1n v\u00e0 ch\u1ea5t l\u01b0\u1ee3ng m\u00e0u s\u1eafc trong h\u00e0ng d\u1ec7t may.<\/span><\/p><\/li><li><p><strong>Ng\u00e0nh c\u00f4ng nghi\u1ec7p h\u00f3a ch\u1ea5t:\u00a0<\/strong>Ng\u00e0nh c\u00f4ng nghi\u1ec7p h\u00f3a ch\u1ea5t x\u1eed l\u00fd v\u00e0 s\u1ea3n xu\u1ea5t h\u00f3a ch\u1ea5t. Van \u0111i\u1ec7n t\u1eeb ch\u1ed1ng ch\u00e1y n\u1ed5 ki\u1ec3m so\u00e1t d\u00f2ng ch\u1ea3y c\u1ee7a ch\u1ea5t l\u1ecfng. Ch\u00fang \u0111\u01b0\u1ee3c l\u00e0m t\u1eeb v\u1eadt li\u1ec7u kh\u00f4ng g\u1ec9 v\u00e0 gi\u1eef cho c\u00e1c nh\u00e0 m\u00e1y h\u00f3a ch\u1ea5t an to\u00e0n v\u00e0 hi\u1ec7u qu\u1ea3.<\/p><\/li><li><p><span style=\"text-align: var(--text-align)\"><b>Th\u1ee9c \u0103n v\u00e0 \u0111\u1ed3 u\u1ed1ng<\/b><\/span><b>:<\/b> \u00a0Van \u0111i\u1ec7n t\u1eeb ch\u1ed1ng ch\u00e1y n\u1ed5 ki\u1ec3m so\u00e1t ch\u1ea5t l\u1ecfng (v\u00ed d\u1ee5 nh\u01b0 n\u01b0\u1edbc, xi-r\u00f4, n\u01b0\u1edbc tr\u00e1i c\u00e2y) tr\u00ean d\u00e2y chuy\u1ec1n s\u1ea3n xu\u1ea5t trong s\u1ea3n xu\u1ea5t th\u1ef1c ph\u1ea9m v\u00e0 \u0111\u1ed3 u\u1ed1ng. C\u00e1c van n\u00e0y ki\u1ec3m so\u00e1t d\u00f2ng ch\u1ea5t l\u1ecfng trong qu\u00e1 tr\u00ecnh s\u1ea3n xu\u1ea5t th\u1ef1c ph\u1ea9m.<\/p><\/li><li><p><span style=\"text-align: var(--text-align)\"><b>Ng\u00e0nh c\u00f4ng nghi\u1ec7p d\u01b0\u1ee3c ph\u1ea9m v\u00e0 b\u1ed9t gi\u1ea5y v\u00e0 gi\u1ea5y:\u00a0<\/b><\/span>C\u00e1c ng\u00e0nh c\u00f4ng nghi\u1ec7p n\u00e0y s\u1eed d\u1ee5ng van \u0111i\u1ec7n t\u1eeb ch\u1ed1ng ch\u00e1y n\u1ed5 \u0111\u1ec3 ki\u1ec3m so\u00e1t ch\u1ea5t l\u1ecfng trong c\u00e1c qu\u00e1 tr\u00ecnh h\u00f3a h\u1ecdc.<\/p><\/li><\/ul>\t\t\t\t\t\t\t\t<\/div>\n\t\t\t\t<\/div>\n\t\t\t\t<div class=\"elementor-element elementor-element-472bfac elementor-widget elementor-widget-text-editor\" data-id=\"472bfac\" data-element_type=\"widget\" data-e-type=\"widget\" data-settings=\"{&quot;ekit_we_effect_on&quot;:&quot;none&quot;}\" data-widget_type=\"text-editor.default\">\n\t\t\t\t<div class=\"elementor-widget-container\">\n\t\t\t\t\t\t\t\t\t<p>Van \u0111i\u1ec7n t\u1eeb ch\u1ed1ng ch\u00e1y n\u1ed5 l\u00e0 th\u00e0nh ph\u1ea7n thi\u1ebft y\u1ebfu \u0111\u01b0\u1ee3c thi\u1ebft k\u1ebf \u0111\u1ec3 \u0111i\u1ec1u ch\u1ec9nh an to\u00e0n d\u00f2ng ch\u1ea3y c\u1ee7a ch\u1ea5t l\u1ecfng ho\u1eb7c kh\u00ed trong m\u00f4i tr\u01b0\u1eddng c\u00f3 v\u1eadt li\u1ec7u d\u1ec5 ch\u00e1y, do \u0111\u00f3 ng\u0103n ng\u1eeba c\u00e1c v\u1ee5 n\u1ed5 ho\u1eb7c tai n\u1ea1n ti\u1ec1m \u1ea9n. T\u00e1c \u0111\u1ed9ng c\u1ee7a van \u0111i\u1ec7n t\u1eeb ch\u1ed1ng ch\u00e1y n\u1ed5 \u0111\u01b0\u1ee3c c\u1ea3m nh\u1eadn tr\u00ean m\u1ed9t s\u1ed1 ng\u00e0nh c\u00f4ng nghi\u1ec7p, bao g\u1ed3m ch\u1ebf bi\u1ebfn th\u1ef1c ph\u1ea9m, x\u1eed l\u00fd n\u01b0\u1edbc, h\u00f3a ch\u1ea5t v\u00e0 d\u01b0\u1ee3c ph\u1ea9m. Trong c\u00e1c l\u0129nh v\u1ef1c n\u00e0y, ch\u00fang \u0111\u00f3ng vai tr\u00f2 thi\u1ebft y\u1ebfu trong vi\u1ec7c \u0111\u1ea3m b\u1ea3o an to\u00e0n v\u1eadn h\u00e0nh v\u00e0 tu\u00e2n th\u1ee7 c\u00e1c ti\u00eau chu\u1ea9n an to\u00e0n nghi\u00eam ng\u1eb7t, do \u0111\u00f3 g\u00f3p ph\u1ea7n v\u00e0o s\u1ef1 an to\u00e0n v\u00e0 hi\u1ec7u qu\u1ea3 chung c\u1ee7a n\u01a1i l\u00e0m vi\u1ec7c hi\u1ec7n \u0111\u1ea1i.<\/p>\t\t\t\t\t\t\t\t<\/div>\n\t\t\t\t<\/div>\n\t\t\t\t\t<\/div>\n\t\t\t\t<\/div>\n\t\t\t\t<\/div>","protected":false},"excerpt":{"rendered":"<p>Van \u0111i\u1ec7n t\u1eeb ch\u1ed1ng n\u1ed5 l\u00e0 m\u1ed9t lo\u1ea1i thi\u1ebft b\u1ecb t\u1ef1 \u0111\u1ed9ng h\u00f3a \u0111\u01b0\u1ee3c thi\u1ebft k\u1ebf chuy\u00ean d\u1ee5ng cho m\u00f4i tr\u01b0\u1eddng d\u1ec5 ch\u00e1y n\u1ed5 v\u00e0 nh\u1eefng n\u01a1i nguy hi\u1ec3m v\u1ec1 n\u1ed5, th\u00edch h\u1ee3p \u0111\u1ec3 t\u1ef1 \u0111\u1ed9ng chuy\u1ec3n m\u1ea1ch m\u00f4i tr\u01b0\u1eddng \u0111\u01b0\u1eddng \u1ed1ng \u1edf nh\u1eefng n\u01a1i n\u00e0y. C\u00f3 th\u1ec3 l\u00e0 m\u1ee9c m\u00f4i tr\u01b0\u1eddng n\u01b0\u1edbc, ch\u1ea5t l\u1ecfng ho\u1eb7c kh\u00ed, n\u1ed3ng \u0111\u1ed9, l\u01b0u l\u01b0\u1ee3ng, \u0111o l\u01b0\u1eddng ho\u1eb7c chu k\u1ef3 x\u1ea3 \u0111\u1ec3 \u0111i\u1ec1u khi\u1ec3n t\u1ef1 \u0111\u1ed9ng, \u0111\u1ec3 \u0111\u1ea1t \u0111\u01b0\u1ee3c chuy\u1ec3n m\u1ea1ch hai v\u1ecb tr\u00ed, \u0111\u1ec3 \u0111\u1ea3m b\u1ea3o h\u1ec7 th\u1ed1ng ho\u1ea1t \u0111\u1ed9ng an to\u00e0n.<\/p>\n<p>Van \u0111i\u1ec7n t\u1eeb ch\u1ed1ng ch\u00e1y n\u1ed5 ph\u00f9 h\u1ee3p v\u1edbi nhi\u1ec7t \u0111\u1ed9 m\u00f4i tr\u01b0\u1eddng d\u01b0\u1edbi 80 \u00b0 C b\u1eb1ng th\u00e9p kh\u00f4ng g\u1ec9, v\u1eadt li\u1ec7u l\u00e0m k\u00edn cho NBR, EPDM, FKM (VITON) v\u00e0 PTFE, ph\u1ea1m vi \u00e1p su\u1ea5t t\u1eeb 0 \u0111\u1ebfn 1,0 MPa (0 \u0111\u1ebfn 150 PSI), cu\u1ed9n d\u00e2y \u0111\u1ed3ng thau 12V, c\u1ea5u tr\u00fac ki\u1ec3u m\u00e0ng ng\u0103n v\u00e0 h\u1ed7 tr\u1ee3 OEM t\u00f9y ch\u1ec9nh. K\u00edch th\u01b0\u1edbc giao di\u1ec7n l\u00e0 2 inch v\u00e0 b\u1ea3o h\u00e0nh l\u00e0 1 n\u0103m. \u0110\u01b0\u1ee3c s\u1eed d\u1ee5ng r\u1ed9ng r\u00e3i trong th\u1ef1c ph\u1ea9m v\u00e0 \u0111\u1ed3 u\u1ed1ng, x\u1eed l\u00fd n\u01b0\u1edbc v\u00e0 n\u01b0\u1edbc th\u1ea3i, n\u01b0\u1edbc si\u00eau tinh khi\u1ebft, kh\u1eed mu\u1ed1i, h\u00f3a ch\u1ea5t, d\u1ec7t may, d\u01b0\u1ee3c ph\u1ea9m, b\u1ed9t gi\u1ea5y v\u00e0 gi\u1ea5y, khai th\u00e1c m\u1ecf, n\u1ed3i h\u01a1i v\u00e0 c\u00e1c ng\u00e0nh c\u00f4ng nghi\u1ec7p \u0111i\u1ec7n.<\/p>\n<ul>\n<li>M\u1eabu: EX2W<\/li>\n<li>Ph\u1ea1m vi k\u00edch th\u01b0\u1edbc: 3\/8\u201d~2\u201d<\/li>\n<li>Ph\u1ea1m vi \u00e1p su\u1ea5t: 0-1,0 MPa<\/li>\n<li>Ch\u1ea5t li\u1ec7u: \u0110\u1ed3ng thau ho\u1eb7c th\u00e9p kh\u00f4ng g\u1ec9 304\/316<\/li>\n<\/ul>","protected":false},"featured_media":6960,"template":"","meta":{"site-sidebar-layout":"default","site-content-layout":"","ast-site-content-layout":"default","site-content-style":"default","site-sidebar-style":"default","ast-global-header-display":"","ast-banner-title-visibility":"","ast-main-header-display":"","ast-hfb-above-header-display":"","ast-hfb-below-header-display":"","ast-hfb-mobile-header-display":"","site-post-title":"","ast-breadcrumbs-content":"","ast-featured-img":"","footer-sml-layout":"","ast-disable-related-posts":"","theme-transparent-header-meta":"default","adv-header-id-meta":"","stick-header-meta":"","header-above-stick-meta":"","header-main-stick-meta":"","header-below-stick-meta":"","astra-migrate-meta-layouts":"set","ast-page-background-enabled":"default","ast-page-background-meta":{"desktop":{"background-color":"var(--ast-global-color-4)","background-image":"","background-repeat":"repeat","background-position":"center center","background-size":"auto","background-attachment":"scroll","background-type":"","background-media":"","overlay-type":"","overlay-color":"","overlay-opacity":"","overlay-gradient":""},"tablet":{"background-color":"","background-image":"","background-repeat":"repeat","background-position":"center center","background-size":"auto","background-attachment":"scroll","background-type":"","background-media":"","overlay-type":"","overlay-color":"","overlay-opacity":"","overlay-gradient":""},"mobile":{"background-color":"","background-image":"","background-repeat":"repeat","background-position":"center center","background-size":"auto","background-attachment":"scroll","background-type":"","background-media":"","overlay-type":"","overlay-color":"","overlay-opacity":"","overlay-gradient":""}},"ast-content-background-meta":{"desktop":{"background-color":"var(--ast-global-color-5)","background-image":"","background-repeat":"repeat","background-position":"center center","background-size":"auto","background-attachment":"scroll","background-type":"","background-media":"","overlay-type":"","overlay-color":"","overlay-opacity":"","overlay-gradient":""},"tablet":{"background-color":"var(--ast-global-color-5)","background-image":"","background-repeat":"repeat","background-position":"center center","background-size":"auto","background-attachment":"scroll","background-type":"","background-media":"","overlay-type":"","overlay-color":"","overlay-opacity":"","overlay-gradient":""},"mobile":{"background-color":"var(--ast-global-color-5)","background-image":"","background-repeat":"repeat","background-position":"center center","background-size":"auto","background-attachment":"scroll","background-type":"","background-media":"","overlay-type":"","overlay-color":"","overlay-opacity":"","overlay-gradient":""}}},"product_brand":[],"product_cat":[713,33,37],"product_tag":[209,635,636,158,156,73,56],"class_list":{"0":"post-6165","1":"product","2":"type-product","3":"status-publish","4":"has-post-thumbnail","6":"product_cat-direct-acting-solenoid-valve","7":"product_cat-products","8":"product_cat-solenoid-valves","9":"product_tag-direct-acting-diaphragm-type-solenoid-valve","10":"product_tag-explosion-proof-diaphragm-solenoid-valve","11":"product_tag-explosion-proof-solenoid-valve","12":"product_tag-solenoid-valve","13":"product_tag-solenoid-valves","14":"product_tag-valve","15":"product_tag-valves","16":"desktop-align-center","17":"tablet-align-left","18":"mobile-align-left","20":"first","21":"instock","22":"shipping-taxable","23":"product-type-simple"},"_links":{"self":[{"href":"https:\/\/www.delcofluid.com\/vi\/wp-json\/wp\/v2\/product\/6165","targetHints":{"allow":["GET"]}}],"collection":[{"href":"https:\/\/www.delcofluid.com\/vi\/wp-json\/wp\/v2\/product"}],"about":[{"href":"https:\/\/www.delcofluid.com\/vi\/wp-json\/wp\/v2\/types\/product"}],"version-history":[{"count":0,"href":"https:\/\/www.delcofluid.com\/vi\/wp-json\/wp\/v2\/product\/6165\/revisions"}],"wp:featuredmedia":[{"embeddable":true,"href":"https:\/\/www.delcofluid.com\/vi\/wp-json\/wp\/v2\/media\/6960"}],"wp:attachment":[{"href":"https:\/\/www.delcofluid.com\/vi\/wp-json\/wp\/v2\/media?parent=6165"}],"wp:term":[{"taxonomy":"product_brand","embeddable":true,"href":"https:\/\/www.delcofluid.com\/vi\/wp-json\/wp\/v2\/product_brand?post=6165"},{"taxonomy":"product_cat","embeddable":true,"href":"https:\/\/www.delcofluid.com\/vi\/wp-json\/wp\/v2\/product_cat?post=6165"},{"taxonomy":"product_tag","embeddable":true,"href":"https:\/\/www.delcofluid.com\/vi\/wp-json\/wp\/v2\/product_tag?post=6165"}],"curies":[{"name":"wp","href":"https:\/\/api.w.org\/{rel}","templated":true}]}}