{"id":6196,"date":"2024-06-27T04:29:52","date_gmt":"2024-06-27T03:29:52","guid":{"rendered":"https:\/\/www.delcofluid.com\/?post_type=product&#038;p=6196"},"modified":"2024-08-12T04:29:38","modified_gmt":"2024-08-12T03:29:38","slug":"manual-cast-steel-eccentric-half-ball-valve","status":"publish","type":"product","link":"https:\/\/www.delcofluid.com\/vi\/san-pham\/manual-cast-steel-eccentric-half-ball-valve\/","title":{"rendered":"Van b\u00e1n bi l\u1ec7ch t\u00e2m g\u1eafn tr\u00ean Trunion c\u1ee7a DELCO"},"content":{"rendered":"<div data-elementor-type=\"product-post\" data-elementor-id=\"6196\" class=\"elementor elementor-6196\" data-elementor-post-type=\"product\">\n\t\t\t\t<div class=\"elementor-element elementor-element-6fb59a60 e-flex e-con-boxed e-con e-parent\" data-id=\"6fb59a60\" data-element_type=\"container\" data-e-type=\"container\" data-settings=\"{&quot;ekit_has_onepagescroll_dot&quot;:&quot;yes&quot;}\">\n\t\t\t\t\t<div class=\"e-con-inner\">\n\t\t<div class=\"elementor-element elementor-element-b2e102c e-con-full e-flex e-con e-child\" data-id=\"b2e102c\" data-element_type=\"container\" data-e-type=\"container\" data-settings=\"{&quot;ekit_has_onepagescroll_dot&quot;:&quot;yes&quot;}\">\n\t\t\t\t<div class=\"elementor-element elementor-element-4c3cf80 elementor-widget elementor-widget-heading\" data-id=\"4c3cf80\" data-element_type=\"widget\" data-e-type=\"widget\" data-settings=\"{&quot;ekit_we_effect_on&quot;:&quot;none&quot;}\" data-widget_type=\"heading.default\">\n\t\t\t\t<div class=\"elementor-widget-container\">\n\t\t\t\t\t<h2 class=\"elementor-heading-title elementor-size-default\">\u0110\u1eb7c tr\u01b0ng<\/h2>\t\t\t\t<\/div>\n\t\t\t\t<\/div>\n\t\t\t\t<div class=\"elementor-element elementor-element-1af4cc68 elementor-widget__width-initial elementor-widget elementor-widget-text-editor\" data-id=\"1af4cc68\" data-element_type=\"widget\" data-e-type=\"widget\" data-settings=\"{&quot;ekit_we_effect_on&quot;:&quot;none&quot;}\" data-widget_type=\"text-editor.default\">\n\t\t\t\t<div class=\"elementor-widget-container\">\n\t\t\t\t\t\t\t\t\t<ul><li>V\u1eadn h\u00e0nh linh ho\u1ea1t: thi\u1ebft b\u1ecb v\u1eadn h\u00e0nh th\u1ee7 c\u00f4ng cho ph\u00e9p van ph\u1ea3n \u1ee9ng v\u00e0 \u0111i\u1ec1u ch\u1ec9nh nhanh ch\u00f3ng \u0111\u1ec3 \u0111\u00e1p \u1ee9ng nhu c\u1ea7u th\u1ef1c t\u1ebf.<\/li><li>Kh\u1ea3 n\u0103ng th\u00edch \u1ee9ng m\u1ea1nh m\u1ebd: v\u1eadt li\u1ec7u h\u1ee3p kim cho ph\u00e9p n\u00f3 \u0111\u00e1p \u1ee9ng nhu c\u1ea7u ki\u1ec3m so\u00e1t ch\u1ea5t l\u1ecfng c\u1ee7a nhi\u1ec1u m\u00f4i tr\u01b0\u1eddng v\u00e0 \u0111i\u1ec1u ki\u1ec7n l\u00e0m vi\u1ec7c kh\u00e1c nhau.<\/li><li>Ch\u1ed1ng m\u00e0i m\u00f2n v\u00e0 ch\u1ed1ng \u0103n m\u00f2n: H\u1ee3p kim b\u1ec1 m\u1eb7t v\u00e0 x\u1eed l\u00fd \u0111\u1eb7c bi\u1ec7t, b\u1ec1 m\u1eb7t b\u1ecbt k\u00edn c\u00f3 \u0111\u1eb7c t\u00ednh ch\u1ed1ng \u0103n m\u00f2n, ch\u1ed1ng m\u00e0i m\u00f2n v\u00e0 ch\u1ecbu nhi\u1ec7t \u0111\u1ed9 cao, th\u00edch h\u1ee3p cho c\u00e1c \u1ee9ng d\u1ee5ng kh\u00e1c nhau.<\/li><li>D\u1ec5 b\u1ea3o tr\u00ec: c\u1ea5u tr\u00fac \u0111\u01a1n gi\u1ea3n, sau khi h\u1ec7 th\u1ed1ng \u0111\u01b0\u1ee3c gi\u1ea3m \u00e1p, c\u00f3 th\u1ec3 ki\u1ec3m tra v\u00e0 s\u1eeda ch\u1eefa tr\u1ef1c tuy\u1ebfn b\u1eb1ng c\u00e1ch m\u1edf n\u1eafp ca-p\u00f4 \u0111\u1ec3 nh\u1ea5c n\u00fam bi v\u00e0 th\u00e2n \u0111\u1ee1 ra m\u00e0 kh\u00f4ng c\u1ea7n th\u00e1o r\u1eddi to\u00e0n b\u1ed9 van.<\/li><li>Gi\u1ea3m ma s\u00e1t v\u00e0 m\u00e0i m\u00f2n: Thi\u1ebft k\u1ebf l\u1ec7ch t\u00e2m l\u00e0m gi\u1ea3m di\u1ec7n t\u00edch ti\u1ebfp x\u00fac gi\u1eefa bi v\u00e0 \u0111\u1ebf van, gi\u1ea3m ma s\u00e1t trong qu\u00e1 tr\u00ecnh \u0111\u00f3ng m\u1edf, \u0111\u1ebf v\u00e0 \u0111\u1ec9nh van \u0111\u01b0\u1ee3c thi\u1ebft k\u1ebf v\u1edbi l\u01b0\u1ee3ng b\u00f9 tr\u1eeb, do \u0111\u00f3, ngay c\u1ea3 khi xoay nh\u1eb9 c\u0169ng c\u00f3 th\u1ec3 duy tr\u00ec \u0111\u1ed9 k\u00edn \u0111\u00e1ng tin c\u1eady sau khi m\u00e0i m\u00f2n, k\u00e9o d\u00e0i tu\u1ed5i th\u1ecd c\u1ee7a van.<\/li><\/ul>\t\t\t\t\t\t\t\t<\/div>\n\t\t\t\t<\/div>\n\t\t\t\t<\/div>\n\t\t\t\t<div class=\"elementor-element elementor-element-8e57110 elementor-widget elementor-widget-image\" data-id=\"8e57110\" data-element_type=\"widget\" data-e-type=\"widget\" data-settings=\"{&quot;ekit_we_effect_on&quot;:&quot;none&quot;}\" data-widget_type=\"image.default\">\n\t\t\t\t<div class=\"elementor-widget-container\">\n\t\t\t\t\t\t\t\t\t\t\t\t\t\t\t<img fetchpriority=\"high\" decoding=\"async\" width=\"768\" height=\"759\" src=\"https:\/\/www.delcofluid.com\/wp-content\/uploads\/2024\/03\/product-finder-graphic-3-x900.jpg\" class=\"attachment-large size-large wp-image-2576\" alt=\"Solenoid Valves\" srcset=\"https:\/\/www.delcofluid.com\/wp-content\/uploads\/2024\/03\/product-finder-graphic-3-x900.jpg 768w, https:\/\/www.delcofluid.com\/wp-content\/uploads\/2024\/03\/product-finder-graphic-3-x900-100x100.jpg 100w, https:\/\/www.delcofluid.com\/wp-content\/uploads\/2024\/03\/product-finder-graphic-3-x900-600x593.jpg 600w, https:\/\/www.delcofluid.com\/wp-content\/uploads\/2024\/03\/product-finder-graphic-3-x900-300x296.jpg 300w\" sizes=\"(max-width: 768px) 100vw, 768px\" \/>\t\t\t\t\t\t\t\t\t\t\t\t\t\t\t<\/div>\n\t\t\t\t<\/div>\n\t\t\t\t\t<\/div>\n\t\t\t\t<\/div>\n\t\t<div class=\"elementor-element elementor-element-a55eeda e-flex e-con-boxed e-con e-parent\" data-id=\"a55eeda\" data-element_type=\"container\" data-e-type=\"container\" data-settings=\"{&quot;background_background&quot;:&quot;classic&quot;,&quot;ekit_has_onepagescroll_dot&quot;:&quot;yes&quot;}\">\n\t\t\t\t\t<div class=\"e-con-inner\">\n\t\t\t\t<div class=\"elementor-element elementor-element-585e9d9 elementor-widget elementor-widget-heading\" data-id=\"585e9d9\" data-element_type=\"widget\" data-e-type=\"widget\" data-settings=\"{&quot;ekit_we_effect_on&quot;:&quot;none&quot;}\" data-widget_type=\"heading.default\">\n\t\t\t\t<div class=\"elementor-widget-container\">\n\t\t\t\t\t<h2 class=\"elementor-heading-title elementor-size-default\">Th\u00f4ng s\u1ed1 k\u1ef9 thu\u1eadt<\/h2>\t\t\t\t<\/div>\n\t\t\t\t<\/div>\n\t\t\t\t\t<\/div>\n\t\t\t\t<\/div>\n\t\t<div class=\"elementor-element elementor-element-3414eb9 e-con-full e-flex e-con e-parent\" data-id=\"3414eb9\" data-element_type=\"container\" data-e-type=\"container\" data-settings=\"{&quot;background_background&quot;:&quot;classic&quot;,&quot;ekit_has_onepagescroll_dot&quot;:&quot;yes&quot;}\">\n\t\t\t\t<div class=\"elementor-element elementor-element-13df62f elementor-widget__width-initial elementor-widget elementor-widget-text-editor\" data-id=\"13df62f\" data-element_type=\"widget\" data-e-type=\"widget\" data-settings=\"{&quot;ekit_we_effect_on&quot;:&quot;none&quot;}\" data-widget_type=\"text-editor.default\">\n\t\t\t\t<div class=\"elementor-widget-container\">\n\t\t\t\t\t\t\t\t\t<table width=\"855\"><tbody><tr><td width=\"159\">K\u00edch th\u01b0\u1edbc c\u1ed5ng:<\/td><td width=\"205\">2\u2033~24\u2033(DN50~DN600)<\/td><td width=\"146\">V\u1eadt li\u1ec7u:<\/td><td width=\"345\">Th\u00e9p cacbon, th\u00e9p kh\u00f4ng g\u1ec9, th\u00e9p h\u1ee3p kim<\/td><\/tr><tr><td width=\"159\">\u00c1p l\u1ef1c:<\/td><td>ASME L\u1edaP 150~600 (PN16~PN100)<\/td><td width=\"146\">\u0110\u1eb7c \u0111i\u1ec3m d\u00f2ng ch\u1ea3y:\u00a0<\/td><td width=\"345\">T\u00ednh n\u0103ng m\u1edf nhanh<\/td><\/tr><tr><td width=\"159\">B\u1ea3o h\u00e0nh\uff1a<\/td><td width=\"205\">12 con b\u01b0\u1edbm \u0111\u00eam<\/td><td width=\"146\">Ch\u1ee9c n\u0103ng:<\/td><td width=\"345\">Th\u1ee7 c\u00f4ng<\/td><\/tr><tr><td width=\"159\">Nhi\u1ec7t \u0111\u1ed9 th\u00edch h\u1ee3p:<\/td><td width=\"205\">PTFE 150 oC RTFE 180 oC PPL 300 oC<br \/>Ni\u00eam phong c\u1ee9ng\u2264450\u2103<\/td><td width=\"146\">Ph\u01b0\u01a1ng ti\u1ec7n truy\u1ec1n th\u00f4ng ph\u00f9 h\u1ee3p<\/td><td width=\"345\">N\u01b0\u1edbc, kh\u00ed, h\u01a1i n\u01b0\u1edbc, d\u1ea7u, m\u00f4i tr\u01b0\u1eddng \u0103n m\u00f2n, v.v.<\/td><\/tr><\/tbody><\/table>\t\t\t\t\t\t\t\t<\/div>\n\t\t\t\t<\/div>\n\t\t\t\t<\/div>\n\t\t<div class=\"elementor-element elementor-element-daef6c8 e-flex e-con-boxed e-con e-parent\" data-id=\"daef6c8\" data-element_type=\"container\" data-e-type=\"container\" data-settings=\"{&quot;ekit_has_onepagescroll_dot&quot;:&quot;yes&quot;}\">\n\t\t\t\t\t<div class=\"e-con-inner\">\n\t\t\t\t<div class=\"elementor-element elementor-element-52ddb61 elementor-widget elementor-widget-heading\" data-id=\"52ddb61\" data-element_type=\"widget\" data-e-type=\"widget\" data-settings=\"{&quot;ekit_we_effect_on&quot;:&quot;none&quot;}\" data-widget_type=\"heading.default\">\n\t\t\t\t<div class=\"elementor-widget-container\">\n\t\t\t\t\t<h2 class=\"elementor-heading-title elementor-size-default\">\u1ee8ng d\u1ee5ng<\/h2>\t\t\t\t<\/div>\n\t\t\t\t<\/div>\n\t\t\t\t<div class=\"elementor-element elementor-element-ac1034b elementor-widget elementor-widget-text-editor\" data-id=\"ac1034b\" data-element_type=\"widget\" data-e-type=\"widget\" data-settings=\"{&quot;ekit_we_effect_on&quot;:&quot;none&quot;}\" data-widget_type=\"text-editor.default\">\n\t\t\t\t<div class=\"elementor-widget-container\">\n\t\t\t\t\t\t\t\t\t<p>1. X\u1eed l\u00fd n\u01b0\u1edbc th\u1ea3i:<br \/>Van bi b\u00e1n c\u1ea7u l\u1ec7ch t\u00e2m th\u1ec3 hi\u1ec7n hi\u1ec7u su\u1ea5t ch\u1ed1ng t\u1eafc ngh\u1ebdn v\u01b0\u1ee3t tr\u1ed9i v\u00e0 \u0111\u1eb7c t\u00ednh ch\u1ed1ng m\u00e0i m\u00f2n khi x\u1eed l\u00fd m\u00f4i tr\u01b0\u1eddng c\u00f3 c\u00e1c h\u1ea1t r\u1eafn v\u00e0 b\u00f9n trong qu\u00e1 tr\u00ecnh x\u1eed l\u00fd n\u01b0\u1edbc th\u1ea3i. Ch\u00fang \u0111i\u1ec1u ch\u1ec9nh hi\u1ec7u qu\u1ea3 l\u01b0u l\u01b0\u1ee3ng n\u01b0\u1edbc th\u1ea3i, gi\u1ea3m y\u00eau c\u1ea7u b\u1ea3o tr\u00ec v\u00e0 k\u00e9o d\u00e0i tu\u1ed5i th\u1ecd thi\u1ebft b\u1ecb.<\/p><p>2. Ng\u00e0nh c\u00f4ng nghi\u1ec7p gi\u1ea5y:<br \/>Trong ng\u00e0nh c\u00f4ng nghi\u1ec7p gi\u1ea5y, van b\u00e1n c\u1ea7u l\u1ec7ch t\u00e2m ki\u1ec3m so\u00e1t d\u00f2ng ch\u1ea3y c\u1ee7a b\u1ed9t gi\u1ea5y v\u00e0 h\u00f3a ch\u1ea5t. Thi\u1ebft k\u1ebf l\u1ec7ch t\u00e2m v\u00e0 c\u1ea5u tr\u00fac ni\u00eam phong ch\u1eafc ch\u1eafn c\u1ee7a ch\u00fang ng\u0103n ng\u1eeba \u0111\u00f3ng c\u1eb7n v\u00e0 m\u00e0i m\u00f2n, \u0111\u1ea3m b\u1ea3o quy tr\u00ecnh s\u1ea3n xu\u1ea5t hi\u1ec7u qu\u1ea3 v\u00e0 \u1ed5n \u0111\u1ecbnh c\u00f3 th\u1ec3 x\u1eed l\u00fd v\u1eadt li\u1ec7u c\u00f3 \u0111\u1ed9 nh\u1edbt cao v\u00e0 ch\u1ea5t r\u1eafn cao.<\/p><p>3. X\u1eed l\u00fd h\u00f3a h\u1ecdc:<br \/>Ng\u00e0nh c\u00f4ng nghi\u1ec7p h\u00f3a ch\u1ea5t \u0111\u00f2i h\u1ecfi ph\u1ea3i x\u1eed l\u00fd m\u00f4i tr\u01b0\u1eddng \u0103n m\u00f2n, nhi\u1ec7t \u0111\u1ed9 cao v\u00e0 \u00e1p su\u1ea5t cao. Kh\u1ea3 n\u0103ng ch\u1ed1ng \u0103n m\u00f2n, ch\u1ed1ng m\u00e0i m\u00f2n v\u00e0 ch\u1ecbu \u0111\u01b0\u1ee3c nhi\u1ec7t \u0111\u1ed9 cao c\u1ee7a van b\u00e1n bi l\u1ec7ch t\u00e2m khi\u1ebfn ch\u00fang tr\u1edf n\u00ean l\u00fd t\u01b0\u1edfng \u0111\u1ec3 ki\u1ec3m so\u00e1t axit, ki\u1ec1m, dung m\u00f4i v\u00e0 c\u00e1c ch\u1ea5t l\u1ecfng h\u00f3a h\u1ecdc kh\u00e1c, \u0111\u1ea3m b\u1ea3o an to\u00e0n v\u00e0 \u0111\u1ed9 tin c\u1eady c\u1ee7a h\u1ec7 th\u1ed1ng.<\/p><p>4. \u0110\u01b0\u1eddng \u1ed1ng d\u1eabn d\u1ea7u v\u00e0 kh\u00ed \u0111\u1ed1t:<br \/>Van trong ng\u00e0nh d\u1ea7u kh\u00ed ph\u1ea3i ho\u1ea1t \u0111\u1ed9ng \u0111\u00e1ng tin c\u1eady trong \u0111i\u1ec1u ki\u1ec7n \u00e1p su\u1ea5t cao, nhi\u1ec7t \u0111\u1ed9 cao v\u00e0 \u0103n m\u00f2n. Van b\u00e1n c\u1ea7u l\u1ec7ch t\u00e2m ki\u1ec3m so\u00e1t hi\u1ec7u qu\u1ea3 l\u01b0u l\u01b0\u1ee3ng d\u1ea7u v\u00e0 kh\u00ed, \u0111\u1ea3m b\u1ea3o an to\u00e0n, hi\u1ec7u qu\u1ea3 v\u00e0 gi\u1ea3m b\u1ea3o tr\u00ec h\u1ec7 th\u1ed1ng \u0111\u01b0\u1eddng \u1ed1ng.<\/p><p>5. Ng\u00e0nh s\u1ea3n xu\u1ea5t \u0111i\u1ec7n:<br \/>Van b\u00e1n bi l\u1ec7ch t\u00e2m trong nh\u00e0 m\u00e1y \u0111i\u1ec7n \u0111i\u1ec1u ch\u1ec9nh l\u01b0u l\u01b0\u1ee3ng n\u01b0\u1edbc l\u00e0m m\u00e1t, h\u01a1i n\u01b0\u1edbc v\u00e0 nhi\u00ean li\u1ec7u. Kh\u1ea3 n\u0103ng ch\u1ed1ng m\u00e0i m\u00f2n cao v\u00e0 hi\u1ec7u su\u1ea5t b\u1ecbt k\u00edn v\u01b0\u1ee3t tr\u1ed9i c\u1ee7a ch\u00fang cho ph\u00e9p ho\u1ea1t \u0111\u1ed9ng \u1ed5n \u0111\u1ecbnh trong m\u00f4i tr\u01b0\u1eddng nhi\u1ec7t \u0111\u1ed9 cao, \u00e1p su\u1ea5t cao, do \u0111\u00f3 gi\u1ea3m h\u1ecfng van v\u00e0 t\u0103ng hi\u1ec7u qu\u1ea3 v\u00e0 \u0111\u1ed9 an to\u00e0n c\u1ee7a thi\u1ebft b\u1ecb ph\u00e1t \u0111i\u1ec7n.<\/p><p>6. T\u1ea9y x\u1ec9 b\u1eb1ng th\u1ee7y l\u1ef1c:<br \/>Trong h\u1ec7 th\u1ed1ng t\u00e1ch x\u1ec9 th\u1ee7y l\u1ef1c, van bi b\u00e1n c\u1ea7u l\u1ec7ch t\u00e2m qu\u1ea3n l\u00fd ch\u1ea5t l\u1ecfng ch\u1ee9a c\u00e1c h\u1ea1t r\u1eafn v\u00e0 ch\u1ea5t \u0103n m\u00f2n. Thi\u1ebft k\u1ebf c\u1ee7a ch\u00fang ng\u0103n ng\u1eeba hi\u1ec7u qu\u1ea3 t\u00ecnh tr\u1ea1ng m\u00e0i m\u00f2n v\u00e0 t\u1eafc ngh\u1ebdn, \u0111\u1ea3m b\u1ea3o qu\u00e1 tr\u00ecnh t\u00e1ch x\u1ec9 ho\u1ea1t \u0111\u1ed9ng li\u00ean t\u1ee5c v\u00e0 hi\u1ec7u qu\u1ea3.<\/p>\t\t\t\t\t\t\t\t<\/div>\n\t\t\t\t<\/div>\n\t\t\t\t\t<\/div>\n\t\t\t\t<\/div>\n\t\t\t\t<\/div>","protected":false},"excerpt":{"rendered":"<p>Van n\u1eeda bi l\u1ec7ch t\u00e2m (Van n\u1eeda bi l\u1ec7ch t\u00e2m) l\u00e0 m\u1ed9t lo\u1ea1i van c\u00f4ng nghi\u1ec7p, \u0111\u01b0\u1ee3c ph\u00e1t tri\u1ec3n th\u00e0nh c\u00f4ng b\u1eb1ng c\u00e1ch ti\u1ebfp thu v\u00e0 t\u00edch h\u1ee3p c\u00f4ng ngh\u1ec7 ti\u00ean ti\u1ebfn trong v\u00e0 ngo\u00e0i n\u01b0\u1edbc. \u0110\u1eb7c \u0111i\u1ec3m thi\u1ebft k\u1ebf c\u1ee7a n\u00f3 l\u00e0 bi kh\u00f4ng n\u1eb1m \u1edf trung t\u00e2m c\u1ee7a van m\u00e0 \u0111\u01b0\u1ee3c l\u1eafp l\u1ec7ch t\u00e2m. V\u01b0\u01a1ng mi\u1ec7n bi kim lo\u1ea1i \u0111\u01b0\u1ee3c c\u1ed1 \u0111\u1ecbnh tr\u00ean qu\u1ea3 c\u1ea7u l\u1ec7ch t\u00e2m v\u00e0 van \u0111\u01b0\u1ee3c m\u1edf v\u00e0 \u0111\u00f3ng b\u1eb1ng c\u00e1ch xoay tr\u1ee5c khu\u1ef7u l\u1ec7ch t\u00e2m 90 \u0111\u1ed9. Thi\u1ebft k\u1ebf n\u00e0y l\u00e0m gi\u1ea3m hi\u1ec7u qu\u1ea3 ma s\u00e1t v\u00e0 m\u00e0i m\u00f2n c\u1ee7a bi trong qu\u00e1 tr\u00ecnh v\u1eadn h\u00e0nh v\u00e0 \u0111\u1eb7c bi\u1ec7t ph\u00f9 h\u1ee3p \u0111\u1ec3 v\u1eadn chuy\u1ec3n c\u00e1c ph\u01b0\u01a1ng ti\u1ec7n d\u1ec5 b\u1ecb \u0111\u00f3ng c\u1eb7n. Ph\u1ea7n b\u00e1n c\u1ea7u c\u1ee7a van c\u1ed1 \u0111\u1ecbnh v\u01b0\u01a1ng mi\u1ec7n kim lo\u1ea1i tr\u00ean qu\u1ea3 c\u1ea7u l\u1ec7ch t\u00e2m v\u00e0 l\u1eafp r\u00e1p c\u00e1c v\u01b0\u01a1ng mi\u1ec7n h\u1ee3p kim kh\u00e1c nhau tr\u00ean qu\u1ea3 c\u1ea7u, v\u00e0 \u0111\u1ebf van c\u0169ng ph\u1ee7 h\u1ee3p kim theo \u0111\u00f3 v\u00e0 sau khi x\u1eed l\u00fd \u0111\u1eb7c bi\u1ec7t, b\u1ec1 m\u1eb7t b\u1ecbt k\u00edn \u0111\u01b0\u1ee3c trang b\u1ecb kh\u1ea3 n\u0103ng ch\u1ed1ng \u0103n m\u00f2n, ch\u1ed1ng m\u00e0i m\u00f2n v\u00e0 ch\u1ecbu nhi\u1ec7t \u0111\u1ed9 cao v\u00e0 c\u00e1c \u0111\u1eb7c t\u00ednh kh\u00e1c, c\u00f3 th\u1ec3 \u0111\u00e1p \u1ee9ng nhu c\u1ea7u c\u1ee7a c\u00e1c \u0111i\u1ec1u ki\u1ec7n l\u00e0m vi\u1ec7c kh\u00e1c nhau. \u0110\u1ebf van v\u00e0 \u0111\u1ec9nh bi \u0111\u01b0\u1ee3c thi\u1ebft k\u1ebf v\u1edbi m\u1ed9t l\u01b0\u1ee3ng b\u00f9 tr\u1eeb nh\u1ea5t \u0111\u1ecbnh, do \u0111\u00f3 khi \u0111\u1ebf van b\u1ecb m\u00f2n, m\u1ed9t v\u00f2ng quay nh\u1ecf khi \u0111\u00f3ng v\u1eabn c\u00f3 th\u1ec3 duy tr\u00ec \u0111\u1ed9 k\u00edn \u0111\u00e1ng tin c\u1eady, do \u0111\u00f3 k\u00e9o d\u00e0i tu\u1ed5i th\u1ecd c\u1ee7a van v\u00e0 c\u1ea3i thi\u1ec7n hi\u1ec7u qu\u1ea3 ho\u1ea1t \u0111\u1ed9ng. Van b\u00e1n bi l\u1ec7ch t\u00e2m \u0111\u01b0\u1ee3c s\u1eed d\u1ee5ng r\u1ed9ng r\u00e3i trong c\u00e1c l\u0129nh v\u1ef1c c\u00f4ng nghi\u1ec7p \u0111\u00f2i h\u1ecfi ph\u1ea3i v\u1eadn h\u00e0nh th\u01b0\u1eddng xuy\u00ean v\u00e0 ki\u1ec3m so\u00e1t l\u01b0u l\u01b0\u1ee3ng nghi\u00eam ng\u1eb7t, ch\u1eb3ng h\u1ea1n nh\u01b0 nh\u00e0 m\u00e1y gi\u1ea5y, x\u1eed l\u00fd n\u01b0\u1edbc th\u1ea3i v\u00e0 h\u00f3a d\u1ea7u v\u00e0 c\u00e1c h\u1ec7 th\u1ed1ng ki\u1ec3m so\u00e1t ch\u1ea5t l\u1ecfng kh\u00e1c.<\/p>\n<p>Model: Van n\u1eeda bi l\u1ec7ch t\u00e2m<br \/>\nPh\u1ea1m vi k\u00edch th\u01b0\u1edbc: 2\u2033~24\u2033(DN50~DN600)<br \/>\nPh\u1ea1m vi \u00e1p su\u1ea5t: ASME CLASS 150~600(PN16~PN100)<br \/>\nV\u1eadt li\u1ec7u: Th\u00e9p cacbon, th\u00e9p kh\u00f4ng g\u1ec9, th\u00e9p h\u1ee3p kim<\/p>","protected":false},"featured_media":7368,"template":"","meta":{"site-sidebar-layout":"default","site-content-layout":"","ast-site-content-layout":"default","site-content-style":"default","site-sidebar-style":"default","ast-global-header-display":"","ast-banner-title-visibility":"","ast-main-header-display":"","ast-hfb-above-header-display":"","ast-hfb-below-header-display":"","ast-hfb-mobile-header-display":"","site-post-title":"","ast-breadcrumbs-content":"","ast-featured-img":"","footer-sml-layout":"","ast-disable-related-posts":"","theme-transparent-header-meta":"default","adv-header-id-meta":"","stick-header-meta":"","header-above-stick-meta":"","header-main-stick-meta":"","header-below-stick-meta":"","astra-migrate-meta-layouts":"set","ast-page-background-enabled":"default","ast-page-background-meta":{"desktop":{"background-color":"var(--ast-global-color-4)","background-image":"","background-repeat":"repeat","background-position":"center center","background-size":"auto","background-attachment":"scroll","background-type":"","background-media":"","overlay-type":"","overlay-color":"","overlay-opacity":"","overlay-gradient":""},"tablet":{"background-color":"","background-image":"","background-repeat":"repeat","background-position":"center center","background-size":"auto","background-attachment":"scroll","background-type":"","background-media":"","overlay-type":"","overlay-color":"","overlay-opacity":"","overlay-gradient":""},"mobile":{"background-color":"","background-image":"","background-repeat":"repeat","background-position":"center center","background-size":"auto","background-attachment":"scroll","background-type":"","background-media":"","overlay-type":"","overlay-color":"","overlay-opacity":"","overlay-gradient":""}},"ast-content-background-meta":{"desktop":{"background-color":"var(--ast-global-color-5)","background-image":"","background-repeat":"repeat","background-position":"center center","background-size":"auto","background-attachment":"scroll","background-type":"","background-media":"","overlay-type":"","overlay-color":"","overlay-opacity":"","overlay-gradient":""},"tablet":{"background-color":"var(--ast-global-color-5)","background-image":"","background-repeat":"repeat","background-position":"center center","background-size":"auto","background-attachment":"scroll","background-type":"","background-media":"","overlay-type":"","overlay-color":"","overlay-opacity":"","overlay-gradient":""},"mobile":{"background-color":"var(--ast-global-color-5)","background-image":"","background-repeat":"repeat","background-position":"center center","background-size":"auto","background-attachment":"scroll","background-type":"","background-media":"","overlay-type":"","overlay-color":"","overlay-opacity":"","overlay-gradient":""}}},"product_brand":[],"product_cat":[705,116,33],"product_tag":[642,641,640,261,102,73,56],"class_list":{"0":"post-6196","1":"product","2":"type-product","3":"status-publish","4":"has-post-thumbnail","6":"product_cat-manual-ball-valve","7":"product_cat-manual-valves","8":"product_cat-products","9":"product_tag-cast-steel-eccentric-half-ball-valve","10":"product_tag-eccentric-half-ball-valve","11":"product_tag-eccentric-half-flange-ball-valve","12":"product_tag-manual-valve","13":"product_tag-manual-valves","14":"product_tag-valve","15":"product_tag-valves","16":"desktop-align-center","17":"tablet-align-left","18":"mobile-align-left","20":"first","21":"instock","22":"shipping-taxable","23":"product-type-simple"},"_links":{"self":[{"href":"https:\/\/www.delcofluid.com\/vi\/wp-json\/wp\/v2\/product\/6196","targetHints":{"allow":["GET"]}}],"collection":[{"href":"https:\/\/www.delcofluid.com\/vi\/wp-json\/wp\/v2\/product"}],"about":[{"href":"https:\/\/www.delcofluid.com\/vi\/wp-json\/wp\/v2\/types\/product"}],"version-history":[{"count":0,"href":"https:\/\/www.delcofluid.com\/vi\/wp-json\/wp\/v2\/product\/6196\/revisions"}],"wp:featuredmedia":[{"embeddable":true,"href":"https:\/\/www.delcofluid.com\/vi\/wp-json\/wp\/v2\/media\/7368"}],"wp:attachment":[{"href":"https:\/\/www.delcofluid.com\/vi\/wp-json\/wp\/v2\/media?parent=6196"}],"wp:term":[{"taxonomy":"product_brand","embeddable":true,"href":"https:\/\/www.delcofluid.com\/vi\/wp-json\/wp\/v2\/product_brand?post=6196"},{"taxonomy":"product_cat","embeddable":true,"href":"https:\/\/www.delcofluid.com\/vi\/wp-json\/wp\/v2\/product_cat?post=6196"},{"taxonomy":"product_tag","embeddable":true,"href":"https:\/\/www.delcofluid.com\/vi\/wp-json\/wp\/v2\/product_tag?post=6196"}],"curies":[{"name":"wp","href":"https:\/\/api.w.org\/{rel}","templated":true}]}}