{"id":6213,"date":"2024-06-27T09:08:42","date_gmt":"2024-06-27T08:08:42","guid":{"rendered":"https:\/\/www.delcofluid.com\/?post_type=product&#038;p=6213"},"modified":"2024-07-17T07:14:38","modified_gmt":"2024-07-17T06:14:38","slug":"manual-flange-wafer-type-thin-ball-valve-with-handle","status":"publish","type":"product","link":"https:\/\/www.delcofluid.com\/vi\/san-pham\/manual-flange-wafer-type-thin-ball-valve-with-handle\/","title":{"rendered":"Van bi m\u1ecfng lo\u1ea1i wafer m\u1eb7t b\u00edch th\u1ee7 c\u00f4ng c\u00f3 tay c\u1ea7m"},"content":{"rendered":"<div data-elementor-type=\"product-post\" data-elementor-id=\"6213\" class=\"elementor elementor-6213\" data-elementor-post-type=\"product\">\n\t\t\t\t<div class=\"elementor-element elementor-element-6fb59a60 e-con-full e-flex e-con e-parent\" data-id=\"6fb59a60\" data-element_type=\"container\" data-e-type=\"container\" data-settings=\"{&quot;ekit_has_onepagescroll_dot&quot;:&quot;yes&quot;}\">\n\t\t<div class=\"elementor-element elementor-element-b2e102c e-con-full e-flex e-con e-child\" data-id=\"b2e102c\" data-element_type=\"container\" data-e-type=\"container\" data-settings=\"{&quot;ekit_has_onepagescroll_dot&quot;:&quot;yes&quot;}\">\n\t\t\t\t<div class=\"elementor-element elementor-element-4c3cf80 elementor-widget elementor-widget-heading\" data-id=\"4c3cf80\" data-element_type=\"widget\" data-e-type=\"widget\" data-settings=\"{&quot;ekit_we_effect_on&quot;:&quot;none&quot;}\" data-widget_type=\"heading.default\">\n\t\t\t\t<div class=\"elementor-widget-container\">\n\t\t\t\t\t<h2 class=\"elementor-heading-title elementor-size-default\">\u0110\u1eb7c tr\u01b0ng<\/h2>\t\t\t\t<\/div>\n\t\t\t\t<\/div>\n\t\t\t\t<div class=\"elementor-element elementor-element-1af4cc68 elementor-widget__width-initial elementor-widget elementor-widget-text-editor\" data-id=\"1af4cc68\" data-element_type=\"widget\" data-e-type=\"widget\" data-settings=\"{&quot;ekit_we_effect_on&quot;:&quot;none&quot;}\" data-widget_type=\"text-editor.default\">\n\t\t\t\t<div class=\"elementor-widget-container\">\n\t\t\t\t\t\t\t\t\t<p><strong>K\u00edch th\u01b0\u1edbc nh\u1ecf g\u1ecdn<\/strong><br \/>Thi\u1ebft k\u1ebf nh\u1ecf g\u1ecdn, chi\u1ebfm \u00edt di\u1ec7n t\u00edch, ph\u00f9 h\u1ee3p v\u1edbi m\u00f4i tr\u01b0\u1eddng l\u1eafp \u0111\u1eb7t h\u1eb9p.<br \/><strong>Thi\u1ebft k\u1ebf s\u00e1ng t\u1ea1o<\/strong><br \/>\u00c1p d\u1ee5ng c\u00e1c kh\u00e1i ni\u1ec7m thi\u1ebft k\u1ebf ti\u00ean ti\u1ebfn, c\u1ea5u tr\u00fac nh\u1ecf g\u1ecdn v\u00e0 hi\u1ec7u qu\u1ea3, \u0111\u00e1p \u1ee9ng nhu c\u1ea7u \u0111a d\u1ea1ng.<br \/><strong>C\u00e0i \u0111\u1eb7t thu\u1eadn ti\u1ec7n<\/strong><br \/>Nh\u1ecf g\u1ecdn v\u00e0 nh\u1eb9, d\u1ec5 l\u1eafp \u0111\u1eb7t, ti\u1ebft ki\u1ec7m th\u1eddi gian v\u00e0 chi ph\u00ed nh\u00e2n c\u00f4ng.<br \/><strong>D\u1ec5 d\u00e0ng v\u1eadn h\u00e0nh<\/strong><br \/>V\u1eadn h\u00e0nh \u00eam \u00e1i, d\u1ec5 d\u00e0ng \u0111\u00f3ng m\u1edf, t\u0103ng c\u01b0\u1eddng s\u1ef1 ti\u1ec7n l\u1ee3i v\u00e0 an to\u00e0n.<br \/><strong>Hi\u1ec7u su\u1ea5t \u1ed5n \u0111\u1ecbnh<\/strong><br \/>\u0110\u01b0\u1ee3c l\u00e0m b\u1eb1ng v\u1eadt li\u1ec7u ch\u1ea5t l\u01b0\u1ee3ng cao, hi\u1ec7u su\u1ea5t \u1ed5n \u0111\u1ecbnh v\u00e0 \u0111\u00e1ng tin c\u1eady, th\u00edch \u1ee9ng v\u1edbi nhi\u1ec1u m\u00f4i tr\u01b0\u1eddng l\u00e0m vi\u1ec7c kh\u00e1c nhau.<br \/><strong>C\u1ea5u tr\u00fac ch\u1ed1ng ch\u00e1y<\/strong><br \/>S\u1eed d\u1ee5ng v\u1eadt li\u1ec7u ch\u1ed1ng ch\u00e1y, c\u00f3 th\u1ec3 b\u1ea3o v\u1ec7 c\u00e1c linh ki\u1ec7n b\u00ean trong trong \u0111i\u1ec1u ki\u1ec7n kh\u1eafc nghi\u1ec7t v\u00e0 \u0111\u1ea3m b\u1ea3o ho\u1ea1t \u0111\u1ed9ng li\u00ean t\u1ee5c.<br \/><strong>B\u1ea3o tr\u00ec \u0111\u01a1n gi\u1ea3n<\/strong><br \/>C\u1ea5u tr\u00fac \u0111\u01a1n gi\u1ea3n gi\u00fap vi\u1ec7c b\u1ea3o tr\u00ec v\u00e0 b\u1ea3o d\u01b0\u1ee1ng d\u1ec5 d\u00e0ng, gi\u1ea3m chi ph\u00ed v\u00e0 th\u1eddi gian b\u1ea3o tr\u00ec.<br \/><strong>Ch\u1ecbu \u00e1p su\u1ea5t cao<\/strong><br \/>\u0110\u01b0\u1ee3c thi\u1ebft k\u1ebf \u0111\u1ec3 ch\u1ecbu \u0111\u01b0\u1ee3c \u00e1p su\u1ea5t l\u00e0m vi\u1ec7c cao, ph\u00f9 h\u1ee3p v\u1edbi nhu c\u1ea7u ki\u1ec3m so\u00e1t ch\u1ea5t l\u1ecfng \u00e1p su\u1ea5t cao.<\/p>\t\t\t\t\t\t\t\t<\/div>\n\t\t\t\t<\/div>\n\t\t\t\t<\/div>\n\t\t\t\t<div class=\"elementor-element elementor-element-8e57110 elementor-widget elementor-widget-image\" data-id=\"8e57110\" data-element_type=\"widget\" data-e-type=\"widget\" data-settings=\"{&quot;ekit_we_effect_on&quot;:&quot;none&quot;}\" data-widget_type=\"image.default\">\n\t\t\t\t<div class=\"elementor-widget-container\">\n\t\t\t\t\t\t\t\t\t\t\t\t\t\t\t<img fetchpriority=\"high\" decoding=\"async\" width=\"1024\" height=\"1024\" src=\"https:\/\/www.delcofluid.com\/wp-content\/uploads\/2024\/06\/\u53c2\u6570-1024x1024.jpg\" class=\"attachment-large size-large wp-image-6252\" alt=\"Manual Flange Wafer Type Thin Ball Valve With Handle\" srcset=\"https:\/\/www.delcofluid.com\/wp-content\/uploads\/2024\/06\/\u53c2\u6570-1024x1024.jpg 1024w, https:\/\/www.delcofluid.com\/wp-content\/uploads\/2024\/06\/\u53c2\u6570-300x300.jpg 300w, https:\/\/www.delcofluid.com\/wp-content\/uploads\/2024\/06\/\u53c2\u6570-150x150.jpg 150w, https:\/\/www.delcofluid.com\/wp-content\/uploads\/2024\/06\/\u53c2\u6570-768x768.jpg 768w, https:\/\/www.delcofluid.com\/wp-content\/uploads\/2024\/06\/\u53c2\u6570-1536x1536.jpg 1536w, https:\/\/www.delcofluid.com\/wp-content\/uploads\/2024\/06\/\u53c2\u6570-2048x2048.jpg 2048w, https:\/\/www.delcofluid.com\/wp-content\/uploads\/2024\/06\/\u53c2\u6570-600x600.jpg 600w, https:\/\/www.delcofluid.com\/wp-content\/uploads\/2024\/06\/\u53c2\u6570-100x100.jpg 100w\" sizes=\"(max-width: 1024px) 100vw, 1024px\" \/>\t\t\t\t\t\t\t\t\t\t\t\t\t\t\t<\/div>\n\t\t\t\t<\/div>\n\t\t\t\t<\/div>\n\t\t<div class=\"elementor-element elementor-element-a55eeda e-flex e-con-boxed e-con e-parent\" data-id=\"a55eeda\" data-element_type=\"container\" data-e-type=\"container\" data-settings=\"{&quot;background_background&quot;:&quot;classic&quot;,&quot;ekit_has_onepagescroll_dot&quot;:&quot;yes&quot;}\">\n\t\t\t\t\t<div class=\"e-con-inner\">\n\t\t\t\t<div class=\"elementor-element elementor-element-585e9d9 elementor-widget elementor-widget-heading\" data-id=\"585e9d9\" data-element_type=\"widget\" data-e-type=\"widget\" data-settings=\"{&quot;ekit_we_effect_on&quot;:&quot;none&quot;}\" data-widget_type=\"heading.default\">\n\t\t\t\t<div class=\"elementor-widget-container\">\n\t\t\t\t\t<h2 class=\"elementor-heading-title elementor-size-default\">Th\u00f4ng s\u1ed1 k\u1ef9 thu\u1eadt<\/h2>\t\t\t\t<\/div>\n\t\t\t\t<\/div>\n\t\t\t\t\t<\/div>\n\t\t\t\t<\/div>\n\t\t<div class=\"elementor-element elementor-element-3414eb9 e-con-full e-flex e-con e-parent\" data-id=\"3414eb9\" data-element_type=\"container\" data-e-type=\"container\" data-settings=\"{&quot;background_background&quot;:&quot;classic&quot;,&quot;ekit_has_onepagescroll_dot&quot;:&quot;yes&quot;}\">\n\t\t\t\t<div class=\"elementor-element elementor-element-13df62f elementor-widget__width-initial elementor-widget elementor-widget-text-editor\" data-id=\"13df62f\" data-element_type=\"widget\" data-e-type=\"widget\" data-settings=\"{&quot;ekit_we_effect_on&quot;:&quot;none&quot;}\" data-widget_type=\"text-editor.default\">\n\t\t\t\t<div class=\"elementor-widget-container\">\n\t\t\t\t\t\t\t\t\t<table width=\"855\"><tbody><tr><td width=\"159\">K\u00edch th\u01b0\u1edbc c\u1ed5ng:<\/td><td width=\"205\">1\/2\u2033~16\u201d\u00a0<\/td><td width=\"146\">V\u1eadt li\u1ec7u:<\/td><td width=\"345\">Th\u00e9p kh\u00f4ng g\u1ec9 304 ho\u1eb7c th\u00e9p kh\u00f4ng g\u1ec9 316<\/td><\/tr><tr><td width=\"159\">\u00c1p l\u1ef1c:<\/td><td>PN1.6, 2.5, 4.0, 6.4MPa<\/td><td width=\"146\">\u0110\u1eb7c \u0111i\u1ec3m d\u00f2ng ch\u1ea3y:\u00a0<\/td><td width=\"345\">T\u00ednh n\u0103ng m\u1edf nhanh<\/td><\/tr><tr><td width=\"159\">B\u1ea3o h\u00e0nh\uff1a<\/td><td width=\"205\">12 con b\u01b0\u1edbm \u0111\u00eam<\/td><td width=\"146\">Ch\u1ee9c n\u0103ng:<\/td><td width=\"345\">Th\u1ee7 c\u00f4ng<\/td><\/tr><tr><td width=\"159\">Ti\u00eau chu\u1ea9n m\u1eb7t b\u00edch:\u00a0<\/td><td width=\"205\">Ti\u00eau chu\u1ea9n ASME B16.34<\/td><td width=\"146\">Ph\u01b0\u01a1ng ti\u1ec7n truy\u1ec1n th\u00f4ng ph\u00f9 h\u1ee3p<\/td><td width=\"345\">D\u1ea7u, N\u01b0\u1edbc, Kh\u00ed, D\u1ea7u m\u1ecf, H\u00f3a ch\u1ea5t, v.v.<\/td><\/tr><\/tbody><\/table>\t\t\t\t\t\t\t\t<\/div>\n\t\t\t\t<\/div>\n\t\t\t\t<\/div>\n\t\t<div class=\"elementor-element elementor-element-daef6c8 e-flex e-con-boxed e-con e-parent\" data-id=\"daef6c8\" data-element_type=\"container\" data-e-type=\"container\" data-settings=\"{&quot;ekit_has_onepagescroll_dot&quot;:&quot;yes&quot;}\">\n\t\t\t\t\t<div class=\"e-con-inner\">\n\t\t\t\t<div class=\"elementor-element elementor-element-52ddb61 elementor-widget elementor-widget-heading\" data-id=\"52ddb61\" data-element_type=\"widget\" data-e-type=\"widget\" data-settings=\"{&quot;ekit_we_effect_on&quot;:&quot;none&quot;}\" data-widget_type=\"heading.default\">\n\t\t\t\t<div class=\"elementor-widget-container\">\n\t\t\t\t\t<h2 class=\"elementor-heading-title elementor-size-default\">\u1ee8ng d\u1ee5ng<\/h2>\t\t\t\t<\/div>\n\t\t\t\t<\/div>\n\t\t\t\t<div class=\"elementor-element elementor-element-ac1034b elementor-widget elementor-widget-text-editor\" data-id=\"ac1034b\" data-element_type=\"widget\" data-e-type=\"widget\" data-settings=\"{&quot;ekit_we_effect_on&quot;:&quot;none&quot;}\" data-widget_type=\"text-editor.default\">\n\t\t\t\t<div class=\"elementor-widget-container\">\n\t\t\t\t\t\t\t\t\t<ul><li><strong>Ng\u00e0nh c\u00f4ng nghi\u1ec7p d\u1ea7u m\u1ecf<\/strong><br \/>\u0110\u01b0\u1ee3c s\u1eed d\u1ee5ng trong c\u00e1c qu\u00e1 tr\u00ecnh khai th\u00e1c, v\u1eadn chuy\u1ec3n v\u00e0 l\u1ecdc d\u1ea7u \u0111\u1ec3 \u0111i\u1ec1u ch\u1ec9nh l\u01b0u l\u01b0\u1ee3ng v\u00e0 th\u1ef1c hi\u1ec7n ki\u1ec3m so\u00e1t \u0111\u00f3ng m\u1edf d\u1ea7u th\u00f4, kh\u00ed t\u1ef1 nhi\u00ean v\u00e0 c\u00e1c ch\u1ea5t l\u1ecfng kh\u00e1c, \u0111\u1ea3m b\u1ea3o x\u1eed l\u00fd v\u00e0 v\u1eadn chuy\u1ec3n an to\u00e0n c\u00e1c s\u1ea3n ph\u1ea9m d\u1ea7u m\u1ecf.<\/li><li><strong>Ng\u00e0nh c\u00f4ng nghi\u1ec7p h\u00f3a ch\u1ea5t<\/strong><br \/>Th\u00edch h\u1ee3p cho c\u00e1c ph\u1ea3n \u1ee9ng h\u00f3a h\u1ecdc, pha tr\u1ed9n dung m\u00f4i v\u00e0 ph\u00e2n ph\u1ed1i ch\u1ea5t l\u1ecfng c\u00f3 t\u00ednh axit v\u00e0 ki\u1ec1m, cho ph\u00e9p \u0111i\u1ec1u ch\u1ec9nh l\u01b0u l\u01b0\u1ee3ng ch\u00ednh x\u00e1c \u0111\u1ec3 duy tr\u00ec s\u1ef1 an to\u00e0n v\u00e0 hi\u1ec7u qu\u1ea3 trong s\u1ea3n xu\u1ea5t h\u00f3a ch\u1ea5t.<\/li><li><strong>Ng\u00e0nh c\u00f4ng nghi\u1ec7p luy\u1ec7n kim<\/strong><br \/>\u0110\u01b0\u1ee3c \u00e1p d\u1ee5ng trong luy\u1ec7n kim, ch\u1ebf bi\u1ebfn qu\u1eb7ng v\u00e0 s\u1ea3n xu\u1ea5t kim lo\u1ea1i \u0111\u1ec3 qu\u1ea3n l\u00fd d\u00f2ng ch\u1ea3y c\u1ee7a kim lo\u1ea1i n\u00f3ng ch\u1ea3y \u1edf nhi\u1ec7t \u0111\u1ed9 cao v\u00e0 ch\u1ea5t l\u1ecfng l\u00e0m m\u00e1t, h\u1ed7 tr\u1ee3 c\u00e1c ho\u1ea1t \u0111\u1ed9ng luy\u1ec7n kim \u1ed5n \u0111\u1ecbnh.<\/li><li><strong>Ng\u00e0nh c\u00f4ng nghi\u1ec7p \u0111i\u1ec7n<\/strong><br \/>\u0110\u01b0\u1ee3c s\u1eed d\u1ee5ng trong c\u00e1c nh\u00e0 m\u00e1y \u0111i\u1ec7n \u0111\u1ec3 ki\u1ec3m so\u00e1t d\u00f2ng h\u01a1i n\u01b0\u1edbc, n\u01b0\u1edbc l\u00e0m m\u00e1t v\u00e0 c\u00e1c ph\u01b0\u01a1ng ti\u1ec7n n\u0103ng l\u01b0\u1ee3ng kh\u00e1c, gi\u00fap duy tr\u00ec ho\u1ea1t \u0111\u1ed9ng hi\u1ec7u qu\u1ea3 c\u1ee7a thi\u1ebft b\u1ecb v\u00e0 t\u1ed1i \u01b0u h\u00f3a vi\u1ec7c ph\u00e1t \u0111i\u1ec7n.<\/li><li><strong>C\u00f4ng nghi\u1ec7p nh\u1eb9<\/strong><br \/>T\u1ea1o \u0111i\u1ec1u ki\u1ec7n thu\u1eadn l\u1ee3i cho vi\u1ec7c v\u1eadn chuy\u1ec3n ch\u1ea5t l\u1ecfng, tr\u1ed9n v\u00e0 ki\u1ec3m so\u00e1t van trong ch\u1ebf bi\u1ebfn th\u1ef1c ph\u1ea9m, s\u1ea3n xu\u1ea5t \u0111\u1ed3 u\u1ed1ng v\u00e0 s\u1ea3n xu\u1ea5t d\u01b0\u1ee3c ph\u1ea9m, n\u00e2ng cao hi\u1ec7u qu\u1ea3 v\u00e0 an to\u00e0n s\u1ea3n xu\u1ea5t.<\/li><li><strong>Ng\u00e0nh c\u00f4ng nghi\u1ec7p b\u1ed9t gi\u1ea5y<\/strong><br \/>\u0110i\u1ec1u ch\u1ec9nh d\u00f2ng ch\u1ea3y c\u1ee7a b\u1ed9t gi\u1ea5y v\u00e0 ch\u1ea5t l\u1ecfng x\u01a1 trong ng\u00e0nh c\u00f4ng nghi\u1ec7p b\u1ed9t gi\u1ea5y v\u00e0 gi\u1ea5y \u0111\u1ec3 \u0111\u1ea3m b\u1ea3o qu\u00e1 tr\u00ecnh s\u1ea3n xu\u1ea5t di\u1ec5n ra su\u00f4n s\u1ebb v\u00e0 hi\u1ec7u qu\u1ea3.<\/li><\/ul>\t\t\t\t\t\t\t\t<\/div>\n\t\t\t\t<\/div>\n\t\t\t\t\t<\/div>\n\t\t\t\t<\/div>\n\t\t\t\t<\/div>","protected":false},"excerpt":{"rendered":"<p><strong>Van bi m\u1ecfng lo\u1ea1i wafer m\u1eb7t b\u00edch th\u1ee7 c\u00f4ng<\/strong>\u00a0l\u00e0 m\u1ed9t lo\u1ea1i van \u0111\u01b0\u1ee3c thi\u1ebft k\u1ebf s\u00e1ng t\u1ea1o l\u00e0m b\u1eb1ng th\u00e9p kh\u00f4ng g\u1ec9 304 ho\u1eb7c 306, mang l\u1ea1i nh\u1eefng \u01b0u \u0111i\u1ec3m \u0111\u00e1ng k\u1ec3 nh\u01b0 k\u00edch th\u01b0\u1edbc nh\u1ecf, tr\u1ecdng l\u01b0\u1ee3ng nh\u1eb9 v\u00e0 l\u1eafp \u0111\u1eb7t d\u1ec5 d\u00e0ng. So v\u1edbi van bi n\u1eb7ng truy\u1ec1n th\u1ed1ng, van bi n\u00e0y nh\u1eb9 h\u01a1n v\u00e0 d\u1ec5 v\u1eadn h\u00e0nh h\u01a1n trong khi v\u1eabn duy tr\u00ec h\u00ecnh d\u1ea1ng nh\u1ecf g\u1ecdn v\u00e0 hi\u1ec7u su\u1ea5t tuy\u1ec7t v\u1eddi.<\/p>\n<p>Ngo\u00e0i ra, b\u1ec7 van bi s\u1eed d\u1ee5ng c\u1ea5u tr\u00fac \u0111\u1ec7m \u0111\u00e0n h\u1ed3i \u0111\u1ec3 \u0111\u1ea3m b\u1ea3o \u0111\u1ed9 k\u00edn \u0111\u00e1ng tin c\u1eady v\u00e0 d\u1ec5 d\u00e0ng \u0111\u00f3ng m\u1edf. Hi\u1ec7u su\u1ea5t \u0111\u1ec7m chuy\u00ean nghi\u1ec7p v\u00e0 c\u1ea3m gi\u00e1c v\u1eadn h\u00e0nh tr\u01a1n tru gi\u00fap van bi d\u1ec5 l\u1eafp \u0111\u1eb7t v\u00e0 v\u1eadn h\u00e0nh h\u01a1n, gi\u1ea3m \u0111\u00e1ng k\u1ec3 th\u1eddi gian v\u00e0 c\u00f4ng s\u1ee9c c\u1ee7a ng\u01b0\u1eddi d\u00f9ng.<\/p>\n<p>Vi\u1ec7c s\u1eed d\u1ee5ng v\u1eadt li\u1ec7u ch\u1ed1ng ch\u00e1y trong thi\u1ebft k\u1ebf c\u1ee7a thi\u1ebft b\u1ecb n\u00e0y b\u1ea3o v\u1ec7 hi\u1ec7u qu\u1ea3 c\u00e1c th\u00e0nh ph\u1ea7n b\u00ean trong ngay c\u1ea3 trong \u0111i\u1ec1u ki\u1ec7n kh\u1eafc nghi\u1ec7t (nh\u01b0 h\u1ecfa ho\u1ea1n), \u0111\u1ea3m b\u1ea3o r\u1eb1ng thi\u1ebft b\u1ecb c\u00f3 th\u1ec3 ti\u1ebfp t\u1ee5c ho\u1ea1t \u0111\u1ed9ng \u0111\u00e1ng tin c\u1eady. Nh\u00ecn chung, ch\u00fang kh\u00f4ng ch\u1ec9 cung c\u1ea5p hi\u1ec7u su\u1ea5t tuy\u1ec7t v\u1eddi m\u00e0 c\u00f2n v\u01b0\u1ee3t tr\u1ed9i v\u1ec1 \u0111\u1ed9 nh\u1eb9 v\u00e0 d\u1ec5 s\u1eed d\u1ee5ng, \u0111\u00e1p \u1ee9ng r\u1ea5t nhi\u1ec1u nhu c\u1ea7u c\u1ee7a ng\u01b0\u1eddi d\u00f9ng.<\/p>\n<p>Model: Van bi m\u1ecfng th\u1ee7 c\u00f4ng<br \/>\nPh\u1ea1m vi k\u00edch th\u01b0\u1edbc: 1\/2\u2033 \u0111\u1ebfn 16\u2033<br \/>\nPh\u1ea1m vi \u00e1p su\u1ea5t: PN1.6, 2.5, 4.0, 6.4 MPa<br \/>\nCh\u1ea5t li\u1ec7u: Th\u00e9p kh\u00f4ng g\u1ec9 304 ho\u1eb7c Th\u00e9p kh\u00f4ng g\u1ec9 316<\/p>","protected":false},"featured_media":7335,"template":"","meta":{"site-sidebar-layout":"default","site-content-layout":"","ast-site-content-layout":"default","site-content-style":"default","site-sidebar-style":"default","ast-global-header-display":"","ast-banner-title-visibility":"","ast-main-header-display":"","ast-hfb-above-header-display":"","ast-hfb-below-header-display":"","ast-hfb-mobile-header-display":"","site-post-title":"","ast-breadcrumbs-content":"","ast-featured-img":"","footer-sml-layout":"","ast-disable-related-posts":"","theme-transparent-header-meta":"default","adv-header-id-meta":"","stick-header-meta":"","header-above-stick-meta":"","header-main-stick-meta":"","header-below-stick-meta":"","astra-migrate-meta-layouts":"set","ast-page-background-enabled":"default","ast-page-background-meta":{"desktop":{"background-color":"var(--ast-global-color-4)","background-image":"","background-repeat":"repeat","background-position":"center center","background-size":"auto","background-attachment":"scroll","background-type":"","background-media":"","overlay-type":"","overlay-color":"","overlay-opacity":"","overlay-gradient":""},"tablet":{"background-color":"","background-image":"","background-repeat":"repeat","background-position":"center center","background-size":"auto","background-attachment":"scroll","background-type":"","background-media":"","overlay-type":"","overlay-color":"","overlay-opacity":"","overlay-gradient":""},"mobile":{"background-color":"","background-image":"","background-repeat":"repeat","background-position":"center center","background-size":"auto","background-attachment":"scroll","background-type":"","background-media":"","overlay-type":"","overlay-color":"","overlay-opacity":"","overlay-gradient":""}},"ast-content-background-meta":{"desktop":{"background-color":"var(--ast-global-color-5)","background-image":"","background-repeat":"repeat","background-position":"center center","background-size":"auto","background-attachment":"scroll","background-type":"","background-media":"","overlay-type":"","overlay-color":"","overlay-opacity":"","overlay-gradient":""},"tablet":{"background-color":"var(--ast-global-color-5)","background-image":"","background-repeat":"repeat","background-position":"center center","background-size":"auto","background-attachment":"scroll","background-type":"","background-media":"","overlay-type":"","overlay-color":"","overlay-opacity":"","overlay-gradient":""},"mobile":{"background-color":"var(--ast-global-color-5)","background-image":"","background-repeat":"repeat","background-position":"center center","background-size":"auto","background-attachment":"scroll","background-type":"","background-media":"","overlay-type":"","overlay-color":"","overlay-opacity":"","overlay-gradient":""}}},"product_brand":[],"product_cat":[705,116,33],"product_tag":[647,646,261,102,73,56,645],"class_list":{"0":"post-6213","1":"product","2":"type-product","3":"status-publish","4":"has-post-thumbnail","6":"product_cat-manual-ball-valve","7":"product_cat-manual-valves","8":"product_cat-products","9":"product_tag-ball-valve-with-handle","10":"product_tag-manual-flange-wafer-type-valve","11":"product_tag-manual-valve","12":"product_tag-manual-valves","13":"product_tag-valve","14":"product_tag-valves","15":"product_tag-wafer-type-thin-ball-valve","16":"desktop-align-center","17":"tablet-align-left","18":"mobile-align-left","20":"first","21":"instock","22":"shipping-taxable","23":"product-type-simple"},"_links":{"self":[{"href":"https:\/\/www.delcofluid.com\/vi\/wp-json\/wp\/v2\/product\/6213","targetHints":{"allow":["GET"]}}],"collection":[{"href":"https:\/\/www.delcofluid.com\/vi\/wp-json\/wp\/v2\/product"}],"about":[{"href":"https:\/\/www.delcofluid.com\/vi\/wp-json\/wp\/v2\/types\/product"}],"version-history":[{"count":0,"href":"https:\/\/www.delcofluid.com\/vi\/wp-json\/wp\/v2\/product\/6213\/revisions"}],"wp:featuredmedia":[{"embeddable":true,"href":"https:\/\/www.delcofluid.com\/vi\/wp-json\/wp\/v2\/media\/7335"}],"wp:attachment":[{"href":"https:\/\/www.delcofluid.com\/vi\/wp-json\/wp\/v2\/media?parent=6213"}],"wp:term":[{"taxonomy":"product_brand","embeddable":true,"href":"https:\/\/www.delcofluid.com\/vi\/wp-json\/wp\/v2\/product_brand?post=6213"},{"taxonomy":"product_cat","embeddable":true,"href":"https:\/\/www.delcofluid.com\/vi\/wp-json\/wp\/v2\/product_cat?post=6213"},{"taxonomy":"product_tag","embeddable":true,"href":"https:\/\/www.delcofluid.com\/vi\/wp-json\/wp\/v2\/product_tag?post=6213"}],"curies":[{"name":"wp","href":"https:\/\/api.w.org\/{rel}","templated":true}]}}