{"id":6271,"date":"2024-07-01T07:07:03","date_gmt":"2024-07-01T06:07:03","guid":{"rendered":"https:\/\/www.delcofluid.com\/?post_type=product&#038;p=6271"},"modified":"2024-07-17T07:14:21","modified_gmt":"2024-07-17T06:14:21","slug":"manual-lug-type-butterfly-valve-with-handle","status":"publish","type":"product","link":"https:\/\/www.delcofluid.com\/vi\/san-pham\/manual-lug-type-butterfly-valve-with-handle\/","title":{"rendered":"Van b\u01b0\u1edbm lo\u1ea1i lug b\u1eb1ng gang th\u1ee7 c\u00f4ng c\u00f3 tay quay"},"content":{"rendered":"<div data-elementor-type=\"product-post\" data-elementor-id=\"6271\" class=\"elementor elementor-6271\" data-elementor-post-type=\"product\">\n\t\t\t\t<div class=\"elementor-element elementor-element-6fb59a60 e-flex e-con-boxed e-con e-parent\" data-id=\"6fb59a60\" data-element_type=\"container\" data-e-type=\"container\" data-settings=\"{&quot;ekit_has_onepagescroll_dot&quot;:&quot;yes&quot;}\">\n\t\t\t\t\t<div class=\"e-con-inner\">\n\t\t<div class=\"elementor-element elementor-element-b2e102c e-con-full e-flex e-con e-child\" data-id=\"b2e102c\" data-element_type=\"container\" data-e-type=\"container\" data-settings=\"{&quot;ekit_has_onepagescroll_dot&quot;:&quot;yes&quot;}\">\n\t\t\t\t<div class=\"elementor-element elementor-element-4c3cf80 elementor-widget elementor-widget-heading\" data-id=\"4c3cf80\" data-element_type=\"widget\" data-e-type=\"widget\" data-settings=\"{&quot;ekit_we_effect_on&quot;:&quot;none&quot;}\" data-widget_type=\"heading.default\">\n\t\t\t\t<div class=\"elementor-widget-container\">\n\t\t\t\t\t<h2 class=\"elementor-heading-title elementor-size-default\">\u0110\u1eb7c tr\u01b0ng<\/h2>\t\t\t\t<\/div>\n\t\t\t\t<\/div>\n\t\t\t\t<div class=\"elementor-element elementor-element-1af4cc68 elementor-widget__width-initial elementor-widget elementor-widget-text-editor\" data-id=\"1af4cc68\" data-element_type=\"widget\" data-e-type=\"widget\" data-settings=\"{&quot;ekit_we_effect_on&quot;:&quot;none&quot;}\" data-widget_type=\"text-editor.default\">\n\t\t\t\t<div class=\"elementor-widget-container\">\n\t\t\t\t\t\t\t\t\t<ul><li><strong>K\u00e9o d\u00e0i tu\u1ed5i th\u1ecd c\u1ee7a ph\u1edbt<\/strong>:Khi l\u1eafp \u0111\u1eb7t van b\u01b0\u1edbm Lug, c\u1ea3 hai m\u1eb7t b\u00edch \u0111\u1ec1u \u0111\u01b0\u1ee3c c\u1ed1 \u0111\u1ecbnh \u0111\u1ed9c l\u1eadp b\u1eb1ng bu l\u00f4ng, gi\u00fap tr\u00e1nh t\u00ecnh tr\u1ea1ng bu l\u00f4ng nh\u00f4 ra kh\u1ecfi th\u00e2n van v\u00e0 b\u1ec1 m\u1eb7t gio\u0103ng, \u0111\u1ed3ng th\u1eddi k\u00e9o d\u00e0i tu\u1ed5i th\u1ecd c\u1ee7a gio\u0103ng.<\/li><li><strong>Th\u00edch h\u1ee3p cho v\u1ecb tr\u00ed x\u1ea3<\/strong>: Thi\u1ebft k\u1ebf v\u1ea5u gi\u00fap l\u1eafp \u0111\u1eb7t d\u1ec5 d\u00e0ng \u1edf v\u1ecb tr\u00ed x\u1ea3, h\u1ed7 tr\u1ee3 th\u00e1o l\u1eafp nhanh ch\u00f3ng, c\u1ea3i thi\u1ec7n hi\u1ec7u qu\u1ea3 v\u1eadn h\u00e0nh v\u00e0 b\u1ea3o tr\u00ec<\/li><li><strong>\u00a0C\u1ea3i thi\u1ec7n hi\u1ec7u su\u1ea5t ni\u00eam phong<\/strong>\uff1aVan b\u01b0\u1edbm Lug s\u1eed d\u1ee5ng bu l\u00f4ng ng\u1eafn h\u01a1n so v\u1edbi k\u1ebft n\u1ed1i k\u1eb9p, gi\u00fap gi\u1ea3m nguy c\u01a1 r\u00f2 r\u1ec9 do bu l\u00f4ng b\u1ecb tr\u01b0\u1ee3t v\u00e0 t\u0103ng c\u01b0\u1eddng hi\u1ec7u su\u1ea5t b\u1ecbt k\u00edn.<\/li><li>\u00a0<strong>Ki\u1ec3m so\u00e1t ch\u1ea5t l\u1ecfng tuy\u1ec7t v\u1eddi<\/strong>:Khi van b\u01b0\u1edbm m\u1edf ho\u00e0n to\u00e0n, \u0111\u1ed9 d\u00e0y c\u1ee7a t\u1ea5m b\u01b0\u1edbm l\u00e0 l\u1ef1c c\u1ea3n duy nh\u1ea5t \u0111\u1ed1i v\u1edbi d\u00f2ng ch\u1ea3y c\u1ee7a m\u00f4i tr\u01b0\u1eddng qua th\u00e2n van, do \u0111\u00f3 \u00e1p su\u1ea5t gi\u1ea3m \u00edt v\u00e0 hi\u1ec7u su\u1ea5t ki\u1ec3m so\u00e1t l\u01b0u l\u01b0\u1ee3ng tuy\u1ec7t v\u1eddi, ph\u00f9 h\u1ee3p \u0111\u1ec3 \u0111i\u1ec1u ch\u1ec9nh l\u01b0u l\u01b0\u1ee3ng ch\u00ednh x\u00e1c.<\/li><li><strong>Nhi\u1ec1u lo\u1ea1i ni\u00eam phong<\/strong>: Cung c\u1ea5p hai l\u1ef1a ch\u1ecdn ph\u1edbt \u0111\u00e0n h\u1ed3i v\u00e0 ph\u1edbt kim lo\u1ea1i, ph\u1edbt \u0111\u00e0n h\u1ed3i c\u00f3 th\u1ec3 \u0111\u01b0\u1ee3c nh\u00fang v\u00e0o th\u00e2n van ho\u1eb7c g\u1eafn v\u00e0o chu vi c\u1ee7a t\u1ea5m b\u01b0\u1edbm, ph\u00f9 h\u1ee3p v\u1edbi y\u00eau c\u1ea7u ph\u1edbt cao; ph\u1edbt kim lo\u1ea1i ph\u00f9 h\u1ee3p v\u1edbi \u0111i\u1ec1u ki\u1ec7n l\u00e0m vi\u1ec7c \u1edf nhi\u1ec7t \u0111\u1ed9 cao v\u00e0 \u00e1p su\u1ea5t cao.<\/li><\/ul>\t\t\t\t\t\t\t\t<\/div>\n\t\t\t\t<\/div>\n\t\t\t\t<\/div>\n\t\t\t\t<div class=\"elementor-element elementor-element-8e57110 elementor-widget elementor-widget-image\" data-id=\"8e57110\" data-element_type=\"widget\" data-e-type=\"widget\" data-settings=\"{&quot;ekit_we_effect_on&quot;:&quot;none&quot;}\" data-widget_type=\"image.default\">\n\t\t\t\t<div class=\"elementor-widget-container\">\n\t\t\t\t\t\t\t\t\t\t\t\t\t\t\t<img fetchpriority=\"high\" decoding=\"async\" width=\"1024\" height=\"1024\" src=\"https:\/\/www.delcofluid.com\/wp-content\/uploads\/2024\/07\/\u53c2\u6570-1024x1024.jpg\" class=\"attachment-large size-large wp-image-6277\" alt=\"Manual Butterfly Valve\" srcset=\"https:\/\/www.delcofluid.com\/wp-content\/uploads\/2024\/07\/\u53c2\u6570-1024x1024.jpg 1024w, https:\/\/www.delcofluid.com\/wp-content\/uploads\/2024\/07\/\u53c2\u6570-300x300.jpg 300w, https:\/\/www.delcofluid.com\/wp-content\/uploads\/2024\/07\/\u53c2\u6570-150x150.jpg 150w, https:\/\/www.delcofluid.com\/wp-content\/uploads\/2024\/07\/\u53c2\u6570-768x768.jpg 768w, https:\/\/www.delcofluid.com\/wp-content\/uploads\/2024\/07\/\u53c2\u6570-1536x1536.jpg 1536w, https:\/\/www.delcofluid.com\/wp-content\/uploads\/2024\/07\/\u53c2\u6570-2048x2048.jpg 2048w, https:\/\/www.delcofluid.com\/wp-content\/uploads\/2024\/07\/\u53c2\u6570-600x600.jpg 600w, https:\/\/www.delcofluid.com\/wp-content\/uploads\/2024\/07\/\u53c2\u6570-100x100.jpg 100w\" sizes=\"(max-width: 1024px) 100vw, 1024px\" \/>\t\t\t\t\t\t\t\t\t\t\t\t\t\t\t<\/div>\n\t\t\t\t<\/div>\n\t\t\t\t\t<\/div>\n\t\t\t\t<\/div>\n\t\t<div class=\"elementor-element elementor-element-a55eeda e-flex e-con-boxed e-con e-parent\" data-id=\"a55eeda\" data-element_type=\"container\" data-e-type=\"container\" data-settings=\"{&quot;background_background&quot;:&quot;classic&quot;,&quot;ekit_has_onepagescroll_dot&quot;:&quot;yes&quot;}\">\n\t\t\t\t\t<div class=\"e-con-inner\">\n\t\t\t\t<div class=\"elementor-element elementor-element-585e9d9 elementor-widget elementor-widget-heading\" data-id=\"585e9d9\" data-element_type=\"widget\" data-e-type=\"widget\" data-settings=\"{&quot;ekit_we_effect_on&quot;:&quot;none&quot;}\" data-widget_type=\"heading.default\">\n\t\t\t\t<div class=\"elementor-widget-container\">\n\t\t\t\t\t<h2 class=\"elementor-heading-title elementor-size-default\">Th\u00f4ng s\u1ed1 k\u1ef9 thu\u1eadt<\/h2>\t\t\t\t<\/div>\n\t\t\t\t<\/div>\n\t\t\t\t\t<\/div>\n\t\t\t\t<\/div>\n\t\t<div class=\"elementor-element elementor-element-3414eb9 e-con-full e-flex e-con e-parent\" data-id=\"3414eb9\" data-element_type=\"container\" data-e-type=\"container\" data-settings=\"{&quot;background_background&quot;:&quot;classic&quot;,&quot;ekit_has_onepagescroll_dot&quot;:&quot;yes&quot;}\">\n\t\t\t\t<div class=\"elementor-element elementor-element-13df62f elementor-widget__width-initial elementor-widget elementor-widget-text-editor\" data-id=\"13df62f\" data-element_type=\"widget\" data-e-type=\"widget\" data-settings=\"{&quot;ekit_we_effect_on&quot;:&quot;none&quot;}\" data-widget_type=\"text-editor.default\">\n\t\t\t\t<div class=\"elementor-widget-container\">\n\t\t\t\t\t\t\t\t\t<table width=\"855\"><tbody><tr><td width=\"159\">K\u00edch th\u01b0\u1edbc c\u1ed5ng:<\/td><td width=\"205\">2\u2033 \u0111\u1ebfn 16\u2033<\/td><td width=\"146\">V\u1eadt li\u1ec7u:<\/td><td width=\"345\">Gang, Th\u00e9p \u0111\u00fac, Gang d\u1ebbo, Th\u00e9p kh\u00f4ng g\u1ec9<\/td><\/tr><tr><td width=\"159\">\u00c1p l\u1ef1c:<\/td><td>\u00a01,0 \u0111\u1ebfn 1,6MPa<\/td><td width=\"146\">\u0110\u1ecba \u0111i\u1ec3m giao h\u00e0ng:\u00a0<\/td><td width=\"345\">\u00a0Qu\u1ea3ng \u0110\u00f4ng, Trung Qu\u1ed1c<\/td><\/tr><tr><td width=\"159\">B\u1ea3o h\u00e0nh\uff1a<\/td><td width=\"205\">12 con b\u01b0\u1edbm \u0111\u00eam<\/td><td width=\"146\">Ch\u1ee9c n\u0103ng:<\/td><td width=\"345\">B\u00e1nh r\u0103ng th\u1ee7 c\u00f4ng \/ b\u00e1nh r\u0103ng tr\u1ee5c v\u00edt<\/td><\/tr><tr><td width=\"159\">\u0110\u0129a B\u01b0\u1edbm \uff1a<\/td><td width=\"205\">Th\u00e9p \u0111\u00fac, th\u00e9p kh\u00f4ng g\u1ec9 v\u00e0 v\u1eadt li\u1ec7u \u0111\u1eb7c bi\u1ec7t<\/td><td width=\"146\">Ph\u01b0\u01a1ng ti\u1ec7n truy\u1ec1n th\u00f4ng ph\u00f9 h\u1ee3p<\/td><td width=\"345\">\u00a0D\u1ea7u, n\u01b0\u1edbc, n\u01b0\u1edbc mu\u1ed1i, ki\u1ec1m, n\u01b0\u1edbc bi\u1ec3n, axit nitric, axit sunfuric, v.v.<\/td><\/tr><\/tbody><\/table>\t\t\t\t\t\t\t\t<\/div>\n\t\t\t\t<\/div>\n\t\t\t\t<\/div>\n\t\t<div class=\"elementor-element elementor-element-daef6c8 e-flex e-con-boxed e-con e-parent\" data-id=\"daef6c8\" data-element_type=\"container\" data-e-type=\"container\" data-settings=\"{&quot;ekit_has_onepagescroll_dot&quot;:&quot;yes&quot;}\">\n\t\t\t\t\t<div class=\"e-con-inner\">\n\t\t\t\t<div class=\"elementor-element elementor-element-52ddb61 elementor-widget elementor-widget-heading\" data-id=\"52ddb61\" data-element_type=\"widget\" data-e-type=\"widget\" data-settings=\"{&quot;ekit_we_effect_on&quot;:&quot;none&quot;}\" data-widget_type=\"heading.default\">\n\t\t\t\t<div class=\"elementor-widget-container\">\n\t\t\t\t\t<h2 class=\"elementor-heading-title elementor-size-default\">\u1ee8ng d\u1ee5ng<\/h2>\t\t\t\t<\/div>\n\t\t\t\t<\/div>\n\t\t\t\t<div class=\"elementor-element elementor-element-ac1034b elementor-widget elementor-widget-text-editor\" data-id=\"ac1034b\" data-element_type=\"widget\" data-e-type=\"widget\" data-settings=\"{&quot;ekit_we_effect_on&quot;:&quot;none&quot;}\" data-widget_type=\"text-editor.default\">\n\t\t\t\t<div class=\"elementor-widget-container\">\n\t\t\t\t\t\t\t\t\t<p>1. C\u00f4ng nghi\u1ec7p h\u00f3a ch\u1ea5t<br \/>Trong qu\u00e1 tr\u00ecnh s\u1ea3n xu\u1ea5t h\u00f3a ch\u1ea5t, van b\u01b0\u1edbm Lug \u0111\u01b0\u1ee3c s\u1eed d\u1ee5ng \u0111\u1ec3 \u0111i\u1ec1u ch\u1ec9nh v\u00e0 ch\u1eb7n d\u00f2ng ch\u1ea3y c\u1ee7a nhi\u1ec1u ch\u1ea5t \u0103n m\u00f2n kh\u00e1c nhau nh\u01b0 axit nitric, axit clohydric, axit sunfuric v\u00e0 x\u00fat, \u0111\u1ec3 \u0111\u1ea3m b\u1ea3o an to\u00e0n v\u00e0 hi\u1ec7u qu\u1ea3 c\u1ee7a qu\u00e1 tr\u00ecnh s\u1ea3n xu\u1ea5t.<\/p><p>2. Ng\u00e0nh c\u00f4ng nghi\u1ec7p h\u00f3a d\u1ea7u<br \/>Van b\u01b0\u1edbm Lug \u0111\u01b0\u1ee3c s\u1eed d\u1ee5ng trong qu\u00e1 tr\u00ecnh l\u1ecdc v\u00e0 ch\u1ebf bi\u1ebfn d\u1ea7u v\u00e0 kh\u00ed \u0111\u1ed1t t\u1ef1 nhi\u00ean, \u0111i\u1ec1u ch\u1ec9nh v\u00e0 ch\u1eb7n d\u00f2ng ch\u1ea3y c\u1ee7a d\u1ea7u, h\u01a1i n\u01b0\u1edbc, kh\u00f4ng kh\u00ed v\u00e0 kh\u00ed \u0111\u1ec3 n\u00e2ng cao hi\u1ec7u qu\u1ea3 s\u1ea3n xu\u1ea5t v\u00e0 an to\u00e0n.<\/p><p>3. Luy\u1ec7n kim<br \/>Van b\u01b0\u1edbm Lug \u0111\u01b0\u1ee3c s\u1eed d\u1ee5ng trong luy\u1ec7n kim lo\u1ea1i \u0111\u1ec3 \u0111i\u1ec1u ch\u1ec9nh v\u00e0 ch\u1eb7n h\u01a1i n\u01b0\u1edbc nhi\u1ec7t \u0111\u1ed9 cao, SO2 v\u00e0 c\u00e1c kh\u00ed kh\u00e1c \u0111\u1ec3 \u0111\u1ea3m b\u1ea3o qu\u00e1 tr\u00ecnh luy\u1ec7n kim di\u1ec5n ra \u1ed5n \u0111\u1ecbnh.<\/p><p>4. Ng\u00e0nh c\u00f4ng nghi\u1ec7p d\u01b0\u1ee3c ph\u1ea9m<br \/>Van b\u01b0\u1edbm Lug \u0111\u01b0\u1ee3c s\u1eed d\u1ee5ng \u0111\u1ec3 \u0111i\u1ec1u ch\u1ec9nh v\u00e0 ch\u1eb7n d\u00f2ng n\u01b0\u1edbc tinh khi\u1ebft, n\u01b0\u1edbc mu\u1ed1i, n\u01b0\u1edbc bi\u1ec3n v\u00e0 c\u00e1c m\u00f4i tr\u01b0\u1eddng kh\u00e1c trong qu\u00e1 tr\u00ecnh s\u1ea3n xu\u1ea5t d\u01b0\u1ee3c ph\u1ea9m nh\u1eb1m \u0111\u1ea3m b\u1ea3o \u0111\u1ed9 tinh khi\u1ebft v\u00e0 \u1ed5n \u0111\u1ecbnh c\u1ee7a qu\u00e1 tr\u00ecnh s\u1ea3n xu\u1ea5t thu\u1ed1c.<\/p><p>5. Ng\u00e0nh c\u00f4ng nghi\u1ec7p th\u1ef1c ph\u1ea9m<br \/>Trong ch\u1ebf bi\u1ebfn th\u1ef1c ph\u1ea9m, van b\u01b0\u1edbm \u0111\u01b0\u1ee3c s\u1eed d\u1ee5ng \u0111\u1ec3 \u0111i\u1ec1u ti\u1ebft v\u00e0 ch\u1eb7n d\u00f2ng n\u01b0\u1edbc, kh\u00f4ng kh\u00ed, CO2 v\u00e0 c\u00e1c ph\u01b0\u01a1ng ti\u1ec7n kh\u00e1c \u0111\u1ec3 \u0111\u1ea3m b\u1ea3o an to\u00e0n v\u00e0 v\u1ec7 sinh cho thi\u1ebft b\u1ecb s\u1ea3n xu\u1ea5t th\u1ef1c ph\u1ea9m.<\/p>\t\t\t\t\t\t\t\t<\/div>\n\t\t\t\t<\/div>\n\t\t\t\t\t<\/div>\n\t\t\t\t<\/div>\n\t\t\t\t<\/div>","protected":false},"excerpt":{"rendered":"<p>Van b\u01b0\u1edbm ki\u1ec3u Lug th\u1ee7 c\u00f4ng s\u1eed d\u1ee5ng bu l\u00f4ng \u0111\u1ea7u \u0111\u00f4i \u0111\u1ec3 k\u1ebft n\u1ed1i van gi\u1eefa hai m\u1eb7t b\u00edch \u1ed1ng, s\u1edf h\u1eefu nh\u1eefng \u01b0u \u0111i\u1ec3m \u0111\u00e1ng k\u1ec3 v\u1ec1 c\u1ea5u tr\u00fac \u0111\u01a1n gi\u1ea3n, k\u00edch th\u01b0\u1edbc nh\u1ecf g\u1ecdn v\u00e0 tr\u1ecdng l\u01b0\u1ee3ng nh\u1eb9, v\u1edbi to\u00e0n b\u1ed9 bao g\u1ed3m m\u1ed9t v\u00e0i th\u00e0nh ph\u1ea7n ch\u00ednh. Van b\u01b0\u1edbm \u00e1p d\u1ee5ng thi\u1ebft k\u1ebf \u0111\u01b0\u1eddng t\u00e2m v\u00e0 h\u1ed7 tr\u1ee3 nhi\u1ec1u ph\u01b0\u01a1ng ph\u00e1p l\u1eafp \u0111\u1eb7t kh\u00e1c nhau, ch\u1eb3ng h\u1ea1n nh\u01b0 k\u1eb9p, so le v\u00e0 lugs, l\u00fd t\u01b0\u1edfng \u0111\u1ec3 s\u1eed d\u1ee5ng \u1edf cu\u1ed1i \u0111\u01b0\u1eddng \u1ed1ng, m\u1ed9t v\u1ecb tr\u00ed th\u01b0\u1eddng kh\u00f4ng c\u00f3 m\u1eb7t b\u00edch th\u1ee9 hai \u0111\u1ec3 c\u1ed1 \u0111\u1ecbnh bu l\u00f4ng. Trong qu\u00e1 tr\u00ecnh l\u1eafp \u0111\u1eb7t, c\u00e1c m\u1eb7t b\u00edch \u1edf c\u1ea3 hai b\u00ean c\u1ee7a van \u0111\u01b0\u1ee3c c\u1ed1 \u0111\u1ecbnh ri\u00eang bi\u1ec7t b\u1eb1ng bu l\u00f4ng, gi\u00fap tr\u00e1nh t\u00e1c \u0111\u1ed9ng tr\u1ef1c ti\u1ebfp c\u1ee7a bu l\u00f4ng l\u00ean th\u00e2n van v\u00e0 b\u1ec1 m\u1eb7t l\u00e0m k\u00edn, \u0111\u1ed3ng th\u1eddi gi\u00fap k\u00e9o d\u00e0i tu\u1ed5i th\u1ecd c\u1ee7a ph\u1edbt.<br \/>\nC\u00e1c s\u1ea3n ph\u1ea9m van c\u1ee7a ch\u00fang t\u00f4i kh\u00f4ng ch\u1ec9 c\u00f3 kh\u1ea3 n\u0103ng ho\u00e1n \u0111\u1ed5i v\u00e0 th\u00edch \u1ee9ng tuy\u1ec7t v\u1eddi, c\u00f3 th\u1ec3 cung c\u1ea5p c\u00e1c gi\u1ea3i ph\u00e1p ti\u1ebft ki\u1ec7m chi ph\u00ed trong nhi\u1ec1u \u0111i\u1ec1u ki\u1ec7n l\u00e0m vi\u1ec7c kh\u00e1c nhau m\u00e0 m\u1ed7i van b\u01b0\u1edbm c\u00f2n c\u00f3 th\u1ec3 \u0111\u01b0\u1ee3c s\u1eed d\u1ee5ng k\u1ebft h\u1ee3p v\u1edbi b\u1ed9 truy\u1ec1n \u0111\u1ed9ng \u0111i\u1ec7n ho\u1eb7c kh\u00ed n\u00e9n, \u0111\u00e1p \u1ee9ng linh ho\u1ea1t c\u00e1c nhu c\u1ea7u truy\u1ec1n \u0111\u1ed9ng kh\u00e1c nhau.<\/p>\n<p><strong>Ng\u01b0\u1eddi m\u1eabu<\/strong>: LTD71X-Van b\u01b0\u1edbm lo\u1ea1i Lug th\u1ee7 c\u00f4ng<br \/>\n<strong>Ph\u1ea1m vi k\u00edch th\u01b0\u1edbc<\/strong>:2\u2033 \u0111\u1ebfn 16\u2033<br \/>\n<strong>Ph\u1ea1m vi \u00e1p su\u1ea5t<\/strong>: 1,0 \u0111\u1ebfn 1,6MPa<br \/>\n<strong>V\u1eadt li\u1ec7u<\/strong>: Gang, Th\u00e9p \u0111\u00fac, Gang d\u1ebbo, Th\u00e9p kh\u00f4ng g\u1ec9<\/p>","protected":false},"featured_media":7333,"template":"","meta":{"site-sidebar-layout":"default","site-content-layout":"","ast-site-content-layout":"default","site-content-style":"default","site-sidebar-style":"default","ast-global-header-display":"","ast-banner-title-visibility":"","ast-main-header-display":"","ast-hfb-above-header-display":"","ast-hfb-below-header-display":"","ast-hfb-mobile-header-display":"","site-post-title":"","ast-breadcrumbs-content":"","ast-featured-img":"","footer-sml-layout":"","ast-disable-related-posts":"","theme-transparent-header-meta":"default","adv-header-id-meta":"","stick-header-meta":"","header-above-stick-meta":"","header-main-stick-meta":"","header-below-stick-meta":"","astra-migrate-meta-layouts":"set","ast-page-background-enabled":"default","ast-page-background-meta":{"desktop":{"background-color":"var(--ast-global-color-4)","background-image":"","background-repeat":"repeat","background-position":"center center","background-size":"auto","background-attachment":"scroll","background-type":"","background-media":"","overlay-type":"","overlay-color":"","overlay-opacity":"","overlay-gradient":""},"tablet":{"background-color":"","background-image":"","background-repeat":"repeat","background-position":"center center","background-size":"auto","background-attachment":"scroll","background-type":"","background-media":"","overlay-type":"","overlay-color":"","overlay-opacity":"","overlay-gradient":""},"mobile":{"background-color":"","background-image":"","background-repeat":"repeat","background-position":"center center","background-size":"auto","background-attachment":"scroll","background-type":"","background-media":"","overlay-type":"","overlay-color":"","overlay-opacity":"","overlay-gradient":""}},"ast-content-background-meta":{"desktop":{"background-color":"var(--ast-global-color-5)","background-image":"","background-repeat":"repeat","background-position":"center center","background-size":"auto","background-attachment":"scroll","background-type":"","background-media":"","overlay-type":"","overlay-color":"","overlay-opacity":"","overlay-gradient":""},"tablet":{"background-color":"var(--ast-global-color-5)","background-image":"","background-repeat":"repeat","background-position":"center center","background-size":"auto","background-attachment":"scroll","background-type":"","background-media":"","overlay-type":"","overlay-color":"","overlay-opacity":"","overlay-gradient":""},"mobile":{"background-color":"var(--ast-global-color-5)","background-image":"","background-repeat":"repeat","background-position":"center center","background-size":"auto","background-attachment":"scroll","background-type":"","background-media":"","overlay-type":"","overlay-color":"","overlay-opacity":"","overlay-gradient":""}}},"product_brand":[],"product_cat":[706,116,33],"product_tag":[649,262,648,261,102,73,56],"class_list":{"0":"post-6271","1":"product","2":"type-product","3":"status-publish","4":"has-post-thumbnail","6":"product_cat-manual-butterfly-valve","7":"product_cat-manual-valves","8":"product_cat-products","9":"product_tag-butterfly-valve-with-handle","10":"product_tag-lug-type-butterfly-valve","11":"product_tag-manual-lug-type-butterfly-valve","12":"product_tag-manual-valve","13":"product_tag-manual-valves","14":"product_tag-valve","15":"product_tag-valves","16":"desktop-align-center","17":"tablet-align-left","18":"mobile-align-left","20":"first","21":"instock","22":"shipping-taxable","23":"product-type-simple"},"_links":{"self":[{"href":"https:\/\/www.delcofluid.com\/vi\/wp-json\/wp\/v2\/product\/6271","targetHints":{"allow":["GET"]}}],"collection":[{"href":"https:\/\/www.delcofluid.com\/vi\/wp-json\/wp\/v2\/product"}],"about":[{"href":"https:\/\/www.delcofluid.com\/vi\/wp-json\/wp\/v2\/types\/product"}],"version-history":[{"count":0,"href":"https:\/\/www.delcofluid.com\/vi\/wp-json\/wp\/v2\/product\/6271\/revisions"}],"wp:featuredmedia":[{"embeddable":true,"href":"https:\/\/www.delcofluid.com\/vi\/wp-json\/wp\/v2\/media\/7333"}],"wp:attachment":[{"href":"https:\/\/www.delcofluid.com\/vi\/wp-json\/wp\/v2\/media?parent=6271"}],"wp:term":[{"taxonomy":"product_brand","embeddable":true,"href":"https:\/\/www.delcofluid.com\/vi\/wp-json\/wp\/v2\/product_brand?post=6271"},{"taxonomy":"product_cat","embeddable":true,"href":"https:\/\/www.delcofluid.com\/vi\/wp-json\/wp\/v2\/product_cat?post=6271"},{"taxonomy":"product_tag","embeddable":true,"href":"https:\/\/www.delcofluid.com\/vi\/wp-json\/wp\/v2\/product_tag?post=6271"}],"curies":[{"name":"wp","href":"https:\/\/api.w.org\/{rel}","templated":true}]}}